{"id":29559,"date":"2025-09-05T16:56:01","date_gmt":"2025-09-05T14:56:01","guid":{"rendered":"https:\/\/blondeau.be\/?post_type=product&#038;p=29559"},"modified":"2025-09-08T08:55:48","modified_gmt":"2025-09-08T06:55:48","slug":"kromschroder-bio-bioa-biow-zio-ziow-copy-copy","status":"publish","type":"product","link":"https:\/\/blondeau.be\/fr\/produit\/kromschroder-bio-bioa-biow-zio-ziow-copy-copy\/","title":{"rendered":"Honeywell D\u00e9tection de flamme"},"content":{"rendered":"<p>Honeywell propose une large gamme de <strong data-start=\"253\" data-end=\"287\">solutions fixes de d\u00e9tection de flamme<\/strong> qui garantissent une s\u00e9curit\u00e9 maximale et la continuit\u00e9 des activit\u00e9s dans les environnements industriels pr\u00e9sentant des risques d&rsquo;incendie.<\/p>\n<p data-start=\"182\" data-end=\"686\">Le <strong data-start=\"185\" data-end=\"199\">FS24X Plus<\/strong> est un d\u00e9tecteur de flammes triple IR avanc\u00e9 qui utilise la technologie WideBand IR\u2122 de Honeywell. Il d\u00e9tecte rapidement et pr\u00e9cis\u00e9ment les flammes inflammables et d&rsquo;hydrog\u00e8ne, m\u00eame dans des conditions difficiles telles que la pluie, le brouillard ou la fum\u00e9e. L&rsquo;appareil est robuste, certifi\u00e9 SIL2, adapt\u00e9 aux applications marines et offre des fonctionnalit\u00e9s telles que les autotests automatiques, les diagnostics &lsquo;Window Clarity&rsquo;, l&rsquo;anneau d&rsquo;\u00e9tat LED (Halo), l&rsquo;enregistrement des donn\u00e9es (FirePics\u2122) et la communication via 4-20 mA, HART\u00ae et Modbus.  <\/p>\n<p data-start=\"688\" data-end=\"1270\">Le <strong data-start=\"691\" data-end=\"701\">FS10-R<\/strong> (Fire Sentry System 10-R) est sp\u00e9cialement con\u00e7u pour les installations de pulv\u00e9risation et de rev\u00eatement, avec un capteur \u00e9lectro-optique IR multi-spectral. Il se distingue par une r\u00e9ponse d&rsquo;alarme en deux \u00e9tapes : d&rsquo;abord une <em data-start=\"904\" data-end=\"911\">ALERTE<\/em> \u00e0 l&rsquo;apparition d&rsquo;une flamme (telle qu&rsquo;une \u00ab\u00a0boule de feu\u00a0\u00bb), suivie peu apr\u00e8s d&rsquo;une <em data-start=\"1000\" data-end=\"1012\">ALARME D&rsquo;INCENDIE<\/em> finale si la flamme persiste. Cette configuration minimise les fausses alarmes caus\u00e9es par les dommages caus\u00e9s par l&rsquo;arc \u00e9lectrique ou le brouillard de solvant. Le FS10-R est conforme \u00e0 la norme NFPA 33, fournit des autotests automatiques et stocke des instantan\u00e9s visuels (FirePics\u2122, SnapShot\u2122), et communique via RS-485.   <\/p>\n<p data-start=\"1272\" data-end=\"1718\">Le <strong data-start=\"1275\" data-end=\"1284\">FS20X<\/strong> combine les technologies UV, Dual-IR et VIS avec un capteur UV aveugle, assurant une d\u00e9tection rapide sur de longues distances avec un minimum de messages d&rsquo;erreur. Avec une port\u00e9e de d\u00e9tection de plus de 60 m pour une flamme de 0,1 m\u00b2, il est particuli\u00e8rement adapt\u00e9 aux environnements enfum\u00e9s ou pollu\u00e9s. Gr\u00e2ce \u00e0 un double microprocesseur, il offre un traitement fiable des donn\u00e9es, un enregistrement complet des donn\u00e9es et un autodiagnostic (y compris les \u00e9v\u00e9nements FirePic\u2122).  <\/p>\n<p data-start=\"1720\" data-end=\"2490\">La s\u00e9rie <strong data-start=\"1723\" data-end=\"1739\">FSL100<\/strong> est destin\u00e9e aux applications industrielles et commerciales l\u00e9g\u00e8res et comprend des mod\u00e8les dot\u00e9s des technologies de d\u00e9tection UV, UV\/IR et Triple IR (IR3). Ces d\u00e9tecteurs sont robustes, faciles \u00e0 installer et con\u00e7us pour \u00eatre utilis\u00e9s \u00e0 l&rsquo;int\u00e9rieur et \u00e0 l&rsquo;ext\u00e9rieur dans des environnements potentiellement explosifs (tels que la zone ATEX 2\/22). Ils reconnaissent les flammes d&rsquo;hydrocarbures et de non-hydrocarbures gr\u00e2ce \u00e0 une analyse avanc\u00e9e des signaux, disposent d&rsquo;un large angle de vision et r\u00e9agissent \u00e0 l&rsquo;incendie \u00e0 la vitesse de l&rsquo;\u00e9clair. La s\u00e9rie FSL100 est certifi\u00e9e EN54-10 et FM3260, dispose d&rsquo;un test automatique de sant\u00e9, d&rsquo;un test manuel via des lampes de test, et offre des sorties relais et 4-20 mA. Les mod\u00e8les de d\u00e9tection peuvent \u00eatre fournis avec un bo\u00eetier rouge ou blanc et des supports de montage rotatifs en option.    <\/p>\n","protected":false},"excerpt":{"rendered":"<p>Honeywell propose une large gamme de solutions fixes de d\u00e9tection de flamme qui garantissent une s\u00e9curit\u00e9 maximale et la continuit\u00e9 des activit\u00e9s dans les environnements industriels pr\u00e9sentant des risques d&rsquo;incendie. Le FS24X Plus est un d\u00e9tecteur de flammes triple IR avanc\u00e9 qui utilise la technologie WideBand IR\u2122 de Honeywell. Il d\u00e9tecte rapidement et pr\u00e9cis\u00e9ment les [&hellip;]<\/p>\n","protected":false},"featured_media":29562,"template":"","meta":{"_acf_changed":false},"product_brand":[],"product_cat":[319],"product_tag":[321],"class_list":{"0":"post-29559","1":"product","2":"type-product","3":"status-publish","4":"has-post-thumbnail","6":"product_cat-detection-de-flamme","7":"product_tag-detection-de-flamme","9":"first","10":"instock","11":"taxable","12":"shipping-taxable","13":"product-type-simple"},"acf":[],"yoast_head":"<!-- This site is optimized with the Yoast SEO plugin v26.8 - https:\/\/yoast.com\/product\/yoast-seo-wordpress\/ -->\n<title>Honeywell D\u00e9tection de flamme - Blondeau<\/title>\n<meta name=\"robots\" content=\"index, follow, max-snippet:-1, max-image-preview:large, max-video-preview:-1\" \/>\n<link rel=\"canonical\" href=\"https:\/\/blondeau.be\/fr\/produit\/kromschroder-bio-bioa-biow-zio-ziow-copy-copy\/\" \/>\n<meta property=\"og:locale\" content=\"fr_FR\" \/>\n<meta property=\"og:type\" content=\"article\" \/>\n<meta property=\"og:title\" content=\"Honeywell D\u00e9tection de flamme - Blondeau\" \/>\n<meta property=\"og:description\" content=\"Honeywell propose une large gamme de solutions fixes de d\u00e9tection de flamme qui garantissent une s\u00e9curit\u00e9 maximale et la continuit\u00e9 des activit\u00e9s dans les environnements industriels pr\u00e9sentant des risques d&rsquo;incendie. Le FS24X Plus est un d\u00e9tecteur de flammes triple IR avanc\u00e9 qui utilise la technologie WideBand IR\u2122 de Honeywell. Il d\u00e9tecte rapidement et pr\u00e9cis\u00e9ment les [&hellip;]\" \/>\n<meta property=\"og:url\" content=\"https:\/\/blondeau.be\/fr\/produit\/kromschroder-bio-bioa-biow-zio-ziow-copy-copy\/\" \/>\n<meta property=\"og:site_name\" content=\"Blondeau\" \/>\n<meta property=\"article:modified_time\" content=\"2025-09-08T06:55:48+00:00\" \/>\n<meta property=\"og:image\" content=\"https:\/\/blondeau.be\/wp-content\/uploads\/2025\/09\/vlamdetectie.jpg\" \/>\n\t<meta property=\"og:image:width\" content=\"573\" \/>\n\t<meta property=\"og:image:height\" content=\"509\" \/>\n\t<meta property=\"og:image:type\" content=\"image\/jpeg\" \/>\n<meta name=\"twitter:card\" content=\"summary_large_image\" \/>\n<meta name=\"twitter:label1\" content=\"Dur\u00e9e de lecture estim\u00e9e\" \/>\n\t<meta name=\"twitter:data1\" content=\"3 minutes\" \/>\n<script type=\"application\/ld+json\" class=\"yoast-schema-graph\">{\"@context\":\"https:\/\/schema.org\",\"@graph\":[{\"@type\":\"WebPage\",\"@id\":\"https:\/\/blondeau.be\/fr\/produit\/kromschroder-bio-bioa-biow-zio-ziow-copy-copy\/\",\"url\":\"https:\/\/blondeau.be\/fr\/produit\/kromschroder-bio-bioa-biow-zio-ziow-copy-copy\/\",\"name\":\"Honeywell D\u00e9tection de flamme - Blondeau\",\"isPartOf\":{\"@id\":\"https:\/\/blondeau.be\/fr\/#website\"},\"primaryImageOfPage\":{\"@id\":\"https:\/\/blondeau.be\/fr\/produit\/kromschroder-bio-bioa-biow-zio-ziow-copy-copy\/#primaryimage\"},\"image\":{\"@id\":\"https:\/\/blondeau.be\/fr\/produit\/kromschroder-bio-bioa-biow-zio-ziow-copy-copy\/#primaryimage\"},\"thumbnailUrl\":\"https:\/\/blondeau.be\/wp-content\/uploads\/2025\/09\/vlamdetectie.jpg\",\"datePublished\":\"2025-09-05T14:56:01+00:00\",\"dateModified\":\"2025-09-08T06:55:48+00:00\",\"breadcrumb\":{\"@id\":\"https:\/\/blondeau.be\/fr\/produit\/kromschroder-bio-bioa-biow-zio-ziow-copy-copy\/#breadcrumb\"},\"inLanguage\":\"fr-FR\",\"potentialAction\":[{\"@type\":\"ReadAction\",\"target\":[\"https:\/\/blondeau.be\/fr\/produit\/kromschroder-bio-bioa-biow-zio-ziow-copy-copy\/\"]}]},{\"@type\":\"ImageObject\",\"inLanguage\":\"fr-FR\",\"@id\":\"https:\/\/blondeau.be\/fr\/produit\/kromschroder-bio-bioa-biow-zio-ziow-copy-copy\/#primaryimage\",\"url\":\"https:\/\/blondeau.be\/wp-content\/uploads\/2025\/09\/vlamdetectie.jpg\",\"contentUrl\":\"https:\/\/blondeau.be\/wp-content\/uploads\/2025\/09\/vlamdetectie.jpg\",\"width\":573,\"height\":509},{\"@type\":\"BreadcrumbList\",\"@id\":\"https:\/\/blondeau.be\/fr\/produit\/kromschroder-bio-bioa-biow-zio-ziow-copy-copy\/#breadcrumb\",\"itemListElement\":[{\"@type\":\"ListItem\",\"position\":1,\"name\":\"Home\",\"item\":\"https:\/\/blondeau.be\/fr\/accueil\/\"},{\"@type\":\"ListItem\",\"position\":2,\"name\":\"Catalogue des produits\",\"item\":\"https:\/\/blondeau.be\/fr\/catalogue-des-produits\/\"},{\"@type\":\"ListItem\",\"position\":3,\"name\":\"Honeywell D\u00e9tection de flamme\"}]},{\"@type\":\"WebSite\",\"@id\":\"https:\/\/blondeau.be\/fr\/#website\",\"url\":\"https:\/\/blondeau.be\/fr\/\",\"name\":\"Blondeau\",\"description\":\"Industrial Heating\",\"publisher\":{\"@id\":\"https:\/\/blondeau.be\/fr\/#organization\"},\"potentialAction\":[{\"@type\":\"SearchAction\",\"target\":{\"@type\":\"EntryPoint\",\"urlTemplate\":\"https:\/\/blondeau.be\/fr\/?s={search_term_string}\"},\"query-input\":{\"@type\":\"PropertyValueSpecification\",\"valueRequired\":true,\"valueName\":\"search_term_string\"}}],\"inLanguage\":\"fr-FR\"},{\"@type\":\"Organization\",\"@id\":\"https:\/\/blondeau.be\/fr\/#organization\",\"name\":\"Blondeau\",\"url\":\"https:\/\/blondeau.be\/fr\/\",\"logo\":{\"@type\":\"ImageObject\",\"inLanguage\":\"fr-FR\",\"@id\":\"https:\/\/blondeau.be\/fr\/#\/schema\/logo\/image\/\",\"url\":\"https:\/\/blondeau.be\/wp-content\/uploads\/2025\/08\/Logo.jpg\",\"contentUrl\":\"https:\/\/blondeau.be\/wp-content\/uploads\/2025\/08\/Logo.jpg\",\"width\":600,\"height\":600,\"caption\":\"Blondeau\"},\"image\":{\"@id\":\"https:\/\/blondeau.be\/fr\/#\/schema\/logo\/image\/\"}}]}<\/script>\n<!-- \/ Yoast SEO plugin. -->","yoast_head_json":{"title":"Honeywell D\u00e9tection de flamme - Blondeau","robots":{"index":"index","follow":"follow","max-snippet":"max-snippet:-1","max-image-preview":"max-image-preview:large","max-video-preview":"max-video-preview:-1"},"canonical":"https:\/\/blondeau.be\/fr\/produit\/kromschroder-bio-bioa-biow-zio-ziow-copy-copy\/","og_locale":"fr_FR","og_type":"article","og_title":"Honeywell D\u00e9tection de flamme - Blondeau","og_description":"Honeywell propose une large gamme de solutions fixes de d\u00e9tection de flamme qui garantissent une s\u00e9curit\u00e9 maximale et la continuit\u00e9 des activit\u00e9s dans les environnements industriels pr\u00e9sentant des risques d&rsquo;incendie. Le FS24X Plus est un d\u00e9tecteur de flammes triple IR avanc\u00e9 qui utilise la technologie WideBand IR\u2122 de Honeywell. Il d\u00e9tecte rapidement et pr\u00e9cis\u00e9ment les [&hellip;]","og_url":"https:\/\/blondeau.be\/fr\/produit\/kromschroder-bio-bioa-biow-zio-ziow-copy-copy\/","og_site_name":"Blondeau","article_modified_time":"2025-09-08T06:55:48+00:00","og_image":[{"width":573,"height":509,"url":"https:\/\/blondeau.be\/wp-content\/uploads\/2025\/09\/vlamdetectie.jpg","type":"image\/jpeg"}],"twitter_card":"summary_large_image","twitter_misc":{"Dur\u00e9e de lecture estim\u00e9e":"3 minutes"},"schema":{"@context":"https:\/\/schema.org","@graph":[{"@type":"WebPage","@id":"https:\/\/blondeau.be\/fr\/produit\/kromschroder-bio-bioa-biow-zio-ziow-copy-copy\/","url":"https:\/\/blondeau.be\/fr\/produit\/kromschroder-bio-bioa-biow-zio-ziow-copy-copy\/","name":"Honeywell D\u00e9tection de flamme - Blondeau","isPartOf":{"@id":"https:\/\/blondeau.be\/fr\/#website"},"primaryImageOfPage":{"@id":"https:\/\/blondeau.be\/fr\/produit\/kromschroder-bio-bioa-biow-zio-ziow-copy-copy\/#primaryimage"},"image":{"@id":"https:\/\/blondeau.be\/fr\/produit\/kromschroder-bio-bioa-biow-zio-ziow-copy-copy\/#primaryimage"},"thumbnailUrl":"https:\/\/blondeau.be\/wp-content\/uploads\/2025\/09\/vlamdetectie.jpg","datePublished":"2025-09-05T14:56:01+00:00","dateModified":"2025-09-08T06:55:48+00:00","breadcrumb":{"@id":"https:\/\/blondeau.be\/fr\/produit\/kromschroder-bio-bioa-biow-zio-ziow-copy-copy\/#breadcrumb"},"inLanguage":"fr-FR","potentialAction":[{"@type":"ReadAction","target":["https:\/\/blondeau.be\/fr\/produit\/kromschroder-bio-bioa-biow-zio-ziow-copy-copy\/"]}]},{"@type":"ImageObject","inLanguage":"fr-FR","@id":"https:\/\/blondeau.be\/fr\/produit\/kromschroder-bio-bioa-biow-zio-ziow-copy-copy\/#primaryimage","url":"https:\/\/blondeau.be\/wp-content\/uploads\/2025\/09\/vlamdetectie.jpg","contentUrl":"https:\/\/blondeau.be\/wp-content\/uploads\/2025\/09\/vlamdetectie.jpg","width":573,"height":509},{"@type":"BreadcrumbList","@id":"https:\/\/blondeau.be\/fr\/produit\/kromschroder-bio-bioa-biow-zio-ziow-copy-copy\/#breadcrumb","itemListElement":[{"@type":"ListItem","position":1,"name":"Home","item":"https:\/\/blondeau.be\/fr\/accueil\/"},{"@type":"ListItem","position":2,"name":"Catalogue des produits","item":"https:\/\/blondeau.be\/fr\/catalogue-des-produits\/"},{"@type":"ListItem","position":3,"name":"Honeywell D\u00e9tection de flamme"}]},{"@type":"WebSite","@id":"https:\/\/blondeau.be\/fr\/#website","url":"https:\/\/blondeau.be\/fr\/","name":"Blondeau","description":"Industrial Heating","publisher":{"@id":"https:\/\/blondeau.be\/fr\/#organization"},"potentialAction":[{"@type":"SearchAction","target":{"@type":"EntryPoint","urlTemplate":"https:\/\/blondeau.be\/fr\/?s={search_term_string}"},"query-input":{"@type":"PropertyValueSpecification","valueRequired":true,"valueName":"search_term_string"}}],"inLanguage":"fr-FR"},{"@type":"Organization","@id":"https:\/\/blondeau.be\/fr\/#organization","name":"Blondeau","url":"https:\/\/blondeau.be\/fr\/","logo":{"@type":"ImageObject","inLanguage":"fr-FR","@id":"https:\/\/blondeau.be\/fr\/#\/schema\/logo\/image\/","url":"https:\/\/blondeau.be\/wp-content\/uploads\/2025\/08\/Logo.jpg","contentUrl":"https:\/\/blondeau.be\/wp-content\/uploads\/2025\/08\/Logo.jpg","width":600,"height":600,"caption":"Blondeau"},"image":{"@id":"https:\/\/blondeau.be\/fr\/#\/schema\/logo\/image\/"}}]}},"_links":{"self":[{"href":"https:\/\/blondeau.be\/fr\/wp-json\/wp\/v2\/product\/29559","targetHints":{"allow":["GET"]}}],"collection":[{"href":"https:\/\/blondeau.be\/fr\/wp-json\/wp\/v2\/product"}],"about":[{"href":"https:\/\/blondeau.be\/fr\/wp-json\/wp\/v2\/types\/product"}],"wp:featuredmedia":[{"embeddable":true,"href":"https:\/\/blondeau.be\/fr\/wp-json\/wp\/v2\/media\/29562"}],"wp:attachment":[{"href":"https:\/\/blondeau.be\/fr\/wp-json\/wp\/v2\/media?parent=29559"}],"wp:term":[{"taxonomy":"product_brand","embeddable":true,"href":"https:\/\/blondeau.be\/fr\/wp-json\/wp\/v2\/product_brand?post=29559"},{"taxonomy":"product_cat","embeddable":true,"href":"https:\/\/blondeau.be\/fr\/wp-json\/wp\/v2\/product_cat?post=29559"},{"taxonomy":"product_tag","embeddable":true,"href":"https:\/\/blondeau.be\/fr\/wp-json\/wp\/v2\/product_tag?post=29559"}],"curies":[{"name":"wp","href":"https:\/\/api.w.org\/{rel}","templated":true}]}}