{"id":29543,"date":"2025-09-05T16:15:32","date_gmt":"2025-09-05T14:15:32","guid":{"rendered":"https:\/\/blondeau.be\/?post_type=product&#038;p=29543"},"modified":"2025-09-08T09:00:09","modified_gmt":"2025-09-08T07:00:09","slug":"kromschroder-bio-bioa-biow-zio-ziow-copy","status":"publish","type":"product","link":"https:\/\/blondeau.be\/fr\/produit\/kromschroder-bio-bioa-biow-zio-ziow-copy\/","title":{"rendered":"Honeywell D\u00e9tection de gaz"},"content":{"rendered":"<p>Honeywell propose une gamme compl\u00e8te de syst\u00e8mes fixes de d\u00e9tection de gaz con\u00e7us pour prot\u00e9ger les personnes, les installations et les processus contre les risques pos\u00e9s par les gaz inflammables, toxiques et \u00e0 faible teneur en oxyg\u00e8ne. Avec plus de 50 ans d&rsquo;exp\u00e9rience dans la d\u00e9tection des gaz industriels, Honeywell fournit des solutions innovantes, fiables et durables qui sont d\u00e9ploy\u00e9es dans le monde entier dans les environnements les plus exigeants. <\/p>\n<p><strong>Searchpoint Optima Plus<\/strong> est un d\u00e9tecteur ponctuel infrarouge robuste pour les gaz combustibles, connu pour sa grande fiabilit\u00e9, sa r\u00e9ponse rapide et sa durabilit\u00e9, m\u00eame dans les environnements industriels difficiles.<\/p>\n<p><strong>Searchline Excel<\/strong> (Plus et Edge) est un d\u00e9tecteur d&rsquo;hydrocarbures \u00e0 infrarouge \u00e0 trajectoire ouverte, id\u00e9al pour surveiller de vastes zones ouvertes. La version Plus a une port\u00e9e d&rsquo;environ 120 m\u00e8tres, tandis que la version Edge offre une d\u00e9tection jusqu&rsquo;\u00e0 330 m\u00e8tres, avec une technologie avanc\u00e9e pour \u00e9viter les interf\u00e9rences dues au brouillard ou \u00e0 la pluie. <\/p>\n<p>Le <strong>transmetteur universel XNX<\/strong> est un transmetteur polyvalent et modulaire compatible avec pratiquement tous les capteurs Honeywell. Il prend en charge diverses technologies de d\u00e9tection telles que l&rsquo;infrarouge, la catalyse et l&rsquo;\u00e9lectrochimie et offre des options de communication \u00e9tendues telles que 4-20 mA, HART, Modbus et Fieldbus. <\/p>\n<p>Le <strong>Sensepoint XCD<\/strong> est un d\u00e9tecteur de gaz tout-en-un avec \u00e9cran LCD int\u00e9gr\u00e9, con\u00e7u pour les gaz inflammables, toxiques et l&rsquo;oxyg\u00e8ne. L&rsquo;\u00e9talonnage non invasif et les capteurs enfichables facilitent l&rsquo;installation et la maintenance. Les variantes <strong>XCD RFD<\/strong> et <strong>XCD RTD<\/strong> permettent une surveillance et une d\u00e9tection \u00e0 distance, id\u00e9ales pour les zones difficiles d&rsquo;acc\u00e8s.  <\/p>\n<p><strong>Searchzone Sonik<\/strong> est un d\u00e9tecteur de fuites de gaz \u00e0 ultrasons qui d\u00e9tecte les fuites de gaz en analysant les ondes sonores. Cela le rend particuli\u00e8rement adapt\u00e9 aux environnements industriels bruyants et \u00e9vite les fausses alertes. <\/p>\n<p><strong>Midas-M<\/strong> est un d\u00e9tecteur multigaz extractif qui aspire l&rsquo;air par le biais d&rsquo;un syst\u00e8me d&rsquo;aspiration pour d\u00e9tecter jusqu&rsquo;\u00e0 30 gaz diff\u00e9rents. Gr\u00e2ce \u00e0 ses cartouches de capteurs modulaires, le Midas-M est facile \u00e0 entretenir et peut \u00eatre surveill\u00e9 \u00e0 la fois localement et \u00e0 distance. <\/p>\n<p><strong>RAEGuard 2 PID<\/strong> est un d\u00e9tecteur \u00e0 photo-ionisation (PID) fixe destin\u00e9 \u00e0 mesurer les compos\u00e9s organiques volatils (COV). Le capteur r\u00e9agit rapidement, est facile \u00e0 entretenir et peut r\u00e9sister \u00e0 des conditions environnementales difficiles telles qu&rsquo;une humidit\u00e9 \u00e9lev\u00e9e. <\/p>\n<p>Les <strong>s\u00e9ries 3000 Mk II et Mk III<\/strong> sont des transmetteurs compacts pour la d\u00e9tection des gaz toxiques et de l&rsquo;oxyg\u00e8ne. Ils sont disponibles en version antid\u00e9flagrante ou \u00e0 s\u00e9curit\u00e9 intrins\u00e8que et sont faciles \u00e0 \u00e9talonner \u00e0 l&rsquo;aide d&rsquo;un stylo magn\u00e9tique. <\/p>\n<p>Le <strong>SPM Flex<\/strong> utilise la technologie \u00e9prouv\u00e9e de la Chemcassette et est con\u00e7u pour la d\u00e9tection de gaz dangereux sp\u00e9cifiques tels que les hydrures, les oxydants, les acides et les amines. Le d\u00e9tecteur offre une signalisation visuelle claire, des sorties \u00e9tendues et une grande pr\u00e9cision de mesure. <\/p>\n<p><strong>Touchpoint Plus<\/strong> est un contr\u00f4leur de gaz \u00e0 \u00e9cran tactile convivial qui convient pour un maximum de 16 d\u00e9tecteurs de gaz. Pour les applications plus complexes, il existe <strong>Touchpoint Pro<\/strong>, un syst\u00e8me modulaire facilement extensible et certifi\u00e9 SIL2. <\/p>\n<p><strong>OELD<\/strong> (Optima Excel Local Display) est une bo\u00eete de jonction intelligente avec \u00e9cran LCD int\u00e9gr\u00e9 et indicateur d&rsquo;\u00e9tat LED, con\u00e7ue pour fonctionner avec Searchpoint Optima Plus ou Searchline Excel. Gr\u00e2ce \u00e0 la connectivit\u00e9 Bluetooth, l&rsquo;OELD peut \u00eatre facilement configur\u00e9 et entretenu sans ouvrir le bo\u00eetier. <\/p>\n<p>En outre, d&rsquo;autres solutions telles que <strong>Sensepoint Safe Area XCD<\/strong>, <strong>Signalpoint<\/strong> et la <strong>s\u00e9rie 705 HT<\/strong> offrent une d\u00e9tection abordable et fiable pour des applications sp\u00e9cifiques, y compris les zones \u00e0 haute temp\u00e9rature et les installations int\u00e9rieures.<\/p>\n<p><strong>RAEGuard 3<\/strong> est un d\u00e9tecteur de gaz solides avanc\u00e9 pour les gaz toxiques, inflammables et l&rsquo;oxyg\u00e8ne. Dot\u00e9 d&rsquo;un transmetteur universel, il prend en charge les capteurs NDIR, catalytiques et \u00e9lectrochimiques. Il offre une longue dur\u00e9e de vie (&gt;5 ans), une grande r\u00e9sistance \u00e0 la contamination, une communication Bluetooth et Modbus, des options d&rsquo;alarme visuelle et sonore et convient aux environnements difficiles (IP66\/67, SIL2).  <\/p>\n<p><strong>Le Sensepoint XRL<\/strong> est un d\u00e9tecteur de gaz \u00e0 point fixe (combustible ou toxique) con\u00e7u pour une installation et un fonctionnement faciles via une application pour smartphone (Bluetooth Low Energy). L&rsquo;application vous permet de configurer les d\u00e9tecteurs, de les calibrer, de les tester et de g\u00e9n\u00e9rer des rapports, le tout sans fil. L&rsquo;appareil offre un choix de sortie 4-20 mA ou Modbus, un anneau d&rsquo;\u00e9tat LED lumineux, un bo\u00eetier robuste (IP66\/NEMA 4X) et est disponible avec diff\u00e9rentes options de gaz telles que CO, H\u2082S, O\u2082 et les gaz inflammables.  <\/p>\n<p>L&rsquo;<strong>OmniPoint\u2122<\/strong> est un transmetteur de gaz universel d\u00e9velopp\u00e9 pour les applications dans les environnements dangereux. Il prend en charge jusqu&rsquo;\u00e0 <strong>trois capteurs<\/strong> &#8211; notamment pour les gaz toxiques, l&rsquo;oxyg\u00e8ne et les gaz inflammables &#8211; avec des technologies comprenant des capteurs catalytiques, \u00e9lectrochimiques et infrarouges. <\/p>\n","protected":false},"excerpt":{"rendered":"<p>Honeywell propose une gamme compl\u00e8te de syst\u00e8mes fixes de d\u00e9tection de gaz con\u00e7us pour prot\u00e9ger les personnes, les installations et les processus contre les risques pos\u00e9s par les gaz inflammables, toxiques et \u00e0 faible teneur en oxyg\u00e8ne. Avec plus de 50 ans d&rsquo;exp\u00e9rience dans la d\u00e9tection des gaz industriels, Honeywell fournit des solutions innovantes, fiables [&hellip;]<\/p>\n","protected":false},"featured_media":29546,"template":"","meta":{"_acf_changed":false},"product_brand":[],"product_cat":[494],"product_tag":[495],"class_list":{"0":"post-29543","1":"product","2":"type-product","3":"status-publish","4":"has-post-thumbnail","6":"product_cat-detection-de-gaz","7":"product_tag-detection-de-gaz","9":"first","10":"instock","11":"taxable","12":"shipping-taxable","13":"product-type-simple"},"acf":[],"yoast_head":"<!-- This site is optimized with the Yoast SEO plugin v26.8 - https:\/\/yoast.com\/product\/yoast-seo-wordpress\/ -->\n<title>Honeywell D\u00e9tection de gaz - Blondeau<\/title>\n<meta name=\"robots\" content=\"index, follow, max-snippet:-1, max-image-preview:large, max-video-preview:-1\" \/>\n<link rel=\"canonical\" href=\"https:\/\/blondeau.be\/fr\/produit\/kromschroder-bio-bioa-biow-zio-ziow-copy\/\" \/>\n<meta property=\"og:locale\" content=\"fr_FR\" \/>\n<meta property=\"og:type\" content=\"article\" \/>\n<meta property=\"og:title\" content=\"Honeywell D\u00e9tection de gaz - Blondeau\" \/>\n<meta property=\"og:description\" content=\"Honeywell propose une gamme compl\u00e8te de syst\u00e8mes fixes de d\u00e9tection de gaz con\u00e7us pour prot\u00e9ger les personnes, les installations et les processus contre les risques pos\u00e9s par les gaz inflammables, toxiques et \u00e0 faible teneur en oxyg\u00e8ne. Avec plus de 50 ans d&rsquo;exp\u00e9rience dans la d\u00e9tection des gaz industriels, Honeywell fournit des solutions innovantes, fiables [&hellip;]\" \/>\n<meta property=\"og:url\" content=\"https:\/\/blondeau.be\/fr\/produit\/kromschroder-bio-bioa-biow-zio-ziow-copy\/\" \/>\n<meta property=\"og:site_name\" content=\"Blondeau\" \/>\n<meta property=\"article:modified_time\" content=\"2025-09-08T07:00:09+00:00\" \/>\n<meta property=\"og:image\" content=\"https:\/\/blondeau.be\/wp-content\/uploads\/2025\/09\/Gas-detection.jpg\" \/>\n\t<meta property=\"og:image:width\" content=\"1079\" \/>\n\t<meta property=\"og:image:height\" content=\"736\" \/>\n\t<meta property=\"og:image:type\" content=\"image\/jpeg\" \/>\n<meta name=\"twitter:card\" content=\"summary_large_image\" \/>\n<meta name=\"twitter:label1\" content=\"Dur\u00e9e de lecture estim\u00e9e\" \/>\n\t<meta name=\"twitter:data1\" content=\"4 minutes\" \/>\n<script type=\"application\/ld+json\" class=\"yoast-schema-graph\">{\"@context\":\"https:\/\/schema.org\",\"@graph\":[{\"@type\":\"WebPage\",\"@id\":\"https:\/\/blondeau.be\/fr\/produit\/kromschroder-bio-bioa-biow-zio-ziow-copy\/\",\"url\":\"https:\/\/blondeau.be\/fr\/produit\/kromschroder-bio-bioa-biow-zio-ziow-copy\/\",\"name\":\"Honeywell D\u00e9tection de gaz - Blondeau\",\"isPartOf\":{\"@id\":\"https:\/\/blondeau.be\/fr\/#website\"},\"primaryImageOfPage\":{\"@id\":\"https:\/\/blondeau.be\/fr\/produit\/kromschroder-bio-bioa-biow-zio-ziow-copy\/#primaryimage\"},\"image\":{\"@id\":\"https:\/\/blondeau.be\/fr\/produit\/kromschroder-bio-bioa-biow-zio-ziow-copy\/#primaryimage\"},\"thumbnailUrl\":\"https:\/\/blondeau.be\/wp-content\/uploads\/2025\/09\/Gas-detection.jpg\",\"datePublished\":\"2025-09-05T14:15:32+00:00\",\"dateModified\":\"2025-09-08T07:00:09+00:00\",\"breadcrumb\":{\"@id\":\"https:\/\/blondeau.be\/fr\/produit\/kromschroder-bio-bioa-biow-zio-ziow-copy\/#breadcrumb\"},\"inLanguage\":\"fr-FR\",\"potentialAction\":[{\"@type\":\"ReadAction\",\"target\":[\"https:\/\/blondeau.be\/fr\/produit\/kromschroder-bio-bioa-biow-zio-ziow-copy\/\"]}]},{\"@type\":\"ImageObject\",\"inLanguage\":\"fr-FR\",\"@id\":\"https:\/\/blondeau.be\/fr\/produit\/kromschroder-bio-bioa-biow-zio-ziow-copy\/#primaryimage\",\"url\":\"https:\/\/blondeau.be\/wp-content\/uploads\/2025\/09\/Gas-detection.jpg\",\"contentUrl\":\"https:\/\/blondeau.be\/wp-content\/uploads\/2025\/09\/Gas-detection.jpg\",\"width\":1079,\"height\":736},{\"@type\":\"BreadcrumbList\",\"@id\":\"https:\/\/blondeau.be\/fr\/produit\/kromschroder-bio-bioa-biow-zio-ziow-copy\/#breadcrumb\",\"itemListElement\":[{\"@type\":\"ListItem\",\"position\":1,\"name\":\"Home\",\"item\":\"https:\/\/blondeau.be\/fr\/accueil\/\"},{\"@type\":\"ListItem\",\"position\":2,\"name\":\"Catalogue des produits\",\"item\":\"https:\/\/blondeau.be\/fr\/catalogue-des-produits\/\"},{\"@type\":\"ListItem\",\"position\":3,\"name\":\"Honeywell D\u00e9tection de gaz\"}]},{\"@type\":\"WebSite\",\"@id\":\"https:\/\/blondeau.be\/fr\/#website\",\"url\":\"https:\/\/blondeau.be\/fr\/\",\"name\":\"Blondeau\",\"description\":\"Industrial Heating\",\"publisher\":{\"@id\":\"https:\/\/blondeau.be\/fr\/#organization\"},\"potentialAction\":[{\"@type\":\"SearchAction\",\"target\":{\"@type\":\"EntryPoint\",\"urlTemplate\":\"https:\/\/blondeau.be\/fr\/?s={search_term_string}\"},\"query-input\":{\"@type\":\"PropertyValueSpecification\",\"valueRequired\":true,\"valueName\":\"search_term_string\"}}],\"inLanguage\":\"fr-FR\"},{\"@type\":\"Organization\",\"@id\":\"https:\/\/blondeau.be\/fr\/#organization\",\"name\":\"Blondeau\",\"url\":\"https:\/\/blondeau.be\/fr\/\",\"logo\":{\"@type\":\"ImageObject\",\"inLanguage\":\"fr-FR\",\"@id\":\"https:\/\/blondeau.be\/fr\/#\/schema\/logo\/image\/\",\"url\":\"https:\/\/blondeau.be\/wp-content\/uploads\/2025\/08\/Logo.jpg\",\"contentUrl\":\"https:\/\/blondeau.be\/wp-content\/uploads\/2025\/08\/Logo.jpg\",\"width\":600,\"height\":600,\"caption\":\"Blondeau\"},\"image\":{\"@id\":\"https:\/\/blondeau.be\/fr\/#\/schema\/logo\/image\/\"}}]}<\/script>\n<!-- \/ Yoast SEO plugin. -->","yoast_head_json":{"title":"Honeywell D\u00e9tection de gaz - Blondeau","robots":{"index":"index","follow":"follow","max-snippet":"max-snippet:-1","max-image-preview":"max-image-preview:large","max-video-preview":"max-video-preview:-1"},"canonical":"https:\/\/blondeau.be\/fr\/produit\/kromschroder-bio-bioa-biow-zio-ziow-copy\/","og_locale":"fr_FR","og_type":"article","og_title":"Honeywell D\u00e9tection de gaz - Blondeau","og_description":"Honeywell propose une gamme compl\u00e8te de syst\u00e8mes fixes de d\u00e9tection de gaz con\u00e7us pour prot\u00e9ger les personnes, les installations et les processus contre les risques pos\u00e9s par les gaz inflammables, toxiques et \u00e0 faible teneur en oxyg\u00e8ne. Avec plus de 50 ans d&rsquo;exp\u00e9rience dans la d\u00e9tection des gaz industriels, Honeywell fournit des solutions innovantes, fiables [&hellip;]","og_url":"https:\/\/blondeau.be\/fr\/produit\/kromschroder-bio-bioa-biow-zio-ziow-copy\/","og_site_name":"Blondeau","article_modified_time":"2025-09-08T07:00:09+00:00","og_image":[{"width":1079,"height":736,"url":"https:\/\/blondeau.be\/wp-content\/uploads\/2025\/09\/Gas-detection.jpg","type":"image\/jpeg"}],"twitter_card":"summary_large_image","twitter_misc":{"Dur\u00e9e de lecture estim\u00e9e":"4 minutes"},"schema":{"@context":"https:\/\/schema.org","@graph":[{"@type":"WebPage","@id":"https:\/\/blondeau.be\/fr\/produit\/kromschroder-bio-bioa-biow-zio-ziow-copy\/","url":"https:\/\/blondeau.be\/fr\/produit\/kromschroder-bio-bioa-biow-zio-ziow-copy\/","name":"Honeywell D\u00e9tection de gaz - Blondeau","isPartOf":{"@id":"https:\/\/blondeau.be\/fr\/#website"},"primaryImageOfPage":{"@id":"https:\/\/blondeau.be\/fr\/produit\/kromschroder-bio-bioa-biow-zio-ziow-copy\/#primaryimage"},"image":{"@id":"https:\/\/blondeau.be\/fr\/produit\/kromschroder-bio-bioa-biow-zio-ziow-copy\/#primaryimage"},"thumbnailUrl":"https:\/\/blondeau.be\/wp-content\/uploads\/2025\/09\/Gas-detection.jpg","datePublished":"2025-09-05T14:15:32+00:00","dateModified":"2025-09-08T07:00:09+00:00","breadcrumb":{"@id":"https:\/\/blondeau.be\/fr\/produit\/kromschroder-bio-bioa-biow-zio-ziow-copy\/#breadcrumb"},"inLanguage":"fr-FR","potentialAction":[{"@type":"ReadAction","target":["https:\/\/blondeau.be\/fr\/produit\/kromschroder-bio-bioa-biow-zio-ziow-copy\/"]}]},{"@type":"ImageObject","inLanguage":"fr-FR","@id":"https:\/\/blondeau.be\/fr\/produit\/kromschroder-bio-bioa-biow-zio-ziow-copy\/#primaryimage","url":"https:\/\/blondeau.be\/wp-content\/uploads\/2025\/09\/Gas-detection.jpg","contentUrl":"https:\/\/blondeau.be\/wp-content\/uploads\/2025\/09\/Gas-detection.jpg","width":1079,"height":736},{"@type":"BreadcrumbList","@id":"https:\/\/blondeau.be\/fr\/produit\/kromschroder-bio-bioa-biow-zio-ziow-copy\/#breadcrumb","itemListElement":[{"@type":"ListItem","position":1,"name":"Home","item":"https:\/\/blondeau.be\/fr\/accueil\/"},{"@type":"ListItem","position":2,"name":"Catalogue des produits","item":"https:\/\/blondeau.be\/fr\/catalogue-des-produits\/"},{"@type":"ListItem","position":3,"name":"Honeywell D\u00e9tection de gaz"}]},{"@type":"WebSite","@id":"https:\/\/blondeau.be\/fr\/#website","url":"https:\/\/blondeau.be\/fr\/","name":"Blondeau","description":"Industrial Heating","publisher":{"@id":"https:\/\/blondeau.be\/fr\/#organization"},"potentialAction":[{"@type":"SearchAction","target":{"@type":"EntryPoint","urlTemplate":"https:\/\/blondeau.be\/fr\/?s={search_term_string}"},"query-input":{"@type":"PropertyValueSpecification","valueRequired":true,"valueName":"search_term_string"}}],"inLanguage":"fr-FR"},{"@type":"Organization","@id":"https:\/\/blondeau.be\/fr\/#organization","name":"Blondeau","url":"https:\/\/blondeau.be\/fr\/","logo":{"@type":"ImageObject","inLanguage":"fr-FR","@id":"https:\/\/blondeau.be\/fr\/#\/schema\/logo\/image\/","url":"https:\/\/blondeau.be\/wp-content\/uploads\/2025\/08\/Logo.jpg","contentUrl":"https:\/\/blondeau.be\/wp-content\/uploads\/2025\/08\/Logo.jpg","width":600,"height":600,"caption":"Blondeau"},"image":{"@id":"https:\/\/blondeau.be\/fr\/#\/schema\/logo\/image\/"}}]}},"_links":{"self":[{"href":"https:\/\/blondeau.be\/fr\/wp-json\/wp\/v2\/product\/29543","targetHints":{"allow":["GET"]}}],"collection":[{"href":"https:\/\/blondeau.be\/fr\/wp-json\/wp\/v2\/product"}],"about":[{"href":"https:\/\/blondeau.be\/fr\/wp-json\/wp\/v2\/types\/product"}],"wp:featuredmedia":[{"embeddable":true,"href":"https:\/\/blondeau.be\/fr\/wp-json\/wp\/v2\/media\/29546"}],"wp:attachment":[{"href":"https:\/\/blondeau.be\/fr\/wp-json\/wp\/v2\/media?parent=29543"}],"wp:term":[{"taxonomy":"product_brand","embeddable":true,"href":"https:\/\/blondeau.be\/fr\/wp-json\/wp\/v2\/product_brand?post=29543"},{"taxonomy":"product_cat","embeddable":true,"href":"https:\/\/blondeau.be\/fr\/wp-json\/wp\/v2\/product_cat?post=29543"},{"taxonomy":"product_tag","embeddable":true,"href":"https:\/\/blondeau.be\/fr\/wp-json\/wp\/v2\/product_tag?post=29543"}],"curies":[{"name":"wp","href":"https:\/\/api.w.org\/{rel}","templated":true}]}}