{"id":29513,"date":"2025-09-04T16:34:11","date_gmt":"2025-09-04T14:34:11","guid":{"rendered":"https:\/\/blondeau.be\/?post_type=product&#038;p=29513"},"modified":"2025-09-04T17:31:30","modified_gmt":"2025-09-04T15:31:30","slug":"manifolds-smartline-copy-copy","status":"publish","type":"product","link":"https:\/\/blondeau.be\/fr\/produit\/manifolds-smartline-copy-copy\/","title":{"rendered":"A\u00e9rothermes"},"content":{"rendered":"<p data-start=\"208\" data-end=\"545\">Les a\u00e9rothermes \u00e0 gaz constituent une solution puissante et efficace pour le chauffage des grands b\u00e2timents industriels et commerciaux. Gr\u00e2ce \u00e0 leur conception robuste et \u00e0 leurs performances \u00e9lev\u00e9es, ils assurent un chauffage rapide et homog\u00e8ne, m\u00eame dans les pi\u00e8ces o\u00f9 le volume d&rsquo;air est important, l&rsquo;isolation limit\u00e9e ou le renouvellement d&rsquo;air important.<\/p>\n<p data-start=\"547\" data-end=\"922\">L&rsquo;air froid est aspir\u00e9, r\u00e9chauff\u00e9 par un \u00e9changeur de chaleur, puis r\u00e9inject\u00e9 avec force dans la pi\u00e8ce, ramenant rapidement le climat int\u00e9rieur \u00e0 un niveau confortable. Gr\u00e2ce \u00e0 leur flexibilit\u00e9, les a\u00e9rothermes \u00e0 gaz peuvent \u00eatre utilis\u00e9s dans une grande vari\u00e9t\u00e9 d&rsquo;applications, telles que les halls de production, les entrep\u00f4ts, les salles de sport, les centres logistiques et les grands espaces commerciaux.<\/p>\n<p data-start=\"924\" data-end=\"1154\">Gr\u00e2ce \u00e0 leur efficacit\u00e9 \u00e9nerg\u00e9tique, \u00e0 leur fonctionnement fiable et \u00e0 leur facilit\u00e9 d&rsquo;installation, les a\u00e9rothermes \u00e0 gaz constituent un investissement durable pour les entreprises qui souhaitent chauffer confortablement et r\u00e9guli\u00e8rement de grands b\u00e2timents.<\/p>\n<ul>\n<li>A\u00e9rothermes \u00e0 gaz MH, MC &amp; MV\n<ul>\n<li>Unit\u00e9s de chauffage au gaz tr\u00e8s performantes, de conception ferm\u00e9e, disponibles avec des ventilateurs axiaux (MH), des ventilateurs centrifuges (MC) ou en tant qu&rsquo;unit\u00e9s de plafond \u00e0 d\u00e9charge verticale (MV). Id\u00e9al pour chauffer efficacement et uniform\u00e9ment des pi\u00e8ces de taille moyenne \u00e0 grande.<\/li>\n<\/ul>\n<\/li>\n<li>G\u00e9n\u00e9rateurs d&rsquo;air chaud \u00e0 condensation\n<ul>\n<li>Unit\u00e9s de chauffage au gaz de pointe, de conception ferm\u00e9e, \u00e9quip\u00e9es de ventilateurs axiaux et dot\u00e9es de la technologie de condensation. Avec un rendement allant jusqu&rsquo;\u00e0 108 %, ces appareils offrent une efficacit\u00e9 \u00e9nerg\u00e9tique maximale et une distribution optimale de la chaleur.<\/li>\n<\/ul>\n<\/li>\n<li>G\u00e9n\u00e9rateurs d&rsquo;air chaud AEC\n<ul>\n<li>Radiateurs soufflants compacts et efficaces fonctionnant \u00e0 l&rsquo;eau chaude et \u00e9quip\u00e9s de ventilateurs axiaux. Con\u00e7us pour une \u00e9vacuation horizontale ou verticale, ils sont id\u00e9aux pour les applications industrielles et commerciales.<\/li>\n<\/ul>\n<\/li>\n<li>Rideaux d&rsquo;air chaud \u00e0 gaz MRA-H\n<ul>\n<li>Rideaux d&rsquo;air robustes aliment\u00e9s au gaz, de conception ferm\u00e9e, \u00e9quip\u00e9s de ventilateurs axiaux \u00e0 d\u00e9charge verticale. Parfaits pour r\u00e9duire les pertes de chaleur et maintenir un climat int\u00e9rieur confortable dans les entr\u00e9es ou les passages.<\/li>\n<\/ul>\n<\/li>\n<li>Chauffages \u00e9lectriques \u00e0 ventilateur\n<ul>\n<li>Des radiateurs \u00e0 ventilateurs axiaux pratiques et fiables, adapt\u00e9s aux applications o\u00f9 le gaz n&rsquo;est pas disponible ou lorsque le chauffage \u00e9lectrique est pr\u00e9f\u00e9rable.<\/li>\n<\/ul>\n<\/li>\n<li>D\u00e9stratificateurs CA\n<ul>\n<li>Des syst\u00e8mes efficaces qui soufflent l&rsquo;air chaud stock\u00e9 sous le toit. Cela garantit une distribution uniforme de la temp\u00e9rature et r\u00e9duit les pertes de chaleur, ce qui contribue \u00e0 r\u00e9duire la consommation d&rsquo;\u00e9nergie.<\/li>\n<\/ul>\n<\/li>\n<\/ul>\n","protected":false},"excerpt":{"rendered":"<p>Les a\u00e9rothermes \u00e0 gaz constituent une solution puissante et efficace pour le chauffage des grands b\u00e2timents industriels et commerciaux. Gr\u00e2ce \u00e0 leur conception robuste et \u00e0 leurs performances \u00e9lev\u00e9es, ils assurent un chauffage rapide et homog\u00e8ne, m\u00eame dans les pi\u00e8ces o\u00f9 le volume d&rsquo;air est important, l&rsquo;isolation limit\u00e9e ou le renouvellement d&rsquo;air important. L&rsquo;air froid [&hellip;]<\/p>\n","protected":false},"featured_media":29527,"template":"","meta":{"_acf_changed":false},"product_brand":[],"product_cat":[489],"product_tag":[],"class_list":{"0":"post-29513","1":"product","2":"type-product","3":"status-publish","4":"has-post-thumbnail","6":"product_cat-solaronics-fr","8":"first","9":"instock","10":"taxable","11":"shipping-taxable","12":"product-type-simple"},"acf":[],"yoast_head":"<!-- This site is optimized with the Yoast SEO plugin v26.8 - https:\/\/yoast.com\/product\/yoast-seo-wordpress\/ -->\n<title>A\u00e9rothermes - Blondeau<\/title>\n<meta name=\"robots\" content=\"index, follow, max-snippet:-1, max-image-preview:large, max-video-preview:-1\" \/>\n<link rel=\"canonical\" href=\"https:\/\/blondeau.be\/fr\/produit\/manifolds-smartline-copy-copy\/\" \/>\n<meta property=\"og:locale\" content=\"fr_FR\" \/>\n<meta property=\"og:type\" content=\"article\" \/>\n<meta property=\"og:title\" content=\"A\u00e9rothermes - Blondeau\" \/>\n<meta property=\"og:description\" content=\"Les a\u00e9rothermes \u00e0 gaz constituent une solution puissante et efficace pour le chauffage des grands b\u00e2timents industriels et commerciaux. Gr\u00e2ce \u00e0 leur conception robuste et \u00e0 leurs performances \u00e9lev\u00e9es, ils assurent un chauffage rapide et homog\u00e8ne, m\u00eame dans les pi\u00e8ces o\u00f9 le volume d&rsquo;air est important, l&rsquo;isolation limit\u00e9e ou le renouvellement d&rsquo;air important. L&rsquo;air froid [&hellip;]\" \/>\n<meta property=\"og:url\" content=\"https:\/\/blondeau.be\/fr\/produit\/manifolds-smartline-copy-copy\/\" \/>\n<meta property=\"og:site_name\" content=\"Blondeau\" \/>\n<meta property=\"article:modified_time\" content=\"2025-09-04T15:31:30+00:00\" \/>\n<meta property=\"og:image\" content=\"https:\/\/blondeau.be\/wp-content\/uploads\/2025\/09\/MH-Eco3-1.jpg\" \/>\n\t<meta property=\"og:image:width\" content=\"606\" \/>\n\t<meta property=\"og:image:height\" content=\"374\" \/>\n\t<meta property=\"og:image:type\" content=\"image\/jpeg\" \/>\n<meta name=\"twitter:card\" content=\"summary_large_image\" \/>\n<meta name=\"twitter:label1\" content=\"Dur\u00e9e de lecture estim\u00e9e\" \/>\n\t<meta name=\"twitter:data1\" content=\"2 minutes\" \/>\n<script type=\"application\/ld+json\" class=\"yoast-schema-graph\">{\"@context\":\"https:\/\/schema.org\",\"@graph\":[{\"@type\":\"WebPage\",\"@id\":\"https:\/\/blondeau.be\/fr\/produit\/manifolds-smartline-copy-copy\/\",\"url\":\"https:\/\/blondeau.be\/fr\/produit\/manifolds-smartline-copy-copy\/\",\"name\":\"A\u00e9rothermes - Blondeau\",\"isPartOf\":{\"@id\":\"https:\/\/blondeau.be\/fr\/#website\"},\"primaryImageOfPage\":{\"@id\":\"https:\/\/blondeau.be\/fr\/produit\/manifolds-smartline-copy-copy\/#primaryimage\"},\"image\":{\"@id\":\"https:\/\/blondeau.be\/fr\/produit\/manifolds-smartline-copy-copy\/#primaryimage\"},\"thumbnailUrl\":\"https:\/\/blondeau.be\/wp-content\/uploads\/2025\/09\/MH-Eco3-1.jpg\",\"datePublished\":\"2025-09-04T14:34:11+00:00\",\"dateModified\":\"2025-09-04T15:31:30+00:00\",\"breadcrumb\":{\"@id\":\"https:\/\/blondeau.be\/fr\/produit\/manifolds-smartline-copy-copy\/#breadcrumb\"},\"inLanguage\":\"fr-FR\",\"potentialAction\":[{\"@type\":\"ReadAction\",\"target\":[\"https:\/\/blondeau.be\/fr\/produit\/manifolds-smartline-copy-copy\/\"]}]},{\"@type\":\"ImageObject\",\"inLanguage\":\"fr-FR\",\"@id\":\"https:\/\/blondeau.be\/fr\/produit\/manifolds-smartline-copy-copy\/#primaryimage\",\"url\":\"https:\/\/blondeau.be\/wp-content\/uploads\/2025\/09\/MH-Eco3-1.jpg\",\"contentUrl\":\"https:\/\/blondeau.be\/wp-content\/uploads\/2025\/09\/MH-Eco3-1.jpg\",\"width\":606,\"height\":374},{\"@type\":\"BreadcrumbList\",\"@id\":\"https:\/\/blondeau.be\/fr\/produit\/manifolds-smartline-copy-copy\/#breadcrumb\",\"itemListElement\":[{\"@type\":\"ListItem\",\"position\":1,\"name\":\"Home\",\"item\":\"https:\/\/blondeau.be\/fr\/accueil\/\"},{\"@type\":\"ListItem\",\"position\":2,\"name\":\"Catalogue des produits\",\"item\":\"https:\/\/blondeau.be\/fr\/catalogue-des-produits\/\"},{\"@type\":\"ListItem\",\"position\":3,\"name\":\"A\u00e9rothermes\"}]},{\"@type\":\"WebSite\",\"@id\":\"https:\/\/blondeau.be\/fr\/#website\",\"url\":\"https:\/\/blondeau.be\/fr\/\",\"name\":\"Blondeau\",\"description\":\"Industrial Heating\",\"publisher\":{\"@id\":\"https:\/\/blondeau.be\/fr\/#organization\"},\"potentialAction\":[{\"@type\":\"SearchAction\",\"target\":{\"@type\":\"EntryPoint\",\"urlTemplate\":\"https:\/\/blondeau.be\/fr\/?s={search_term_string}\"},\"query-input\":{\"@type\":\"PropertyValueSpecification\",\"valueRequired\":true,\"valueName\":\"search_term_string\"}}],\"inLanguage\":\"fr-FR\"},{\"@type\":\"Organization\",\"@id\":\"https:\/\/blondeau.be\/fr\/#organization\",\"name\":\"Blondeau\",\"url\":\"https:\/\/blondeau.be\/fr\/\",\"logo\":{\"@type\":\"ImageObject\",\"inLanguage\":\"fr-FR\",\"@id\":\"https:\/\/blondeau.be\/fr\/#\/schema\/logo\/image\/\",\"url\":\"https:\/\/blondeau.be\/wp-content\/uploads\/2025\/08\/Logo.jpg\",\"contentUrl\":\"https:\/\/blondeau.be\/wp-content\/uploads\/2025\/08\/Logo.jpg\",\"width\":600,\"height\":600,\"caption\":\"Blondeau\"},\"image\":{\"@id\":\"https:\/\/blondeau.be\/fr\/#\/schema\/logo\/image\/\"}}]}<\/script>\n<!-- \/ Yoast SEO plugin. -->","yoast_head_json":{"title":"A\u00e9rothermes - Blondeau","robots":{"index":"index","follow":"follow","max-snippet":"max-snippet:-1","max-image-preview":"max-image-preview:large","max-video-preview":"max-video-preview:-1"},"canonical":"https:\/\/blondeau.be\/fr\/produit\/manifolds-smartline-copy-copy\/","og_locale":"fr_FR","og_type":"article","og_title":"A\u00e9rothermes - Blondeau","og_description":"Les a\u00e9rothermes \u00e0 gaz constituent une solution puissante et efficace pour le chauffage des grands b\u00e2timents industriels et commerciaux. Gr\u00e2ce \u00e0 leur conception robuste et \u00e0 leurs performances \u00e9lev\u00e9es, ils assurent un chauffage rapide et homog\u00e8ne, m\u00eame dans les pi\u00e8ces o\u00f9 le volume d&rsquo;air est important, l&rsquo;isolation limit\u00e9e ou le renouvellement d&rsquo;air important. L&rsquo;air froid [&hellip;]","og_url":"https:\/\/blondeau.be\/fr\/produit\/manifolds-smartline-copy-copy\/","og_site_name":"Blondeau","article_modified_time":"2025-09-04T15:31:30+00:00","og_image":[{"width":606,"height":374,"url":"https:\/\/blondeau.be\/wp-content\/uploads\/2025\/09\/MH-Eco3-1.jpg","type":"image\/jpeg"}],"twitter_card":"summary_large_image","twitter_misc":{"Dur\u00e9e de lecture estim\u00e9e":"2 minutes"},"schema":{"@context":"https:\/\/schema.org","@graph":[{"@type":"WebPage","@id":"https:\/\/blondeau.be\/fr\/produit\/manifolds-smartline-copy-copy\/","url":"https:\/\/blondeau.be\/fr\/produit\/manifolds-smartline-copy-copy\/","name":"A\u00e9rothermes - Blondeau","isPartOf":{"@id":"https:\/\/blondeau.be\/fr\/#website"},"primaryImageOfPage":{"@id":"https:\/\/blondeau.be\/fr\/produit\/manifolds-smartline-copy-copy\/#primaryimage"},"image":{"@id":"https:\/\/blondeau.be\/fr\/produit\/manifolds-smartline-copy-copy\/#primaryimage"},"thumbnailUrl":"https:\/\/blondeau.be\/wp-content\/uploads\/2025\/09\/MH-Eco3-1.jpg","datePublished":"2025-09-04T14:34:11+00:00","dateModified":"2025-09-04T15:31:30+00:00","breadcrumb":{"@id":"https:\/\/blondeau.be\/fr\/produit\/manifolds-smartline-copy-copy\/#breadcrumb"},"inLanguage":"fr-FR","potentialAction":[{"@type":"ReadAction","target":["https:\/\/blondeau.be\/fr\/produit\/manifolds-smartline-copy-copy\/"]}]},{"@type":"ImageObject","inLanguage":"fr-FR","@id":"https:\/\/blondeau.be\/fr\/produit\/manifolds-smartline-copy-copy\/#primaryimage","url":"https:\/\/blondeau.be\/wp-content\/uploads\/2025\/09\/MH-Eco3-1.jpg","contentUrl":"https:\/\/blondeau.be\/wp-content\/uploads\/2025\/09\/MH-Eco3-1.jpg","width":606,"height":374},{"@type":"BreadcrumbList","@id":"https:\/\/blondeau.be\/fr\/produit\/manifolds-smartline-copy-copy\/#breadcrumb","itemListElement":[{"@type":"ListItem","position":1,"name":"Home","item":"https:\/\/blondeau.be\/fr\/accueil\/"},{"@type":"ListItem","position":2,"name":"Catalogue des produits","item":"https:\/\/blondeau.be\/fr\/catalogue-des-produits\/"},{"@type":"ListItem","position":3,"name":"A\u00e9rothermes"}]},{"@type":"WebSite","@id":"https:\/\/blondeau.be\/fr\/#website","url":"https:\/\/blondeau.be\/fr\/","name":"Blondeau","description":"Industrial Heating","publisher":{"@id":"https:\/\/blondeau.be\/fr\/#organization"},"potentialAction":[{"@type":"SearchAction","target":{"@type":"EntryPoint","urlTemplate":"https:\/\/blondeau.be\/fr\/?s={search_term_string}"},"query-input":{"@type":"PropertyValueSpecification","valueRequired":true,"valueName":"search_term_string"}}],"inLanguage":"fr-FR"},{"@type":"Organization","@id":"https:\/\/blondeau.be\/fr\/#organization","name":"Blondeau","url":"https:\/\/blondeau.be\/fr\/","logo":{"@type":"ImageObject","inLanguage":"fr-FR","@id":"https:\/\/blondeau.be\/fr\/#\/schema\/logo\/image\/","url":"https:\/\/blondeau.be\/wp-content\/uploads\/2025\/08\/Logo.jpg","contentUrl":"https:\/\/blondeau.be\/wp-content\/uploads\/2025\/08\/Logo.jpg","width":600,"height":600,"caption":"Blondeau"},"image":{"@id":"https:\/\/blondeau.be\/fr\/#\/schema\/logo\/image\/"}}]}},"_links":{"self":[{"href":"https:\/\/blondeau.be\/fr\/wp-json\/wp\/v2\/product\/29513","targetHints":{"allow":["GET"]}}],"collection":[{"href":"https:\/\/blondeau.be\/fr\/wp-json\/wp\/v2\/product"}],"about":[{"href":"https:\/\/blondeau.be\/fr\/wp-json\/wp\/v2\/types\/product"}],"wp:featuredmedia":[{"embeddable":true,"href":"https:\/\/blondeau.be\/fr\/wp-json\/wp\/v2\/media\/29527"}],"wp:attachment":[{"href":"https:\/\/blondeau.be\/fr\/wp-json\/wp\/v2\/media?parent=29513"}],"wp:term":[{"taxonomy":"product_brand","embeddable":true,"href":"https:\/\/blondeau.be\/fr\/wp-json\/wp\/v2\/product_brand?post=29513"},{"taxonomy":"product_cat","embeddable":true,"href":"https:\/\/blondeau.be\/fr\/wp-json\/wp\/v2\/product_cat?post=29513"},{"taxonomy":"product_tag","embeddable":true,"href":"https:\/\/blondeau.be\/fr\/wp-json\/wp\/v2\/product_tag?post=29513"}],"curies":[{"name":"wp","href":"https:\/\/api.w.org\/{rel}","templated":true}]}}