{"id":29499,"date":"2025-09-04T16:01:52","date_gmt":"2025-09-04T14:01:52","guid":{"rendered":"https:\/\/blondeau.be\/?post_type=product&#038;p=29499"},"modified":"2025-09-04T17:27:03","modified_gmt":"2025-09-04T15:27:03","slug":"manifolds-smartline-copy","status":"publish","type":"product","link":"https:\/\/blondeau.be\/fr\/produit\/manifolds-smartline-copy\/","title":{"rendered":"Chauffage par rayonnement"},"content":{"rendered":"<p data-start=\"193\" data-end=\"502\">La chaleur rayonnante fonctionne sur le m\u00eame principe que la chaleur solaire : un flux de chaleur<em data-start=\"277\" data-end=\"283\">(flux<\/em>) chauffe directement toutes les surfaces qu&rsquo;il rencontre. Ces surfaces \u00e9mettent alors elles-m\u00eames de la chaleur. L&rsquo;air de la pi\u00e8ce ne se r\u00e9chauffe que secondairement, par micro-convection autour des mat\u00e9riaux chauff\u00e9s.  <\/p>\n<p data-start=\"504\" data-end=\"806\">Le rayonnement chauffe donc directement tous les corps, les murs et les objets dans l&rsquo;espace. Lorsque le rayonnement est \u00e9mis \u00e0 basse temp\u00e9rature, on parle de \u00ab\u00a0chaleur douce\u00a0\u00bb. Cela garantit une exp\u00e9rience de chaleur rapide et agr\u00e9able, qui est per\u00e7ue comme tr\u00e8s confortable par les personnes pr\u00e9sentes.  <\/p>\n<p data-start=\"808\" data-end=\"1141\">Les tubes \u00e0 rayonnement sombre utilisent le rayonnement infrarouge pour chauffer efficacement les b\u00e2timents. Ils se composent de br\u00fbleurs \u00e0 gaz qui, par l&rsquo;interm\u00e9diaire de ventilateurs, produisent une flamme dans un tube d&rsquo;acier. Ce tube est chauff\u00e9 \u00e0 une temp\u00e9rature de 200 \u00e0 600 \u00b0C, ce qui fait que la surface du tube \u00e9met un rayonnement infrarouge.  <\/p>\n<p data-start=\"1143\" data-end=\"1466\">La chaleur est dirig\u00e9e vers les zones souhait\u00e9es \u00e0 l&rsquo;aide de r\u00e9flecteurs plac\u00e9s au-dessus et \u00e0 c\u00f4t\u00e9 des tuyaux, certains types \u00e9tant m\u00eame isol\u00e9s thermiquement pour une efficacit\u00e9 optimale. Les gaz de combustion produits lors de la combustion sont \u00e9vacu\u00e9s en toute s\u00e9curit\u00e9 vers l&rsquo;ext\u00e9rieur par un syst\u00e8me d&rsquo;\u00e9chappement. <\/p>\n<ul>\n<li>Tubes radiants au gaz &#8211; Solaronics HP\n<ul>\n<li>Puissance : 12 \u00e0 50 kW<\/li>\n<li>Versions : en forme de \u00ab\u00a0U\u00a0\u00bb ou en ligne<\/li>\n<li>Application : b\u00e2timents industriels et tertiaires<\/li>\n<li>Convient aux grandes pi\u00e8ces avec une isolation limit\u00e9e et des taux de renouvellement d&rsquo;air \u00e9lev\u00e9s<\/li>\n<\/ul>\n<\/li>\n<li>Tubes radiants au gaz &#8211; Solaronics HPR\n<ul>\n<li>Puissance : 12 \u00e0 36 kW<\/li>\n<li>Versions : en forme de \u00ab\u00a0U<\/li>\n<li>Caract\u00e9ristique : performances sup\u00e9rieures \u00e0 celles de la s\u00e9rie HP<\/li>\n<li>Pour les b\u00e2timents industriels et tertiaires avec de grands volumes, une faible isolation et un renouvellement d&rsquo;air important<\/li>\n<\/ul>\n<\/li>\n<li>Tubes radiants en r\u00e9seau &#8211; Euroline\n<ul>\n<li>Configuration du r\u00e9seau : tubes radiants au gaz reli\u00e9s en syst\u00e8me<\/li>\n<li>Adapt\u00e9 aux b\u00e2timents industriels et tertiaires avec de grands volumes et des taux de renouvellement d&rsquo;air \u00e9lev\u00e9s<\/li>\n<\/ul>\n<\/li>\n<li>Panneaux radiants \u00e0 gaz &#8211; Rayline\n<ul>\n<li>Puissance : 61 \u00e0 330 kW<\/li>\n<li>Versions : voies de radiation pour les applications \u00e0 grande \u00e9chelle<\/li>\n<li>Application : grands halls industriels, halls sportifs, garages, halls d&rsquo;exposition, grands espaces commerciaux<span style=\"font-size: 1rem;\"><br \/>\n<\/span><\/li>\n<\/ul>\n<\/li>\n<\/ul>\n<p>Comme alternative aux tubes radiants au gaz (lorsque le gaz naturel n&rsquo;est pas disponible ou dans les b\u00e2timents o\u00f9 l&rsquo;utilisation du gaz n&rsquo;est pas autoris\u00e9e), nous proposons des panneaux radiants \u00e0 eau chaude ou \u00e0 vapeur de la marque \u00ab\u00a0Ecopan\u00a0\u00bb.<\/p>\n","protected":false},"excerpt":{"rendered":"<p>La chaleur rayonnante fonctionne sur le m\u00eame principe que la chaleur solaire : un flux de chaleur(flux) chauffe directement toutes les surfaces qu&rsquo;il rencontre. Ces surfaces \u00e9mettent alors elles-m\u00eames de la chaleur. L&rsquo;air de la pi\u00e8ce ne se r\u00e9chauffe que secondairement, par micro-convection autour des mat\u00e9riaux chauff\u00e9s. Le rayonnement chauffe donc directement tous les corps, [&hellip;]<\/p>\n","protected":false},"featured_media":29504,"template":"","meta":{"_acf_changed":false},"product_brand":[],"product_cat":[489],"product_tag":[],"class_list":{"0":"post-29499","1":"product","2":"type-product","3":"status-publish","4":"has-post-thumbnail","6":"product_cat-solaronics-fr","8":"first","9":"instock","10":"taxable","11":"shipping-taxable","12":"product-type-simple"},"acf":[],"yoast_head":"<!-- This site is optimized with the Yoast SEO plugin v26.8 - https:\/\/yoast.com\/product\/yoast-seo-wordpress\/ -->\n<title>Chauffage par rayonnement - Blondeau<\/title>\n<meta name=\"robots\" content=\"index, follow, max-snippet:-1, max-image-preview:large, max-video-preview:-1\" \/>\n<link rel=\"canonical\" href=\"https:\/\/blondeau.be\/fr\/produit\/manifolds-smartline-copy\/\" \/>\n<meta property=\"og:locale\" content=\"fr_FR\" \/>\n<meta property=\"og:type\" content=\"article\" \/>\n<meta property=\"og:title\" content=\"Chauffage par rayonnement - Blondeau\" \/>\n<meta property=\"og:description\" content=\"La chaleur rayonnante fonctionne sur le m\u00eame principe que la chaleur solaire : un flux de chaleur(flux) chauffe directement toutes les surfaces qu&rsquo;il rencontre. Ces surfaces \u00e9mettent alors elles-m\u00eames de la chaleur. L&rsquo;air de la pi\u00e8ce ne se r\u00e9chauffe que secondairement, par micro-convection autour des mat\u00e9riaux chauff\u00e9s. Le rayonnement chauffe donc directement tous les corps, [&hellip;]\" \/>\n<meta property=\"og:url\" content=\"https:\/\/blondeau.be\/fr\/produit\/manifolds-smartline-copy\/\" \/>\n<meta property=\"og:site_name\" content=\"Blondeau\" \/>\n<meta property=\"article:modified_time\" content=\"2025-09-04T15:27:03+00:00\" \/>\n<meta property=\"og:image\" content=\"https:\/\/blondeau.be\/wp-content\/uploads\/2025\/09\/Rayonnement_SolarHP_01_834_554_s_c1.png\" \/>\n\t<meta property=\"og:image:width\" content=\"834\" \/>\n\t<meta property=\"og:image:height\" content=\"554\" \/>\n\t<meta property=\"og:image:type\" content=\"image\/png\" \/>\n<meta name=\"twitter:card\" content=\"summary_large_image\" \/>\n<meta name=\"twitter:label1\" content=\"Dur\u00e9e de lecture estim\u00e9e\" \/>\n\t<meta name=\"twitter:data1\" content=\"2 minutes\" \/>\n<script type=\"application\/ld+json\" class=\"yoast-schema-graph\">{\"@context\":\"https:\/\/schema.org\",\"@graph\":[{\"@type\":\"WebPage\",\"@id\":\"https:\/\/blondeau.be\/fr\/produit\/manifolds-smartline-copy\/\",\"url\":\"https:\/\/blondeau.be\/fr\/produit\/manifolds-smartline-copy\/\",\"name\":\"Chauffage par rayonnement - Blondeau\",\"isPartOf\":{\"@id\":\"https:\/\/blondeau.be\/fr\/#website\"},\"primaryImageOfPage\":{\"@id\":\"https:\/\/blondeau.be\/fr\/produit\/manifolds-smartline-copy\/#primaryimage\"},\"image\":{\"@id\":\"https:\/\/blondeau.be\/fr\/produit\/manifolds-smartline-copy\/#primaryimage\"},\"thumbnailUrl\":\"https:\/\/blondeau.be\/wp-content\/uploads\/2025\/09\/Rayonnement_SolarHP_01_834_554_s_c1.png\",\"datePublished\":\"2025-09-04T14:01:52+00:00\",\"dateModified\":\"2025-09-04T15:27:03+00:00\",\"breadcrumb\":{\"@id\":\"https:\/\/blondeau.be\/fr\/produit\/manifolds-smartline-copy\/#breadcrumb\"},\"inLanguage\":\"fr-FR\",\"potentialAction\":[{\"@type\":\"ReadAction\",\"target\":[\"https:\/\/blondeau.be\/fr\/produit\/manifolds-smartline-copy\/\"]}]},{\"@type\":\"ImageObject\",\"inLanguage\":\"fr-FR\",\"@id\":\"https:\/\/blondeau.be\/fr\/produit\/manifolds-smartline-copy\/#primaryimage\",\"url\":\"https:\/\/blondeau.be\/wp-content\/uploads\/2025\/09\/Rayonnement_SolarHP_01_834_554_s_c1.png\",\"contentUrl\":\"https:\/\/blondeau.be\/wp-content\/uploads\/2025\/09\/Rayonnement_SolarHP_01_834_554_s_c1.png\",\"width\":834,\"height\":554},{\"@type\":\"BreadcrumbList\",\"@id\":\"https:\/\/blondeau.be\/fr\/produit\/manifolds-smartline-copy\/#breadcrumb\",\"itemListElement\":[{\"@type\":\"ListItem\",\"position\":1,\"name\":\"Home\",\"item\":\"https:\/\/blondeau.be\/fr\/accueil\/\"},{\"@type\":\"ListItem\",\"position\":2,\"name\":\"Catalogue des produits\",\"item\":\"https:\/\/blondeau.be\/fr\/catalogue-des-produits\/\"},{\"@type\":\"ListItem\",\"position\":3,\"name\":\"Chauffage par rayonnement\"}]},{\"@type\":\"WebSite\",\"@id\":\"https:\/\/blondeau.be\/fr\/#website\",\"url\":\"https:\/\/blondeau.be\/fr\/\",\"name\":\"Blondeau\",\"description\":\"Industrial Heating\",\"publisher\":{\"@id\":\"https:\/\/blondeau.be\/fr\/#organization\"},\"potentialAction\":[{\"@type\":\"SearchAction\",\"target\":{\"@type\":\"EntryPoint\",\"urlTemplate\":\"https:\/\/blondeau.be\/fr\/?s={search_term_string}\"},\"query-input\":{\"@type\":\"PropertyValueSpecification\",\"valueRequired\":true,\"valueName\":\"search_term_string\"}}],\"inLanguage\":\"fr-FR\"},{\"@type\":\"Organization\",\"@id\":\"https:\/\/blondeau.be\/fr\/#organization\",\"name\":\"Blondeau\",\"url\":\"https:\/\/blondeau.be\/fr\/\",\"logo\":{\"@type\":\"ImageObject\",\"inLanguage\":\"fr-FR\",\"@id\":\"https:\/\/blondeau.be\/fr\/#\/schema\/logo\/image\/\",\"url\":\"https:\/\/blondeau.be\/wp-content\/uploads\/2025\/08\/Logo.jpg\",\"contentUrl\":\"https:\/\/blondeau.be\/wp-content\/uploads\/2025\/08\/Logo.jpg\",\"width\":600,\"height\":600,\"caption\":\"Blondeau\"},\"image\":{\"@id\":\"https:\/\/blondeau.be\/fr\/#\/schema\/logo\/image\/\"}}]}<\/script>\n<!-- \/ Yoast SEO plugin. -->","yoast_head_json":{"title":"Chauffage par rayonnement - Blondeau","robots":{"index":"index","follow":"follow","max-snippet":"max-snippet:-1","max-image-preview":"max-image-preview:large","max-video-preview":"max-video-preview:-1"},"canonical":"https:\/\/blondeau.be\/fr\/produit\/manifolds-smartline-copy\/","og_locale":"fr_FR","og_type":"article","og_title":"Chauffage par rayonnement - Blondeau","og_description":"La chaleur rayonnante fonctionne sur le m\u00eame principe que la chaleur solaire : un flux de chaleur(flux) chauffe directement toutes les surfaces qu&rsquo;il rencontre. Ces surfaces \u00e9mettent alors elles-m\u00eames de la chaleur. L&rsquo;air de la pi\u00e8ce ne se r\u00e9chauffe que secondairement, par micro-convection autour des mat\u00e9riaux chauff\u00e9s. Le rayonnement chauffe donc directement tous les corps, [&hellip;]","og_url":"https:\/\/blondeau.be\/fr\/produit\/manifolds-smartline-copy\/","og_site_name":"Blondeau","article_modified_time":"2025-09-04T15:27:03+00:00","og_image":[{"width":834,"height":554,"url":"https:\/\/blondeau.be\/wp-content\/uploads\/2025\/09\/Rayonnement_SolarHP_01_834_554_s_c1.png","type":"image\/png"}],"twitter_card":"summary_large_image","twitter_misc":{"Dur\u00e9e de lecture estim\u00e9e":"2 minutes"},"schema":{"@context":"https:\/\/schema.org","@graph":[{"@type":"WebPage","@id":"https:\/\/blondeau.be\/fr\/produit\/manifolds-smartline-copy\/","url":"https:\/\/blondeau.be\/fr\/produit\/manifolds-smartline-copy\/","name":"Chauffage par rayonnement - Blondeau","isPartOf":{"@id":"https:\/\/blondeau.be\/fr\/#website"},"primaryImageOfPage":{"@id":"https:\/\/blondeau.be\/fr\/produit\/manifolds-smartline-copy\/#primaryimage"},"image":{"@id":"https:\/\/blondeau.be\/fr\/produit\/manifolds-smartline-copy\/#primaryimage"},"thumbnailUrl":"https:\/\/blondeau.be\/wp-content\/uploads\/2025\/09\/Rayonnement_SolarHP_01_834_554_s_c1.png","datePublished":"2025-09-04T14:01:52+00:00","dateModified":"2025-09-04T15:27:03+00:00","breadcrumb":{"@id":"https:\/\/blondeau.be\/fr\/produit\/manifolds-smartline-copy\/#breadcrumb"},"inLanguage":"fr-FR","potentialAction":[{"@type":"ReadAction","target":["https:\/\/blondeau.be\/fr\/produit\/manifolds-smartline-copy\/"]}]},{"@type":"ImageObject","inLanguage":"fr-FR","@id":"https:\/\/blondeau.be\/fr\/produit\/manifolds-smartline-copy\/#primaryimage","url":"https:\/\/blondeau.be\/wp-content\/uploads\/2025\/09\/Rayonnement_SolarHP_01_834_554_s_c1.png","contentUrl":"https:\/\/blondeau.be\/wp-content\/uploads\/2025\/09\/Rayonnement_SolarHP_01_834_554_s_c1.png","width":834,"height":554},{"@type":"BreadcrumbList","@id":"https:\/\/blondeau.be\/fr\/produit\/manifolds-smartline-copy\/#breadcrumb","itemListElement":[{"@type":"ListItem","position":1,"name":"Home","item":"https:\/\/blondeau.be\/fr\/accueil\/"},{"@type":"ListItem","position":2,"name":"Catalogue des produits","item":"https:\/\/blondeau.be\/fr\/catalogue-des-produits\/"},{"@type":"ListItem","position":3,"name":"Chauffage par rayonnement"}]},{"@type":"WebSite","@id":"https:\/\/blondeau.be\/fr\/#website","url":"https:\/\/blondeau.be\/fr\/","name":"Blondeau","description":"Industrial Heating","publisher":{"@id":"https:\/\/blondeau.be\/fr\/#organization"},"potentialAction":[{"@type":"SearchAction","target":{"@type":"EntryPoint","urlTemplate":"https:\/\/blondeau.be\/fr\/?s={search_term_string}"},"query-input":{"@type":"PropertyValueSpecification","valueRequired":true,"valueName":"search_term_string"}}],"inLanguage":"fr-FR"},{"@type":"Organization","@id":"https:\/\/blondeau.be\/fr\/#organization","name":"Blondeau","url":"https:\/\/blondeau.be\/fr\/","logo":{"@type":"ImageObject","inLanguage":"fr-FR","@id":"https:\/\/blondeau.be\/fr\/#\/schema\/logo\/image\/","url":"https:\/\/blondeau.be\/wp-content\/uploads\/2025\/08\/Logo.jpg","contentUrl":"https:\/\/blondeau.be\/wp-content\/uploads\/2025\/08\/Logo.jpg","width":600,"height":600,"caption":"Blondeau"},"image":{"@id":"https:\/\/blondeau.be\/fr\/#\/schema\/logo\/image\/"}}]}},"_links":{"self":[{"href":"https:\/\/blondeau.be\/fr\/wp-json\/wp\/v2\/product\/29499","targetHints":{"allow":["GET"]}}],"collection":[{"href":"https:\/\/blondeau.be\/fr\/wp-json\/wp\/v2\/product"}],"about":[{"href":"https:\/\/blondeau.be\/fr\/wp-json\/wp\/v2\/types\/product"}],"wp:featuredmedia":[{"embeddable":true,"href":"https:\/\/blondeau.be\/fr\/wp-json\/wp\/v2\/media\/29504"}],"wp:attachment":[{"href":"https:\/\/blondeau.be\/fr\/wp-json\/wp\/v2\/media?parent=29499"}],"wp:term":[{"taxonomy":"product_brand","embeddable":true,"href":"https:\/\/blondeau.be\/fr\/wp-json\/wp\/v2\/product_brand?post=29499"},{"taxonomy":"product_cat","embeddable":true,"href":"https:\/\/blondeau.be\/fr\/wp-json\/wp\/v2\/product_cat?post=29499"},{"taxonomy":"product_tag","embeddable":true,"href":"https:\/\/blondeau.be\/fr\/wp-json\/wp\/v2\/product_tag?post=29499"}],"curies":[{"name":"wp","href":"https:\/\/api.w.org\/{rel}","templated":true}]}}