{"id":29265,"date":"2025-07-18T13:20:02","date_gmt":"2025-07-18T11:20:02","guid":{"rendered":"https:\/\/blondeau.be\/?post_type=product&#038;p=29265"},"modified":"2025-09-05T11:38:25","modified_gmt":"2025-09-05T09:38:25","slug":"transmetteurs-de-pression-smartline-copy-copy-copy-3","status":"publish","type":"product","link":"https:\/\/blondeau.be\/fr\/produit\/transmetteurs-de-pression-smartline-copy-copy-copy-3\/","title":{"rendered":"Manifolds SmartLine"},"content":{"rendered":"<p class=\"whitespace-normal break-words\">Les collecteurs <strong>SmartLine <\/strong>d&rsquo; Honeywell constituent une solution int\u00e9gr\u00e9e compl\u00e9mentaire aux transmetteurs de pression SmartLine, offrant une instrumentation test\u00e9e en usine, \u00e9talonn\u00e9e et certifi\u00e9e pour des mesures pr\u00e9cises et s\u00fbres dans les applications de proc\u00e9d\u00e9s industriels.<\/p>\n<p class=\"whitespace-normal break-words\">Ces composants sont disponibles en unit\u00e9s individuelles ou en assemblages pr\u00e9fabriqu\u00e9s en usine, contribuant ainsi \u00e0 la r\u00e9duction du co\u00fbt total de possession. La gamme produit compl\u00e8te englobe diverses configurations, sp\u00e9cifications mat\u00e9riaux et caract\u00e9ristiques de performance pour r\u00e9pondre aux exigences vari\u00e9es des applications. <\/p>\n<p class=\"whitespace-normal break-words\">Les collecteurs facilitent les fonctions critiques du cycle de vie : int\u00e9grit\u00e9 m\u00e9trique gr\u00e2ce aux proc\u00e9dures d&rsquo;\u00e9talonnage, s\u00e9curit\u00e9 op\u00e9rationnelle gr\u00e2ce \u00e0 l&rsquo;isolation pour la maintenance, contr\u00f4le des processus lors des interventions sur le syst\u00e8me et protection des instruments contre le d\u00e9passement des limites de sp\u00e9cification.<\/p>\n<p><strong>Caract\u00e9ristiques et avantages :<\/strong><\/p>\n<ul>\n<li class=\"whitespace-normal break-words\">Block &amp; Bleed, configurations de collecteurs \u00e0 2, 3 et 5 vannes<\/li>\n<li class=\"whitespace-normal break-words\">Bo\u00eetiers larges et compacts<\/li>\n<li class=\"whitespace-normal break-words\">Version traditionnelle et version \u00ab\u00a0wafer\u00a0\u00bb.<\/li>\n<li class=\"whitespace-normal break-words\">Mat\u00e9riau du bo\u00eetier &#8211; RVS316\/ RVS316L\/ Monel \/ Hastelloy \/ Inconel \/ Acier au carbone et autres&#8230;.<\/li>\n<li class=\"whitespace-normal break-words\">Mat\u00e9riau du joint &#8211; PTFE\/ graphite<\/li>\n<li class=\"whitespace-normal break-words\">Temp\u00e9rature de traitement &#8211; jusqu&rsquo;\u00e0 450 \u00b0C<\/li>\n<li class=\"whitespace-normal break-words\">Pression de traitement &#8211; 6000 psi \/ 10000 psi<\/li>\n<li class=\"whitespace-normal break-words\">Normes de fabrication \/ conformit\u00e9 &#8211; ASME\/ ISO\/ MSS\/ NACE\/ NORSOK\/ EN 10204 3.1<\/li>\n<\/ul>\n<p><strong>Documentation :<\/strong><\/p>\n","protected":false},"excerpt":{"rendered":"<p>Les collecteurs SmartLine d&rsquo; Honeywell constituent une solution int\u00e9gr\u00e9e compl\u00e9mentaire aux transmetteurs de pression SmartLine, offrant une instrumentation test\u00e9e en usine, \u00e9talonn\u00e9e et certifi\u00e9e pour des mesures pr\u00e9cises et s\u00fbres dans les applications de proc\u00e9d\u00e9s industriels. Ces composants sont disponibles en unit\u00e9s individuelles ou en assemblages pr\u00e9fabriqu\u00e9s en usine, contribuant ainsi \u00e0 la r\u00e9duction du [&hellip;]<\/p>\n","protected":false},"featured_media":29304,"template":"","meta":{"_acf_changed":false},"product_brand":[],"product_cat":[471],"product_tag":[322],"class_list":{"0":"post-29265","1":"product","2":"type-product","3":"status-publish","4":"has-post-thumbnail","6":"product_cat-manifolds-smartline","7":"product_tag-transmetteurs","9":"first","10":"instock","11":"taxable","12":"shipping-taxable","13":"product-type-simple"},"acf":[],"yoast_head":"<!-- This site is optimized with the Yoast SEO plugin v26.8 - https:\/\/yoast.com\/product\/yoast-seo-wordpress\/ -->\n<title>Manifolds SmartLine - Blondeau<\/title>\n<meta name=\"robots\" content=\"index, follow, max-snippet:-1, max-image-preview:large, max-video-preview:-1\" \/>\n<link rel=\"canonical\" href=\"https:\/\/blondeau.be\/fr\/produit\/transmetteurs-de-pression-smartline-copy-copy-copy-3\/\" \/>\n<meta property=\"og:locale\" content=\"fr_FR\" \/>\n<meta property=\"og:type\" content=\"article\" \/>\n<meta property=\"og:title\" content=\"Manifolds SmartLine - Blondeau\" \/>\n<meta property=\"og:description\" content=\"Les collecteurs SmartLine d&rsquo; Honeywell constituent une solution int\u00e9gr\u00e9e compl\u00e9mentaire aux transmetteurs de pression SmartLine, offrant une instrumentation test\u00e9e en usine, \u00e9talonn\u00e9e et certifi\u00e9e pour des mesures pr\u00e9cises et s\u00fbres dans les applications de proc\u00e9d\u00e9s industriels. Ces composants sont disponibles en unit\u00e9s individuelles ou en assemblages pr\u00e9fabriqu\u00e9s en usine, contribuant ainsi \u00e0 la r\u00e9duction du [&hellip;]\" \/>\n<meta property=\"og:url\" content=\"https:\/\/blondeau.be\/fr\/produit\/transmetteurs-de-pression-smartline-copy-copy-copy-3\/\" \/>\n<meta property=\"og:site_name\" content=\"Blondeau\" \/>\n<meta property=\"article:modified_time\" content=\"2025-09-05T09:38:25+00:00\" \/>\n<meta property=\"og:image\" content=\"https:\/\/blondeau.be\/wp-content\/uploads\/2025\/07\/Manifold-4-8.jpg\" \/>\n\t<meta property=\"og:image:width\" content=\"423\" \/>\n\t<meta property=\"og:image:height\" content=\"324\" \/>\n\t<meta property=\"og:image:type\" content=\"image\/jpeg\" \/>\n<meta name=\"twitter:card\" content=\"summary_large_image\" \/>\n<meta name=\"twitter:label1\" content=\"Dur\u00e9e de lecture estim\u00e9e\" \/>\n\t<meta name=\"twitter:data1\" content=\"1 minute\" \/>\n<script type=\"application\/ld+json\" class=\"yoast-schema-graph\">{\"@context\":\"https:\/\/schema.org\",\"@graph\":[{\"@type\":\"WebPage\",\"@id\":\"https:\/\/blondeau.be\/fr\/produit\/transmetteurs-de-pression-smartline-copy-copy-copy-3\/\",\"url\":\"https:\/\/blondeau.be\/fr\/produit\/transmetteurs-de-pression-smartline-copy-copy-copy-3\/\",\"name\":\"Manifolds SmartLine - Blondeau\",\"isPartOf\":{\"@id\":\"https:\/\/blondeau.be\/fr\/#website\"},\"primaryImageOfPage\":{\"@id\":\"https:\/\/blondeau.be\/fr\/produit\/transmetteurs-de-pression-smartline-copy-copy-copy-3\/#primaryimage\"},\"image\":{\"@id\":\"https:\/\/blondeau.be\/fr\/produit\/transmetteurs-de-pression-smartline-copy-copy-copy-3\/#primaryimage\"},\"thumbnailUrl\":\"https:\/\/blondeau.be\/wp-content\/uploads\/2025\/07\/Manifold-4-8.jpg\",\"datePublished\":\"2025-07-18T11:20:02+00:00\",\"dateModified\":\"2025-09-05T09:38:25+00:00\",\"breadcrumb\":{\"@id\":\"https:\/\/blondeau.be\/fr\/produit\/transmetteurs-de-pression-smartline-copy-copy-copy-3\/#breadcrumb\"},\"inLanguage\":\"fr-FR\",\"potentialAction\":[{\"@type\":\"ReadAction\",\"target\":[\"https:\/\/blondeau.be\/fr\/produit\/transmetteurs-de-pression-smartline-copy-copy-copy-3\/\"]}]},{\"@type\":\"ImageObject\",\"inLanguage\":\"fr-FR\",\"@id\":\"https:\/\/blondeau.be\/fr\/produit\/transmetteurs-de-pression-smartline-copy-copy-copy-3\/#primaryimage\",\"url\":\"https:\/\/blondeau.be\/wp-content\/uploads\/2025\/07\/Manifold-4-8.jpg\",\"contentUrl\":\"https:\/\/blondeau.be\/wp-content\/uploads\/2025\/07\/Manifold-4-8.jpg\",\"width\":423,\"height\":324},{\"@type\":\"BreadcrumbList\",\"@id\":\"https:\/\/blondeau.be\/fr\/produit\/transmetteurs-de-pression-smartline-copy-copy-copy-3\/#breadcrumb\",\"itemListElement\":[{\"@type\":\"ListItem\",\"position\":1,\"name\":\"Home\",\"item\":\"https:\/\/blondeau.be\/fr\/accueil\/\"},{\"@type\":\"ListItem\",\"position\":2,\"name\":\"Catalogue des produits\",\"item\":\"https:\/\/blondeau.be\/fr\/catalogue-des-produits\/\"},{\"@type\":\"ListItem\",\"position\":3,\"name\":\"Manifolds SmartLine\"}]},{\"@type\":\"WebSite\",\"@id\":\"https:\/\/blondeau.be\/fr\/#website\",\"url\":\"https:\/\/blondeau.be\/fr\/\",\"name\":\"Blondeau\",\"description\":\"Industrial Heating\",\"publisher\":{\"@id\":\"https:\/\/blondeau.be\/fr\/#organization\"},\"potentialAction\":[{\"@type\":\"SearchAction\",\"target\":{\"@type\":\"EntryPoint\",\"urlTemplate\":\"https:\/\/blondeau.be\/fr\/?s={search_term_string}\"},\"query-input\":{\"@type\":\"PropertyValueSpecification\",\"valueRequired\":true,\"valueName\":\"search_term_string\"}}],\"inLanguage\":\"fr-FR\"},{\"@type\":\"Organization\",\"@id\":\"https:\/\/blondeau.be\/fr\/#organization\",\"name\":\"Blondeau\",\"url\":\"https:\/\/blondeau.be\/fr\/\",\"logo\":{\"@type\":\"ImageObject\",\"inLanguage\":\"fr-FR\",\"@id\":\"https:\/\/blondeau.be\/fr\/#\/schema\/logo\/image\/\",\"url\":\"https:\/\/blondeau.be\/wp-content\/uploads\/2025\/08\/Logo.jpg\",\"contentUrl\":\"https:\/\/blondeau.be\/wp-content\/uploads\/2025\/08\/Logo.jpg\",\"width\":600,\"height\":600,\"caption\":\"Blondeau\"},\"image\":{\"@id\":\"https:\/\/blondeau.be\/fr\/#\/schema\/logo\/image\/\"}}]}<\/script>\n<!-- \/ Yoast SEO plugin. -->","yoast_head_json":{"title":"Manifolds SmartLine - Blondeau","robots":{"index":"index","follow":"follow","max-snippet":"max-snippet:-1","max-image-preview":"max-image-preview:large","max-video-preview":"max-video-preview:-1"},"canonical":"https:\/\/blondeau.be\/fr\/produit\/transmetteurs-de-pression-smartline-copy-copy-copy-3\/","og_locale":"fr_FR","og_type":"article","og_title":"Manifolds SmartLine - Blondeau","og_description":"Les collecteurs SmartLine d&rsquo; Honeywell constituent une solution int\u00e9gr\u00e9e compl\u00e9mentaire aux transmetteurs de pression SmartLine, offrant une instrumentation test\u00e9e en usine, \u00e9talonn\u00e9e et certifi\u00e9e pour des mesures pr\u00e9cises et s\u00fbres dans les applications de proc\u00e9d\u00e9s industriels. Ces composants sont disponibles en unit\u00e9s individuelles ou en assemblages pr\u00e9fabriqu\u00e9s en usine, contribuant ainsi \u00e0 la r\u00e9duction du [&hellip;]","og_url":"https:\/\/blondeau.be\/fr\/produit\/transmetteurs-de-pression-smartline-copy-copy-copy-3\/","og_site_name":"Blondeau","article_modified_time":"2025-09-05T09:38:25+00:00","og_image":[{"width":423,"height":324,"url":"https:\/\/blondeau.be\/wp-content\/uploads\/2025\/07\/Manifold-4-8.jpg","type":"image\/jpeg"}],"twitter_card":"summary_large_image","twitter_misc":{"Dur\u00e9e de lecture estim\u00e9e":"1 minute"},"schema":{"@context":"https:\/\/schema.org","@graph":[{"@type":"WebPage","@id":"https:\/\/blondeau.be\/fr\/produit\/transmetteurs-de-pression-smartline-copy-copy-copy-3\/","url":"https:\/\/blondeau.be\/fr\/produit\/transmetteurs-de-pression-smartline-copy-copy-copy-3\/","name":"Manifolds SmartLine - Blondeau","isPartOf":{"@id":"https:\/\/blondeau.be\/fr\/#website"},"primaryImageOfPage":{"@id":"https:\/\/blondeau.be\/fr\/produit\/transmetteurs-de-pression-smartline-copy-copy-copy-3\/#primaryimage"},"image":{"@id":"https:\/\/blondeau.be\/fr\/produit\/transmetteurs-de-pression-smartline-copy-copy-copy-3\/#primaryimage"},"thumbnailUrl":"https:\/\/blondeau.be\/wp-content\/uploads\/2025\/07\/Manifold-4-8.jpg","datePublished":"2025-07-18T11:20:02+00:00","dateModified":"2025-09-05T09:38:25+00:00","breadcrumb":{"@id":"https:\/\/blondeau.be\/fr\/produit\/transmetteurs-de-pression-smartline-copy-copy-copy-3\/#breadcrumb"},"inLanguage":"fr-FR","potentialAction":[{"@type":"ReadAction","target":["https:\/\/blondeau.be\/fr\/produit\/transmetteurs-de-pression-smartline-copy-copy-copy-3\/"]}]},{"@type":"ImageObject","inLanguage":"fr-FR","@id":"https:\/\/blondeau.be\/fr\/produit\/transmetteurs-de-pression-smartline-copy-copy-copy-3\/#primaryimage","url":"https:\/\/blondeau.be\/wp-content\/uploads\/2025\/07\/Manifold-4-8.jpg","contentUrl":"https:\/\/blondeau.be\/wp-content\/uploads\/2025\/07\/Manifold-4-8.jpg","width":423,"height":324},{"@type":"BreadcrumbList","@id":"https:\/\/blondeau.be\/fr\/produit\/transmetteurs-de-pression-smartline-copy-copy-copy-3\/#breadcrumb","itemListElement":[{"@type":"ListItem","position":1,"name":"Home","item":"https:\/\/blondeau.be\/fr\/accueil\/"},{"@type":"ListItem","position":2,"name":"Catalogue des produits","item":"https:\/\/blondeau.be\/fr\/catalogue-des-produits\/"},{"@type":"ListItem","position":3,"name":"Manifolds SmartLine"}]},{"@type":"WebSite","@id":"https:\/\/blondeau.be\/fr\/#website","url":"https:\/\/blondeau.be\/fr\/","name":"Blondeau","description":"Industrial Heating","publisher":{"@id":"https:\/\/blondeau.be\/fr\/#organization"},"potentialAction":[{"@type":"SearchAction","target":{"@type":"EntryPoint","urlTemplate":"https:\/\/blondeau.be\/fr\/?s={search_term_string}"},"query-input":{"@type":"PropertyValueSpecification","valueRequired":true,"valueName":"search_term_string"}}],"inLanguage":"fr-FR"},{"@type":"Organization","@id":"https:\/\/blondeau.be\/fr\/#organization","name":"Blondeau","url":"https:\/\/blondeau.be\/fr\/","logo":{"@type":"ImageObject","inLanguage":"fr-FR","@id":"https:\/\/blondeau.be\/fr\/#\/schema\/logo\/image\/","url":"https:\/\/blondeau.be\/wp-content\/uploads\/2025\/08\/Logo.jpg","contentUrl":"https:\/\/blondeau.be\/wp-content\/uploads\/2025\/08\/Logo.jpg","width":600,"height":600,"caption":"Blondeau"},"image":{"@id":"https:\/\/blondeau.be\/fr\/#\/schema\/logo\/image\/"}}]}},"_links":{"self":[{"href":"https:\/\/blondeau.be\/fr\/wp-json\/wp\/v2\/product\/29265","targetHints":{"allow":["GET"]}}],"collection":[{"href":"https:\/\/blondeau.be\/fr\/wp-json\/wp\/v2\/product"}],"about":[{"href":"https:\/\/blondeau.be\/fr\/wp-json\/wp\/v2\/types\/product"}],"wp:featuredmedia":[{"embeddable":true,"href":"https:\/\/blondeau.be\/fr\/wp-json\/wp\/v2\/media\/29304"}],"wp:attachment":[{"href":"https:\/\/blondeau.be\/fr\/wp-json\/wp\/v2\/media?parent=29265"}],"wp:term":[{"taxonomy":"product_brand","embeddable":true,"href":"https:\/\/blondeau.be\/fr\/wp-json\/wp\/v2\/product_brand?post=29265"},{"taxonomy":"product_cat","embeddable":true,"href":"https:\/\/blondeau.be\/fr\/wp-json\/wp\/v2\/product_cat?post=29265"},{"taxonomy":"product_tag","embeddable":true,"href":"https:\/\/blondeau.be\/fr\/wp-json\/wp\/v2\/product_tag?post=29265"}],"curies":[{"name":"wp","href":"https:\/\/api.w.org\/{rel}","templated":true}]}}