{"id":29262,"date":"2025-07-18T13:15:43","date_gmt":"2025-07-18T11:15:43","guid":{"rendered":"https:\/\/blondeau.be\/?post_type=product&#038;p=29262"},"modified":"2025-09-05T11:38:47","modified_gmt":"2025-09-05T09:38:47","slug":"transmetteurs-de-pression-smartline-copy-copy-copy-copy","status":"publish","type":"product","link":"https:\/\/blondeau.be\/fr\/produit\/transmetteurs-de-pression-smartline-copy-copy-copy-copy\/","title":{"rendered":"Transmetteur de pression &#8211; Configurations"},"content":{"rendered":"<p data-start=\"76\" data-end=\"679\">Les transmetteurs de pression SmartLine exploitent une technologie avanc\u00e9e de capteurs pi\u00e9zor\u00e9sistifs qui int\u00e8gre plusieurs fonctions de mesure au sein d&rsquo;une plateforme unique. Gr\u00e2ce \u00e0 la surveillance simultan\u00e9e de la pression process, de la pression statique (dans les configurations \u00e0 pression diff\u00e9rentielle) et \u00e0 la compensation automatique de temp\u00e9rature, ces instruments d\u00e9livrent une pr\u00e9cision de mesure sup\u00e9rieure et une fiabilit\u00e9 op\u00e9rationnelle exceptionnelle. L&rsquo;architecture modulaire permet diverses configurations, positionnant les transmetteurs SmartLine comme des solutions polyvalentes pour des applications industrielles \u00e9tendues.  <\/p>\n<ul>\n<li>Le <a href=\"https:\/\/process.honeywell.com\/us\/en\/products\/field-instruments\/pressure-transmitters\/smartline-st800-pressure-transmitters\/smartline-stf800-flange-mount?utm_source=hon_email&amp;utm_medium=email&amp;utm_campaign=25-sets-hts-npi-thermalsolutions_dgsmart-email&amp;utm_content=or-marketo-em1\" target=\"_blank\" rel=\"noopener\"><strong>STF800 <\/strong><\/a>est con\u00e7u pour un montage direct sur les brides de r\u00e9servoirs et est propos\u00e9 avec diverses options de raccordement adapt\u00e9es aux sp\u00e9cificit\u00e9s des cuves. Ces instruments sont parfaitement adapt\u00e9s aux processus critiques tels que le transfert de gaz naturel et les bilans massiques de pr\u00e9cision \u00e9nerg\u00e9tique et mati\u00e8re, pour lesquels l&rsquo;exactitude des mesures et la stabilit\u00e9 \u00e0 long terme sont essentielles. Le syst\u00e8me propose quatre plages de mesure distinctes.  <\/li>\n<p> \t<\/p>\n<li>Le <a style=\"font-size: 1rem;\" href=\"https:\/\/process.honeywell.com\/us\/en\/products\/field-instruments\/pressure-transmitters\/smartline-st800-pressure-transmitters\/smartline-str800-remote-diaphragm?utm_source=hon_email&amp;utm_medium=email&amp;utm_campaign=25-sets-hts-npi-thermalsolutions_dgsmart-email&amp;utm_content=or-marketo-em1\" target=\"_blank\" rel=\"noopener\"><strong>STR800<\/strong><\/a><span style=\"font-size: 1rem;\">&#8211; transmetteur de pression \u00e0 membrane d\u00e9port\u00e9e constitue une solution polyvalente et pr\u00e9cise pour les proc\u00e9d\u00e9s impliquant des fluides corrosifs ou des temp\u00e9ratures \u00e9lev\u00e9es. Le syst\u00e8me propose diverses options de configuration adapt\u00e9es aux exigences sp\u00e9cifiques d&rsquo;application : joints \u00e0 bride plate, joints \u00e0 bride avec membrane \u00e9tendue, joints pancake, t\u00e9s chimiques avec cale Taylor, joints \u00e0 selle, entre autres. La gamme produit comprend quatre variantes de mod\u00e8les offrant diff\u00e9rentes plages de mesure et limites de pression, optimis\u00e9es pour une mesurande pr\u00e9cise dans des environnements industriels s\u00e9v\u00e8res.  <\/span><\/li>\n<\/ul>\n<p>&nbsp;<\/p>\n","protected":false},"excerpt":{"rendered":"<p>Les transmetteurs de pression SmartLine exploitent une technologie avanc\u00e9e de capteurs pi\u00e9zor\u00e9sistifs qui int\u00e8gre plusieurs fonctions de mesure au sein d&rsquo;une plateforme unique. Gr\u00e2ce \u00e0 la surveillance simultan\u00e9e de la pression process, de la pression statique (dans les configurations \u00e0 pression diff\u00e9rentielle) et \u00e0 la compensation automatique de temp\u00e9rature, ces instruments d\u00e9livrent une pr\u00e9cision de [&hellip;]<\/p>\n","protected":false},"featured_media":29242,"template":"","meta":{"_acf_changed":false},"product_brand":[],"product_cat":[473],"product_tag":[322],"class_list":{"0":"post-29262","1":"product","2":"type-product","3":"status-publish","4":"has-post-thumbnail","6":"product_cat-smartline-st800-transmetteur-de-pression","7":"product_tag-transmetteurs","9":"first","10":"instock","11":"taxable","12":"shipping-taxable","13":"product-type-simple"},"acf":[],"yoast_head":"<!-- This site is optimized with the Yoast SEO plugin v26.8 - https:\/\/yoast.com\/product\/yoast-seo-wordpress\/ -->\n<title>Transmetteur de pression - Configurations - Blondeau<\/title>\n<meta name=\"robots\" content=\"index, follow, max-snippet:-1, max-image-preview:large, max-video-preview:-1\" \/>\n<link rel=\"canonical\" href=\"https:\/\/blondeau.be\/fr\/produit\/transmetteurs-de-pression-smartline-copy-copy-copy-copy\/\" \/>\n<meta property=\"og:locale\" content=\"fr_FR\" \/>\n<meta property=\"og:type\" content=\"article\" \/>\n<meta property=\"og:title\" content=\"Transmetteur de pression - Configurations - Blondeau\" \/>\n<meta property=\"og:description\" content=\"Les transmetteurs de pression SmartLine exploitent une technologie avanc\u00e9e de capteurs pi\u00e9zor\u00e9sistifs qui int\u00e8gre plusieurs fonctions de mesure au sein d&rsquo;une plateforme unique. Gr\u00e2ce \u00e0 la surveillance simultan\u00e9e de la pression process, de la pression statique (dans les configurations \u00e0 pression diff\u00e9rentielle) et \u00e0 la compensation automatique de temp\u00e9rature, ces instruments d\u00e9livrent une pr\u00e9cision de [&hellip;]\" \/>\n<meta property=\"og:url\" content=\"https:\/\/blondeau.be\/fr\/produit\/transmetteurs-de-pression-smartline-copy-copy-copy-copy\/\" \/>\n<meta property=\"og:site_name\" content=\"Blondeau\" \/>\n<meta property=\"article:modified_time\" content=\"2025-09-05T09:38:47+00:00\" \/>\n<meta property=\"og:image\" content=\"https:\/\/blondeau.be\/wp-content\/uploads\/2025\/07\/Smartline.jpg\" \/>\n\t<meta property=\"og:image:width\" content=\"561\" \/>\n\t<meta property=\"og:image:height\" content=\"404\" \/>\n\t<meta property=\"og:image:type\" content=\"image\/jpeg\" \/>\n<meta name=\"twitter:card\" content=\"summary_large_image\" \/>\n<meta name=\"twitter:label1\" content=\"Dur\u00e9e de lecture estim\u00e9e\" \/>\n\t<meta name=\"twitter:data1\" content=\"1 minute\" \/>\n<script type=\"application\/ld+json\" class=\"yoast-schema-graph\">{\"@context\":\"https:\/\/schema.org\",\"@graph\":[{\"@type\":\"WebPage\",\"@id\":\"https:\/\/blondeau.be\/fr\/produit\/transmetteurs-de-pression-smartline-copy-copy-copy-copy\/\",\"url\":\"https:\/\/blondeau.be\/fr\/produit\/transmetteurs-de-pression-smartline-copy-copy-copy-copy\/\",\"name\":\"Transmetteur de pression - Configurations - Blondeau\",\"isPartOf\":{\"@id\":\"https:\/\/blondeau.be\/fr\/#website\"},\"primaryImageOfPage\":{\"@id\":\"https:\/\/blondeau.be\/fr\/produit\/transmetteurs-de-pression-smartline-copy-copy-copy-copy\/#primaryimage\"},\"image\":{\"@id\":\"https:\/\/blondeau.be\/fr\/produit\/transmetteurs-de-pression-smartline-copy-copy-copy-copy\/#primaryimage\"},\"thumbnailUrl\":\"https:\/\/blondeau.be\/wp-content\/uploads\/2025\/07\/Smartline.jpg\",\"datePublished\":\"2025-07-18T11:15:43+00:00\",\"dateModified\":\"2025-09-05T09:38:47+00:00\",\"breadcrumb\":{\"@id\":\"https:\/\/blondeau.be\/fr\/produit\/transmetteurs-de-pression-smartline-copy-copy-copy-copy\/#breadcrumb\"},\"inLanguage\":\"fr-FR\",\"potentialAction\":[{\"@type\":\"ReadAction\",\"target\":[\"https:\/\/blondeau.be\/fr\/produit\/transmetteurs-de-pression-smartline-copy-copy-copy-copy\/\"]}]},{\"@type\":\"ImageObject\",\"inLanguage\":\"fr-FR\",\"@id\":\"https:\/\/blondeau.be\/fr\/produit\/transmetteurs-de-pression-smartline-copy-copy-copy-copy\/#primaryimage\",\"url\":\"https:\/\/blondeau.be\/wp-content\/uploads\/2025\/07\/Smartline.jpg\",\"contentUrl\":\"https:\/\/blondeau.be\/wp-content\/uploads\/2025\/07\/Smartline.jpg\",\"width\":561,\"height\":404},{\"@type\":\"BreadcrumbList\",\"@id\":\"https:\/\/blondeau.be\/fr\/produit\/transmetteurs-de-pression-smartline-copy-copy-copy-copy\/#breadcrumb\",\"itemListElement\":[{\"@type\":\"ListItem\",\"position\":1,\"name\":\"Home\",\"item\":\"https:\/\/blondeau.be\/fr\/accueil\/\"},{\"@type\":\"ListItem\",\"position\":2,\"name\":\"Catalogue des produits\",\"item\":\"https:\/\/blondeau.be\/fr\/catalogue-des-produits\/\"},{\"@type\":\"ListItem\",\"position\":3,\"name\":\"Transmetteur de pression &#8211; Configurations\"}]},{\"@type\":\"WebSite\",\"@id\":\"https:\/\/blondeau.be\/fr\/#website\",\"url\":\"https:\/\/blondeau.be\/fr\/\",\"name\":\"Blondeau\",\"description\":\"Industrial Heating\",\"publisher\":{\"@id\":\"https:\/\/blondeau.be\/fr\/#organization\"},\"potentialAction\":[{\"@type\":\"SearchAction\",\"target\":{\"@type\":\"EntryPoint\",\"urlTemplate\":\"https:\/\/blondeau.be\/fr\/?s={search_term_string}\"},\"query-input\":{\"@type\":\"PropertyValueSpecification\",\"valueRequired\":true,\"valueName\":\"search_term_string\"}}],\"inLanguage\":\"fr-FR\"},{\"@type\":\"Organization\",\"@id\":\"https:\/\/blondeau.be\/fr\/#organization\",\"name\":\"Blondeau\",\"url\":\"https:\/\/blondeau.be\/fr\/\",\"logo\":{\"@type\":\"ImageObject\",\"inLanguage\":\"fr-FR\",\"@id\":\"https:\/\/blondeau.be\/fr\/#\/schema\/logo\/image\/\",\"url\":\"https:\/\/blondeau.be\/wp-content\/uploads\/2025\/08\/Logo.jpg\",\"contentUrl\":\"https:\/\/blondeau.be\/wp-content\/uploads\/2025\/08\/Logo.jpg\",\"width\":600,\"height\":600,\"caption\":\"Blondeau\"},\"image\":{\"@id\":\"https:\/\/blondeau.be\/fr\/#\/schema\/logo\/image\/\"}}]}<\/script>\n<!-- \/ Yoast SEO plugin. -->","yoast_head_json":{"title":"Transmetteur de pression - Configurations - Blondeau","robots":{"index":"index","follow":"follow","max-snippet":"max-snippet:-1","max-image-preview":"max-image-preview:large","max-video-preview":"max-video-preview:-1"},"canonical":"https:\/\/blondeau.be\/fr\/produit\/transmetteurs-de-pression-smartline-copy-copy-copy-copy\/","og_locale":"fr_FR","og_type":"article","og_title":"Transmetteur de pression - Configurations - Blondeau","og_description":"Les transmetteurs de pression SmartLine exploitent une technologie avanc\u00e9e de capteurs pi\u00e9zor\u00e9sistifs qui int\u00e8gre plusieurs fonctions de mesure au sein d&rsquo;une plateforme unique. Gr\u00e2ce \u00e0 la surveillance simultan\u00e9e de la pression process, de la pression statique (dans les configurations \u00e0 pression diff\u00e9rentielle) et \u00e0 la compensation automatique de temp\u00e9rature, ces instruments d\u00e9livrent une pr\u00e9cision de [&hellip;]","og_url":"https:\/\/blondeau.be\/fr\/produit\/transmetteurs-de-pression-smartline-copy-copy-copy-copy\/","og_site_name":"Blondeau","article_modified_time":"2025-09-05T09:38:47+00:00","og_image":[{"width":561,"height":404,"url":"https:\/\/blondeau.be\/wp-content\/uploads\/2025\/07\/Smartline.jpg","type":"image\/jpeg"}],"twitter_card":"summary_large_image","twitter_misc":{"Dur\u00e9e de lecture estim\u00e9e":"1 minute"},"schema":{"@context":"https:\/\/schema.org","@graph":[{"@type":"WebPage","@id":"https:\/\/blondeau.be\/fr\/produit\/transmetteurs-de-pression-smartline-copy-copy-copy-copy\/","url":"https:\/\/blondeau.be\/fr\/produit\/transmetteurs-de-pression-smartline-copy-copy-copy-copy\/","name":"Transmetteur de pression - Configurations - Blondeau","isPartOf":{"@id":"https:\/\/blondeau.be\/fr\/#website"},"primaryImageOfPage":{"@id":"https:\/\/blondeau.be\/fr\/produit\/transmetteurs-de-pression-smartline-copy-copy-copy-copy\/#primaryimage"},"image":{"@id":"https:\/\/blondeau.be\/fr\/produit\/transmetteurs-de-pression-smartline-copy-copy-copy-copy\/#primaryimage"},"thumbnailUrl":"https:\/\/blondeau.be\/wp-content\/uploads\/2025\/07\/Smartline.jpg","datePublished":"2025-07-18T11:15:43+00:00","dateModified":"2025-09-05T09:38:47+00:00","breadcrumb":{"@id":"https:\/\/blondeau.be\/fr\/produit\/transmetteurs-de-pression-smartline-copy-copy-copy-copy\/#breadcrumb"},"inLanguage":"fr-FR","potentialAction":[{"@type":"ReadAction","target":["https:\/\/blondeau.be\/fr\/produit\/transmetteurs-de-pression-smartline-copy-copy-copy-copy\/"]}]},{"@type":"ImageObject","inLanguage":"fr-FR","@id":"https:\/\/blondeau.be\/fr\/produit\/transmetteurs-de-pression-smartline-copy-copy-copy-copy\/#primaryimage","url":"https:\/\/blondeau.be\/wp-content\/uploads\/2025\/07\/Smartline.jpg","contentUrl":"https:\/\/blondeau.be\/wp-content\/uploads\/2025\/07\/Smartline.jpg","width":561,"height":404},{"@type":"BreadcrumbList","@id":"https:\/\/blondeau.be\/fr\/produit\/transmetteurs-de-pression-smartline-copy-copy-copy-copy\/#breadcrumb","itemListElement":[{"@type":"ListItem","position":1,"name":"Home","item":"https:\/\/blondeau.be\/fr\/accueil\/"},{"@type":"ListItem","position":2,"name":"Catalogue des produits","item":"https:\/\/blondeau.be\/fr\/catalogue-des-produits\/"},{"@type":"ListItem","position":3,"name":"Transmetteur de pression &#8211; Configurations"}]},{"@type":"WebSite","@id":"https:\/\/blondeau.be\/fr\/#website","url":"https:\/\/blondeau.be\/fr\/","name":"Blondeau","description":"Industrial Heating","publisher":{"@id":"https:\/\/blondeau.be\/fr\/#organization"},"potentialAction":[{"@type":"SearchAction","target":{"@type":"EntryPoint","urlTemplate":"https:\/\/blondeau.be\/fr\/?s={search_term_string}"},"query-input":{"@type":"PropertyValueSpecification","valueRequired":true,"valueName":"search_term_string"}}],"inLanguage":"fr-FR"},{"@type":"Organization","@id":"https:\/\/blondeau.be\/fr\/#organization","name":"Blondeau","url":"https:\/\/blondeau.be\/fr\/","logo":{"@type":"ImageObject","inLanguage":"fr-FR","@id":"https:\/\/blondeau.be\/fr\/#\/schema\/logo\/image\/","url":"https:\/\/blondeau.be\/wp-content\/uploads\/2025\/08\/Logo.jpg","contentUrl":"https:\/\/blondeau.be\/wp-content\/uploads\/2025\/08\/Logo.jpg","width":600,"height":600,"caption":"Blondeau"},"image":{"@id":"https:\/\/blondeau.be\/fr\/#\/schema\/logo\/image\/"}}]}},"_links":{"self":[{"href":"https:\/\/blondeau.be\/fr\/wp-json\/wp\/v2\/product\/29262","targetHints":{"allow":["GET"]}}],"collection":[{"href":"https:\/\/blondeau.be\/fr\/wp-json\/wp\/v2\/product"}],"about":[{"href":"https:\/\/blondeau.be\/fr\/wp-json\/wp\/v2\/types\/product"}],"wp:featuredmedia":[{"embeddable":true,"href":"https:\/\/blondeau.be\/fr\/wp-json\/wp\/v2\/media\/29242"}],"wp:attachment":[{"href":"https:\/\/blondeau.be\/fr\/wp-json\/wp\/v2\/media?parent=29262"}],"wp:term":[{"taxonomy":"product_brand","embeddable":true,"href":"https:\/\/blondeau.be\/fr\/wp-json\/wp\/v2\/product_brand?post=29262"},{"taxonomy":"product_cat","embeddable":true,"href":"https:\/\/blondeau.be\/fr\/wp-json\/wp\/v2\/product_cat?post=29262"},{"taxonomy":"product_tag","embeddable":true,"href":"https:\/\/blondeau.be\/fr\/wp-json\/wp\/v2\/product_tag?post=29262"}],"curies":[{"name":"wp","href":"https:\/\/api.w.org\/{rel}","templated":true}]}}