{"id":29259,"date":"2025-07-18T13:11:22","date_gmt":"2025-07-18T11:11:22","guid":{"rendered":"https:\/\/blondeau.be\/?post_type=product&#038;p=29259"},"modified":"2025-09-05T11:38:26","modified_gmt":"2025-09-05T09:38:26","slug":"transmetteurs-de-pression-smartline-copy-copy-2","status":"publish","type":"product","link":"https:\/\/blondeau.be\/fr\/produit\/transmetteurs-de-pression-smartline-copy-copy-2\/","title":{"rendered":"Transmetteur de pression diff\u00e9rentielle &#8211; SmartLine STD800"},"content":{"rendered":"<p data-start=\"89\" data-end=\"649\">Le <strong data-start=\"3\" data-end=\"13\">STD800<\/strong> est sp\u00e9cialement con\u00e7u pour surveiller, contr\u00f4ler et enregistrer la pression diff\u00e9rentielle. Gr\u00e2ce \u00e0 sa conception robuste, ce transmetteur est particuli\u00e8rement adapt\u00e9 aux applications telles que le contr\u00f4le de la combustion, la mesure du d\u00e9bit d&rsquo;air et la d\u00e9termination du niveau hydrostatique dans les r\u00e9servoirs. Gr\u00e2ce \u00e0 la technologie des capteurs pi\u00e9zor\u00e9sistifs avec compensation de temp\u00e9rature int\u00e9gr\u00e9e sur la puce, le STD800 offre une pr\u00e9cision exceptionnelle, une stabilit\u00e9 \u00e0 long terme et des performances fiables sur une large plage de pression et de temp\u00e9rature.  <\/p>\n<p data-start=\"651\" data-end=\"1122\">Faisant partie de la gamme SmartLine\u00ae, le STD800 est dot\u00e9 d&rsquo;un syst\u00e8me diagnostic num\u00e9rique qui permet de d\u00e9tecter rapidement les d\u00e9faillances potentielles, r\u00e9duisant ainsi les temps d&rsquo;arr\u00eat non planifi\u00e9s et les co\u00fbts d&rsquo;exploitation.<\/p>\n<p data-start=\"90\" data-end=\"561\"><strong>Caract\u00e9ristiques et avantages :<\/strong><\/p>\n<ul>\n<li>Jusqu&rsquo;\u00e0 0,03 % de pr\u00e9cision et 0,01 % de stabilit\u00e9 par an, garantie pendant 15 ans<\/li>\n<li>Compensation de la temp\u00e9rature pour des mesures fiables dans des conditions variables<\/li>\n<li>Plage de r\u00e9glage jusqu&rsquo;\u00e0 400:1 et temps de r\u00e9ponse jusqu&rsquo;\u00e0 90 ms<\/li>\n<li>Tous les transmetteurs sont disponibles avec les protocoles de communication suivants : 4-20mA, Honeywell Digitally Enhanced (DE), HART\u00ae (version 7.0) et FOUNDATION\u2122 Fieldbus.<\/li>\n<li>Certifi\u00e9 SIL 2\/3, avec une conception \u00e0 double \u00e9tanch\u00e9it\u00e9 conforme aux normes ANSI\/NFPA et ISA<\/li>\n<li>Disponible en version ATEX\/IECEx pour les zones dangereuses<\/li>\n<li>Le STD800 est disponible en plusieurs mod\u00e8les avec de diff\u00e9rentes plages de mesure<\/li>\n<\/ul>\n<p><strong>Documentation :<\/strong><\/p>\n","protected":false},"excerpt":{"rendered":"<p>Le STD800 est sp\u00e9cialement con\u00e7u pour surveiller, contr\u00f4ler et enregistrer la pression diff\u00e9rentielle. Gr\u00e2ce \u00e0 sa conception robuste, ce transmetteur est particuli\u00e8rement adapt\u00e9 aux applications telles que le contr\u00f4le de la combustion, la mesure du d\u00e9bit d&rsquo;air et la d\u00e9termination du niveau hydrostatique dans les r\u00e9servoirs. Gr\u00e2ce \u00e0 la technologie des capteurs pi\u00e9zor\u00e9sistifs avec compensation [&hellip;]<\/p>\n","protected":false},"featured_media":29221,"template":"","meta":{"_acf_changed":false},"product_brand":[],"product_cat":[473],"product_tag":[322],"class_list":{"0":"post-29259","1":"product","2":"type-product","3":"status-publish","4":"has-post-thumbnail","6":"product_cat-smartline-st800-transmetteur-de-pression","7":"product_tag-transmetteurs","9":"first","10":"instock","11":"taxable","12":"shipping-taxable","13":"product-type-simple"},"acf":[],"yoast_head":"<!-- This site is optimized with the Yoast SEO plugin v26.8 - https:\/\/yoast.com\/product\/yoast-seo-wordpress\/ -->\n<title>Transmetteur de pression diff\u00e9rentielle - SmartLine STD800 - Blondeau<\/title>\n<meta name=\"robots\" content=\"index, follow, max-snippet:-1, max-image-preview:large, max-video-preview:-1\" \/>\n<link rel=\"canonical\" href=\"https:\/\/blondeau.be\/fr\/produit\/transmetteurs-de-pression-smartline-copy-copy-2\/\" \/>\n<meta property=\"og:locale\" content=\"fr_FR\" \/>\n<meta property=\"og:type\" content=\"article\" \/>\n<meta property=\"og:title\" content=\"Transmetteur de pression diff\u00e9rentielle - SmartLine STD800 - Blondeau\" \/>\n<meta property=\"og:description\" content=\"Le STD800 est sp\u00e9cialement con\u00e7u pour surveiller, contr\u00f4ler et enregistrer la pression diff\u00e9rentielle. Gr\u00e2ce \u00e0 sa conception robuste, ce transmetteur est particuli\u00e8rement adapt\u00e9 aux applications telles que le contr\u00f4le de la combustion, la mesure du d\u00e9bit d&rsquo;air et la d\u00e9termination du niveau hydrostatique dans les r\u00e9servoirs. Gr\u00e2ce \u00e0 la technologie des capteurs pi\u00e9zor\u00e9sistifs avec compensation [&hellip;]\" \/>\n<meta property=\"og:url\" content=\"https:\/\/blondeau.be\/fr\/produit\/transmetteurs-de-pression-smartline-copy-copy-2\/\" \/>\n<meta property=\"og:site_name\" content=\"Blondeau\" \/>\n<meta property=\"article:modified_time\" content=\"2025-09-05T09:38:26+00:00\" \/>\n<meta property=\"og:image\" content=\"https:\/\/blondeau.be\/wp-content\/uploads\/2025\/07\/STD700.jpg\" \/>\n\t<meta property=\"og:image:width\" content=\"576\" \/>\n\t<meta property=\"og:image:height\" content=\"576\" \/>\n\t<meta property=\"og:image:type\" content=\"image\/jpeg\" \/>\n<meta name=\"twitter:card\" content=\"summary_large_image\" \/>\n<meta name=\"twitter:label1\" content=\"Dur\u00e9e de lecture estim\u00e9e\" \/>\n\t<meta name=\"twitter:data1\" content=\"1 minute\" \/>\n<script type=\"application\/ld+json\" class=\"yoast-schema-graph\">{\"@context\":\"https:\/\/schema.org\",\"@graph\":[{\"@type\":\"WebPage\",\"@id\":\"https:\/\/blondeau.be\/fr\/produit\/transmetteurs-de-pression-smartline-copy-copy-2\/\",\"url\":\"https:\/\/blondeau.be\/fr\/produit\/transmetteurs-de-pression-smartline-copy-copy-2\/\",\"name\":\"Transmetteur de pression diff\u00e9rentielle - SmartLine STD800 - Blondeau\",\"isPartOf\":{\"@id\":\"https:\/\/blondeau.be\/fr\/#website\"},\"primaryImageOfPage\":{\"@id\":\"https:\/\/blondeau.be\/fr\/produit\/transmetteurs-de-pression-smartline-copy-copy-2\/#primaryimage\"},\"image\":{\"@id\":\"https:\/\/blondeau.be\/fr\/produit\/transmetteurs-de-pression-smartline-copy-copy-2\/#primaryimage\"},\"thumbnailUrl\":\"https:\/\/blondeau.be\/wp-content\/uploads\/2025\/07\/STD700.jpg\",\"datePublished\":\"2025-07-18T11:11:22+00:00\",\"dateModified\":\"2025-09-05T09:38:26+00:00\",\"breadcrumb\":{\"@id\":\"https:\/\/blondeau.be\/fr\/produit\/transmetteurs-de-pression-smartline-copy-copy-2\/#breadcrumb\"},\"inLanguage\":\"fr-FR\",\"potentialAction\":[{\"@type\":\"ReadAction\",\"target\":[\"https:\/\/blondeau.be\/fr\/produit\/transmetteurs-de-pression-smartline-copy-copy-2\/\"]}]},{\"@type\":\"ImageObject\",\"inLanguage\":\"fr-FR\",\"@id\":\"https:\/\/blondeau.be\/fr\/produit\/transmetteurs-de-pression-smartline-copy-copy-2\/#primaryimage\",\"url\":\"https:\/\/blondeau.be\/wp-content\/uploads\/2025\/07\/STD700.jpg\",\"contentUrl\":\"https:\/\/blondeau.be\/wp-content\/uploads\/2025\/07\/STD700.jpg\",\"width\":576,\"height\":576},{\"@type\":\"BreadcrumbList\",\"@id\":\"https:\/\/blondeau.be\/fr\/produit\/transmetteurs-de-pression-smartline-copy-copy-2\/#breadcrumb\",\"itemListElement\":[{\"@type\":\"ListItem\",\"position\":1,\"name\":\"Home\",\"item\":\"https:\/\/blondeau.be\/fr\/accueil\/\"},{\"@type\":\"ListItem\",\"position\":2,\"name\":\"Catalogue des produits\",\"item\":\"https:\/\/blondeau.be\/fr\/catalogue-des-produits\/\"},{\"@type\":\"ListItem\",\"position\":3,\"name\":\"Transmetteur de pression diff\u00e9rentielle &#8211; SmartLine STD800\"}]},{\"@type\":\"WebSite\",\"@id\":\"https:\/\/blondeau.be\/fr\/#website\",\"url\":\"https:\/\/blondeau.be\/fr\/\",\"name\":\"Blondeau\",\"description\":\"Industrial Heating\",\"publisher\":{\"@id\":\"https:\/\/blondeau.be\/fr\/#organization\"},\"potentialAction\":[{\"@type\":\"SearchAction\",\"target\":{\"@type\":\"EntryPoint\",\"urlTemplate\":\"https:\/\/blondeau.be\/fr\/?s={search_term_string}\"},\"query-input\":{\"@type\":\"PropertyValueSpecification\",\"valueRequired\":true,\"valueName\":\"search_term_string\"}}],\"inLanguage\":\"fr-FR\"},{\"@type\":\"Organization\",\"@id\":\"https:\/\/blondeau.be\/fr\/#organization\",\"name\":\"Blondeau\",\"url\":\"https:\/\/blondeau.be\/fr\/\",\"logo\":{\"@type\":\"ImageObject\",\"inLanguage\":\"fr-FR\",\"@id\":\"https:\/\/blondeau.be\/fr\/#\/schema\/logo\/image\/\",\"url\":\"https:\/\/blondeau.be\/wp-content\/uploads\/2025\/08\/Logo.jpg\",\"contentUrl\":\"https:\/\/blondeau.be\/wp-content\/uploads\/2025\/08\/Logo.jpg\",\"width\":600,\"height\":600,\"caption\":\"Blondeau\"},\"image\":{\"@id\":\"https:\/\/blondeau.be\/fr\/#\/schema\/logo\/image\/\"}}]}<\/script>\n<!-- \/ Yoast SEO plugin. -->","yoast_head_json":{"title":"Transmetteur de pression diff\u00e9rentielle - SmartLine STD800 - Blondeau","robots":{"index":"index","follow":"follow","max-snippet":"max-snippet:-1","max-image-preview":"max-image-preview:large","max-video-preview":"max-video-preview:-1"},"canonical":"https:\/\/blondeau.be\/fr\/produit\/transmetteurs-de-pression-smartline-copy-copy-2\/","og_locale":"fr_FR","og_type":"article","og_title":"Transmetteur de pression diff\u00e9rentielle - SmartLine STD800 - Blondeau","og_description":"Le STD800 est sp\u00e9cialement con\u00e7u pour surveiller, contr\u00f4ler et enregistrer la pression diff\u00e9rentielle. Gr\u00e2ce \u00e0 sa conception robuste, ce transmetteur est particuli\u00e8rement adapt\u00e9 aux applications telles que le contr\u00f4le de la combustion, la mesure du d\u00e9bit d&rsquo;air et la d\u00e9termination du niveau hydrostatique dans les r\u00e9servoirs. Gr\u00e2ce \u00e0 la technologie des capteurs pi\u00e9zor\u00e9sistifs avec compensation [&hellip;]","og_url":"https:\/\/blondeau.be\/fr\/produit\/transmetteurs-de-pression-smartline-copy-copy-2\/","og_site_name":"Blondeau","article_modified_time":"2025-09-05T09:38:26+00:00","og_image":[{"width":576,"height":576,"url":"https:\/\/blondeau.be\/wp-content\/uploads\/2025\/07\/STD700.jpg","type":"image\/jpeg"}],"twitter_card":"summary_large_image","twitter_misc":{"Dur\u00e9e de lecture estim\u00e9e":"1 minute"},"schema":{"@context":"https:\/\/schema.org","@graph":[{"@type":"WebPage","@id":"https:\/\/blondeau.be\/fr\/produit\/transmetteurs-de-pression-smartline-copy-copy-2\/","url":"https:\/\/blondeau.be\/fr\/produit\/transmetteurs-de-pression-smartline-copy-copy-2\/","name":"Transmetteur de pression diff\u00e9rentielle - SmartLine STD800 - Blondeau","isPartOf":{"@id":"https:\/\/blondeau.be\/fr\/#website"},"primaryImageOfPage":{"@id":"https:\/\/blondeau.be\/fr\/produit\/transmetteurs-de-pression-smartline-copy-copy-2\/#primaryimage"},"image":{"@id":"https:\/\/blondeau.be\/fr\/produit\/transmetteurs-de-pression-smartline-copy-copy-2\/#primaryimage"},"thumbnailUrl":"https:\/\/blondeau.be\/wp-content\/uploads\/2025\/07\/STD700.jpg","datePublished":"2025-07-18T11:11:22+00:00","dateModified":"2025-09-05T09:38:26+00:00","breadcrumb":{"@id":"https:\/\/blondeau.be\/fr\/produit\/transmetteurs-de-pression-smartline-copy-copy-2\/#breadcrumb"},"inLanguage":"fr-FR","potentialAction":[{"@type":"ReadAction","target":["https:\/\/blondeau.be\/fr\/produit\/transmetteurs-de-pression-smartline-copy-copy-2\/"]}]},{"@type":"ImageObject","inLanguage":"fr-FR","@id":"https:\/\/blondeau.be\/fr\/produit\/transmetteurs-de-pression-smartline-copy-copy-2\/#primaryimage","url":"https:\/\/blondeau.be\/wp-content\/uploads\/2025\/07\/STD700.jpg","contentUrl":"https:\/\/blondeau.be\/wp-content\/uploads\/2025\/07\/STD700.jpg","width":576,"height":576},{"@type":"BreadcrumbList","@id":"https:\/\/blondeau.be\/fr\/produit\/transmetteurs-de-pression-smartline-copy-copy-2\/#breadcrumb","itemListElement":[{"@type":"ListItem","position":1,"name":"Home","item":"https:\/\/blondeau.be\/fr\/accueil\/"},{"@type":"ListItem","position":2,"name":"Catalogue des produits","item":"https:\/\/blondeau.be\/fr\/catalogue-des-produits\/"},{"@type":"ListItem","position":3,"name":"Transmetteur de pression diff\u00e9rentielle &#8211; SmartLine STD800"}]},{"@type":"WebSite","@id":"https:\/\/blondeau.be\/fr\/#website","url":"https:\/\/blondeau.be\/fr\/","name":"Blondeau","description":"Industrial Heating","publisher":{"@id":"https:\/\/blondeau.be\/fr\/#organization"},"potentialAction":[{"@type":"SearchAction","target":{"@type":"EntryPoint","urlTemplate":"https:\/\/blondeau.be\/fr\/?s={search_term_string}"},"query-input":{"@type":"PropertyValueSpecification","valueRequired":true,"valueName":"search_term_string"}}],"inLanguage":"fr-FR"},{"@type":"Organization","@id":"https:\/\/blondeau.be\/fr\/#organization","name":"Blondeau","url":"https:\/\/blondeau.be\/fr\/","logo":{"@type":"ImageObject","inLanguage":"fr-FR","@id":"https:\/\/blondeau.be\/fr\/#\/schema\/logo\/image\/","url":"https:\/\/blondeau.be\/wp-content\/uploads\/2025\/08\/Logo.jpg","contentUrl":"https:\/\/blondeau.be\/wp-content\/uploads\/2025\/08\/Logo.jpg","width":600,"height":600,"caption":"Blondeau"},"image":{"@id":"https:\/\/blondeau.be\/fr\/#\/schema\/logo\/image\/"}}]}},"_links":{"self":[{"href":"https:\/\/blondeau.be\/fr\/wp-json\/wp\/v2\/product\/29259","targetHints":{"allow":["GET"]}}],"collection":[{"href":"https:\/\/blondeau.be\/fr\/wp-json\/wp\/v2\/product"}],"about":[{"href":"https:\/\/blondeau.be\/fr\/wp-json\/wp\/v2\/types\/product"}],"wp:featuredmedia":[{"embeddable":true,"href":"https:\/\/blondeau.be\/fr\/wp-json\/wp\/v2\/media\/29221"}],"wp:attachment":[{"href":"https:\/\/blondeau.be\/fr\/wp-json\/wp\/v2\/media?parent=29259"}],"wp:term":[{"taxonomy":"product_brand","embeddable":true,"href":"https:\/\/blondeau.be\/fr\/wp-json\/wp\/v2\/product_brand?post=29259"},{"taxonomy":"product_cat","embeddable":true,"href":"https:\/\/blondeau.be\/fr\/wp-json\/wp\/v2\/product_cat?post=29259"},{"taxonomy":"product_tag","embeddable":true,"href":"https:\/\/blondeau.be\/fr\/wp-json\/wp\/v2\/product_tag?post=29259"}],"curies":[{"name":"wp","href":"https:\/\/api.w.org\/{rel}","templated":true}]}}