{"id":29255,"date":"2025-07-18T11:59:13","date_gmt":"2025-07-18T09:59:13","guid":{"rendered":"https:\/\/blondeau.be\/?post_type=product&#038;p=29255"},"modified":"2025-09-05T11:38:46","modified_gmt":"2025-09-05T09:38:46","slug":"transmetteurs-de-pression-smartline-copy-copy-copy-2","status":"publish","type":"product","link":"https:\/\/blondeau.be\/fr\/produit\/transmetteurs-de-pression-smartline-copy-copy-copy-2\/","title":{"rendered":"Transmetteur de pression relative &#8211; SmartLine STG800"},"content":{"rendered":"<p class=\"whitespace-normal break-words\">Les transmetteurs de pression relative <strong>STG800 <\/strong>sont con\u00e7us pour surveiller, contr\u00f4ler et enregistrer la pression relative dans de diverses applications industrielles. Gr\u00e2ce \u00e0 la technologie avanc\u00e9e des capteurs pi\u00e9zor\u00e9sistifs avec compensation de temp\u00e9rature int\u00e9gr\u00e9e sur la puce, ces transmetteurs offrent une grande pr\u00e9cision, une excellente stabilit\u00e9 \u00e0 long terme et des performances fiables sur une large plage de pression et de temp\u00e9rature. Ils offrent des performances exceptionnelles et sont id\u00e9aux pour les mesures de haute pression dans les chaudi\u00e8res et l&rsquo;alimentation en carburant, ainsi que pour les applications de niveau de r\u00e9servoir avec des temp\u00e9ratures de processus relativement \u00e9lev\u00e9es.  <\/p>\n<p class=\"whitespace-normal break-words\">Les transmetteurs STG800 Dual Head conviennent aux applications n\u00e9cessitant de petites brides ou des raccords 1\/2&Prime; NPT. Les applications typiques comprennent la mesure de la pression relative des cuves de r\u00e9action dans l&rsquo;industrie chimique et les applications de nivellement avec des temp\u00e9ratures de processus allant jusqu&rsquo;\u00e0 302\u00b0F\/150\u00b0C. Les transmetteurs In-Line se vissent directement sur un embout NPT m\u00e2le de 1\/2&Prime; et peuvent \u00eatre install\u00e9s dans des zones dangereuses pour une mesure de pression pr\u00e9cise et reproductible.<\/p>\n<p data-start=\"1256\" data-end=\"1504\" data-is-last-node=\"\" data-is-only-node=\"\">Faisant partie de la s\u00e9rie SmartLine\u00ae de Honeywell, le STG800 est dot\u00e9 d&rsquo;un syst\u00e8me de diagnostic num\u00e9rique qui d\u00e9tecte les d\u00e9faillances \u00e0 un stade pr\u00e9coce. Cela permet d&rsquo;\u00e9viter les temps d&rsquo;arr\u00eat non planifi\u00e9s et contribue \u00e0 r\u00e9duire les co\u00fbts de maintenance et d&rsquo;exploitation. <\/p>\n<p data-start=\"90\" data-end=\"561\"><strong>Caract\u00e9ristiques et avantages :<\/strong><\/p>\n<ul>\n<li>Jusqu&rsquo;\u00e0 0,03 % de pr\u00e9cision et 0,015 % de stabilit\u00e9 par an, garantie pendant 15 ans<\/li>\n<li>Compensation de la temp\u00e9rature pour des mesures fiables dans des conditions variables<\/li>\n<li>Plage de r\u00e9glage jusqu&rsquo;\u00e0 100:1 et temps de r\u00e9ponse jusqu&rsquo;\u00e0 80 ms<\/li>\n<li>Tous les transmetteurs sont disponibles avec les protocoles de communication suivants : 4-20mA, Honeywell Digitally Enhanced (DE), HART\u00ae (version 7.0) et FOUNDATION\u2122 Fieldbus.<\/li>\n<li>Certifi\u00e9 SIL 2\/3, avec une conception \u00e0 double \u00e9tanch\u00e9it\u00e9 conforme aux normes ANSI\/NFPA et ISA<\/li>\n<li>Disponible en version ATEX\/IECEx pour les zones dangereuses<\/li>\n<li>Le STG700 est disponible en plusieurs mod\u00e8les avec diff\u00e9rentes plages de mesure<\/li>\n<\/ul>\n<p><strong>Documentation :<\/strong><\/p>\n","protected":false},"excerpt":{"rendered":"<p>Les transmetteurs de pression relative STG800 sont con\u00e7us pour surveiller, contr\u00f4ler et enregistrer la pression relative dans de diverses applications industrielles. Gr\u00e2ce \u00e0 la technologie avanc\u00e9e des capteurs pi\u00e9zor\u00e9sistifs avec compensation de temp\u00e9rature int\u00e9gr\u00e9e sur la puce, ces transmetteurs offrent une grande pr\u00e9cision, une excellente stabilit\u00e9 \u00e0 long terme et des performances fiables sur une [&hellip;]<\/p>\n","protected":false},"featured_media":29209,"template":"","meta":{"_acf_changed":false},"product_brand":[],"product_cat":[473],"product_tag":[322],"class_list":{"0":"post-29255","1":"product","2":"type-product","3":"status-publish","4":"has-post-thumbnail","6":"product_cat-smartline-st800-transmetteur-de-pression","7":"product_tag-transmetteurs","9":"first","10":"instock","11":"taxable","12":"shipping-taxable","13":"product-type-simple"},"acf":[],"yoast_head":"<!-- This site is optimized with the Yoast SEO plugin v26.8 - https:\/\/yoast.com\/product\/yoast-seo-wordpress\/ -->\n<title>Transmetteur de pression relative - SmartLine STG800 - Blondeau<\/title>\n<meta name=\"robots\" content=\"index, follow, max-snippet:-1, max-image-preview:large, max-video-preview:-1\" \/>\n<link rel=\"canonical\" href=\"https:\/\/blondeau.be\/fr\/produit\/transmetteurs-de-pression-smartline-copy-copy-copy-2\/\" \/>\n<meta property=\"og:locale\" content=\"fr_FR\" \/>\n<meta property=\"og:type\" content=\"article\" \/>\n<meta property=\"og:title\" content=\"Transmetteur de pression relative - SmartLine STG800 - Blondeau\" \/>\n<meta property=\"og:description\" content=\"Les transmetteurs de pression relative STG800 sont con\u00e7us pour surveiller, contr\u00f4ler et enregistrer la pression relative dans de diverses applications industrielles. Gr\u00e2ce \u00e0 la technologie avanc\u00e9e des capteurs pi\u00e9zor\u00e9sistifs avec compensation de temp\u00e9rature int\u00e9gr\u00e9e sur la puce, ces transmetteurs offrent une grande pr\u00e9cision, une excellente stabilit\u00e9 \u00e0 long terme et des performances fiables sur une [&hellip;]\" \/>\n<meta property=\"og:url\" content=\"https:\/\/blondeau.be\/fr\/produit\/transmetteurs-de-pression-smartline-copy-copy-copy-2\/\" \/>\n<meta property=\"og:site_name\" content=\"Blondeau\" \/>\n<meta property=\"article:modified_time\" content=\"2025-09-05T09:38:46+00:00\" \/>\n<meta property=\"og:image\" content=\"https:\/\/blondeau.be\/wp-content\/uploads\/2025\/05\/STA700.jpg\" \/>\n\t<meta property=\"og:image:width\" content=\"576\" \/>\n\t<meta property=\"og:image:height\" content=\"576\" \/>\n\t<meta property=\"og:image:type\" content=\"image\/jpeg\" \/>\n<meta name=\"twitter:card\" content=\"summary_large_image\" \/>\n<meta name=\"twitter:label1\" content=\"Dur\u00e9e de lecture estim\u00e9e\" \/>\n\t<meta name=\"twitter:data1\" content=\"2 minutes\" \/>\n<script type=\"application\/ld+json\" class=\"yoast-schema-graph\">{\"@context\":\"https:\/\/schema.org\",\"@graph\":[{\"@type\":\"WebPage\",\"@id\":\"https:\/\/blondeau.be\/fr\/produit\/transmetteurs-de-pression-smartline-copy-copy-copy-2\/\",\"url\":\"https:\/\/blondeau.be\/fr\/produit\/transmetteurs-de-pression-smartline-copy-copy-copy-2\/\",\"name\":\"Transmetteur de pression relative - SmartLine STG800 - Blondeau\",\"isPartOf\":{\"@id\":\"https:\/\/blondeau.be\/fr\/#website\"},\"primaryImageOfPage\":{\"@id\":\"https:\/\/blondeau.be\/fr\/produit\/transmetteurs-de-pression-smartline-copy-copy-copy-2\/#primaryimage\"},\"image\":{\"@id\":\"https:\/\/blondeau.be\/fr\/produit\/transmetteurs-de-pression-smartline-copy-copy-copy-2\/#primaryimage\"},\"thumbnailUrl\":\"https:\/\/blondeau.be\/wp-content\/uploads\/2025\/05\/STA700.jpg\",\"datePublished\":\"2025-07-18T09:59:13+00:00\",\"dateModified\":\"2025-09-05T09:38:46+00:00\",\"breadcrumb\":{\"@id\":\"https:\/\/blondeau.be\/fr\/produit\/transmetteurs-de-pression-smartline-copy-copy-copy-2\/#breadcrumb\"},\"inLanguage\":\"fr-FR\",\"potentialAction\":[{\"@type\":\"ReadAction\",\"target\":[\"https:\/\/blondeau.be\/fr\/produit\/transmetteurs-de-pression-smartline-copy-copy-copy-2\/\"]}]},{\"@type\":\"ImageObject\",\"inLanguage\":\"fr-FR\",\"@id\":\"https:\/\/blondeau.be\/fr\/produit\/transmetteurs-de-pression-smartline-copy-copy-copy-2\/#primaryimage\",\"url\":\"https:\/\/blondeau.be\/wp-content\/uploads\/2025\/05\/STA700.jpg\",\"contentUrl\":\"https:\/\/blondeau.be\/wp-content\/uploads\/2025\/05\/STA700.jpg\",\"width\":576,\"height\":576},{\"@type\":\"BreadcrumbList\",\"@id\":\"https:\/\/blondeau.be\/fr\/produit\/transmetteurs-de-pression-smartline-copy-copy-copy-2\/#breadcrumb\",\"itemListElement\":[{\"@type\":\"ListItem\",\"position\":1,\"name\":\"Home\",\"item\":\"https:\/\/blondeau.be\/fr\/accueil\/\"},{\"@type\":\"ListItem\",\"position\":2,\"name\":\"Catalogue des produits\",\"item\":\"https:\/\/blondeau.be\/fr\/catalogue-des-produits\/\"},{\"@type\":\"ListItem\",\"position\":3,\"name\":\"Transmetteur de pression relative &#8211; SmartLine STG800\"}]},{\"@type\":\"WebSite\",\"@id\":\"https:\/\/blondeau.be\/fr\/#website\",\"url\":\"https:\/\/blondeau.be\/fr\/\",\"name\":\"Blondeau\",\"description\":\"Industrial Heating\",\"publisher\":{\"@id\":\"https:\/\/blondeau.be\/fr\/#organization\"},\"potentialAction\":[{\"@type\":\"SearchAction\",\"target\":{\"@type\":\"EntryPoint\",\"urlTemplate\":\"https:\/\/blondeau.be\/fr\/?s={search_term_string}\"},\"query-input\":{\"@type\":\"PropertyValueSpecification\",\"valueRequired\":true,\"valueName\":\"search_term_string\"}}],\"inLanguage\":\"fr-FR\"},{\"@type\":\"Organization\",\"@id\":\"https:\/\/blondeau.be\/fr\/#organization\",\"name\":\"Blondeau\",\"url\":\"https:\/\/blondeau.be\/fr\/\",\"logo\":{\"@type\":\"ImageObject\",\"inLanguage\":\"fr-FR\",\"@id\":\"https:\/\/blondeau.be\/fr\/#\/schema\/logo\/image\/\",\"url\":\"https:\/\/blondeau.be\/wp-content\/uploads\/2025\/08\/Logo.jpg\",\"contentUrl\":\"https:\/\/blondeau.be\/wp-content\/uploads\/2025\/08\/Logo.jpg\",\"width\":600,\"height\":600,\"caption\":\"Blondeau\"},\"image\":{\"@id\":\"https:\/\/blondeau.be\/fr\/#\/schema\/logo\/image\/\"}}]}<\/script>\n<!-- \/ Yoast SEO plugin. -->","yoast_head_json":{"title":"Transmetteur de pression relative - SmartLine STG800 - Blondeau","robots":{"index":"index","follow":"follow","max-snippet":"max-snippet:-1","max-image-preview":"max-image-preview:large","max-video-preview":"max-video-preview:-1"},"canonical":"https:\/\/blondeau.be\/fr\/produit\/transmetteurs-de-pression-smartline-copy-copy-copy-2\/","og_locale":"fr_FR","og_type":"article","og_title":"Transmetteur de pression relative - SmartLine STG800 - Blondeau","og_description":"Les transmetteurs de pression relative STG800 sont con\u00e7us pour surveiller, contr\u00f4ler et enregistrer la pression relative dans de diverses applications industrielles. Gr\u00e2ce \u00e0 la technologie avanc\u00e9e des capteurs pi\u00e9zor\u00e9sistifs avec compensation de temp\u00e9rature int\u00e9gr\u00e9e sur la puce, ces transmetteurs offrent une grande pr\u00e9cision, une excellente stabilit\u00e9 \u00e0 long terme et des performances fiables sur une [&hellip;]","og_url":"https:\/\/blondeau.be\/fr\/produit\/transmetteurs-de-pression-smartline-copy-copy-copy-2\/","og_site_name":"Blondeau","article_modified_time":"2025-09-05T09:38:46+00:00","og_image":[{"width":576,"height":576,"url":"https:\/\/blondeau.be\/wp-content\/uploads\/2025\/05\/STA700.jpg","type":"image\/jpeg"}],"twitter_card":"summary_large_image","twitter_misc":{"Dur\u00e9e de lecture estim\u00e9e":"2 minutes"},"schema":{"@context":"https:\/\/schema.org","@graph":[{"@type":"WebPage","@id":"https:\/\/blondeau.be\/fr\/produit\/transmetteurs-de-pression-smartline-copy-copy-copy-2\/","url":"https:\/\/blondeau.be\/fr\/produit\/transmetteurs-de-pression-smartline-copy-copy-copy-2\/","name":"Transmetteur de pression relative - SmartLine STG800 - Blondeau","isPartOf":{"@id":"https:\/\/blondeau.be\/fr\/#website"},"primaryImageOfPage":{"@id":"https:\/\/blondeau.be\/fr\/produit\/transmetteurs-de-pression-smartline-copy-copy-copy-2\/#primaryimage"},"image":{"@id":"https:\/\/blondeau.be\/fr\/produit\/transmetteurs-de-pression-smartline-copy-copy-copy-2\/#primaryimage"},"thumbnailUrl":"https:\/\/blondeau.be\/wp-content\/uploads\/2025\/05\/STA700.jpg","datePublished":"2025-07-18T09:59:13+00:00","dateModified":"2025-09-05T09:38:46+00:00","breadcrumb":{"@id":"https:\/\/blondeau.be\/fr\/produit\/transmetteurs-de-pression-smartline-copy-copy-copy-2\/#breadcrumb"},"inLanguage":"fr-FR","potentialAction":[{"@type":"ReadAction","target":["https:\/\/blondeau.be\/fr\/produit\/transmetteurs-de-pression-smartline-copy-copy-copy-2\/"]}]},{"@type":"ImageObject","inLanguage":"fr-FR","@id":"https:\/\/blondeau.be\/fr\/produit\/transmetteurs-de-pression-smartline-copy-copy-copy-2\/#primaryimage","url":"https:\/\/blondeau.be\/wp-content\/uploads\/2025\/05\/STA700.jpg","contentUrl":"https:\/\/blondeau.be\/wp-content\/uploads\/2025\/05\/STA700.jpg","width":576,"height":576},{"@type":"BreadcrumbList","@id":"https:\/\/blondeau.be\/fr\/produit\/transmetteurs-de-pression-smartline-copy-copy-copy-2\/#breadcrumb","itemListElement":[{"@type":"ListItem","position":1,"name":"Home","item":"https:\/\/blondeau.be\/fr\/accueil\/"},{"@type":"ListItem","position":2,"name":"Catalogue des produits","item":"https:\/\/blondeau.be\/fr\/catalogue-des-produits\/"},{"@type":"ListItem","position":3,"name":"Transmetteur de pression relative &#8211; SmartLine STG800"}]},{"@type":"WebSite","@id":"https:\/\/blondeau.be\/fr\/#website","url":"https:\/\/blondeau.be\/fr\/","name":"Blondeau","description":"Industrial Heating","publisher":{"@id":"https:\/\/blondeau.be\/fr\/#organization"},"potentialAction":[{"@type":"SearchAction","target":{"@type":"EntryPoint","urlTemplate":"https:\/\/blondeau.be\/fr\/?s={search_term_string}"},"query-input":{"@type":"PropertyValueSpecification","valueRequired":true,"valueName":"search_term_string"}}],"inLanguage":"fr-FR"},{"@type":"Organization","@id":"https:\/\/blondeau.be\/fr\/#organization","name":"Blondeau","url":"https:\/\/blondeau.be\/fr\/","logo":{"@type":"ImageObject","inLanguage":"fr-FR","@id":"https:\/\/blondeau.be\/fr\/#\/schema\/logo\/image\/","url":"https:\/\/blondeau.be\/wp-content\/uploads\/2025\/08\/Logo.jpg","contentUrl":"https:\/\/blondeau.be\/wp-content\/uploads\/2025\/08\/Logo.jpg","width":600,"height":600,"caption":"Blondeau"},"image":{"@id":"https:\/\/blondeau.be\/fr\/#\/schema\/logo\/image\/"}}]}},"_links":{"self":[{"href":"https:\/\/blondeau.be\/fr\/wp-json\/wp\/v2\/product\/29255","targetHints":{"allow":["GET"]}}],"collection":[{"href":"https:\/\/blondeau.be\/fr\/wp-json\/wp\/v2\/product"}],"about":[{"href":"https:\/\/blondeau.be\/fr\/wp-json\/wp\/v2\/types\/product"}],"wp:featuredmedia":[{"embeddable":true,"href":"https:\/\/blondeau.be\/fr\/wp-json\/wp\/v2\/media\/29209"}],"wp:attachment":[{"href":"https:\/\/blondeau.be\/fr\/wp-json\/wp\/v2\/media?parent=29255"}],"wp:term":[{"taxonomy":"product_brand","embeddable":true,"href":"https:\/\/blondeau.be\/fr\/wp-json\/wp\/v2\/product_brand?post=29255"},{"taxonomy":"product_cat","embeddable":true,"href":"https:\/\/blondeau.be\/fr\/wp-json\/wp\/v2\/product_cat?post=29255"},{"taxonomy":"product_tag","embeddable":true,"href":"https:\/\/blondeau.be\/fr\/wp-json\/wp\/v2\/product_tag?post=29255"}],"curies":[{"name":"wp","href":"https:\/\/api.w.org\/{rel}","templated":true}]}}