{"id":29229,"date":"2025-07-15T16:51:04","date_gmt":"2025-07-15T14:51:04","guid":{"rendered":"https:\/\/blondeau.be\/?post_type=product&#038;p=29229"},"modified":"2025-09-05T11:39:05","modified_gmt":"2025-09-05T09:39:05","slug":"transmetteurs-de-pression-smartline-copy-copy-copy","status":"publish","type":"product","link":"https:\/\/blondeau.be\/fr\/produit\/transmetteurs-de-pression-smartline-copy-copy-copy\/","title":{"rendered":"Transmetteur de pression &#8211; Configurations"},"content":{"rendered":"<p data-start=\"76\" data-end=\"679\">Les transmetteurs de pression SmartLine exploitent une technologie avanc\u00e9e de capteurs pi\u00e9zor\u00e9sistifs qui int\u00e8gre plusieurs fonctions de mesure au sein d&rsquo;une plateforme unique. Gr\u00e2ce \u00e0 la surveillance simultan\u00e9e de la pression process, de la pression statique (dans les configurations \u00e0 pression diff\u00e9rentielle) et \u00e0 la compensation automatique de temp\u00e9rature, ces instruments d\u00e9livrent une pr\u00e9cision de mesure sup\u00e9rieure et une fiabilit\u00e9 op\u00e9rationnelle exceptionnelle. L&rsquo;architecture modulaire permet diverses configurations, positionnant les transmetteurs SmartLine comme des solutions polyvalentes pour des applications industrielles \u00e9tendues.  <\/p>\n<ul>\n<li data-start=\"681\" data-end=\"1254\">Le <a href=\"https:\/\/process.honeywell.com\/us\/en\/products\/field-instruments\/pressure-transmitters\/smartline-st700-pressure-transmitters\/flange-mount-transmitters-smartline-stf700?utm_source=hon_email&amp;utm_medium=email&amp;utm_campaign=25-sets-hts-npi-thermalsolutions_dgsmart-email&amp;utm_content=or-marketo-em1#overview\" target=\"_blank\" rel=\"noopener\"><strong>STF700<\/strong> <\/a>est con\u00e7u pour \u00eatre mont\u00e9 directement sur les brides des r\u00e9servoirs et sont propos\u00e9s avec diff\u00e9rentes options de raccordement aux r\u00e9servoirs. Ces instruments conviennent parfaitement aux processus critiques tels que le transfert officiel de gaz naturel (transfert de garde) et les bilans massiques pr\u00e9cis d&rsquo;\u00e9nergie et de mati\u00e8res, pour lesquels la pr\u00e9cision des mesures et la stabilit\u00e9 \u00e0 long terme sont cruciales. Le syst\u00e8me offre quatre plages de mesure diff\u00e9rentes.  <\/li>\n<p> \t<\/p>\n<li data-start=\"681\" data-end=\"1254\">Le <a style=\"font-size: 1rem;\" href=\"https:\/\/process.honeywell.com\/us\/en\/products\/field-instruments\/pressure-transmitters\/smartline-st700-pressure-transmitters\/flush-mount-pressure-transmitters-smartline-st700?utm_source=hon_email&amp;utm_medium=email&amp;utm_campaign=25-sets-hts-npi-thermalsolutions_dgsmart-email&amp;utm_content=or-marketo-em1#overview\" target=\"_blank\" rel=\"noopener\"><strong>STG73P<\/strong> <\/a> <span style=\"font-size: 1rem;\">est sp\u00e9cialement con\u00e7u pour une int\u00e9gration directe dans le proc\u00e9d\u00e9 par l&rsquo;interm\u00e9diaire d&rsquo;un manchon de 1&Prime; soud\u00e9 dans la conduite du proc\u00e9d\u00e9. Le positionnement plat de la surface de la membrane par rapport \u00e0 la paroi interne de la conduite \u00e9vite les obstructions et garantit une mesure coh\u00e9rente. Ces transmetteurs trouvent principalement leur application dans les processus critiques tels que la caisse de t\u00eate des usines de papier et de p\u00e2te \u00e0 papier. La plage de mesure varie de 0-1 \u00e0 0-100 psig et les instruments sont certifi\u00e9s pour une utilisation dans les zones dangereuses. La conception plate combin\u00e9e au montage enfichable garantit un remplacement rapide et sans probl\u00e8me, ce qui permet d&rsquo;assurer une continuit\u00e9 maximale de l&rsquo;activit\u00e9.    <\/span><\/li>\n<p> \t<\/p>\n<li data-start=\"681\" data-end=\"1254\">Le <a href=\"https:\/\/process.honeywell.com\/us\/en\/products\/field-instruments\/pressure-transmitters\/smartline-st700-pressure-transmitters\/remote-diaphragm-transmitters-smartline-str700?utm_source=hon_email&amp;utm_medium=email&amp;utm_campaign=25-sets-hts-npi-thermalsolutions_dgsmart-email&amp;utm_content=or-marketo-em1#overview\" target=\"_blank\" rel=\"noopener\"><strong>STR700<\/strong><\/a>-avec joints \u00e0 membrane \u00e0 distance constituent une solution polyvalente et pr\u00e9cise pour les proc\u00e9d\u00e9s utilisant des fluides corrosifs ou des temp\u00e9ratures \u00e9lev\u00e9es. Le syst\u00e8me offre diverses options de configuration adapt\u00e9es aux exigences sp\u00e9cifiques de l&rsquo;application, telles que les joints \u00e0 bride plate, les joints \u00e0 bride avec membrane \u00e9tendue, les joints pancake, les t\u00e9s chimiques avec cale Taylor, les joints \u00e0 selle, etc. La gamme de produits comprend quatre variantes de mod\u00e8les avec diff\u00e9rentes plages de mesure et limites de pression, con\u00e7ues pour une mesure pr\u00e9cise de la pression dans des environnements industriels difficiles.  <\/li>\n<\/ul>\n<p>&nbsp;<\/p>\n","protected":false},"excerpt":{"rendered":"<p>Les transmetteurs de pression SmartLine exploitent une technologie avanc\u00e9e de capteurs pi\u00e9zor\u00e9sistifs qui int\u00e8gre plusieurs fonctions de mesure au sein d&rsquo;une plateforme unique. Gr\u00e2ce \u00e0 la surveillance simultan\u00e9e de la pression process, de la pression statique (dans les configurations \u00e0 pression diff\u00e9rentielle) et \u00e0 la compensation automatique de temp\u00e9rature, ces instruments d\u00e9livrent une pr\u00e9cision de [&hellip;]<\/p>\n","protected":false},"featured_media":29242,"template":"","meta":{"_acf_changed":false},"product_brand":[],"product_cat":[475],"product_tag":[322],"class_list":{"0":"post-29229","1":"product","2":"type-product","3":"status-publish","4":"has-post-thumbnail","6":"product_cat-smartline-st700-transmetteur-de-pression","7":"product_tag-transmetteurs","9":"first","10":"instock","11":"taxable","12":"shipping-taxable","13":"product-type-simple"},"acf":[],"yoast_head":"<!-- This site is optimized with the Yoast SEO plugin v26.8 - https:\/\/yoast.com\/product\/yoast-seo-wordpress\/ -->\n<title>Transmetteur de pression - Configurations - Blondeau<\/title>\n<meta name=\"robots\" content=\"index, follow, max-snippet:-1, max-image-preview:large, max-video-preview:-1\" \/>\n<link rel=\"canonical\" href=\"https:\/\/blondeau.be\/fr\/produit\/transmetteurs-de-pression-smartline-copy-copy-copy\/\" \/>\n<meta property=\"og:locale\" content=\"fr_FR\" \/>\n<meta property=\"og:type\" content=\"article\" \/>\n<meta property=\"og:title\" content=\"Transmetteur de pression - Configurations - Blondeau\" \/>\n<meta property=\"og:description\" content=\"Les transmetteurs de pression SmartLine exploitent une technologie avanc\u00e9e de capteurs pi\u00e9zor\u00e9sistifs qui int\u00e8gre plusieurs fonctions de mesure au sein d&rsquo;une plateforme unique. Gr\u00e2ce \u00e0 la surveillance simultan\u00e9e de la pression process, de la pression statique (dans les configurations \u00e0 pression diff\u00e9rentielle) et \u00e0 la compensation automatique de temp\u00e9rature, ces instruments d\u00e9livrent une pr\u00e9cision de [&hellip;]\" \/>\n<meta property=\"og:url\" content=\"https:\/\/blondeau.be\/fr\/produit\/transmetteurs-de-pression-smartline-copy-copy-copy\/\" \/>\n<meta property=\"og:site_name\" content=\"Blondeau\" \/>\n<meta property=\"article:modified_time\" content=\"2025-09-05T09:39:05+00:00\" \/>\n<meta property=\"og:image\" content=\"https:\/\/blondeau.be\/wp-content\/uploads\/2025\/07\/Smartline.jpg\" \/>\n\t<meta property=\"og:image:width\" content=\"561\" \/>\n\t<meta property=\"og:image:height\" content=\"404\" \/>\n\t<meta property=\"og:image:type\" content=\"image\/jpeg\" \/>\n<meta name=\"twitter:card\" content=\"summary_large_image\" \/>\n<meta name=\"twitter:label1\" content=\"Dur\u00e9e de lecture estim\u00e9e\" \/>\n\t<meta name=\"twitter:data1\" content=\"2 minutes\" \/>\n<script type=\"application\/ld+json\" class=\"yoast-schema-graph\">{\"@context\":\"https:\/\/schema.org\",\"@graph\":[{\"@type\":\"WebPage\",\"@id\":\"https:\/\/blondeau.be\/fr\/produit\/transmetteurs-de-pression-smartline-copy-copy-copy\/\",\"url\":\"https:\/\/blondeau.be\/fr\/produit\/transmetteurs-de-pression-smartline-copy-copy-copy\/\",\"name\":\"Transmetteur de pression - Configurations - Blondeau\",\"isPartOf\":{\"@id\":\"https:\/\/blondeau.be\/fr\/#website\"},\"primaryImageOfPage\":{\"@id\":\"https:\/\/blondeau.be\/fr\/produit\/transmetteurs-de-pression-smartline-copy-copy-copy\/#primaryimage\"},\"image\":{\"@id\":\"https:\/\/blondeau.be\/fr\/produit\/transmetteurs-de-pression-smartline-copy-copy-copy\/#primaryimage\"},\"thumbnailUrl\":\"https:\/\/blondeau.be\/wp-content\/uploads\/2025\/07\/Smartline.jpg\",\"datePublished\":\"2025-07-15T14:51:04+00:00\",\"dateModified\":\"2025-09-05T09:39:05+00:00\",\"breadcrumb\":{\"@id\":\"https:\/\/blondeau.be\/fr\/produit\/transmetteurs-de-pression-smartline-copy-copy-copy\/#breadcrumb\"},\"inLanguage\":\"fr-FR\",\"potentialAction\":[{\"@type\":\"ReadAction\",\"target\":[\"https:\/\/blondeau.be\/fr\/produit\/transmetteurs-de-pression-smartline-copy-copy-copy\/\"]}]},{\"@type\":\"ImageObject\",\"inLanguage\":\"fr-FR\",\"@id\":\"https:\/\/blondeau.be\/fr\/produit\/transmetteurs-de-pression-smartline-copy-copy-copy\/#primaryimage\",\"url\":\"https:\/\/blondeau.be\/wp-content\/uploads\/2025\/07\/Smartline.jpg\",\"contentUrl\":\"https:\/\/blondeau.be\/wp-content\/uploads\/2025\/07\/Smartline.jpg\",\"width\":561,\"height\":404},{\"@type\":\"BreadcrumbList\",\"@id\":\"https:\/\/blondeau.be\/fr\/produit\/transmetteurs-de-pression-smartline-copy-copy-copy\/#breadcrumb\",\"itemListElement\":[{\"@type\":\"ListItem\",\"position\":1,\"name\":\"Home\",\"item\":\"https:\/\/blondeau.be\/fr\/accueil\/\"},{\"@type\":\"ListItem\",\"position\":2,\"name\":\"Catalogue des produits\",\"item\":\"https:\/\/blondeau.be\/fr\/catalogue-des-produits\/\"},{\"@type\":\"ListItem\",\"position\":3,\"name\":\"Transmetteur de pression &#8211; Configurations\"}]},{\"@type\":\"WebSite\",\"@id\":\"https:\/\/blondeau.be\/fr\/#website\",\"url\":\"https:\/\/blondeau.be\/fr\/\",\"name\":\"Blondeau\",\"description\":\"Industrial Heating\",\"publisher\":{\"@id\":\"https:\/\/blondeau.be\/fr\/#organization\"},\"potentialAction\":[{\"@type\":\"SearchAction\",\"target\":{\"@type\":\"EntryPoint\",\"urlTemplate\":\"https:\/\/blondeau.be\/fr\/?s={search_term_string}\"},\"query-input\":{\"@type\":\"PropertyValueSpecification\",\"valueRequired\":true,\"valueName\":\"search_term_string\"}}],\"inLanguage\":\"fr-FR\"},{\"@type\":\"Organization\",\"@id\":\"https:\/\/blondeau.be\/fr\/#organization\",\"name\":\"Blondeau\",\"url\":\"https:\/\/blondeau.be\/fr\/\",\"logo\":{\"@type\":\"ImageObject\",\"inLanguage\":\"fr-FR\",\"@id\":\"https:\/\/blondeau.be\/fr\/#\/schema\/logo\/image\/\",\"url\":\"https:\/\/blondeau.be\/wp-content\/uploads\/2025\/08\/Logo.jpg\",\"contentUrl\":\"https:\/\/blondeau.be\/wp-content\/uploads\/2025\/08\/Logo.jpg\",\"width\":600,\"height\":600,\"caption\":\"Blondeau\"},\"image\":{\"@id\":\"https:\/\/blondeau.be\/fr\/#\/schema\/logo\/image\/\"}}]}<\/script>\n<!-- \/ Yoast SEO plugin. -->","yoast_head_json":{"title":"Transmetteur de pression - Configurations - Blondeau","robots":{"index":"index","follow":"follow","max-snippet":"max-snippet:-1","max-image-preview":"max-image-preview:large","max-video-preview":"max-video-preview:-1"},"canonical":"https:\/\/blondeau.be\/fr\/produit\/transmetteurs-de-pression-smartline-copy-copy-copy\/","og_locale":"fr_FR","og_type":"article","og_title":"Transmetteur de pression - Configurations - Blondeau","og_description":"Les transmetteurs de pression SmartLine exploitent une technologie avanc\u00e9e de capteurs pi\u00e9zor\u00e9sistifs qui int\u00e8gre plusieurs fonctions de mesure au sein d&rsquo;une plateforme unique. Gr\u00e2ce \u00e0 la surveillance simultan\u00e9e de la pression process, de la pression statique (dans les configurations \u00e0 pression diff\u00e9rentielle) et \u00e0 la compensation automatique de temp\u00e9rature, ces instruments d\u00e9livrent une pr\u00e9cision de [&hellip;]","og_url":"https:\/\/blondeau.be\/fr\/produit\/transmetteurs-de-pression-smartline-copy-copy-copy\/","og_site_name":"Blondeau","article_modified_time":"2025-09-05T09:39:05+00:00","og_image":[{"width":561,"height":404,"url":"https:\/\/blondeau.be\/wp-content\/uploads\/2025\/07\/Smartline.jpg","type":"image\/jpeg"}],"twitter_card":"summary_large_image","twitter_misc":{"Dur\u00e9e de lecture estim\u00e9e":"2 minutes"},"schema":{"@context":"https:\/\/schema.org","@graph":[{"@type":"WebPage","@id":"https:\/\/blondeau.be\/fr\/produit\/transmetteurs-de-pression-smartline-copy-copy-copy\/","url":"https:\/\/blondeau.be\/fr\/produit\/transmetteurs-de-pression-smartline-copy-copy-copy\/","name":"Transmetteur de pression - Configurations - Blondeau","isPartOf":{"@id":"https:\/\/blondeau.be\/fr\/#website"},"primaryImageOfPage":{"@id":"https:\/\/blondeau.be\/fr\/produit\/transmetteurs-de-pression-smartline-copy-copy-copy\/#primaryimage"},"image":{"@id":"https:\/\/blondeau.be\/fr\/produit\/transmetteurs-de-pression-smartline-copy-copy-copy\/#primaryimage"},"thumbnailUrl":"https:\/\/blondeau.be\/wp-content\/uploads\/2025\/07\/Smartline.jpg","datePublished":"2025-07-15T14:51:04+00:00","dateModified":"2025-09-05T09:39:05+00:00","breadcrumb":{"@id":"https:\/\/blondeau.be\/fr\/produit\/transmetteurs-de-pression-smartline-copy-copy-copy\/#breadcrumb"},"inLanguage":"fr-FR","potentialAction":[{"@type":"ReadAction","target":["https:\/\/blondeau.be\/fr\/produit\/transmetteurs-de-pression-smartline-copy-copy-copy\/"]}]},{"@type":"ImageObject","inLanguage":"fr-FR","@id":"https:\/\/blondeau.be\/fr\/produit\/transmetteurs-de-pression-smartline-copy-copy-copy\/#primaryimage","url":"https:\/\/blondeau.be\/wp-content\/uploads\/2025\/07\/Smartline.jpg","contentUrl":"https:\/\/blondeau.be\/wp-content\/uploads\/2025\/07\/Smartline.jpg","width":561,"height":404},{"@type":"BreadcrumbList","@id":"https:\/\/blondeau.be\/fr\/produit\/transmetteurs-de-pression-smartline-copy-copy-copy\/#breadcrumb","itemListElement":[{"@type":"ListItem","position":1,"name":"Home","item":"https:\/\/blondeau.be\/fr\/accueil\/"},{"@type":"ListItem","position":2,"name":"Catalogue des produits","item":"https:\/\/blondeau.be\/fr\/catalogue-des-produits\/"},{"@type":"ListItem","position":3,"name":"Transmetteur de pression &#8211; Configurations"}]},{"@type":"WebSite","@id":"https:\/\/blondeau.be\/fr\/#website","url":"https:\/\/blondeau.be\/fr\/","name":"Blondeau","description":"Industrial Heating","publisher":{"@id":"https:\/\/blondeau.be\/fr\/#organization"},"potentialAction":[{"@type":"SearchAction","target":{"@type":"EntryPoint","urlTemplate":"https:\/\/blondeau.be\/fr\/?s={search_term_string}"},"query-input":{"@type":"PropertyValueSpecification","valueRequired":true,"valueName":"search_term_string"}}],"inLanguage":"fr-FR"},{"@type":"Organization","@id":"https:\/\/blondeau.be\/fr\/#organization","name":"Blondeau","url":"https:\/\/blondeau.be\/fr\/","logo":{"@type":"ImageObject","inLanguage":"fr-FR","@id":"https:\/\/blondeau.be\/fr\/#\/schema\/logo\/image\/","url":"https:\/\/blondeau.be\/wp-content\/uploads\/2025\/08\/Logo.jpg","contentUrl":"https:\/\/blondeau.be\/wp-content\/uploads\/2025\/08\/Logo.jpg","width":600,"height":600,"caption":"Blondeau"},"image":{"@id":"https:\/\/blondeau.be\/fr\/#\/schema\/logo\/image\/"}}]}},"_links":{"self":[{"href":"https:\/\/blondeau.be\/fr\/wp-json\/wp\/v2\/product\/29229","targetHints":{"allow":["GET"]}}],"collection":[{"href":"https:\/\/blondeau.be\/fr\/wp-json\/wp\/v2\/product"}],"about":[{"href":"https:\/\/blondeau.be\/fr\/wp-json\/wp\/v2\/types\/product"}],"wp:featuredmedia":[{"embeddable":true,"href":"https:\/\/blondeau.be\/fr\/wp-json\/wp\/v2\/media\/29242"}],"wp:attachment":[{"href":"https:\/\/blondeau.be\/fr\/wp-json\/wp\/v2\/media?parent=29229"}],"wp:term":[{"taxonomy":"product_brand","embeddable":true,"href":"https:\/\/blondeau.be\/fr\/wp-json\/wp\/v2\/product_brand?post=29229"},{"taxonomy":"product_cat","embeddable":true,"href":"https:\/\/blondeau.be\/fr\/wp-json\/wp\/v2\/product_cat?post=29229"},{"taxonomy":"product_tag","embeddable":true,"href":"https:\/\/blondeau.be\/fr\/wp-json\/wp\/v2\/product_tag?post=29229"}],"curies":[{"name":"wp","href":"https:\/\/api.w.org\/{rel}","templated":true}]}}