{"id":29225,"date":"2025-07-15T16:15:53","date_gmt":"2025-07-15T14:15:53","guid":{"rendered":"https:\/\/blondeau.be\/?post_type=product&#038;p=29225"},"modified":"2025-09-05T11:39:06","modified_gmt":"2025-09-05T09:39:06","slug":"transmetteurs-de-pression-smartline-copy-copy","status":"publish","type":"product","link":"https:\/\/blondeau.be\/fr\/produit\/transmetteurs-de-pression-smartline-copy-copy\/","title":{"rendered":"Transmetteur de pression relative &#8211; SmartLine STG700"},"content":{"rendered":"<p data-start=\"76\" data-end=\"679\">Le <strong data-start=\"79\" data-end=\"89\">STG700<\/strong> est con\u00e7u pour surveiller, contr\u00f4ler et enregistrer la pression relative dans diverses applications industrielles. Gr\u00e2ce \u00e0 la technologie avanc\u00e9e des capteurs pi\u00e9zor\u00e9sistifs avec compensation de temp\u00e9rature int\u00e9gr\u00e9e sur la puce, ce transmetteur offre une grande pr\u00e9cision, une excellente stabilit\u00e9 \u00e0 long terme et des performances fiables sur une large plage de pression et de temp\u00e9rature. Le STG700 est donc particuli\u00e8rement adapt\u00e9 aux applications telles que les mesures de pression \u00e9lev\u00e9e dans les chaudi\u00e8res et les syst\u00e8mes d&rsquo;alimentation en carburant, ainsi qu&rsquo;\u00e0 la d\u00e9termination du niveau des r\u00e9servoirs \u00e0 des temp\u00e9ratures \u00e9lev\u00e9es.  <\/p>\n<p data-start=\"681\" data-end=\"1254\">La version \u00e0 double t\u00eate est optimis\u00e9e pour la mesure de la pression et du niveau dans les cuves de r\u00e9action de l&rsquo;industrie chimique et fonctionne de mani\u00e8re fiable \u00e0 des temp\u00e9ratures de processus allant jusqu&rsquo;\u00e0 125 \u00b0C (257 \u00b0F). La variante In-Line peut \u00eatre mont\u00e9e directement sur un mamelon \u00bd\u2033 NPT et convient aux environnements explosifs, o\u00f9 une mesure de pression pr\u00e9cise et stable est n\u00e9cessaire. Les applications typiques comprennent les processus \u00e0 haute pression dans les chaudi\u00e8res, les conduites de carburant et les cuves de r\u00e9action dans les industries p\u00e9trochimiques et des hydrocarbures.  <\/p>\n<p data-start=\"1256\" data-end=\"1504\" data-is-last-node=\"\" data-is-only-node=\"\">Faisant partie de la s\u00e9rie SmartLine\u00ae de Honeywell, le STG700 est dot\u00e9 d&rsquo;un syst\u00e8me de diagnostic num\u00e9rique qui d\u00e9tecte les d\u00e9faillances \u00e0 un stade pr\u00e9coce. Cela permet d&rsquo;\u00e9viter les temps d&rsquo;arr\u00eat non planifi\u00e9s et contribue \u00e0 r\u00e9duire les co\u00fbts de maintenance et d&rsquo;exploitation. <\/p>\n<p data-start=\"90\" data-end=\"561\"><strong>Caract\u00e9ristiques et avantages :<\/strong><\/p>\n<ul>\n<li>Jusqu&rsquo;\u00e0 0,04 % de pr\u00e9cision et 0,02 % de stabilit\u00e9 par an, garantie pendant 10 ans<\/li>\n<li>Compensation de la temp\u00e9rature pour des mesures fiables dans des conditions variables<\/li>\n<li>Plage de r\u00e9glage jusqu&rsquo;\u00e0 100:1 et temps de r\u00e9ponse jusqu&rsquo;\u00e0 100 ms<\/li>\n<li>Certifi\u00e9 SIL 2\/3, avec une conception \u00e0 double \u00e9tanch\u00e9it\u00e9 conforme aux normes ANSI\/NFPA et ISA<\/li>\n<li>Disponible en version ATEX\/IECEx pour les zones dangereuses<\/li>\n<li>Le STG700 est disponible en plusieurs mod\u00e8les avec diff\u00e9rentes plages de mesure<\/li>\n<\/ul>\n<p><strong>Documentation :<\/strong><\/p>\n","protected":false},"excerpt":{"rendered":"<p>Le STG700 est con\u00e7u pour surveiller, contr\u00f4ler et enregistrer la pression relative dans diverses applications industrielles. Gr\u00e2ce \u00e0 la technologie avanc\u00e9e des capteurs pi\u00e9zor\u00e9sistifs avec compensation de temp\u00e9rature int\u00e9gr\u00e9e sur la puce, ce transmetteur offre une grande pr\u00e9cision, une excellente stabilit\u00e9 \u00e0 long terme et des performances fiables sur une large plage de pression et [&hellip;]<\/p>\n","protected":false},"featured_media":29209,"template":"","meta":{"_acf_changed":false},"product_brand":[],"product_cat":[475],"product_tag":[322],"class_list":{"0":"post-29225","1":"product","2":"type-product","3":"status-publish","4":"has-post-thumbnail","6":"product_cat-smartline-st700-transmetteur-de-pression","7":"product_tag-transmetteurs","9":"first","10":"instock","11":"taxable","12":"shipping-taxable","13":"product-type-simple"},"acf":[],"yoast_head":"<!-- This site is optimized with the Yoast SEO plugin v26.8 - https:\/\/yoast.com\/product\/yoast-seo-wordpress\/ -->\n<title>Transmetteur de pression relative - SmartLine STG700 - Blondeau<\/title>\n<meta name=\"robots\" content=\"index, follow, max-snippet:-1, max-image-preview:large, max-video-preview:-1\" \/>\n<link rel=\"canonical\" href=\"https:\/\/blondeau.be\/fr\/produit\/transmetteurs-de-pression-smartline-copy-copy\/\" \/>\n<meta property=\"og:locale\" content=\"fr_FR\" \/>\n<meta property=\"og:type\" content=\"article\" \/>\n<meta property=\"og:title\" content=\"Transmetteur de pression relative - SmartLine STG700 - Blondeau\" \/>\n<meta property=\"og:description\" content=\"Le STG700 est con\u00e7u pour surveiller, contr\u00f4ler et enregistrer la pression relative dans diverses applications industrielles. Gr\u00e2ce \u00e0 la technologie avanc\u00e9e des capteurs pi\u00e9zor\u00e9sistifs avec compensation de temp\u00e9rature int\u00e9gr\u00e9e sur la puce, ce transmetteur offre une grande pr\u00e9cision, une excellente stabilit\u00e9 \u00e0 long terme et des performances fiables sur une large plage de pression et [&hellip;]\" \/>\n<meta property=\"og:url\" content=\"https:\/\/blondeau.be\/fr\/produit\/transmetteurs-de-pression-smartline-copy-copy\/\" \/>\n<meta property=\"og:site_name\" content=\"Blondeau\" \/>\n<meta property=\"article:modified_time\" content=\"2025-09-05T09:39:06+00:00\" \/>\n<meta property=\"og:image\" content=\"https:\/\/blondeau.be\/wp-content\/uploads\/2025\/05\/STA700.jpg\" \/>\n\t<meta property=\"og:image:width\" content=\"576\" \/>\n\t<meta property=\"og:image:height\" content=\"576\" \/>\n\t<meta property=\"og:image:type\" content=\"image\/jpeg\" \/>\n<meta name=\"twitter:card\" content=\"summary_large_image\" \/>\n<meta name=\"twitter:label1\" content=\"Dur\u00e9e de lecture estim\u00e9e\" \/>\n\t<meta name=\"twitter:data1\" content=\"2 minutes\" \/>\n<script type=\"application\/ld+json\" class=\"yoast-schema-graph\">{\"@context\":\"https:\/\/schema.org\",\"@graph\":[{\"@type\":\"WebPage\",\"@id\":\"https:\/\/blondeau.be\/fr\/produit\/transmetteurs-de-pression-smartline-copy-copy\/\",\"url\":\"https:\/\/blondeau.be\/fr\/produit\/transmetteurs-de-pression-smartline-copy-copy\/\",\"name\":\"Transmetteur de pression relative - SmartLine STG700 - Blondeau\",\"isPartOf\":{\"@id\":\"https:\/\/blondeau.be\/fr\/#website\"},\"primaryImageOfPage\":{\"@id\":\"https:\/\/blondeau.be\/fr\/produit\/transmetteurs-de-pression-smartline-copy-copy\/#primaryimage\"},\"image\":{\"@id\":\"https:\/\/blondeau.be\/fr\/produit\/transmetteurs-de-pression-smartline-copy-copy\/#primaryimage\"},\"thumbnailUrl\":\"https:\/\/blondeau.be\/wp-content\/uploads\/2025\/05\/STA700.jpg\",\"datePublished\":\"2025-07-15T14:15:53+00:00\",\"dateModified\":\"2025-09-05T09:39:06+00:00\",\"breadcrumb\":{\"@id\":\"https:\/\/blondeau.be\/fr\/produit\/transmetteurs-de-pression-smartline-copy-copy\/#breadcrumb\"},\"inLanguage\":\"fr-FR\",\"potentialAction\":[{\"@type\":\"ReadAction\",\"target\":[\"https:\/\/blondeau.be\/fr\/produit\/transmetteurs-de-pression-smartline-copy-copy\/\"]}]},{\"@type\":\"ImageObject\",\"inLanguage\":\"fr-FR\",\"@id\":\"https:\/\/blondeau.be\/fr\/produit\/transmetteurs-de-pression-smartline-copy-copy\/#primaryimage\",\"url\":\"https:\/\/blondeau.be\/wp-content\/uploads\/2025\/05\/STA700.jpg\",\"contentUrl\":\"https:\/\/blondeau.be\/wp-content\/uploads\/2025\/05\/STA700.jpg\",\"width\":576,\"height\":576},{\"@type\":\"BreadcrumbList\",\"@id\":\"https:\/\/blondeau.be\/fr\/produit\/transmetteurs-de-pression-smartline-copy-copy\/#breadcrumb\",\"itemListElement\":[{\"@type\":\"ListItem\",\"position\":1,\"name\":\"Home\",\"item\":\"https:\/\/blondeau.be\/fr\/accueil\/\"},{\"@type\":\"ListItem\",\"position\":2,\"name\":\"Catalogue des produits\",\"item\":\"https:\/\/blondeau.be\/fr\/catalogue-des-produits\/\"},{\"@type\":\"ListItem\",\"position\":3,\"name\":\"Transmetteur de pression relative &#8211; SmartLine STG700\"}]},{\"@type\":\"WebSite\",\"@id\":\"https:\/\/blondeau.be\/fr\/#website\",\"url\":\"https:\/\/blondeau.be\/fr\/\",\"name\":\"Blondeau\",\"description\":\"Industrial Heating\",\"publisher\":{\"@id\":\"https:\/\/blondeau.be\/fr\/#organization\"},\"potentialAction\":[{\"@type\":\"SearchAction\",\"target\":{\"@type\":\"EntryPoint\",\"urlTemplate\":\"https:\/\/blondeau.be\/fr\/?s={search_term_string}\"},\"query-input\":{\"@type\":\"PropertyValueSpecification\",\"valueRequired\":true,\"valueName\":\"search_term_string\"}}],\"inLanguage\":\"fr-FR\"},{\"@type\":\"Organization\",\"@id\":\"https:\/\/blondeau.be\/fr\/#organization\",\"name\":\"Blondeau\",\"url\":\"https:\/\/blondeau.be\/fr\/\",\"logo\":{\"@type\":\"ImageObject\",\"inLanguage\":\"fr-FR\",\"@id\":\"https:\/\/blondeau.be\/fr\/#\/schema\/logo\/image\/\",\"url\":\"https:\/\/blondeau.be\/wp-content\/uploads\/2025\/08\/Logo.jpg\",\"contentUrl\":\"https:\/\/blondeau.be\/wp-content\/uploads\/2025\/08\/Logo.jpg\",\"width\":600,\"height\":600,\"caption\":\"Blondeau\"},\"image\":{\"@id\":\"https:\/\/blondeau.be\/fr\/#\/schema\/logo\/image\/\"}}]}<\/script>\n<!-- \/ Yoast SEO plugin. -->","yoast_head_json":{"title":"Transmetteur de pression relative - SmartLine STG700 - Blondeau","robots":{"index":"index","follow":"follow","max-snippet":"max-snippet:-1","max-image-preview":"max-image-preview:large","max-video-preview":"max-video-preview:-1"},"canonical":"https:\/\/blondeau.be\/fr\/produit\/transmetteurs-de-pression-smartline-copy-copy\/","og_locale":"fr_FR","og_type":"article","og_title":"Transmetteur de pression relative - SmartLine STG700 - Blondeau","og_description":"Le STG700 est con\u00e7u pour surveiller, contr\u00f4ler et enregistrer la pression relative dans diverses applications industrielles. Gr\u00e2ce \u00e0 la technologie avanc\u00e9e des capteurs pi\u00e9zor\u00e9sistifs avec compensation de temp\u00e9rature int\u00e9gr\u00e9e sur la puce, ce transmetteur offre une grande pr\u00e9cision, une excellente stabilit\u00e9 \u00e0 long terme et des performances fiables sur une large plage de pression et [&hellip;]","og_url":"https:\/\/blondeau.be\/fr\/produit\/transmetteurs-de-pression-smartline-copy-copy\/","og_site_name":"Blondeau","article_modified_time":"2025-09-05T09:39:06+00:00","og_image":[{"width":576,"height":576,"url":"https:\/\/blondeau.be\/wp-content\/uploads\/2025\/05\/STA700.jpg","type":"image\/jpeg"}],"twitter_card":"summary_large_image","twitter_misc":{"Dur\u00e9e de lecture estim\u00e9e":"2 minutes"},"schema":{"@context":"https:\/\/schema.org","@graph":[{"@type":"WebPage","@id":"https:\/\/blondeau.be\/fr\/produit\/transmetteurs-de-pression-smartline-copy-copy\/","url":"https:\/\/blondeau.be\/fr\/produit\/transmetteurs-de-pression-smartline-copy-copy\/","name":"Transmetteur de pression relative - SmartLine STG700 - Blondeau","isPartOf":{"@id":"https:\/\/blondeau.be\/fr\/#website"},"primaryImageOfPage":{"@id":"https:\/\/blondeau.be\/fr\/produit\/transmetteurs-de-pression-smartline-copy-copy\/#primaryimage"},"image":{"@id":"https:\/\/blondeau.be\/fr\/produit\/transmetteurs-de-pression-smartline-copy-copy\/#primaryimage"},"thumbnailUrl":"https:\/\/blondeau.be\/wp-content\/uploads\/2025\/05\/STA700.jpg","datePublished":"2025-07-15T14:15:53+00:00","dateModified":"2025-09-05T09:39:06+00:00","breadcrumb":{"@id":"https:\/\/blondeau.be\/fr\/produit\/transmetteurs-de-pression-smartline-copy-copy\/#breadcrumb"},"inLanguage":"fr-FR","potentialAction":[{"@type":"ReadAction","target":["https:\/\/blondeau.be\/fr\/produit\/transmetteurs-de-pression-smartline-copy-copy\/"]}]},{"@type":"ImageObject","inLanguage":"fr-FR","@id":"https:\/\/blondeau.be\/fr\/produit\/transmetteurs-de-pression-smartline-copy-copy\/#primaryimage","url":"https:\/\/blondeau.be\/wp-content\/uploads\/2025\/05\/STA700.jpg","contentUrl":"https:\/\/blondeau.be\/wp-content\/uploads\/2025\/05\/STA700.jpg","width":576,"height":576},{"@type":"BreadcrumbList","@id":"https:\/\/blondeau.be\/fr\/produit\/transmetteurs-de-pression-smartline-copy-copy\/#breadcrumb","itemListElement":[{"@type":"ListItem","position":1,"name":"Home","item":"https:\/\/blondeau.be\/fr\/accueil\/"},{"@type":"ListItem","position":2,"name":"Catalogue des produits","item":"https:\/\/blondeau.be\/fr\/catalogue-des-produits\/"},{"@type":"ListItem","position":3,"name":"Transmetteur de pression relative &#8211; SmartLine STG700"}]},{"@type":"WebSite","@id":"https:\/\/blondeau.be\/fr\/#website","url":"https:\/\/blondeau.be\/fr\/","name":"Blondeau","description":"Industrial Heating","publisher":{"@id":"https:\/\/blondeau.be\/fr\/#organization"},"potentialAction":[{"@type":"SearchAction","target":{"@type":"EntryPoint","urlTemplate":"https:\/\/blondeau.be\/fr\/?s={search_term_string}"},"query-input":{"@type":"PropertyValueSpecification","valueRequired":true,"valueName":"search_term_string"}}],"inLanguage":"fr-FR"},{"@type":"Organization","@id":"https:\/\/blondeau.be\/fr\/#organization","name":"Blondeau","url":"https:\/\/blondeau.be\/fr\/","logo":{"@type":"ImageObject","inLanguage":"fr-FR","@id":"https:\/\/blondeau.be\/fr\/#\/schema\/logo\/image\/","url":"https:\/\/blondeau.be\/wp-content\/uploads\/2025\/08\/Logo.jpg","contentUrl":"https:\/\/blondeau.be\/wp-content\/uploads\/2025\/08\/Logo.jpg","width":600,"height":600,"caption":"Blondeau"},"image":{"@id":"https:\/\/blondeau.be\/fr\/#\/schema\/logo\/image\/"}}]}},"_links":{"self":[{"href":"https:\/\/blondeau.be\/fr\/wp-json\/wp\/v2\/product\/29225","targetHints":{"allow":["GET"]}}],"collection":[{"href":"https:\/\/blondeau.be\/fr\/wp-json\/wp\/v2\/product"}],"about":[{"href":"https:\/\/blondeau.be\/fr\/wp-json\/wp\/v2\/types\/product"}],"wp:featuredmedia":[{"embeddable":true,"href":"https:\/\/blondeau.be\/fr\/wp-json\/wp\/v2\/media\/29209"}],"wp:attachment":[{"href":"https:\/\/blondeau.be\/fr\/wp-json\/wp\/v2\/media?parent=29225"}],"wp:term":[{"taxonomy":"product_brand","embeddable":true,"href":"https:\/\/blondeau.be\/fr\/wp-json\/wp\/v2\/product_brand?post=29225"},{"taxonomy":"product_cat","embeddable":true,"href":"https:\/\/blondeau.be\/fr\/wp-json\/wp\/v2\/product_cat?post=29225"},{"taxonomy":"product_tag","embeddable":true,"href":"https:\/\/blondeau.be\/fr\/wp-json\/wp\/v2\/product_tag?post=29225"}],"curies":[{"name":"wp","href":"https:\/\/api.w.org\/{rel}","templated":true}]}}