{"id":29205,"date":"2025-07-11T15:07:26","date_gmt":"2025-07-11T13:07:26","guid":{"rendered":"https:\/\/blondeau.be\/product\/eclipse-airheat-ah\/"},"modified":"2025-09-05T11:39:15","modified_gmt":"2025-09-05T09:39:15","slug":"eclipse-airheat-ah","status":"publish","type":"product","link":"https:\/\/blondeau.be\/fr\/produit\/eclipse-airheat-ah\/","title":{"rendered":"Eclipse Airheat (AH)"},"content":{"rendered":"<p class=\"p2\"><b>Les br\u00fbleurs Eclipse AH<\/b> sont sp\u00e9cialement con\u00e7us pour chauffer l&rsquo;air par m\u00e9lange direct avec les gaz de combustion. Le br\u00fbleur est plac\u00e9 directement dans le conduit d&rsquo;air de process. Le m\u00e9lange rapide et intensif de la flamme avec l&rsquo;air de traitement favorise une temp\u00e9rature uniforme de l&rsquo;air de traitement. En tant que norme industrielle, le br\u00fbleur AH a une conception modulaire compacte qui offre un fonctionnement fiable ann\u00e9e apr\u00e8s ann\u00e9e avec un minimum d&rsquo;entretien. Les applications comprennent les processus de s\u00e9chage industriel dans les secteurs du textile, de la construction, du papier, de la c\u00e9ramique, etc. Tous les mod\u00e8les sont \u00e9quip\u00e9s d&rsquo;un ventilateur d&rsquo;air de combustion qui fournit un d\u00e9bit d&rsquo;air constant. En fournissant le volume d&rsquo;air et la pression corrects au br\u00fbleur, ce ventilateur assure un fonctionnement stable \u00e0 des vitesses d&rsquo;air de processus comprises entre 5 et 25 m\/s.      <\/p>\n<p class=\"p2\"><b>Caract\u00e9ristiques et avantages :<\/b><\/p>\n<ul class=\"ul1\">\n<li class=\"li2\">Puissance jusqu&rsquo;\u00e0 116 kW par module (150 mm)<\/li>\n<li class=\"li2\">Plage de contr\u00f4le jusqu&rsquo;\u00e0 25:1<\/li>\n<li class=\"li2\">Temp\u00e9rature maximale du processus : 815\u00b0C<\/li>\n<li class=\"li2\">Vitesse de l&rsquo;air de traitement de 5 \u00e0 25 m\/s<\/li>\n<li class=\"li2\">Exc\u00e8s d&rsquo;air de 45 \u00e0 55<\/li>\n<li class=\"li2\">Combustible : gaz naturel, propane, butane<\/li>\n<\/ul>\n<p><strong>Documentation :<\/strong><\/p>\n","protected":false},"excerpt":{"rendered":"<p>Les br\u00fbleurs Eclipse AH sont sp\u00e9cialement con\u00e7us pour chauffer l&rsquo;air par m\u00e9lange direct avec les gaz de combustion. Le br\u00fbleur est plac\u00e9 directement dans le conduit d&rsquo;air de process. Le m\u00e9lange rapide et intensif de la flamme avec l&rsquo;air de traitement favorise une temp\u00e9rature uniforme de l&rsquo;air de traitement. En tant que norme industrielle, le [&hellip;]<\/p>\n","protected":false},"featured_media":28512,"template":"","meta":{"_acf_changed":false},"product_brand":[],"product_cat":[365],"product_tag":[376],"class_list":{"0":"post-29205","1":"product","2":"type-product","3":"status-publish","4":"has-post-thumbnail","6":"product_cat-bruleurs","7":"product_tag-bruleurs-de-canal","9":"first","10":"instock","11":"taxable","12":"shipping-taxable","13":"product-type-simple"},"acf":[],"yoast_head":"<!-- This site is optimized with the Yoast SEO plugin v26.8 - https:\/\/yoast.com\/product\/yoast-seo-wordpress\/ -->\n<title>Eclipse Airheat (AH) - Blondeau<\/title>\n<meta name=\"robots\" content=\"index, follow, max-snippet:-1, max-image-preview:large, max-video-preview:-1\" \/>\n<link rel=\"canonical\" href=\"https:\/\/blondeau.be\/fr\/produit\/eclipse-airheat-ah\/\" \/>\n<meta property=\"og:locale\" content=\"fr_FR\" \/>\n<meta property=\"og:type\" content=\"article\" \/>\n<meta property=\"og:title\" content=\"Eclipse Airheat (AH) - Blondeau\" \/>\n<meta property=\"og:description\" content=\"Les br\u00fbleurs Eclipse AH sont sp\u00e9cialement con\u00e7us pour chauffer l&rsquo;air par m\u00e9lange direct avec les gaz de combustion. Le br\u00fbleur est plac\u00e9 directement dans le conduit d&rsquo;air de process. Le m\u00e9lange rapide et intensif de la flamme avec l&rsquo;air de traitement favorise une temp\u00e9rature uniforme de l&rsquo;air de traitement. En tant que norme industrielle, le [&hellip;]\" \/>\n<meta property=\"og:url\" content=\"https:\/\/blondeau.be\/fr\/produit\/eclipse-airheat-ah\/\" \/>\n<meta property=\"og:site_name\" content=\"Blondeau\" \/>\n<meta property=\"article:modified_time\" content=\"2025-09-05T09:39:15+00:00\" \/>\n<meta property=\"og:image\" content=\"https:\/\/blondeau.be\/wp-content\/uploads\/2025\/01\/AirHeat-v1.jpg\" \/>\n\t<meta property=\"og:image:width\" content=\"615\" \/>\n\t<meta property=\"og:image:height\" content=\"575\" \/>\n\t<meta property=\"og:image:type\" content=\"image\/jpeg\" \/>\n<meta name=\"twitter:card\" content=\"summary_large_image\" \/>\n<meta name=\"twitter:label1\" content=\"Dur\u00e9e de lecture estim\u00e9e\" \/>\n\t<meta name=\"twitter:data1\" content=\"1 minute\" \/>\n<script type=\"application\/ld+json\" class=\"yoast-schema-graph\">{\"@context\":\"https:\/\/schema.org\",\"@graph\":[{\"@type\":\"WebPage\",\"@id\":\"https:\/\/blondeau.be\/fr\/produit\/eclipse-airheat-ah\/\",\"url\":\"https:\/\/blondeau.be\/fr\/produit\/eclipse-airheat-ah\/\",\"name\":\"Eclipse Airheat (AH) - Blondeau\",\"isPartOf\":{\"@id\":\"https:\/\/blondeau.be\/fr\/#website\"},\"primaryImageOfPage\":{\"@id\":\"https:\/\/blondeau.be\/fr\/produit\/eclipse-airheat-ah\/#primaryimage\"},\"image\":{\"@id\":\"https:\/\/blondeau.be\/fr\/produit\/eclipse-airheat-ah\/#primaryimage\"},\"thumbnailUrl\":\"https:\/\/blondeau.be\/wp-content\/uploads\/2025\/01\/AirHeat-v1.jpg\",\"datePublished\":\"2025-07-11T13:07:26+00:00\",\"dateModified\":\"2025-09-05T09:39:15+00:00\",\"breadcrumb\":{\"@id\":\"https:\/\/blondeau.be\/fr\/produit\/eclipse-airheat-ah\/#breadcrumb\"},\"inLanguage\":\"fr-FR\",\"potentialAction\":[{\"@type\":\"ReadAction\",\"target\":[\"https:\/\/blondeau.be\/fr\/produit\/eclipse-airheat-ah\/\"]}]},{\"@type\":\"ImageObject\",\"inLanguage\":\"fr-FR\",\"@id\":\"https:\/\/blondeau.be\/fr\/produit\/eclipse-airheat-ah\/#primaryimage\",\"url\":\"https:\/\/blondeau.be\/wp-content\/uploads\/2025\/01\/AirHeat-v1.jpg\",\"contentUrl\":\"https:\/\/blondeau.be\/wp-content\/uploads\/2025\/01\/AirHeat-v1.jpg\",\"width\":615,\"height\":575},{\"@type\":\"BreadcrumbList\",\"@id\":\"https:\/\/blondeau.be\/fr\/produit\/eclipse-airheat-ah\/#breadcrumb\",\"itemListElement\":[{\"@type\":\"ListItem\",\"position\":1,\"name\":\"Home\",\"item\":\"https:\/\/blondeau.be\/fr\/accueil\/\"},{\"@type\":\"ListItem\",\"position\":2,\"name\":\"Catalogue des produits\",\"item\":\"https:\/\/blondeau.be\/fr\/catalogue-des-produits\/\"},{\"@type\":\"ListItem\",\"position\":3,\"name\":\"Eclipse Airheat (AH)\"}]},{\"@type\":\"WebSite\",\"@id\":\"https:\/\/blondeau.be\/fr\/#website\",\"url\":\"https:\/\/blondeau.be\/fr\/\",\"name\":\"Blondeau\",\"description\":\"Industrial Heating\",\"publisher\":{\"@id\":\"https:\/\/blondeau.be\/fr\/#organization\"},\"potentialAction\":[{\"@type\":\"SearchAction\",\"target\":{\"@type\":\"EntryPoint\",\"urlTemplate\":\"https:\/\/blondeau.be\/fr\/?s={search_term_string}\"},\"query-input\":{\"@type\":\"PropertyValueSpecification\",\"valueRequired\":true,\"valueName\":\"search_term_string\"}}],\"inLanguage\":\"fr-FR\"},{\"@type\":\"Organization\",\"@id\":\"https:\/\/blondeau.be\/fr\/#organization\",\"name\":\"Blondeau\",\"url\":\"https:\/\/blondeau.be\/fr\/\",\"logo\":{\"@type\":\"ImageObject\",\"inLanguage\":\"fr-FR\",\"@id\":\"https:\/\/blondeau.be\/fr\/#\/schema\/logo\/image\/\",\"url\":\"https:\/\/blondeau.be\/wp-content\/uploads\/2025\/08\/Logo.jpg\",\"contentUrl\":\"https:\/\/blondeau.be\/wp-content\/uploads\/2025\/08\/Logo.jpg\",\"width\":600,\"height\":600,\"caption\":\"Blondeau\"},\"image\":{\"@id\":\"https:\/\/blondeau.be\/fr\/#\/schema\/logo\/image\/\"}}]}<\/script>\n<!-- \/ Yoast SEO plugin. -->","yoast_head_json":{"title":"Eclipse Airheat (AH) - Blondeau","robots":{"index":"index","follow":"follow","max-snippet":"max-snippet:-1","max-image-preview":"max-image-preview:large","max-video-preview":"max-video-preview:-1"},"canonical":"https:\/\/blondeau.be\/fr\/produit\/eclipse-airheat-ah\/","og_locale":"fr_FR","og_type":"article","og_title":"Eclipse Airheat (AH) - Blondeau","og_description":"Les br\u00fbleurs Eclipse AH sont sp\u00e9cialement con\u00e7us pour chauffer l&rsquo;air par m\u00e9lange direct avec les gaz de combustion. Le br\u00fbleur est plac\u00e9 directement dans le conduit d&rsquo;air de process. Le m\u00e9lange rapide et intensif de la flamme avec l&rsquo;air de traitement favorise une temp\u00e9rature uniforme de l&rsquo;air de traitement. En tant que norme industrielle, le [&hellip;]","og_url":"https:\/\/blondeau.be\/fr\/produit\/eclipse-airheat-ah\/","og_site_name":"Blondeau","article_modified_time":"2025-09-05T09:39:15+00:00","og_image":[{"width":615,"height":575,"url":"https:\/\/blondeau.be\/wp-content\/uploads\/2025\/01\/AirHeat-v1.jpg","type":"image\/jpeg"}],"twitter_card":"summary_large_image","twitter_misc":{"Dur\u00e9e de lecture estim\u00e9e":"1 minute"},"schema":{"@context":"https:\/\/schema.org","@graph":[{"@type":"WebPage","@id":"https:\/\/blondeau.be\/fr\/produit\/eclipse-airheat-ah\/","url":"https:\/\/blondeau.be\/fr\/produit\/eclipse-airheat-ah\/","name":"Eclipse Airheat (AH) - Blondeau","isPartOf":{"@id":"https:\/\/blondeau.be\/fr\/#website"},"primaryImageOfPage":{"@id":"https:\/\/blondeau.be\/fr\/produit\/eclipse-airheat-ah\/#primaryimage"},"image":{"@id":"https:\/\/blondeau.be\/fr\/produit\/eclipse-airheat-ah\/#primaryimage"},"thumbnailUrl":"https:\/\/blondeau.be\/wp-content\/uploads\/2025\/01\/AirHeat-v1.jpg","datePublished":"2025-07-11T13:07:26+00:00","dateModified":"2025-09-05T09:39:15+00:00","breadcrumb":{"@id":"https:\/\/blondeau.be\/fr\/produit\/eclipse-airheat-ah\/#breadcrumb"},"inLanguage":"fr-FR","potentialAction":[{"@type":"ReadAction","target":["https:\/\/blondeau.be\/fr\/produit\/eclipse-airheat-ah\/"]}]},{"@type":"ImageObject","inLanguage":"fr-FR","@id":"https:\/\/blondeau.be\/fr\/produit\/eclipse-airheat-ah\/#primaryimage","url":"https:\/\/blondeau.be\/wp-content\/uploads\/2025\/01\/AirHeat-v1.jpg","contentUrl":"https:\/\/blondeau.be\/wp-content\/uploads\/2025\/01\/AirHeat-v1.jpg","width":615,"height":575},{"@type":"BreadcrumbList","@id":"https:\/\/blondeau.be\/fr\/produit\/eclipse-airheat-ah\/#breadcrumb","itemListElement":[{"@type":"ListItem","position":1,"name":"Home","item":"https:\/\/blondeau.be\/fr\/accueil\/"},{"@type":"ListItem","position":2,"name":"Catalogue des produits","item":"https:\/\/blondeau.be\/fr\/catalogue-des-produits\/"},{"@type":"ListItem","position":3,"name":"Eclipse Airheat (AH)"}]},{"@type":"WebSite","@id":"https:\/\/blondeau.be\/fr\/#website","url":"https:\/\/blondeau.be\/fr\/","name":"Blondeau","description":"Industrial Heating","publisher":{"@id":"https:\/\/blondeau.be\/fr\/#organization"},"potentialAction":[{"@type":"SearchAction","target":{"@type":"EntryPoint","urlTemplate":"https:\/\/blondeau.be\/fr\/?s={search_term_string}"},"query-input":{"@type":"PropertyValueSpecification","valueRequired":true,"valueName":"search_term_string"}}],"inLanguage":"fr-FR"},{"@type":"Organization","@id":"https:\/\/blondeau.be\/fr\/#organization","name":"Blondeau","url":"https:\/\/blondeau.be\/fr\/","logo":{"@type":"ImageObject","inLanguage":"fr-FR","@id":"https:\/\/blondeau.be\/fr\/#\/schema\/logo\/image\/","url":"https:\/\/blondeau.be\/wp-content\/uploads\/2025\/08\/Logo.jpg","contentUrl":"https:\/\/blondeau.be\/wp-content\/uploads\/2025\/08\/Logo.jpg","width":600,"height":600,"caption":"Blondeau"},"image":{"@id":"https:\/\/blondeau.be\/fr\/#\/schema\/logo\/image\/"}}]}},"_links":{"self":[{"href":"https:\/\/blondeau.be\/fr\/wp-json\/wp\/v2\/product\/29205","targetHints":{"allow":["GET"]}}],"collection":[{"href":"https:\/\/blondeau.be\/fr\/wp-json\/wp\/v2\/product"}],"about":[{"href":"https:\/\/blondeau.be\/fr\/wp-json\/wp\/v2\/types\/product"}],"wp:featuredmedia":[{"embeddable":true,"href":"https:\/\/blondeau.be\/fr\/wp-json\/wp\/v2\/media\/28512"}],"wp:attachment":[{"href":"https:\/\/blondeau.be\/fr\/wp-json\/wp\/v2\/media?parent=29205"}],"wp:term":[{"taxonomy":"product_brand","embeddable":true,"href":"https:\/\/blondeau.be\/fr\/wp-json\/wp\/v2\/product_brand?post=29205"},{"taxonomy":"product_cat","embeddable":true,"href":"https:\/\/blondeau.be\/fr\/wp-json\/wp\/v2\/product_cat?post=29205"},{"taxonomy":"product_tag","embeddable":true,"href":"https:\/\/blondeau.be\/fr\/wp-json\/wp\/v2\/product_tag?post=29205"}],"curies":[{"name":"wp","href":"https:\/\/api.w.org\/{rel}","templated":true}]}}