{"id":29195,"date":"2025-07-11T14:40:04","date_gmt":"2025-07-11T12:40:04","guid":{"rendered":"https:\/\/blondeau.be\/?post_type=product&#038;p=29195"},"modified":"2025-09-05T11:41:08","modified_gmt":"2025-09-05T09:41:08","slug":"stt170-transmetteurs-de-temperature-intelligents-copy-copy-copy-copy","status":"publish","type":"product","link":"https:\/\/blondeau.be\/fr\/produit\/stt170-transmetteurs-de-temperature-intelligents-copy-copy-copy-copy\/","title":{"rendered":"Assemblages SmartLine"},"content":{"rendered":"<p data-start=\"153\" data-end=\"486\">Les <strong data-start=\"153\" data-end=\"205\">sondes de temp\u00e9rature<\/strong> Honeywell <strong data-start=\"153\" data-end=\"205\">SmartLine<\/strong> sont des solutions de mesure compl\u00e8tes et pr\u00eates \u00e0 \u00eatre install\u00e9es pour les applications de temp\u00e9rature dans les environnements industriels. Ils combinent les transmetteurs de temp\u00e9rature, les bo\u00eetiers de capteurs, les capteurs, les puits thermom\u00e9triques et les raccordements de processus d&rsquo;Honeywell en un seul ensemble enti\u00e8rement \u00e9talonn\u00e9 et certifi\u00e9. <\/p>\n<p data-start=\"153\" data-end=\"486\">Ces assemblages sont disponibles en quatre versions :<\/p>\n<ul>\n<li data-start=\"153\" data-end=\"486\">STT85A &#8211; Ensemble de sondes avec transmetteur STT850 int\u00e9gr\u00e9<\/li>\n<li data-start=\"153\" data-end=\"486\">STT820 &#8211; Assemblage de la sonde fixe<\/li>\n<li data-start=\"153\" data-end=\"486\">STT830 &#8211; Thermopuits avec raccord filet\u00e9 ou \u00e0 embo\u00eetement \u00e0 souder<\/li>\n<li data-start=\"153\" data-end=\"486\">STT840 &#8211; Thermopuits perc\u00e9s et \u00e0 brides<\/li>\n<\/ul>\n<p data-start=\"806\" data-end=\"1012\">Compl\u00e9ment id\u00e9al des transmetteurs de temp\u00e9rature Honeywell, les ensembles SmartLine sont con\u00e7us pour des mesures pr\u00e9cises, fiables et s\u00fbres, m\u00eame dans des conditions de process exigeantes. Ils sont \u00e9talonn\u00e9s et test\u00e9s en usine et exp\u00e9di\u00e9s sous forme d&rsquo;unit\u00e9s pr\u00eates \u00e0 l&#8217;emploi. Les utilisateurs gagnent ainsi un temps consid\u00e9rable en mati\u00e8re d&rsquo;ing\u00e9nierie, de commande, d&rsquo;installation et de mise en service. Les ensembles sont disponibles avec diff\u00e9rents types d&rsquo;\u00e9l\u00e9ments RTD ou thermocouple et les puits thermom\u00e9triques correspondants.   <\/p>\n<p data-start=\"1335\" data-end=\"1519\">Les puits thermom\u00e9triques peuvent \u00eatre int\u00e9gr\u00e9s dans le processus de trois mani\u00e8res : viss\u00e9s, soud\u00e9s ou par l&rsquo;interm\u00e9diaire d&rsquo;une bride, en fonction de l&rsquo;application et des exigences d&rsquo;installation.<\/p>\n<p><strong style=\"font-size: 1rem;\">Documentation :<\/strong><\/p>\n","protected":false},"excerpt":{"rendered":"<p>Les sondes de temp\u00e9rature Honeywell SmartLine sont des solutions de mesure compl\u00e8tes et pr\u00eates \u00e0 \u00eatre install\u00e9es pour les applications de temp\u00e9rature dans les environnements industriels. Ils combinent les transmetteurs de temp\u00e9rature, les bo\u00eetiers de capteurs, les capteurs, les puits thermom\u00e9triques et les raccordements de processus d&rsquo;Honeywell en un seul ensemble enti\u00e8rement \u00e9talonn\u00e9 et certifi\u00e9. [&hellip;]<\/p>\n","protected":false},"featured_media":29202,"template":"","meta":{"_acf_changed":false},"product_brand":[],"product_cat":[483],"product_tag":[322],"class_list":{"0":"post-29195","1":"product","2":"type-product","3":"status-publish","4":"has-post-thumbnail","6":"product_cat-transmetteurs-de-temperature-smartline","7":"product_tag-transmetteurs","9":"first","10":"instock","11":"taxable","12":"shipping-taxable","13":"product-type-simple"},"acf":[],"yoast_head":"<!-- This site is optimized with the Yoast SEO plugin v26.8 - https:\/\/yoast.com\/product\/yoast-seo-wordpress\/ -->\n<title>Assemblages SmartLine - Blondeau<\/title>\n<meta name=\"robots\" content=\"index, follow, max-snippet:-1, max-image-preview:large, max-video-preview:-1\" \/>\n<link rel=\"canonical\" href=\"https:\/\/blondeau.be\/fr\/produit\/stt170-transmetteurs-de-temperature-intelligents-copy-copy-copy-copy\/\" \/>\n<meta property=\"og:locale\" content=\"fr_FR\" \/>\n<meta property=\"og:type\" content=\"article\" \/>\n<meta property=\"og:title\" content=\"Assemblages SmartLine - Blondeau\" \/>\n<meta property=\"og:description\" content=\"Les sondes de temp\u00e9rature Honeywell SmartLine sont des solutions de mesure compl\u00e8tes et pr\u00eates \u00e0 \u00eatre install\u00e9es pour les applications de temp\u00e9rature dans les environnements industriels. Ils combinent les transmetteurs de temp\u00e9rature, les bo\u00eetiers de capteurs, les capteurs, les puits thermom\u00e9triques et les raccordements de processus d&rsquo;Honeywell en un seul ensemble enti\u00e8rement \u00e9talonn\u00e9 et certifi\u00e9. [&hellip;]\" \/>\n<meta property=\"og:url\" content=\"https:\/\/blondeau.be\/fr\/produit\/stt170-transmetteurs-de-temperature-intelligents-copy-copy-copy-copy\/\" \/>\n<meta property=\"og:site_name\" content=\"Blondeau\" \/>\n<meta property=\"article:modified_time\" content=\"2025-09-05T09:41:08+00:00\" \/>\n<meta property=\"og:image\" content=\"https:\/\/blondeau.be\/wp-content\/uploads\/2025\/07\/Assemblage-transmitter.-1jpg.jpg\" \/>\n\t<meta property=\"og:image:width\" content=\"815\" \/>\n\t<meta property=\"og:image:height\" content=\"568\" \/>\n\t<meta property=\"og:image:type\" content=\"image\/jpeg\" \/>\n<meta name=\"twitter:card\" content=\"summary_large_image\" \/>\n<meta name=\"twitter:label1\" content=\"Dur\u00e9e de lecture estim\u00e9e\" \/>\n\t<meta name=\"twitter:data1\" content=\"1 minute\" \/>\n<script type=\"application\/ld+json\" class=\"yoast-schema-graph\">{\"@context\":\"https:\/\/schema.org\",\"@graph\":[{\"@type\":\"WebPage\",\"@id\":\"https:\/\/blondeau.be\/fr\/produit\/stt170-transmetteurs-de-temperature-intelligents-copy-copy-copy-copy\/\",\"url\":\"https:\/\/blondeau.be\/fr\/produit\/stt170-transmetteurs-de-temperature-intelligents-copy-copy-copy-copy\/\",\"name\":\"Assemblages SmartLine - Blondeau\",\"isPartOf\":{\"@id\":\"https:\/\/blondeau.be\/fr\/#website\"},\"primaryImageOfPage\":{\"@id\":\"https:\/\/blondeau.be\/fr\/produit\/stt170-transmetteurs-de-temperature-intelligents-copy-copy-copy-copy\/#primaryimage\"},\"image\":{\"@id\":\"https:\/\/blondeau.be\/fr\/produit\/stt170-transmetteurs-de-temperature-intelligents-copy-copy-copy-copy\/#primaryimage\"},\"thumbnailUrl\":\"https:\/\/blondeau.be\/wp-content\/uploads\/2025\/07\/Assemblage-transmitter.-1jpg.jpg\",\"datePublished\":\"2025-07-11T12:40:04+00:00\",\"dateModified\":\"2025-09-05T09:41:08+00:00\",\"breadcrumb\":{\"@id\":\"https:\/\/blondeau.be\/fr\/produit\/stt170-transmetteurs-de-temperature-intelligents-copy-copy-copy-copy\/#breadcrumb\"},\"inLanguage\":\"fr-FR\",\"potentialAction\":[{\"@type\":\"ReadAction\",\"target\":[\"https:\/\/blondeau.be\/fr\/produit\/stt170-transmetteurs-de-temperature-intelligents-copy-copy-copy-copy\/\"]}]},{\"@type\":\"ImageObject\",\"inLanguage\":\"fr-FR\",\"@id\":\"https:\/\/blondeau.be\/fr\/produit\/stt170-transmetteurs-de-temperature-intelligents-copy-copy-copy-copy\/#primaryimage\",\"url\":\"https:\/\/blondeau.be\/wp-content\/uploads\/2025\/07\/Assemblage-transmitter.-1jpg.jpg\",\"contentUrl\":\"https:\/\/blondeau.be\/wp-content\/uploads\/2025\/07\/Assemblage-transmitter.-1jpg.jpg\",\"width\":815,\"height\":568},{\"@type\":\"BreadcrumbList\",\"@id\":\"https:\/\/blondeau.be\/fr\/produit\/stt170-transmetteurs-de-temperature-intelligents-copy-copy-copy-copy\/#breadcrumb\",\"itemListElement\":[{\"@type\":\"ListItem\",\"position\":1,\"name\":\"Home\",\"item\":\"https:\/\/blondeau.be\/fr\/accueil\/\"},{\"@type\":\"ListItem\",\"position\":2,\"name\":\"Catalogue des produits\",\"item\":\"https:\/\/blondeau.be\/fr\/catalogue-des-produits\/\"},{\"@type\":\"ListItem\",\"position\":3,\"name\":\"Assemblages SmartLine\"}]},{\"@type\":\"WebSite\",\"@id\":\"https:\/\/blondeau.be\/fr\/#website\",\"url\":\"https:\/\/blondeau.be\/fr\/\",\"name\":\"Blondeau\",\"description\":\"Industrial Heating\",\"publisher\":{\"@id\":\"https:\/\/blondeau.be\/fr\/#organization\"},\"potentialAction\":[{\"@type\":\"SearchAction\",\"target\":{\"@type\":\"EntryPoint\",\"urlTemplate\":\"https:\/\/blondeau.be\/fr\/?s={search_term_string}\"},\"query-input\":{\"@type\":\"PropertyValueSpecification\",\"valueRequired\":true,\"valueName\":\"search_term_string\"}}],\"inLanguage\":\"fr-FR\"},{\"@type\":\"Organization\",\"@id\":\"https:\/\/blondeau.be\/fr\/#organization\",\"name\":\"Blondeau\",\"url\":\"https:\/\/blondeau.be\/fr\/\",\"logo\":{\"@type\":\"ImageObject\",\"inLanguage\":\"fr-FR\",\"@id\":\"https:\/\/blondeau.be\/fr\/#\/schema\/logo\/image\/\",\"url\":\"https:\/\/blondeau.be\/wp-content\/uploads\/2025\/08\/Logo.jpg\",\"contentUrl\":\"https:\/\/blondeau.be\/wp-content\/uploads\/2025\/08\/Logo.jpg\",\"width\":600,\"height\":600,\"caption\":\"Blondeau\"},\"image\":{\"@id\":\"https:\/\/blondeau.be\/fr\/#\/schema\/logo\/image\/\"}}]}<\/script>\n<!-- \/ Yoast SEO plugin. -->","yoast_head_json":{"title":"Assemblages SmartLine - Blondeau","robots":{"index":"index","follow":"follow","max-snippet":"max-snippet:-1","max-image-preview":"max-image-preview:large","max-video-preview":"max-video-preview:-1"},"canonical":"https:\/\/blondeau.be\/fr\/produit\/stt170-transmetteurs-de-temperature-intelligents-copy-copy-copy-copy\/","og_locale":"fr_FR","og_type":"article","og_title":"Assemblages SmartLine - Blondeau","og_description":"Les sondes de temp\u00e9rature Honeywell SmartLine sont des solutions de mesure compl\u00e8tes et pr\u00eates \u00e0 \u00eatre install\u00e9es pour les applications de temp\u00e9rature dans les environnements industriels. Ils combinent les transmetteurs de temp\u00e9rature, les bo\u00eetiers de capteurs, les capteurs, les puits thermom\u00e9triques et les raccordements de processus d&rsquo;Honeywell en un seul ensemble enti\u00e8rement \u00e9talonn\u00e9 et certifi\u00e9. [&hellip;]","og_url":"https:\/\/blondeau.be\/fr\/produit\/stt170-transmetteurs-de-temperature-intelligents-copy-copy-copy-copy\/","og_site_name":"Blondeau","article_modified_time":"2025-09-05T09:41:08+00:00","og_image":[{"width":815,"height":568,"url":"https:\/\/blondeau.be\/wp-content\/uploads\/2025\/07\/Assemblage-transmitter.-1jpg.jpg","type":"image\/jpeg"}],"twitter_card":"summary_large_image","twitter_misc":{"Dur\u00e9e de lecture estim\u00e9e":"1 minute"},"schema":{"@context":"https:\/\/schema.org","@graph":[{"@type":"WebPage","@id":"https:\/\/blondeau.be\/fr\/produit\/stt170-transmetteurs-de-temperature-intelligents-copy-copy-copy-copy\/","url":"https:\/\/blondeau.be\/fr\/produit\/stt170-transmetteurs-de-temperature-intelligents-copy-copy-copy-copy\/","name":"Assemblages SmartLine - Blondeau","isPartOf":{"@id":"https:\/\/blondeau.be\/fr\/#website"},"primaryImageOfPage":{"@id":"https:\/\/blondeau.be\/fr\/produit\/stt170-transmetteurs-de-temperature-intelligents-copy-copy-copy-copy\/#primaryimage"},"image":{"@id":"https:\/\/blondeau.be\/fr\/produit\/stt170-transmetteurs-de-temperature-intelligents-copy-copy-copy-copy\/#primaryimage"},"thumbnailUrl":"https:\/\/blondeau.be\/wp-content\/uploads\/2025\/07\/Assemblage-transmitter.-1jpg.jpg","datePublished":"2025-07-11T12:40:04+00:00","dateModified":"2025-09-05T09:41:08+00:00","breadcrumb":{"@id":"https:\/\/blondeau.be\/fr\/produit\/stt170-transmetteurs-de-temperature-intelligents-copy-copy-copy-copy\/#breadcrumb"},"inLanguage":"fr-FR","potentialAction":[{"@type":"ReadAction","target":["https:\/\/blondeau.be\/fr\/produit\/stt170-transmetteurs-de-temperature-intelligents-copy-copy-copy-copy\/"]}]},{"@type":"ImageObject","inLanguage":"fr-FR","@id":"https:\/\/blondeau.be\/fr\/produit\/stt170-transmetteurs-de-temperature-intelligents-copy-copy-copy-copy\/#primaryimage","url":"https:\/\/blondeau.be\/wp-content\/uploads\/2025\/07\/Assemblage-transmitter.-1jpg.jpg","contentUrl":"https:\/\/blondeau.be\/wp-content\/uploads\/2025\/07\/Assemblage-transmitter.-1jpg.jpg","width":815,"height":568},{"@type":"BreadcrumbList","@id":"https:\/\/blondeau.be\/fr\/produit\/stt170-transmetteurs-de-temperature-intelligents-copy-copy-copy-copy\/#breadcrumb","itemListElement":[{"@type":"ListItem","position":1,"name":"Home","item":"https:\/\/blondeau.be\/fr\/accueil\/"},{"@type":"ListItem","position":2,"name":"Catalogue des produits","item":"https:\/\/blondeau.be\/fr\/catalogue-des-produits\/"},{"@type":"ListItem","position":3,"name":"Assemblages SmartLine"}]},{"@type":"WebSite","@id":"https:\/\/blondeau.be\/fr\/#website","url":"https:\/\/blondeau.be\/fr\/","name":"Blondeau","description":"Industrial Heating","publisher":{"@id":"https:\/\/blondeau.be\/fr\/#organization"},"potentialAction":[{"@type":"SearchAction","target":{"@type":"EntryPoint","urlTemplate":"https:\/\/blondeau.be\/fr\/?s={search_term_string}"},"query-input":{"@type":"PropertyValueSpecification","valueRequired":true,"valueName":"search_term_string"}}],"inLanguage":"fr-FR"},{"@type":"Organization","@id":"https:\/\/blondeau.be\/fr\/#organization","name":"Blondeau","url":"https:\/\/blondeau.be\/fr\/","logo":{"@type":"ImageObject","inLanguage":"fr-FR","@id":"https:\/\/blondeau.be\/fr\/#\/schema\/logo\/image\/","url":"https:\/\/blondeau.be\/wp-content\/uploads\/2025\/08\/Logo.jpg","contentUrl":"https:\/\/blondeau.be\/wp-content\/uploads\/2025\/08\/Logo.jpg","width":600,"height":600,"caption":"Blondeau"},"image":{"@id":"https:\/\/blondeau.be\/fr\/#\/schema\/logo\/image\/"}}]}},"_links":{"self":[{"href":"https:\/\/blondeau.be\/fr\/wp-json\/wp\/v2\/product\/29195","targetHints":{"allow":["GET"]}}],"collection":[{"href":"https:\/\/blondeau.be\/fr\/wp-json\/wp\/v2\/product"}],"about":[{"href":"https:\/\/blondeau.be\/fr\/wp-json\/wp\/v2\/types\/product"}],"wp:featuredmedia":[{"embeddable":true,"href":"https:\/\/blondeau.be\/fr\/wp-json\/wp\/v2\/media\/29202"}],"wp:attachment":[{"href":"https:\/\/blondeau.be\/fr\/wp-json\/wp\/v2\/media?parent=29195"}],"wp:term":[{"taxonomy":"product_brand","embeddable":true,"href":"https:\/\/blondeau.be\/fr\/wp-json\/wp\/v2\/product_brand?post=29195"},{"taxonomy":"product_cat","embeddable":true,"href":"https:\/\/blondeau.be\/fr\/wp-json\/wp\/v2\/product_cat?post=29195"},{"taxonomy":"product_tag","embeddable":true,"href":"https:\/\/blondeau.be\/fr\/wp-json\/wp\/v2\/product_tag?post=29195"}],"curies":[{"name":"wp","href":"https:\/\/api.w.org\/{rel}","templated":true}]}}