{"id":29169,"date":"2025-07-11T12:05:48","date_gmt":"2025-07-11T10:05:48","guid":{"rendered":"https:\/\/blondeau.be\/?post_type=product&#038;p=29169"},"modified":"2025-09-05T11:40:54","modified_gmt":"2025-09-05T09:40:54","slug":"stt170-transmetteurs-de-temperature-intelligents-copy-copy","status":"publish","type":"product","link":"https:\/\/blondeau.be\/fr\/produit\/stt170-transmetteurs-de-temperature-intelligents-copy-copy\/","title":{"rendered":"Transmetteur de temp\u00e9rature SmartLine STT750"},"content":{"rendered":"<p data-start=\"97\" data-end=\"658\">Le <strong data-start=\"100\" data-end=\"120\">STT750<\/strong> d&rsquo;Honeywell est un transmetteur de temp\u00e9rature avanc\u00e9 de la famille de produits SmartLine\u00ae, con\u00e7u pour les applications exigeant une pr\u00e9cision, une stabilit\u00e9 et une fiabilit\u00e9 maximales dans des conditions de temp\u00e9ratures ambiantes et de processus variables. La combinaison d&rsquo;une grande pr\u00e9cision de mesure, d&rsquo;un temps de r\u00e9ponse rapide, d&rsquo;une conception modulaire et de certifications compl\u00e8tes fait du STT750 l&rsquo;outil id\u00e9al pour les environnements industriels critiques, tels que les applications p\u00e9troli\u00e8res et gazi\u00e8res, chimiques, pharmaceutiques et de production d&rsquo;\u00e9nergie. <\/p>\n<p data-start=\"660\" data-end=\"894\">Tous les transmetteurs SmartLine sont \u00e9quip\u00e9s d&rsquo;outils de diagnostic \u00e0 acc\u00e8s num\u00e9rique qui signalent \u00e0 temps les d\u00e9faillances potentielles. Cela permet d&rsquo;\u00e9viter les temps d&rsquo;arr\u00eat impr\u00e9vus et contribue \u00e0 r\u00e9duire les co\u00fbts d&rsquo;exploitation. <\/p>\n<p data-start=\"148\" data-end=\"714\"><strong>Caract\u00e9ristiques et avantages :<\/strong><\/p>\n<ul>\n<li data-start=\"148\" data-end=\"714\">Performances de mesure exceptionnelles avec une pr\u00e9cision de \u00b10,14 \u00b0C (RTD), un temps de r\u00e9ponse rapide de 125 ms et une stabilit\u00e9 \u00e0 long terme de \u00b10,01 % sur 10 ans<\/li>\n<li data-start=\"148\" data-end=\"714\">Protection et s\u00e9curit\u00e9 robustes gr\u00e2ce \u00e0 un bo\u00eetier isol\u00e9 \u00e0 deux compartiments, une isolation galvanique, une d\u00e9tection de rupture du capteur et une homologation SIL 2\/3.<\/li>\n<li data-start=\"148\" data-end=\"714\">Construction modulaire et n\u00e9cessitant peu d&rsquo;entretien avec des modules rempla\u00e7ables (temp\u00e9rature, communication, affichage) et un \u00e9cran optionnel d\u00e9tachable sur le terrain avec affichage alphanum\u00e9rique, orientable jusqu&rsquo;\u00e0 270\u00b0, options d&rsquo;affichage multiples et configuration par touches ou par communicateur HART.<\/li>\n<li data-start=\"148\" data-end=\"714\">Communication flexible via 4-20 mA avec HART 7, compatible avec FOUNDATION\u2122 Fieldbus et PROFIBUS PA, pour une int\u00e9gration transparente dans divers syst\u00e8mes d&rsquo;automatisation.<\/li>\n<li data-start=\"148\" data-end=\"714\">Certification compl\u00e8te avec agr\u00e9ments selon ATEX, FM, CSA, IECEx et SIL 2\/3, assortie d&rsquo;une garantie standard de trois ans.<\/li>\n<\/ul>\n<p><strong style=\"font-size: 1rem;\">Documentation :<\/strong><\/p>\n","protected":false},"excerpt":{"rendered":"<p>Le STT750 d&rsquo;Honeywell est un transmetteur de temp\u00e9rature avanc\u00e9 de la famille de produits SmartLine\u00ae, con\u00e7u pour les applications exigeant une pr\u00e9cision, une stabilit\u00e9 et une fiabilit\u00e9 maximales dans des conditions de temp\u00e9ratures ambiantes et de processus variables. La combinaison d&rsquo;une grande pr\u00e9cision de mesure, d&rsquo;un temps de r\u00e9ponse rapide, d&rsquo;une conception modulaire et de [&hellip;]<\/p>\n","protected":false},"featured_media":29172,"template":"","meta":{"_acf_changed":false},"product_brand":[],"product_cat":[483],"product_tag":[322],"class_list":{"0":"post-29169","1":"product","2":"type-product","3":"status-publish","4":"has-post-thumbnail","6":"product_cat-transmetteurs-de-temperature-smartline","7":"product_tag-transmetteurs","9":"first","10":"instock","11":"taxable","12":"shipping-taxable","13":"product-type-simple"},"acf":[],"yoast_head":"<!-- This site is optimized with the Yoast SEO plugin v26.8 - https:\/\/yoast.com\/product\/yoast-seo-wordpress\/ -->\n<title>Transmetteur de temp\u00e9rature SmartLine STT750 - Blondeau<\/title>\n<meta name=\"robots\" content=\"index, follow, max-snippet:-1, max-image-preview:large, max-video-preview:-1\" \/>\n<link rel=\"canonical\" href=\"https:\/\/blondeau.be\/fr\/produit\/stt170-transmetteurs-de-temperature-intelligents-copy-copy\/\" \/>\n<meta property=\"og:locale\" content=\"fr_FR\" \/>\n<meta property=\"og:type\" content=\"article\" \/>\n<meta property=\"og:title\" content=\"Transmetteur de temp\u00e9rature SmartLine STT750 - Blondeau\" \/>\n<meta property=\"og:description\" content=\"Le STT750 d&rsquo;Honeywell est un transmetteur de temp\u00e9rature avanc\u00e9 de la famille de produits SmartLine\u00ae, con\u00e7u pour les applications exigeant une pr\u00e9cision, une stabilit\u00e9 et une fiabilit\u00e9 maximales dans des conditions de temp\u00e9ratures ambiantes et de processus variables. La combinaison d&rsquo;une grande pr\u00e9cision de mesure, d&rsquo;un temps de r\u00e9ponse rapide, d&rsquo;une conception modulaire et de [&hellip;]\" \/>\n<meta property=\"og:url\" content=\"https:\/\/blondeau.be\/fr\/produit\/stt170-transmetteurs-de-temperature-intelligents-copy-copy\/\" \/>\n<meta property=\"og:site_name\" content=\"Blondeau\" \/>\n<meta property=\"article:modified_time\" content=\"2025-09-05T09:40:54+00:00\" \/>\n<meta property=\"og:image\" content=\"https:\/\/blondeau.be\/wp-content\/uploads\/2025\/07\/STT750.jpg\" \/>\n\t<meta property=\"og:image:width\" content=\"450\" \/>\n\t<meta property=\"og:image:height\" content=\"450\" \/>\n\t<meta property=\"og:image:type\" content=\"image\/jpeg\" \/>\n<meta name=\"twitter:card\" content=\"summary_large_image\" \/>\n<meta name=\"twitter:label1\" content=\"Dur\u00e9e de lecture estim\u00e9e\" \/>\n\t<meta name=\"twitter:data1\" content=\"1 minute\" \/>\n<script type=\"application\/ld+json\" class=\"yoast-schema-graph\">{\"@context\":\"https:\/\/schema.org\",\"@graph\":[{\"@type\":\"WebPage\",\"@id\":\"https:\/\/blondeau.be\/fr\/produit\/stt170-transmetteurs-de-temperature-intelligents-copy-copy\/\",\"url\":\"https:\/\/blondeau.be\/fr\/produit\/stt170-transmetteurs-de-temperature-intelligents-copy-copy\/\",\"name\":\"Transmetteur de temp\u00e9rature SmartLine STT750 - Blondeau\",\"isPartOf\":{\"@id\":\"https:\/\/blondeau.be\/fr\/#website\"},\"primaryImageOfPage\":{\"@id\":\"https:\/\/blondeau.be\/fr\/produit\/stt170-transmetteurs-de-temperature-intelligents-copy-copy\/#primaryimage\"},\"image\":{\"@id\":\"https:\/\/blondeau.be\/fr\/produit\/stt170-transmetteurs-de-temperature-intelligents-copy-copy\/#primaryimage\"},\"thumbnailUrl\":\"https:\/\/blondeau.be\/wp-content\/uploads\/2025\/07\/STT750.jpg\",\"datePublished\":\"2025-07-11T10:05:48+00:00\",\"dateModified\":\"2025-09-05T09:40:54+00:00\",\"breadcrumb\":{\"@id\":\"https:\/\/blondeau.be\/fr\/produit\/stt170-transmetteurs-de-temperature-intelligents-copy-copy\/#breadcrumb\"},\"inLanguage\":\"fr-FR\",\"potentialAction\":[{\"@type\":\"ReadAction\",\"target\":[\"https:\/\/blondeau.be\/fr\/produit\/stt170-transmetteurs-de-temperature-intelligents-copy-copy\/\"]}]},{\"@type\":\"ImageObject\",\"inLanguage\":\"fr-FR\",\"@id\":\"https:\/\/blondeau.be\/fr\/produit\/stt170-transmetteurs-de-temperature-intelligents-copy-copy\/#primaryimage\",\"url\":\"https:\/\/blondeau.be\/wp-content\/uploads\/2025\/07\/STT750.jpg\",\"contentUrl\":\"https:\/\/blondeau.be\/wp-content\/uploads\/2025\/07\/STT750.jpg\",\"width\":450,\"height\":450},{\"@type\":\"BreadcrumbList\",\"@id\":\"https:\/\/blondeau.be\/fr\/produit\/stt170-transmetteurs-de-temperature-intelligents-copy-copy\/#breadcrumb\",\"itemListElement\":[{\"@type\":\"ListItem\",\"position\":1,\"name\":\"Home\",\"item\":\"https:\/\/blondeau.be\/fr\/accueil\/\"},{\"@type\":\"ListItem\",\"position\":2,\"name\":\"Catalogue des produits\",\"item\":\"https:\/\/blondeau.be\/fr\/catalogue-des-produits\/\"},{\"@type\":\"ListItem\",\"position\":3,\"name\":\"Transmetteur de temp\u00e9rature SmartLine STT750\"}]},{\"@type\":\"WebSite\",\"@id\":\"https:\/\/blondeau.be\/fr\/#website\",\"url\":\"https:\/\/blondeau.be\/fr\/\",\"name\":\"Blondeau\",\"description\":\"Industrial Heating\",\"publisher\":{\"@id\":\"https:\/\/blondeau.be\/fr\/#organization\"},\"potentialAction\":[{\"@type\":\"SearchAction\",\"target\":{\"@type\":\"EntryPoint\",\"urlTemplate\":\"https:\/\/blondeau.be\/fr\/?s={search_term_string}\"},\"query-input\":{\"@type\":\"PropertyValueSpecification\",\"valueRequired\":true,\"valueName\":\"search_term_string\"}}],\"inLanguage\":\"fr-FR\"},{\"@type\":\"Organization\",\"@id\":\"https:\/\/blondeau.be\/fr\/#organization\",\"name\":\"Blondeau\",\"url\":\"https:\/\/blondeau.be\/fr\/\",\"logo\":{\"@type\":\"ImageObject\",\"inLanguage\":\"fr-FR\",\"@id\":\"https:\/\/blondeau.be\/fr\/#\/schema\/logo\/image\/\",\"url\":\"https:\/\/blondeau.be\/wp-content\/uploads\/2025\/08\/Logo.jpg\",\"contentUrl\":\"https:\/\/blondeau.be\/wp-content\/uploads\/2025\/08\/Logo.jpg\",\"width\":600,\"height\":600,\"caption\":\"Blondeau\"},\"image\":{\"@id\":\"https:\/\/blondeau.be\/fr\/#\/schema\/logo\/image\/\"}}]}<\/script>\n<!-- \/ Yoast SEO plugin. -->","yoast_head_json":{"title":"Transmetteur de temp\u00e9rature SmartLine STT750 - Blondeau","robots":{"index":"index","follow":"follow","max-snippet":"max-snippet:-1","max-image-preview":"max-image-preview:large","max-video-preview":"max-video-preview:-1"},"canonical":"https:\/\/blondeau.be\/fr\/produit\/stt170-transmetteurs-de-temperature-intelligents-copy-copy\/","og_locale":"fr_FR","og_type":"article","og_title":"Transmetteur de temp\u00e9rature SmartLine STT750 - Blondeau","og_description":"Le STT750 d&rsquo;Honeywell est un transmetteur de temp\u00e9rature avanc\u00e9 de la famille de produits SmartLine\u00ae, con\u00e7u pour les applications exigeant une pr\u00e9cision, une stabilit\u00e9 et une fiabilit\u00e9 maximales dans des conditions de temp\u00e9ratures ambiantes et de processus variables. La combinaison d&rsquo;une grande pr\u00e9cision de mesure, d&rsquo;un temps de r\u00e9ponse rapide, d&rsquo;une conception modulaire et de [&hellip;]","og_url":"https:\/\/blondeau.be\/fr\/produit\/stt170-transmetteurs-de-temperature-intelligents-copy-copy\/","og_site_name":"Blondeau","article_modified_time":"2025-09-05T09:40:54+00:00","og_image":[{"width":450,"height":450,"url":"https:\/\/blondeau.be\/wp-content\/uploads\/2025\/07\/STT750.jpg","type":"image\/jpeg"}],"twitter_card":"summary_large_image","twitter_misc":{"Dur\u00e9e de lecture estim\u00e9e":"1 minute"},"schema":{"@context":"https:\/\/schema.org","@graph":[{"@type":"WebPage","@id":"https:\/\/blondeau.be\/fr\/produit\/stt170-transmetteurs-de-temperature-intelligents-copy-copy\/","url":"https:\/\/blondeau.be\/fr\/produit\/stt170-transmetteurs-de-temperature-intelligents-copy-copy\/","name":"Transmetteur de temp\u00e9rature SmartLine STT750 - Blondeau","isPartOf":{"@id":"https:\/\/blondeau.be\/fr\/#website"},"primaryImageOfPage":{"@id":"https:\/\/blondeau.be\/fr\/produit\/stt170-transmetteurs-de-temperature-intelligents-copy-copy\/#primaryimage"},"image":{"@id":"https:\/\/blondeau.be\/fr\/produit\/stt170-transmetteurs-de-temperature-intelligents-copy-copy\/#primaryimage"},"thumbnailUrl":"https:\/\/blondeau.be\/wp-content\/uploads\/2025\/07\/STT750.jpg","datePublished":"2025-07-11T10:05:48+00:00","dateModified":"2025-09-05T09:40:54+00:00","breadcrumb":{"@id":"https:\/\/blondeau.be\/fr\/produit\/stt170-transmetteurs-de-temperature-intelligents-copy-copy\/#breadcrumb"},"inLanguage":"fr-FR","potentialAction":[{"@type":"ReadAction","target":["https:\/\/blondeau.be\/fr\/produit\/stt170-transmetteurs-de-temperature-intelligents-copy-copy\/"]}]},{"@type":"ImageObject","inLanguage":"fr-FR","@id":"https:\/\/blondeau.be\/fr\/produit\/stt170-transmetteurs-de-temperature-intelligents-copy-copy\/#primaryimage","url":"https:\/\/blondeau.be\/wp-content\/uploads\/2025\/07\/STT750.jpg","contentUrl":"https:\/\/blondeau.be\/wp-content\/uploads\/2025\/07\/STT750.jpg","width":450,"height":450},{"@type":"BreadcrumbList","@id":"https:\/\/blondeau.be\/fr\/produit\/stt170-transmetteurs-de-temperature-intelligents-copy-copy\/#breadcrumb","itemListElement":[{"@type":"ListItem","position":1,"name":"Home","item":"https:\/\/blondeau.be\/fr\/accueil\/"},{"@type":"ListItem","position":2,"name":"Catalogue des produits","item":"https:\/\/blondeau.be\/fr\/catalogue-des-produits\/"},{"@type":"ListItem","position":3,"name":"Transmetteur de temp\u00e9rature SmartLine STT750"}]},{"@type":"WebSite","@id":"https:\/\/blondeau.be\/fr\/#website","url":"https:\/\/blondeau.be\/fr\/","name":"Blondeau","description":"Industrial Heating","publisher":{"@id":"https:\/\/blondeau.be\/fr\/#organization"},"potentialAction":[{"@type":"SearchAction","target":{"@type":"EntryPoint","urlTemplate":"https:\/\/blondeau.be\/fr\/?s={search_term_string}"},"query-input":{"@type":"PropertyValueSpecification","valueRequired":true,"valueName":"search_term_string"}}],"inLanguage":"fr-FR"},{"@type":"Organization","@id":"https:\/\/blondeau.be\/fr\/#organization","name":"Blondeau","url":"https:\/\/blondeau.be\/fr\/","logo":{"@type":"ImageObject","inLanguage":"fr-FR","@id":"https:\/\/blondeau.be\/fr\/#\/schema\/logo\/image\/","url":"https:\/\/blondeau.be\/wp-content\/uploads\/2025\/08\/Logo.jpg","contentUrl":"https:\/\/blondeau.be\/wp-content\/uploads\/2025\/08\/Logo.jpg","width":600,"height":600,"caption":"Blondeau"},"image":{"@id":"https:\/\/blondeau.be\/fr\/#\/schema\/logo\/image\/"}}]}},"_links":{"self":[{"href":"https:\/\/blondeau.be\/fr\/wp-json\/wp\/v2\/product\/29169","targetHints":{"allow":["GET"]}}],"collection":[{"href":"https:\/\/blondeau.be\/fr\/wp-json\/wp\/v2\/product"}],"about":[{"href":"https:\/\/blondeau.be\/fr\/wp-json\/wp\/v2\/types\/product"}],"wp:featuredmedia":[{"embeddable":true,"href":"https:\/\/blondeau.be\/fr\/wp-json\/wp\/v2\/media\/29172"}],"wp:attachment":[{"href":"https:\/\/blondeau.be\/fr\/wp-json\/wp\/v2\/media?parent=29169"}],"wp:term":[{"taxonomy":"product_brand","embeddable":true,"href":"https:\/\/blondeau.be\/fr\/wp-json\/wp\/v2\/product_brand?post=29169"},{"taxonomy":"product_cat","embeddable":true,"href":"https:\/\/blondeau.be\/fr\/wp-json\/wp\/v2\/product_cat?post=29169"},{"taxonomy":"product_tag","embeddable":true,"href":"https:\/\/blondeau.be\/fr\/wp-json\/wp\/v2\/product_tag?post=29169"}],"curies":[{"name":"wp","href":"https:\/\/api.w.org\/{rel}","templated":true}]}}