{"id":29097,"date":"2025-07-08T13:06:13","date_gmt":"2025-07-08T11:06:13","guid":{"rendered":"https:\/\/blondeau.be\/?post_type=product&#038;p=29097"},"modified":"2025-09-05T11:40:49","modified_gmt":"2025-09-05T09:40:49","slug":"transmetteurs-de-niveau-smartline-copy","status":"publish","type":"product","link":"https:\/\/blondeau.be\/fr\/produit\/transmetteurs-de-niveau-smartline-copy\/","title":{"rendered":"SmartLine Transmetteurs radar sans contact &#8211; SLN 700"},"content":{"rendered":"<p data-start=\"350\" data-end=\"769\">Les <strong data-start=\"353\" data-end=\"386\">transmetteurs de niveau SmartLine\u00ae<\/strong> d&rsquo;Honeywell combinent des ann\u00e9es d&rsquo;expertise dans la technologie radar avec les derni\u00e8res innovations en mati\u00e8re de fiabilit\u00e9 des mesures et d&rsquo;int\u00e9gration des syst\u00e8mes. Faisant partie de la grande famille SmartLine, ces transmetteurs offrent des performances de mesure de haute qualit\u00e9, une conception modulaire, des options de configuration avanc\u00e9es et une int\u00e9gration transparente dans une vari\u00e9t\u00e9 d&rsquo;environnements de traitement. <\/p>\n<p data-start=\"76\" data-end=\"420\">Le <strong data-start=\"79\" data-end=\"101\">SLN 700<\/strong> est un transmetteur de niveau radar sans contact 80 GHz haute performance con\u00e7u pour des mesures de niveau pr\u00e9cises et stables dans une large gamme d&rsquo;applications. Gr\u00e2ce \u00e0 sa haute r\u00e9solution, son excellent traitement du signal et sa fiabilit\u00e9, le SLN 700 est parfaitement adapt\u00e9 aux environnements exigeants. Le transmetteur allie une grande pr\u00e9cision de mesure \u00e0 une conception conviviale et n\u00e9cessitant peu d&rsquo;entretien, ce qui en fait une solution efficace et durable pour les mesures de niveau critiques dans les r\u00e9servoirs de stockage, les silos et les r\u00e9servoirs ouverts, entre autres. Gr\u00e2ce \u00e0 sa haute fr\u00e9quence, il offre un faisceau plus \u00e9troit, ce qui lui permet d&rsquo;effectuer des mesures plus pr\u00e9cises dans des g\u00e9om\u00e9tries complexes ou \u00e0 proximit\u00e9 d&rsquo;obstacles dans le r\u00e9servoir.   <\/p>\n<p data-start=\"771\" data-end=\"1213\"><strong>Caract\u00e9ristiques et avantages :<\/strong><\/p>\n<ul>\n<li data-start=\"771\" data-end=\"1213\">Mesure sans contact &#8211; pas de pi\u00e8ces mobiles, donc peu d&rsquo;entretien<\/li>\n<li data-start=\"771\" data-end=\"1213\">Pr\u00e9cision et stabilit\u00e9 \u00e9lev\u00e9es quelles que soient les conditions du processus<\/li>\n<li data-start=\"771\" data-end=\"1213\">Conception conviviale et configuration facile<\/li>\n<li data-start=\"771\" data-end=\"1213\">Convient pour les liquides et les solides<\/li>\n<li data-start=\"771\" data-end=\"1213\">Large \u00e9ventail d&rsquo;applications, notamment dans les secteurs des produits chimiques, du p\u00e9trole et du gaz, de l&rsquo;alimentation, du traitement de l&rsquo;eau et du stockage en vrac.<\/li>\n<\/ul>\n<p><strong style=\"font-size: 1rem;\">Documentation :<\/strong><\/p>\n","protected":false},"excerpt":{"rendered":"<p>Les transmetteurs de niveau SmartLine\u00ae d&rsquo;Honeywell combinent des ann\u00e9es d&rsquo;expertise dans la technologie radar avec les derni\u00e8res innovations en mati\u00e8re de fiabilit\u00e9 des mesures et d&rsquo;int\u00e9gration des syst\u00e8mes. Faisant partie de la grande famille SmartLine, ces transmetteurs offrent des performances de mesure de haute qualit\u00e9, une conception modulaire, des options de configuration avanc\u00e9es et une [&hellip;]<\/p>\n","protected":false},"featured_media":29100,"template":"","meta":{"_acf_changed":false},"product_brand":[],"product_cat":[481],"product_tag":[322],"class_list":{"0":"post-29097","1":"product","2":"type-product","3":"status-publish","4":"has-post-thumbnail","6":"product_cat-transmetteurs-de-niveau-smartline","7":"product_tag-transmetteurs","9":"first","10":"instock","11":"taxable","12":"shipping-taxable","13":"product-type-simple"},"acf":[],"yoast_head":"<!-- This site is optimized with the Yoast SEO plugin v26.8 - https:\/\/yoast.com\/product\/yoast-seo-wordpress\/ -->\n<title>SmartLine Transmetteurs radar sans contact - SLN 700 - Blondeau<\/title>\n<meta name=\"robots\" content=\"index, follow, max-snippet:-1, max-image-preview:large, max-video-preview:-1\" \/>\n<link rel=\"canonical\" href=\"https:\/\/blondeau.be\/fr\/produit\/transmetteurs-de-niveau-smartline-copy\/\" \/>\n<meta property=\"og:locale\" content=\"fr_FR\" \/>\n<meta property=\"og:type\" content=\"article\" \/>\n<meta property=\"og:title\" content=\"SmartLine Transmetteurs radar sans contact - SLN 700 - Blondeau\" \/>\n<meta property=\"og:description\" content=\"Les transmetteurs de niveau SmartLine\u00ae d&rsquo;Honeywell combinent des ann\u00e9es d&rsquo;expertise dans la technologie radar avec les derni\u00e8res innovations en mati\u00e8re de fiabilit\u00e9 des mesures et d&rsquo;int\u00e9gration des syst\u00e8mes. Faisant partie de la grande famille SmartLine, ces transmetteurs offrent des performances de mesure de haute qualit\u00e9, une conception modulaire, des options de configuration avanc\u00e9es et une [&hellip;]\" \/>\n<meta property=\"og:url\" content=\"https:\/\/blondeau.be\/fr\/produit\/transmetteurs-de-niveau-smartline-copy\/\" \/>\n<meta property=\"og:site_name\" content=\"Blondeau\" \/>\n<meta property=\"article:modified_time\" content=\"2025-09-05T09:40:49+00:00\" \/>\n<meta property=\"og:image\" content=\"https:\/\/blondeau.be\/wp-content\/uploads\/2025\/07\/SLN700.jpg\" \/>\n\t<meta property=\"og:image:width\" content=\"576\" \/>\n\t<meta property=\"og:image:height\" content=\"576\" \/>\n\t<meta property=\"og:image:type\" content=\"image\/jpeg\" \/>\n<meta name=\"twitter:card\" content=\"summary_large_image\" \/>\n<meta name=\"twitter:label1\" content=\"Dur\u00e9e de lecture estim\u00e9e\" \/>\n\t<meta name=\"twitter:data1\" content=\"1 minute\" \/>\n<script type=\"application\/ld+json\" class=\"yoast-schema-graph\">{\"@context\":\"https:\/\/schema.org\",\"@graph\":[{\"@type\":\"WebPage\",\"@id\":\"https:\/\/blondeau.be\/fr\/produit\/transmetteurs-de-niveau-smartline-copy\/\",\"url\":\"https:\/\/blondeau.be\/fr\/produit\/transmetteurs-de-niveau-smartline-copy\/\",\"name\":\"SmartLine Transmetteurs radar sans contact - SLN 700 - Blondeau\",\"isPartOf\":{\"@id\":\"https:\/\/blondeau.be\/fr\/#website\"},\"primaryImageOfPage\":{\"@id\":\"https:\/\/blondeau.be\/fr\/produit\/transmetteurs-de-niveau-smartline-copy\/#primaryimage\"},\"image\":{\"@id\":\"https:\/\/blondeau.be\/fr\/produit\/transmetteurs-de-niveau-smartline-copy\/#primaryimage\"},\"thumbnailUrl\":\"https:\/\/blondeau.be\/wp-content\/uploads\/2025\/07\/SLN700.jpg\",\"datePublished\":\"2025-07-08T11:06:13+00:00\",\"dateModified\":\"2025-09-05T09:40:49+00:00\",\"breadcrumb\":{\"@id\":\"https:\/\/blondeau.be\/fr\/produit\/transmetteurs-de-niveau-smartline-copy\/#breadcrumb\"},\"inLanguage\":\"fr-FR\",\"potentialAction\":[{\"@type\":\"ReadAction\",\"target\":[\"https:\/\/blondeau.be\/fr\/produit\/transmetteurs-de-niveau-smartline-copy\/\"]}]},{\"@type\":\"ImageObject\",\"inLanguage\":\"fr-FR\",\"@id\":\"https:\/\/blondeau.be\/fr\/produit\/transmetteurs-de-niveau-smartline-copy\/#primaryimage\",\"url\":\"https:\/\/blondeau.be\/wp-content\/uploads\/2025\/07\/SLN700.jpg\",\"contentUrl\":\"https:\/\/blondeau.be\/wp-content\/uploads\/2025\/07\/SLN700.jpg\",\"width\":576,\"height\":576},{\"@type\":\"BreadcrumbList\",\"@id\":\"https:\/\/blondeau.be\/fr\/produit\/transmetteurs-de-niveau-smartline-copy\/#breadcrumb\",\"itemListElement\":[{\"@type\":\"ListItem\",\"position\":1,\"name\":\"Home\",\"item\":\"https:\/\/blondeau.be\/fr\/accueil\/\"},{\"@type\":\"ListItem\",\"position\":2,\"name\":\"Catalogue des produits\",\"item\":\"https:\/\/blondeau.be\/fr\/catalogue-des-produits\/\"},{\"@type\":\"ListItem\",\"position\":3,\"name\":\"SmartLine Transmetteurs radar sans contact &#8211; SLN 700\"}]},{\"@type\":\"WebSite\",\"@id\":\"https:\/\/blondeau.be\/fr\/#website\",\"url\":\"https:\/\/blondeau.be\/fr\/\",\"name\":\"Blondeau\",\"description\":\"Industrial Heating\",\"publisher\":{\"@id\":\"https:\/\/blondeau.be\/fr\/#organization\"},\"potentialAction\":[{\"@type\":\"SearchAction\",\"target\":{\"@type\":\"EntryPoint\",\"urlTemplate\":\"https:\/\/blondeau.be\/fr\/?s={search_term_string}\"},\"query-input\":{\"@type\":\"PropertyValueSpecification\",\"valueRequired\":true,\"valueName\":\"search_term_string\"}}],\"inLanguage\":\"fr-FR\"},{\"@type\":\"Organization\",\"@id\":\"https:\/\/blondeau.be\/fr\/#organization\",\"name\":\"Blondeau\",\"url\":\"https:\/\/blondeau.be\/fr\/\",\"logo\":{\"@type\":\"ImageObject\",\"inLanguage\":\"fr-FR\",\"@id\":\"https:\/\/blondeau.be\/fr\/#\/schema\/logo\/image\/\",\"url\":\"https:\/\/blondeau.be\/wp-content\/uploads\/2025\/08\/Logo.jpg\",\"contentUrl\":\"https:\/\/blondeau.be\/wp-content\/uploads\/2025\/08\/Logo.jpg\",\"width\":600,\"height\":600,\"caption\":\"Blondeau\"},\"image\":{\"@id\":\"https:\/\/blondeau.be\/fr\/#\/schema\/logo\/image\/\"}}]}<\/script>\n<!-- \/ Yoast SEO plugin. -->","yoast_head_json":{"title":"SmartLine Transmetteurs radar sans contact - SLN 700 - Blondeau","robots":{"index":"index","follow":"follow","max-snippet":"max-snippet:-1","max-image-preview":"max-image-preview:large","max-video-preview":"max-video-preview:-1"},"canonical":"https:\/\/blondeau.be\/fr\/produit\/transmetteurs-de-niveau-smartline-copy\/","og_locale":"fr_FR","og_type":"article","og_title":"SmartLine Transmetteurs radar sans contact - SLN 700 - Blondeau","og_description":"Les transmetteurs de niveau SmartLine\u00ae d&rsquo;Honeywell combinent des ann\u00e9es d&rsquo;expertise dans la technologie radar avec les derni\u00e8res innovations en mati\u00e8re de fiabilit\u00e9 des mesures et d&rsquo;int\u00e9gration des syst\u00e8mes. Faisant partie de la grande famille SmartLine, ces transmetteurs offrent des performances de mesure de haute qualit\u00e9, une conception modulaire, des options de configuration avanc\u00e9es et une [&hellip;]","og_url":"https:\/\/blondeau.be\/fr\/produit\/transmetteurs-de-niveau-smartline-copy\/","og_site_name":"Blondeau","article_modified_time":"2025-09-05T09:40:49+00:00","og_image":[{"width":576,"height":576,"url":"https:\/\/blondeau.be\/wp-content\/uploads\/2025\/07\/SLN700.jpg","type":"image\/jpeg"}],"twitter_card":"summary_large_image","twitter_misc":{"Dur\u00e9e de lecture estim\u00e9e":"1 minute"},"schema":{"@context":"https:\/\/schema.org","@graph":[{"@type":"WebPage","@id":"https:\/\/blondeau.be\/fr\/produit\/transmetteurs-de-niveau-smartline-copy\/","url":"https:\/\/blondeau.be\/fr\/produit\/transmetteurs-de-niveau-smartline-copy\/","name":"SmartLine Transmetteurs radar sans contact - SLN 700 - Blondeau","isPartOf":{"@id":"https:\/\/blondeau.be\/fr\/#website"},"primaryImageOfPage":{"@id":"https:\/\/blondeau.be\/fr\/produit\/transmetteurs-de-niveau-smartline-copy\/#primaryimage"},"image":{"@id":"https:\/\/blondeau.be\/fr\/produit\/transmetteurs-de-niveau-smartline-copy\/#primaryimage"},"thumbnailUrl":"https:\/\/blondeau.be\/wp-content\/uploads\/2025\/07\/SLN700.jpg","datePublished":"2025-07-08T11:06:13+00:00","dateModified":"2025-09-05T09:40:49+00:00","breadcrumb":{"@id":"https:\/\/blondeau.be\/fr\/produit\/transmetteurs-de-niveau-smartline-copy\/#breadcrumb"},"inLanguage":"fr-FR","potentialAction":[{"@type":"ReadAction","target":["https:\/\/blondeau.be\/fr\/produit\/transmetteurs-de-niveau-smartline-copy\/"]}]},{"@type":"ImageObject","inLanguage":"fr-FR","@id":"https:\/\/blondeau.be\/fr\/produit\/transmetteurs-de-niveau-smartline-copy\/#primaryimage","url":"https:\/\/blondeau.be\/wp-content\/uploads\/2025\/07\/SLN700.jpg","contentUrl":"https:\/\/blondeau.be\/wp-content\/uploads\/2025\/07\/SLN700.jpg","width":576,"height":576},{"@type":"BreadcrumbList","@id":"https:\/\/blondeau.be\/fr\/produit\/transmetteurs-de-niveau-smartline-copy\/#breadcrumb","itemListElement":[{"@type":"ListItem","position":1,"name":"Home","item":"https:\/\/blondeau.be\/fr\/accueil\/"},{"@type":"ListItem","position":2,"name":"Catalogue des produits","item":"https:\/\/blondeau.be\/fr\/catalogue-des-produits\/"},{"@type":"ListItem","position":3,"name":"SmartLine Transmetteurs radar sans contact &#8211; SLN 700"}]},{"@type":"WebSite","@id":"https:\/\/blondeau.be\/fr\/#website","url":"https:\/\/blondeau.be\/fr\/","name":"Blondeau","description":"Industrial Heating","publisher":{"@id":"https:\/\/blondeau.be\/fr\/#organization"},"potentialAction":[{"@type":"SearchAction","target":{"@type":"EntryPoint","urlTemplate":"https:\/\/blondeau.be\/fr\/?s={search_term_string}"},"query-input":{"@type":"PropertyValueSpecification","valueRequired":true,"valueName":"search_term_string"}}],"inLanguage":"fr-FR"},{"@type":"Organization","@id":"https:\/\/blondeau.be\/fr\/#organization","name":"Blondeau","url":"https:\/\/blondeau.be\/fr\/","logo":{"@type":"ImageObject","inLanguage":"fr-FR","@id":"https:\/\/blondeau.be\/fr\/#\/schema\/logo\/image\/","url":"https:\/\/blondeau.be\/wp-content\/uploads\/2025\/08\/Logo.jpg","contentUrl":"https:\/\/blondeau.be\/wp-content\/uploads\/2025\/08\/Logo.jpg","width":600,"height":600,"caption":"Blondeau"},"image":{"@id":"https:\/\/blondeau.be\/fr\/#\/schema\/logo\/image\/"}}]}},"_links":{"self":[{"href":"https:\/\/blondeau.be\/fr\/wp-json\/wp\/v2\/product\/29097","targetHints":{"allow":["GET"]}}],"collection":[{"href":"https:\/\/blondeau.be\/fr\/wp-json\/wp\/v2\/product"}],"about":[{"href":"https:\/\/blondeau.be\/fr\/wp-json\/wp\/v2\/types\/product"}],"wp:featuredmedia":[{"embeddable":true,"href":"https:\/\/blondeau.be\/fr\/wp-json\/wp\/v2\/media\/29100"}],"wp:attachment":[{"href":"https:\/\/blondeau.be\/fr\/wp-json\/wp\/v2\/media?parent=29097"}],"wp:term":[{"taxonomy":"product_brand","embeddable":true,"href":"https:\/\/blondeau.be\/fr\/wp-json\/wp\/v2\/product_brand?post=29097"},{"taxonomy":"product_cat","embeddable":true,"href":"https:\/\/blondeau.be\/fr\/wp-json\/wp\/v2\/product_cat?post=29097"},{"taxonomy":"product_tag","embeddable":true,"href":"https:\/\/blondeau.be\/fr\/wp-json\/wp\/v2\/product_tag?post=29097"}],"curies":[{"name":"wp","href":"https:\/\/api.w.org\/{rel}","templated":true}]}}