{"id":28672,"date":"2025-01-28T13:53:29","date_gmt":"2025-01-28T11:53:29","guid":{"rendered":"https:\/\/blondeau.be\/product\/kromschroder-ic-20-ic-30-ic-40-ic-50\/"},"modified":"2025-07-28T17:32:29","modified_gmt":"2025-07-28T15:32:29","slug":"kromschroder-ic-20-ic-30-ic-40-ic-50","status":"publish","type":"product","link":"https:\/\/blondeau.be\/fr\/produit\/kromschroder-ic-20-ic-30-ic-40-ic-50\/","title":{"rendered":"Kromschr\u00f6der IC 20, IC 30, IC 40, IC 50"},"content":{"rendered":"<p class=\"whitespace-normal break-words\">Les servo-moteurs <strong>IC 20, IC 30<\/strong> et <strong>IC 50 <\/strong>de Kromschr\u00f6der sont des unit\u00e9s d&rsquo;entra\u00eenement de pr\u00e9cision con\u00e7ues pour un positionnement rotationnel contr\u00f4l\u00e9 sur une plage de 0\u00b0 \u00e0 90\u00b0, sp\u00e9cifiquement d\u00e9velopp\u00e9es pour la r\u00e9gulation des d\u00e9bits gazeux et d&rsquo;air comburant dans les installations de combustion industrielles. Ces actionneurs offrent une compatibilit\u00e9 de montage direct avec les vannes papillon des gammes BVG, BVA et BVH, ou peuvent \u00eatre int\u00e9gr\u00e9s de mani\u00e8re transparente aux ensembles br\u00fbleurs pour une modulation optimale des flux. <\/p>\n<p class=\"whitespace-normal break-words\">L&rsquo;<strong>IC 40<\/strong> est un servomoteur avanc\u00e9 dot\u00e9 de fonctions programmables pour l&rsquo;int\u00e9gration de processus complexes. Ce mod\u00e8le offre des capacit\u00e9s de diagnostic \u00e9tendues, y compris l&rsquo;enregistrement de donn\u00e9es statistiques et l&rsquo;historique des erreurs, afin de faciliter la maintenance pr\u00e9ventive et l&rsquo;optimisation des processus. <\/p>\n<p><strong>Caract\u00e9ristiques et avantages :<\/strong><\/p>\n<ul>\n<li data-start=\"411\" data-end=\"426\">La dur\u00e9e de l&rsquo;op\u00e9ration est de deux ans :\n<ul>\n<li data-start=\"427\" data-end=\"454\">IC 20 : 7,5 \u00e0 60 s<\/li>\n<li data-start=\"455\" data-end=\"480\">IC 30 : 30 et 60 s<\/li>\n<li data-start=\"481\" data-end=\"508\">IC 50 : 3,7 \u00e0 60 s<\/li>\n<li data-start=\"509\" data-end=\"539\">IC 40 : programmable<\/li>\n<\/ul>\n<\/li>\n<li data-start=\"541\" data-end=\"559\">Tension de ligne :\n<ul>\n<li data-start=\"560\" data-end=\"591\">IC 20 : 120 \u00e0 230 V AC<\/li>\n<li data-start=\"592\" data-end=\"614\">IC 30 : 24 V DC<\/li>\n<li data-start=\"615\" data-end=\"646\">IC 40 : 100 \u00e0 230 V AC<\/li>\n<li data-start=\"647\" data-end=\"677\">IC 50 : 24 \u00e0 230 V AC<\/li>\n<\/ul>\n<\/li>\n<li data-start=\"679\" data-end=\"692\">Couple :\n<ul>\n<li data-start=\"693\" data-end=\"741\">IC 20, IC 40 : 2,5 Nm (\u00e0 50 Hz) et 3 Nm<\/li>\n<li data-start=\"742\" data-end=\"761\">IC 30 : 3 Nm<\/li>\n<li data-start=\"762\" data-end=\"788\">IC 50 : 3 \u00e0 30 Nm<\/li>\n<\/ul>\n<\/li>\n<li data-start=\"790\" data-end=\"807\">Contr\u00f4le :\n<ul>\n<li data-start=\"808\" data-end=\"844\">IC 30 : commande de pas \u00e0 trois points<\/li>\n<li data-start=\"845\" data-end=\"907\">IC 20, IC 50 : commande de pas \u00e0 trois points ou signal continu via un signal (0) 4-20 mA ou 0-10 V<\/li>\n<li data-start=\"908\" data-end=\"985\" data-is-last-node=\"\">IC 40 : commande \u00e0 trois points, commande \u00e0 deux points, PLC ou signal continu via un signal (0) 4-20 mA ou 0-10 V<\/li>\n<\/ul>\n<\/li>\n<\/ul>\n<p><strong>Documentation :<\/strong><\/p>\n","protected":false},"excerpt":{"rendered":"<p>Les servo-moteurs IC 20, IC 30 et IC 50 de Kromschr\u00f6der sont des unit\u00e9s d&rsquo;entra\u00eenement de pr\u00e9cision con\u00e7ues pour un positionnement rotationnel contr\u00f4l\u00e9 sur une plage de 0\u00b0 \u00e0 90\u00b0, sp\u00e9cifiquement d\u00e9velopp\u00e9es pour la r\u00e9gulation des d\u00e9bits gazeux et d&rsquo;air comburant dans les installations de combustion industrielles. Ces actionneurs offrent une compatibilit\u00e9 de montage direct [&hellip;]<\/p>\n","protected":false},"featured_media":28676,"template":"","meta":{"_acf_changed":false},"product_brand":[],"product_cat":[431],"product_tag":[404],"class_list":{"0":"post-28672","1":"product","2":"type-product","3":"status-publish","4":"has-post-thumbnail","6":"product_cat-servomoteurs-fr","7":"product_tag-servomoteurs","9":"first","10":"instock","11":"taxable","12":"shipping-taxable","13":"product-type-simple"},"acf":[],"yoast_head":"<!-- This site is optimized with the Yoast SEO plugin v26.8 - https:\/\/yoast.com\/product\/yoast-seo-wordpress\/ -->\n<title>Kromschr\u00f6der IC 20, IC 30, IC 40, IC 50 - Blondeau<\/title>\n<meta name=\"robots\" content=\"index, follow, max-snippet:-1, max-image-preview:large, max-video-preview:-1\" \/>\n<link rel=\"canonical\" href=\"https:\/\/blondeau.be\/fr\/produit\/kromschroder-ic-20-ic-30-ic-40-ic-50\/\" \/>\n<meta property=\"og:locale\" content=\"fr_FR\" \/>\n<meta property=\"og:type\" content=\"article\" \/>\n<meta property=\"og:title\" content=\"Kromschr\u00f6der IC 20, IC 30, IC 40, IC 50 - Blondeau\" \/>\n<meta property=\"og:description\" content=\"Les servo-moteurs IC 20, IC 30 et IC 50 de Kromschr\u00f6der sont des unit\u00e9s d&rsquo;entra\u00eenement de pr\u00e9cision con\u00e7ues pour un positionnement rotationnel contr\u00f4l\u00e9 sur une plage de 0\u00b0 \u00e0 90\u00b0, sp\u00e9cifiquement d\u00e9velopp\u00e9es pour la r\u00e9gulation des d\u00e9bits gazeux et d&rsquo;air comburant dans les installations de combustion industrielles. Ces actionneurs offrent une compatibilit\u00e9 de montage direct [&hellip;]\" \/>\n<meta property=\"og:url\" content=\"https:\/\/blondeau.be\/fr\/produit\/kromschroder-ic-20-ic-30-ic-40-ic-50\/\" \/>\n<meta property=\"og:site_name\" content=\"Blondeau\" \/>\n<meta property=\"article:modified_time\" content=\"2025-07-28T15:32:29+00:00\" \/>\n<meta property=\"og:image\" content=\"https:\/\/blondeau.be\/wp-content\/uploads\/2025\/01\/pmt-hps-re-ic20-ic30-ic50.webp\" \/>\n\t<meta property=\"og:image:width\" content=\"546\" \/>\n\t<meta property=\"og:image:height\" content=\"576\" \/>\n\t<meta property=\"og:image:type\" content=\"image\/webp\" \/>\n<meta name=\"twitter:card\" content=\"summary_large_image\" \/>\n<meta name=\"twitter:label1\" content=\"Dur\u00e9e de lecture estim\u00e9e\" \/>\n\t<meta name=\"twitter:data1\" content=\"1 minute\" \/>\n<script type=\"application\/ld+json\" class=\"yoast-schema-graph\">{\"@context\":\"https:\/\/schema.org\",\"@graph\":[{\"@type\":\"WebPage\",\"@id\":\"https:\/\/blondeau.be\/fr\/produit\/kromschroder-ic-20-ic-30-ic-40-ic-50\/\",\"url\":\"https:\/\/blondeau.be\/fr\/produit\/kromschroder-ic-20-ic-30-ic-40-ic-50\/\",\"name\":\"Kromschr\u00f6der IC 20, IC 30, IC 40, IC 50 - Blondeau\",\"isPartOf\":{\"@id\":\"https:\/\/blondeau.be\/fr\/#website\"},\"primaryImageOfPage\":{\"@id\":\"https:\/\/blondeau.be\/fr\/produit\/kromschroder-ic-20-ic-30-ic-40-ic-50\/#primaryimage\"},\"image\":{\"@id\":\"https:\/\/blondeau.be\/fr\/produit\/kromschroder-ic-20-ic-30-ic-40-ic-50\/#primaryimage\"},\"thumbnailUrl\":\"https:\/\/blondeau.be\/wp-content\/uploads\/2025\/01\/pmt-hps-re-ic20-ic30-ic50.webp\",\"datePublished\":\"2025-01-28T11:53:29+00:00\",\"dateModified\":\"2025-07-28T15:32:29+00:00\",\"breadcrumb\":{\"@id\":\"https:\/\/blondeau.be\/fr\/produit\/kromschroder-ic-20-ic-30-ic-40-ic-50\/#breadcrumb\"},\"inLanguage\":\"fr-FR\",\"potentialAction\":[{\"@type\":\"ReadAction\",\"target\":[\"https:\/\/blondeau.be\/fr\/produit\/kromschroder-ic-20-ic-30-ic-40-ic-50\/\"]}]},{\"@type\":\"ImageObject\",\"inLanguage\":\"fr-FR\",\"@id\":\"https:\/\/blondeau.be\/fr\/produit\/kromschroder-ic-20-ic-30-ic-40-ic-50\/#primaryimage\",\"url\":\"https:\/\/blondeau.be\/wp-content\/uploads\/2025\/01\/pmt-hps-re-ic20-ic30-ic50.webp\",\"contentUrl\":\"https:\/\/blondeau.be\/wp-content\/uploads\/2025\/01\/pmt-hps-re-ic20-ic30-ic50.webp\",\"width\":546,\"height\":576},{\"@type\":\"BreadcrumbList\",\"@id\":\"https:\/\/blondeau.be\/fr\/produit\/kromschroder-ic-20-ic-30-ic-40-ic-50\/#breadcrumb\",\"itemListElement\":[{\"@type\":\"ListItem\",\"position\":1,\"name\":\"Home\",\"item\":\"https:\/\/blondeau.be\/fr\/accueil\/\"},{\"@type\":\"ListItem\",\"position\":2,\"name\":\"Catalogue des produits\",\"item\":\"https:\/\/blondeau.be\/fr\/catalogue-des-produits\/\"},{\"@type\":\"ListItem\",\"position\":3,\"name\":\"Kromschr\u00f6der IC 20, IC 30, IC 40, IC 50\"}]},{\"@type\":\"WebSite\",\"@id\":\"https:\/\/blondeau.be\/fr\/#website\",\"url\":\"https:\/\/blondeau.be\/fr\/\",\"name\":\"Blondeau\",\"description\":\"Industrial Heating\",\"publisher\":{\"@id\":\"https:\/\/blondeau.be\/fr\/#organization\"},\"potentialAction\":[{\"@type\":\"SearchAction\",\"target\":{\"@type\":\"EntryPoint\",\"urlTemplate\":\"https:\/\/blondeau.be\/fr\/?s={search_term_string}\"},\"query-input\":{\"@type\":\"PropertyValueSpecification\",\"valueRequired\":true,\"valueName\":\"search_term_string\"}}],\"inLanguage\":\"fr-FR\"},{\"@type\":\"Organization\",\"@id\":\"https:\/\/blondeau.be\/fr\/#organization\",\"name\":\"Blondeau\",\"url\":\"https:\/\/blondeau.be\/fr\/\",\"logo\":{\"@type\":\"ImageObject\",\"inLanguage\":\"fr-FR\",\"@id\":\"https:\/\/blondeau.be\/fr\/#\/schema\/logo\/image\/\",\"url\":\"https:\/\/blondeau.be\/wp-content\/uploads\/2025\/08\/Logo.jpg\",\"contentUrl\":\"https:\/\/blondeau.be\/wp-content\/uploads\/2025\/08\/Logo.jpg\",\"width\":600,\"height\":600,\"caption\":\"Blondeau\"},\"image\":{\"@id\":\"https:\/\/blondeau.be\/fr\/#\/schema\/logo\/image\/\"}}]}<\/script>\n<!-- \/ Yoast SEO plugin. -->","yoast_head_json":{"title":"Kromschr\u00f6der IC 20, IC 30, IC 40, IC 50 - Blondeau","robots":{"index":"index","follow":"follow","max-snippet":"max-snippet:-1","max-image-preview":"max-image-preview:large","max-video-preview":"max-video-preview:-1"},"canonical":"https:\/\/blondeau.be\/fr\/produit\/kromschroder-ic-20-ic-30-ic-40-ic-50\/","og_locale":"fr_FR","og_type":"article","og_title":"Kromschr\u00f6der IC 20, IC 30, IC 40, IC 50 - Blondeau","og_description":"Les servo-moteurs IC 20, IC 30 et IC 50 de Kromschr\u00f6der sont des unit\u00e9s d&rsquo;entra\u00eenement de pr\u00e9cision con\u00e7ues pour un positionnement rotationnel contr\u00f4l\u00e9 sur une plage de 0\u00b0 \u00e0 90\u00b0, sp\u00e9cifiquement d\u00e9velopp\u00e9es pour la r\u00e9gulation des d\u00e9bits gazeux et d&rsquo;air comburant dans les installations de combustion industrielles. Ces actionneurs offrent une compatibilit\u00e9 de montage direct [&hellip;]","og_url":"https:\/\/blondeau.be\/fr\/produit\/kromschroder-ic-20-ic-30-ic-40-ic-50\/","og_site_name":"Blondeau","article_modified_time":"2025-07-28T15:32:29+00:00","og_image":[{"width":546,"height":576,"url":"https:\/\/blondeau.be\/wp-content\/uploads\/2025\/01\/pmt-hps-re-ic20-ic30-ic50.webp","type":"image\/webp"}],"twitter_card":"summary_large_image","twitter_misc":{"Dur\u00e9e de lecture estim\u00e9e":"1 minute"},"schema":{"@context":"https:\/\/schema.org","@graph":[{"@type":"WebPage","@id":"https:\/\/blondeau.be\/fr\/produit\/kromschroder-ic-20-ic-30-ic-40-ic-50\/","url":"https:\/\/blondeau.be\/fr\/produit\/kromschroder-ic-20-ic-30-ic-40-ic-50\/","name":"Kromschr\u00f6der IC 20, IC 30, IC 40, IC 50 - Blondeau","isPartOf":{"@id":"https:\/\/blondeau.be\/fr\/#website"},"primaryImageOfPage":{"@id":"https:\/\/blondeau.be\/fr\/produit\/kromschroder-ic-20-ic-30-ic-40-ic-50\/#primaryimage"},"image":{"@id":"https:\/\/blondeau.be\/fr\/produit\/kromschroder-ic-20-ic-30-ic-40-ic-50\/#primaryimage"},"thumbnailUrl":"https:\/\/blondeau.be\/wp-content\/uploads\/2025\/01\/pmt-hps-re-ic20-ic30-ic50.webp","datePublished":"2025-01-28T11:53:29+00:00","dateModified":"2025-07-28T15:32:29+00:00","breadcrumb":{"@id":"https:\/\/blondeau.be\/fr\/produit\/kromschroder-ic-20-ic-30-ic-40-ic-50\/#breadcrumb"},"inLanguage":"fr-FR","potentialAction":[{"@type":"ReadAction","target":["https:\/\/blondeau.be\/fr\/produit\/kromschroder-ic-20-ic-30-ic-40-ic-50\/"]}]},{"@type":"ImageObject","inLanguage":"fr-FR","@id":"https:\/\/blondeau.be\/fr\/produit\/kromschroder-ic-20-ic-30-ic-40-ic-50\/#primaryimage","url":"https:\/\/blondeau.be\/wp-content\/uploads\/2025\/01\/pmt-hps-re-ic20-ic30-ic50.webp","contentUrl":"https:\/\/blondeau.be\/wp-content\/uploads\/2025\/01\/pmt-hps-re-ic20-ic30-ic50.webp","width":546,"height":576},{"@type":"BreadcrumbList","@id":"https:\/\/blondeau.be\/fr\/produit\/kromschroder-ic-20-ic-30-ic-40-ic-50\/#breadcrumb","itemListElement":[{"@type":"ListItem","position":1,"name":"Home","item":"https:\/\/blondeau.be\/fr\/accueil\/"},{"@type":"ListItem","position":2,"name":"Catalogue des produits","item":"https:\/\/blondeau.be\/fr\/catalogue-des-produits\/"},{"@type":"ListItem","position":3,"name":"Kromschr\u00f6der IC 20, IC 30, IC 40, IC 50"}]},{"@type":"WebSite","@id":"https:\/\/blondeau.be\/fr\/#website","url":"https:\/\/blondeau.be\/fr\/","name":"Blondeau","description":"Industrial Heating","publisher":{"@id":"https:\/\/blondeau.be\/fr\/#organization"},"potentialAction":[{"@type":"SearchAction","target":{"@type":"EntryPoint","urlTemplate":"https:\/\/blondeau.be\/fr\/?s={search_term_string}"},"query-input":{"@type":"PropertyValueSpecification","valueRequired":true,"valueName":"search_term_string"}}],"inLanguage":"fr-FR"},{"@type":"Organization","@id":"https:\/\/blondeau.be\/fr\/#organization","name":"Blondeau","url":"https:\/\/blondeau.be\/fr\/","logo":{"@type":"ImageObject","inLanguage":"fr-FR","@id":"https:\/\/blondeau.be\/fr\/#\/schema\/logo\/image\/","url":"https:\/\/blondeau.be\/wp-content\/uploads\/2025\/08\/Logo.jpg","contentUrl":"https:\/\/blondeau.be\/wp-content\/uploads\/2025\/08\/Logo.jpg","width":600,"height":600,"caption":"Blondeau"},"image":{"@id":"https:\/\/blondeau.be\/fr\/#\/schema\/logo\/image\/"}}]}},"_links":{"self":[{"href":"https:\/\/blondeau.be\/fr\/wp-json\/wp\/v2\/product\/28672","targetHints":{"allow":["GET"]}}],"collection":[{"href":"https:\/\/blondeau.be\/fr\/wp-json\/wp\/v2\/product"}],"about":[{"href":"https:\/\/blondeau.be\/fr\/wp-json\/wp\/v2\/types\/product"}],"wp:featuredmedia":[{"embeddable":true,"href":"https:\/\/blondeau.be\/fr\/wp-json\/wp\/v2\/media\/28676"}],"wp:attachment":[{"href":"https:\/\/blondeau.be\/fr\/wp-json\/wp\/v2\/media?parent=28672"}],"wp:term":[{"taxonomy":"product_brand","embeddable":true,"href":"https:\/\/blondeau.be\/fr\/wp-json\/wp\/v2\/product_brand?post=28672"},{"taxonomy":"product_cat","embeddable":true,"href":"https:\/\/blondeau.be\/fr\/wp-json\/wp\/v2\/product_cat?post=28672"},{"taxonomy":"product_tag","embeddable":true,"href":"https:\/\/blondeau.be\/fr\/wp-json\/wp\/v2\/product_tag?post=28672"}],"curies":[{"name":"wp","href":"https:\/\/api.w.org\/{rel}","templated":true}]}}