{"id":28671,"date":"2025-02-14T18:19:28","date_gmt":"2025-02-14T16:19:28","guid":{"rendered":"https:\/\/blondeau.be\/product\/maxon-kinedizer-staged-le\/"},"modified":"2025-06-26T17:44:27","modified_gmt":"2025-06-26T15:44:27","slug":"maxon-kinedizer-staged-le","status":"publish","type":"product","link":"https:\/\/blondeau.be\/fr\/produit\/maxon-kinedizer-staged-le\/","title":{"rendered":"Maxon Kinedizer Staged LE"},"content":{"rendered":"<p data-start=\"103\" data-end=\"517\">Le <strong>KINEDIZER\u00ae Staged LE<\/strong> est un br\u00fbleur \u00e0 m\u00e9lange au nez, con\u00e7u pour des vitesses moyennes des gaz de combustion. Gr\u00e2ce \u00e0 une technologie de m\u00e9lange avanc\u00e9e, il permet d\u2019atteindre de tr\u00e8s faibles niveaux d\u2019\u00e9missions avec un exc\u00e8s d\u2019air extr\u00eamement r\u00e9duit. Ce br\u00fbleur robuste, constitu\u00e9 d\u2019un bloc r\u00e9fractaire, d\u2019un bo\u00eetier en acier et d\u2019un gicleur, est compatible avec le gaz naturel, le propane ou d\u2019autres combustibles gazeux. L\u2019air de combustion est aliment\u00e9 par un ventilateur externe.   <\/p>\n<p data-start=\"519\" data-end=\"891\">Les br\u00fbleurs KINEDIZER\u00ae Staged LE peuvent \u00eatre utilis\u00e9s dans toutes les applications \u00e0 haute temp\u00e9rature \u00e0 combustion directe. Ils allient flexibilit\u00e9 et stabilit\u00e9 \u00e0 une large plage de r\u00e9gulation, tout en offrant les niveaux d\u2019\u00e9missions de NOx les plus faibles du march\u00e9. Les principaux domaines d\u2019application incluent les post-br\u00fbleurs thermiques, les incin\u00e9rateurs, les r\u00e9chauffeurs de fluides en spirale, ainsi que d&rsquo;autres proc\u00e9d\u00e9s directs \u00e0 haute temp\u00e9rature.  <\/p>\n<p data-start=\"0\" data-end=\"270\"><strong>Caract\u00e9ristiques et avantages :<\/strong><\/p>\n<ul>\n<li data-start=\"0\" data-end=\"72\">Un contr\u00f4le pr\u00e9cis de l&rsquo;air et du carburant peut \u00eatre obtenu avec la <a href=\"https:\/\/blondeau.be\/fr\/produit\/valves-maxon-micro-ratio\/\" target=\"_blank\" rel=\"noopener\">vanne MAXON MICRO-RATIO<\/a> ou la <a href=\"https:\/\/blondeau.be\/fr\/produit\/maxon-smartlink-smartfire\/\">technologie SMARTLINK<\/a>.<\/li>\n<li data-start=\"0\" data-end=\"72\">Air de combustion admissible avec une concentration en O\u2082 de 21\u202f% \u00e0 17\u202f%, pr\u00e9chauff\u00e9 entre \u00b1\u202f21\u202f\u00b0C et 350\u202f\u00b0C (max. 430\u202f\u00b0C sur demande)<\/li>\n<li data-start=\"0\" data-end=\"72\">Temp\u00e9rature maximale du four : 1.100\u00b0C<\/li>\n<li data-start=\"780\" data-end=\"899\">Faibles \u00e9missions prouv\u00e9es gr\u00e2ce \u00e0 une technologie de combustion avanc\u00e9e \u00e0 faible NOx \u2014 r\u00e9glable pour une flexibilit\u00e9 maximale<\/li>\n<li data-start=\"900\" data-end=\"972\">R\u00e9duction des NOx et de l&rsquo;exc\u00e8s d&rsquo;air par rapport aux br\u00fbleurs KINEDIZER\u00ae LE standard<\/li>\n<li data-start=\"973\" data-end=\"1111\">Conception robuste pour les incin\u00e9rateurs thermiques, les fonderies, les s\u00e9choirs et autres applications \u00e0 haute temp\u00e9rature<\/li>\n<li data-start=\"1112\" data-end=\"1201\">Disponible en diff\u00e9rentes capacit\u00e9s, chacune avec une plage de modulation allant jusqu&rsquo;\u00e0 20:1<\/li>\n<li data-start=\"1112\" data-end=\"1201\">Convient aux m\u00e9langes de carburants contenant jusqu&rsquo;\u00e0 80 % d&rsquo;hydrog\u00e8ne<\/li>\n<\/ul>\n<p data-start=\"627\" data-end=\"913\" data-is-last-node=\"\"><strong>Documentation :<\/strong><\/p>\n","protected":false},"excerpt":{"rendered":"<p>Le KINEDIZER\u00ae Staged LE est un br\u00fbleur \u00e0 m\u00e9lange au nez, con\u00e7u pour des vitesses moyennes des gaz de combustion. Gr\u00e2ce \u00e0 une technologie de m\u00e9lange avanc\u00e9e, il permet d\u2019atteindre de tr\u00e8s faibles niveaux d\u2019\u00e9missions avec un exc\u00e8s d\u2019air extr\u00eamement r\u00e9duit. Ce br\u00fbleur robuste, constitu\u00e9 d\u2019un bloc r\u00e9fractaire, d\u2019un bo\u00eetier en acier et d\u2019un gicleur, [&hellip;]<\/p>\n","protected":false},"featured_media":28673,"template":"","meta":{"_acf_changed":false},"product_brand":[],"product_cat":[374],"product_tag":[366],"class_list":{"0":"post-28671","1":"product","2":"type-product","3":"status-publish","4":"has-post-thumbnail","6":"product_cat-bruleurs-fr","7":"product_tag-bruleurs-melange","9":"first","10":"instock","11":"taxable","12":"shipping-taxable","13":"product-type-simple"},"acf":[],"yoast_head":"<!-- This site is optimized with the Yoast SEO plugin v26.8 - https:\/\/yoast.com\/product\/yoast-seo-wordpress\/ -->\n<title>Maxon Kinedizer Staged LE - Blondeau<\/title>\n<meta name=\"robots\" content=\"index, follow, max-snippet:-1, max-image-preview:large, max-video-preview:-1\" \/>\n<link rel=\"canonical\" href=\"https:\/\/blondeau.be\/fr\/produit\/maxon-kinedizer-staged-le\/\" \/>\n<meta property=\"og:locale\" content=\"fr_FR\" \/>\n<meta property=\"og:type\" content=\"article\" \/>\n<meta property=\"og:title\" content=\"Maxon Kinedizer Staged LE - Blondeau\" \/>\n<meta property=\"og:description\" content=\"Le KINEDIZER\u00ae Staged LE est un br\u00fbleur \u00e0 m\u00e9lange au nez, con\u00e7u pour des vitesses moyennes des gaz de combustion. Gr\u00e2ce \u00e0 une technologie de m\u00e9lange avanc\u00e9e, il permet d\u2019atteindre de tr\u00e8s faibles niveaux d\u2019\u00e9missions avec un exc\u00e8s d\u2019air extr\u00eamement r\u00e9duit. Ce br\u00fbleur robuste, constitu\u00e9 d\u2019un bloc r\u00e9fractaire, d\u2019un bo\u00eetier en acier et d\u2019un gicleur, [&hellip;]\" \/>\n<meta property=\"og:url\" content=\"https:\/\/blondeau.be\/fr\/produit\/maxon-kinedizer-staged-le\/\" \/>\n<meta property=\"og:site_name\" content=\"Blondeau\" \/>\n<meta property=\"article:modified_time\" content=\"2025-06-26T15:44:27+00:00\" \/>\n<meta property=\"og:image\" content=\"https:\/\/blondeau.be\/wp-content\/uploads\/2025\/02\/Kinedizer-Staged-LE.jpg\" \/>\n\t<meta property=\"og:image:width\" content=\"718\" \/>\n\t<meta property=\"og:image:height\" content=\"576\" \/>\n\t<meta property=\"og:image:type\" content=\"image\/jpeg\" \/>\n<meta name=\"twitter:card\" content=\"summary_large_image\" \/>\n<meta name=\"twitter:label1\" content=\"Dur\u00e9e de lecture estim\u00e9e\" \/>\n\t<meta name=\"twitter:data1\" content=\"2 minutes\" \/>\n<script type=\"application\/ld+json\" class=\"yoast-schema-graph\">{\"@context\":\"https:\/\/schema.org\",\"@graph\":[{\"@type\":\"WebPage\",\"@id\":\"https:\/\/blondeau.be\/fr\/produit\/maxon-kinedizer-staged-le\/\",\"url\":\"https:\/\/blondeau.be\/fr\/produit\/maxon-kinedizer-staged-le\/\",\"name\":\"Maxon Kinedizer Staged LE - Blondeau\",\"isPartOf\":{\"@id\":\"https:\/\/blondeau.be\/fr\/#website\"},\"primaryImageOfPage\":{\"@id\":\"https:\/\/blondeau.be\/fr\/produit\/maxon-kinedizer-staged-le\/#primaryimage\"},\"image\":{\"@id\":\"https:\/\/blondeau.be\/fr\/produit\/maxon-kinedizer-staged-le\/#primaryimage\"},\"thumbnailUrl\":\"https:\/\/blondeau.be\/wp-content\/uploads\/2025\/02\/Kinedizer-Staged-LE.jpg\",\"datePublished\":\"2025-02-14T16:19:28+00:00\",\"dateModified\":\"2025-06-26T15:44:27+00:00\",\"breadcrumb\":{\"@id\":\"https:\/\/blondeau.be\/fr\/produit\/maxon-kinedizer-staged-le\/#breadcrumb\"},\"inLanguage\":\"fr-FR\",\"potentialAction\":[{\"@type\":\"ReadAction\",\"target\":[\"https:\/\/blondeau.be\/fr\/produit\/maxon-kinedizer-staged-le\/\"]}]},{\"@type\":\"ImageObject\",\"inLanguage\":\"fr-FR\",\"@id\":\"https:\/\/blondeau.be\/fr\/produit\/maxon-kinedizer-staged-le\/#primaryimage\",\"url\":\"https:\/\/blondeau.be\/wp-content\/uploads\/2025\/02\/Kinedizer-Staged-LE.jpg\",\"contentUrl\":\"https:\/\/blondeau.be\/wp-content\/uploads\/2025\/02\/Kinedizer-Staged-LE.jpg\",\"width\":718,\"height\":576},{\"@type\":\"BreadcrumbList\",\"@id\":\"https:\/\/blondeau.be\/fr\/produit\/maxon-kinedizer-staged-le\/#breadcrumb\",\"itemListElement\":[{\"@type\":\"ListItem\",\"position\":1,\"name\":\"Home\",\"item\":\"https:\/\/blondeau.be\/fr\/accueil\/\"},{\"@type\":\"ListItem\",\"position\":2,\"name\":\"Catalogue des produits\",\"item\":\"https:\/\/blondeau.be\/fr\/catalogue-des-produits\/\"},{\"@type\":\"ListItem\",\"position\":3,\"name\":\"Maxon Kinedizer Staged LE\"}]},{\"@type\":\"WebSite\",\"@id\":\"https:\/\/blondeau.be\/fr\/#website\",\"url\":\"https:\/\/blondeau.be\/fr\/\",\"name\":\"Blondeau\",\"description\":\"Industrial Heating\",\"publisher\":{\"@id\":\"https:\/\/blondeau.be\/fr\/#organization\"},\"potentialAction\":[{\"@type\":\"SearchAction\",\"target\":{\"@type\":\"EntryPoint\",\"urlTemplate\":\"https:\/\/blondeau.be\/fr\/?s={search_term_string}\"},\"query-input\":{\"@type\":\"PropertyValueSpecification\",\"valueRequired\":true,\"valueName\":\"search_term_string\"}}],\"inLanguage\":\"fr-FR\"},{\"@type\":\"Organization\",\"@id\":\"https:\/\/blondeau.be\/fr\/#organization\",\"name\":\"Blondeau\",\"url\":\"https:\/\/blondeau.be\/fr\/\",\"logo\":{\"@type\":\"ImageObject\",\"inLanguage\":\"fr-FR\",\"@id\":\"https:\/\/blondeau.be\/fr\/#\/schema\/logo\/image\/\",\"url\":\"https:\/\/blondeau.be\/wp-content\/uploads\/2025\/08\/Logo.jpg\",\"contentUrl\":\"https:\/\/blondeau.be\/wp-content\/uploads\/2025\/08\/Logo.jpg\",\"width\":600,\"height\":600,\"caption\":\"Blondeau\"},\"image\":{\"@id\":\"https:\/\/blondeau.be\/fr\/#\/schema\/logo\/image\/\"}}]}<\/script>\n<!-- \/ Yoast SEO plugin. -->","yoast_head_json":{"title":"Maxon Kinedizer Staged LE - Blondeau","robots":{"index":"index","follow":"follow","max-snippet":"max-snippet:-1","max-image-preview":"max-image-preview:large","max-video-preview":"max-video-preview:-1"},"canonical":"https:\/\/blondeau.be\/fr\/produit\/maxon-kinedizer-staged-le\/","og_locale":"fr_FR","og_type":"article","og_title":"Maxon Kinedizer Staged LE - Blondeau","og_description":"Le KINEDIZER\u00ae Staged LE est un br\u00fbleur \u00e0 m\u00e9lange au nez, con\u00e7u pour des vitesses moyennes des gaz de combustion. Gr\u00e2ce \u00e0 une technologie de m\u00e9lange avanc\u00e9e, il permet d\u2019atteindre de tr\u00e8s faibles niveaux d\u2019\u00e9missions avec un exc\u00e8s d\u2019air extr\u00eamement r\u00e9duit. Ce br\u00fbleur robuste, constitu\u00e9 d\u2019un bloc r\u00e9fractaire, d\u2019un bo\u00eetier en acier et d\u2019un gicleur, [&hellip;]","og_url":"https:\/\/blondeau.be\/fr\/produit\/maxon-kinedizer-staged-le\/","og_site_name":"Blondeau","article_modified_time":"2025-06-26T15:44:27+00:00","og_image":[{"width":718,"height":576,"url":"https:\/\/blondeau.be\/wp-content\/uploads\/2025\/02\/Kinedizer-Staged-LE.jpg","type":"image\/jpeg"}],"twitter_card":"summary_large_image","twitter_misc":{"Dur\u00e9e de lecture estim\u00e9e":"2 minutes"},"schema":{"@context":"https:\/\/schema.org","@graph":[{"@type":"WebPage","@id":"https:\/\/blondeau.be\/fr\/produit\/maxon-kinedizer-staged-le\/","url":"https:\/\/blondeau.be\/fr\/produit\/maxon-kinedizer-staged-le\/","name":"Maxon Kinedizer Staged LE - Blondeau","isPartOf":{"@id":"https:\/\/blondeau.be\/fr\/#website"},"primaryImageOfPage":{"@id":"https:\/\/blondeau.be\/fr\/produit\/maxon-kinedizer-staged-le\/#primaryimage"},"image":{"@id":"https:\/\/blondeau.be\/fr\/produit\/maxon-kinedizer-staged-le\/#primaryimage"},"thumbnailUrl":"https:\/\/blondeau.be\/wp-content\/uploads\/2025\/02\/Kinedizer-Staged-LE.jpg","datePublished":"2025-02-14T16:19:28+00:00","dateModified":"2025-06-26T15:44:27+00:00","breadcrumb":{"@id":"https:\/\/blondeau.be\/fr\/produit\/maxon-kinedizer-staged-le\/#breadcrumb"},"inLanguage":"fr-FR","potentialAction":[{"@type":"ReadAction","target":["https:\/\/blondeau.be\/fr\/produit\/maxon-kinedizer-staged-le\/"]}]},{"@type":"ImageObject","inLanguage":"fr-FR","@id":"https:\/\/blondeau.be\/fr\/produit\/maxon-kinedizer-staged-le\/#primaryimage","url":"https:\/\/blondeau.be\/wp-content\/uploads\/2025\/02\/Kinedizer-Staged-LE.jpg","contentUrl":"https:\/\/blondeau.be\/wp-content\/uploads\/2025\/02\/Kinedizer-Staged-LE.jpg","width":718,"height":576},{"@type":"BreadcrumbList","@id":"https:\/\/blondeau.be\/fr\/produit\/maxon-kinedizer-staged-le\/#breadcrumb","itemListElement":[{"@type":"ListItem","position":1,"name":"Home","item":"https:\/\/blondeau.be\/fr\/accueil\/"},{"@type":"ListItem","position":2,"name":"Catalogue des produits","item":"https:\/\/blondeau.be\/fr\/catalogue-des-produits\/"},{"@type":"ListItem","position":3,"name":"Maxon Kinedizer Staged LE"}]},{"@type":"WebSite","@id":"https:\/\/blondeau.be\/fr\/#website","url":"https:\/\/blondeau.be\/fr\/","name":"Blondeau","description":"Industrial Heating","publisher":{"@id":"https:\/\/blondeau.be\/fr\/#organization"},"potentialAction":[{"@type":"SearchAction","target":{"@type":"EntryPoint","urlTemplate":"https:\/\/blondeau.be\/fr\/?s={search_term_string}"},"query-input":{"@type":"PropertyValueSpecification","valueRequired":true,"valueName":"search_term_string"}}],"inLanguage":"fr-FR"},{"@type":"Organization","@id":"https:\/\/blondeau.be\/fr\/#organization","name":"Blondeau","url":"https:\/\/blondeau.be\/fr\/","logo":{"@type":"ImageObject","inLanguage":"fr-FR","@id":"https:\/\/blondeau.be\/fr\/#\/schema\/logo\/image\/","url":"https:\/\/blondeau.be\/wp-content\/uploads\/2025\/08\/Logo.jpg","contentUrl":"https:\/\/blondeau.be\/wp-content\/uploads\/2025\/08\/Logo.jpg","width":600,"height":600,"caption":"Blondeau"},"image":{"@id":"https:\/\/blondeau.be\/fr\/#\/schema\/logo\/image\/"}}]}},"_links":{"self":[{"href":"https:\/\/blondeau.be\/fr\/wp-json\/wp\/v2\/product\/28671","targetHints":{"allow":["GET"]}}],"collection":[{"href":"https:\/\/blondeau.be\/fr\/wp-json\/wp\/v2\/product"}],"about":[{"href":"https:\/\/blondeau.be\/fr\/wp-json\/wp\/v2\/types\/product"}],"wp:featuredmedia":[{"embeddable":true,"href":"https:\/\/blondeau.be\/fr\/wp-json\/wp\/v2\/media\/28673"}],"wp:attachment":[{"href":"https:\/\/blondeau.be\/fr\/wp-json\/wp\/v2\/media?parent=28671"}],"wp:term":[{"taxonomy":"product_brand","embeddable":true,"href":"https:\/\/blondeau.be\/fr\/wp-json\/wp\/v2\/product_brand?post=28671"},{"taxonomy":"product_cat","embeddable":true,"href":"https:\/\/blondeau.be\/fr\/wp-json\/wp\/v2\/product_cat?post=28671"},{"taxonomy":"product_tag","embeddable":true,"href":"https:\/\/blondeau.be\/fr\/wp-json\/wp\/v2\/product_tag?post=28671"}],"curies":[{"name":"wp","href":"https:\/\/api.w.org\/{rel}","templated":true}]}}