{"id":28654,"date":"2025-01-28T13:48:03","date_gmt":"2025-01-28T11:48:03","guid":{"rendered":"https:\/\/blondeau.be\/product\/kromschroder-tc\/"},"modified":"2025-09-01T17:52:45","modified_gmt":"2025-09-01T15:52:45","slug":"kromschroder-tc","status":"publish","type":"product","link":"https:\/\/blondeau.be\/fr\/produit\/kromschroder-tc\/","title":{"rendered":"Kromschr\u00f6der TC"},"content":{"rendered":"<p>Le syst\u00e8me <strong data-start=\"3\" data-end=\"15\">TC <\/strong>de Kromschr\u00f6der est un dispositif de contr\u00f4le d&rsquo;\u00e9tanch\u00e9it\u00e9 qui v\u00e9rifie l&rsquo;int\u00e9grit\u00e9 des vannes de s\u00e9curit\u00e9 pr\u00e9alablement \u00e0 chaque d\u00e9marrage et cons\u00e9cutivement \u00e0 chaque arr\u00eat du syst\u00e8me. Ce dispositif de surveillance est con\u00e7u pour d\u00e9tecter toute fuite parasite et interdire l&rsquo;allumage du br\u00fbleur en cas de d\u00e9faut d&rsquo;\u00e9tanch\u00e9it\u00e9 d\u00e9tect\u00e9, en conformit\u00e9 avec les prescriptions de s\u00e9curit\u00e9 applicables aux installations gazi\u00e8res. <\/p>\n<p><strong>Caract\u00e9ristiques et avantages :<\/strong><\/p>\n<ul>\n<li>Ils sont conformes aux normes internationales telles que la norme EN 746-2, qui exige des contr\u00f4les d&rsquo;\u00e9tanch\u00e9it\u00e9 pour les installations d&rsquo;une capacit\u00e9 sup\u00e9rieure \u00e0 1200 kW.<\/li>\n<li>Le temps de mesure est r\u00e9glable entre 5 et 30 secondes pour s&rsquo;adapter aux diff\u00e9rents volumes d&rsquo;essai, taux de fuite et pressions d&rsquo;entr\u00e9e.<\/li>\n<li>Ces syst\u00e8mes sont test\u00e9s et certifi\u00e9s de type CE, ce qui garantit un fonctionnement fiable et s\u00fbr dans diverses applications industrielles.<\/li>\n<li>La s\u00e9rie TC comprend des mod\u00e8les tels que TC 1V, TC 1C, TC 2 et TC 3, chacun con\u00e7u pour des applications et des types de vannes sp\u00e9cifiques.<\/li>\n<li>Le TC (ou BCU\/FCU, selon l&rsquo;application) peut remplacer le TC 410<\/li>\n<\/ul>\n<p><strong>Documentation :<\/strong><\/p>\n","protected":false},"excerpt":{"rendered":"<p>Le syst\u00e8me TC de Kromschr\u00f6der est un dispositif de contr\u00f4le d&rsquo;\u00e9tanch\u00e9it\u00e9 qui v\u00e9rifie l&rsquo;int\u00e9grit\u00e9 des vannes de s\u00e9curit\u00e9 pr\u00e9alablement \u00e0 chaque d\u00e9marrage et cons\u00e9cutivement \u00e0 chaque arr\u00eat du syst\u00e8me. Ce dispositif de surveillance est con\u00e7u pour d\u00e9tecter toute fuite parasite et interdire l&rsquo;allumage du br\u00fbleur en cas de d\u00e9faut d&rsquo;\u00e9tanch\u00e9it\u00e9 d\u00e9tect\u00e9, en conformit\u00e9 avec les [&hellip;]<\/p>\n","protected":false},"featured_media":28656,"template":"","meta":{"_acf_changed":false},"product_brand":[],"product_cat":[427],"product_tag":[428],"class_list":{"0":"post-28654","1":"product","2":"type-product","3":"status-publish","4":"has-post-thumbnail","6":"product_cat-test-detancheite","7":"product_tag-test-detancheite","9":"first","10":"instock","11":"taxable","12":"shipping-taxable","13":"product-type-simple"},"acf":[],"yoast_head":"<!-- This site is optimized with the Yoast SEO plugin v26.8 - https:\/\/yoast.com\/product\/yoast-seo-wordpress\/ -->\n<title>Kromschr\u00f6der TC - Blondeau<\/title>\n<meta name=\"robots\" content=\"index, follow, max-snippet:-1, max-image-preview:large, max-video-preview:-1\" \/>\n<link rel=\"canonical\" href=\"https:\/\/blondeau.be\/fr\/produit\/kromschroder-tc\/\" \/>\n<meta property=\"og:locale\" content=\"fr_FR\" \/>\n<meta property=\"og:type\" content=\"article\" \/>\n<meta property=\"og:title\" content=\"Kromschr\u00f6der TC - Blondeau\" \/>\n<meta property=\"og:description\" content=\"Le syst\u00e8me TC de Kromschr\u00f6der est un dispositif de contr\u00f4le d&rsquo;\u00e9tanch\u00e9it\u00e9 qui v\u00e9rifie l&rsquo;int\u00e9grit\u00e9 des vannes de s\u00e9curit\u00e9 pr\u00e9alablement \u00e0 chaque d\u00e9marrage et cons\u00e9cutivement \u00e0 chaque arr\u00eat du syst\u00e8me. Ce dispositif de surveillance est con\u00e7u pour d\u00e9tecter toute fuite parasite et interdire l&rsquo;allumage du br\u00fbleur en cas de d\u00e9faut d&rsquo;\u00e9tanch\u00e9it\u00e9 d\u00e9tect\u00e9, en conformit\u00e9 avec les [&hellip;]\" \/>\n<meta property=\"og:url\" content=\"https:\/\/blondeau.be\/fr\/produit\/kromschroder-tc\/\" \/>\n<meta property=\"og:site_name\" content=\"Blondeau\" \/>\n<meta property=\"article:modified_time\" content=\"2025-09-01T15:52:45+00:00\" \/>\n<meta property=\"og:image\" content=\"https:\/\/blondeau.be\/wp-content\/uploads\/2025\/01\/pmt-hps-re-tc1-2-tc3.webp\" \/>\n\t<meta property=\"og:image:width\" content=\"576\" \/>\n\t<meta property=\"og:image:height\" content=\"576\" \/>\n\t<meta property=\"og:image:type\" content=\"image\/webp\" \/>\n<meta name=\"twitter:card\" content=\"summary_large_image\" \/>\n<meta name=\"twitter:label1\" content=\"Dur\u00e9e de lecture estim\u00e9e\" \/>\n\t<meta name=\"twitter:data1\" content=\"1 minute\" \/>\n<script type=\"application\/ld+json\" class=\"yoast-schema-graph\">{\"@context\":\"https:\/\/schema.org\",\"@graph\":[{\"@type\":\"WebPage\",\"@id\":\"https:\/\/blondeau.be\/fr\/produit\/kromschroder-tc\/\",\"url\":\"https:\/\/blondeau.be\/fr\/produit\/kromschroder-tc\/\",\"name\":\"Kromschr\u00f6der TC - Blondeau\",\"isPartOf\":{\"@id\":\"https:\/\/blondeau.be\/fr\/#website\"},\"primaryImageOfPage\":{\"@id\":\"https:\/\/blondeau.be\/fr\/produit\/kromschroder-tc\/#primaryimage\"},\"image\":{\"@id\":\"https:\/\/blondeau.be\/fr\/produit\/kromschroder-tc\/#primaryimage\"},\"thumbnailUrl\":\"https:\/\/blondeau.be\/wp-content\/uploads\/2025\/01\/pmt-hps-re-tc1-2-tc3.webp\",\"datePublished\":\"2025-01-28T11:48:03+00:00\",\"dateModified\":\"2025-09-01T15:52:45+00:00\",\"breadcrumb\":{\"@id\":\"https:\/\/blondeau.be\/fr\/produit\/kromschroder-tc\/#breadcrumb\"},\"inLanguage\":\"fr-FR\",\"potentialAction\":[{\"@type\":\"ReadAction\",\"target\":[\"https:\/\/blondeau.be\/fr\/produit\/kromschroder-tc\/\"]}]},{\"@type\":\"ImageObject\",\"inLanguage\":\"fr-FR\",\"@id\":\"https:\/\/blondeau.be\/fr\/produit\/kromschroder-tc\/#primaryimage\",\"url\":\"https:\/\/blondeau.be\/wp-content\/uploads\/2025\/01\/pmt-hps-re-tc1-2-tc3.webp\",\"contentUrl\":\"https:\/\/blondeau.be\/wp-content\/uploads\/2025\/01\/pmt-hps-re-tc1-2-tc3.webp\",\"width\":576,\"height\":576},{\"@type\":\"BreadcrumbList\",\"@id\":\"https:\/\/blondeau.be\/fr\/produit\/kromschroder-tc\/#breadcrumb\",\"itemListElement\":[{\"@type\":\"ListItem\",\"position\":1,\"name\":\"Home\",\"item\":\"https:\/\/blondeau.be\/fr\/accueil\/\"},{\"@type\":\"ListItem\",\"position\":2,\"name\":\"Catalogue des produits\",\"item\":\"https:\/\/blondeau.be\/fr\/catalogue-des-produits\/\"},{\"@type\":\"ListItem\",\"position\":3,\"name\":\"Kromschr\u00f6der TC\"}]},{\"@type\":\"WebSite\",\"@id\":\"https:\/\/blondeau.be\/fr\/#website\",\"url\":\"https:\/\/blondeau.be\/fr\/\",\"name\":\"Blondeau\",\"description\":\"Industrial Heating\",\"publisher\":{\"@id\":\"https:\/\/blondeau.be\/fr\/#organization\"},\"potentialAction\":[{\"@type\":\"SearchAction\",\"target\":{\"@type\":\"EntryPoint\",\"urlTemplate\":\"https:\/\/blondeau.be\/fr\/?s={search_term_string}\"},\"query-input\":{\"@type\":\"PropertyValueSpecification\",\"valueRequired\":true,\"valueName\":\"search_term_string\"}}],\"inLanguage\":\"fr-FR\"},{\"@type\":\"Organization\",\"@id\":\"https:\/\/blondeau.be\/fr\/#organization\",\"name\":\"Blondeau\",\"url\":\"https:\/\/blondeau.be\/fr\/\",\"logo\":{\"@type\":\"ImageObject\",\"inLanguage\":\"fr-FR\",\"@id\":\"https:\/\/blondeau.be\/fr\/#\/schema\/logo\/image\/\",\"url\":\"https:\/\/blondeau.be\/wp-content\/uploads\/2025\/08\/Logo.jpg\",\"contentUrl\":\"https:\/\/blondeau.be\/wp-content\/uploads\/2025\/08\/Logo.jpg\",\"width\":600,\"height\":600,\"caption\":\"Blondeau\"},\"image\":{\"@id\":\"https:\/\/blondeau.be\/fr\/#\/schema\/logo\/image\/\"}}]}<\/script>\n<!-- \/ Yoast SEO plugin. -->","yoast_head_json":{"title":"Kromschr\u00f6der TC - Blondeau","robots":{"index":"index","follow":"follow","max-snippet":"max-snippet:-1","max-image-preview":"max-image-preview:large","max-video-preview":"max-video-preview:-1"},"canonical":"https:\/\/blondeau.be\/fr\/produit\/kromschroder-tc\/","og_locale":"fr_FR","og_type":"article","og_title":"Kromschr\u00f6der TC - Blondeau","og_description":"Le syst\u00e8me TC de Kromschr\u00f6der est un dispositif de contr\u00f4le d&rsquo;\u00e9tanch\u00e9it\u00e9 qui v\u00e9rifie l&rsquo;int\u00e9grit\u00e9 des vannes de s\u00e9curit\u00e9 pr\u00e9alablement \u00e0 chaque d\u00e9marrage et cons\u00e9cutivement \u00e0 chaque arr\u00eat du syst\u00e8me. Ce dispositif de surveillance est con\u00e7u pour d\u00e9tecter toute fuite parasite et interdire l&rsquo;allumage du br\u00fbleur en cas de d\u00e9faut d&rsquo;\u00e9tanch\u00e9it\u00e9 d\u00e9tect\u00e9, en conformit\u00e9 avec les [&hellip;]","og_url":"https:\/\/blondeau.be\/fr\/produit\/kromschroder-tc\/","og_site_name":"Blondeau","article_modified_time":"2025-09-01T15:52:45+00:00","og_image":[{"width":576,"height":576,"url":"https:\/\/blondeau.be\/wp-content\/uploads\/2025\/01\/pmt-hps-re-tc1-2-tc3.webp","type":"image\/webp"}],"twitter_card":"summary_large_image","twitter_misc":{"Dur\u00e9e de lecture estim\u00e9e":"1 minute"},"schema":{"@context":"https:\/\/schema.org","@graph":[{"@type":"WebPage","@id":"https:\/\/blondeau.be\/fr\/produit\/kromschroder-tc\/","url":"https:\/\/blondeau.be\/fr\/produit\/kromschroder-tc\/","name":"Kromschr\u00f6der TC - Blondeau","isPartOf":{"@id":"https:\/\/blondeau.be\/fr\/#website"},"primaryImageOfPage":{"@id":"https:\/\/blondeau.be\/fr\/produit\/kromschroder-tc\/#primaryimage"},"image":{"@id":"https:\/\/blondeau.be\/fr\/produit\/kromschroder-tc\/#primaryimage"},"thumbnailUrl":"https:\/\/blondeau.be\/wp-content\/uploads\/2025\/01\/pmt-hps-re-tc1-2-tc3.webp","datePublished":"2025-01-28T11:48:03+00:00","dateModified":"2025-09-01T15:52:45+00:00","breadcrumb":{"@id":"https:\/\/blondeau.be\/fr\/produit\/kromschroder-tc\/#breadcrumb"},"inLanguage":"fr-FR","potentialAction":[{"@type":"ReadAction","target":["https:\/\/blondeau.be\/fr\/produit\/kromschroder-tc\/"]}]},{"@type":"ImageObject","inLanguage":"fr-FR","@id":"https:\/\/blondeau.be\/fr\/produit\/kromschroder-tc\/#primaryimage","url":"https:\/\/blondeau.be\/wp-content\/uploads\/2025\/01\/pmt-hps-re-tc1-2-tc3.webp","contentUrl":"https:\/\/blondeau.be\/wp-content\/uploads\/2025\/01\/pmt-hps-re-tc1-2-tc3.webp","width":576,"height":576},{"@type":"BreadcrumbList","@id":"https:\/\/blondeau.be\/fr\/produit\/kromschroder-tc\/#breadcrumb","itemListElement":[{"@type":"ListItem","position":1,"name":"Home","item":"https:\/\/blondeau.be\/fr\/accueil\/"},{"@type":"ListItem","position":2,"name":"Catalogue des produits","item":"https:\/\/blondeau.be\/fr\/catalogue-des-produits\/"},{"@type":"ListItem","position":3,"name":"Kromschr\u00f6der TC"}]},{"@type":"WebSite","@id":"https:\/\/blondeau.be\/fr\/#website","url":"https:\/\/blondeau.be\/fr\/","name":"Blondeau","description":"Industrial Heating","publisher":{"@id":"https:\/\/blondeau.be\/fr\/#organization"},"potentialAction":[{"@type":"SearchAction","target":{"@type":"EntryPoint","urlTemplate":"https:\/\/blondeau.be\/fr\/?s={search_term_string}"},"query-input":{"@type":"PropertyValueSpecification","valueRequired":true,"valueName":"search_term_string"}}],"inLanguage":"fr-FR"},{"@type":"Organization","@id":"https:\/\/blondeau.be\/fr\/#organization","name":"Blondeau","url":"https:\/\/blondeau.be\/fr\/","logo":{"@type":"ImageObject","inLanguage":"fr-FR","@id":"https:\/\/blondeau.be\/fr\/#\/schema\/logo\/image\/","url":"https:\/\/blondeau.be\/wp-content\/uploads\/2025\/08\/Logo.jpg","contentUrl":"https:\/\/blondeau.be\/wp-content\/uploads\/2025\/08\/Logo.jpg","width":600,"height":600,"caption":"Blondeau"},"image":{"@id":"https:\/\/blondeau.be\/fr\/#\/schema\/logo\/image\/"}}]}},"_links":{"self":[{"href":"https:\/\/blondeau.be\/fr\/wp-json\/wp\/v2\/product\/28654","targetHints":{"allow":["GET"]}}],"collection":[{"href":"https:\/\/blondeau.be\/fr\/wp-json\/wp\/v2\/product"}],"about":[{"href":"https:\/\/blondeau.be\/fr\/wp-json\/wp\/v2\/types\/product"}],"wp:featuredmedia":[{"embeddable":true,"href":"https:\/\/blondeau.be\/fr\/wp-json\/wp\/v2\/media\/28656"}],"wp:attachment":[{"href":"https:\/\/blondeau.be\/fr\/wp-json\/wp\/v2\/media?parent=28654"}],"wp:term":[{"taxonomy":"product_brand","embeddable":true,"href":"https:\/\/blondeau.be\/fr\/wp-json\/wp\/v2\/product_brand?post=28654"},{"taxonomy":"product_cat","embeddable":true,"href":"https:\/\/blondeau.be\/fr\/wp-json\/wp\/v2\/product_cat?post=28654"},{"taxonomy":"product_tag","embeddable":true,"href":"https:\/\/blondeau.be\/fr\/wp-json\/wp\/v2\/product_tag?post=28654"}],"curies":[{"name":"wp","href":"https:\/\/api.w.org\/{rel}","templated":true}]}}