{"id":28635,"date":"2025-01-28T12:15:32","date_gmt":"2025-01-28T10:15:32","guid":{"rendered":"https:\/\/blondeau.be\/product\/kromschroder-uk\/"},"modified":"2025-09-01T17:50:48","modified_gmt":"2025-09-01T15:50:48","slug":"kromschroder-uk","status":"publish","type":"product","link":"https:\/\/blondeau.be\/fr\/produit\/kromschroder-uk\/","title":{"rendered":"Kromschr\u00f6der VK"},"content":{"rendered":"<p data-start=\"0\" data-end=\"421\">La vanne <strong>VK <\/strong>de Kromschr\u00f6der est une \u00e9lectrovanne de s\u00e9curit\u00e9 motoris\u00e9e destin\u00e9e \u00e0 la s\u00e9curisation et \u00e0 la r\u00e9gulation de l&rsquo;alimentation en gaz et en air comburant des br\u00fbleurs et \u00e9quipements gaziers. Cette vanne de s\u00e9curit\u00e9 \u00e0 actionnement hydraulique est certifi\u00e9e classe A selon la norme EN 161 et int\u00e8gre une fonction d&rsquo;arr\u00eat automatique. Le syst\u00e8me op\u00e8re selon le principe de s\u00e9curit\u00e9 fail-safe : fermeture automatique en absence d&rsquo;alimentation \u00e9lectrique, ouverture progressive temporis\u00e9e et fermeture instantan\u00e9e en cas de d\u00e9faillance.  <\/p>\n<p>&nbsp;<\/p>\n<div class=\"relative inline-flex items-center\"><strong>Caract\u00e9ristiques et avantages :<\/strong><\/div>\n<p>&nbsp;<\/p>\n<ul>\n<li class=\"relative inline-flex items-center\">Application :<span style=\"font-size: 1rem;\"> convient pour le gaz naturel, le gaz de ville, le GPL, l&rsquo;air et le m\u00e9thane produit biologiquement, ainsi que pour l&rsquo;hydrog\u00e8ne.<\/span><\/li>\n<li>Diam\u00e8tres nominaux (DN) : disponibles de DN 40 \u00e0 DN 250<\/li>\n<li data-start=\"716\" data-end=\"828\">Raccords : Disponible avec des raccords filet\u00e9s ou \u00e0 brides<\/li>\n<li data-start=\"829\" data-end=\"962\">Pression maximale (pe) : Selon le mod\u00e8le, de 230 mbar maximum \u00e0 8 bar<\/li>\n<li data-start=\"963\" data-end=\"1101\">Bo\u00eetier : en AlSi ou GGG 40, adapt\u00e9 aux applications industrielles lourdes.<\/li>\n<li data-start=\"963\" data-end=\"1101\">Tension : 100 V AC \u00e0 220\/240 V AC<\/li>\n<li data-start=\"963\" data-end=\"1101\">Versions sp\u00e9ciales :\n<ul>\n<li data-start=\"963\" data-end=\"1101\">VK..Z : pour une op\u00e9ration en deux \u00e9tapes<\/li>\n<li data-start=\"963\" data-end=\"1101\">VK..G : Avec bo\u00eetier GGG 40, convient pour les chaudi\u00e8res \u00e0 vapeur et les installations en plein air<\/li>\n<li data-start=\"963\" data-end=\"1101\">VK..H : \u00c9quip\u00e9 d&rsquo;entra\u00eenements plus puissants pour des pressions plus \u00e9lev\u00e9es.<\/li>\n<li data-start=\"963\" data-end=\"1101\">VK..X : Conception antid\u00e9flagrante pour utilisation dans les zones 1 et 2 \u00e0 risque d&rsquo;explosion.<\/li>\n<\/ul>\n<\/li>\n<\/ul>\n<p><strong>Documentation :<\/strong><\/p>\n","protected":false},"excerpt":{"rendered":"<p>La vanne VK de Kromschr\u00f6der est une \u00e9lectrovanne de s\u00e9curit\u00e9 motoris\u00e9e destin\u00e9e \u00e0 la s\u00e9curisation et \u00e0 la r\u00e9gulation de l&rsquo;alimentation en gaz et en air comburant des br\u00fbleurs et \u00e9quipements gaziers. Cette vanne de s\u00e9curit\u00e9 \u00e0 actionnement hydraulique est certifi\u00e9e classe A selon la norme EN 161 et int\u00e8gre une fonction d&rsquo;arr\u00eat automatique. Le [&hellip;]<\/p>\n","protected":false},"featured_media":28639,"template":"","meta":{"_acf_changed":false},"product_brand":[],"product_cat":[423],"product_tag":[360],"class_list":{"0":"post-28635","1":"product","2":"type-product","3":"status-publish","4":"has-post-thumbnail","6":"product_cat-vannes-de-securite-fr","7":"product_tag-vannes-de-securite","9":"first","10":"instock","11":"taxable","12":"shipping-taxable","13":"product-type-simple"},"acf":[],"yoast_head":"<!-- This site is optimized with the Yoast SEO plugin v26.8 - https:\/\/yoast.com\/product\/yoast-seo-wordpress\/ -->\n<title>Kromschr\u00f6der VK - Blondeau<\/title>\n<meta name=\"robots\" content=\"index, follow, max-snippet:-1, max-image-preview:large, max-video-preview:-1\" \/>\n<link rel=\"canonical\" href=\"https:\/\/blondeau.be\/fr\/produit\/kromschroder-uk\/\" \/>\n<meta property=\"og:locale\" content=\"fr_FR\" \/>\n<meta property=\"og:type\" content=\"article\" \/>\n<meta property=\"og:title\" content=\"Kromschr\u00f6der VK - Blondeau\" \/>\n<meta property=\"og:description\" content=\"La vanne VK de Kromschr\u00f6der est une \u00e9lectrovanne de s\u00e9curit\u00e9 motoris\u00e9e destin\u00e9e \u00e0 la s\u00e9curisation et \u00e0 la r\u00e9gulation de l&rsquo;alimentation en gaz et en air comburant des br\u00fbleurs et \u00e9quipements gaziers. Cette vanne de s\u00e9curit\u00e9 \u00e0 actionnement hydraulique est certifi\u00e9e classe A selon la norme EN 161 et int\u00e8gre une fonction d&rsquo;arr\u00eat automatique. Le [&hellip;]\" \/>\n<meta property=\"og:url\" content=\"https:\/\/blondeau.be\/fr\/produit\/kromschroder-uk\/\" \/>\n<meta property=\"og:site_name\" content=\"Blondeau\" \/>\n<meta property=\"article:modified_time\" content=\"2025-09-01T15:50:48+00:00\" \/>\n<meta property=\"og:image\" content=\"https:\/\/blondeau.be\/wp-content\/uploads\/2025\/01\/pmt-hps-re-vk-40-80.webp\" \/>\n\t<meta property=\"og:image:width\" content=\"443\" \/>\n\t<meta property=\"og:image:height\" content=\"576\" \/>\n\t<meta property=\"og:image:type\" content=\"image\/webp\" \/>\n<meta name=\"twitter:card\" content=\"summary_large_image\" \/>\n<meta name=\"twitter:label1\" content=\"Dur\u00e9e de lecture estim\u00e9e\" \/>\n\t<meta name=\"twitter:data1\" content=\"2 minutes\" \/>\n<script type=\"application\/ld+json\" class=\"yoast-schema-graph\">{\"@context\":\"https:\/\/schema.org\",\"@graph\":[{\"@type\":\"WebPage\",\"@id\":\"https:\/\/blondeau.be\/fr\/produit\/kromschroder-uk\/\",\"url\":\"https:\/\/blondeau.be\/fr\/produit\/kromschroder-uk\/\",\"name\":\"Kromschr\u00f6der VK - Blondeau\",\"isPartOf\":{\"@id\":\"https:\/\/blondeau.be\/fr\/#website\"},\"primaryImageOfPage\":{\"@id\":\"https:\/\/blondeau.be\/fr\/produit\/kromschroder-uk\/#primaryimage\"},\"image\":{\"@id\":\"https:\/\/blondeau.be\/fr\/produit\/kromschroder-uk\/#primaryimage\"},\"thumbnailUrl\":\"https:\/\/blondeau.be\/wp-content\/uploads\/2025\/01\/pmt-hps-re-vk-40-80.webp\",\"datePublished\":\"2025-01-28T10:15:32+00:00\",\"dateModified\":\"2025-09-01T15:50:48+00:00\",\"breadcrumb\":{\"@id\":\"https:\/\/blondeau.be\/fr\/produit\/kromschroder-uk\/#breadcrumb\"},\"inLanguage\":\"fr-FR\",\"potentialAction\":[{\"@type\":\"ReadAction\",\"target\":[\"https:\/\/blondeau.be\/fr\/produit\/kromschroder-uk\/\"]}]},{\"@type\":\"ImageObject\",\"inLanguage\":\"fr-FR\",\"@id\":\"https:\/\/blondeau.be\/fr\/produit\/kromschroder-uk\/#primaryimage\",\"url\":\"https:\/\/blondeau.be\/wp-content\/uploads\/2025\/01\/pmt-hps-re-vk-40-80.webp\",\"contentUrl\":\"https:\/\/blondeau.be\/wp-content\/uploads\/2025\/01\/pmt-hps-re-vk-40-80.webp\",\"width\":443,\"height\":576},{\"@type\":\"BreadcrumbList\",\"@id\":\"https:\/\/blondeau.be\/fr\/produit\/kromschroder-uk\/#breadcrumb\",\"itemListElement\":[{\"@type\":\"ListItem\",\"position\":1,\"name\":\"Home\",\"item\":\"https:\/\/blondeau.be\/fr\/accueil\/\"},{\"@type\":\"ListItem\",\"position\":2,\"name\":\"Catalogue des produits\",\"item\":\"https:\/\/blondeau.be\/fr\/catalogue-des-produits\/\"},{\"@type\":\"ListItem\",\"position\":3,\"name\":\"Kromschr\u00f6der VK\"}]},{\"@type\":\"WebSite\",\"@id\":\"https:\/\/blondeau.be\/fr\/#website\",\"url\":\"https:\/\/blondeau.be\/fr\/\",\"name\":\"Blondeau\",\"description\":\"Industrial Heating\",\"publisher\":{\"@id\":\"https:\/\/blondeau.be\/fr\/#organization\"},\"potentialAction\":[{\"@type\":\"SearchAction\",\"target\":{\"@type\":\"EntryPoint\",\"urlTemplate\":\"https:\/\/blondeau.be\/fr\/?s={search_term_string}\"},\"query-input\":{\"@type\":\"PropertyValueSpecification\",\"valueRequired\":true,\"valueName\":\"search_term_string\"}}],\"inLanguage\":\"fr-FR\"},{\"@type\":\"Organization\",\"@id\":\"https:\/\/blondeau.be\/fr\/#organization\",\"name\":\"Blondeau\",\"url\":\"https:\/\/blondeau.be\/fr\/\",\"logo\":{\"@type\":\"ImageObject\",\"inLanguage\":\"fr-FR\",\"@id\":\"https:\/\/blondeau.be\/fr\/#\/schema\/logo\/image\/\",\"url\":\"https:\/\/blondeau.be\/wp-content\/uploads\/2025\/08\/Logo.jpg\",\"contentUrl\":\"https:\/\/blondeau.be\/wp-content\/uploads\/2025\/08\/Logo.jpg\",\"width\":600,\"height\":600,\"caption\":\"Blondeau\"},\"image\":{\"@id\":\"https:\/\/blondeau.be\/fr\/#\/schema\/logo\/image\/\"}}]}<\/script>\n<!-- \/ Yoast SEO plugin. -->","yoast_head_json":{"title":"Kromschr\u00f6der VK - Blondeau","robots":{"index":"index","follow":"follow","max-snippet":"max-snippet:-1","max-image-preview":"max-image-preview:large","max-video-preview":"max-video-preview:-1"},"canonical":"https:\/\/blondeau.be\/fr\/produit\/kromschroder-uk\/","og_locale":"fr_FR","og_type":"article","og_title":"Kromschr\u00f6der VK - Blondeau","og_description":"La vanne VK de Kromschr\u00f6der est une \u00e9lectrovanne de s\u00e9curit\u00e9 motoris\u00e9e destin\u00e9e \u00e0 la s\u00e9curisation et \u00e0 la r\u00e9gulation de l&rsquo;alimentation en gaz et en air comburant des br\u00fbleurs et \u00e9quipements gaziers. Cette vanne de s\u00e9curit\u00e9 \u00e0 actionnement hydraulique est certifi\u00e9e classe A selon la norme EN 161 et int\u00e8gre une fonction d&rsquo;arr\u00eat automatique. Le [&hellip;]","og_url":"https:\/\/blondeau.be\/fr\/produit\/kromschroder-uk\/","og_site_name":"Blondeau","article_modified_time":"2025-09-01T15:50:48+00:00","og_image":[{"width":443,"height":576,"url":"https:\/\/blondeau.be\/wp-content\/uploads\/2025\/01\/pmt-hps-re-vk-40-80.webp","type":"image\/webp"}],"twitter_card":"summary_large_image","twitter_misc":{"Dur\u00e9e de lecture estim\u00e9e":"2 minutes"},"schema":{"@context":"https:\/\/schema.org","@graph":[{"@type":"WebPage","@id":"https:\/\/blondeau.be\/fr\/produit\/kromschroder-uk\/","url":"https:\/\/blondeau.be\/fr\/produit\/kromschroder-uk\/","name":"Kromschr\u00f6der VK - Blondeau","isPartOf":{"@id":"https:\/\/blondeau.be\/fr\/#website"},"primaryImageOfPage":{"@id":"https:\/\/blondeau.be\/fr\/produit\/kromschroder-uk\/#primaryimage"},"image":{"@id":"https:\/\/blondeau.be\/fr\/produit\/kromschroder-uk\/#primaryimage"},"thumbnailUrl":"https:\/\/blondeau.be\/wp-content\/uploads\/2025\/01\/pmt-hps-re-vk-40-80.webp","datePublished":"2025-01-28T10:15:32+00:00","dateModified":"2025-09-01T15:50:48+00:00","breadcrumb":{"@id":"https:\/\/blondeau.be\/fr\/produit\/kromschroder-uk\/#breadcrumb"},"inLanguage":"fr-FR","potentialAction":[{"@type":"ReadAction","target":["https:\/\/blondeau.be\/fr\/produit\/kromschroder-uk\/"]}]},{"@type":"ImageObject","inLanguage":"fr-FR","@id":"https:\/\/blondeau.be\/fr\/produit\/kromschroder-uk\/#primaryimage","url":"https:\/\/blondeau.be\/wp-content\/uploads\/2025\/01\/pmt-hps-re-vk-40-80.webp","contentUrl":"https:\/\/blondeau.be\/wp-content\/uploads\/2025\/01\/pmt-hps-re-vk-40-80.webp","width":443,"height":576},{"@type":"BreadcrumbList","@id":"https:\/\/blondeau.be\/fr\/produit\/kromschroder-uk\/#breadcrumb","itemListElement":[{"@type":"ListItem","position":1,"name":"Home","item":"https:\/\/blondeau.be\/fr\/accueil\/"},{"@type":"ListItem","position":2,"name":"Catalogue des produits","item":"https:\/\/blondeau.be\/fr\/catalogue-des-produits\/"},{"@type":"ListItem","position":3,"name":"Kromschr\u00f6der VK"}]},{"@type":"WebSite","@id":"https:\/\/blondeau.be\/fr\/#website","url":"https:\/\/blondeau.be\/fr\/","name":"Blondeau","description":"Industrial Heating","publisher":{"@id":"https:\/\/blondeau.be\/fr\/#organization"},"potentialAction":[{"@type":"SearchAction","target":{"@type":"EntryPoint","urlTemplate":"https:\/\/blondeau.be\/fr\/?s={search_term_string}"},"query-input":{"@type":"PropertyValueSpecification","valueRequired":true,"valueName":"search_term_string"}}],"inLanguage":"fr-FR"},{"@type":"Organization","@id":"https:\/\/blondeau.be\/fr\/#organization","name":"Blondeau","url":"https:\/\/blondeau.be\/fr\/","logo":{"@type":"ImageObject","inLanguage":"fr-FR","@id":"https:\/\/blondeau.be\/fr\/#\/schema\/logo\/image\/","url":"https:\/\/blondeau.be\/wp-content\/uploads\/2025\/08\/Logo.jpg","contentUrl":"https:\/\/blondeau.be\/wp-content\/uploads\/2025\/08\/Logo.jpg","width":600,"height":600,"caption":"Blondeau"},"image":{"@id":"https:\/\/blondeau.be\/fr\/#\/schema\/logo\/image\/"}}]}},"_links":{"self":[{"href":"https:\/\/blondeau.be\/fr\/wp-json\/wp\/v2\/product\/28635","targetHints":{"allow":["GET"]}}],"collection":[{"href":"https:\/\/blondeau.be\/fr\/wp-json\/wp\/v2\/product"}],"about":[{"href":"https:\/\/blondeau.be\/fr\/wp-json\/wp\/v2\/types\/product"}],"wp:featuredmedia":[{"embeddable":true,"href":"https:\/\/blondeau.be\/fr\/wp-json\/wp\/v2\/media\/28639"}],"wp:attachment":[{"href":"https:\/\/blondeau.be\/fr\/wp-json\/wp\/v2\/media?parent=28635"}],"wp:term":[{"taxonomy":"product_brand","embeddable":true,"href":"https:\/\/blondeau.be\/fr\/wp-json\/wp\/v2\/product_brand?post=28635"},{"taxonomy":"product_cat","embeddable":true,"href":"https:\/\/blondeau.be\/fr\/wp-json\/wp\/v2\/product_cat?post=28635"},{"taxonomy":"product_tag","embeddable":true,"href":"https:\/\/blondeau.be\/fr\/wp-json\/wp\/v2\/product_tag?post=28635"}],"curies":[{"name":"wp","href":"https:\/\/api.w.org\/{rel}","templated":true}]}}