{"id":28629,"date":"2025-01-28T12:03:14","date_gmt":"2025-01-28T10:03:14","guid":{"rendered":"https:\/\/blondeau.be\/product\/kromschroder-kfm-rfm\/"},"modified":"2025-09-01T16:46:28","modified_gmt":"2025-09-01T14:46:28","slug":"kromschroder-kfm-rfm","status":"publish","type":"product","link":"https:\/\/blondeau.be\/fr\/produit\/kromschroder-kfm-rfm\/","title":{"rendered":"Kromschr\u00f6der KFM \/ RFM"},"content":{"rendered":"<p>Les manom\u00e8tres <strong>KFM<\/strong> et <strong>RFM<\/strong> sont con\u00e7us pour mesurer la pression dans les applications gaz et air. Ces manom\u00e8tres conviennent \u00e0 diverses applications industrielles n\u00e9cessitant une mesure pr\u00e9cise de la pression du gaz et de l&rsquo;air. <\/p>\n<p><strong>Caract\u00e9ristiques et avantages :<\/strong><\/p>\n<ul>\n<li data-start=\"192\" data-end=\"210\">KFM Manom\u00e8tre :\n<ul>\n<li data-start=\"211\" data-end=\"243\">Plage de mesure : 0 \u00e0 400 mbar<\/li>\n<li data-start=\"244\" data-end=\"272\">Diam\u00e8tre : 63 ou 100 mm<\/li>\n<li data-start=\"273\" data-end=\"308\">Principe de mesure : \u00e9l\u00e9ment de capsule<\/li>\n<\/ul>\n<\/li>\n<li data-start=\"310\" data-end=\"328\">RFM Manom\u00e8tre :\n<ul>\n<li data-start=\"329\" data-end=\"359\">Plage de mesure : 0 \u00e0 16 bar<\/li>\n<li data-start=\"360\" data-end=\"388\">Diam\u00e8tre : 63 ou 100 mm<\/li>\n<li data-start=\"389\" data-end=\"420\">Principe de mesure : tube de Bourdon<\/li>\n<\/ul>\n<\/li>\n<\/ul>\n<p><strong>Documentation :<\/strong><\/p>\n","protected":false},"excerpt":{"rendered":"<p>Les manom\u00e8tres KFM et RFM sont con\u00e7us pour mesurer la pression dans les applications gaz et air. Ces manom\u00e8tres conviennent \u00e0 diverses applications industrielles n\u00e9cessitant une mesure pr\u00e9cise de la pression du gaz et de l&rsquo;air. Caract\u00e9ristiques et avantages : KFM Manom\u00e8tre : Plage de mesure : 0 \u00e0 400 mbar Diam\u00e8tre : 63 ou [&hellip;]<\/p>\n","protected":false},"featured_media":28633,"template":"","meta":{"_acf_changed":false},"product_brand":[],"product_cat":[421],"product_tag":[422],"class_list":{"0":"post-28629","1":"product","2":"type-product","3":"status-publish","4":"has-post-thumbnail","6":"product_cat-manometres","7":"product_tag-manometres","9":"first","10":"instock","11":"taxable","12":"shipping-taxable","13":"product-type-simple"},"acf":[],"yoast_head":"<!-- This site is optimized with the Yoast SEO plugin v26.8 - https:\/\/yoast.com\/product\/yoast-seo-wordpress\/ -->\n<title>Kromschr\u00f6der KFM \/ RFM - Blondeau<\/title>\n<meta name=\"robots\" content=\"index, follow, max-snippet:-1, max-image-preview:large, max-video-preview:-1\" \/>\n<link rel=\"canonical\" href=\"https:\/\/blondeau.be\/fr\/produit\/kromschroder-kfm-rfm\/\" \/>\n<meta property=\"og:locale\" content=\"fr_FR\" \/>\n<meta property=\"og:type\" content=\"article\" \/>\n<meta property=\"og:title\" content=\"Kromschr\u00f6der KFM \/ RFM - Blondeau\" \/>\n<meta property=\"og:description\" content=\"Les manom\u00e8tres KFM et RFM sont con\u00e7us pour mesurer la pression dans les applications gaz et air. Ces manom\u00e8tres conviennent \u00e0 diverses applications industrielles n\u00e9cessitant une mesure pr\u00e9cise de la pression du gaz et de l&rsquo;air. Caract\u00e9ristiques et avantages : KFM Manom\u00e8tre : Plage de mesure : 0 \u00e0 400 mbar Diam\u00e8tre : 63 ou [&hellip;]\" \/>\n<meta property=\"og:url\" content=\"https:\/\/blondeau.be\/fr\/produit\/kromschroder-kfm-rfm\/\" \/>\n<meta property=\"og:site_name\" content=\"Blondeau\" \/>\n<meta property=\"article:modified_time\" content=\"2025-09-01T14:46:28+00:00\" \/>\n<meta property=\"og:image\" content=\"https:\/\/blondeau.be\/wp-content\/uploads\/2025\/01\/pmt-hps-re-kfm-rfm.webp\" \/>\n\t<meta property=\"og:image:width\" content=\"618\" \/>\n\t<meta property=\"og:image:height\" content=\"576\" \/>\n\t<meta property=\"og:image:type\" content=\"image\/webp\" \/>\n<meta name=\"twitter:card\" content=\"summary_large_image\" \/>\n<meta name=\"twitter:label1\" content=\"Dur\u00e9e de lecture estim\u00e9e\" \/>\n\t<meta name=\"twitter:data1\" content=\"1 minute\" \/>\n<script type=\"application\/ld+json\" class=\"yoast-schema-graph\">{\"@context\":\"https:\/\/schema.org\",\"@graph\":[{\"@type\":\"WebPage\",\"@id\":\"https:\/\/blondeau.be\/fr\/produit\/kromschroder-kfm-rfm\/\",\"url\":\"https:\/\/blondeau.be\/fr\/produit\/kromschroder-kfm-rfm\/\",\"name\":\"Kromschr\u00f6der KFM \/ RFM - Blondeau\",\"isPartOf\":{\"@id\":\"https:\/\/blondeau.be\/fr\/#website\"},\"primaryImageOfPage\":{\"@id\":\"https:\/\/blondeau.be\/fr\/produit\/kromschroder-kfm-rfm\/#primaryimage\"},\"image\":{\"@id\":\"https:\/\/blondeau.be\/fr\/produit\/kromschroder-kfm-rfm\/#primaryimage\"},\"thumbnailUrl\":\"https:\/\/blondeau.be\/wp-content\/uploads\/2025\/01\/pmt-hps-re-kfm-rfm.webp\",\"datePublished\":\"2025-01-28T10:03:14+00:00\",\"dateModified\":\"2025-09-01T14:46:28+00:00\",\"breadcrumb\":{\"@id\":\"https:\/\/blondeau.be\/fr\/produit\/kromschroder-kfm-rfm\/#breadcrumb\"},\"inLanguage\":\"fr-FR\",\"potentialAction\":[{\"@type\":\"ReadAction\",\"target\":[\"https:\/\/blondeau.be\/fr\/produit\/kromschroder-kfm-rfm\/\"]}]},{\"@type\":\"ImageObject\",\"inLanguage\":\"fr-FR\",\"@id\":\"https:\/\/blondeau.be\/fr\/produit\/kromschroder-kfm-rfm\/#primaryimage\",\"url\":\"https:\/\/blondeau.be\/wp-content\/uploads\/2025\/01\/pmt-hps-re-kfm-rfm.webp\",\"contentUrl\":\"https:\/\/blondeau.be\/wp-content\/uploads\/2025\/01\/pmt-hps-re-kfm-rfm.webp\",\"width\":618,\"height\":576},{\"@type\":\"BreadcrumbList\",\"@id\":\"https:\/\/blondeau.be\/fr\/produit\/kromschroder-kfm-rfm\/#breadcrumb\",\"itemListElement\":[{\"@type\":\"ListItem\",\"position\":1,\"name\":\"Home\",\"item\":\"https:\/\/blondeau.be\/fr\/accueil\/\"},{\"@type\":\"ListItem\",\"position\":2,\"name\":\"Catalogue des produits\",\"item\":\"https:\/\/blondeau.be\/fr\/catalogue-des-produits\/\"},{\"@type\":\"ListItem\",\"position\":3,\"name\":\"Kromschr\u00f6der KFM \/ RFM\"}]},{\"@type\":\"WebSite\",\"@id\":\"https:\/\/blondeau.be\/fr\/#website\",\"url\":\"https:\/\/blondeau.be\/fr\/\",\"name\":\"Blondeau\",\"description\":\"Industrial Heating\",\"publisher\":{\"@id\":\"https:\/\/blondeau.be\/fr\/#organization\"},\"potentialAction\":[{\"@type\":\"SearchAction\",\"target\":{\"@type\":\"EntryPoint\",\"urlTemplate\":\"https:\/\/blondeau.be\/fr\/?s={search_term_string}\"},\"query-input\":{\"@type\":\"PropertyValueSpecification\",\"valueRequired\":true,\"valueName\":\"search_term_string\"}}],\"inLanguage\":\"fr-FR\"},{\"@type\":\"Organization\",\"@id\":\"https:\/\/blondeau.be\/fr\/#organization\",\"name\":\"Blondeau\",\"url\":\"https:\/\/blondeau.be\/fr\/\",\"logo\":{\"@type\":\"ImageObject\",\"inLanguage\":\"fr-FR\",\"@id\":\"https:\/\/blondeau.be\/fr\/#\/schema\/logo\/image\/\",\"url\":\"https:\/\/blondeau.be\/wp-content\/uploads\/2025\/08\/Logo.jpg\",\"contentUrl\":\"https:\/\/blondeau.be\/wp-content\/uploads\/2025\/08\/Logo.jpg\",\"width\":600,\"height\":600,\"caption\":\"Blondeau\"},\"image\":{\"@id\":\"https:\/\/blondeau.be\/fr\/#\/schema\/logo\/image\/\"}}]}<\/script>\n<!-- \/ Yoast SEO plugin. -->","yoast_head_json":{"title":"Kromschr\u00f6der KFM \/ RFM - Blondeau","robots":{"index":"index","follow":"follow","max-snippet":"max-snippet:-1","max-image-preview":"max-image-preview:large","max-video-preview":"max-video-preview:-1"},"canonical":"https:\/\/blondeau.be\/fr\/produit\/kromschroder-kfm-rfm\/","og_locale":"fr_FR","og_type":"article","og_title":"Kromschr\u00f6der KFM \/ RFM - Blondeau","og_description":"Les manom\u00e8tres KFM et RFM sont con\u00e7us pour mesurer la pression dans les applications gaz et air. Ces manom\u00e8tres conviennent \u00e0 diverses applications industrielles n\u00e9cessitant une mesure pr\u00e9cise de la pression du gaz et de l&rsquo;air. Caract\u00e9ristiques et avantages : KFM Manom\u00e8tre : Plage de mesure : 0 \u00e0 400 mbar Diam\u00e8tre : 63 ou [&hellip;]","og_url":"https:\/\/blondeau.be\/fr\/produit\/kromschroder-kfm-rfm\/","og_site_name":"Blondeau","article_modified_time":"2025-09-01T14:46:28+00:00","og_image":[{"width":618,"height":576,"url":"https:\/\/blondeau.be\/wp-content\/uploads\/2025\/01\/pmt-hps-re-kfm-rfm.webp","type":"image\/webp"}],"twitter_card":"summary_large_image","twitter_misc":{"Dur\u00e9e de lecture estim\u00e9e":"1 minute"},"schema":{"@context":"https:\/\/schema.org","@graph":[{"@type":"WebPage","@id":"https:\/\/blondeau.be\/fr\/produit\/kromschroder-kfm-rfm\/","url":"https:\/\/blondeau.be\/fr\/produit\/kromschroder-kfm-rfm\/","name":"Kromschr\u00f6der KFM \/ RFM - Blondeau","isPartOf":{"@id":"https:\/\/blondeau.be\/fr\/#website"},"primaryImageOfPage":{"@id":"https:\/\/blondeau.be\/fr\/produit\/kromschroder-kfm-rfm\/#primaryimage"},"image":{"@id":"https:\/\/blondeau.be\/fr\/produit\/kromschroder-kfm-rfm\/#primaryimage"},"thumbnailUrl":"https:\/\/blondeau.be\/wp-content\/uploads\/2025\/01\/pmt-hps-re-kfm-rfm.webp","datePublished":"2025-01-28T10:03:14+00:00","dateModified":"2025-09-01T14:46:28+00:00","breadcrumb":{"@id":"https:\/\/blondeau.be\/fr\/produit\/kromschroder-kfm-rfm\/#breadcrumb"},"inLanguage":"fr-FR","potentialAction":[{"@type":"ReadAction","target":["https:\/\/blondeau.be\/fr\/produit\/kromschroder-kfm-rfm\/"]}]},{"@type":"ImageObject","inLanguage":"fr-FR","@id":"https:\/\/blondeau.be\/fr\/produit\/kromschroder-kfm-rfm\/#primaryimage","url":"https:\/\/blondeau.be\/wp-content\/uploads\/2025\/01\/pmt-hps-re-kfm-rfm.webp","contentUrl":"https:\/\/blondeau.be\/wp-content\/uploads\/2025\/01\/pmt-hps-re-kfm-rfm.webp","width":618,"height":576},{"@type":"BreadcrumbList","@id":"https:\/\/blondeau.be\/fr\/produit\/kromschroder-kfm-rfm\/#breadcrumb","itemListElement":[{"@type":"ListItem","position":1,"name":"Home","item":"https:\/\/blondeau.be\/fr\/accueil\/"},{"@type":"ListItem","position":2,"name":"Catalogue des produits","item":"https:\/\/blondeau.be\/fr\/catalogue-des-produits\/"},{"@type":"ListItem","position":3,"name":"Kromschr\u00f6der KFM \/ RFM"}]},{"@type":"WebSite","@id":"https:\/\/blondeau.be\/fr\/#website","url":"https:\/\/blondeau.be\/fr\/","name":"Blondeau","description":"Industrial Heating","publisher":{"@id":"https:\/\/blondeau.be\/fr\/#organization"},"potentialAction":[{"@type":"SearchAction","target":{"@type":"EntryPoint","urlTemplate":"https:\/\/blondeau.be\/fr\/?s={search_term_string}"},"query-input":{"@type":"PropertyValueSpecification","valueRequired":true,"valueName":"search_term_string"}}],"inLanguage":"fr-FR"},{"@type":"Organization","@id":"https:\/\/blondeau.be\/fr\/#organization","name":"Blondeau","url":"https:\/\/blondeau.be\/fr\/","logo":{"@type":"ImageObject","inLanguage":"fr-FR","@id":"https:\/\/blondeau.be\/fr\/#\/schema\/logo\/image\/","url":"https:\/\/blondeau.be\/wp-content\/uploads\/2025\/08\/Logo.jpg","contentUrl":"https:\/\/blondeau.be\/wp-content\/uploads\/2025\/08\/Logo.jpg","width":600,"height":600,"caption":"Blondeau"},"image":{"@id":"https:\/\/blondeau.be\/fr\/#\/schema\/logo\/image\/"}}]}},"_links":{"self":[{"href":"https:\/\/blondeau.be\/fr\/wp-json\/wp\/v2\/product\/28629","targetHints":{"allow":["GET"]}}],"collection":[{"href":"https:\/\/blondeau.be\/fr\/wp-json\/wp\/v2\/product"}],"about":[{"href":"https:\/\/blondeau.be\/fr\/wp-json\/wp\/v2\/types\/product"}],"wp:featuredmedia":[{"embeddable":true,"href":"https:\/\/blondeau.be\/fr\/wp-json\/wp\/v2\/media\/28633"}],"wp:attachment":[{"href":"https:\/\/blondeau.be\/fr\/wp-json\/wp\/v2\/media?parent=28629"}],"wp:term":[{"taxonomy":"product_brand","embeddable":true,"href":"https:\/\/blondeau.be\/fr\/wp-json\/wp\/v2\/product_brand?post=28629"},{"taxonomy":"product_cat","embeddable":true,"href":"https:\/\/blondeau.be\/fr\/wp-json\/wp\/v2\/product_cat?post=28629"},{"taxonomy":"product_tag","embeddable":true,"href":"https:\/\/blondeau.be\/fr\/wp-json\/wp\/v2\/product_tag?post=28629"}],"curies":[{"name":"wp","href":"https:\/\/api.w.org\/{rel}","templated":true}]}}