{"id":28613,"date":"2025-01-28T12:00:41","date_gmt":"2025-01-28T10:00:41","guid":{"rendered":"https:\/\/blondeau.be\/product\/kromschroder-grp\/"},"modified":"2025-09-01T16:22:35","modified_gmt":"2025-09-01T14:22:35","slug":"kromschroder-grp","status":"publish","type":"product","link":"https:\/\/blondeau.be\/fr\/produit\/kromschroder-grp\/","title":{"rendered":"Kromschr\u00f6der GFK"},"content":{"rendered":"<p>Les filtres \u00e0 gaz <strong>GFK <\/strong>de Kromschr\u00f6der sont \u00e9quip\u00e9s d&rsquo;un \u00e9l\u00e9ment filtrant en non-tiss\u00e9 de polypropyl\u00e8ne offrant une finesse de filtration standard de 50\u202f\u00b5m. Ils sont disponibles dans des diam\u00e8tres nominaux allant de DN\u202f15 \u00e0 DN\u202f250 et peuvent \u00eatre raccord\u00e9s par filetage ou par bride. La pression de service maximale admissible varie selon le mod\u00e8le : 1, 4 ou 6\u202fbar.  <\/p>\n<p><strong>Caract\u00e9ristiques et avantages :<\/strong><\/p>\n<ul>\n<li>Con\u00e7u pour filtrer les gaz propres (gaz naturel, GPL, biogaz, hydrog\u00e8ne) et l&rsquo;air.<\/li>\n<li>Marquage CE et certification conforme<\/li>\n<li>D\u00e9bit tr\u00e8s important<\/li>\n<li>Grande efficacit\u00e9 de purification<\/li>\n<li>Longue dur\u00e9e de vie<\/li>\n<li>Changement facile de l\u2019\u00e9l\u00e9ment filtrant<\/li>\n<\/ul>\n<div class=\"relative inline-flex items-center\"><\/div>\n","protected":false},"excerpt":{"rendered":"<p>Les filtres \u00e0 gaz GFK de Kromschr\u00f6der sont \u00e9quip\u00e9s d&rsquo;un \u00e9l\u00e9ment filtrant en non-tiss\u00e9 de polypropyl\u00e8ne offrant une finesse de filtration standard de 50\u202f\u00b5m. Ils sont disponibles dans des diam\u00e8tres nominaux allant de DN\u202f15 \u00e0 DN\u202f250 et peuvent \u00eatre raccord\u00e9s par filetage ou par bride. La pression de service maximale admissible varie selon le mod\u00e8le [&hellip;]<\/p>\n","protected":false},"featured_media":28617,"template":"","meta":{"_acf_changed":false},"product_brand":[],"product_cat":[417],"product_tag":[418],"class_list":{"0":"post-28613","1":"product","2":"type-product","3":"status-publish","4":"has-post-thumbnail","6":"product_cat-filtres","7":"product_tag-filtres","9":"first","10":"instock","11":"taxable","12":"shipping-taxable","13":"product-type-simple"},"acf":[],"yoast_head":"<!-- This site is optimized with the Yoast SEO plugin v26.8 - https:\/\/yoast.com\/product\/yoast-seo-wordpress\/ -->\n<title>Kromschr\u00f6der GFK - Blondeau<\/title>\n<meta name=\"robots\" content=\"index, follow, max-snippet:-1, max-image-preview:large, max-video-preview:-1\" \/>\n<link rel=\"canonical\" href=\"https:\/\/blondeau.be\/fr\/produit\/kromschroder-grp\/\" \/>\n<meta property=\"og:locale\" content=\"fr_FR\" \/>\n<meta property=\"og:type\" content=\"article\" \/>\n<meta property=\"og:title\" content=\"Kromschr\u00f6der GFK - Blondeau\" \/>\n<meta property=\"og:description\" content=\"Les filtres \u00e0 gaz GFK de Kromschr\u00f6der sont \u00e9quip\u00e9s d&rsquo;un \u00e9l\u00e9ment filtrant en non-tiss\u00e9 de polypropyl\u00e8ne offrant une finesse de filtration standard de 50\u202f\u00b5m. Ils sont disponibles dans des diam\u00e8tres nominaux allant de DN\u202f15 \u00e0 DN\u202f250 et peuvent \u00eatre raccord\u00e9s par filetage ou par bride. La pression de service maximale admissible varie selon le mod\u00e8le [&hellip;]\" \/>\n<meta property=\"og:url\" content=\"https:\/\/blondeau.be\/fr\/produit\/kromschroder-grp\/\" \/>\n<meta property=\"og:site_name\" content=\"Blondeau\" \/>\n<meta property=\"article:modified_time\" content=\"2025-09-01T14:22:35+00:00\" \/>\n<meta property=\"og:image\" content=\"https:\/\/blondeau.be\/wp-content\/uploads\/2025\/01\/pmt-hps-re-gfk50r-gfk80f.webp\" \/>\n\t<meta property=\"og:image:width\" content=\"556\" \/>\n\t<meta property=\"og:image:height\" content=\"576\" \/>\n\t<meta property=\"og:image:type\" content=\"image\/webp\" \/>\n<meta name=\"twitter:card\" content=\"summary_large_image\" \/>\n<meta name=\"twitter:label1\" content=\"Dur\u00e9e de lecture estim\u00e9e\" \/>\n\t<meta name=\"twitter:data1\" content=\"1 minute\" \/>\n<script type=\"application\/ld+json\" class=\"yoast-schema-graph\">{\"@context\":\"https:\/\/schema.org\",\"@graph\":[{\"@type\":\"WebPage\",\"@id\":\"https:\/\/blondeau.be\/fr\/produit\/kromschroder-grp\/\",\"url\":\"https:\/\/blondeau.be\/fr\/produit\/kromschroder-grp\/\",\"name\":\"Kromschr\u00f6der GFK - Blondeau\",\"isPartOf\":{\"@id\":\"https:\/\/blondeau.be\/fr\/#website\"},\"primaryImageOfPage\":{\"@id\":\"https:\/\/blondeau.be\/fr\/produit\/kromschroder-grp\/#primaryimage\"},\"image\":{\"@id\":\"https:\/\/blondeau.be\/fr\/produit\/kromschroder-grp\/#primaryimage\"},\"thumbnailUrl\":\"https:\/\/blondeau.be\/wp-content\/uploads\/2025\/01\/pmt-hps-re-gfk50r-gfk80f.webp\",\"datePublished\":\"2025-01-28T10:00:41+00:00\",\"dateModified\":\"2025-09-01T14:22:35+00:00\",\"breadcrumb\":{\"@id\":\"https:\/\/blondeau.be\/fr\/produit\/kromschroder-grp\/#breadcrumb\"},\"inLanguage\":\"fr-FR\",\"potentialAction\":[{\"@type\":\"ReadAction\",\"target\":[\"https:\/\/blondeau.be\/fr\/produit\/kromschroder-grp\/\"]}]},{\"@type\":\"ImageObject\",\"inLanguage\":\"fr-FR\",\"@id\":\"https:\/\/blondeau.be\/fr\/produit\/kromschroder-grp\/#primaryimage\",\"url\":\"https:\/\/blondeau.be\/wp-content\/uploads\/2025\/01\/pmt-hps-re-gfk50r-gfk80f.webp\",\"contentUrl\":\"https:\/\/blondeau.be\/wp-content\/uploads\/2025\/01\/pmt-hps-re-gfk50r-gfk80f.webp\",\"width\":556,\"height\":576},{\"@type\":\"BreadcrumbList\",\"@id\":\"https:\/\/blondeau.be\/fr\/produit\/kromschroder-grp\/#breadcrumb\",\"itemListElement\":[{\"@type\":\"ListItem\",\"position\":1,\"name\":\"Home\",\"item\":\"https:\/\/blondeau.be\/fr\/accueil\/\"},{\"@type\":\"ListItem\",\"position\":2,\"name\":\"Catalogue des produits\",\"item\":\"https:\/\/blondeau.be\/fr\/catalogue-des-produits\/\"},{\"@type\":\"ListItem\",\"position\":3,\"name\":\"Kromschr\u00f6der GFK\"}]},{\"@type\":\"WebSite\",\"@id\":\"https:\/\/blondeau.be\/fr\/#website\",\"url\":\"https:\/\/blondeau.be\/fr\/\",\"name\":\"Blondeau\",\"description\":\"Industrial Heating\",\"publisher\":{\"@id\":\"https:\/\/blondeau.be\/fr\/#organization\"},\"potentialAction\":[{\"@type\":\"SearchAction\",\"target\":{\"@type\":\"EntryPoint\",\"urlTemplate\":\"https:\/\/blondeau.be\/fr\/?s={search_term_string}\"},\"query-input\":{\"@type\":\"PropertyValueSpecification\",\"valueRequired\":true,\"valueName\":\"search_term_string\"}}],\"inLanguage\":\"fr-FR\"},{\"@type\":\"Organization\",\"@id\":\"https:\/\/blondeau.be\/fr\/#organization\",\"name\":\"Blondeau\",\"url\":\"https:\/\/blondeau.be\/fr\/\",\"logo\":{\"@type\":\"ImageObject\",\"inLanguage\":\"fr-FR\",\"@id\":\"https:\/\/blondeau.be\/fr\/#\/schema\/logo\/image\/\",\"url\":\"https:\/\/blondeau.be\/wp-content\/uploads\/2025\/08\/Logo.jpg\",\"contentUrl\":\"https:\/\/blondeau.be\/wp-content\/uploads\/2025\/08\/Logo.jpg\",\"width\":600,\"height\":600,\"caption\":\"Blondeau\"},\"image\":{\"@id\":\"https:\/\/blondeau.be\/fr\/#\/schema\/logo\/image\/\"}}]}<\/script>\n<!-- \/ Yoast SEO plugin. -->","yoast_head_json":{"title":"Kromschr\u00f6der GFK - Blondeau","robots":{"index":"index","follow":"follow","max-snippet":"max-snippet:-1","max-image-preview":"max-image-preview:large","max-video-preview":"max-video-preview:-1"},"canonical":"https:\/\/blondeau.be\/fr\/produit\/kromschroder-grp\/","og_locale":"fr_FR","og_type":"article","og_title":"Kromschr\u00f6der GFK - Blondeau","og_description":"Les filtres \u00e0 gaz GFK de Kromschr\u00f6der sont \u00e9quip\u00e9s d&rsquo;un \u00e9l\u00e9ment filtrant en non-tiss\u00e9 de polypropyl\u00e8ne offrant une finesse de filtration standard de 50\u202f\u00b5m. Ils sont disponibles dans des diam\u00e8tres nominaux allant de DN\u202f15 \u00e0 DN\u202f250 et peuvent \u00eatre raccord\u00e9s par filetage ou par bride. La pression de service maximale admissible varie selon le mod\u00e8le [&hellip;]","og_url":"https:\/\/blondeau.be\/fr\/produit\/kromschroder-grp\/","og_site_name":"Blondeau","article_modified_time":"2025-09-01T14:22:35+00:00","og_image":[{"width":556,"height":576,"url":"https:\/\/blondeau.be\/wp-content\/uploads\/2025\/01\/pmt-hps-re-gfk50r-gfk80f.webp","type":"image\/webp"}],"twitter_card":"summary_large_image","twitter_misc":{"Dur\u00e9e de lecture estim\u00e9e":"1 minute"},"schema":{"@context":"https:\/\/schema.org","@graph":[{"@type":"WebPage","@id":"https:\/\/blondeau.be\/fr\/produit\/kromschroder-grp\/","url":"https:\/\/blondeau.be\/fr\/produit\/kromschroder-grp\/","name":"Kromschr\u00f6der GFK - Blondeau","isPartOf":{"@id":"https:\/\/blondeau.be\/fr\/#website"},"primaryImageOfPage":{"@id":"https:\/\/blondeau.be\/fr\/produit\/kromschroder-grp\/#primaryimage"},"image":{"@id":"https:\/\/blondeau.be\/fr\/produit\/kromschroder-grp\/#primaryimage"},"thumbnailUrl":"https:\/\/blondeau.be\/wp-content\/uploads\/2025\/01\/pmt-hps-re-gfk50r-gfk80f.webp","datePublished":"2025-01-28T10:00:41+00:00","dateModified":"2025-09-01T14:22:35+00:00","breadcrumb":{"@id":"https:\/\/blondeau.be\/fr\/produit\/kromschroder-grp\/#breadcrumb"},"inLanguage":"fr-FR","potentialAction":[{"@type":"ReadAction","target":["https:\/\/blondeau.be\/fr\/produit\/kromschroder-grp\/"]}]},{"@type":"ImageObject","inLanguage":"fr-FR","@id":"https:\/\/blondeau.be\/fr\/produit\/kromschroder-grp\/#primaryimage","url":"https:\/\/blondeau.be\/wp-content\/uploads\/2025\/01\/pmt-hps-re-gfk50r-gfk80f.webp","contentUrl":"https:\/\/blondeau.be\/wp-content\/uploads\/2025\/01\/pmt-hps-re-gfk50r-gfk80f.webp","width":556,"height":576},{"@type":"BreadcrumbList","@id":"https:\/\/blondeau.be\/fr\/produit\/kromschroder-grp\/#breadcrumb","itemListElement":[{"@type":"ListItem","position":1,"name":"Home","item":"https:\/\/blondeau.be\/fr\/accueil\/"},{"@type":"ListItem","position":2,"name":"Catalogue des produits","item":"https:\/\/blondeau.be\/fr\/catalogue-des-produits\/"},{"@type":"ListItem","position":3,"name":"Kromschr\u00f6der GFK"}]},{"@type":"WebSite","@id":"https:\/\/blondeau.be\/fr\/#website","url":"https:\/\/blondeau.be\/fr\/","name":"Blondeau","description":"Industrial Heating","publisher":{"@id":"https:\/\/blondeau.be\/fr\/#organization"},"potentialAction":[{"@type":"SearchAction","target":{"@type":"EntryPoint","urlTemplate":"https:\/\/blondeau.be\/fr\/?s={search_term_string}"},"query-input":{"@type":"PropertyValueSpecification","valueRequired":true,"valueName":"search_term_string"}}],"inLanguage":"fr-FR"},{"@type":"Organization","@id":"https:\/\/blondeau.be\/fr\/#organization","name":"Blondeau","url":"https:\/\/blondeau.be\/fr\/","logo":{"@type":"ImageObject","inLanguage":"fr-FR","@id":"https:\/\/blondeau.be\/fr\/#\/schema\/logo\/image\/","url":"https:\/\/blondeau.be\/wp-content\/uploads\/2025\/08\/Logo.jpg","contentUrl":"https:\/\/blondeau.be\/wp-content\/uploads\/2025\/08\/Logo.jpg","width":600,"height":600,"caption":"Blondeau"},"image":{"@id":"https:\/\/blondeau.be\/fr\/#\/schema\/logo\/image\/"}}]}},"_links":{"self":[{"href":"https:\/\/blondeau.be\/fr\/wp-json\/wp\/v2\/product\/28613","targetHints":{"allow":["GET"]}}],"collection":[{"href":"https:\/\/blondeau.be\/fr\/wp-json\/wp\/v2\/product"}],"about":[{"href":"https:\/\/blondeau.be\/fr\/wp-json\/wp\/v2\/types\/product"}],"wp:featuredmedia":[{"embeddable":true,"href":"https:\/\/blondeau.be\/fr\/wp-json\/wp\/v2\/media\/28617"}],"wp:attachment":[{"href":"https:\/\/blondeau.be\/fr\/wp-json\/wp\/v2\/media?parent=28613"}],"wp:term":[{"taxonomy":"product_brand","embeddable":true,"href":"https:\/\/blondeau.be\/fr\/wp-json\/wp\/v2\/product_brand?post=28613"},{"taxonomy":"product_cat","embeddable":true,"href":"https:\/\/blondeau.be\/fr\/wp-json\/wp\/v2\/product_cat?post=28613"},{"taxonomy":"product_tag","embeddable":true,"href":"https:\/\/blondeau.be\/fr\/wp-json\/wp\/v2\/product_tag?post=28613"}],"curies":[{"name":"wp","href":"https:\/\/api.w.org\/{rel}","templated":true}]}}