{"id":28605,"date":"2025-01-28T11:41:38","date_gmt":"2025-01-28T09:41:38","guid":{"rendered":"https:\/\/blondeau.be\/product\/vannes-pneumatiques-maxon-serie-8000\/"},"modified":"2025-06-27T12:04:45","modified_gmt":"2025-06-27T10:04:45","slug":"vannes-pneumatiques-maxon-serie-8000","status":"publish","type":"product","link":"https:\/\/blondeau.be\/fr\/produit\/vannes-pneumatiques-maxon-serie-8000\/","title":{"rendered":"Vannes pneumatiques Maxon s\u00e9rie 8000"},"content":{"rendered":"<p data-start=\"82\" data-end=\"403\">Les vannes de s\u00e9curit\u00e9 pneumatiques MAXON de la <strong>s\u00e9rie 8000<\/strong> sont \u00e9quip\u00e9es d\u2019un puissant ressort de fermeture et d\u2019un indicateur visuel de position \u00e0 360\u00b0 situ\u00e9 sur la partie sup\u00e9rieure. Elles se distinguent par leur installation simple, leur faible besoin en maintenance et leur fonctionnement fiable et durable, sans interruption. <\/p>\n<p data-start=\"405\" data-end=\"600\">La s\u00e9rie 8000 associe une conception compacte \u00e0 un joint sans entretien et \u00e0 un actionneur facilement rempla\u00e7able. Cette configuration permet une installation rapide ainsi qu\u2019un fonctionnement fluide et fiable. <\/p>\n<p data-start=\"602\" data-end=\"743\">Gr\u00e2ce \u00e0 ses certifications internationales (FM, CSA et CE), la s\u00e9rie 8000 s\u2019int\u00e8gre facilement dans les syst\u00e8mes de s\u00e9curit\u00e9 carburant \u00e0 l\u2019\u00e9chelle mondiale.<\/p>\n<p>&nbsp;<\/p>\n<p data-start=\"0\" data-end=\"513\"><strong>Caract\u00e9ristiques et avantages :<\/strong><\/p>\n<ul>\n<li data-start=\"547\" data-end=\"1484\">Construction robuste : bo\u00eetier disponible en fonte, en acier carbone, en acier carbone basse temp\u00e9rature ou en acier inoxydable, avec des tailles allant de \u00be\u00a0\u00bb \u00e0 8&Prime;.<\/li>\n<li data-start=\"547\" data-end=\"1484\">Adapt\u00e9 aux environnements explosifs : disponible en versions \u00e0 s\u00e9curit\u00e9 intrins\u00e8que et antid\u00e9flagrantes (sans \u00e9tincelles)<\/li>\n<li data-start=\"547\" data-end=\"1484\">Compatible SIL 3 : Enti\u00e8rement certifi\u00e9 selon la norme IEC 61508<\/li>\n<li data-start=\"547\" data-end=\"1484\">Large tol\u00e9rance aux temp\u00e9ratures : temp\u00e9ratures ambiantes de -50 \u00b0C \u00e0 +60 \u00b0C ; temp\u00e9ratures des gaz de -50 \u00b0C \u00e0 +100 \u00b0C<\/li>\n<li data-start=\"547\" data-end=\"1484\">Fermeture rapide : fermeture en moins d&rsquo;une seconde gr\u00e2ce \u00e0 un ressort puissant et \u00e0 un d\u00e9gagement d&rsquo;air rapide.<\/li>\n<li data-start=\"547\" data-end=\"1484\">Actionneur facile \u00e0 entretenir : actionneur rempla\u00e7able sur le terrain, orientable \u00e0 90\u00b0 pour une installation flexible et optimale.<\/li>\n<\/ul>\n<p data-start=\"1985\" data-end=\"2633\"><strong>Documentation :<\/strong><\/p>\n","protected":false},"excerpt":{"rendered":"<p>Les vannes de s\u00e9curit\u00e9 pneumatiques MAXON de la s\u00e9rie 8000 sont \u00e9quip\u00e9es d\u2019un puissant ressort de fermeture et d\u2019un indicateur visuel de position \u00e0 360\u00b0 situ\u00e9 sur la partie sup\u00e9rieure. Elles se distinguent par leur installation simple, leur faible besoin en maintenance et leur fonctionnement fiable et durable, sans interruption. La s\u00e9rie 8000 associe une [&hellip;]<\/p>\n","protected":false},"featured_media":28610,"template":"","meta":{"_acf_changed":false},"product_brand":[],"product_cat":[359],"product_tag":[360],"class_list":{"0":"post-28605","1":"product","2":"type-product","3":"status-publish","4":"has-post-thumbnail","6":"product_cat-vannes-de-securite","7":"product_tag-vannes-de-securite","9":"first","10":"instock","11":"taxable","12":"shipping-taxable","13":"product-type-simple"},"acf":[],"yoast_head":"<!-- This site is optimized with the Yoast SEO plugin v26.8 - https:\/\/yoast.com\/product\/yoast-seo-wordpress\/ -->\n<title>Vannes pneumatiques Maxon s\u00e9rie 8000 - Blondeau<\/title>\n<meta name=\"robots\" content=\"index, follow, max-snippet:-1, max-image-preview:large, max-video-preview:-1\" \/>\n<link rel=\"canonical\" href=\"https:\/\/blondeau.be\/fr\/produit\/vannes-pneumatiques-maxon-serie-8000\/\" \/>\n<meta property=\"og:locale\" content=\"fr_FR\" \/>\n<meta property=\"og:type\" content=\"article\" \/>\n<meta property=\"og:title\" content=\"Vannes pneumatiques Maxon s\u00e9rie 8000 - Blondeau\" \/>\n<meta property=\"og:description\" content=\"Les vannes de s\u00e9curit\u00e9 pneumatiques MAXON de la s\u00e9rie 8000 sont \u00e9quip\u00e9es d\u2019un puissant ressort de fermeture et d\u2019un indicateur visuel de position \u00e0 360\u00b0 situ\u00e9 sur la partie sup\u00e9rieure. Elles se distinguent par leur installation simple, leur faible besoin en maintenance et leur fonctionnement fiable et durable, sans interruption. La s\u00e9rie 8000 associe une [&hellip;]\" \/>\n<meta property=\"og:url\" content=\"https:\/\/blondeau.be\/fr\/produit\/vannes-pneumatiques-maxon-serie-8000\/\" \/>\n<meta property=\"og:site_name\" content=\"Blondeau\" \/>\n<meta property=\"article:modified_time\" content=\"2025-06-27T10:04:45+00:00\" \/>\n<meta property=\"og:image\" content=\"https:\/\/blondeau.be\/wp-content\/uploads\/2025\/01\/Maxon-serie-8000.jpg\" \/>\n\t<meta property=\"og:image:width\" content=\"469\" \/>\n\t<meta property=\"og:image:height\" content=\"657\" \/>\n\t<meta property=\"og:image:type\" content=\"image\/jpeg\" \/>\n<meta name=\"twitter:card\" content=\"summary_large_image\" \/>\n<meta name=\"twitter:label1\" content=\"Dur\u00e9e de lecture estim\u00e9e\" \/>\n\t<meta name=\"twitter:data1\" content=\"1 minute\" \/>\n<script type=\"application\/ld+json\" class=\"yoast-schema-graph\">{\"@context\":\"https:\/\/schema.org\",\"@graph\":[{\"@type\":\"WebPage\",\"@id\":\"https:\/\/blondeau.be\/fr\/produit\/vannes-pneumatiques-maxon-serie-8000\/\",\"url\":\"https:\/\/blondeau.be\/fr\/produit\/vannes-pneumatiques-maxon-serie-8000\/\",\"name\":\"Vannes pneumatiques Maxon s\u00e9rie 8000 - Blondeau\",\"isPartOf\":{\"@id\":\"https:\/\/blondeau.be\/fr\/#website\"},\"primaryImageOfPage\":{\"@id\":\"https:\/\/blondeau.be\/fr\/produit\/vannes-pneumatiques-maxon-serie-8000\/#primaryimage\"},\"image\":{\"@id\":\"https:\/\/blondeau.be\/fr\/produit\/vannes-pneumatiques-maxon-serie-8000\/#primaryimage\"},\"thumbnailUrl\":\"https:\/\/blondeau.be\/wp-content\/uploads\/2025\/01\/Maxon-serie-8000.jpg\",\"datePublished\":\"2025-01-28T09:41:38+00:00\",\"dateModified\":\"2025-06-27T10:04:45+00:00\",\"breadcrumb\":{\"@id\":\"https:\/\/blondeau.be\/fr\/produit\/vannes-pneumatiques-maxon-serie-8000\/#breadcrumb\"},\"inLanguage\":\"fr-FR\",\"potentialAction\":[{\"@type\":\"ReadAction\",\"target\":[\"https:\/\/blondeau.be\/fr\/produit\/vannes-pneumatiques-maxon-serie-8000\/\"]}]},{\"@type\":\"ImageObject\",\"inLanguage\":\"fr-FR\",\"@id\":\"https:\/\/blondeau.be\/fr\/produit\/vannes-pneumatiques-maxon-serie-8000\/#primaryimage\",\"url\":\"https:\/\/blondeau.be\/wp-content\/uploads\/2025\/01\/Maxon-serie-8000.jpg\",\"contentUrl\":\"https:\/\/blondeau.be\/wp-content\/uploads\/2025\/01\/Maxon-serie-8000.jpg\",\"width\":469,\"height\":657},{\"@type\":\"BreadcrumbList\",\"@id\":\"https:\/\/blondeau.be\/fr\/produit\/vannes-pneumatiques-maxon-serie-8000\/#breadcrumb\",\"itemListElement\":[{\"@type\":\"ListItem\",\"position\":1,\"name\":\"Home\",\"item\":\"https:\/\/blondeau.be\/fr\/accueil\/\"},{\"@type\":\"ListItem\",\"position\":2,\"name\":\"Catalogue des produits\",\"item\":\"https:\/\/blondeau.be\/fr\/catalogue-des-produits\/\"},{\"@type\":\"ListItem\",\"position\":3,\"name\":\"Vannes pneumatiques Maxon s\u00e9rie 8000\"}]},{\"@type\":\"WebSite\",\"@id\":\"https:\/\/blondeau.be\/fr\/#website\",\"url\":\"https:\/\/blondeau.be\/fr\/\",\"name\":\"Blondeau\",\"description\":\"Industrial Heating\",\"publisher\":{\"@id\":\"https:\/\/blondeau.be\/fr\/#organization\"},\"potentialAction\":[{\"@type\":\"SearchAction\",\"target\":{\"@type\":\"EntryPoint\",\"urlTemplate\":\"https:\/\/blondeau.be\/fr\/?s={search_term_string}\"},\"query-input\":{\"@type\":\"PropertyValueSpecification\",\"valueRequired\":true,\"valueName\":\"search_term_string\"}}],\"inLanguage\":\"fr-FR\"},{\"@type\":\"Organization\",\"@id\":\"https:\/\/blondeau.be\/fr\/#organization\",\"name\":\"Blondeau\",\"url\":\"https:\/\/blondeau.be\/fr\/\",\"logo\":{\"@type\":\"ImageObject\",\"inLanguage\":\"fr-FR\",\"@id\":\"https:\/\/blondeau.be\/fr\/#\/schema\/logo\/image\/\",\"url\":\"https:\/\/blondeau.be\/wp-content\/uploads\/2025\/08\/Logo.jpg\",\"contentUrl\":\"https:\/\/blondeau.be\/wp-content\/uploads\/2025\/08\/Logo.jpg\",\"width\":600,\"height\":600,\"caption\":\"Blondeau\"},\"image\":{\"@id\":\"https:\/\/blondeau.be\/fr\/#\/schema\/logo\/image\/\"}}]}<\/script>\n<!-- \/ Yoast SEO plugin. -->","yoast_head_json":{"title":"Vannes pneumatiques Maxon s\u00e9rie 8000 - Blondeau","robots":{"index":"index","follow":"follow","max-snippet":"max-snippet:-1","max-image-preview":"max-image-preview:large","max-video-preview":"max-video-preview:-1"},"canonical":"https:\/\/blondeau.be\/fr\/produit\/vannes-pneumatiques-maxon-serie-8000\/","og_locale":"fr_FR","og_type":"article","og_title":"Vannes pneumatiques Maxon s\u00e9rie 8000 - Blondeau","og_description":"Les vannes de s\u00e9curit\u00e9 pneumatiques MAXON de la s\u00e9rie 8000 sont \u00e9quip\u00e9es d\u2019un puissant ressort de fermeture et d\u2019un indicateur visuel de position \u00e0 360\u00b0 situ\u00e9 sur la partie sup\u00e9rieure. Elles se distinguent par leur installation simple, leur faible besoin en maintenance et leur fonctionnement fiable et durable, sans interruption. La s\u00e9rie 8000 associe une [&hellip;]","og_url":"https:\/\/blondeau.be\/fr\/produit\/vannes-pneumatiques-maxon-serie-8000\/","og_site_name":"Blondeau","article_modified_time":"2025-06-27T10:04:45+00:00","og_image":[{"width":469,"height":657,"url":"https:\/\/blondeau.be\/wp-content\/uploads\/2025\/01\/Maxon-serie-8000.jpg","type":"image\/jpeg"}],"twitter_card":"summary_large_image","twitter_misc":{"Dur\u00e9e de lecture estim\u00e9e":"1 minute"},"schema":{"@context":"https:\/\/schema.org","@graph":[{"@type":"WebPage","@id":"https:\/\/blondeau.be\/fr\/produit\/vannes-pneumatiques-maxon-serie-8000\/","url":"https:\/\/blondeau.be\/fr\/produit\/vannes-pneumatiques-maxon-serie-8000\/","name":"Vannes pneumatiques Maxon s\u00e9rie 8000 - Blondeau","isPartOf":{"@id":"https:\/\/blondeau.be\/fr\/#website"},"primaryImageOfPage":{"@id":"https:\/\/blondeau.be\/fr\/produit\/vannes-pneumatiques-maxon-serie-8000\/#primaryimage"},"image":{"@id":"https:\/\/blondeau.be\/fr\/produit\/vannes-pneumatiques-maxon-serie-8000\/#primaryimage"},"thumbnailUrl":"https:\/\/blondeau.be\/wp-content\/uploads\/2025\/01\/Maxon-serie-8000.jpg","datePublished":"2025-01-28T09:41:38+00:00","dateModified":"2025-06-27T10:04:45+00:00","breadcrumb":{"@id":"https:\/\/blondeau.be\/fr\/produit\/vannes-pneumatiques-maxon-serie-8000\/#breadcrumb"},"inLanguage":"fr-FR","potentialAction":[{"@type":"ReadAction","target":["https:\/\/blondeau.be\/fr\/produit\/vannes-pneumatiques-maxon-serie-8000\/"]}]},{"@type":"ImageObject","inLanguage":"fr-FR","@id":"https:\/\/blondeau.be\/fr\/produit\/vannes-pneumatiques-maxon-serie-8000\/#primaryimage","url":"https:\/\/blondeau.be\/wp-content\/uploads\/2025\/01\/Maxon-serie-8000.jpg","contentUrl":"https:\/\/blondeau.be\/wp-content\/uploads\/2025\/01\/Maxon-serie-8000.jpg","width":469,"height":657},{"@type":"BreadcrumbList","@id":"https:\/\/blondeau.be\/fr\/produit\/vannes-pneumatiques-maxon-serie-8000\/#breadcrumb","itemListElement":[{"@type":"ListItem","position":1,"name":"Home","item":"https:\/\/blondeau.be\/fr\/accueil\/"},{"@type":"ListItem","position":2,"name":"Catalogue des produits","item":"https:\/\/blondeau.be\/fr\/catalogue-des-produits\/"},{"@type":"ListItem","position":3,"name":"Vannes pneumatiques Maxon s\u00e9rie 8000"}]},{"@type":"WebSite","@id":"https:\/\/blondeau.be\/fr\/#website","url":"https:\/\/blondeau.be\/fr\/","name":"Blondeau","description":"Industrial Heating","publisher":{"@id":"https:\/\/blondeau.be\/fr\/#organization"},"potentialAction":[{"@type":"SearchAction","target":{"@type":"EntryPoint","urlTemplate":"https:\/\/blondeau.be\/fr\/?s={search_term_string}"},"query-input":{"@type":"PropertyValueSpecification","valueRequired":true,"valueName":"search_term_string"}}],"inLanguage":"fr-FR"},{"@type":"Organization","@id":"https:\/\/blondeau.be\/fr\/#organization","name":"Blondeau","url":"https:\/\/blondeau.be\/fr\/","logo":{"@type":"ImageObject","inLanguage":"fr-FR","@id":"https:\/\/blondeau.be\/fr\/#\/schema\/logo\/image\/","url":"https:\/\/blondeau.be\/wp-content\/uploads\/2025\/08\/Logo.jpg","contentUrl":"https:\/\/blondeau.be\/wp-content\/uploads\/2025\/08\/Logo.jpg","width":600,"height":600,"caption":"Blondeau"},"image":{"@id":"https:\/\/blondeau.be\/fr\/#\/schema\/logo\/image\/"}}]}},"_links":{"self":[{"href":"https:\/\/blondeau.be\/fr\/wp-json\/wp\/v2\/product\/28605","targetHints":{"allow":["GET"]}}],"collection":[{"href":"https:\/\/blondeau.be\/fr\/wp-json\/wp\/v2\/product"}],"about":[{"href":"https:\/\/blondeau.be\/fr\/wp-json\/wp\/v2\/types\/product"}],"wp:featuredmedia":[{"embeddable":true,"href":"https:\/\/blondeau.be\/fr\/wp-json\/wp\/v2\/media\/28610"}],"wp:attachment":[{"href":"https:\/\/blondeau.be\/fr\/wp-json\/wp\/v2\/media?parent=28605"}],"wp:term":[{"taxonomy":"product_brand","embeddable":true,"href":"https:\/\/blondeau.be\/fr\/wp-json\/wp\/v2\/product_brand?post=28605"},{"taxonomy":"product_cat","embeddable":true,"href":"https:\/\/blondeau.be\/fr\/wp-json\/wp\/v2\/product_cat?post=28605"},{"taxonomy":"product_tag","embeddable":true,"href":"https:\/\/blondeau.be\/fr\/wp-json\/wp\/v2\/product_tag?post=28605"}],"curies":[{"name":"wp","href":"https:\/\/api.w.org\/{rel}","templated":true}]}}