{"id":28584,"date":"2025-01-28T11:38:29","date_gmt":"2025-01-28T09:38:29","guid":{"rendered":"https:\/\/blondeau.be\/product\/combinaison-pour-four-maxon\/"},"modified":"2025-06-26T16:21:46","modified_gmt":"2025-06-26T14:21:46","slug":"combinaison-pour-four-maxon","status":"publish","type":"product","link":"https:\/\/blondeau.be\/fr\/produit\/combinaison-pour-four-maxon\/","title":{"rendered":"Maxon Ovenpak"},"content":{"rendered":"<p>Les br\u00fbleurs <strong>OVENPAK\u00ae 400<\/strong> sont des br\u00fbleurs \u00e0 gaz \u00e0 m\u00e9lange au nez, con\u00e7us pour diverses applications industrielles de chauffage direct o\u00f9 une combustion propre, de faibles \u00e9missions de NOx et une large plage de r\u00e9gulation sont requises. Le br\u00fbleur OVENPAK\u00ae est compatible avec presque tous les types de gaz combustibles et fonctionne \u00e0 basse pression de gaz. Il est particuli\u00e8rement adapt\u00e9 aux applications telles que les fours de s\u00e9chage, les machines \u00e0 papier et \u00e0 textile, les fours industriels, les torr\u00e9facteurs de caf\u00e9, les s\u00e9cheurs de c\u00e9r\u00e9ales, et bien plus encore.  <\/p>\n<p><strong>Caract\u00e9ristiques et avantages :<\/strong><\/p>\n<ul>\n<li data-start=\"0\" data-end=\"72\">Diff\u00e9rentes versions disponibles, de 120 \u00e0 4500 kW<\/li>\n<li data-start=\"73\" data-end=\"135\">Large plage de modulation<\/li>\n<li data-start=\"136\" data-end=\"183\">Une construction simple et fiable<\/li>\n<li data-start=\"212\" data-end=\"308\" data-is-last-node=\"\">Conception facilitant l&rsquo;entretien : les pi\u00e8ces de rechange sont accessibles de l&rsquo;ext\u00e9rieur, faciles \u00e0 inspecter et \u00e0 remplacer.<\/li>\n<li data-start=\"212\" data-end=\"308\" data-is-last-node=\"\">Combustion propre avec de faibles \u00e9missions de NOx<\/li>\n<li data-start=\"212\" data-end=\"308\" data-is-last-node=\"\">Configurable de mani\u00e8re modulaire en fonction de l&rsquo;application ou du type de combustible, avec des nozzles optionnelles, un c\u00f4ne de m\u00e9lange ou une buse de combustion.<\/li>\n<\/ul>\n<p data-start=\"627\" data-end=\"913\" data-is-last-node=\"\"><strong>Documentation :<\/strong><\/p>\n","protected":false},"excerpt":{"rendered":"<p>Les br\u00fbleurs OVENPAK\u00ae 400 sont des br\u00fbleurs \u00e0 gaz \u00e0 m\u00e9lange au nez, con\u00e7us pour diverses applications industrielles de chauffage direct o\u00f9 une combustion propre, de faibles \u00e9missions de NOx et une large plage de r\u00e9gulation sont requises. Le br\u00fbleur OVENPAK\u00ae est compatible avec presque tous les types de gaz combustibles et fonctionne \u00e0 basse [&hellip;]<\/p>\n","protected":false},"featured_media":28586,"template":"","meta":{"_acf_changed":false},"product_brand":[],"product_cat":[374],"product_tag":[366],"class_list":{"0":"post-28584","1":"product","2":"type-product","3":"status-publish","4":"has-post-thumbnail","6":"product_cat-bruleurs-fr","7":"product_tag-bruleurs-melange","9":"first","10":"instock","11":"taxable","12":"shipping-taxable","13":"product-type-simple"},"acf":[],"yoast_head":"<!-- This site is optimized with the Yoast SEO plugin v26.8 - https:\/\/yoast.com\/product\/yoast-seo-wordpress\/ -->\n<title>Maxon Ovenpak - Blondeau<\/title>\n<meta name=\"robots\" content=\"index, follow, max-snippet:-1, max-image-preview:large, max-video-preview:-1\" \/>\n<link rel=\"canonical\" href=\"https:\/\/blondeau.be\/fr\/produit\/combinaison-pour-four-maxon\/\" \/>\n<meta property=\"og:locale\" content=\"fr_FR\" \/>\n<meta property=\"og:type\" content=\"article\" \/>\n<meta property=\"og:title\" content=\"Maxon Ovenpak - Blondeau\" \/>\n<meta property=\"og:description\" content=\"Les br\u00fbleurs OVENPAK\u00ae 400 sont des br\u00fbleurs \u00e0 gaz \u00e0 m\u00e9lange au nez, con\u00e7us pour diverses applications industrielles de chauffage direct o\u00f9 une combustion propre, de faibles \u00e9missions de NOx et une large plage de r\u00e9gulation sont requises. Le br\u00fbleur OVENPAK\u00ae est compatible avec presque tous les types de gaz combustibles et fonctionne \u00e0 basse [&hellip;]\" \/>\n<meta property=\"og:url\" content=\"https:\/\/blondeau.be\/fr\/produit\/combinaison-pour-four-maxon\/\" \/>\n<meta property=\"og:site_name\" content=\"Blondeau\" \/>\n<meta property=\"article:modified_time\" content=\"2025-06-26T14:21:46+00:00\" \/>\n<meta property=\"og:image\" content=\"https:\/\/blondeau.be\/wp-content\/uploads\/2025\/01\/Re-OP425.webp\" \/>\n\t<meta property=\"og:image:width\" content=\"609\" \/>\n\t<meta property=\"og:image:height\" content=\"576\" \/>\n\t<meta property=\"og:image:type\" content=\"image\/webp\" \/>\n<meta name=\"twitter:card\" content=\"summary_large_image\" \/>\n<meta name=\"twitter:label1\" content=\"Dur\u00e9e de lecture estim\u00e9e\" \/>\n\t<meta name=\"twitter:data1\" content=\"1 minute\" \/>\n<script type=\"application\/ld+json\" class=\"yoast-schema-graph\">{\"@context\":\"https:\/\/schema.org\",\"@graph\":[{\"@type\":\"WebPage\",\"@id\":\"https:\/\/blondeau.be\/fr\/produit\/combinaison-pour-four-maxon\/\",\"url\":\"https:\/\/blondeau.be\/fr\/produit\/combinaison-pour-four-maxon\/\",\"name\":\"Maxon Ovenpak - Blondeau\",\"isPartOf\":{\"@id\":\"https:\/\/blondeau.be\/fr\/#website\"},\"primaryImageOfPage\":{\"@id\":\"https:\/\/blondeau.be\/fr\/produit\/combinaison-pour-four-maxon\/#primaryimage\"},\"image\":{\"@id\":\"https:\/\/blondeau.be\/fr\/produit\/combinaison-pour-four-maxon\/#primaryimage\"},\"thumbnailUrl\":\"https:\/\/blondeau.be\/wp-content\/uploads\/2025\/01\/Re-OP425.webp\",\"datePublished\":\"2025-01-28T09:38:29+00:00\",\"dateModified\":\"2025-06-26T14:21:46+00:00\",\"breadcrumb\":{\"@id\":\"https:\/\/blondeau.be\/fr\/produit\/combinaison-pour-four-maxon\/#breadcrumb\"},\"inLanguage\":\"fr-FR\",\"potentialAction\":[{\"@type\":\"ReadAction\",\"target\":[\"https:\/\/blondeau.be\/fr\/produit\/combinaison-pour-four-maxon\/\"]}]},{\"@type\":\"ImageObject\",\"inLanguage\":\"fr-FR\",\"@id\":\"https:\/\/blondeau.be\/fr\/produit\/combinaison-pour-four-maxon\/#primaryimage\",\"url\":\"https:\/\/blondeau.be\/wp-content\/uploads\/2025\/01\/Re-OP425.webp\",\"contentUrl\":\"https:\/\/blondeau.be\/wp-content\/uploads\/2025\/01\/Re-OP425.webp\",\"width\":609,\"height\":576},{\"@type\":\"BreadcrumbList\",\"@id\":\"https:\/\/blondeau.be\/fr\/produit\/combinaison-pour-four-maxon\/#breadcrumb\",\"itemListElement\":[{\"@type\":\"ListItem\",\"position\":1,\"name\":\"Home\",\"item\":\"https:\/\/blondeau.be\/fr\/accueil\/\"},{\"@type\":\"ListItem\",\"position\":2,\"name\":\"Catalogue des produits\",\"item\":\"https:\/\/blondeau.be\/fr\/catalogue-des-produits\/\"},{\"@type\":\"ListItem\",\"position\":3,\"name\":\"Maxon Ovenpak\"}]},{\"@type\":\"WebSite\",\"@id\":\"https:\/\/blondeau.be\/fr\/#website\",\"url\":\"https:\/\/blondeau.be\/fr\/\",\"name\":\"Blondeau\",\"description\":\"Industrial Heating\",\"publisher\":{\"@id\":\"https:\/\/blondeau.be\/fr\/#organization\"},\"potentialAction\":[{\"@type\":\"SearchAction\",\"target\":{\"@type\":\"EntryPoint\",\"urlTemplate\":\"https:\/\/blondeau.be\/fr\/?s={search_term_string}\"},\"query-input\":{\"@type\":\"PropertyValueSpecification\",\"valueRequired\":true,\"valueName\":\"search_term_string\"}}],\"inLanguage\":\"fr-FR\"},{\"@type\":\"Organization\",\"@id\":\"https:\/\/blondeau.be\/fr\/#organization\",\"name\":\"Blondeau\",\"url\":\"https:\/\/blondeau.be\/fr\/\",\"logo\":{\"@type\":\"ImageObject\",\"inLanguage\":\"fr-FR\",\"@id\":\"https:\/\/blondeau.be\/fr\/#\/schema\/logo\/image\/\",\"url\":\"https:\/\/blondeau.be\/wp-content\/uploads\/2025\/08\/Logo.jpg\",\"contentUrl\":\"https:\/\/blondeau.be\/wp-content\/uploads\/2025\/08\/Logo.jpg\",\"width\":600,\"height\":600,\"caption\":\"Blondeau\"},\"image\":{\"@id\":\"https:\/\/blondeau.be\/fr\/#\/schema\/logo\/image\/\"}}]}<\/script>\n<!-- \/ Yoast SEO plugin. -->","yoast_head_json":{"title":"Maxon Ovenpak - Blondeau","robots":{"index":"index","follow":"follow","max-snippet":"max-snippet:-1","max-image-preview":"max-image-preview:large","max-video-preview":"max-video-preview:-1"},"canonical":"https:\/\/blondeau.be\/fr\/produit\/combinaison-pour-four-maxon\/","og_locale":"fr_FR","og_type":"article","og_title":"Maxon Ovenpak - Blondeau","og_description":"Les br\u00fbleurs OVENPAK\u00ae 400 sont des br\u00fbleurs \u00e0 gaz \u00e0 m\u00e9lange au nez, con\u00e7us pour diverses applications industrielles de chauffage direct o\u00f9 une combustion propre, de faibles \u00e9missions de NOx et une large plage de r\u00e9gulation sont requises. Le br\u00fbleur OVENPAK\u00ae est compatible avec presque tous les types de gaz combustibles et fonctionne \u00e0 basse [&hellip;]","og_url":"https:\/\/blondeau.be\/fr\/produit\/combinaison-pour-four-maxon\/","og_site_name":"Blondeau","article_modified_time":"2025-06-26T14:21:46+00:00","og_image":[{"width":609,"height":576,"url":"https:\/\/blondeau.be\/wp-content\/uploads\/2025\/01\/Re-OP425.webp","type":"image\/webp"}],"twitter_card":"summary_large_image","twitter_misc":{"Dur\u00e9e de lecture estim\u00e9e":"1 minute"},"schema":{"@context":"https:\/\/schema.org","@graph":[{"@type":"WebPage","@id":"https:\/\/blondeau.be\/fr\/produit\/combinaison-pour-four-maxon\/","url":"https:\/\/blondeau.be\/fr\/produit\/combinaison-pour-four-maxon\/","name":"Maxon Ovenpak - Blondeau","isPartOf":{"@id":"https:\/\/blondeau.be\/fr\/#website"},"primaryImageOfPage":{"@id":"https:\/\/blondeau.be\/fr\/produit\/combinaison-pour-four-maxon\/#primaryimage"},"image":{"@id":"https:\/\/blondeau.be\/fr\/produit\/combinaison-pour-four-maxon\/#primaryimage"},"thumbnailUrl":"https:\/\/blondeau.be\/wp-content\/uploads\/2025\/01\/Re-OP425.webp","datePublished":"2025-01-28T09:38:29+00:00","dateModified":"2025-06-26T14:21:46+00:00","breadcrumb":{"@id":"https:\/\/blondeau.be\/fr\/produit\/combinaison-pour-four-maxon\/#breadcrumb"},"inLanguage":"fr-FR","potentialAction":[{"@type":"ReadAction","target":["https:\/\/blondeau.be\/fr\/produit\/combinaison-pour-four-maxon\/"]}]},{"@type":"ImageObject","inLanguage":"fr-FR","@id":"https:\/\/blondeau.be\/fr\/produit\/combinaison-pour-four-maxon\/#primaryimage","url":"https:\/\/blondeau.be\/wp-content\/uploads\/2025\/01\/Re-OP425.webp","contentUrl":"https:\/\/blondeau.be\/wp-content\/uploads\/2025\/01\/Re-OP425.webp","width":609,"height":576},{"@type":"BreadcrumbList","@id":"https:\/\/blondeau.be\/fr\/produit\/combinaison-pour-four-maxon\/#breadcrumb","itemListElement":[{"@type":"ListItem","position":1,"name":"Home","item":"https:\/\/blondeau.be\/fr\/accueil\/"},{"@type":"ListItem","position":2,"name":"Catalogue des produits","item":"https:\/\/blondeau.be\/fr\/catalogue-des-produits\/"},{"@type":"ListItem","position":3,"name":"Maxon Ovenpak"}]},{"@type":"WebSite","@id":"https:\/\/blondeau.be\/fr\/#website","url":"https:\/\/blondeau.be\/fr\/","name":"Blondeau","description":"Industrial Heating","publisher":{"@id":"https:\/\/blondeau.be\/fr\/#organization"},"potentialAction":[{"@type":"SearchAction","target":{"@type":"EntryPoint","urlTemplate":"https:\/\/blondeau.be\/fr\/?s={search_term_string}"},"query-input":{"@type":"PropertyValueSpecification","valueRequired":true,"valueName":"search_term_string"}}],"inLanguage":"fr-FR"},{"@type":"Organization","@id":"https:\/\/blondeau.be\/fr\/#organization","name":"Blondeau","url":"https:\/\/blondeau.be\/fr\/","logo":{"@type":"ImageObject","inLanguage":"fr-FR","@id":"https:\/\/blondeau.be\/fr\/#\/schema\/logo\/image\/","url":"https:\/\/blondeau.be\/wp-content\/uploads\/2025\/08\/Logo.jpg","contentUrl":"https:\/\/blondeau.be\/wp-content\/uploads\/2025\/08\/Logo.jpg","width":600,"height":600,"caption":"Blondeau"},"image":{"@id":"https:\/\/blondeau.be\/fr\/#\/schema\/logo\/image\/"}}]}},"_links":{"self":[{"href":"https:\/\/blondeau.be\/fr\/wp-json\/wp\/v2\/product\/28584","targetHints":{"allow":["GET"]}}],"collection":[{"href":"https:\/\/blondeau.be\/fr\/wp-json\/wp\/v2\/product"}],"about":[{"href":"https:\/\/blondeau.be\/fr\/wp-json\/wp\/v2\/types\/product"}],"wp:featuredmedia":[{"embeddable":true,"href":"https:\/\/blondeau.be\/fr\/wp-json\/wp\/v2\/media\/28586"}],"wp:attachment":[{"href":"https:\/\/blondeau.be\/fr\/wp-json\/wp\/v2\/media?parent=28584"}],"wp:term":[{"taxonomy":"product_brand","embeddable":true,"href":"https:\/\/blondeau.be\/fr\/wp-json\/wp\/v2\/product_brand?post=28584"},{"taxonomy":"product_cat","embeddable":true,"href":"https:\/\/blondeau.be\/fr\/wp-json\/wp\/v2\/product_cat?post=28584"},{"taxonomy":"product_tag","embeddable":true,"href":"https:\/\/blondeau.be\/fr\/wp-json\/wp\/v2\/product_tag?post=28584"}],"curies":[{"name":"wp","href":"https:\/\/api.w.org\/{rel}","templated":true}]}}