{"id":28574,"date":"2025-01-28T11:45:30","date_gmt":"2025-01-28T09:45:30","guid":{"rendered":"https:\/\/blondeau.be\/product\/valves-maxon-micro-ratio\/"},"modified":"2025-06-27T12:21:39","modified_gmt":"2025-06-27T10:21:39","slug":"valves-maxon-micro-ratio","status":"publish","type":"product","link":"https:\/\/blondeau.be\/fr\/produit\/valves-maxon-micro-ratio\/","title":{"rendered":"Valves Maxon Micro-ratio"},"content":{"rendered":"<p data-start=\"78\" data-end=\"398\">Les vannes de r\u00e9gulation Maxon <strong>MICRO-RATIO\u00ae<\/strong> sont con\u00e7ues pour assurer un contr\u00f4le pr\u00e9cis et constant des rapports air, gaz et huile. Leur conception \u00e0 peigne \u00e0 vis multiples permet un r\u00e9glage m\u00e9canique du rapport air\/combustible \u00e0 chaque position de la vanne, sur l\u2019ensemble de la plage de fonctionnement du syst\u00e8me de br\u00fbleur industriel. <\/p>\n<p data-start=\"400\" data-end=\"553\">La plage de r\u00e9gulation de cette vanne de gaz est enti\u00e8rement ajustable et sp\u00e9cialement con\u00e7ue pour s\u2019adapter \u00e0 la large plage de modulation des br\u00fbleurs MAXON.<\/p>\n","protected":false},"excerpt":{"rendered":"<p>Les vannes de r\u00e9gulation Maxon MICRO-RATIO\u00ae sont con\u00e7ues pour assurer un contr\u00f4le pr\u00e9cis et constant des rapports air, gaz et huile. Leur conception \u00e0 peigne \u00e0 vis multiples permet un r\u00e9glage m\u00e9canique du rapport air\/combustible \u00e0 chaque position de la vanne, sur l\u2019ensemble de la plage de fonctionnement du syst\u00e8me de br\u00fbleur industriel. La plage [&hellip;]<\/p>\n","protected":false},"featured_media":28581,"template":"","meta":{"_acf_changed":false},"product_brand":[],"product_cat":[361],"product_tag":[362],"class_list":{"0":"post-28574","1":"product","2":"type-product","3":"status-publish","4":"has-post-thumbnail","6":"product_cat-vannes-de-controle","7":"product_tag-vannes-de-controle","9":"first","10":"instock","11":"taxable","12":"shipping-taxable","13":"product-type-simple"},"acf":[],"yoast_head":"<!-- This site is optimized with the Yoast SEO plugin v26.8 - https:\/\/yoast.com\/product\/yoast-seo-wordpress\/ -->\n<title>Valves Maxon Micro-ratio - Blondeau<\/title>\n<meta name=\"robots\" content=\"index, follow, max-snippet:-1, max-image-preview:large, max-video-preview:-1\" \/>\n<link rel=\"canonical\" href=\"https:\/\/blondeau.be\/fr\/produit\/valves-maxon-micro-ratio\/\" \/>\n<meta property=\"og:locale\" content=\"fr_FR\" \/>\n<meta property=\"og:type\" content=\"article\" \/>\n<meta property=\"og:title\" content=\"Valves Maxon Micro-ratio - Blondeau\" \/>\n<meta property=\"og:description\" content=\"Les vannes de r\u00e9gulation Maxon MICRO-RATIO\u00ae sont con\u00e7ues pour assurer un contr\u00f4le pr\u00e9cis et constant des rapports air, gaz et huile. Leur conception \u00e0 peigne \u00e0 vis multiples permet un r\u00e9glage m\u00e9canique du rapport air\/combustible \u00e0 chaque position de la vanne, sur l\u2019ensemble de la plage de fonctionnement du syst\u00e8me de br\u00fbleur industriel. La plage [&hellip;]\" \/>\n<meta property=\"og:url\" content=\"https:\/\/blondeau.be\/fr\/produit\/valves-maxon-micro-ratio\/\" \/>\n<meta property=\"og:site_name\" content=\"Blondeau\" \/>\n<meta property=\"article:modified_time\" content=\"2025-06-27T10:21:39+00:00\" \/>\n<meta property=\"og:image\" content=\"https:\/\/blondeau.be\/wp-content\/uploads\/2025\/01\/Micro-Ratio-Valve.jpg\" \/>\n\t<meta property=\"og:image:width\" content=\"474\" \/>\n\t<meta property=\"og:image:height\" content=\"474\" \/>\n\t<meta property=\"og:image:type\" content=\"image\/jpeg\" \/>\n<meta name=\"twitter:card\" content=\"summary_large_image\" \/>\n<script type=\"application\/ld+json\" class=\"yoast-schema-graph\">{\"@context\":\"https:\/\/schema.org\",\"@graph\":[{\"@type\":\"WebPage\",\"@id\":\"https:\/\/blondeau.be\/fr\/produit\/valves-maxon-micro-ratio\/\",\"url\":\"https:\/\/blondeau.be\/fr\/produit\/valves-maxon-micro-ratio\/\",\"name\":\"Valves Maxon Micro-ratio - Blondeau\",\"isPartOf\":{\"@id\":\"https:\/\/blondeau.be\/fr\/#website\"},\"primaryImageOfPage\":{\"@id\":\"https:\/\/blondeau.be\/fr\/produit\/valves-maxon-micro-ratio\/#primaryimage\"},\"image\":{\"@id\":\"https:\/\/blondeau.be\/fr\/produit\/valves-maxon-micro-ratio\/#primaryimage\"},\"thumbnailUrl\":\"https:\/\/blondeau.be\/wp-content\/uploads\/2025\/01\/Micro-Ratio-Valve.jpg\",\"datePublished\":\"2025-01-28T09:45:30+00:00\",\"dateModified\":\"2025-06-27T10:21:39+00:00\",\"breadcrumb\":{\"@id\":\"https:\/\/blondeau.be\/fr\/produit\/valves-maxon-micro-ratio\/#breadcrumb\"},\"inLanguage\":\"fr-FR\",\"potentialAction\":[{\"@type\":\"ReadAction\",\"target\":[\"https:\/\/blondeau.be\/fr\/produit\/valves-maxon-micro-ratio\/\"]}]},{\"@type\":\"ImageObject\",\"inLanguage\":\"fr-FR\",\"@id\":\"https:\/\/blondeau.be\/fr\/produit\/valves-maxon-micro-ratio\/#primaryimage\",\"url\":\"https:\/\/blondeau.be\/wp-content\/uploads\/2025\/01\/Micro-Ratio-Valve.jpg\",\"contentUrl\":\"https:\/\/blondeau.be\/wp-content\/uploads\/2025\/01\/Micro-Ratio-Valve.jpg\",\"width\":474,\"height\":474},{\"@type\":\"BreadcrumbList\",\"@id\":\"https:\/\/blondeau.be\/fr\/produit\/valves-maxon-micro-ratio\/#breadcrumb\",\"itemListElement\":[{\"@type\":\"ListItem\",\"position\":1,\"name\":\"Home\",\"item\":\"https:\/\/blondeau.be\/fr\/accueil\/\"},{\"@type\":\"ListItem\",\"position\":2,\"name\":\"Catalogue des produits\",\"item\":\"https:\/\/blondeau.be\/fr\/catalogue-des-produits\/\"},{\"@type\":\"ListItem\",\"position\":3,\"name\":\"Valves Maxon Micro-ratio\"}]},{\"@type\":\"WebSite\",\"@id\":\"https:\/\/blondeau.be\/fr\/#website\",\"url\":\"https:\/\/blondeau.be\/fr\/\",\"name\":\"Blondeau\",\"description\":\"Industrial Heating\",\"publisher\":{\"@id\":\"https:\/\/blondeau.be\/fr\/#organization\"},\"potentialAction\":[{\"@type\":\"SearchAction\",\"target\":{\"@type\":\"EntryPoint\",\"urlTemplate\":\"https:\/\/blondeau.be\/fr\/?s={search_term_string}\"},\"query-input\":{\"@type\":\"PropertyValueSpecification\",\"valueRequired\":true,\"valueName\":\"search_term_string\"}}],\"inLanguage\":\"fr-FR\"},{\"@type\":\"Organization\",\"@id\":\"https:\/\/blondeau.be\/fr\/#organization\",\"name\":\"Blondeau\",\"url\":\"https:\/\/blondeau.be\/fr\/\",\"logo\":{\"@type\":\"ImageObject\",\"inLanguage\":\"fr-FR\",\"@id\":\"https:\/\/blondeau.be\/fr\/#\/schema\/logo\/image\/\",\"url\":\"https:\/\/blondeau.be\/wp-content\/uploads\/2025\/08\/Logo.jpg\",\"contentUrl\":\"https:\/\/blondeau.be\/wp-content\/uploads\/2025\/08\/Logo.jpg\",\"width\":600,\"height\":600,\"caption\":\"Blondeau\"},\"image\":{\"@id\":\"https:\/\/blondeau.be\/fr\/#\/schema\/logo\/image\/\"}}]}<\/script>\n<!-- \/ Yoast SEO plugin. -->","yoast_head_json":{"title":"Valves Maxon Micro-ratio - Blondeau","robots":{"index":"index","follow":"follow","max-snippet":"max-snippet:-1","max-image-preview":"max-image-preview:large","max-video-preview":"max-video-preview:-1"},"canonical":"https:\/\/blondeau.be\/fr\/produit\/valves-maxon-micro-ratio\/","og_locale":"fr_FR","og_type":"article","og_title":"Valves Maxon Micro-ratio - Blondeau","og_description":"Les vannes de r\u00e9gulation Maxon MICRO-RATIO\u00ae sont con\u00e7ues pour assurer un contr\u00f4le pr\u00e9cis et constant des rapports air, gaz et huile. Leur conception \u00e0 peigne \u00e0 vis multiples permet un r\u00e9glage m\u00e9canique du rapport air\/combustible \u00e0 chaque position de la vanne, sur l\u2019ensemble de la plage de fonctionnement du syst\u00e8me de br\u00fbleur industriel. La plage [&hellip;]","og_url":"https:\/\/blondeau.be\/fr\/produit\/valves-maxon-micro-ratio\/","og_site_name":"Blondeau","article_modified_time":"2025-06-27T10:21:39+00:00","og_image":[{"width":474,"height":474,"url":"https:\/\/blondeau.be\/wp-content\/uploads\/2025\/01\/Micro-Ratio-Valve.jpg","type":"image\/jpeg"}],"twitter_card":"summary_large_image","schema":{"@context":"https:\/\/schema.org","@graph":[{"@type":"WebPage","@id":"https:\/\/blondeau.be\/fr\/produit\/valves-maxon-micro-ratio\/","url":"https:\/\/blondeau.be\/fr\/produit\/valves-maxon-micro-ratio\/","name":"Valves Maxon Micro-ratio - Blondeau","isPartOf":{"@id":"https:\/\/blondeau.be\/fr\/#website"},"primaryImageOfPage":{"@id":"https:\/\/blondeau.be\/fr\/produit\/valves-maxon-micro-ratio\/#primaryimage"},"image":{"@id":"https:\/\/blondeau.be\/fr\/produit\/valves-maxon-micro-ratio\/#primaryimage"},"thumbnailUrl":"https:\/\/blondeau.be\/wp-content\/uploads\/2025\/01\/Micro-Ratio-Valve.jpg","datePublished":"2025-01-28T09:45:30+00:00","dateModified":"2025-06-27T10:21:39+00:00","breadcrumb":{"@id":"https:\/\/blondeau.be\/fr\/produit\/valves-maxon-micro-ratio\/#breadcrumb"},"inLanguage":"fr-FR","potentialAction":[{"@type":"ReadAction","target":["https:\/\/blondeau.be\/fr\/produit\/valves-maxon-micro-ratio\/"]}]},{"@type":"ImageObject","inLanguage":"fr-FR","@id":"https:\/\/blondeau.be\/fr\/produit\/valves-maxon-micro-ratio\/#primaryimage","url":"https:\/\/blondeau.be\/wp-content\/uploads\/2025\/01\/Micro-Ratio-Valve.jpg","contentUrl":"https:\/\/blondeau.be\/wp-content\/uploads\/2025\/01\/Micro-Ratio-Valve.jpg","width":474,"height":474},{"@type":"BreadcrumbList","@id":"https:\/\/blondeau.be\/fr\/produit\/valves-maxon-micro-ratio\/#breadcrumb","itemListElement":[{"@type":"ListItem","position":1,"name":"Home","item":"https:\/\/blondeau.be\/fr\/accueil\/"},{"@type":"ListItem","position":2,"name":"Catalogue des produits","item":"https:\/\/blondeau.be\/fr\/catalogue-des-produits\/"},{"@type":"ListItem","position":3,"name":"Valves Maxon Micro-ratio"}]},{"@type":"WebSite","@id":"https:\/\/blondeau.be\/fr\/#website","url":"https:\/\/blondeau.be\/fr\/","name":"Blondeau","description":"Industrial Heating","publisher":{"@id":"https:\/\/blondeau.be\/fr\/#organization"},"potentialAction":[{"@type":"SearchAction","target":{"@type":"EntryPoint","urlTemplate":"https:\/\/blondeau.be\/fr\/?s={search_term_string}"},"query-input":{"@type":"PropertyValueSpecification","valueRequired":true,"valueName":"search_term_string"}}],"inLanguage":"fr-FR"},{"@type":"Organization","@id":"https:\/\/blondeau.be\/fr\/#organization","name":"Blondeau","url":"https:\/\/blondeau.be\/fr\/","logo":{"@type":"ImageObject","inLanguage":"fr-FR","@id":"https:\/\/blondeau.be\/fr\/#\/schema\/logo\/image\/","url":"https:\/\/blondeau.be\/wp-content\/uploads\/2025\/08\/Logo.jpg","contentUrl":"https:\/\/blondeau.be\/wp-content\/uploads\/2025\/08\/Logo.jpg","width":600,"height":600,"caption":"Blondeau"},"image":{"@id":"https:\/\/blondeau.be\/fr\/#\/schema\/logo\/image\/"}}]}},"_links":{"self":[{"href":"https:\/\/blondeau.be\/fr\/wp-json\/wp\/v2\/product\/28574","targetHints":{"allow":["GET"]}}],"collection":[{"href":"https:\/\/blondeau.be\/fr\/wp-json\/wp\/v2\/product"}],"about":[{"href":"https:\/\/blondeau.be\/fr\/wp-json\/wp\/v2\/types\/product"}],"wp:featuredmedia":[{"embeddable":true,"href":"https:\/\/blondeau.be\/fr\/wp-json\/wp\/v2\/media\/28581"}],"wp:attachment":[{"href":"https:\/\/blondeau.be\/fr\/wp-json\/wp\/v2\/media?parent=28574"}],"wp:term":[{"taxonomy":"product_brand","embeddable":true,"href":"https:\/\/blondeau.be\/fr\/wp-json\/wp\/v2\/product_brand?post=28574"},{"taxonomy":"product_cat","embeddable":true,"href":"https:\/\/blondeau.be\/fr\/wp-json\/wp\/v2\/product_cat?post=28574"},{"taxonomy":"product_tag","embeddable":true,"href":"https:\/\/blondeau.be\/fr\/wp-json\/wp\/v2\/product_tag?post=28574"}],"curies":[{"name":"wp","href":"https:\/\/api.w.org\/{rel}","templated":true}]}}