{"id":28565,"date":"2025-01-28T10:27:28","date_gmt":"2025-01-28T08:27:28","guid":{"rendered":"https:\/\/blondeau.be\/product\/eclipse-ratiomatic\/"},"modified":"2025-07-23T17:09:18","modified_gmt":"2025-07-23T15:09:18","slug":"eclipse-ratiomatic","status":"publish","type":"product","link":"https:\/\/blondeau.be\/fr\/produit\/eclipse-ratiomatic\/","title":{"rendered":"Eclipse RatioMatic"},"content":{"rendered":"<p>Les br\u00fbleurs <strong>Eclipse RatioMatic<\/strong> sont des solutions compactes pour le chauffage de l&rsquo;air, alliant simplicit\u00e9 d&rsquo;utilisation, robustesse et fiabilit\u00e9. Le pilotage du br\u00fbleur s&rsquo;effectue par une vanne papillon \u00e0 air \u00e0 commande directe, tandis qu\u2019un r\u00e9gulateur de pression constant assure une proportionnalit\u00e9 continue du gaz. Dot\u00e9 d\u2019un nez \u00e0 m\u00e9lange rapide, le RatioMatic g\u00e9n\u00e8re une flamme propre et stable, offrant un rendement \u00e9nerg\u00e9tique \u00e9lev\u00e9, une large plage de modulation et de faibles \u00e9missions, id\u00e9ales pour les applications standards de chauffage de l\u2019air.  <\/p>\n<p><strong>Caract\u00e9ristiques et avantages :<\/strong><\/p>\n<ul>\n \t<\/p>\n<li>14 mod\u00e8les avec capacit\u00e9 allant de 135kW \u00e0 8 000kW<\/li>\n<li>Plage de contr\u00f4le jusqu&rsquo;\u00e0 25:1<\/li>\n<li>Temp\u00e9rature de traitement maximale jusqu&rsquo;\u00e0 1038\u00b0C<\/li>\n<li>Combustible : gaz naturel, propane, butane<\/li>\n<li style=\"text-align: left;\">Le br\u00fbleur peut \u00eatre fourni individuellement ou enti\u00e8rement assembl\u00e9 avec la conduite de gaz et l&rsquo;armoire de contr\u00f4le (voir \u00e9galement les mod\u00e8les <a href=\"https:\/\/blondeau.be\/fr\/produit\/eclipse-heatpak\/\">Heatpak)<\/a>.<\/li>\n<\/ul>\n<p><strong>Documentation :<\/strong><\/p>\n","protected":false},"excerpt":{"rendered":"<p>Les br\u00fbleurs Eclipse RatioMatic sont des solutions compactes pour le chauffage de l&rsquo;air, alliant simplicit\u00e9 d&rsquo;utilisation, robustesse et fiabilit\u00e9. Le pilotage du br\u00fbleur s&rsquo;effectue par une vanne papillon \u00e0 air \u00e0 commande directe, tandis qu\u2019un r\u00e9gulateur de pression constant assure une proportionnalit\u00e9 continue du gaz. Dot\u00e9 d\u2019un nez \u00e0 m\u00e9lange rapide, le RatioMatic g\u00e9n\u00e8re une [&hellip;]<\/p>\n","protected":false},"featured_media":28567,"template":"","meta":{"_acf_changed":false},"product_brand":[],"product_cat":[365],"product_tag":[366],"class_list":{"0":"post-28565","1":"product","2":"type-product","3":"status-publish","4":"has-post-thumbnail","6":"product_cat-bruleurs","7":"product_tag-bruleurs-melange","9":"first","10":"instock","11":"taxable","12":"shipping-taxable","13":"product-type-simple"},"acf":[],"yoast_head":"<!-- This site is optimized with the Yoast SEO plugin v26.8 - https:\/\/yoast.com\/product\/yoast-seo-wordpress\/ -->\n<title>Eclipse RatioMatic - Blondeau<\/title>\n<meta name=\"robots\" content=\"index, follow, max-snippet:-1, max-image-preview:large, max-video-preview:-1\" \/>\n<link rel=\"canonical\" href=\"https:\/\/blondeau.be\/fr\/produit\/eclipse-ratiomatic\/\" \/>\n<meta property=\"og:locale\" content=\"fr_FR\" \/>\n<meta property=\"og:type\" content=\"article\" \/>\n<meta property=\"og:title\" content=\"Eclipse RatioMatic - Blondeau\" \/>\n<meta property=\"og:description\" content=\"Les br\u00fbleurs Eclipse RatioMatic sont des solutions compactes pour le chauffage de l&rsquo;air, alliant simplicit\u00e9 d&rsquo;utilisation, robustesse et fiabilit\u00e9. Le pilotage du br\u00fbleur s&rsquo;effectue par une vanne papillon \u00e0 air \u00e0 commande directe, tandis qu\u2019un r\u00e9gulateur de pression constant assure une proportionnalit\u00e9 continue du gaz. Dot\u00e9 d\u2019un nez \u00e0 m\u00e9lange rapide, le RatioMatic g\u00e9n\u00e8re une [&hellip;]\" \/>\n<meta property=\"og:url\" content=\"https:\/\/blondeau.be\/fr\/produit\/eclipse-ratiomatic\/\" \/>\n<meta property=\"og:site_name\" content=\"Blondeau\" \/>\n<meta property=\"article:modified_time\" content=\"2025-07-23T15:09:18+00:00\" \/>\n<meta property=\"og:image\" content=\"https:\/\/blondeau.be\/wp-content\/uploads\/2025\/01\/pmt-hps-ratiomatic-primary-image-1.webp\" \/>\n\t<meta property=\"og:image:width\" content=\"317\" \/>\n\t<meta property=\"og:image:height\" content=\"281\" \/>\n\t<meta property=\"og:image:type\" content=\"image\/webp\" \/>\n<meta name=\"twitter:card\" content=\"summary_large_image\" \/>\n<meta name=\"twitter:label1\" content=\"Dur\u00e9e de lecture estim\u00e9e\" \/>\n\t<meta name=\"twitter:data1\" content=\"1 minute\" \/>\n<script type=\"application\/ld+json\" class=\"yoast-schema-graph\">{\"@context\":\"https:\/\/schema.org\",\"@graph\":[{\"@type\":\"WebPage\",\"@id\":\"https:\/\/blondeau.be\/fr\/produit\/eclipse-ratiomatic\/\",\"url\":\"https:\/\/blondeau.be\/fr\/produit\/eclipse-ratiomatic\/\",\"name\":\"Eclipse RatioMatic - Blondeau\",\"isPartOf\":{\"@id\":\"https:\/\/blondeau.be\/fr\/#website\"},\"primaryImageOfPage\":{\"@id\":\"https:\/\/blondeau.be\/fr\/produit\/eclipse-ratiomatic\/#primaryimage\"},\"image\":{\"@id\":\"https:\/\/blondeau.be\/fr\/produit\/eclipse-ratiomatic\/#primaryimage\"},\"thumbnailUrl\":\"https:\/\/blondeau.be\/wp-content\/uploads\/2025\/01\/pmt-hps-ratiomatic-primary-image-1.webp\",\"datePublished\":\"2025-01-28T08:27:28+00:00\",\"dateModified\":\"2025-07-23T15:09:18+00:00\",\"breadcrumb\":{\"@id\":\"https:\/\/blondeau.be\/fr\/produit\/eclipse-ratiomatic\/#breadcrumb\"},\"inLanguage\":\"fr-FR\",\"potentialAction\":[{\"@type\":\"ReadAction\",\"target\":[\"https:\/\/blondeau.be\/fr\/produit\/eclipse-ratiomatic\/\"]}]},{\"@type\":\"ImageObject\",\"inLanguage\":\"fr-FR\",\"@id\":\"https:\/\/blondeau.be\/fr\/produit\/eclipse-ratiomatic\/#primaryimage\",\"url\":\"https:\/\/blondeau.be\/wp-content\/uploads\/2025\/01\/pmt-hps-ratiomatic-primary-image-1.webp\",\"contentUrl\":\"https:\/\/blondeau.be\/wp-content\/uploads\/2025\/01\/pmt-hps-ratiomatic-primary-image-1.webp\",\"width\":317,\"height\":281},{\"@type\":\"BreadcrumbList\",\"@id\":\"https:\/\/blondeau.be\/fr\/produit\/eclipse-ratiomatic\/#breadcrumb\",\"itemListElement\":[{\"@type\":\"ListItem\",\"position\":1,\"name\":\"Home\",\"item\":\"https:\/\/blondeau.be\/fr\/accueil\/\"},{\"@type\":\"ListItem\",\"position\":2,\"name\":\"Catalogue des produits\",\"item\":\"https:\/\/blondeau.be\/fr\/catalogue-des-produits\/\"},{\"@type\":\"ListItem\",\"position\":3,\"name\":\"Eclipse RatioMatic\"}]},{\"@type\":\"WebSite\",\"@id\":\"https:\/\/blondeau.be\/fr\/#website\",\"url\":\"https:\/\/blondeau.be\/fr\/\",\"name\":\"Blondeau\",\"description\":\"Industrial Heating\",\"publisher\":{\"@id\":\"https:\/\/blondeau.be\/fr\/#organization\"},\"potentialAction\":[{\"@type\":\"SearchAction\",\"target\":{\"@type\":\"EntryPoint\",\"urlTemplate\":\"https:\/\/blondeau.be\/fr\/?s={search_term_string}\"},\"query-input\":{\"@type\":\"PropertyValueSpecification\",\"valueRequired\":true,\"valueName\":\"search_term_string\"}}],\"inLanguage\":\"fr-FR\"},{\"@type\":\"Organization\",\"@id\":\"https:\/\/blondeau.be\/fr\/#organization\",\"name\":\"Blondeau\",\"url\":\"https:\/\/blondeau.be\/fr\/\",\"logo\":{\"@type\":\"ImageObject\",\"inLanguage\":\"fr-FR\",\"@id\":\"https:\/\/blondeau.be\/fr\/#\/schema\/logo\/image\/\",\"url\":\"https:\/\/blondeau.be\/wp-content\/uploads\/2025\/08\/Logo.jpg\",\"contentUrl\":\"https:\/\/blondeau.be\/wp-content\/uploads\/2025\/08\/Logo.jpg\",\"width\":600,\"height\":600,\"caption\":\"Blondeau\"},\"image\":{\"@id\":\"https:\/\/blondeau.be\/fr\/#\/schema\/logo\/image\/\"}}]}<\/script>\n<!-- \/ Yoast SEO plugin. -->","yoast_head_json":{"title":"Eclipse RatioMatic - Blondeau","robots":{"index":"index","follow":"follow","max-snippet":"max-snippet:-1","max-image-preview":"max-image-preview:large","max-video-preview":"max-video-preview:-1"},"canonical":"https:\/\/blondeau.be\/fr\/produit\/eclipse-ratiomatic\/","og_locale":"fr_FR","og_type":"article","og_title":"Eclipse RatioMatic - Blondeau","og_description":"Les br\u00fbleurs Eclipse RatioMatic sont des solutions compactes pour le chauffage de l&rsquo;air, alliant simplicit\u00e9 d&rsquo;utilisation, robustesse et fiabilit\u00e9. Le pilotage du br\u00fbleur s&rsquo;effectue par une vanne papillon \u00e0 air \u00e0 commande directe, tandis qu\u2019un r\u00e9gulateur de pression constant assure une proportionnalit\u00e9 continue du gaz. Dot\u00e9 d\u2019un nez \u00e0 m\u00e9lange rapide, le RatioMatic g\u00e9n\u00e8re une [&hellip;]","og_url":"https:\/\/blondeau.be\/fr\/produit\/eclipse-ratiomatic\/","og_site_name":"Blondeau","article_modified_time":"2025-07-23T15:09:18+00:00","og_image":[{"width":317,"height":281,"url":"https:\/\/blondeau.be\/wp-content\/uploads\/2025\/01\/pmt-hps-ratiomatic-primary-image-1.webp","type":"image\/webp"}],"twitter_card":"summary_large_image","twitter_misc":{"Dur\u00e9e de lecture estim\u00e9e":"1 minute"},"schema":{"@context":"https:\/\/schema.org","@graph":[{"@type":"WebPage","@id":"https:\/\/blondeau.be\/fr\/produit\/eclipse-ratiomatic\/","url":"https:\/\/blondeau.be\/fr\/produit\/eclipse-ratiomatic\/","name":"Eclipse RatioMatic - Blondeau","isPartOf":{"@id":"https:\/\/blondeau.be\/fr\/#website"},"primaryImageOfPage":{"@id":"https:\/\/blondeau.be\/fr\/produit\/eclipse-ratiomatic\/#primaryimage"},"image":{"@id":"https:\/\/blondeau.be\/fr\/produit\/eclipse-ratiomatic\/#primaryimage"},"thumbnailUrl":"https:\/\/blondeau.be\/wp-content\/uploads\/2025\/01\/pmt-hps-ratiomatic-primary-image-1.webp","datePublished":"2025-01-28T08:27:28+00:00","dateModified":"2025-07-23T15:09:18+00:00","breadcrumb":{"@id":"https:\/\/blondeau.be\/fr\/produit\/eclipse-ratiomatic\/#breadcrumb"},"inLanguage":"fr-FR","potentialAction":[{"@type":"ReadAction","target":["https:\/\/blondeau.be\/fr\/produit\/eclipse-ratiomatic\/"]}]},{"@type":"ImageObject","inLanguage":"fr-FR","@id":"https:\/\/blondeau.be\/fr\/produit\/eclipse-ratiomatic\/#primaryimage","url":"https:\/\/blondeau.be\/wp-content\/uploads\/2025\/01\/pmt-hps-ratiomatic-primary-image-1.webp","contentUrl":"https:\/\/blondeau.be\/wp-content\/uploads\/2025\/01\/pmt-hps-ratiomatic-primary-image-1.webp","width":317,"height":281},{"@type":"BreadcrumbList","@id":"https:\/\/blondeau.be\/fr\/produit\/eclipse-ratiomatic\/#breadcrumb","itemListElement":[{"@type":"ListItem","position":1,"name":"Home","item":"https:\/\/blondeau.be\/fr\/accueil\/"},{"@type":"ListItem","position":2,"name":"Catalogue des produits","item":"https:\/\/blondeau.be\/fr\/catalogue-des-produits\/"},{"@type":"ListItem","position":3,"name":"Eclipse RatioMatic"}]},{"@type":"WebSite","@id":"https:\/\/blondeau.be\/fr\/#website","url":"https:\/\/blondeau.be\/fr\/","name":"Blondeau","description":"Industrial Heating","publisher":{"@id":"https:\/\/blondeau.be\/fr\/#organization"},"potentialAction":[{"@type":"SearchAction","target":{"@type":"EntryPoint","urlTemplate":"https:\/\/blondeau.be\/fr\/?s={search_term_string}"},"query-input":{"@type":"PropertyValueSpecification","valueRequired":true,"valueName":"search_term_string"}}],"inLanguage":"fr-FR"},{"@type":"Organization","@id":"https:\/\/blondeau.be\/fr\/#organization","name":"Blondeau","url":"https:\/\/blondeau.be\/fr\/","logo":{"@type":"ImageObject","inLanguage":"fr-FR","@id":"https:\/\/blondeau.be\/fr\/#\/schema\/logo\/image\/","url":"https:\/\/blondeau.be\/wp-content\/uploads\/2025\/08\/Logo.jpg","contentUrl":"https:\/\/blondeau.be\/wp-content\/uploads\/2025\/08\/Logo.jpg","width":600,"height":600,"caption":"Blondeau"},"image":{"@id":"https:\/\/blondeau.be\/fr\/#\/schema\/logo\/image\/"}}]}},"_links":{"self":[{"href":"https:\/\/blondeau.be\/fr\/wp-json\/wp\/v2\/product\/28565","targetHints":{"allow":["GET"]}}],"collection":[{"href":"https:\/\/blondeau.be\/fr\/wp-json\/wp\/v2\/product"}],"about":[{"href":"https:\/\/blondeau.be\/fr\/wp-json\/wp\/v2\/types\/product"}],"wp:featuredmedia":[{"embeddable":true,"href":"https:\/\/blondeau.be\/fr\/wp-json\/wp\/v2\/media\/28567"}],"wp:attachment":[{"href":"https:\/\/blondeau.be\/fr\/wp-json\/wp\/v2\/media?parent=28565"}],"wp:term":[{"taxonomy":"product_brand","embeddable":true,"href":"https:\/\/blondeau.be\/fr\/wp-json\/wp\/v2\/product_brand?post=28565"},{"taxonomy":"product_cat","embeddable":true,"href":"https:\/\/blondeau.be\/fr\/wp-json\/wp\/v2\/product_cat?post=28565"},{"taxonomy":"product_tag","embeddable":true,"href":"https:\/\/blondeau.be\/fr\/wp-json\/wp\/v2\/product_tag?post=28565"}],"curies":[{"name":"wp","href":"https:\/\/api.w.org\/{rel}","templated":true}]}}