{"id":28561,"date":"2025-01-21T10:08:39","date_gmt":"2025-01-21T08:08:39","guid":{"rendered":"https:\/\/blondeau.be\/product\/maxon-np-rg-airflo\/"},"modified":"2025-06-26T15:01:08","modified_gmt":"2025-06-26T13:01:08","slug":"maxon-np-rg-airflo","status":"publish","type":"product","link":"https:\/\/blondeau.be\/fr\/produit\/maxon-np-rg-airflo\/","title":{"rendered":"Maxon NP-RG Airflo"},"content":{"rendered":"<p>Les br\u00fbleurs de gaine Maxon <strong>AIRFLO\u00ae<\/strong> de type <strong>\u00ab\u00a0NP\u00a0\u00bb <\/strong>et <strong>\u00ab\u00a0RG\u00a0\u00bb<\/strong> permettent de chauffer l&rsquo;air de process de mani\u00e8re propre et efficace. Ces br\u00fbleurs modulaires au gaz naturel sont faciles \u00e0 installer gr\u00e2ce \u00e0 des cartouches sur mesure qui s\u2019int\u00e8grent parfaitement dans votre conduit d\u2019air. Les br\u00fbleurs NP et RG garantissent une combustion propre avec la plupart des combustibles gazeux et d\u00e9livrent une puissance calorifique \u00e9lev\u00e9e par pied lin\u00e9aire. Leur large plage de r\u00e9gulation les rend particuli\u00e8rement adapt\u00e9s \u00e0 un chauffage de l\u2019air performant et \u00e9conome en \u00e9nergie dans les processus industriels.   <\/p>\n<p><strong>Caract\u00e9ristiques et avantages :<\/strong><\/p>\n<ul>\n<li data-start=\"0\" data-end=\"60\">Pour les applications d&rsquo;air frais \u00e0 chauffage direct<\/li>\n<li data-start=\"61\" data-end=\"143\">Fonctionne de mani\u00e8re \u00e9conomique gr\u00e2ce \u00e0 un rendement thermique de 100 %, et s\u2019installe facilement<\/li>\n<li data-start=\"144\" data-end=\"354\">Assure une combustion propre et inodore avec la plupart des combustibles gazeux<\/li>\n<li data-start=\"144\" data-end=\"354\">R\u00e9pond aux normes les plus courantes \u2014 voire les d\u00e9passe \u2014 pour les applications de traitement \u00e0 combustion directe<\/li>\n<li data-start=\"355\" data-end=\"397\">Large plage de modulation pouvant atteindre 25:1<\/li>\n<li data-start=\"398\" data-end=\"491\">Conception modulaire, configur\u00e9e directement dans votre conduit d&rsquo;air pour une distribution optimale de la temp\u00e9rature<\/li>\n<li data-start=\"535\" data-end=\"653\" data-is-last-node=\"\">Co\u00fbts d&rsquo;entretien tr\u00e8s faibles gr\u00e2ce \u00e0 une conception robuste sans pi\u00e8ces mobiles et \u00e0 l&rsquo;utilisation de mat\u00e9riaux de haute qualit\u00e9<\/li>\n<li>Aucun ventilateur d&rsquo;air de combustion n\u00e9cessaire<\/li>\n<\/ul>\n<p><strong>Documentation :<\/strong><\/p>\n","protected":false},"excerpt":{"rendered":"<p>Les br\u00fbleurs de gaine Maxon AIRFLO\u00ae de type \u00ab\u00a0NP\u00a0\u00bb et \u00ab\u00a0RG\u00a0\u00bb permettent de chauffer l&rsquo;air de process de mani\u00e8re propre et efficace. Ces br\u00fbleurs modulaires au gaz naturel sont faciles \u00e0 installer gr\u00e2ce \u00e0 des cartouches sur mesure qui s\u2019int\u00e8grent parfaitement dans votre conduit d\u2019air. Les br\u00fbleurs NP et RG garantissent une combustion propre avec [&hellip;]<\/p>\n","protected":false},"featured_media":28562,"template":"","meta":{"_acf_changed":false},"product_brand":[],"product_cat":[374],"product_tag":[376],"class_list":{"0":"post-28561","1":"product","2":"type-product","3":"status-publish","4":"has-post-thumbnail","6":"product_cat-bruleurs-fr","7":"product_tag-bruleurs-de-canal","9":"first","10":"instock","11":"taxable","12":"shipping-taxable","13":"product-type-simple"},"acf":[],"yoast_head":"<!-- This site is optimized with the Yoast SEO plugin v26.8 - https:\/\/yoast.com\/product\/yoast-seo-wordpress\/ -->\n<title>Maxon NP-RG Airflo - Blondeau<\/title>\n<meta name=\"robots\" content=\"index, follow, max-snippet:-1, max-image-preview:large, max-video-preview:-1\" \/>\n<link rel=\"canonical\" href=\"https:\/\/blondeau.be\/fr\/produit\/maxon-np-rg-airflo\/\" \/>\n<meta property=\"og:locale\" content=\"fr_FR\" \/>\n<meta property=\"og:type\" content=\"article\" \/>\n<meta property=\"og:title\" content=\"Maxon NP-RG Airflo - Blondeau\" \/>\n<meta property=\"og:description\" content=\"Les br\u00fbleurs de gaine Maxon AIRFLO\u00ae de type \u00ab\u00a0NP\u00a0\u00bb et \u00ab\u00a0RG\u00a0\u00bb permettent de chauffer l&rsquo;air de process de mani\u00e8re propre et efficace. Ces br\u00fbleurs modulaires au gaz naturel sont faciles \u00e0 installer gr\u00e2ce \u00e0 des cartouches sur mesure qui s\u2019int\u00e8grent parfaitement dans votre conduit d\u2019air. Les br\u00fbleurs NP et RG garantissent une combustion propre avec [&hellip;]\" \/>\n<meta property=\"og:url\" content=\"https:\/\/blondeau.be\/fr\/produit\/maxon-np-rg-airflo\/\" \/>\n<meta property=\"og:site_name\" content=\"Blondeau\" \/>\n<meta property=\"article:modified_time\" content=\"2025-06-26T13:01:08+00:00\" \/>\n<meta property=\"og:image\" content=\"https:\/\/blondeau.be\/wp-content\/uploads\/2025\/01\/NP.jpg\" \/>\n\t<meta property=\"og:image:width\" content=\"1000\" \/>\n\t<meta property=\"og:image:height\" content=\"1000\" \/>\n\t<meta property=\"og:image:type\" content=\"image\/jpeg\" \/>\n<meta name=\"twitter:card\" content=\"summary_large_image\" \/>\n<meta name=\"twitter:label1\" content=\"Dur\u00e9e de lecture estim\u00e9e\" \/>\n\t<meta name=\"twitter:data1\" content=\"1 minute\" \/>\n<script type=\"application\/ld+json\" class=\"yoast-schema-graph\">{\"@context\":\"https:\/\/schema.org\",\"@graph\":[{\"@type\":\"WebPage\",\"@id\":\"https:\/\/blondeau.be\/fr\/produit\/maxon-np-rg-airflo\/\",\"url\":\"https:\/\/blondeau.be\/fr\/produit\/maxon-np-rg-airflo\/\",\"name\":\"Maxon NP-RG Airflo - Blondeau\",\"isPartOf\":{\"@id\":\"https:\/\/blondeau.be\/fr\/#website\"},\"primaryImageOfPage\":{\"@id\":\"https:\/\/blondeau.be\/fr\/produit\/maxon-np-rg-airflo\/#primaryimage\"},\"image\":{\"@id\":\"https:\/\/blondeau.be\/fr\/produit\/maxon-np-rg-airflo\/#primaryimage\"},\"thumbnailUrl\":\"https:\/\/blondeau.be\/wp-content\/uploads\/2025\/01\/NP.jpg\",\"datePublished\":\"2025-01-21T08:08:39+00:00\",\"dateModified\":\"2025-06-26T13:01:08+00:00\",\"breadcrumb\":{\"@id\":\"https:\/\/blondeau.be\/fr\/produit\/maxon-np-rg-airflo\/#breadcrumb\"},\"inLanguage\":\"fr-FR\",\"potentialAction\":[{\"@type\":\"ReadAction\",\"target\":[\"https:\/\/blondeau.be\/fr\/produit\/maxon-np-rg-airflo\/\"]}]},{\"@type\":\"ImageObject\",\"inLanguage\":\"fr-FR\",\"@id\":\"https:\/\/blondeau.be\/fr\/produit\/maxon-np-rg-airflo\/#primaryimage\",\"url\":\"https:\/\/blondeau.be\/wp-content\/uploads\/2025\/01\/NP.jpg\",\"contentUrl\":\"https:\/\/blondeau.be\/wp-content\/uploads\/2025\/01\/NP.jpg\",\"width\":1000,\"height\":1000},{\"@type\":\"BreadcrumbList\",\"@id\":\"https:\/\/blondeau.be\/fr\/produit\/maxon-np-rg-airflo\/#breadcrumb\",\"itemListElement\":[{\"@type\":\"ListItem\",\"position\":1,\"name\":\"Home\",\"item\":\"https:\/\/blondeau.be\/fr\/accueil\/\"},{\"@type\":\"ListItem\",\"position\":2,\"name\":\"Catalogue des produits\",\"item\":\"https:\/\/blondeau.be\/fr\/catalogue-des-produits\/\"},{\"@type\":\"ListItem\",\"position\":3,\"name\":\"Maxon NP-RG Airflo\"}]},{\"@type\":\"WebSite\",\"@id\":\"https:\/\/blondeau.be\/fr\/#website\",\"url\":\"https:\/\/blondeau.be\/fr\/\",\"name\":\"Blondeau\",\"description\":\"Industrial Heating\",\"publisher\":{\"@id\":\"https:\/\/blondeau.be\/fr\/#organization\"},\"potentialAction\":[{\"@type\":\"SearchAction\",\"target\":{\"@type\":\"EntryPoint\",\"urlTemplate\":\"https:\/\/blondeau.be\/fr\/?s={search_term_string}\"},\"query-input\":{\"@type\":\"PropertyValueSpecification\",\"valueRequired\":true,\"valueName\":\"search_term_string\"}}],\"inLanguage\":\"fr-FR\"},{\"@type\":\"Organization\",\"@id\":\"https:\/\/blondeau.be\/fr\/#organization\",\"name\":\"Blondeau\",\"url\":\"https:\/\/blondeau.be\/fr\/\",\"logo\":{\"@type\":\"ImageObject\",\"inLanguage\":\"fr-FR\",\"@id\":\"https:\/\/blondeau.be\/fr\/#\/schema\/logo\/image\/\",\"url\":\"https:\/\/blondeau.be\/wp-content\/uploads\/2025\/08\/Logo.jpg\",\"contentUrl\":\"https:\/\/blondeau.be\/wp-content\/uploads\/2025\/08\/Logo.jpg\",\"width\":600,\"height\":600,\"caption\":\"Blondeau\"},\"image\":{\"@id\":\"https:\/\/blondeau.be\/fr\/#\/schema\/logo\/image\/\"}}]}<\/script>\n<!-- \/ Yoast SEO plugin. -->","yoast_head_json":{"title":"Maxon NP-RG Airflo - Blondeau","robots":{"index":"index","follow":"follow","max-snippet":"max-snippet:-1","max-image-preview":"max-image-preview:large","max-video-preview":"max-video-preview:-1"},"canonical":"https:\/\/blondeau.be\/fr\/produit\/maxon-np-rg-airflo\/","og_locale":"fr_FR","og_type":"article","og_title":"Maxon NP-RG Airflo - Blondeau","og_description":"Les br\u00fbleurs de gaine Maxon AIRFLO\u00ae de type \u00ab\u00a0NP\u00a0\u00bb et \u00ab\u00a0RG\u00a0\u00bb permettent de chauffer l&rsquo;air de process de mani\u00e8re propre et efficace. Ces br\u00fbleurs modulaires au gaz naturel sont faciles \u00e0 installer gr\u00e2ce \u00e0 des cartouches sur mesure qui s\u2019int\u00e8grent parfaitement dans votre conduit d\u2019air. Les br\u00fbleurs NP et RG garantissent une combustion propre avec [&hellip;]","og_url":"https:\/\/blondeau.be\/fr\/produit\/maxon-np-rg-airflo\/","og_site_name":"Blondeau","article_modified_time":"2025-06-26T13:01:08+00:00","og_image":[{"width":1000,"height":1000,"url":"https:\/\/blondeau.be\/wp-content\/uploads\/2025\/01\/NP.jpg","type":"image\/jpeg"}],"twitter_card":"summary_large_image","twitter_misc":{"Dur\u00e9e de lecture estim\u00e9e":"1 minute"},"schema":{"@context":"https:\/\/schema.org","@graph":[{"@type":"WebPage","@id":"https:\/\/blondeau.be\/fr\/produit\/maxon-np-rg-airflo\/","url":"https:\/\/blondeau.be\/fr\/produit\/maxon-np-rg-airflo\/","name":"Maxon NP-RG Airflo - Blondeau","isPartOf":{"@id":"https:\/\/blondeau.be\/fr\/#website"},"primaryImageOfPage":{"@id":"https:\/\/blondeau.be\/fr\/produit\/maxon-np-rg-airflo\/#primaryimage"},"image":{"@id":"https:\/\/blondeau.be\/fr\/produit\/maxon-np-rg-airflo\/#primaryimage"},"thumbnailUrl":"https:\/\/blondeau.be\/wp-content\/uploads\/2025\/01\/NP.jpg","datePublished":"2025-01-21T08:08:39+00:00","dateModified":"2025-06-26T13:01:08+00:00","breadcrumb":{"@id":"https:\/\/blondeau.be\/fr\/produit\/maxon-np-rg-airflo\/#breadcrumb"},"inLanguage":"fr-FR","potentialAction":[{"@type":"ReadAction","target":["https:\/\/blondeau.be\/fr\/produit\/maxon-np-rg-airflo\/"]}]},{"@type":"ImageObject","inLanguage":"fr-FR","@id":"https:\/\/blondeau.be\/fr\/produit\/maxon-np-rg-airflo\/#primaryimage","url":"https:\/\/blondeau.be\/wp-content\/uploads\/2025\/01\/NP.jpg","contentUrl":"https:\/\/blondeau.be\/wp-content\/uploads\/2025\/01\/NP.jpg","width":1000,"height":1000},{"@type":"BreadcrumbList","@id":"https:\/\/blondeau.be\/fr\/produit\/maxon-np-rg-airflo\/#breadcrumb","itemListElement":[{"@type":"ListItem","position":1,"name":"Home","item":"https:\/\/blondeau.be\/fr\/accueil\/"},{"@type":"ListItem","position":2,"name":"Catalogue des produits","item":"https:\/\/blondeau.be\/fr\/catalogue-des-produits\/"},{"@type":"ListItem","position":3,"name":"Maxon NP-RG Airflo"}]},{"@type":"WebSite","@id":"https:\/\/blondeau.be\/fr\/#website","url":"https:\/\/blondeau.be\/fr\/","name":"Blondeau","description":"Industrial Heating","publisher":{"@id":"https:\/\/blondeau.be\/fr\/#organization"},"potentialAction":[{"@type":"SearchAction","target":{"@type":"EntryPoint","urlTemplate":"https:\/\/blondeau.be\/fr\/?s={search_term_string}"},"query-input":{"@type":"PropertyValueSpecification","valueRequired":true,"valueName":"search_term_string"}}],"inLanguage":"fr-FR"},{"@type":"Organization","@id":"https:\/\/blondeau.be\/fr\/#organization","name":"Blondeau","url":"https:\/\/blondeau.be\/fr\/","logo":{"@type":"ImageObject","inLanguage":"fr-FR","@id":"https:\/\/blondeau.be\/fr\/#\/schema\/logo\/image\/","url":"https:\/\/blondeau.be\/wp-content\/uploads\/2025\/08\/Logo.jpg","contentUrl":"https:\/\/blondeau.be\/wp-content\/uploads\/2025\/08\/Logo.jpg","width":600,"height":600,"caption":"Blondeau"},"image":{"@id":"https:\/\/blondeau.be\/fr\/#\/schema\/logo\/image\/"}}]}},"_links":{"self":[{"href":"https:\/\/blondeau.be\/fr\/wp-json\/wp\/v2\/product\/28561","targetHints":{"allow":["GET"]}}],"collection":[{"href":"https:\/\/blondeau.be\/fr\/wp-json\/wp\/v2\/product"}],"about":[{"href":"https:\/\/blondeau.be\/fr\/wp-json\/wp\/v2\/types\/product"}],"wp:featuredmedia":[{"embeddable":true,"href":"https:\/\/blondeau.be\/fr\/wp-json\/wp\/v2\/media\/28562"}],"wp:attachment":[{"href":"https:\/\/blondeau.be\/fr\/wp-json\/wp\/v2\/media?parent=28561"}],"wp:term":[{"taxonomy":"product_brand","embeddable":true,"href":"https:\/\/blondeau.be\/fr\/wp-json\/wp\/v2\/product_brand?post=28561"},{"taxonomy":"product_cat","embeddable":true,"href":"https:\/\/blondeau.be\/fr\/wp-json\/wp\/v2\/product_cat?post=28561"},{"taxonomy":"product_tag","embeddable":true,"href":"https:\/\/blondeau.be\/fr\/wp-json\/wp\/v2\/product_tag?post=28561"}],"curies":[{"name":"wp","href":"https:\/\/api.w.org\/{rel}","templated":true}]}}