{"id":28545,"date":"2025-01-21T09:58:16","date_gmt":"2025-01-21T07:58:16","guid":{"rendered":"https:\/\/blondeau.be\/product\/valve-eclipse-bv\/"},"modified":"2025-07-11T17:06:01","modified_gmt":"2025-07-11T15:06:01","slug":"valve-eclipse-bv","status":"publish","type":"product","link":"https:\/\/blondeau.be\/fr\/produit\/valve-eclipse-bv\/","title":{"rendered":"Valve Eclipse BV"},"content":{"rendered":"<p>Les <strong>vannes papillon Eclipse<\/strong> sont con\u00e7ues pour contr\u00f4ler le d\u00e9bit d&rsquo;air et de gaz dans tous les types de syst\u00e8mes de combustion. Elles ne doivent pas \u00eatre utilis\u00e9es comme vannes d&rsquo;arr\u00eat ou de s\u00e9curit\u00e9. Les vannes sont disponibles pour un fonctionnement manuel ou automatique dans des diam\u00e8tres de 1\/2&Prime; \u00e0 8&Prime;. Les vannes papillon automatiques peuvent \u00eatre \u00e9quip\u00e9es d&rsquo;un kit de montage pour servomoteur. Toutes les vannes papillon sont dot\u00e9es d&rsquo;une plaque indicatrice facile \u00e0 lire et d&rsquo;une fente \u00e0 l&rsquo;extr\u00e9mit\u00e9 de l&rsquo;axe pour une indication visuelle de la position du disque.    <\/p>\n<p><strong>Caract\u00e9ristiques et avantages :<\/strong><\/p>\n<ul>\n \t<\/p>\n<li>Pour le contr\u00f4le continu d&rsquo;un flux de gaz ou d&rsquo;air<\/li>\n<li>Fonctionnement manuel ou automatique<\/li>\n<li>Ouverture totale ou r\u00e9duite<\/li>\n<li>Viss\u00e9 : DN 15 \u00e0 DN 200<\/li>\n<li data-start=\"483\" data-end=\"513\">Pression de fonctionnement maximale :\n<ul>\n<li data-start=\"483\" data-end=\"513\">1\/2&Prime; &#8211; 1 1\/2&Prime; (15 &#8211; 40 mm) : 1,7 bar<\/li>\n<li data-start=\"483\" data-end=\"513\">2&Prime; &amp; 2 1\/2&Prime; (50 &amp; 64 mm) : 1,4 bar<\/li>\n<li data-start=\"483\" data-end=\"513\">3&Prime; &amp; 4&Prime; (80 &amp; 100 mm) : 1 bar<\/li>\n<li data-start=\"483\" data-end=\"513\">6&Prime; &#8211; 8&Prime; (150 &#8211; 200 mm) : 210 mbar<\/li>\n<\/ul>\n<\/li>\n<li data-start=\"536\" data-end=\"572\">Temp\u00e9rature moyenne : 0\u00b0C \u00e0 +60\u00b0C<\/li>\n<\/ul>\n<p><strong>Documents :<\/strong><\/p>\n","protected":false},"excerpt":{"rendered":"<p>Les vannes papillon Eclipse sont con\u00e7ues pour contr\u00f4ler le d\u00e9bit d&rsquo;air et de gaz dans tous les types de syst\u00e8mes de combustion. Elles ne doivent pas \u00eatre utilis\u00e9es comme vannes d&rsquo;arr\u00eat ou de s\u00e9curit\u00e9. Les vannes sont disponibles pour un fonctionnement manuel ou automatique dans des diam\u00e8tres de 1\/2&Prime; \u00e0 8&Prime;. Les vannes papillon automatiques [&hellip;]<\/p>\n","protected":false},"featured_media":28548,"template":"","meta":{"_acf_changed":false},"product_brand":[],"product_cat":[415],"product_tag":[362],"class_list":{"0":"post-28545","1":"product","2":"type-product","3":"status-publish","4":"has-post-thumbnail","6":"product_cat-vannes-de-controle-fr-2","7":"product_tag-vannes-de-controle","9":"first","10":"instock","11":"taxable","12":"shipping-taxable","13":"product-type-simple"},"acf":[],"yoast_head":"<!-- This site is optimized with the Yoast SEO plugin v26.8 - https:\/\/yoast.com\/product\/yoast-seo-wordpress\/ -->\n<title>Valve Eclipse BV - Blondeau<\/title>\n<meta name=\"robots\" content=\"index, follow, max-snippet:-1, max-image-preview:large, max-video-preview:-1\" \/>\n<link rel=\"canonical\" href=\"https:\/\/blondeau.be\/fr\/produit\/valve-eclipse-bv\/\" \/>\n<meta property=\"og:locale\" content=\"fr_FR\" \/>\n<meta property=\"og:type\" content=\"article\" \/>\n<meta property=\"og:title\" content=\"Valve Eclipse BV - Blondeau\" \/>\n<meta property=\"og:description\" content=\"Les vannes papillon Eclipse sont con\u00e7ues pour contr\u00f4ler le d\u00e9bit d&rsquo;air et de gaz dans tous les types de syst\u00e8mes de combustion. Elles ne doivent pas \u00eatre utilis\u00e9es comme vannes d&rsquo;arr\u00eat ou de s\u00e9curit\u00e9. Les vannes sont disponibles pour un fonctionnement manuel ou automatique dans des diam\u00e8tres de 1\/2&Prime; \u00e0 8&Prime;. Les vannes papillon automatiques [&hellip;]\" \/>\n<meta property=\"og:url\" content=\"https:\/\/blondeau.be\/fr\/produit\/valve-eclipse-bv\/\" \/>\n<meta property=\"og:site_name\" content=\"Blondeau\" \/>\n<meta property=\"article:modified_time\" content=\"2025-07-11T15:06:01+00:00\" \/>\n<meta property=\"og:image\" content=\"https:\/\/blondeau.be\/wp-content\/uploads\/2025\/01\/Regelklep_Eclipse.jpg\" \/>\n\t<meta property=\"og:image:width\" content=\"615\" \/>\n\t<meta property=\"og:image:height\" content=\"575\" \/>\n\t<meta property=\"og:image:type\" content=\"image\/jpeg\" \/>\n<meta name=\"twitter:card\" content=\"summary_large_image\" \/>\n<meta name=\"twitter:label1\" content=\"Dur\u00e9e de lecture estim\u00e9e\" \/>\n\t<meta name=\"twitter:data1\" content=\"1 minute\" \/>\n<script type=\"application\/ld+json\" class=\"yoast-schema-graph\">{\"@context\":\"https:\/\/schema.org\",\"@graph\":[{\"@type\":\"WebPage\",\"@id\":\"https:\/\/blondeau.be\/fr\/produit\/valve-eclipse-bv\/\",\"url\":\"https:\/\/blondeau.be\/fr\/produit\/valve-eclipse-bv\/\",\"name\":\"Valve Eclipse BV - Blondeau\",\"isPartOf\":{\"@id\":\"https:\/\/blondeau.be\/fr\/#website\"},\"primaryImageOfPage\":{\"@id\":\"https:\/\/blondeau.be\/fr\/produit\/valve-eclipse-bv\/#primaryimage\"},\"image\":{\"@id\":\"https:\/\/blondeau.be\/fr\/produit\/valve-eclipse-bv\/#primaryimage\"},\"thumbnailUrl\":\"https:\/\/blondeau.be\/wp-content\/uploads\/2025\/01\/Regelklep_Eclipse.jpg\",\"datePublished\":\"2025-01-21T07:58:16+00:00\",\"dateModified\":\"2025-07-11T15:06:01+00:00\",\"breadcrumb\":{\"@id\":\"https:\/\/blondeau.be\/fr\/produit\/valve-eclipse-bv\/#breadcrumb\"},\"inLanguage\":\"fr-FR\",\"potentialAction\":[{\"@type\":\"ReadAction\",\"target\":[\"https:\/\/blondeau.be\/fr\/produit\/valve-eclipse-bv\/\"]}]},{\"@type\":\"ImageObject\",\"inLanguage\":\"fr-FR\",\"@id\":\"https:\/\/blondeau.be\/fr\/produit\/valve-eclipse-bv\/#primaryimage\",\"url\":\"https:\/\/blondeau.be\/wp-content\/uploads\/2025\/01\/Regelklep_Eclipse.jpg\",\"contentUrl\":\"https:\/\/blondeau.be\/wp-content\/uploads\/2025\/01\/Regelklep_Eclipse.jpg\",\"width\":615,\"height\":575},{\"@type\":\"BreadcrumbList\",\"@id\":\"https:\/\/blondeau.be\/fr\/produit\/valve-eclipse-bv\/#breadcrumb\",\"itemListElement\":[{\"@type\":\"ListItem\",\"position\":1,\"name\":\"Home\",\"item\":\"https:\/\/blondeau.be\/fr\/accueil\/\"},{\"@type\":\"ListItem\",\"position\":2,\"name\":\"Catalogue des produits\",\"item\":\"https:\/\/blondeau.be\/fr\/catalogue-des-produits\/\"},{\"@type\":\"ListItem\",\"position\":3,\"name\":\"Valve Eclipse BV\"}]},{\"@type\":\"WebSite\",\"@id\":\"https:\/\/blondeau.be\/fr\/#website\",\"url\":\"https:\/\/blondeau.be\/fr\/\",\"name\":\"Blondeau\",\"description\":\"Industrial Heating\",\"publisher\":{\"@id\":\"https:\/\/blondeau.be\/fr\/#organization\"},\"potentialAction\":[{\"@type\":\"SearchAction\",\"target\":{\"@type\":\"EntryPoint\",\"urlTemplate\":\"https:\/\/blondeau.be\/fr\/?s={search_term_string}\"},\"query-input\":{\"@type\":\"PropertyValueSpecification\",\"valueRequired\":true,\"valueName\":\"search_term_string\"}}],\"inLanguage\":\"fr-FR\"},{\"@type\":\"Organization\",\"@id\":\"https:\/\/blondeau.be\/fr\/#organization\",\"name\":\"Blondeau\",\"url\":\"https:\/\/blondeau.be\/fr\/\",\"logo\":{\"@type\":\"ImageObject\",\"inLanguage\":\"fr-FR\",\"@id\":\"https:\/\/blondeau.be\/fr\/#\/schema\/logo\/image\/\",\"url\":\"https:\/\/blondeau.be\/wp-content\/uploads\/2025\/08\/Logo.jpg\",\"contentUrl\":\"https:\/\/blondeau.be\/wp-content\/uploads\/2025\/08\/Logo.jpg\",\"width\":600,\"height\":600,\"caption\":\"Blondeau\"},\"image\":{\"@id\":\"https:\/\/blondeau.be\/fr\/#\/schema\/logo\/image\/\"}}]}<\/script>\n<!-- \/ Yoast SEO plugin. -->","yoast_head_json":{"title":"Valve Eclipse BV - Blondeau","robots":{"index":"index","follow":"follow","max-snippet":"max-snippet:-1","max-image-preview":"max-image-preview:large","max-video-preview":"max-video-preview:-1"},"canonical":"https:\/\/blondeau.be\/fr\/produit\/valve-eclipse-bv\/","og_locale":"fr_FR","og_type":"article","og_title":"Valve Eclipse BV - Blondeau","og_description":"Les vannes papillon Eclipse sont con\u00e7ues pour contr\u00f4ler le d\u00e9bit d&rsquo;air et de gaz dans tous les types de syst\u00e8mes de combustion. Elles ne doivent pas \u00eatre utilis\u00e9es comme vannes d&rsquo;arr\u00eat ou de s\u00e9curit\u00e9. Les vannes sont disponibles pour un fonctionnement manuel ou automatique dans des diam\u00e8tres de 1\/2&Prime; \u00e0 8&Prime;. Les vannes papillon automatiques [&hellip;]","og_url":"https:\/\/blondeau.be\/fr\/produit\/valve-eclipse-bv\/","og_site_name":"Blondeau","article_modified_time":"2025-07-11T15:06:01+00:00","og_image":[{"width":615,"height":575,"url":"https:\/\/blondeau.be\/wp-content\/uploads\/2025\/01\/Regelklep_Eclipse.jpg","type":"image\/jpeg"}],"twitter_card":"summary_large_image","twitter_misc":{"Dur\u00e9e de lecture estim\u00e9e":"1 minute"},"schema":{"@context":"https:\/\/schema.org","@graph":[{"@type":"WebPage","@id":"https:\/\/blondeau.be\/fr\/produit\/valve-eclipse-bv\/","url":"https:\/\/blondeau.be\/fr\/produit\/valve-eclipse-bv\/","name":"Valve Eclipse BV - Blondeau","isPartOf":{"@id":"https:\/\/blondeau.be\/fr\/#website"},"primaryImageOfPage":{"@id":"https:\/\/blondeau.be\/fr\/produit\/valve-eclipse-bv\/#primaryimage"},"image":{"@id":"https:\/\/blondeau.be\/fr\/produit\/valve-eclipse-bv\/#primaryimage"},"thumbnailUrl":"https:\/\/blondeau.be\/wp-content\/uploads\/2025\/01\/Regelklep_Eclipse.jpg","datePublished":"2025-01-21T07:58:16+00:00","dateModified":"2025-07-11T15:06:01+00:00","breadcrumb":{"@id":"https:\/\/blondeau.be\/fr\/produit\/valve-eclipse-bv\/#breadcrumb"},"inLanguage":"fr-FR","potentialAction":[{"@type":"ReadAction","target":["https:\/\/blondeau.be\/fr\/produit\/valve-eclipse-bv\/"]}]},{"@type":"ImageObject","inLanguage":"fr-FR","@id":"https:\/\/blondeau.be\/fr\/produit\/valve-eclipse-bv\/#primaryimage","url":"https:\/\/blondeau.be\/wp-content\/uploads\/2025\/01\/Regelklep_Eclipse.jpg","contentUrl":"https:\/\/blondeau.be\/wp-content\/uploads\/2025\/01\/Regelklep_Eclipse.jpg","width":615,"height":575},{"@type":"BreadcrumbList","@id":"https:\/\/blondeau.be\/fr\/produit\/valve-eclipse-bv\/#breadcrumb","itemListElement":[{"@type":"ListItem","position":1,"name":"Home","item":"https:\/\/blondeau.be\/fr\/accueil\/"},{"@type":"ListItem","position":2,"name":"Catalogue des produits","item":"https:\/\/blondeau.be\/fr\/catalogue-des-produits\/"},{"@type":"ListItem","position":3,"name":"Valve Eclipse BV"}]},{"@type":"WebSite","@id":"https:\/\/blondeau.be\/fr\/#website","url":"https:\/\/blondeau.be\/fr\/","name":"Blondeau","description":"Industrial Heating","publisher":{"@id":"https:\/\/blondeau.be\/fr\/#organization"},"potentialAction":[{"@type":"SearchAction","target":{"@type":"EntryPoint","urlTemplate":"https:\/\/blondeau.be\/fr\/?s={search_term_string}"},"query-input":{"@type":"PropertyValueSpecification","valueRequired":true,"valueName":"search_term_string"}}],"inLanguage":"fr-FR"},{"@type":"Organization","@id":"https:\/\/blondeau.be\/fr\/#organization","name":"Blondeau","url":"https:\/\/blondeau.be\/fr\/","logo":{"@type":"ImageObject","inLanguage":"fr-FR","@id":"https:\/\/blondeau.be\/fr\/#\/schema\/logo\/image\/","url":"https:\/\/blondeau.be\/wp-content\/uploads\/2025\/08\/Logo.jpg","contentUrl":"https:\/\/blondeau.be\/wp-content\/uploads\/2025\/08\/Logo.jpg","width":600,"height":600,"caption":"Blondeau"},"image":{"@id":"https:\/\/blondeau.be\/fr\/#\/schema\/logo\/image\/"}}]}},"_links":{"self":[{"href":"https:\/\/blondeau.be\/fr\/wp-json\/wp\/v2\/product\/28545","targetHints":{"allow":["GET"]}}],"collection":[{"href":"https:\/\/blondeau.be\/fr\/wp-json\/wp\/v2\/product"}],"about":[{"href":"https:\/\/blondeau.be\/fr\/wp-json\/wp\/v2\/types\/product"}],"wp:featuredmedia":[{"embeddable":true,"href":"https:\/\/blondeau.be\/fr\/wp-json\/wp\/v2\/media\/28548"}],"wp:attachment":[{"href":"https:\/\/blondeau.be\/fr\/wp-json\/wp\/v2\/media?parent=28545"}],"wp:term":[{"taxonomy":"product_brand","embeddable":true,"href":"https:\/\/blondeau.be\/fr\/wp-json\/wp\/v2\/product_brand?post=28545"},{"taxonomy":"product_cat","embeddable":true,"href":"https:\/\/blondeau.be\/fr\/wp-json\/wp\/v2\/product_cat?post=28545"},{"taxonomy":"product_tag","embeddable":true,"href":"https:\/\/blondeau.be\/fr\/wp-json\/wp\/v2\/product_tag?post=28545"}],"curies":[{"name":"wp","href":"https:\/\/api.w.org\/{rel}","templated":true}]}}