{"id":28535,"date":"2025-01-21T10:40:15","date_gmt":"2025-01-21T08:40:15","guid":{"rendered":"https:\/\/blondeau.be\/product\/maxon-lv-airflo\/"},"modified":"2025-06-26T15:17:32","modified_gmt":"2025-06-26T13:17:32","slug":"maxon-lv-airflo","status":"publish","type":"product","link":"https:\/\/blondeau.be\/fr\/produit\/maxon-lv-airflo\/","title":{"rendered":"Maxon LV Airflo"},"content":{"rendered":"<p data-start=\"0\" data-end=\"338\">Le sch\u00e9ma d&rsquo;a\u00e9ration innovant et avanc\u00e9 du br\u00fbleur \u00e0 conduit <strong>AIRFLO\u00ae \u00ab\u00a0LV\u00a0\u00bb<\/strong> assure une combustion stable et efficace du gaz, m\u00eame dans des flux d&rsquo;air \u00e0 vitesse relativement faible (avec une perte de charge minimale dans le br\u00fbleur de seulement 0,5 mbar). Gr\u00e2ce aux diff\u00e9rentes options de mat\u00e9riaux, le LV convient \u00e0 des applications jusqu&rsquo;\u00e0 650\u00b0C et peut m\u00eame fonctionner comme un br\u00fbleur \u00e0 tirage naturel, sans n\u00e9cessiter de ventilateur d&rsquo;air de combustion. Le LV AIRFLO\u00ae convient parfaitement aux applications de traitement \u00e0 combustion directe.  <\/p>\n<p><strong>Caract\u00e9ristiques et avantages :<\/strong><\/p>\n<ul data-start=\"229\" data-end=\"827\" data-is-last-node=\"\">\n<li data-start=\"306\" data-end=\"390\">La temp\u00e9rature de l&rsquo;air en amont du br\u00fbleur peut atteindre 566 \u00b0C.<\/li>\n<li data-start=\"391\" data-end=\"513\">Les faibles niveaux d&rsquo;oxyg\u00e8ne dans le flux d&rsquo;air sont tol\u00e9r\u00e9s sans ajout d&rsquo;air de combustion primaire.<\/li>\n<li data-start=\"514\" data-end=\"644\">La conception modulaire du br\u00fbleur offre des configurations flexibles et une puissance calorifique totale pour des possibilit\u00e9s d&rsquo;application maximales.<\/li>\n<li data-start=\"645\" data-end=\"827\" data-is-last-node=\"\">17 variantes de la s\u00e9rie LV AIRFLO\u00ae sont disponibles, chacune optimis\u00e9e en termes de s\u00e9lection des mat\u00e9riaux et de performances pour r\u00e9pondre aux exigences d&rsquo;applications sp\u00e9cifiques.<\/li>\n<li data-start=\"645\" data-end=\"827\" data-is-last-node=\"\">Large plage de modulation pouvant atteindre 25:1<\/li>\n<li data-start=\"645\" data-end=\"827\" data-is-last-node=\"\">Faibles co\u00fbts d&rsquo;entretien gr\u00e2ce \u00e0 une construction robuste sans pi\u00e8ces mobiles<\/li>\n<\/ul>\n<p data-start=\"786\" data-end=\"913\"><strong>Documentation :<\/strong><\/p>\n","protected":false},"excerpt":{"rendered":"<p>Le sch\u00e9ma d&rsquo;a\u00e9ration innovant et avanc\u00e9 du br\u00fbleur \u00e0 conduit AIRFLO\u00ae \u00ab\u00a0LV\u00a0\u00bb assure une combustion stable et efficace du gaz, m\u00eame dans des flux d&rsquo;air \u00e0 vitesse relativement faible (avec une perte de charge minimale dans le br\u00fbleur de seulement 0,5 mbar). Gr\u00e2ce aux diff\u00e9rentes options de mat\u00e9riaux, le LV convient \u00e0 des applications jusqu&rsquo;\u00e0 [&hellip;]<\/p>\n","protected":false},"featured_media":28537,"template":"","meta":{"_acf_changed":false},"product_brand":[],"product_cat":[374],"product_tag":[376],"class_list":{"0":"post-28535","1":"product","2":"type-product","3":"status-publish","4":"has-post-thumbnail","6":"product_cat-bruleurs-fr","7":"product_tag-bruleurs-de-canal","9":"first","10":"instock","11":"taxable","12":"shipping-taxable","13":"product-type-simple"},"acf":[],"yoast_head":"<!-- This site is optimized with the Yoast SEO plugin v26.8 - https:\/\/yoast.com\/product\/yoast-seo-wordpress\/ -->\n<title>Maxon LV Airflo - Blondeau<\/title>\n<meta name=\"robots\" content=\"index, follow, max-snippet:-1, max-image-preview:large, max-video-preview:-1\" \/>\n<link rel=\"canonical\" href=\"https:\/\/blondeau.be\/fr\/produit\/maxon-lv-airflo\/\" \/>\n<meta property=\"og:locale\" content=\"fr_FR\" \/>\n<meta property=\"og:type\" content=\"article\" \/>\n<meta property=\"og:title\" content=\"Maxon LV Airflo - Blondeau\" \/>\n<meta property=\"og:description\" content=\"Le sch\u00e9ma d&rsquo;a\u00e9ration innovant et avanc\u00e9 du br\u00fbleur \u00e0 conduit AIRFLO\u00ae \u00ab\u00a0LV\u00a0\u00bb assure une combustion stable et efficace du gaz, m\u00eame dans des flux d&rsquo;air \u00e0 vitesse relativement faible (avec une perte de charge minimale dans le br\u00fbleur de seulement 0,5 mbar). Gr\u00e2ce aux diff\u00e9rentes options de mat\u00e9riaux, le LV convient \u00e0 des applications jusqu&rsquo;\u00e0 [&hellip;]\" \/>\n<meta property=\"og:url\" content=\"https:\/\/blondeau.be\/fr\/produit\/maxon-lv-airflo\/\" \/>\n<meta property=\"og:site_name\" content=\"Blondeau\" \/>\n<meta property=\"article:modified_time\" content=\"2025-06-26T13:17:32+00:00\" \/>\n<meta property=\"og:image\" content=\"https:\/\/blondeau.be\/wp-content\/uploads\/2025\/01\/LV.jpg\" \/>\n\t<meta property=\"og:image:width\" content=\"1000\" \/>\n\t<meta property=\"og:image:height\" content=\"1000\" \/>\n\t<meta property=\"og:image:type\" content=\"image\/jpeg\" \/>\n<meta name=\"twitter:card\" content=\"summary_large_image\" \/>\n<meta name=\"twitter:label1\" content=\"Dur\u00e9e de lecture estim\u00e9e\" \/>\n\t<meta name=\"twitter:data1\" content=\"1 minute\" \/>\n<script type=\"application\/ld+json\" class=\"yoast-schema-graph\">{\"@context\":\"https:\/\/schema.org\",\"@graph\":[{\"@type\":\"WebPage\",\"@id\":\"https:\/\/blondeau.be\/fr\/produit\/maxon-lv-airflo\/\",\"url\":\"https:\/\/blondeau.be\/fr\/produit\/maxon-lv-airflo\/\",\"name\":\"Maxon LV Airflo - Blondeau\",\"isPartOf\":{\"@id\":\"https:\/\/blondeau.be\/fr\/#website\"},\"primaryImageOfPage\":{\"@id\":\"https:\/\/blondeau.be\/fr\/produit\/maxon-lv-airflo\/#primaryimage\"},\"image\":{\"@id\":\"https:\/\/blondeau.be\/fr\/produit\/maxon-lv-airflo\/#primaryimage\"},\"thumbnailUrl\":\"https:\/\/blondeau.be\/wp-content\/uploads\/2025\/01\/LV.jpg\",\"datePublished\":\"2025-01-21T08:40:15+00:00\",\"dateModified\":\"2025-06-26T13:17:32+00:00\",\"breadcrumb\":{\"@id\":\"https:\/\/blondeau.be\/fr\/produit\/maxon-lv-airflo\/#breadcrumb\"},\"inLanguage\":\"fr-FR\",\"potentialAction\":[{\"@type\":\"ReadAction\",\"target\":[\"https:\/\/blondeau.be\/fr\/produit\/maxon-lv-airflo\/\"]}]},{\"@type\":\"ImageObject\",\"inLanguage\":\"fr-FR\",\"@id\":\"https:\/\/blondeau.be\/fr\/produit\/maxon-lv-airflo\/#primaryimage\",\"url\":\"https:\/\/blondeau.be\/wp-content\/uploads\/2025\/01\/LV.jpg\",\"contentUrl\":\"https:\/\/blondeau.be\/wp-content\/uploads\/2025\/01\/LV.jpg\",\"width\":1000,\"height\":1000},{\"@type\":\"BreadcrumbList\",\"@id\":\"https:\/\/blondeau.be\/fr\/produit\/maxon-lv-airflo\/#breadcrumb\",\"itemListElement\":[{\"@type\":\"ListItem\",\"position\":1,\"name\":\"Home\",\"item\":\"https:\/\/blondeau.be\/fr\/accueil\/\"},{\"@type\":\"ListItem\",\"position\":2,\"name\":\"Catalogue des produits\",\"item\":\"https:\/\/blondeau.be\/fr\/catalogue-des-produits\/\"},{\"@type\":\"ListItem\",\"position\":3,\"name\":\"Maxon LV Airflo\"}]},{\"@type\":\"WebSite\",\"@id\":\"https:\/\/blondeau.be\/fr\/#website\",\"url\":\"https:\/\/blondeau.be\/fr\/\",\"name\":\"Blondeau\",\"description\":\"Industrial Heating\",\"publisher\":{\"@id\":\"https:\/\/blondeau.be\/fr\/#organization\"},\"potentialAction\":[{\"@type\":\"SearchAction\",\"target\":{\"@type\":\"EntryPoint\",\"urlTemplate\":\"https:\/\/blondeau.be\/fr\/?s={search_term_string}\"},\"query-input\":{\"@type\":\"PropertyValueSpecification\",\"valueRequired\":true,\"valueName\":\"search_term_string\"}}],\"inLanguage\":\"fr-FR\"},{\"@type\":\"Organization\",\"@id\":\"https:\/\/blondeau.be\/fr\/#organization\",\"name\":\"Blondeau\",\"url\":\"https:\/\/blondeau.be\/fr\/\",\"logo\":{\"@type\":\"ImageObject\",\"inLanguage\":\"fr-FR\",\"@id\":\"https:\/\/blondeau.be\/fr\/#\/schema\/logo\/image\/\",\"url\":\"https:\/\/blondeau.be\/wp-content\/uploads\/2025\/08\/Logo.jpg\",\"contentUrl\":\"https:\/\/blondeau.be\/wp-content\/uploads\/2025\/08\/Logo.jpg\",\"width\":600,\"height\":600,\"caption\":\"Blondeau\"},\"image\":{\"@id\":\"https:\/\/blondeau.be\/fr\/#\/schema\/logo\/image\/\"}}]}<\/script>\n<!-- \/ Yoast SEO plugin. -->","yoast_head_json":{"title":"Maxon LV Airflo - Blondeau","robots":{"index":"index","follow":"follow","max-snippet":"max-snippet:-1","max-image-preview":"max-image-preview:large","max-video-preview":"max-video-preview:-1"},"canonical":"https:\/\/blondeau.be\/fr\/produit\/maxon-lv-airflo\/","og_locale":"fr_FR","og_type":"article","og_title":"Maxon LV Airflo - Blondeau","og_description":"Le sch\u00e9ma d&rsquo;a\u00e9ration innovant et avanc\u00e9 du br\u00fbleur \u00e0 conduit AIRFLO\u00ae \u00ab\u00a0LV\u00a0\u00bb assure une combustion stable et efficace du gaz, m\u00eame dans des flux d&rsquo;air \u00e0 vitesse relativement faible (avec une perte de charge minimale dans le br\u00fbleur de seulement 0,5 mbar). Gr\u00e2ce aux diff\u00e9rentes options de mat\u00e9riaux, le LV convient \u00e0 des applications jusqu&rsquo;\u00e0 [&hellip;]","og_url":"https:\/\/blondeau.be\/fr\/produit\/maxon-lv-airflo\/","og_site_name":"Blondeau","article_modified_time":"2025-06-26T13:17:32+00:00","og_image":[{"width":1000,"height":1000,"url":"https:\/\/blondeau.be\/wp-content\/uploads\/2025\/01\/LV.jpg","type":"image\/jpeg"}],"twitter_card":"summary_large_image","twitter_misc":{"Dur\u00e9e de lecture estim\u00e9e":"1 minute"},"schema":{"@context":"https:\/\/schema.org","@graph":[{"@type":"WebPage","@id":"https:\/\/blondeau.be\/fr\/produit\/maxon-lv-airflo\/","url":"https:\/\/blondeau.be\/fr\/produit\/maxon-lv-airflo\/","name":"Maxon LV Airflo - Blondeau","isPartOf":{"@id":"https:\/\/blondeau.be\/fr\/#website"},"primaryImageOfPage":{"@id":"https:\/\/blondeau.be\/fr\/produit\/maxon-lv-airflo\/#primaryimage"},"image":{"@id":"https:\/\/blondeau.be\/fr\/produit\/maxon-lv-airflo\/#primaryimage"},"thumbnailUrl":"https:\/\/blondeau.be\/wp-content\/uploads\/2025\/01\/LV.jpg","datePublished":"2025-01-21T08:40:15+00:00","dateModified":"2025-06-26T13:17:32+00:00","breadcrumb":{"@id":"https:\/\/blondeau.be\/fr\/produit\/maxon-lv-airflo\/#breadcrumb"},"inLanguage":"fr-FR","potentialAction":[{"@type":"ReadAction","target":["https:\/\/blondeau.be\/fr\/produit\/maxon-lv-airflo\/"]}]},{"@type":"ImageObject","inLanguage":"fr-FR","@id":"https:\/\/blondeau.be\/fr\/produit\/maxon-lv-airflo\/#primaryimage","url":"https:\/\/blondeau.be\/wp-content\/uploads\/2025\/01\/LV.jpg","contentUrl":"https:\/\/blondeau.be\/wp-content\/uploads\/2025\/01\/LV.jpg","width":1000,"height":1000},{"@type":"BreadcrumbList","@id":"https:\/\/blondeau.be\/fr\/produit\/maxon-lv-airflo\/#breadcrumb","itemListElement":[{"@type":"ListItem","position":1,"name":"Home","item":"https:\/\/blondeau.be\/fr\/accueil\/"},{"@type":"ListItem","position":2,"name":"Catalogue des produits","item":"https:\/\/blondeau.be\/fr\/catalogue-des-produits\/"},{"@type":"ListItem","position":3,"name":"Maxon LV Airflo"}]},{"@type":"WebSite","@id":"https:\/\/blondeau.be\/fr\/#website","url":"https:\/\/blondeau.be\/fr\/","name":"Blondeau","description":"Industrial Heating","publisher":{"@id":"https:\/\/blondeau.be\/fr\/#organization"},"potentialAction":[{"@type":"SearchAction","target":{"@type":"EntryPoint","urlTemplate":"https:\/\/blondeau.be\/fr\/?s={search_term_string}"},"query-input":{"@type":"PropertyValueSpecification","valueRequired":true,"valueName":"search_term_string"}}],"inLanguage":"fr-FR"},{"@type":"Organization","@id":"https:\/\/blondeau.be\/fr\/#organization","name":"Blondeau","url":"https:\/\/blondeau.be\/fr\/","logo":{"@type":"ImageObject","inLanguage":"fr-FR","@id":"https:\/\/blondeau.be\/fr\/#\/schema\/logo\/image\/","url":"https:\/\/blondeau.be\/wp-content\/uploads\/2025\/08\/Logo.jpg","contentUrl":"https:\/\/blondeau.be\/wp-content\/uploads\/2025\/08\/Logo.jpg","width":600,"height":600,"caption":"Blondeau"},"image":{"@id":"https:\/\/blondeau.be\/fr\/#\/schema\/logo\/image\/"}}]}},"_links":{"self":[{"href":"https:\/\/blondeau.be\/fr\/wp-json\/wp\/v2\/product\/28535","targetHints":{"allow":["GET"]}}],"collection":[{"href":"https:\/\/blondeau.be\/fr\/wp-json\/wp\/v2\/product"}],"about":[{"href":"https:\/\/blondeau.be\/fr\/wp-json\/wp\/v2\/types\/product"}],"wp:featuredmedia":[{"embeddable":true,"href":"https:\/\/blondeau.be\/fr\/wp-json\/wp\/v2\/media\/28537"}],"wp:attachment":[{"href":"https:\/\/blondeau.be\/fr\/wp-json\/wp\/v2\/media?parent=28535"}],"wp:term":[{"taxonomy":"product_brand","embeddable":true,"href":"https:\/\/blondeau.be\/fr\/wp-json\/wp\/v2\/product_brand?post=28535"},{"taxonomy":"product_cat","embeddable":true,"href":"https:\/\/blondeau.be\/fr\/wp-json\/wp\/v2\/product_cat?post=28535"},{"taxonomy":"product_tag","embeddable":true,"href":"https:\/\/blondeau.be\/fr\/wp-json\/wp\/v2\/product_tag?post=28535"}],"curies":[{"name":"wp","href":"https:\/\/api.w.org\/{rel}","templated":true}]}}