{"id":28525,"date":"2025-01-21T09:56:43","date_gmt":"2025-01-21T07:56:43","guid":{"rendered":"https:\/\/blondeau.be\/product\/eclipse-ah-ma\/"},"modified":"2025-07-11T16:58:40","modified_gmt":"2025-07-11T14:58:40","slug":"eclipse-ah-ma","status":"publish","type":"product","link":"https:\/\/blondeau.be\/fr\/produit\/eclipse-ah-ma\/","title":{"rendered":"Eclipse AH-MA"},"content":{"rendered":"<p><strong>Les br\u00fbleurs de veine d&rsquo;air Eclipse AH-MA <\/strong>sont des br\u00fbleurs \u00e0 gaz \u00e0 flamme directe, con\u00e7us pour produire une flamme uniforme, inodore et sans fum\u00e9e. Ils sont particuli\u00e8rement adapt\u00e9s au chauffage d&rsquo;air propre ou d&rsquo;air de process contenant au minimum 18 % d\u2019oxyg\u00e8ne, notamment dans les applications de s\u00e9chage. Gr\u00e2ce \u00e0 leur conception innovante, les br\u00fbleurs AH-MA assurent un fonctionnement stable sans besoin de ventilateur d\u2019air de combustion. Ils offrent une large plage de modulation \u00e0 diff\u00e9rentes vitesses d\u2019air de process et avec divers types de combustibles. Chaque br\u00fbleur est constitu\u00e9 d\u2019un collecteur de gaz en fonte ou en aluminium avec ailettes de guidage d\u2019air en acier inoxydable (&lsquo;wings&rsquo;). Leur conception modulaire, reposant sur l\u2019assemblage de sections droites, de t\u00e9s et de croix, permet de r\u00e9aliser pratiquement toutes les configurations possibles. Pour des besoins de grande capacit\u00e9, plusieurs sections command\u00e9es individuellement peuvent \u00eatre combin\u00e9es, offrant ainsi une flexibilit\u00e9 accrue et une r\u00e9gulation optimale.    <\/p>\n<p><b>Caract\u00e9ristiques et avantages :<\/b><\/p>\n<ul>\n \t<\/p>\n<li>Capacit\u00e9 jusqu&rsquo;\u00e0 350 kW par module (300 mm)<\/li>\n<li>Plage de contr\u00f4le jusqu&rsquo;\u00e0 30:1<\/li>\n<li>Temp\u00e9rature d&rsquo;entr\u00e9e maximale : 230 \u00b0C<\/li>\n<li>Temp\u00e9rature de sortie maximale : 450 \u00b0C<\/li>\n<li>Combustible : gaz naturel, propane, butane<\/li>\n<\/ul>\n<p><strong>Documentation :<\/strong><\/p>\n","protected":false},"excerpt":{"rendered":"<p>Les br\u00fbleurs de veine d&rsquo;air Eclipse AH-MA sont des br\u00fbleurs \u00e0 gaz \u00e0 flamme directe, con\u00e7us pour produire une flamme uniforme, inodore et sans fum\u00e9e. Ils sont particuli\u00e8rement adapt\u00e9s au chauffage d&rsquo;air propre ou d&rsquo;air de process contenant au minimum 18 % d\u2019oxyg\u00e8ne, notamment dans les applications de s\u00e9chage. Gr\u00e2ce \u00e0 leur conception innovante, les [&hellip;]<\/p>\n","protected":false},"featured_media":28527,"template":"","meta":{"_acf_changed":false},"product_brand":[],"product_cat":[365],"product_tag":[376],"class_list":{"0":"post-28525","1":"product","2":"type-product","3":"status-publish","4":"has-post-thumbnail","6":"product_cat-bruleurs","7":"product_tag-bruleurs-de-canal","9":"first","10":"instock","11":"taxable","12":"shipping-taxable","13":"product-type-simple"},"acf":[],"yoast_head":"<!-- This site is optimized with the Yoast SEO plugin v26.8 - https:\/\/yoast.com\/product\/yoast-seo-wordpress\/ -->\n<title>Eclipse AH-MA - Blondeau<\/title>\n<meta name=\"robots\" content=\"index, follow, max-snippet:-1, max-image-preview:large, max-video-preview:-1\" \/>\n<link rel=\"canonical\" href=\"https:\/\/blondeau.be\/fr\/produit\/eclipse-ah-ma\/\" \/>\n<meta property=\"og:locale\" content=\"fr_FR\" \/>\n<meta property=\"og:type\" content=\"article\" \/>\n<meta property=\"og:title\" content=\"Eclipse AH-MA - Blondeau\" \/>\n<meta property=\"og:description\" content=\"Les br\u00fbleurs de veine d&rsquo;air Eclipse AH-MA sont des br\u00fbleurs \u00e0 gaz \u00e0 flamme directe, con\u00e7us pour produire une flamme uniforme, inodore et sans fum\u00e9e. Ils sont particuli\u00e8rement adapt\u00e9s au chauffage d&rsquo;air propre ou d&rsquo;air de process contenant au minimum 18 % d\u2019oxyg\u00e8ne, notamment dans les applications de s\u00e9chage. Gr\u00e2ce \u00e0 leur conception innovante, les [&hellip;]\" \/>\n<meta property=\"og:url\" content=\"https:\/\/blondeau.be\/fr\/produit\/eclipse-ah-ma\/\" \/>\n<meta property=\"og:site_name\" content=\"Blondeau\" \/>\n<meta property=\"article:modified_time\" content=\"2025-07-11T14:58:40+00:00\" \/>\n<meta property=\"og:image\" content=\"https:\/\/blondeau.be\/wp-content\/uploads\/2025\/01\/AHMA.jpg\" \/>\n\t<meta property=\"og:image:width\" content=\"615\" \/>\n\t<meta property=\"og:image:height\" content=\"575\" \/>\n\t<meta property=\"og:image:type\" content=\"image\/jpeg\" \/>\n<meta name=\"twitter:card\" content=\"summary_large_image\" \/>\n<meta name=\"twitter:label1\" content=\"Dur\u00e9e de lecture estim\u00e9e\" \/>\n\t<meta name=\"twitter:data1\" content=\"1 minute\" \/>\n<script type=\"application\/ld+json\" class=\"yoast-schema-graph\">{\"@context\":\"https:\/\/schema.org\",\"@graph\":[{\"@type\":\"WebPage\",\"@id\":\"https:\/\/blondeau.be\/fr\/produit\/eclipse-ah-ma\/\",\"url\":\"https:\/\/blondeau.be\/fr\/produit\/eclipse-ah-ma\/\",\"name\":\"Eclipse AH-MA - Blondeau\",\"isPartOf\":{\"@id\":\"https:\/\/blondeau.be\/fr\/#website\"},\"primaryImageOfPage\":{\"@id\":\"https:\/\/blondeau.be\/fr\/produit\/eclipse-ah-ma\/#primaryimage\"},\"image\":{\"@id\":\"https:\/\/blondeau.be\/fr\/produit\/eclipse-ah-ma\/#primaryimage\"},\"thumbnailUrl\":\"https:\/\/blondeau.be\/wp-content\/uploads\/2025\/01\/AHMA.jpg\",\"datePublished\":\"2025-01-21T07:56:43+00:00\",\"dateModified\":\"2025-07-11T14:58:40+00:00\",\"breadcrumb\":{\"@id\":\"https:\/\/blondeau.be\/fr\/produit\/eclipse-ah-ma\/#breadcrumb\"},\"inLanguage\":\"fr-FR\",\"potentialAction\":[{\"@type\":\"ReadAction\",\"target\":[\"https:\/\/blondeau.be\/fr\/produit\/eclipse-ah-ma\/\"]}]},{\"@type\":\"ImageObject\",\"inLanguage\":\"fr-FR\",\"@id\":\"https:\/\/blondeau.be\/fr\/produit\/eclipse-ah-ma\/#primaryimage\",\"url\":\"https:\/\/blondeau.be\/wp-content\/uploads\/2025\/01\/AHMA.jpg\",\"contentUrl\":\"https:\/\/blondeau.be\/wp-content\/uploads\/2025\/01\/AHMA.jpg\",\"width\":615,\"height\":575},{\"@type\":\"BreadcrumbList\",\"@id\":\"https:\/\/blondeau.be\/fr\/produit\/eclipse-ah-ma\/#breadcrumb\",\"itemListElement\":[{\"@type\":\"ListItem\",\"position\":1,\"name\":\"Home\",\"item\":\"https:\/\/blondeau.be\/fr\/accueil\/\"},{\"@type\":\"ListItem\",\"position\":2,\"name\":\"Catalogue des produits\",\"item\":\"https:\/\/blondeau.be\/fr\/catalogue-des-produits\/\"},{\"@type\":\"ListItem\",\"position\":3,\"name\":\"Eclipse AH-MA\"}]},{\"@type\":\"WebSite\",\"@id\":\"https:\/\/blondeau.be\/fr\/#website\",\"url\":\"https:\/\/blondeau.be\/fr\/\",\"name\":\"Blondeau\",\"description\":\"Industrial Heating\",\"publisher\":{\"@id\":\"https:\/\/blondeau.be\/fr\/#organization\"},\"potentialAction\":[{\"@type\":\"SearchAction\",\"target\":{\"@type\":\"EntryPoint\",\"urlTemplate\":\"https:\/\/blondeau.be\/fr\/?s={search_term_string}\"},\"query-input\":{\"@type\":\"PropertyValueSpecification\",\"valueRequired\":true,\"valueName\":\"search_term_string\"}}],\"inLanguage\":\"fr-FR\"},{\"@type\":\"Organization\",\"@id\":\"https:\/\/blondeau.be\/fr\/#organization\",\"name\":\"Blondeau\",\"url\":\"https:\/\/blondeau.be\/fr\/\",\"logo\":{\"@type\":\"ImageObject\",\"inLanguage\":\"fr-FR\",\"@id\":\"https:\/\/blondeau.be\/fr\/#\/schema\/logo\/image\/\",\"url\":\"https:\/\/blondeau.be\/wp-content\/uploads\/2025\/08\/Logo.jpg\",\"contentUrl\":\"https:\/\/blondeau.be\/wp-content\/uploads\/2025\/08\/Logo.jpg\",\"width\":600,\"height\":600,\"caption\":\"Blondeau\"},\"image\":{\"@id\":\"https:\/\/blondeau.be\/fr\/#\/schema\/logo\/image\/\"}}]}<\/script>\n<!-- \/ Yoast SEO plugin. -->","yoast_head_json":{"title":"Eclipse AH-MA - Blondeau","robots":{"index":"index","follow":"follow","max-snippet":"max-snippet:-1","max-image-preview":"max-image-preview:large","max-video-preview":"max-video-preview:-1"},"canonical":"https:\/\/blondeau.be\/fr\/produit\/eclipse-ah-ma\/","og_locale":"fr_FR","og_type":"article","og_title":"Eclipse AH-MA - Blondeau","og_description":"Les br\u00fbleurs de veine d&rsquo;air Eclipse AH-MA sont des br\u00fbleurs \u00e0 gaz \u00e0 flamme directe, con\u00e7us pour produire une flamme uniforme, inodore et sans fum\u00e9e. Ils sont particuli\u00e8rement adapt\u00e9s au chauffage d&rsquo;air propre ou d&rsquo;air de process contenant au minimum 18 % d\u2019oxyg\u00e8ne, notamment dans les applications de s\u00e9chage. Gr\u00e2ce \u00e0 leur conception innovante, les [&hellip;]","og_url":"https:\/\/blondeau.be\/fr\/produit\/eclipse-ah-ma\/","og_site_name":"Blondeau","article_modified_time":"2025-07-11T14:58:40+00:00","og_image":[{"width":615,"height":575,"url":"https:\/\/blondeau.be\/wp-content\/uploads\/2025\/01\/AHMA.jpg","type":"image\/jpeg"}],"twitter_card":"summary_large_image","twitter_misc":{"Dur\u00e9e de lecture estim\u00e9e":"1 minute"},"schema":{"@context":"https:\/\/schema.org","@graph":[{"@type":"WebPage","@id":"https:\/\/blondeau.be\/fr\/produit\/eclipse-ah-ma\/","url":"https:\/\/blondeau.be\/fr\/produit\/eclipse-ah-ma\/","name":"Eclipse AH-MA - Blondeau","isPartOf":{"@id":"https:\/\/blondeau.be\/fr\/#website"},"primaryImageOfPage":{"@id":"https:\/\/blondeau.be\/fr\/produit\/eclipse-ah-ma\/#primaryimage"},"image":{"@id":"https:\/\/blondeau.be\/fr\/produit\/eclipse-ah-ma\/#primaryimage"},"thumbnailUrl":"https:\/\/blondeau.be\/wp-content\/uploads\/2025\/01\/AHMA.jpg","datePublished":"2025-01-21T07:56:43+00:00","dateModified":"2025-07-11T14:58:40+00:00","breadcrumb":{"@id":"https:\/\/blondeau.be\/fr\/produit\/eclipse-ah-ma\/#breadcrumb"},"inLanguage":"fr-FR","potentialAction":[{"@type":"ReadAction","target":["https:\/\/blondeau.be\/fr\/produit\/eclipse-ah-ma\/"]}]},{"@type":"ImageObject","inLanguage":"fr-FR","@id":"https:\/\/blondeau.be\/fr\/produit\/eclipse-ah-ma\/#primaryimage","url":"https:\/\/blondeau.be\/wp-content\/uploads\/2025\/01\/AHMA.jpg","contentUrl":"https:\/\/blondeau.be\/wp-content\/uploads\/2025\/01\/AHMA.jpg","width":615,"height":575},{"@type":"BreadcrumbList","@id":"https:\/\/blondeau.be\/fr\/produit\/eclipse-ah-ma\/#breadcrumb","itemListElement":[{"@type":"ListItem","position":1,"name":"Home","item":"https:\/\/blondeau.be\/fr\/accueil\/"},{"@type":"ListItem","position":2,"name":"Catalogue des produits","item":"https:\/\/blondeau.be\/fr\/catalogue-des-produits\/"},{"@type":"ListItem","position":3,"name":"Eclipse AH-MA"}]},{"@type":"WebSite","@id":"https:\/\/blondeau.be\/fr\/#website","url":"https:\/\/blondeau.be\/fr\/","name":"Blondeau","description":"Industrial Heating","publisher":{"@id":"https:\/\/blondeau.be\/fr\/#organization"},"potentialAction":[{"@type":"SearchAction","target":{"@type":"EntryPoint","urlTemplate":"https:\/\/blondeau.be\/fr\/?s={search_term_string}"},"query-input":{"@type":"PropertyValueSpecification","valueRequired":true,"valueName":"search_term_string"}}],"inLanguage":"fr-FR"},{"@type":"Organization","@id":"https:\/\/blondeau.be\/fr\/#organization","name":"Blondeau","url":"https:\/\/blondeau.be\/fr\/","logo":{"@type":"ImageObject","inLanguage":"fr-FR","@id":"https:\/\/blondeau.be\/fr\/#\/schema\/logo\/image\/","url":"https:\/\/blondeau.be\/wp-content\/uploads\/2025\/08\/Logo.jpg","contentUrl":"https:\/\/blondeau.be\/wp-content\/uploads\/2025\/08\/Logo.jpg","width":600,"height":600,"caption":"Blondeau"},"image":{"@id":"https:\/\/blondeau.be\/fr\/#\/schema\/logo\/image\/"}}]}},"_links":{"self":[{"href":"https:\/\/blondeau.be\/fr\/wp-json\/wp\/v2\/product\/28525","targetHints":{"allow":["GET"]}}],"collection":[{"href":"https:\/\/blondeau.be\/fr\/wp-json\/wp\/v2\/product"}],"about":[{"href":"https:\/\/blondeau.be\/fr\/wp-json\/wp\/v2\/types\/product"}],"wp:featuredmedia":[{"embeddable":true,"href":"https:\/\/blondeau.be\/fr\/wp-json\/wp\/v2\/media\/28527"}],"wp:attachment":[{"href":"https:\/\/blondeau.be\/fr\/wp-json\/wp\/v2\/media?parent=28525"}],"wp:term":[{"taxonomy":"product_brand","embeddable":true,"href":"https:\/\/blondeau.be\/fr\/wp-json\/wp\/v2\/product_brand?post=28525"},{"taxonomy":"product_cat","embeddable":true,"href":"https:\/\/blondeau.be\/fr\/wp-json\/wp\/v2\/product_cat?post=28525"},{"taxonomy":"product_tag","embeddable":true,"href":"https:\/\/blondeau.be\/fr\/wp-json\/wp\/v2\/product_tag?post=28525"}],"curies":[{"name":"wp","href":"https:\/\/api.w.org\/{rel}","templated":true}]}}