{"id":28518,"date":"2025-01-20T17:04:35","date_gmt":"2025-01-20T15:04:35","guid":{"rendered":"https:\/\/blondeau.be\/product\/kromschroder-bic-bica-bicw-zic-zicw\/"},"modified":"2025-06-30T15:34:26","modified_gmt":"2025-06-30T13:34:26","slug":"kromschroder-bic-bica-bicw-zic-zicw","status":"publish","type":"product","link":"https:\/\/blondeau.be\/fr\/produit\/kromschroder-bic-bica-bicw-zic-zicw\/","title":{"rendered":"Kromschr\u00f6der BIC, BICA, BICW, ZIC, ZICW"},"content":{"rendered":"<p data-start=\"0\" data-end=\"118\">Ces br\u00fbleurs, dot\u00e9s d\u2019un corps en acier moul\u00e9 (BIC), en aluminium (BICA) ou en t\u00f4le d\u2019acier (ZIC), sont con\u00e7us pour le chauffage d\u2019installations thermiques industrielles. En combinaison avec l\u2019ensemble de tubes c\u00e9ramiques TSC, ils conviennent \u00e0 une utilisation dans des fours industriels \u00e0 parois en ma\u00e7onnerie ou \u00e0 rev\u00eatement en fibres. <\/p>\n<p>&nbsp;<\/p>\n<p data-start=\"120\" data-end=\"148\"><strong data-start=\"120\" data-end=\"146\">Caract\u00e9ristiques et avantages :<\/strong><\/p>\n<ul data-start=\"149\" data-end=\"619\" data-is-only-node=\"\" data-is-last-node=\"\">\n<li data-start=\"149\" data-end=\"180\">Taille des br\u00fbleurs : de 50 \u00e0 200<\/li>\n<li data-start=\"181\" data-end=\"209\">Puissance : 10 \u00e0 1000 kW<\/li>\n<li data-start=\"210\" data-end=\"297\">Applications : convient pour l&rsquo;air froid, l&rsquo;air chaud, les flammes plates et les applications \u00e0 haute temp\u00e9rature.<\/li>\n<li data-start=\"298\" data-end=\"447\">Types de combustibles : gaz naturel, gaz de cokerie, gaz de ville ou gaz liqu\u00e9fi\u00e9s, ainsi que m\u00e9thane produit biologiquement ou gaz \u00e0 faible pouvoir calorifique sur demande.<\/li>\n<li data-start=\"448\" data-end=\"482\">Longueur du br\u00fbleur : de 300 \u00e0 1200 mm<\/li>\n<li data-start=\"483\" data-end=\"515\">Raccordement au gaz : filet\u00e9<\/li>\n<li data-start=\"516\" data-end=\"619\" data-is-last-node=\"\">Versions disponibles : br\u00fbleur avec lance d&rsquo;allumage int\u00e9gr\u00e9e et bo\u00eetier avec isolation interne<\/li>\n<\/ul>\n<p><strong>Documentation :<\/strong><\/p>\n","protected":false},"excerpt":{"rendered":"<p>Ces br\u00fbleurs, dot\u00e9s d\u2019un corps en acier moul\u00e9 (BIC), en aluminium (BICA) ou en t\u00f4le d\u2019acier (ZIC), sont con\u00e7us pour le chauffage d\u2019installations thermiques industrielles. En combinaison avec l\u2019ensemble de tubes c\u00e9ramiques TSC, ils conviennent \u00e0 une utilisation dans des fours industriels \u00e0 parois en ma\u00e7onnerie ou \u00e0 rev\u00eatement en fibres. &nbsp; Caract\u00e9ristiques et avantages [&hellip;]<\/p>\n","protected":false},"featured_media":28522,"template":"","meta":{"_acf_changed":false},"product_brand":[],"product_cat":[384],"product_tag":[366],"class_list":{"0":"post-28518","1":"product","2":"type-product","3":"status-publish","4":"has-post-thumbnail","6":"product_cat-bruleurs-melange-au-nez","7":"product_tag-bruleurs-melange","9":"first","10":"instock","11":"taxable","12":"shipping-taxable","13":"product-type-simple"},"acf":[],"yoast_head":"<!-- This site is optimized with the Yoast SEO plugin v26.8 - https:\/\/yoast.com\/product\/yoast-seo-wordpress\/ -->\n<title>Kromschr\u00f6der BIC, BICA, BICW, ZIC, ZICW - Blondeau<\/title>\n<meta name=\"robots\" content=\"index, follow, max-snippet:-1, max-image-preview:large, max-video-preview:-1\" \/>\n<link rel=\"canonical\" href=\"https:\/\/blondeau.be\/fr\/produit\/kromschroder-bic-bica-bicw-zic-zicw\/\" \/>\n<meta property=\"og:locale\" content=\"fr_FR\" \/>\n<meta property=\"og:type\" content=\"article\" \/>\n<meta property=\"og:title\" content=\"Kromschr\u00f6der BIC, BICA, BICW, ZIC, ZICW - Blondeau\" \/>\n<meta property=\"og:description\" content=\"Ces br\u00fbleurs, dot\u00e9s d\u2019un corps en acier moul\u00e9 (BIC), en aluminium (BICA) ou en t\u00f4le d\u2019acier (ZIC), sont con\u00e7us pour le chauffage d\u2019installations thermiques industrielles. En combinaison avec l\u2019ensemble de tubes c\u00e9ramiques TSC, ils conviennent \u00e0 une utilisation dans des fours industriels \u00e0 parois en ma\u00e7onnerie ou \u00e0 rev\u00eatement en fibres. &nbsp; Caract\u00e9ristiques et avantages [&hellip;]\" \/>\n<meta property=\"og:url\" content=\"https:\/\/blondeau.be\/fr\/produit\/kromschroder-bic-bica-bicw-zic-zicw\/\" \/>\n<meta property=\"og:site_name\" content=\"Blondeau\" \/>\n<meta property=\"article:modified_time\" content=\"2025-06-30T13:34:26+00:00\" \/>\n<meta property=\"og:image\" content=\"https:\/\/blondeau.be\/wp-content\/uploads\/2025\/01\/Bkc.jpg\" \/>\n\t<meta property=\"og:image:width\" content=\"615\" \/>\n\t<meta property=\"og:image:height\" content=\"575\" \/>\n\t<meta property=\"og:image:type\" content=\"image\/jpeg\" \/>\n<meta name=\"twitter:card\" content=\"summary_large_image\" \/>\n<meta name=\"twitter:label1\" content=\"Dur\u00e9e de lecture estim\u00e9e\" \/>\n\t<meta name=\"twitter:data1\" content=\"1 minute\" \/>\n<script type=\"application\/ld+json\" class=\"yoast-schema-graph\">{\"@context\":\"https:\/\/schema.org\",\"@graph\":[{\"@type\":\"WebPage\",\"@id\":\"https:\/\/blondeau.be\/fr\/produit\/kromschroder-bic-bica-bicw-zic-zicw\/\",\"url\":\"https:\/\/blondeau.be\/fr\/produit\/kromschroder-bic-bica-bicw-zic-zicw\/\",\"name\":\"Kromschr\u00f6der BIC, BICA, BICW, ZIC, ZICW - Blondeau\",\"isPartOf\":{\"@id\":\"https:\/\/blondeau.be\/fr\/#website\"},\"primaryImageOfPage\":{\"@id\":\"https:\/\/blondeau.be\/fr\/produit\/kromschroder-bic-bica-bicw-zic-zicw\/#primaryimage\"},\"image\":{\"@id\":\"https:\/\/blondeau.be\/fr\/produit\/kromschroder-bic-bica-bicw-zic-zicw\/#primaryimage\"},\"thumbnailUrl\":\"https:\/\/blondeau.be\/wp-content\/uploads\/2025\/01\/Bkc.jpg\",\"datePublished\":\"2025-01-20T15:04:35+00:00\",\"dateModified\":\"2025-06-30T13:34:26+00:00\",\"breadcrumb\":{\"@id\":\"https:\/\/blondeau.be\/fr\/produit\/kromschroder-bic-bica-bicw-zic-zicw\/#breadcrumb\"},\"inLanguage\":\"fr-FR\",\"potentialAction\":[{\"@type\":\"ReadAction\",\"target\":[\"https:\/\/blondeau.be\/fr\/produit\/kromschroder-bic-bica-bicw-zic-zicw\/\"]}]},{\"@type\":\"ImageObject\",\"inLanguage\":\"fr-FR\",\"@id\":\"https:\/\/blondeau.be\/fr\/produit\/kromschroder-bic-bica-bicw-zic-zicw\/#primaryimage\",\"url\":\"https:\/\/blondeau.be\/wp-content\/uploads\/2025\/01\/Bkc.jpg\",\"contentUrl\":\"https:\/\/blondeau.be\/wp-content\/uploads\/2025\/01\/Bkc.jpg\",\"width\":615,\"height\":575},{\"@type\":\"BreadcrumbList\",\"@id\":\"https:\/\/blondeau.be\/fr\/produit\/kromschroder-bic-bica-bicw-zic-zicw\/#breadcrumb\",\"itemListElement\":[{\"@type\":\"ListItem\",\"position\":1,\"name\":\"Home\",\"item\":\"https:\/\/blondeau.be\/fr\/accueil\/\"},{\"@type\":\"ListItem\",\"position\":2,\"name\":\"Catalogue des produits\",\"item\":\"https:\/\/blondeau.be\/fr\/catalogue-des-produits\/\"},{\"@type\":\"ListItem\",\"position\":3,\"name\":\"Kromschr\u00f6der BIC, BICA, BICW, ZIC, ZICW\"}]},{\"@type\":\"WebSite\",\"@id\":\"https:\/\/blondeau.be\/fr\/#website\",\"url\":\"https:\/\/blondeau.be\/fr\/\",\"name\":\"Blondeau\",\"description\":\"Industrial Heating\",\"publisher\":{\"@id\":\"https:\/\/blondeau.be\/fr\/#organization\"},\"potentialAction\":[{\"@type\":\"SearchAction\",\"target\":{\"@type\":\"EntryPoint\",\"urlTemplate\":\"https:\/\/blondeau.be\/fr\/?s={search_term_string}\"},\"query-input\":{\"@type\":\"PropertyValueSpecification\",\"valueRequired\":true,\"valueName\":\"search_term_string\"}}],\"inLanguage\":\"fr-FR\"},{\"@type\":\"Organization\",\"@id\":\"https:\/\/blondeau.be\/fr\/#organization\",\"name\":\"Blondeau\",\"url\":\"https:\/\/blondeau.be\/fr\/\",\"logo\":{\"@type\":\"ImageObject\",\"inLanguage\":\"fr-FR\",\"@id\":\"https:\/\/blondeau.be\/fr\/#\/schema\/logo\/image\/\",\"url\":\"https:\/\/blondeau.be\/wp-content\/uploads\/2025\/08\/Logo.jpg\",\"contentUrl\":\"https:\/\/blondeau.be\/wp-content\/uploads\/2025\/08\/Logo.jpg\",\"width\":600,\"height\":600,\"caption\":\"Blondeau\"},\"image\":{\"@id\":\"https:\/\/blondeau.be\/fr\/#\/schema\/logo\/image\/\"}}]}<\/script>\n<!-- \/ Yoast SEO plugin. -->","yoast_head_json":{"title":"Kromschr\u00f6der BIC, BICA, BICW, ZIC, ZICW - Blondeau","robots":{"index":"index","follow":"follow","max-snippet":"max-snippet:-1","max-image-preview":"max-image-preview:large","max-video-preview":"max-video-preview:-1"},"canonical":"https:\/\/blondeau.be\/fr\/produit\/kromschroder-bic-bica-bicw-zic-zicw\/","og_locale":"fr_FR","og_type":"article","og_title":"Kromschr\u00f6der BIC, BICA, BICW, ZIC, ZICW - Blondeau","og_description":"Ces br\u00fbleurs, dot\u00e9s d\u2019un corps en acier moul\u00e9 (BIC), en aluminium (BICA) ou en t\u00f4le d\u2019acier (ZIC), sont con\u00e7us pour le chauffage d\u2019installations thermiques industrielles. En combinaison avec l\u2019ensemble de tubes c\u00e9ramiques TSC, ils conviennent \u00e0 une utilisation dans des fours industriels \u00e0 parois en ma\u00e7onnerie ou \u00e0 rev\u00eatement en fibres. &nbsp; Caract\u00e9ristiques et avantages [&hellip;]","og_url":"https:\/\/blondeau.be\/fr\/produit\/kromschroder-bic-bica-bicw-zic-zicw\/","og_site_name":"Blondeau","article_modified_time":"2025-06-30T13:34:26+00:00","og_image":[{"width":615,"height":575,"url":"https:\/\/blondeau.be\/wp-content\/uploads\/2025\/01\/Bkc.jpg","type":"image\/jpeg"}],"twitter_card":"summary_large_image","twitter_misc":{"Dur\u00e9e de lecture estim\u00e9e":"1 minute"},"schema":{"@context":"https:\/\/schema.org","@graph":[{"@type":"WebPage","@id":"https:\/\/blondeau.be\/fr\/produit\/kromschroder-bic-bica-bicw-zic-zicw\/","url":"https:\/\/blondeau.be\/fr\/produit\/kromschroder-bic-bica-bicw-zic-zicw\/","name":"Kromschr\u00f6der BIC, BICA, BICW, ZIC, ZICW - Blondeau","isPartOf":{"@id":"https:\/\/blondeau.be\/fr\/#website"},"primaryImageOfPage":{"@id":"https:\/\/blondeau.be\/fr\/produit\/kromschroder-bic-bica-bicw-zic-zicw\/#primaryimage"},"image":{"@id":"https:\/\/blondeau.be\/fr\/produit\/kromschroder-bic-bica-bicw-zic-zicw\/#primaryimage"},"thumbnailUrl":"https:\/\/blondeau.be\/wp-content\/uploads\/2025\/01\/Bkc.jpg","datePublished":"2025-01-20T15:04:35+00:00","dateModified":"2025-06-30T13:34:26+00:00","breadcrumb":{"@id":"https:\/\/blondeau.be\/fr\/produit\/kromschroder-bic-bica-bicw-zic-zicw\/#breadcrumb"},"inLanguage":"fr-FR","potentialAction":[{"@type":"ReadAction","target":["https:\/\/blondeau.be\/fr\/produit\/kromschroder-bic-bica-bicw-zic-zicw\/"]}]},{"@type":"ImageObject","inLanguage":"fr-FR","@id":"https:\/\/blondeau.be\/fr\/produit\/kromschroder-bic-bica-bicw-zic-zicw\/#primaryimage","url":"https:\/\/blondeau.be\/wp-content\/uploads\/2025\/01\/Bkc.jpg","contentUrl":"https:\/\/blondeau.be\/wp-content\/uploads\/2025\/01\/Bkc.jpg","width":615,"height":575},{"@type":"BreadcrumbList","@id":"https:\/\/blondeau.be\/fr\/produit\/kromschroder-bic-bica-bicw-zic-zicw\/#breadcrumb","itemListElement":[{"@type":"ListItem","position":1,"name":"Home","item":"https:\/\/blondeau.be\/fr\/accueil\/"},{"@type":"ListItem","position":2,"name":"Catalogue des produits","item":"https:\/\/blondeau.be\/fr\/catalogue-des-produits\/"},{"@type":"ListItem","position":3,"name":"Kromschr\u00f6der BIC, BICA, BICW, ZIC, ZICW"}]},{"@type":"WebSite","@id":"https:\/\/blondeau.be\/fr\/#website","url":"https:\/\/blondeau.be\/fr\/","name":"Blondeau","description":"Industrial Heating","publisher":{"@id":"https:\/\/blondeau.be\/fr\/#organization"},"potentialAction":[{"@type":"SearchAction","target":{"@type":"EntryPoint","urlTemplate":"https:\/\/blondeau.be\/fr\/?s={search_term_string}"},"query-input":{"@type":"PropertyValueSpecification","valueRequired":true,"valueName":"search_term_string"}}],"inLanguage":"fr-FR"},{"@type":"Organization","@id":"https:\/\/blondeau.be\/fr\/#organization","name":"Blondeau","url":"https:\/\/blondeau.be\/fr\/","logo":{"@type":"ImageObject","inLanguage":"fr-FR","@id":"https:\/\/blondeau.be\/fr\/#\/schema\/logo\/image\/","url":"https:\/\/blondeau.be\/wp-content\/uploads\/2025\/08\/Logo.jpg","contentUrl":"https:\/\/blondeau.be\/wp-content\/uploads\/2025\/08\/Logo.jpg","width":600,"height":600,"caption":"Blondeau"},"image":{"@id":"https:\/\/blondeau.be\/fr\/#\/schema\/logo\/image\/"}}]}},"_links":{"self":[{"href":"https:\/\/blondeau.be\/fr\/wp-json\/wp\/v2\/product\/28518","targetHints":{"allow":["GET"]}}],"collection":[{"href":"https:\/\/blondeau.be\/fr\/wp-json\/wp\/v2\/product"}],"about":[{"href":"https:\/\/blondeau.be\/fr\/wp-json\/wp\/v2\/types\/product"}],"wp:featuredmedia":[{"embeddable":true,"href":"https:\/\/blondeau.be\/fr\/wp-json\/wp\/v2\/media\/28522"}],"wp:attachment":[{"href":"https:\/\/blondeau.be\/fr\/wp-json\/wp\/v2\/media?parent=28518"}],"wp:term":[{"taxonomy":"product_brand","embeddable":true,"href":"https:\/\/blondeau.be\/fr\/wp-json\/wp\/v2\/product_brand?post=28518"},{"taxonomy":"product_cat","embeddable":true,"href":"https:\/\/blondeau.be\/fr\/wp-json\/wp\/v2\/product_cat?post=28518"},{"taxonomy":"product_tag","embeddable":true,"href":"https:\/\/blondeau.be\/fr\/wp-json\/wp\/v2\/product_tag?post=28518"}],"curies":[{"name":"wp","href":"https:\/\/api.w.org\/{rel}","templated":true}]}}