{"id":28499,"date":"2025-01-20T17:05:14","date_gmt":"2025-01-20T15:05:14","guid":{"rendered":"https:\/\/blondeau.be\/product\/kromschroder-zai\/"},"modified":"2025-09-01T15:43:33","modified_gmt":"2025-09-01T13:43:33","slug":"kromschroder-zai","status":"publish","type":"product","link":"https:\/\/blondeau.be\/fr\/produit\/kromschroder-zai\/","title":{"rendered":"Kromschr\u00f6der ZAI"},"content":{"rendered":"<p>Le br\u00fbleur pilote <strong data-start=\"101\" data-end=\"135\">ZAI <\/strong>de Kromschr\u00f6der est con\u00e7u pour assurer un allumage s\u00fbr ainsi qu\u2019une surveillance fiable de la flamme des br\u00fbleurs \u00e0 gaz atmosph\u00e9riques. Il fonctionne en association avec des bo\u00eetiers de s\u00e9curit\u00e9, tels que ceux de la s\u00e9rie IFD. Avec une puissance d\u2019environ 3\u202fkW, le ZAI est adapt\u00e9 \u00e0 une utilisation avec du gaz naturel ou du propane.  <\/p>\n<p><strong>Caract\u00e9ristiques et avantages :<\/strong><\/p>\n<ul>\n<li>Br\u00fbleur pilote atmosph\u00e9rique<\/li>\n<li>Capacit\u00e9 : 3 kW (environ 2500 kcal\/h)<\/li>\n<li>Contr\u00f4le de l&rsquo;allumage direct et de l&rsquo;ionisation<\/li>\n<li>Temp\u00e9rature ambiante maximale : 500 \u00b0C<\/li>\n<li>Raccordement au gaz : tube Cu 8 x 1<\/li>\n<li>Classe de protection : IP 20<\/li>\n<li>Accessoires : tube de protection<\/li>\n<\/ul>\n<p><strong>Documentation :<\/strong><\/p>\n","protected":false},"excerpt":{"rendered":"<p>Le br\u00fbleur pilote ZAI de Kromschr\u00f6der est con\u00e7u pour assurer un allumage s\u00fbr ainsi qu\u2019une surveillance fiable de la flamme des br\u00fbleurs \u00e0 gaz atmosph\u00e9riques. Il fonctionne en association avec des bo\u00eetiers de s\u00e9curit\u00e9, tels que ceux de la s\u00e9rie IFD. Avec une puissance d\u2019environ 3\u202fkW, le ZAI est adapt\u00e9 \u00e0 une utilisation avec du [&hellip;]<\/p>\n","protected":false},"featured_media":28501,"template":"","meta":{"_acf_changed":false},"product_brand":[],"product_cat":[385],"product_tag":[386],"class_list":{"0":"post-28499","1":"product","2":"type-product","3":"status-publish","4":"has-post-thumbnail","6":"product_cat-bruleurs-pilotes","7":"product_tag-bruleurs-pilotes","9":"first","10":"instock","11":"taxable","12":"shipping-taxable","13":"product-type-simple"},"acf":[],"yoast_head":"<!-- This site is optimized with the Yoast SEO plugin v26.8 - https:\/\/yoast.com\/product\/yoast-seo-wordpress\/ -->\n<title>Kromschr\u00f6der ZAI - Blondeau<\/title>\n<meta name=\"robots\" content=\"index, follow, max-snippet:-1, max-image-preview:large, max-video-preview:-1\" \/>\n<link rel=\"canonical\" href=\"https:\/\/blondeau.be\/fr\/produit\/kromschroder-zai\/\" \/>\n<meta property=\"og:locale\" content=\"fr_FR\" \/>\n<meta property=\"og:type\" content=\"article\" \/>\n<meta property=\"og:title\" content=\"Kromschr\u00f6der ZAI - Blondeau\" \/>\n<meta property=\"og:description\" content=\"Le br\u00fbleur pilote ZAI de Kromschr\u00f6der est con\u00e7u pour assurer un allumage s\u00fbr ainsi qu\u2019une surveillance fiable de la flamme des br\u00fbleurs \u00e0 gaz atmosph\u00e9riques. Il fonctionne en association avec des bo\u00eetiers de s\u00e9curit\u00e9, tels que ceux de la s\u00e9rie IFD. Avec une puissance d\u2019environ 3\u202fkW, le ZAI est adapt\u00e9 \u00e0 une utilisation avec du [&hellip;]\" \/>\n<meta property=\"og:url\" content=\"https:\/\/blondeau.be\/fr\/produit\/kromschroder-zai\/\" \/>\n<meta property=\"og:site_name\" content=\"Blondeau\" \/>\n<meta property=\"article:modified_time\" content=\"2025-09-01T13:43:33+00:00\" \/>\n<meta property=\"og:image\" content=\"https:\/\/blondeau.be\/wp-content\/uploads\/2025\/01\/Zai.jpg\" \/>\n\t<meta property=\"og:image:width\" content=\"615\" \/>\n\t<meta property=\"og:image:height\" content=\"575\" \/>\n\t<meta property=\"og:image:type\" content=\"image\/jpeg\" \/>\n<meta name=\"twitter:card\" content=\"summary_large_image\" \/>\n<meta name=\"twitter:label1\" content=\"Dur\u00e9e de lecture estim\u00e9e\" \/>\n\t<meta name=\"twitter:data1\" content=\"1 minute\" \/>\n<script type=\"application\/ld+json\" class=\"yoast-schema-graph\">{\"@context\":\"https:\/\/schema.org\",\"@graph\":[{\"@type\":\"WebPage\",\"@id\":\"https:\/\/blondeau.be\/fr\/produit\/kromschroder-zai\/\",\"url\":\"https:\/\/blondeau.be\/fr\/produit\/kromschroder-zai\/\",\"name\":\"Kromschr\u00f6der ZAI - Blondeau\",\"isPartOf\":{\"@id\":\"https:\/\/blondeau.be\/fr\/#website\"},\"primaryImageOfPage\":{\"@id\":\"https:\/\/blondeau.be\/fr\/produit\/kromschroder-zai\/#primaryimage\"},\"image\":{\"@id\":\"https:\/\/blondeau.be\/fr\/produit\/kromschroder-zai\/#primaryimage\"},\"thumbnailUrl\":\"https:\/\/blondeau.be\/wp-content\/uploads\/2025\/01\/Zai.jpg\",\"datePublished\":\"2025-01-20T15:05:14+00:00\",\"dateModified\":\"2025-09-01T13:43:33+00:00\",\"breadcrumb\":{\"@id\":\"https:\/\/blondeau.be\/fr\/produit\/kromschroder-zai\/#breadcrumb\"},\"inLanguage\":\"fr-FR\",\"potentialAction\":[{\"@type\":\"ReadAction\",\"target\":[\"https:\/\/blondeau.be\/fr\/produit\/kromschroder-zai\/\"]}]},{\"@type\":\"ImageObject\",\"inLanguage\":\"fr-FR\",\"@id\":\"https:\/\/blondeau.be\/fr\/produit\/kromschroder-zai\/#primaryimage\",\"url\":\"https:\/\/blondeau.be\/wp-content\/uploads\/2025\/01\/Zai.jpg\",\"contentUrl\":\"https:\/\/blondeau.be\/wp-content\/uploads\/2025\/01\/Zai.jpg\",\"width\":615,\"height\":575},{\"@type\":\"BreadcrumbList\",\"@id\":\"https:\/\/blondeau.be\/fr\/produit\/kromschroder-zai\/#breadcrumb\",\"itemListElement\":[{\"@type\":\"ListItem\",\"position\":1,\"name\":\"Home\",\"item\":\"https:\/\/blondeau.be\/fr\/accueil\/\"},{\"@type\":\"ListItem\",\"position\":2,\"name\":\"Catalogue des produits\",\"item\":\"https:\/\/blondeau.be\/fr\/catalogue-des-produits\/\"},{\"@type\":\"ListItem\",\"position\":3,\"name\":\"Kromschr\u00f6der ZAI\"}]},{\"@type\":\"WebSite\",\"@id\":\"https:\/\/blondeau.be\/fr\/#website\",\"url\":\"https:\/\/blondeau.be\/fr\/\",\"name\":\"Blondeau\",\"description\":\"Industrial Heating\",\"publisher\":{\"@id\":\"https:\/\/blondeau.be\/fr\/#organization\"},\"potentialAction\":[{\"@type\":\"SearchAction\",\"target\":{\"@type\":\"EntryPoint\",\"urlTemplate\":\"https:\/\/blondeau.be\/fr\/?s={search_term_string}\"},\"query-input\":{\"@type\":\"PropertyValueSpecification\",\"valueRequired\":true,\"valueName\":\"search_term_string\"}}],\"inLanguage\":\"fr-FR\"},{\"@type\":\"Organization\",\"@id\":\"https:\/\/blondeau.be\/fr\/#organization\",\"name\":\"Blondeau\",\"url\":\"https:\/\/blondeau.be\/fr\/\",\"logo\":{\"@type\":\"ImageObject\",\"inLanguage\":\"fr-FR\",\"@id\":\"https:\/\/blondeau.be\/fr\/#\/schema\/logo\/image\/\",\"url\":\"https:\/\/blondeau.be\/wp-content\/uploads\/2025\/08\/Logo.jpg\",\"contentUrl\":\"https:\/\/blondeau.be\/wp-content\/uploads\/2025\/08\/Logo.jpg\",\"width\":600,\"height\":600,\"caption\":\"Blondeau\"},\"image\":{\"@id\":\"https:\/\/blondeau.be\/fr\/#\/schema\/logo\/image\/\"}}]}<\/script>\n<!-- \/ Yoast SEO plugin. -->","yoast_head_json":{"title":"Kromschr\u00f6der ZAI - Blondeau","robots":{"index":"index","follow":"follow","max-snippet":"max-snippet:-1","max-image-preview":"max-image-preview:large","max-video-preview":"max-video-preview:-1"},"canonical":"https:\/\/blondeau.be\/fr\/produit\/kromschroder-zai\/","og_locale":"fr_FR","og_type":"article","og_title":"Kromschr\u00f6der ZAI - Blondeau","og_description":"Le br\u00fbleur pilote ZAI de Kromschr\u00f6der est con\u00e7u pour assurer un allumage s\u00fbr ainsi qu\u2019une surveillance fiable de la flamme des br\u00fbleurs \u00e0 gaz atmosph\u00e9riques. Il fonctionne en association avec des bo\u00eetiers de s\u00e9curit\u00e9, tels que ceux de la s\u00e9rie IFD. Avec une puissance d\u2019environ 3\u202fkW, le ZAI est adapt\u00e9 \u00e0 une utilisation avec du [&hellip;]","og_url":"https:\/\/blondeau.be\/fr\/produit\/kromschroder-zai\/","og_site_name":"Blondeau","article_modified_time":"2025-09-01T13:43:33+00:00","og_image":[{"width":615,"height":575,"url":"https:\/\/blondeau.be\/wp-content\/uploads\/2025\/01\/Zai.jpg","type":"image\/jpeg"}],"twitter_card":"summary_large_image","twitter_misc":{"Dur\u00e9e de lecture estim\u00e9e":"1 minute"},"schema":{"@context":"https:\/\/schema.org","@graph":[{"@type":"WebPage","@id":"https:\/\/blondeau.be\/fr\/produit\/kromschroder-zai\/","url":"https:\/\/blondeau.be\/fr\/produit\/kromschroder-zai\/","name":"Kromschr\u00f6der ZAI - Blondeau","isPartOf":{"@id":"https:\/\/blondeau.be\/fr\/#website"},"primaryImageOfPage":{"@id":"https:\/\/blondeau.be\/fr\/produit\/kromschroder-zai\/#primaryimage"},"image":{"@id":"https:\/\/blondeau.be\/fr\/produit\/kromschroder-zai\/#primaryimage"},"thumbnailUrl":"https:\/\/blondeau.be\/wp-content\/uploads\/2025\/01\/Zai.jpg","datePublished":"2025-01-20T15:05:14+00:00","dateModified":"2025-09-01T13:43:33+00:00","breadcrumb":{"@id":"https:\/\/blondeau.be\/fr\/produit\/kromschroder-zai\/#breadcrumb"},"inLanguage":"fr-FR","potentialAction":[{"@type":"ReadAction","target":["https:\/\/blondeau.be\/fr\/produit\/kromschroder-zai\/"]}]},{"@type":"ImageObject","inLanguage":"fr-FR","@id":"https:\/\/blondeau.be\/fr\/produit\/kromschroder-zai\/#primaryimage","url":"https:\/\/blondeau.be\/wp-content\/uploads\/2025\/01\/Zai.jpg","contentUrl":"https:\/\/blondeau.be\/wp-content\/uploads\/2025\/01\/Zai.jpg","width":615,"height":575},{"@type":"BreadcrumbList","@id":"https:\/\/blondeau.be\/fr\/produit\/kromschroder-zai\/#breadcrumb","itemListElement":[{"@type":"ListItem","position":1,"name":"Home","item":"https:\/\/blondeau.be\/fr\/accueil\/"},{"@type":"ListItem","position":2,"name":"Catalogue des produits","item":"https:\/\/blondeau.be\/fr\/catalogue-des-produits\/"},{"@type":"ListItem","position":3,"name":"Kromschr\u00f6der ZAI"}]},{"@type":"WebSite","@id":"https:\/\/blondeau.be\/fr\/#website","url":"https:\/\/blondeau.be\/fr\/","name":"Blondeau","description":"Industrial Heating","publisher":{"@id":"https:\/\/blondeau.be\/fr\/#organization"},"potentialAction":[{"@type":"SearchAction","target":{"@type":"EntryPoint","urlTemplate":"https:\/\/blondeau.be\/fr\/?s={search_term_string}"},"query-input":{"@type":"PropertyValueSpecification","valueRequired":true,"valueName":"search_term_string"}}],"inLanguage":"fr-FR"},{"@type":"Organization","@id":"https:\/\/blondeau.be\/fr\/#organization","name":"Blondeau","url":"https:\/\/blondeau.be\/fr\/","logo":{"@type":"ImageObject","inLanguage":"fr-FR","@id":"https:\/\/blondeau.be\/fr\/#\/schema\/logo\/image\/","url":"https:\/\/blondeau.be\/wp-content\/uploads\/2025\/08\/Logo.jpg","contentUrl":"https:\/\/blondeau.be\/wp-content\/uploads\/2025\/08\/Logo.jpg","width":600,"height":600,"caption":"Blondeau"},"image":{"@id":"https:\/\/blondeau.be\/fr\/#\/schema\/logo\/image\/"}}]}},"_links":{"self":[{"href":"https:\/\/blondeau.be\/fr\/wp-json\/wp\/v2\/product\/28499","targetHints":{"allow":["GET"]}}],"collection":[{"href":"https:\/\/blondeau.be\/fr\/wp-json\/wp\/v2\/product"}],"about":[{"href":"https:\/\/blondeau.be\/fr\/wp-json\/wp\/v2\/types\/product"}],"wp:featuredmedia":[{"embeddable":true,"href":"https:\/\/blondeau.be\/fr\/wp-json\/wp\/v2\/media\/28501"}],"wp:attachment":[{"href":"https:\/\/blondeau.be\/fr\/wp-json\/wp\/v2\/media?parent=28499"}],"wp:term":[{"taxonomy":"product_brand","embeddable":true,"href":"https:\/\/blondeau.be\/fr\/wp-json\/wp\/v2\/product_brand?post=28499"},{"taxonomy":"product_cat","embeddable":true,"href":"https:\/\/blondeau.be\/fr\/wp-json\/wp\/v2\/product_cat?post=28499"},{"taxonomy":"product_tag","embeddable":true,"href":"https:\/\/blondeau.be\/fr\/wp-json\/wp\/v2\/product_tag?post=28499"}],"curies":[{"name":"wp","href":"https:\/\/api.w.org\/{rel}","templated":true}]}}