{"id":28408,"date":"2025-02-13T17:25:16","date_gmt":"2025-02-13T15:25:16","guid":{"rendered":"https:\/\/blondeau.be\/product\/eclipse-ratiostar\/"},"modified":"2025-07-22T16:23:35","modified_gmt":"2025-07-22T14:23:35","slug":"eclipse-ratiostar","status":"publish","type":"product","link":"https:\/\/blondeau.be\/fr\/produit\/eclipse-ratiostar\/","title":{"rendered":"Eclipse RatioStar"},"content":{"rendered":"<p>Les br\u00fbleurs <strong>Eclipse RatioStar<\/strong> sont des br\u00fbleurs de veine d&rsquo;air modulaires, con\u00e7us pour une r\u00e9gulation proportionnelle air\/gaz (ratio), pour applications de s\u00e9chage \u00e0 chauffage direct de l&rsquo;air. Contrairement au mod\u00e8le FlueFire, qui puise l\u2019oxyg\u00e8ne n\u00e9cessaire \u00e0 la combustion directement dans l\u2019air de process, le RatioStar est aliment\u00e9 en air de combustion s\u00e9par\u00e9 par un ventilateur d\u00e9di\u00e9. Les br\u00fbleurs peuvent \u00eatre agenc\u00e9s en rang\u00e9es allant jusqu\u2019\u00e0 24 modules. Des modules de propagation assurent la liaison entre les rang\u00e9es et permettent l\u2019allumage crois\u00e9. Cette conception modulaire offre une grande flexibilit\u00e9 d\u2019installation et d\u2019adaptation aux besoins sp\u00e9cifiques. Le RatioStar est particuli\u00e8rement adapt\u00e9 aux situations o\u00f9 l\u2019air de process est pauvre en oxyg\u00e8ne ou lorsqu&rsquo;une une flamme courte est requise.     <\/p>\n<p><b>Caract\u00e9ristiques et avantages :<\/b><\/p>\n<ul>\n \t<\/p>\n<li>Capacit\u00e9 jusqu&rsquo;\u00e0 150 kW par module (150 mm)<\/li>\n<li>Plage de contr\u00f4le jusqu&rsquo;\u00e0 10:1<\/li>\n<li>Temp\u00e9rature d&rsquo;entr\u00e9e maximale jusqu&rsquo;\u00e0 600\u00b0C<\/li>\n<li>Temp\u00e9rature de sortie maximale jusqu&rsquo;\u00e0 1000 \u00b0C<\/li>\n<li>Combustible : gaz naturel, propane<\/li>\n<\/ul>\n<p><strong>Documentation :<\/strong><\/p>\n","protected":false},"excerpt":{"rendered":"<p>Les br\u00fbleurs Eclipse RatioStar sont des br\u00fbleurs de veine d&rsquo;air modulaires, con\u00e7us pour une r\u00e9gulation proportionnelle air\/gaz (ratio), pour applications de s\u00e9chage \u00e0 chauffage direct de l&rsquo;air. Contrairement au mod\u00e8le FlueFire, qui puise l\u2019oxyg\u00e8ne n\u00e9cessaire \u00e0 la combustion directement dans l\u2019air de process, le RatioStar est aliment\u00e9 en air de combustion s\u00e9par\u00e9 par un ventilateur [&hellip;]<\/p>\n","protected":false},"featured_media":27415,"template":"","meta":{"_acf_changed":false},"product_brand":[],"product_cat":[365],"product_tag":[376],"class_list":{"0":"post-28408","1":"product","2":"type-product","3":"status-publish","4":"has-post-thumbnail","6":"product_cat-bruleurs","7":"product_tag-bruleurs-de-canal","9":"first","10":"instock","11":"taxable","12":"shipping-taxable","13":"product-type-simple"},"acf":[],"yoast_head":"<!-- This site is optimized with the Yoast SEO plugin v26.8 - https:\/\/yoast.com\/product\/yoast-seo-wordpress\/ -->\n<title>Eclipse RatioStar - Blondeau<\/title>\n<meta name=\"robots\" content=\"index, follow, max-snippet:-1, max-image-preview:large, max-video-preview:-1\" \/>\n<link rel=\"canonical\" href=\"https:\/\/blondeau.be\/fr\/produit\/eclipse-ratiostar\/\" \/>\n<meta property=\"og:locale\" content=\"fr_FR\" \/>\n<meta property=\"og:type\" content=\"article\" \/>\n<meta property=\"og:title\" content=\"Eclipse RatioStar - Blondeau\" \/>\n<meta property=\"og:description\" content=\"Les br\u00fbleurs Eclipse RatioStar sont des br\u00fbleurs de veine d&rsquo;air modulaires, con\u00e7us pour une r\u00e9gulation proportionnelle air\/gaz (ratio), pour applications de s\u00e9chage \u00e0 chauffage direct de l&rsquo;air. Contrairement au mod\u00e8le FlueFire, qui puise l\u2019oxyg\u00e8ne n\u00e9cessaire \u00e0 la combustion directement dans l\u2019air de process, le RatioStar est aliment\u00e9 en air de combustion s\u00e9par\u00e9 par un ventilateur [&hellip;]\" \/>\n<meta property=\"og:url\" content=\"https:\/\/blondeau.be\/fr\/produit\/eclipse-ratiostar\/\" \/>\n<meta property=\"og:site_name\" content=\"Blondeau\" \/>\n<meta property=\"article:modified_time\" content=\"2025-07-22T14:23:35+00:00\" \/>\n<meta property=\"og:image\" content=\"https:\/\/blondeau.be\/wp-content\/uploads\/2025\/02\/Ratio-Star-4.jpg\" \/>\n\t<meta property=\"og:image:width\" content=\"439\" \/>\n\t<meta property=\"og:image:height\" content=\"402\" \/>\n\t<meta property=\"og:image:type\" content=\"image\/jpeg\" \/>\n<meta name=\"twitter:card\" content=\"summary_large_image\" \/>\n<meta name=\"twitter:label1\" content=\"Dur\u00e9e de lecture estim\u00e9e\" \/>\n\t<meta name=\"twitter:data1\" content=\"1 minute\" \/>\n<script type=\"application\/ld+json\" class=\"yoast-schema-graph\">{\"@context\":\"https:\/\/schema.org\",\"@graph\":[{\"@type\":\"WebPage\",\"@id\":\"https:\/\/blondeau.be\/fr\/produit\/eclipse-ratiostar\/\",\"url\":\"https:\/\/blondeau.be\/fr\/produit\/eclipse-ratiostar\/\",\"name\":\"Eclipse RatioStar - Blondeau\",\"isPartOf\":{\"@id\":\"https:\/\/blondeau.be\/fr\/#website\"},\"primaryImageOfPage\":{\"@id\":\"https:\/\/blondeau.be\/fr\/produit\/eclipse-ratiostar\/#primaryimage\"},\"image\":{\"@id\":\"https:\/\/blondeau.be\/fr\/produit\/eclipse-ratiostar\/#primaryimage\"},\"thumbnailUrl\":\"https:\/\/blondeau.be\/wp-content\/uploads\/2025\/02\/Ratio-Star-4.jpg\",\"datePublished\":\"2025-02-13T15:25:16+00:00\",\"dateModified\":\"2025-07-22T14:23:35+00:00\",\"breadcrumb\":{\"@id\":\"https:\/\/blondeau.be\/fr\/produit\/eclipse-ratiostar\/#breadcrumb\"},\"inLanguage\":\"fr-FR\",\"potentialAction\":[{\"@type\":\"ReadAction\",\"target\":[\"https:\/\/blondeau.be\/fr\/produit\/eclipse-ratiostar\/\"]}]},{\"@type\":\"ImageObject\",\"inLanguage\":\"fr-FR\",\"@id\":\"https:\/\/blondeau.be\/fr\/produit\/eclipse-ratiostar\/#primaryimage\",\"url\":\"https:\/\/blondeau.be\/wp-content\/uploads\/2025\/02\/Ratio-Star-4.jpg\",\"contentUrl\":\"https:\/\/blondeau.be\/wp-content\/uploads\/2025\/02\/Ratio-Star-4.jpg\",\"width\":439,\"height\":402},{\"@type\":\"BreadcrumbList\",\"@id\":\"https:\/\/blondeau.be\/fr\/produit\/eclipse-ratiostar\/#breadcrumb\",\"itemListElement\":[{\"@type\":\"ListItem\",\"position\":1,\"name\":\"Home\",\"item\":\"https:\/\/blondeau.be\/fr\/accueil\/\"},{\"@type\":\"ListItem\",\"position\":2,\"name\":\"Catalogue des produits\",\"item\":\"https:\/\/blondeau.be\/fr\/catalogue-des-produits\/\"},{\"@type\":\"ListItem\",\"position\":3,\"name\":\"Eclipse RatioStar\"}]},{\"@type\":\"WebSite\",\"@id\":\"https:\/\/blondeau.be\/fr\/#website\",\"url\":\"https:\/\/blondeau.be\/fr\/\",\"name\":\"Blondeau\",\"description\":\"Industrial Heating\",\"publisher\":{\"@id\":\"https:\/\/blondeau.be\/fr\/#organization\"},\"potentialAction\":[{\"@type\":\"SearchAction\",\"target\":{\"@type\":\"EntryPoint\",\"urlTemplate\":\"https:\/\/blondeau.be\/fr\/?s={search_term_string}\"},\"query-input\":{\"@type\":\"PropertyValueSpecification\",\"valueRequired\":true,\"valueName\":\"search_term_string\"}}],\"inLanguage\":\"fr-FR\"},{\"@type\":\"Organization\",\"@id\":\"https:\/\/blondeau.be\/fr\/#organization\",\"name\":\"Blondeau\",\"url\":\"https:\/\/blondeau.be\/fr\/\",\"logo\":{\"@type\":\"ImageObject\",\"inLanguage\":\"fr-FR\",\"@id\":\"https:\/\/blondeau.be\/fr\/#\/schema\/logo\/image\/\",\"url\":\"https:\/\/blondeau.be\/wp-content\/uploads\/2025\/08\/Logo.jpg\",\"contentUrl\":\"https:\/\/blondeau.be\/wp-content\/uploads\/2025\/08\/Logo.jpg\",\"width\":600,\"height\":600,\"caption\":\"Blondeau\"},\"image\":{\"@id\":\"https:\/\/blondeau.be\/fr\/#\/schema\/logo\/image\/\"}}]}<\/script>\n<!-- \/ Yoast SEO plugin. -->","yoast_head_json":{"title":"Eclipse RatioStar - Blondeau","robots":{"index":"index","follow":"follow","max-snippet":"max-snippet:-1","max-image-preview":"max-image-preview:large","max-video-preview":"max-video-preview:-1"},"canonical":"https:\/\/blondeau.be\/fr\/produit\/eclipse-ratiostar\/","og_locale":"fr_FR","og_type":"article","og_title":"Eclipse RatioStar - Blondeau","og_description":"Les br\u00fbleurs Eclipse RatioStar sont des br\u00fbleurs de veine d&rsquo;air modulaires, con\u00e7us pour une r\u00e9gulation proportionnelle air\/gaz (ratio), pour applications de s\u00e9chage \u00e0 chauffage direct de l&rsquo;air. Contrairement au mod\u00e8le FlueFire, qui puise l\u2019oxyg\u00e8ne n\u00e9cessaire \u00e0 la combustion directement dans l\u2019air de process, le RatioStar est aliment\u00e9 en air de combustion s\u00e9par\u00e9 par un ventilateur [&hellip;]","og_url":"https:\/\/blondeau.be\/fr\/produit\/eclipse-ratiostar\/","og_site_name":"Blondeau","article_modified_time":"2025-07-22T14:23:35+00:00","og_image":[{"width":439,"height":402,"url":"https:\/\/blondeau.be\/wp-content\/uploads\/2025\/02\/Ratio-Star-4.jpg","type":"image\/jpeg"}],"twitter_card":"summary_large_image","twitter_misc":{"Dur\u00e9e de lecture estim\u00e9e":"1 minute"},"schema":{"@context":"https:\/\/schema.org","@graph":[{"@type":"WebPage","@id":"https:\/\/blondeau.be\/fr\/produit\/eclipse-ratiostar\/","url":"https:\/\/blondeau.be\/fr\/produit\/eclipse-ratiostar\/","name":"Eclipse RatioStar - Blondeau","isPartOf":{"@id":"https:\/\/blondeau.be\/fr\/#website"},"primaryImageOfPage":{"@id":"https:\/\/blondeau.be\/fr\/produit\/eclipse-ratiostar\/#primaryimage"},"image":{"@id":"https:\/\/blondeau.be\/fr\/produit\/eclipse-ratiostar\/#primaryimage"},"thumbnailUrl":"https:\/\/blondeau.be\/wp-content\/uploads\/2025\/02\/Ratio-Star-4.jpg","datePublished":"2025-02-13T15:25:16+00:00","dateModified":"2025-07-22T14:23:35+00:00","breadcrumb":{"@id":"https:\/\/blondeau.be\/fr\/produit\/eclipse-ratiostar\/#breadcrumb"},"inLanguage":"fr-FR","potentialAction":[{"@type":"ReadAction","target":["https:\/\/blondeau.be\/fr\/produit\/eclipse-ratiostar\/"]}]},{"@type":"ImageObject","inLanguage":"fr-FR","@id":"https:\/\/blondeau.be\/fr\/produit\/eclipse-ratiostar\/#primaryimage","url":"https:\/\/blondeau.be\/wp-content\/uploads\/2025\/02\/Ratio-Star-4.jpg","contentUrl":"https:\/\/blondeau.be\/wp-content\/uploads\/2025\/02\/Ratio-Star-4.jpg","width":439,"height":402},{"@type":"BreadcrumbList","@id":"https:\/\/blondeau.be\/fr\/produit\/eclipse-ratiostar\/#breadcrumb","itemListElement":[{"@type":"ListItem","position":1,"name":"Home","item":"https:\/\/blondeau.be\/fr\/accueil\/"},{"@type":"ListItem","position":2,"name":"Catalogue des produits","item":"https:\/\/blondeau.be\/fr\/catalogue-des-produits\/"},{"@type":"ListItem","position":3,"name":"Eclipse RatioStar"}]},{"@type":"WebSite","@id":"https:\/\/blondeau.be\/fr\/#website","url":"https:\/\/blondeau.be\/fr\/","name":"Blondeau","description":"Industrial Heating","publisher":{"@id":"https:\/\/blondeau.be\/fr\/#organization"},"potentialAction":[{"@type":"SearchAction","target":{"@type":"EntryPoint","urlTemplate":"https:\/\/blondeau.be\/fr\/?s={search_term_string}"},"query-input":{"@type":"PropertyValueSpecification","valueRequired":true,"valueName":"search_term_string"}}],"inLanguage":"fr-FR"},{"@type":"Organization","@id":"https:\/\/blondeau.be\/fr\/#organization","name":"Blondeau","url":"https:\/\/blondeau.be\/fr\/","logo":{"@type":"ImageObject","inLanguage":"fr-FR","@id":"https:\/\/blondeau.be\/fr\/#\/schema\/logo\/image\/","url":"https:\/\/blondeau.be\/wp-content\/uploads\/2025\/08\/Logo.jpg","contentUrl":"https:\/\/blondeau.be\/wp-content\/uploads\/2025\/08\/Logo.jpg","width":600,"height":600,"caption":"Blondeau"},"image":{"@id":"https:\/\/blondeau.be\/fr\/#\/schema\/logo\/image\/"}}]}},"_links":{"self":[{"href":"https:\/\/blondeau.be\/fr\/wp-json\/wp\/v2\/product\/28408","targetHints":{"allow":["GET"]}}],"collection":[{"href":"https:\/\/blondeau.be\/fr\/wp-json\/wp\/v2\/product"}],"about":[{"href":"https:\/\/blondeau.be\/fr\/wp-json\/wp\/v2\/types\/product"}],"wp:featuredmedia":[{"embeddable":true,"href":"https:\/\/blondeau.be\/fr\/wp-json\/wp\/v2\/media\/27415"}],"wp:attachment":[{"href":"https:\/\/blondeau.be\/fr\/wp-json\/wp\/v2\/media?parent=28408"}],"wp:term":[{"taxonomy":"product_brand","embeddable":true,"href":"https:\/\/blondeau.be\/fr\/wp-json\/wp\/v2\/product_brand?post=28408"},{"taxonomy":"product_cat","embeddable":true,"href":"https:\/\/blondeau.be\/fr\/wp-json\/wp\/v2\/product_cat?post=28408"},{"taxonomy":"product_tag","embeddable":true,"href":"https:\/\/blondeau.be\/fr\/wp-json\/wp\/v2\/product_tag?post=28408"}],"curies":[{"name":"wp","href":"https:\/\/api.w.org\/{rel}","templated":true}]}}