{"id":28397,"date":"2025-02-13T18:35:24","date_gmt":"2025-02-13T16:35:24","guid":{"rendered":"https:\/\/blondeau.be\/product\/maxon-crossfire\/"},"modified":"2025-06-26T15:45:38","modified_gmt":"2025-06-26T13:45:38","slug":"maxon-crossfire","status":"publish","type":"product","link":"https:\/\/blondeau.be\/fr\/produit\/maxon-crossfire\/","title":{"rendered":"Maxon Crossfire"},"content":{"rendered":"<p>Les br\u00fbleurs <strong>CROSSFIRE\u00ae<\/strong> Low NOx de Maxon sont des br\u00fbleurs de ligne modulaires, con\u00e7us pour une large gamme d&rsquo;applications utilisant de l\u2019air frais ou recircul\u00e9, notamment dans les s\u00e9choirs ou les processus de traitement thermique o\u00f9 les gaz de combustion sont m\u00e9lang\u00e9s \u00e0 l\u2019air de process. Gr\u00e2ce \u00e0 la combustion propre des combustibles gazeux, ils respectent les normes mondiales les plus strictes en mati\u00e8re d\u2019\u00e9missions de NOx et de CO. Disponibles en sections droites ou en T, ces br\u00fbleurs assurent une r\u00e9partition homog\u00e8ne de la chaleur dans le conduit d\u2019air et une temp\u00e9rature uniforme dans le processus.  <\/p>\n<p><strong>Caract\u00e9ristiques et avantages :<\/strong><br \/>\n&nbsp;<\/p>\n<ul>\n<li data-start=\"517\" data-end=\"571\">Large plage de modulation pouvant atteindre 25:1<\/li>\n<li data-start=\"572\" data-end=\"648\">Puissance jusqu&rsquo;\u00e0 732 kW\/ft<\/li>\n<li data-start=\"649\" data-end=\"732\">Br\u00fbleur en ligne adapt\u00e9 au fonctionnement \u00e0 basse pression de gaz<\/li>\n<li data-start=\"733\" data-end=\"819\" data-is-last-node=\"\">Disponible \u00e9galement avec un bo\u00eetier en acier inoxydable ou une version nickel\u00e9e.<\/li>\n<li data-start=\"733\" data-end=\"819\" data-is-last-node=\"\">Flexibilit\u00e9 op\u00e9rationnelle (les flux d&rsquo;air inerte, \u00e0 forte humidit\u00e9 ou \u00e0 faible teneur en O\u2082 ne posent aucun probl\u00e8me)<\/li>\n<li data-start=\"733\" data-end=\"819\" data-is-last-node=\"\">Faibles \u00e9missions possibles : NOx jusqu&rsquo;\u00e0 25 ppm et CO jusqu&rsquo;\u00e0 250 ppm \u00e0 3 % d&rsquo;O\u2082.<\/li>\n<\/ul>\n<p><strong>Documentation :<\/strong><\/p>\n","protected":false},"excerpt":{"rendered":"<p>Les br\u00fbleurs CROSSFIRE\u00ae Low NOx de Maxon sont des br\u00fbleurs de ligne modulaires, con\u00e7us pour une large gamme d&rsquo;applications utilisant de l\u2019air frais ou recircul\u00e9, notamment dans les s\u00e9choirs ou les processus de traitement thermique o\u00f9 les gaz de combustion sont m\u00e9lang\u00e9s \u00e0 l\u2019air de process. Gr\u00e2ce \u00e0 la combustion propre des combustibles gazeux, ils [&hellip;]<\/p>\n","protected":false},"featured_media":28399,"template":"","meta":{"_acf_changed":false},"product_brand":[],"product_cat":[374],"product_tag":[376],"class_list":{"0":"post-28397","1":"product","2":"type-product","3":"status-publish","4":"has-post-thumbnail","6":"product_cat-bruleurs-fr","7":"product_tag-bruleurs-de-canal","9":"first","10":"instock","11":"taxable","12":"shipping-taxable","13":"product-type-simple"},"acf":[],"yoast_head":"<!-- This site is optimized with the Yoast SEO plugin v26.8 - https:\/\/yoast.com\/product\/yoast-seo-wordpress\/ -->\n<title>Maxon Crossfire - Blondeau<\/title>\n<meta name=\"robots\" content=\"index, follow, max-snippet:-1, max-image-preview:large, max-video-preview:-1\" \/>\n<link rel=\"canonical\" href=\"https:\/\/blondeau.be\/fr\/produit\/maxon-crossfire\/\" \/>\n<meta property=\"og:locale\" content=\"fr_FR\" \/>\n<meta property=\"og:type\" content=\"article\" \/>\n<meta property=\"og:title\" content=\"Maxon Crossfire - Blondeau\" \/>\n<meta property=\"og:description\" content=\"Les br\u00fbleurs CROSSFIRE\u00ae Low NOx de Maxon sont des br\u00fbleurs de ligne modulaires, con\u00e7us pour une large gamme d&rsquo;applications utilisant de l\u2019air frais ou recircul\u00e9, notamment dans les s\u00e9choirs ou les processus de traitement thermique o\u00f9 les gaz de combustion sont m\u00e9lang\u00e9s \u00e0 l\u2019air de process. Gr\u00e2ce \u00e0 la combustion propre des combustibles gazeux, ils [&hellip;]\" \/>\n<meta property=\"og:url\" content=\"https:\/\/blondeau.be\/fr\/produit\/maxon-crossfire\/\" \/>\n<meta property=\"og:site_name\" content=\"Blondeau\" \/>\n<meta property=\"article:modified_time\" content=\"2025-06-26T13:45:38+00:00\" \/>\n<meta property=\"og:image\" content=\"https:\/\/blondeau.be\/wp-content\/uploads\/2025\/02\/maxon-crossfire.jpg\" \/>\n\t<meta property=\"og:image:width\" content=\"1000\" \/>\n\t<meta property=\"og:image:height\" content=\"1000\" \/>\n\t<meta property=\"og:image:type\" content=\"image\/jpeg\" \/>\n<meta name=\"twitter:card\" content=\"summary_large_image\" \/>\n<meta name=\"twitter:label1\" content=\"Dur\u00e9e de lecture estim\u00e9e\" \/>\n\t<meta name=\"twitter:data1\" content=\"1 minute\" \/>\n<script type=\"application\/ld+json\" class=\"yoast-schema-graph\">{\"@context\":\"https:\/\/schema.org\",\"@graph\":[{\"@type\":\"WebPage\",\"@id\":\"https:\/\/blondeau.be\/fr\/produit\/maxon-crossfire\/\",\"url\":\"https:\/\/blondeau.be\/fr\/produit\/maxon-crossfire\/\",\"name\":\"Maxon Crossfire - Blondeau\",\"isPartOf\":{\"@id\":\"https:\/\/blondeau.be\/fr\/#website\"},\"primaryImageOfPage\":{\"@id\":\"https:\/\/blondeau.be\/fr\/produit\/maxon-crossfire\/#primaryimage\"},\"image\":{\"@id\":\"https:\/\/blondeau.be\/fr\/produit\/maxon-crossfire\/#primaryimage\"},\"thumbnailUrl\":\"https:\/\/blondeau.be\/wp-content\/uploads\/2025\/02\/maxon-crossfire.jpg\",\"datePublished\":\"2025-02-13T16:35:24+00:00\",\"dateModified\":\"2025-06-26T13:45:38+00:00\",\"breadcrumb\":{\"@id\":\"https:\/\/blondeau.be\/fr\/produit\/maxon-crossfire\/#breadcrumb\"},\"inLanguage\":\"fr-FR\",\"potentialAction\":[{\"@type\":\"ReadAction\",\"target\":[\"https:\/\/blondeau.be\/fr\/produit\/maxon-crossfire\/\"]}]},{\"@type\":\"ImageObject\",\"inLanguage\":\"fr-FR\",\"@id\":\"https:\/\/blondeau.be\/fr\/produit\/maxon-crossfire\/#primaryimage\",\"url\":\"https:\/\/blondeau.be\/wp-content\/uploads\/2025\/02\/maxon-crossfire.jpg\",\"contentUrl\":\"https:\/\/blondeau.be\/wp-content\/uploads\/2025\/02\/maxon-crossfire.jpg\",\"width\":1000,\"height\":1000},{\"@type\":\"BreadcrumbList\",\"@id\":\"https:\/\/blondeau.be\/fr\/produit\/maxon-crossfire\/#breadcrumb\",\"itemListElement\":[{\"@type\":\"ListItem\",\"position\":1,\"name\":\"Home\",\"item\":\"https:\/\/blondeau.be\/fr\/accueil\/\"},{\"@type\":\"ListItem\",\"position\":2,\"name\":\"Catalogue des produits\",\"item\":\"https:\/\/blondeau.be\/fr\/catalogue-des-produits\/\"},{\"@type\":\"ListItem\",\"position\":3,\"name\":\"Maxon Crossfire\"}]},{\"@type\":\"WebSite\",\"@id\":\"https:\/\/blondeau.be\/fr\/#website\",\"url\":\"https:\/\/blondeau.be\/fr\/\",\"name\":\"Blondeau\",\"description\":\"Industrial Heating\",\"publisher\":{\"@id\":\"https:\/\/blondeau.be\/fr\/#organization\"},\"potentialAction\":[{\"@type\":\"SearchAction\",\"target\":{\"@type\":\"EntryPoint\",\"urlTemplate\":\"https:\/\/blondeau.be\/fr\/?s={search_term_string}\"},\"query-input\":{\"@type\":\"PropertyValueSpecification\",\"valueRequired\":true,\"valueName\":\"search_term_string\"}}],\"inLanguage\":\"fr-FR\"},{\"@type\":\"Organization\",\"@id\":\"https:\/\/blondeau.be\/fr\/#organization\",\"name\":\"Blondeau\",\"url\":\"https:\/\/blondeau.be\/fr\/\",\"logo\":{\"@type\":\"ImageObject\",\"inLanguage\":\"fr-FR\",\"@id\":\"https:\/\/blondeau.be\/fr\/#\/schema\/logo\/image\/\",\"url\":\"https:\/\/blondeau.be\/wp-content\/uploads\/2025\/08\/Logo.jpg\",\"contentUrl\":\"https:\/\/blondeau.be\/wp-content\/uploads\/2025\/08\/Logo.jpg\",\"width\":600,\"height\":600,\"caption\":\"Blondeau\"},\"image\":{\"@id\":\"https:\/\/blondeau.be\/fr\/#\/schema\/logo\/image\/\"}}]}<\/script>\n<!-- \/ Yoast SEO plugin. -->","yoast_head_json":{"title":"Maxon Crossfire - Blondeau","robots":{"index":"index","follow":"follow","max-snippet":"max-snippet:-1","max-image-preview":"max-image-preview:large","max-video-preview":"max-video-preview:-1"},"canonical":"https:\/\/blondeau.be\/fr\/produit\/maxon-crossfire\/","og_locale":"fr_FR","og_type":"article","og_title":"Maxon Crossfire - Blondeau","og_description":"Les br\u00fbleurs CROSSFIRE\u00ae Low NOx de Maxon sont des br\u00fbleurs de ligne modulaires, con\u00e7us pour une large gamme d&rsquo;applications utilisant de l\u2019air frais ou recircul\u00e9, notamment dans les s\u00e9choirs ou les processus de traitement thermique o\u00f9 les gaz de combustion sont m\u00e9lang\u00e9s \u00e0 l\u2019air de process. Gr\u00e2ce \u00e0 la combustion propre des combustibles gazeux, ils [&hellip;]","og_url":"https:\/\/blondeau.be\/fr\/produit\/maxon-crossfire\/","og_site_name":"Blondeau","article_modified_time":"2025-06-26T13:45:38+00:00","og_image":[{"width":1000,"height":1000,"url":"https:\/\/blondeau.be\/wp-content\/uploads\/2025\/02\/maxon-crossfire.jpg","type":"image\/jpeg"}],"twitter_card":"summary_large_image","twitter_misc":{"Dur\u00e9e de lecture estim\u00e9e":"1 minute"},"schema":{"@context":"https:\/\/schema.org","@graph":[{"@type":"WebPage","@id":"https:\/\/blondeau.be\/fr\/produit\/maxon-crossfire\/","url":"https:\/\/blondeau.be\/fr\/produit\/maxon-crossfire\/","name":"Maxon Crossfire - Blondeau","isPartOf":{"@id":"https:\/\/blondeau.be\/fr\/#website"},"primaryImageOfPage":{"@id":"https:\/\/blondeau.be\/fr\/produit\/maxon-crossfire\/#primaryimage"},"image":{"@id":"https:\/\/blondeau.be\/fr\/produit\/maxon-crossfire\/#primaryimage"},"thumbnailUrl":"https:\/\/blondeau.be\/wp-content\/uploads\/2025\/02\/maxon-crossfire.jpg","datePublished":"2025-02-13T16:35:24+00:00","dateModified":"2025-06-26T13:45:38+00:00","breadcrumb":{"@id":"https:\/\/blondeau.be\/fr\/produit\/maxon-crossfire\/#breadcrumb"},"inLanguage":"fr-FR","potentialAction":[{"@type":"ReadAction","target":["https:\/\/blondeau.be\/fr\/produit\/maxon-crossfire\/"]}]},{"@type":"ImageObject","inLanguage":"fr-FR","@id":"https:\/\/blondeau.be\/fr\/produit\/maxon-crossfire\/#primaryimage","url":"https:\/\/blondeau.be\/wp-content\/uploads\/2025\/02\/maxon-crossfire.jpg","contentUrl":"https:\/\/blondeau.be\/wp-content\/uploads\/2025\/02\/maxon-crossfire.jpg","width":1000,"height":1000},{"@type":"BreadcrumbList","@id":"https:\/\/blondeau.be\/fr\/produit\/maxon-crossfire\/#breadcrumb","itemListElement":[{"@type":"ListItem","position":1,"name":"Home","item":"https:\/\/blondeau.be\/fr\/accueil\/"},{"@type":"ListItem","position":2,"name":"Catalogue des produits","item":"https:\/\/blondeau.be\/fr\/catalogue-des-produits\/"},{"@type":"ListItem","position":3,"name":"Maxon Crossfire"}]},{"@type":"WebSite","@id":"https:\/\/blondeau.be\/fr\/#website","url":"https:\/\/blondeau.be\/fr\/","name":"Blondeau","description":"Industrial Heating","publisher":{"@id":"https:\/\/blondeau.be\/fr\/#organization"},"potentialAction":[{"@type":"SearchAction","target":{"@type":"EntryPoint","urlTemplate":"https:\/\/blondeau.be\/fr\/?s={search_term_string}"},"query-input":{"@type":"PropertyValueSpecification","valueRequired":true,"valueName":"search_term_string"}}],"inLanguage":"fr-FR"},{"@type":"Organization","@id":"https:\/\/blondeau.be\/fr\/#organization","name":"Blondeau","url":"https:\/\/blondeau.be\/fr\/","logo":{"@type":"ImageObject","inLanguage":"fr-FR","@id":"https:\/\/blondeau.be\/fr\/#\/schema\/logo\/image\/","url":"https:\/\/blondeau.be\/wp-content\/uploads\/2025\/08\/Logo.jpg","contentUrl":"https:\/\/blondeau.be\/wp-content\/uploads\/2025\/08\/Logo.jpg","width":600,"height":600,"caption":"Blondeau"},"image":{"@id":"https:\/\/blondeau.be\/fr\/#\/schema\/logo\/image\/"}}]}},"_links":{"self":[{"href":"https:\/\/blondeau.be\/fr\/wp-json\/wp\/v2\/product\/28397","targetHints":{"allow":["GET"]}}],"collection":[{"href":"https:\/\/blondeau.be\/fr\/wp-json\/wp\/v2\/product"}],"about":[{"href":"https:\/\/blondeau.be\/fr\/wp-json\/wp\/v2\/types\/product"}],"wp:featuredmedia":[{"embeddable":true,"href":"https:\/\/blondeau.be\/fr\/wp-json\/wp\/v2\/media\/28399"}],"wp:attachment":[{"href":"https:\/\/blondeau.be\/fr\/wp-json\/wp\/v2\/media?parent=28397"}],"wp:term":[{"taxonomy":"product_brand","embeddable":true,"href":"https:\/\/blondeau.be\/fr\/wp-json\/wp\/v2\/product_brand?post=28397"},{"taxonomy":"product_cat","embeddable":true,"href":"https:\/\/blondeau.be\/fr\/wp-json\/wp\/v2\/product_cat?post=28397"},{"taxonomy":"product_tag","embeddable":true,"href":"https:\/\/blondeau.be\/fr\/wp-json\/wp\/v2\/product_tag?post=28397"}],"curies":[{"name":"wp","href":"https:\/\/api.w.org\/{rel}","templated":true}]}}