{"id":28388,"date":"2025-02-13T16:30:39","date_gmt":"2025-02-13T14:30:39","guid":{"rendered":"https:\/\/blondeau.be\/product\/eclipse-fluefire\/"},"modified":"2025-07-11T17:20:38","modified_gmt":"2025-07-11T15:20:38","slug":"eclipse-fluefire","status":"publish","type":"product","link":"https:\/\/blondeau.be\/fr\/produit\/eclipse-fluefire\/","title":{"rendered":"Eclipse FlueFire"},"content":{"rendered":"<p><strong>Le br\u00fbleur Eclipse FlueFire<\/strong> est un br\u00fbleur de veine d&rsquo;air sp\u00e9cialement con\u00e7u pour la co-combustion des gaz d\u2019\u00e9chappement de turbines \u00e0 gaz dans des centrales de cog\u00e9n\u00e9ration, en utilisant l\u2019oxyg\u00e8ne r\u00e9siduel contenu dans les gaz d&rsquo;\u00e9chappement comme air de combustion. Gr\u00e2ce \u00e0 sa puissance calorifique \u00e9lev\u00e9e par module et \u00e0 sa construction r\u00e9sistante aux hautes temp\u00e9ratures, ce br\u00fbleur convient \u00e9galement \u00e0 d&rsquo;autres applications exigeant un apport thermique important et des temp\u00e9ratures d\u2019\u00e9chappement \u00e9lev\u00e9es. Le FlueFire garantit une stabilit\u00e9 de flamme remarquable, m\u00eame dans des conditions de fonctionnement s\u00e9v\u00e8res.  <\/p>\n<p><b>Caract\u00e9ristiques et avantages :<\/b><\/p>\n<ul>\n \t<\/p>\n<li>Puissance jusqu&rsquo;\u00e0 340 kW par module (150 mm) ; d\u00e9pendant du % O2 dans l&rsquo;air de process <\/li>\n<li>Plage de contr\u00f4le jusqu&rsquo;\u00e0 10:1<\/li>\n<li>Temp\u00e9rature d&rsquo;entr\u00e9e maximale : 500\u00b0C \u00e0 700\u00b0C (selon l&rsquo;application)<\/li>\n<li>Temp\u00e9rature de sortie maximale jusqu&rsquo;\u00e0 900 \u00b0C<\/li>\n<li>Combustible : gaz naturel (propane et butane pour l&rsquo;air pur uniquement)<\/li>\n<\/ul>\n<p><strong>Documentation :<\/strong><\/p>\n","protected":false},"excerpt":{"rendered":"<p>Le br\u00fbleur Eclipse FlueFire est un br\u00fbleur de veine d&rsquo;air sp\u00e9cialement con\u00e7u pour la co-combustion des gaz d\u2019\u00e9chappement de turbines \u00e0 gaz dans des centrales de cog\u00e9n\u00e9ration, en utilisant l\u2019oxyg\u00e8ne r\u00e9siduel contenu dans les gaz d&rsquo;\u00e9chappement comme air de combustion. Gr\u00e2ce \u00e0 sa puissance calorifique \u00e9lev\u00e9e par module et \u00e0 sa construction r\u00e9sistante aux hautes [&hellip;]<\/p>\n","protected":false},"featured_media":28390,"template":"","meta":{"_acf_changed":false},"product_brand":[],"product_cat":[365],"product_tag":[376],"class_list":{"0":"post-28388","1":"product","2":"type-product","3":"status-publish","4":"has-post-thumbnail","6":"product_cat-bruleurs","7":"product_tag-bruleurs-de-canal","9":"first","10":"instock","11":"taxable","12":"shipping-taxable","13":"product-type-simple"},"acf":[],"yoast_head":"<!-- This site is optimized with the Yoast SEO plugin v26.8 - https:\/\/yoast.com\/product\/yoast-seo-wordpress\/ -->\n<title>Eclipse FlueFire - Blondeau<\/title>\n<meta name=\"robots\" content=\"index, follow, max-snippet:-1, max-image-preview:large, max-video-preview:-1\" \/>\n<link rel=\"canonical\" href=\"https:\/\/blondeau.be\/fr\/produit\/eclipse-fluefire\/\" \/>\n<meta property=\"og:locale\" content=\"fr_FR\" \/>\n<meta property=\"og:type\" content=\"article\" \/>\n<meta property=\"og:title\" content=\"Eclipse FlueFire - Blondeau\" \/>\n<meta property=\"og:description\" content=\"Le br\u00fbleur Eclipse FlueFire est un br\u00fbleur de veine d&rsquo;air sp\u00e9cialement con\u00e7u pour la co-combustion des gaz d\u2019\u00e9chappement de turbines \u00e0 gaz dans des centrales de cog\u00e9n\u00e9ration, en utilisant l\u2019oxyg\u00e8ne r\u00e9siduel contenu dans les gaz d&rsquo;\u00e9chappement comme air de combustion. Gr\u00e2ce \u00e0 sa puissance calorifique \u00e9lev\u00e9e par module et \u00e0 sa construction r\u00e9sistante aux hautes [&hellip;]\" \/>\n<meta property=\"og:url\" content=\"https:\/\/blondeau.be\/fr\/produit\/eclipse-fluefire\/\" \/>\n<meta property=\"og:site_name\" content=\"Blondeau\" \/>\n<meta property=\"article:modified_time\" content=\"2025-07-11T15:20:38+00:00\" \/>\n<meta property=\"og:image\" content=\"https:\/\/blondeau.be\/wp-content\/uploads\/2025\/02\/Flue-Fire-1-1.jpg\" \/>\n\t<meta property=\"og:image:width\" content=\"443\" \/>\n\t<meta property=\"og:image:height\" content=\"311\" \/>\n\t<meta property=\"og:image:type\" content=\"image\/jpeg\" \/>\n<meta name=\"twitter:card\" content=\"summary_large_image\" \/>\n<meta name=\"twitter:label1\" content=\"Dur\u00e9e de lecture estim\u00e9e\" \/>\n\t<meta name=\"twitter:data1\" content=\"1 minute\" \/>\n<script type=\"application\/ld+json\" class=\"yoast-schema-graph\">{\"@context\":\"https:\/\/schema.org\",\"@graph\":[{\"@type\":\"WebPage\",\"@id\":\"https:\/\/blondeau.be\/fr\/produit\/eclipse-fluefire\/\",\"url\":\"https:\/\/blondeau.be\/fr\/produit\/eclipse-fluefire\/\",\"name\":\"Eclipse FlueFire - Blondeau\",\"isPartOf\":{\"@id\":\"https:\/\/blondeau.be\/fr\/#website\"},\"primaryImageOfPage\":{\"@id\":\"https:\/\/blondeau.be\/fr\/produit\/eclipse-fluefire\/#primaryimage\"},\"image\":{\"@id\":\"https:\/\/blondeau.be\/fr\/produit\/eclipse-fluefire\/#primaryimage\"},\"thumbnailUrl\":\"https:\/\/blondeau.be\/wp-content\/uploads\/2025\/02\/Flue-Fire-1-1.jpg\",\"datePublished\":\"2025-02-13T14:30:39+00:00\",\"dateModified\":\"2025-07-11T15:20:38+00:00\",\"breadcrumb\":{\"@id\":\"https:\/\/blondeau.be\/fr\/produit\/eclipse-fluefire\/#breadcrumb\"},\"inLanguage\":\"fr-FR\",\"potentialAction\":[{\"@type\":\"ReadAction\",\"target\":[\"https:\/\/blondeau.be\/fr\/produit\/eclipse-fluefire\/\"]}]},{\"@type\":\"ImageObject\",\"inLanguage\":\"fr-FR\",\"@id\":\"https:\/\/blondeau.be\/fr\/produit\/eclipse-fluefire\/#primaryimage\",\"url\":\"https:\/\/blondeau.be\/wp-content\/uploads\/2025\/02\/Flue-Fire-1-1.jpg\",\"contentUrl\":\"https:\/\/blondeau.be\/wp-content\/uploads\/2025\/02\/Flue-Fire-1-1.jpg\",\"width\":443,\"height\":311},{\"@type\":\"BreadcrumbList\",\"@id\":\"https:\/\/blondeau.be\/fr\/produit\/eclipse-fluefire\/#breadcrumb\",\"itemListElement\":[{\"@type\":\"ListItem\",\"position\":1,\"name\":\"Home\",\"item\":\"https:\/\/blondeau.be\/fr\/accueil\/\"},{\"@type\":\"ListItem\",\"position\":2,\"name\":\"Catalogue des produits\",\"item\":\"https:\/\/blondeau.be\/fr\/catalogue-des-produits\/\"},{\"@type\":\"ListItem\",\"position\":3,\"name\":\"Eclipse FlueFire\"}]},{\"@type\":\"WebSite\",\"@id\":\"https:\/\/blondeau.be\/fr\/#website\",\"url\":\"https:\/\/blondeau.be\/fr\/\",\"name\":\"Blondeau\",\"description\":\"Industrial Heating\",\"publisher\":{\"@id\":\"https:\/\/blondeau.be\/fr\/#organization\"},\"potentialAction\":[{\"@type\":\"SearchAction\",\"target\":{\"@type\":\"EntryPoint\",\"urlTemplate\":\"https:\/\/blondeau.be\/fr\/?s={search_term_string}\"},\"query-input\":{\"@type\":\"PropertyValueSpecification\",\"valueRequired\":true,\"valueName\":\"search_term_string\"}}],\"inLanguage\":\"fr-FR\"},{\"@type\":\"Organization\",\"@id\":\"https:\/\/blondeau.be\/fr\/#organization\",\"name\":\"Blondeau\",\"url\":\"https:\/\/blondeau.be\/fr\/\",\"logo\":{\"@type\":\"ImageObject\",\"inLanguage\":\"fr-FR\",\"@id\":\"https:\/\/blondeau.be\/fr\/#\/schema\/logo\/image\/\",\"url\":\"https:\/\/blondeau.be\/wp-content\/uploads\/2025\/08\/Logo.jpg\",\"contentUrl\":\"https:\/\/blondeau.be\/wp-content\/uploads\/2025\/08\/Logo.jpg\",\"width\":600,\"height\":600,\"caption\":\"Blondeau\"},\"image\":{\"@id\":\"https:\/\/blondeau.be\/fr\/#\/schema\/logo\/image\/\"}}]}<\/script>\n<!-- \/ Yoast SEO plugin. -->","yoast_head_json":{"title":"Eclipse FlueFire - Blondeau","robots":{"index":"index","follow":"follow","max-snippet":"max-snippet:-1","max-image-preview":"max-image-preview:large","max-video-preview":"max-video-preview:-1"},"canonical":"https:\/\/blondeau.be\/fr\/produit\/eclipse-fluefire\/","og_locale":"fr_FR","og_type":"article","og_title":"Eclipse FlueFire - Blondeau","og_description":"Le br\u00fbleur Eclipse FlueFire est un br\u00fbleur de veine d&rsquo;air sp\u00e9cialement con\u00e7u pour la co-combustion des gaz d\u2019\u00e9chappement de turbines \u00e0 gaz dans des centrales de cog\u00e9n\u00e9ration, en utilisant l\u2019oxyg\u00e8ne r\u00e9siduel contenu dans les gaz d&rsquo;\u00e9chappement comme air de combustion. Gr\u00e2ce \u00e0 sa puissance calorifique \u00e9lev\u00e9e par module et \u00e0 sa construction r\u00e9sistante aux hautes [&hellip;]","og_url":"https:\/\/blondeau.be\/fr\/produit\/eclipse-fluefire\/","og_site_name":"Blondeau","article_modified_time":"2025-07-11T15:20:38+00:00","og_image":[{"width":443,"height":311,"url":"https:\/\/blondeau.be\/wp-content\/uploads\/2025\/02\/Flue-Fire-1-1.jpg","type":"image\/jpeg"}],"twitter_card":"summary_large_image","twitter_misc":{"Dur\u00e9e de lecture estim\u00e9e":"1 minute"},"schema":{"@context":"https:\/\/schema.org","@graph":[{"@type":"WebPage","@id":"https:\/\/blondeau.be\/fr\/produit\/eclipse-fluefire\/","url":"https:\/\/blondeau.be\/fr\/produit\/eclipse-fluefire\/","name":"Eclipse FlueFire - Blondeau","isPartOf":{"@id":"https:\/\/blondeau.be\/fr\/#website"},"primaryImageOfPage":{"@id":"https:\/\/blondeau.be\/fr\/produit\/eclipse-fluefire\/#primaryimage"},"image":{"@id":"https:\/\/blondeau.be\/fr\/produit\/eclipse-fluefire\/#primaryimage"},"thumbnailUrl":"https:\/\/blondeau.be\/wp-content\/uploads\/2025\/02\/Flue-Fire-1-1.jpg","datePublished":"2025-02-13T14:30:39+00:00","dateModified":"2025-07-11T15:20:38+00:00","breadcrumb":{"@id":"https:\/\/blondeau.be\/fr\/produit\/eclipse-fluefire\/#breadcrumb"},"inLanguage":"fr-FR","potentialAction":[{"@type":"ReadAction","target":["https:\/\/blondeau.be\/fr\/produit\/eclipse-fluefire\/"]}]},{"@type":"ImageObject","inLanguage":"fr-FR","@id":"https:\/\/blondeau.be\/fr\/produit\/eclipse-fluefire\/#primaryimage","url":"https:\/\/blondeau.be\/wp-content\/uploads\/2025\/02\/Flue-Fire-1-1.jpg","contentUrl":"https:\/\/blondeau.be\/wp-content\/uploads\/2025\/02\/Flue-Fire-1-1.jpg","width":443,"height":311},{"@type":"BreadcrumbList","@id":"https:\/\/blondeau.be\/fr\/produit\/eclipse-fluefire\/#breadcrumb","itemListElement":[{"@type":"ListItem","position":1,"name":"Home","item":"https:\/\/blondeau.be\/fr\/accueil\/"},{"@type":"ListItem","position":2,"name":"Catalogue des produits","item":"https:\/\/blondeau.be\/fr\/catalogue-des-produits\/"},{"@type":"ListItem","position":3,"name":"Eclipse FlueFire"}]},{"@type":"WebSite","@id":"https:\/\/blondeau.be\/fr\/#website","url":"https:\/\/blondeau.be\/fr\/","name":"Blondeau","description":"Industrial Heating","publisher":{"@id":"https:\/\/blondeau.be\/fr\/#organization"},"potentialAction":[{"@type":"SearchAction","target":{"@type":"EntryPoint","urlTemplate":"https:\/\/blondeau.be\/fr\/?s={search_term_string}"},"query-input":{"@type":"PropertyValueSpecification","valueRequired":true,"valueName":"search_term_string"}}],"inLanguage":"fr-FR"},{"@type":"Organization","@id":"https:\/\/blondeau.be\/fr\/#organization","name":"Blondeau","url":"https:\/\/blondeau.be\/fr\/","logo":{"@type":"ImageObject","inLanguage":"fr-FR","@id":"https:\/\/blondeau.be\/fr\/#\/schema\/logo\/image\/","url":"https:\/\/blondeau.be\/wp-content\/uploads\/2025\/08\/Logo.jpg","contentUrl":"https:\/\/blondeau.be\/wp-content\/uploads\/2025\/08\/Logo.jpg","width":600,"height":600,"caption":"Blondeau"},"image":{"@id":"https:\/\/blondeau.be\/fr\/#\/schema\/logo\/image\/"}}]}},"_links":{"self":[{"href":"https:\/\/blondeau.be\/fr\/wp-json\/wp\/v2\/product\/28388","targetHints":{"allow":["GET"]}}],"collection":[{"href":"https:\/\/blondeau.be\/fr\/wp-json\/wp\/v2\/product"}],"about":[{"href":"https:\/\/blondeau.be\/fr\/wp-json\/wp\/v2\/types\/product"}],"wp:featuredmedia":[{"embeddable":true,"href":"https:\/\/blondeau.be\/fr\/wp-json\/wp\/v2\/media\/28390"}],"wp:attachment":[{"href":"https:\/\/blondeau.be\/fr\/wp-json\/wp\/v2\/media?parent=28388"}],"wp:term":[{"taxonomy":"product_brand","embeddable":true,"href":"https:\/\/blondeau.be\/fr\/wp-json\/wp\/v2\/product_brand?post=28388"},{"taxonomy":"product_cat","embeddable":true,"href":"https:\/\/blondeau.be\/fr\/wp-json\/wp\/v2\/product_cat?post=28388"},{"taxonomy":"product_tag","embeddable":true,"href":"https:\/\/blondeau.be\/fr\/wp-json\/wp\/v2\/product_tag?post=28388"}],"curies":[{"name":"wp","href":"https:\/\/api.w.org\/{rel}","templated":true}]}}