{"id":28373,"date":"2025-02-13T15:28:01","date_gmt":"2025-02-13T13:28:01","guid":{"rendered":"https:\/\/blondeau.be\/product\/eclipse-minnox\/"},"modified":"2025-07-23T17:01:06","modified_gmt":"2025-07-23T15:01:06","slug":"eclipse-minnox","status":"publish","type":"product","link":"https:\/\/blondeau.be\/fr\/produit\/eclipse-minnox\/","title":{"rendered":"Eclipse Minnox"},"content":{"rendered":"<p>Les <strong>br\u00fbleurs Eclipse Minnox<\/strong> sont parmi les meilleurs au monde en mati\u00e8re de faibles \u00e9missions de NOx et de CO. Gr\u00e2ce \u00e0 une conception brevet\u00e9e, ils utilisent un m\u00e9lange gaz\/air pr\u00e9m\u00e9lang\u00e9 avec un exc\u00e8s d&rsquo;air, g\u00e9n\u00e9rant une flamme plus froide et des \u00e9missions de NOx extr\u00eamement r\u00e9duites. Con\u00e7us pour le chauffage direct de l\u2019air, les br\u00fbleurs Minnox permettent de traiter une grande vari\u00e9t\u00e9 de produits \u2014 tels que les aliments, le malt, le bois ou le papier \u2014 avec une efficacit\u00e9 \u00e9nerg\u00e9tique remarquable sans risque de contamination, tout en respectant les normes d\u2019\u00e9mission les plus strictes.   <\/p>\n<p><b>Caract\u00e9ristiques et avantages :<\/b><\/p>\n<ul>\n \t<\/p>\n<li>Capacit\u00e9 jusqu&rsquo;\u00e0 135 kW par demi-pied (150 mm)<\/li>\n<li>Plage de contr\u00f4le jusqu&rsquo;\u00e0 10:1<\/li>\n<li>Temp\u00e9rature maximale du processus jusqu&rsquo;\u00e0 500 \u00b0C<\/li>\n<li>\u00c9missions de NOx &lt; 5ppm \u00e0 3% O2<\/li>\n<li>\u00c9missions de CO2 &lt; 30 ppm \u00e0 3 % d&rsquo;O2<\/li>\n<li>Combustible : gaz naturel, propane, butane<\/li>\n<\/ul>\n<p><strong>Documentation :<\/strong><\/p>\n","protected":false},"excerpt":{"rendered":"<p>Les br\u00fbleurs Eclipse Minnox sont parmi les meilleurs au monde en mati\u00e8re de faibles \u00e9missions de NOx et de CO. Gr\u00e2ce \u00e0 une conception brevet\u00e9e, ils utilisent un m\u00e9lange gaz\/air pr\u00e9m\u00e9lang\u00e9 avec un exc\u00e8s d&rsquo;air, g\u00e9n\u00e9rant une flamme plus froide et des \u00e9missions de NOx extr\u00eamement r\u00e9duites. Con\u00e7us pour le chauffage direct de l\u2019air, les [&hellip;]<\/p>\n","protected":false},"featured_media":28376,"template":"","meta":{"_acf_changed":false},"product_brand":[],"product_cat":[365],"product_tag":[376],"class_list":{"0":"post-28373","1":"product","2":"type-product","3":"status-publish","4":"has-post-thumbnail","6":"product_cat-bruleurs","7":"product_tag-bruleurs-de-canal","9":"first","10":"instock","11":"taxable","12":"shipping-taxable","13":"product-type-simple"},"acf":[],"yoast_head":"<!-- This site is optimized with the Yoast SEO plugin v26.8 - https:\/\/yoast.com\/product\/yoast-seo-wordpress\/ -->\n<title>Eclipse Minnox - Blondeau<\/title>\n<meta name=\"robots\" content=\"index, follow, max-snippet:-1, max-image-preview:large, max-video-preview:-1\" \/>\n<link rel=\"canonical\" href=\"https:\/\/blondeau.be\/fr\/produit\/eclipse-minnox\/\" \/>\n<meta property=\"og:locale\" content=\"fr_FR\" \/>\n<meta property=\"og:type\" content=\"article\" \/>\n<meta property=\"og:title\" content=\"Eclipse Minnox - Blondeau\" \/>\n<meta property=\"og:description\" content=\"Les br\u00fbleurs Eclipse Minnox sont parmi les meilleurs au monde en mati\u00e8re de faibles \u00e9missions de NOx et de CO. Gr\u00e2ce \u00e0 une conception brevet\u00e9e, ils utilisent un m\u00e9lange gaz\/air pr\u00e9m\u00e9lang\u00e9 avec un exc\u00e8s d&rsquo;air, g\u00e9n\u00e9rant une flamme plus froide et des \u00e9missions de NOx extr\u00eamement r\u00e9duites. Con\u00e7us pour le chauffage direct de l\u2019air, les [&hellip;]\" \/>\n<meta property=\"og:url\" content=\"https:\/\/blondeau.be\/fr\/produit\/eclipse-minnox\/\" \/>\n<meta property=\"og:site_name\" content=\"Blondeau\" \/>\n<meta property=\"article:modified_time\" content=\"2025-07-23T15:01:06+00:00\" \/>\n<meta property=\"og:image\" content=\"https:\/\/blondeau.be\/wp-content\/uploads\/2025\/02\/Minnox-1.jpg\" \/>\n\t<meta property=\"og:image:width\" content=\"565\" \/>\n\t<meta property=\"og:image:height\" content=\"344\" \/>\n\t<meta property=\"og:image:type\" content=\"image\/jpeg\" \/>\n<meta name=\"twitter:card\" content=\"summary_large_image\" \/>\n<meta name=\"twitter:label1\" content=\"Dur\u00e9e de lecture estim\u00e9e\" \/>\n\t<meta name=\"twitter:data1\" content=\"1 minute\" \/>\n<script type=\"application\/ld+json\" class=\"yoast-schema-graph\">{\"@context\":\"https:\/\/schema.org\",\"@graph\":[{\"@type\":\"WebPage\",\"@id\":\"https:\/\/blondeau.be\/fr\/produit\/eclipse-minnox\/\",\"url\":\"https:\/\/blondeau.be\/fr\/produit\/eclipse-minnox\/\",\"name\":\"Eclipse Minnox - Blondeau\",\"isPartOf\":{\"@id\":\"https:\/\/blondeau.be\/fr\/#website\"},\"primaryImageOfPage\":{\"@id\":\"https:\/\/blondeau.be\/fr\/produit\/eclipse-minnox\/#primaryimage\"},\"image\":{\"@id\":\"https:\/\/blondeau.be\/fr\/produit\/eclipse-minnox\/#primaryimage\"},\"thumbnailUrl\":\"https:\/\/blondeau.be\/wp-content\/uploads\/2025\/02\/Minnox-1.jpg\",\"datePublished\":\"2025-02-13T13:28:01+00:00\",\"dateModified\":\"2025-07-23T15:01:06+00:00\",\"breadcrumb\":{\"@id\":\"https:\/\/blondeau.be\/fr\/produit\/eclipse-minnox\/#breadcrumb\"},\"inLanguage\":\"fr-FR\",\"potentialAction\":[{\"@type\":\"ReadAction\",\"target\":[\"https:\/\/blondeau.be\/fr\/produit\/eclipse-minnox\/\"]}]},{\"@type\":\"ImageObject\",\"inLanguage\":\"fr-FR\",\"@id\":\"https:\/\/blondeau.be\/fr\/produit\/eclipse-minnox\/#primaryimage\",\"url\":\"https:\/\/blondeau.be\/wp-content\/uploads\/2025\/02\/Minnox-1.jpg\",\"contentUrl\":\"https:\/\/blondeau.be\/wp-content\/uploads\/2025\/02\/Minnox-1.jpg\",\"width\":565,\"height\":344},{\"@type\":\"BreadcrumbList\",\"@id\":\"https:\/\/blondeau.be\/fr\/produit\/eclipse-minnox\/#breadcrumb\",\"itemListElement\":[{\"@type\":\"ListItem\",\"position\":1,\"name\":\"Home\",\"item\":\"https:\/\/blondeau.be\/fr\/accueil\/\"},{\"@type\":\"ListItem\",\"position\":2,\"name\":\"Catalogue des produits\",\"item\":\"https:\/\/blondeau.be\/fr\/catalogue-des-produits\/\"},{\"@type\":\"ListItem\",\"position\":3,\"name\":\"Eclipse Minnox\"}]},{\"@type\":\"WebSite\",\"@id\":\"https:\/\/blondeau.be\/fr\/#website\",\"url\":\"https:\/\/blondeau.be\/fr\/\",\"name\":\"Blondeau\",\"description\":\"Industrial Heating\",\"publisher\":{\"@id\":\"https:\/\/blondeau.be\/fr\/#organization\"},\"potentialAction\":[{\"@type\":\"SearchAction\",\"target\":{\"@type\":\"EntryPoint\",\"urlTemplate\":\"https:\/\/blondeau.be\/fr\/?s={search_term_string}\"},\"query-input\":{\"@type\":\"PropertyValueSpecification\",\"valueRequired\":true,\"valueName\":\"search_term_string\"}}],\"inLanguage\":\"fr-FR\"},{\"@type\":\"Organization\",\"@id\":\"https:\/\/blondeau.be\/fr\/#organization\",\"name\":\"Blondeau\",\"url\":\"https:\/\/blondeau.be\/fr\/\",\"logo\":{\"@type\":\"ImageObject\",\"inLanguage\":\"fr-FR\",\"@id\":\"https:\/\/blondeau.be\/fr\/#\/schema\/logo\/image\/\",\"url\":\"https:\/\/blondeau.be\/wp-content\/uploads\/2025\/08\/Logo.jpg\",\"contentUrl\":\"https:\/\/blondeau.be\/wp-content\/uploads\/2025\/08\/Logo.jpg\",\"width\":600,\"height\":600,\"caption\":\"Blondeau\"},\"image\":{\"@id\":\"https:\/\/blondeau.be\/fr\/#\/schema\/logo\/image\/\"}}]}<\/script>\n<!-- \/ Yoast SEO plugin. -->","yoast_head_json":{"title":"Eclipse Minnox - Blondeau","robots":{"index":"index","follow":"follow","max-snippet":"max-snippet:-1","max-image-preview":"max-image-preview:large","max-video-preview":"max-video-preview:-1"},"canonical":"https:\/\/blondeau.be\/fr\/produit\/eclipse-minnox\/","og_locale":"fr_FR","og_type":"article","og_title":"Eclipse Minnox - Blondeau","og_description":"Les br\u00fbleurs Eclipse Minnox sont parmi les meilleurs au monde en mati\u00e8re de faibles \u00e9missions de NOx et de CO. Gr\u00e2ce \u00e0 une conception brevet\u00e9e, ils utilisent un m\u00e9lange gaz\/air pr\u00e9m\u00e9lang\u00e9 avec un exc\u00e8s d&rsquo;air, g\u00e9n\u00e9rant une flamme plus froide et des \u00e9missions de NOx extr\u00eamement r\u00e9duites. Con\u00e7us pour le chauffage direct de l\u2019air, les [&hellip;]","og_url":"https:\/\/blondeau.be\/fr\/produit\/eclipse-minnox\/","og_site_name":"Blondeau","article_modified_time":"2025-07-23T15:01:06+00:00","og_image":[{"width":565,"height":344,"url":"https:\/\/blondeau.be\/wp-content\/uploads\/2025\/02\/Minnox-1.jpg","type":"image\/jpeg"}],"twitter_card":"summary_large_image","twitter_misc":{"Dur\u00e9e de lecture estim\u00e9e":"1 minute"},"schema":{"@context":"https:\/\/schema.org","@graph":[{"@type":"WebPage","@id":"https:\/\/blondeau.be\/fr\/produit\/eclipse-minnox\/","url":"https:\/\/blondeau.be\/fr\/produit\/eclipse-minnox\/","name":"Eclipse Minnox - Blondeau","isPartOf":{"@id":"https:\/\/blondeau.be\/fr\/#website"},"primaryImageOfPage":{"@id":"https:\/\/blondeau.be\/fr\/produit\/eclipse-minnox\/#primaryimage"},"image":{"@id":"https:\/\/blondeau.be\/fr\/produit\/eclipse-minnox\/#primaryimage"},"thumbnailUrl":"https:\/\/blondeau.be\/wp-content\/uploads\/2025\/02\/Minnox-1.jpg","datePublished":"2025-02-13T13:28:01+00:00","dateModified":"2025-07-23T15:01:06+00:00","breadcrumb":{"@id":"https:\/\/blondeau.be\/fr\/produit\/eclipse-minnox\/#breadcrumb"},"inLanguage":"fr-FR","potentialAction":[{"@type":"ReadAction","target":["https:\/\/blondeau.be\/fr\/produit\/eclipse-minnox\/"]}]},{"@type":"ImageObject","inLanguage":"fr-FR","@id":"https:\/\/blondeau.be\/fr\/produit\/eclipse-minnox\/#primaryimage","url":"https:\/\/blondeau.be\/wp-content\/uploads\/2025\/02\/Minnox-1.jpg","contentUrl":"https:\/\/blondeau.be\/wp-content\/uploads\/2025\/02\/Minnox-1.jpg","width":565,"height":344},{"@type":"BreadcrumbList","@id":"https:\/\/blondeau.be\/fr\/produit\/eclipse-minnox\/#breadcrumb","itemListElement":[{"@type":"ListItem","position":1,"name":"Home","item":"https:\/\/blondeau.be\/fr\/accueil\/"},{"@type":"ListItem","position":2,"name":"Catalogue des produits","item":"https:\/\/blondeau.be\/fr\/catalogue-des-produits\/"},{"@type":"ListItem","position":3,"name":"Eclipse Minnox"}]},{"@type":"WebSite","@id":"https:\/\/blondeau.be\/fr\/#website","url":"https:\/\/blondeau.be\/fr\/","name":"Blondeau","description":"Industrial Heating","publisher":{"@id":"https:\/\/blondeau.be\/fr\/#organization"},"potentialAction":[{"@type":"SearchAction","target":{"@type":"EntryPoint","urlTemplate":"https:\/\/blondeau.be\/fr\/?s={search_term_string}"},"query-input":{"@type":"PropertyValueSpecification","valueRequired":true,"valueName":"search_term_string"}}],"inLanguage":"fr-FR"},{"@type":"Organization","@id":"https:\/\/blondeau.be\/fr\/#organization","name":"Blondeau","url":"https:\/\/blondeau.be\/fr\/","logo":{"@type":"ImageObject","inLanguage":"fr-FR","@id":"https:\/\/blondeau.be\/fr\/#\/schema\/logo\/image\/","url":"https:\/\/blondeau.be\/wp-content\/uploads\/2025\/08\/Logo.jpg","contentUrl":"https:\/\/blondeau.be\/wp-content\/uploads\/2025\/08\/Logo.jpg","width":600,"height":600,"caption":"Blondeau"},"image":{"@id":"https:\/\/blondeau.be\/fr\/#\/schema\/logo\/image\/"}}]}},"_links":{"self":[{"href":"https:\/\/blondeau.be\/fr\/wp-json\/wp\/v2\/product\/28373","targetHints":{"allow":["GET"]}}],"collection":[{"href":"https:\/\/blondeau.be\/fr\/wp-json\/wp\/v2\/product"}],"about":[{"href":"https:\/\/blondeau.be\/fr\/wp-json\/wp\/v2\/types\/product"}],"wp:featuredmedia":[{"embeddable":true,"href":"https:\/\/blondeau.be\/fr\/wp-json\/wp\/v2\/media\/28376"}],"wp:attachment":[{"href":"https:\/\/blondeau.be\/fr\/wp-json\/wp\/v2\/media?parent=28373"}],"wp:term":[{"taxonomy":"product_brand","embeddable":true,"href":"https:\/\/blondeau.be\/fr\/wp-json\/wp\/v2\/product_brand?post=28373"},{"taxonomy":"product_cat","embeddable":true,"href":"https:\/\/blondeau.be\/fr\/wp-json\/wp\/v2\/product_cat?post=28373"},{"taxonomy":"product_tag","embeddable":true,"href":"https:\/\/blondeau.be\/fr\/wp-json\/wp\/v2\/product_tag?post=28373"}],"curies":[{"name":"wp","href":"https:\/\/api.w.org\/{rel}","templated":true}]}}