{"id":28362,"date":"2025-02-03T12:15:08","date_gmt":"2025-02-03T10:15:08","guid":{"rendered":"https:\/\/blondeau.be\/product\/exothermie-echangeur-de-chaleur\/"},"modified":"2025-06-25T12:09:51","modified_gmt":"2025-06-25T10:09:51","slug":"exothermie-echangeur-de-chaleur","status":"publish","type":"product","link":"https:\/\/blondeau.be\/fr\/produit\/exothermie-echangeur-de-chaleur\/","title":{"rendered":"Exothermie \u00c9changeur de chaleur"},"content":{"rendered":"<p>Honeywell <strong style=\"font-size: 1rem;\">Exothermics<\/strong> <span style=\"font-size: 1rem;\">Les \u00e9changeurs de chaleur sont con\u00e7us pour am\u00e9liorer l&rsquo;efficacit\u00e9 \u00e9nerg\u00e9tique en r\u00e9cup\u00e9rant la chaleur des gaz d \u00ab \u00e9chappement et d&rsquo;autres sources de chaleur. Ils sont souvent utilis\u00e9s dans des proc\u00e9d\u00e9s o\u00f9 le transfert de chaleur est essentiel, comme dans les fours, les installations de s\u00e9chage et d&rsquo;autres syst\u00e8mes thermiques. En mettant en \u0153uvre les solutions Exothermics, les entreprises peuvent r\u00e9duire leur consommation d \u00bb \u00e9nergie et leurs co\u00fbts d&rsquo;exploitation.  <\/span><\/p>\n<ul>\n<li><a class=\"sample-product-description text-center d-block body1 pt-3\" href=\"https:\/\/process.honeywell.com\/us\/en\/products\/thermal-solutions\/burners-and-heat-exchangers\/exothermics-heat-exchangers-and-indirect-air-heaters\/exothermics-er-indirect-air-heater\">Chauffage \u00e0 air indirect Exothermics ER<\/a><\/li>\n<li><a class=\"sample-product-description text-center d-block body1 pt-3\" href=\"https:\/\/process.honeywell.com\/us\/en\/products\/thermal-solutions\/burners-and-heat-exchangers\/exothermics-heat-exchangers-and-indirect-air-heaters\/exothermics-rht-indirect-air-heater\">Chauffage \u00e0 air indirect RHT Exothermics<\/a><\/li>\n<li><a class=\"sample-product-description text-center d-block body1 pt-3\" href=\"https:\/\/process.honeywell.com\/us\/en\/products\/thermal-solutions\/burners-and-heat-exchangers\/exothermics-heat-exchangers-and-indirect-air-heaters\/exothermics-sinusoidal-heat-exchanger\">\u00c9changeur de chaleur sinuso\u00efdal Exothermics<\/a><\/li>\n<li><a class=\"sample-product-description text-center d-block body1 pt-3\" href=\"https:\/\/process.honeywell.com\/us\/en\/products\/thermal-solutions\/burners-and-heat-exchangers\/exothermics-heat-exchangers-and-indirect-air-heaters\/exothermics-dimple-heat-exchanger\">\u00c9changeur de chaleur \u00e0 fossettes Exothermics<\/a><\/li>\n<li><a class=\"sample-product-description text-center d-block body1 pt-3\" href=\"https:\/\/process.honeywell.com\/us\/en\/products\/thermal-solutions\/burners-and-heat-exchangers\/exothermics-heat-exchangers-and-indirect-air-heaters\/exothermics-tubular-heat-exchanger\">\u00c9changeur de chaleur tubulaire Exothermics<\/a><\/li>\n<\/ul>\n","protected":false},"excerpt":{"rendered":"<p>Honeywell Exothermics Les \u00e9changeurs de chaleur sont con\u00e7us pour am\u00e9liorer l&rsquo;efficacit\u00e9 \u00e9nerg\u00e9tique en r\u00e9cup\u00e9rant la chaleur des gaz d \u00ab \u00e9chappement et d&rsquo;autres sources de chaleur. Ils sont souvent utilis\u00e9s dans des proc\u00e9d\u00e9s o\u00f9 le transfert de chaleur est essentiel, comme dans les fours, les installations de s\u00e9chage et d&rsquo;autres syst\u00e8mes thermiques. En mettant en [&hellip;]<\/p>\n","protected":false},"featured_media":28371,"template":"","meta":{"_acf_changed":false},"product_brand":[],"product_cat":[414],"product_tag":[],"class_list":{"0":"post-28362","1":"product","2":"type-product","3":"status-publish","4":"has-post-thumbnail","6":"product_cat-exothermics-fr","8":"first","9":"instock","10":"taxable","11":"shipping-taxable","12":"product-type-simple"},"acf":[],"yoast_head":"<!-- This site is optimized with the Yoast SEO plugin v26.8 - https:\/\/yoast.com\/product\/yoast-seo-wordpress\/ -->\n<title>Exothermie \u00c9changeur de chaleur - Blondeau<\/title>\n<meta name=\"robots\" content=\"index, follow, max-snippet:-1, max-image-preview:large, max-video-preview:-1\" \/>\n<link rel=\"canonical\" href=\"https:\/\/blondeau.be\/fr\/produit\/exothermie-echangeur-de-chaleur\/\" \/>\n<meta property=\"og:locale\" content=\"fr_FR\" \/>\n<meta property=\"og:type\" content=\"article\" \/>\n<meta property=\"og:title\" content=\"Exothermie \u00c9changeur de chaleur - Blondeau\" \/>\n<meta property=\"og:description\" content=\"Honeywell Exothermics Les \u00e9changeurs de chaleur sont con\u00e7us pour am\u00e9liorer l&rsquo;efficacit\u00e9 \u00e9nerg\u00e9tique en r\u00e9cup\u00e9rant la chaleur des gaz d \u00ab \u00e9chappement et d&rsquo;autres sources de chaleur. Ils sont souvent utilis\u00e9s dans des proc\u00e9d\u00e9s o\u00f9 le transfert de chaleur est essentiel, comme dans les fours, les installations de s\u00e9chage et d&rsquo;autres syst\u00e8mes thermiques. En mettant en [&hellip;]\" \/>\n<meta property=\"og:url\" content=\"https:\/\/blondeau.be\/fr\/produit\/exothermie-echangeur-de-chaleur\/\" \/>\n<meta property=\"og:site_name\" content=\"Blondeau\" \/>\n<meta property=\"article:modified_time\" content=\"2025-06-25T10:09:51+00:00\" \/>\n<meta property=\"og:image\" content=\"https:\/\/blondeau.be\/wp-content\/uploads\/2025\/02\/Exo-warmtewisselaars-3.jpeg\" \/>\n\t<meta property=\"og:image:width\" content=\"989\" \/>\n\t<meta property=\"og:image:height\" content=\"631\" \/>\n\t<meta property=\"og:image:type\" content=\"image\/jpeg\" \/>\n<meta name=\"twitter:card\" content=\"summary_large_image\" \/>\n<meta name=\"twitter:label1\" content=\"Dur\u00e9e de lecture estim\u00e9e\" \/>\n\t<meta name=\"twitter:data1\" content=\"1 minute\" \/>\n<script type=\"application\/ld+json\" class=\"yoast-schema-graph\">{\"@context\":\"https:\/\/schema.org\",\"@graph\":[{\"@type\":\"WebPage\",\"@id\":\"https:\/\/blondeau.be\/fr\/produit\/exothermie-echangeur-de-chaleur\/\",\"url\":\"https:\/\/blondeau.be\/fr\/produit\/exothermie-echangeur-de-chaleur\/\",\"name\":\"Exothermie \u00c9changeur de chaleur - Blondeau\",\"isPartOf\":{\"@id\":\"https:\/\/blondeau.be\/fr\/#website\"},\"primaryImageOfPage\":{\"@id\":\"https:\/\/blondeau.be\/fr\/produit\/exothermie-echangeur-de-chaleur\/#primaryimage\"},\"image\":{\"@id\":\"https:\/\/blondeau.be\/fr\/produit\/exothermie-echangeur-de-chaleur\/#primaryimage\"},\"thumbnailUrl\":\"https:\/\/blondeau.be\/wp-content\/uploads\/2025\/02\/Exo-warmtewisselaars-3.jpeg\",\"datePublished\":\"2025-02-03T10:15:08+00:00\",\"dateModified\":\"2025-06-25T10:09:51+00:00\",\"breadcrumb\":{\"@id\":\"https:\/\/blondeau.be\/fr\/produit\/exothermie-echangeur-de-chaleur\/#breadcrumb\"},\"inLanguage\":\"fr-FR\",\"potentialAction\":[{\"@type\":\"ReadAction\",\"target\":[\"https:\/\/blondeau.be\/fr\/produit\/exothermie-echangeur-de-chaleur\/\"]}]},{\"@type\":\"ImageObject\",\"inLanguage\":\"fr-FR\",\"@id\":\"https:\/\/blondeau.be\/fr\/produit\/exothermie-echangeur-de-chaleur\/#primaryimage\",\"url\":\"https:\/\/blondeau.be\/wp-content\/uploads\/2025\/02\/Exo-warmtewisselaars-3.jpeg\",\"contentUrl\":\"https:\/\/blondeau.be\/wp-content\/uploads\/2025\/02\/Exo-warmtewisselaars-3.jpeg\",\"width\":989,\"height\":631},{\"@type\":\"BreadcrumbList\",\"@id\":\"https:\/\/blondeau.be\/fr\/produit\/exothermie-echangeur-de-chaleur\/#breadcrumb\",\"itemListElement\":[{\"@type\":\"ListItem\",\"position\":1,\"name\":\"Home\",\"item\":\"https:\/\/blondeau.be\/fr\/accueil\/\"},{\"@type\":\"ListItem\",\"position\":2,\"name\":\"Catalogue des produits\",\"item\":\"https:\/\/blondeau.be\/fr\/catalogue-des-produits\/\"},{\"@type\":\"ListItem\",\"position\":3,\"name\":\"Exothermie \u00c9changeur de chaleur\"}]},{\"@type\":\"WebSite\",\"@id\":\"https:\/\/blondeau.be\/fr\/#website\",\"url\":\"https:\/\/blondeau.be\/fr\/\",\"name\":\"Blondeau\",\"description\":\"Industrial Heating\",\"publisher\":{\"@id\":\"https:\/\/blondeau.be\/fr\/#organization\"},\"potentialAction\":[{\"@type\":\"SearchAction\",\"target\":{\"@type\":\"EntryPoint\",\"urlTemplate\":\"https:\/\/blondeau.be\/fr\/?s={search_term_string}\"},\"query-input\":{\"@type\":\"PropertyValueSpecification\",\"valueRequired\":true,\"valueName\":\"search_term_string\"}}],\"inLanguage\":\"fr-FR\"},{\"@type\":\"Organization\",\"@id\":\"https:\/\/blondeau.be\/fr\/#organization\",\"name\":\"Blondeau\",\"url\":\"https:\/\/blondeau.be\/fr\/\",\"logo\":{\"@type\":\"ImageObject\",\"inLanguage\":\"fr-FR\",\"@id\":\"https:\/\/blondeau.be\/fr\/#\/schema\/logo\/image\/\",\"url\":\"https:\/\/blondeau.be\/wp-content\/uploads\/2025\/08\/Logo.jpg\",\"contentUrl\":\"https:\/\/blondeau.be\/wp-content\/uploads\/2025\/08\/Logo.jpg\",\"width\":600,\"height\":600,\"caption\":\"Blondeau\"},\"image\":{\"@id\":\"https:\/\/blondeau.be\/fr\/#\/schema\/logo\/image\/\"}}]}<\/script>\n<!-- \/ Yoast SEO plugin. -->","yoast_head_json":{"title":"Exothermie \u00c9changeur de chaleur - Blondeau","robots":{"index":"index","follow":"follow","max-snippet":"max-snippet:-1","max-image-preview":"max-image-preview:large","max-video-preview":"max-video-preview:-1"},"canonical":"https:\/\/blondeau.be\/fr\/produit\/exothermie-echangeur-de-chaleur\/","og_locale":"fr_FR","og_type":"article","og_title":"Exothermie \u00c9changeur de chaleur - Blondeau","og_description":"Honeywell Exothermics Les \u00e9changeurs de chaleur sont con\u00e7us pour am\u00e9liorer l&rsquo;efficacit\u00e9 \u00e9nerg\u00e9tique en r\u00e9cup\u00e9rant la chaleur des gaz d \u00ab \u00e9chappement et d&rsquo;autres sources de chaleur. Ils sont souvent utilis\u00e9s dans des proc\u00e9d\u00e9s o\u00f9 le transfert de chaleur est essentiel, comme dans les fours, les installations de s\u00e9chage et d&rsquo;autres syst\u00e8mes thermiques. En mettant en [&hellip;]","og_url":"https:\/\/blondeau.be\/fr\/produit\/exothermie-echangeur-de-chaleur\/","og_site_name":"Blondeau","article_modified_time":"2025-06-25T10:09:51+00:00","og_image":[{"width":989,"height":631,"url":"https:\/\/blondeau.be\/wp-content\/uploads\/2025\/02\/Exo-warmtewisselaars-3.jpeg","type":"image\/jpeg"}],"twitter_card":"summary_large_image","twitter_misc":{"Dur\u00e9e de lecture estim\u00e9e":"1 minute"},"schema":{"@context":"https:\/\/schema.org","@graph":[{"@type":"WebPage","@id":"https:\/\/blondeau.be\/fr\/produit\/exothermie-echangeur-de-chaleur\/","url":"https:\/\/blondeau.be\/fr\/produit\/exothermie-echangeur-de-chaleur\/","name":"Exothermie \u00c9changeur de chaleur - Blondeau","isPartOf":{"@id":"https:\/\/blondeau.be\/fr\/#website"},"primaryImageOfPage":{"@id":"https:\/\/blondeau.be\/fr\/produit\/exothermie-echangeur-de-chaleur\/#primaryimage"},"image":{"@id":"https:\/\/blondeau.be\/fr\/produit\/exothermie-echangeur-de-chaleur\/#primaryimage"},"thumbnailUrl":"https:\/\/blondeau.be\/wp-content\/uploads\/2025\/02\/Exo-warmtewisselaars-3.jpeg","datePublished":"2025-02-03T10:15:08+00:00","dateModified":"2025-06-25T10:09:51+00:00","breadcrumb":{"@id":"https:\/\/blondeau.be\/fr\/produit\/exothermie-echangeur-de-chaleur\/#breadcrumb"},"inLanguage":"fr-FR","potentialAction":[{"@type":"ReadAction","target":["https:\/\/blondeau.be\/fr\/produit\/exothermie-echangeur-de-chaleur\/"]}]},{"@type":"ImageObject","inLanguage":"fr-FR","@id":"https:\/\/blondeau.be\/fr\/produit\/exothermie-echangeur-de-chaleur\/#primaryimage","url":"https:\/\/blondeau.be\/wp-content\/uploads\/2025\/02\/Exo-warmtewisselaars-3.jpeg","contentUrl":"https:\/\/blondeau.be\/wp-content\/uploads\/2025\/02\/Exo-warmtewisselaars-3.jpeg","width":989,"height":631},{"@type":"BreadcrumbList","@id":"https:\/\/blondeau.be\/fr\/produit\/exothermie-echangeur-de-chaleur\/#breadcrumb","itemListElement":[{"@type":"ListItem","position":1,"name":"Home","item":"https:\/\/blondeau.be\/fr\/accueil\/"},{"@type":"ListItem","position":2,"name":"Catalogue des produits","item":"https:\/\/blondeau.be\/fr\/catalogue-des-produits\/"},{"@type":"ListItem","position":3,"name":"Exothermie \u00c9changeur de chaleur"}]},{"@type":"WebSite","@id":"https:\/\/blondeau.be\/fr\/#website","url":"https:\/\/blondeau.be\/fr\/","name":"Blondeau","description":"Industrial Heating","publisher":{"@id":"https:\/\/blondeau.be\/fr\/#organization"},"potentialAction":[{"@type":"SearchAction","target":{"@type":"EntryPoint","urlTemplate":"https:\/\/blondeau.be\/fr\/?s={search_term_string}"},"query-input":{"@type":"PropertyValueSpecification","valueRequired":true,"valueName":"search_term_string"}}],"inLanguage":"fr-FR"},{"@type":"Organization","@id":"https:\/\/blondeau.be\/fr\/#organization","name":"Blondeau","url":"https:\/\/blondeau.be\/fr\/","logo":{"@type":"ImageObject","inLanguage":"fr-FR","@id":"https:\/\/blondeau.be\/fr\/#\/schema\/logo\/image\/","url":"https:\/\/blondeau.be\/wp-content\/uploads\/2025\/08\/Logo.jpg","contentUrl":"https:\/\/blondeau.be\/wp-content\/uploads\/2025\/08\/Logo.jpg","width":600,"height":600,"caption":"Blondeau"},"image":{"@id":"https:\/\/blondeau.be\/fr\/#\/schema\/logo\/image\/"}}]}},"_links":{"self":[{"href":"https:\/\/blondeau.be\/fr\/wp-json\/wp\/v2\/product\/28362","targetHints":{"allow":["GET"]}}],"collection":[{"href":"https:\/\/blondeau.be\/fr\/wp-json\/wp\/v2\/product"}],"about":[{"href":"https:\/\/blondeau.be\/fr\/wp-json\/wp\/v2\/types\/product"}],"wp:featuredmedia":[{"embeddable":true,"href":"https:\/\/blondeau.be\/fr\/wp-json\/wp\/v2\/media\/28371"}],"wp:attachment":[{"href":"https:\/\/blondeau.be\/fr\/wp-json\/wp\/v2\/media?parent=28362"}],"wp:term":[{"taxonomy":"product_brand","embeddable":true,"href":"https:\/\/blondeau.be\/fr\/wp-json\/wp\/v2\/product_brand?post=28362"},{"taxonomy":"product_cat","embeddable":true,"href":"https:\/\/blondeau.be\/fr\/wp-json\/wp\/v2\/product_cat?post=28362"},{"taxonomy":"product_tag","embeddable":true,"href":"https:\/\/blondeau.be\/fr\/wp-json\/wp\/v2\/product_tag?post=28362"}],"curies":[{"name":"wp","href":"https:\/\/api.w.org\/{rel}","templated":true}]}}