{"id":28357,"date":"2025-02-13T13:00:49","date_gmt":"2025-02-13T11:00:49","guid":{"rendered":"https:\/\/blondeau.be\/product\/eclipse-linnox\/"},"modified":"2025-07-23T17:00:26","modified_gmt":"2025-07-23T15:00:26","slug":"eclipse-linnox","status":"publish","type":"product","link":"https:\/\/blondeau.be\/fr\/produit\/eclipse-linnox\/","title":{"rendered":"Eclipse Linnox"},"content":{"rendered":"<p><strong>Les br\u00fbleurs Eclipse Linnox<\/strong> offrent une chaleur homog\u00e8ne tout en maintenant des \u00e9missions extr\u00eamement faibles. Con\u00e7us pour les applications de chauffage ou de s\u00e9chage de l\u2019air, \u00e0 combustion directe ou indirecte, ils r\u00e9pondent aux exigences les plus \u00e9lev\u00e9es en mati\u00e8re de technologie de combustion. Lorsque la distribution uniforme de la chaleur, la stabilit\u00e9 de la temp\u00e9rature, la r\u00e9duction des \u00e9missions et la simplicit\u00e9 des commandes sont des crit\u00e8res essentiels, le br\u00fbleur Linnox \u00e0 faibles \u00e9missions s\u2019impose comme la r\u00e9f\u00e9rence du secteur. Il peut \u00eatre assembl\u00e9 \u00e0 l\u2019aide d\u2019\u00e9l\u00e9ments droits et de t\u00e9s afin de s\u2019adapter \u00e0 la configuration souhait\u00e9e.   <\/p>\n<p><b>Caract\u00e9ristiques et avantages :<\/b><\/p>\n<ul>\n \t<\/p>\n<li>Capacit\u00e9 jusqu&rsquo;\u00e0 790 kW par pied (+\/- 30 cm)<\/li>\n<li>Plage de contr\u00f4le jusqu&rsquo;\u00e0 10:1<\/li>\n<li>Temp\u00e9rature de traitement maximale jusqu&rsquo;\u00e0 230 \u00b0C<\/li>\n<li>\u00c9missions de NOx &lt; 15ppm \u00e0 3% d&rsquo;O2<\/li>\n<li>\u00c9missions de CO2 &lt; 100 ppm \u00e0 3 % d&rsquo;O2<\/li>\n<li>Combustible : gaz naturel<\/li>\n<\/ul>\n<p><strong>Documentation :<\/strong><\/p>\n","protected":false},"excerpt":{"rendered":"<p>Les br\u00fbleurs Eclipse Linnox offrent une chaleur homog\u00e8ne tout en maintenant des \u00e9missions extr\u00eamement faibles. Con\u00e7us pour les applications de chauffage ou de s\u00e9chage de l\u2019air, \u00e0 combustion directe ou indirecte, ils r\u00e9pondent aux exigences les plus \u00e9lev\u00e9es en mati\u00e8re de technologie de combustion. Lorsque la distribution uniforme de la chaleur, la stabilit\u00e9 de la [&hellip;]<\/p>\n","protected":false},"featured_media":28359,"template":"","meta":{"_acf_changed":false},"product_brand":[],"product_cat":[365],"product_tag":[376],"class_list":{"0":"post-28357","1":"product","2":"type-product","3":"status-publish","4":"has-post-thumbnail","6":"product_cat-bruleurs","7":"product_tag-bruleurs-de-canal","9":"first","10":"instock","11":"taxable","12":"shipping-taxable","13":"product-type-simple"},"acf":[],"yoast_head":"<!-- This site is optimized with the Yoast SEO plugin v26.8 - https:\/\/yoast.com\/product\/yoast-seo-wordpress\/ -->\n<title>Eclipse Linnox - Blondeau<\/title>\n<meta name=\"robots\" content=\"index, follow, max-snippet:-1, max-image-preview:large, max-video-preview:-1\" \/>\n<link rel=\"canonical\" href=\"https:\/\/blondeau.be\/fr\/produit\/eclipse-linnox\/\" \/>\n<meta property=\"og:locale\" content=\"fr_FR\" \/>\n<meta property=\"og:type\" content=\"article\" \/>\n<meta property=\"og:title\" content=\"Eclipse Linnox - Blondeau\" \/>\n<meta property=\"og:description\" content=\"Les br\u00fbleurs Eclipse Linnox offrent une chaleur homog\u00e8ne tout en maintenant des \u00e9missions extr\u00eamement faibles. Con\u00e7us pour les applications de chauffage ou de s\u00e9chage de l\u2019air, \u00e0 combustion directe ou indirecte, ils r\u00e9pondent aux exigences les plus \u00e9lev\u00e9es en mati\u00e8re de technologie de combustion. Lorsque la distribution uniforme de la chaleur, la stabilit\u00e9 de la [&hellip;]\" \/>\n<meta property=\"og:url\" content=\"https:\/\/blondeau.be\/fr\/produit\/eclipse-linnox\/\" \/>\n<meta property=\"og:site_name\" content=\"Blondeau\" \/>\n<meta property=\"article:modified_time\" content=\"2025-07-23T15:00:26+00:00\" \/>\n<meta property=\"og:image\" content=\"https:\/\/blondeau.be\/wp-content\/uploads\/2025\/02\/Linnox-1.jpeg\" \/>\n\t<meta property=\"og:image:width\" content=\"317\" \/>\n\t<meta property=\"og:image:height\" content=\"281\" \/>\n\t<meta property=\"og:image:type\" content=\"image\/jpeg\" \/>\n<meta name=\"twitter:card\" content=\"summary_large_image\" \/>\n<meta name=\"twitter:label1\" content=\"Dur\u00e9e de lecture estim\u00e9e\" \/>\n\t<meta name=\"twitter:data1\" content=\"1 minute\" \/>\n<script type=\"application\/ld+json\" class=\"yoast-schema-graph\">{\"@context\":\"https:\/\/schema.org\",\"@graph\":[{\"@type\":\"WebPage\",\"@id\":\"https:\/\/blondeau.be\/fr\/produit\/eclipse-linnox\/\",\"url\":\"https:\/\/blondeau.be\/fr\/produit\/eclipse-linnox\/\",\"name\":\"Eclipse Linnox - Blondeau\",\"isPartOf\":{\"@id\":\"https:\/\/blondeau.be\/fr\/#website\"},\"primaryImageOfPage\":{\"@id\":\"https:\/\/blondeau.be\/fr\/produit\/eclipse-linnox\/#primaryimage\"},\"image\":{\"@id\":\"https:\/\/blondeau.be\/fr\/produit\/eclipse-linnox\/#primaryimage\"},\"thumbnailUrl\":\"https:\/\/blondeau.be\/wp-content\/uploads\/2025\/02\/Linnox-1.jpeg\",\"datePublished\":\"2025-02-13T11:00:49+00:00\",\"dateModified\":\"2025-07-23T15:00:26+00:00\",\"breadcrumb\":{\"@id\":\"https:\/\/blondeau.be\/fr\/produit\/eclipse-linnox\/#breadcrumb\"},\"inLanguage\":\"fr-FR\",\"potentialAction\":[{\"@type\":\"ReadAction\",\"target\":[\"https:\/\/blondeau.be\/fr\/produit\/eclipse-linnox\/\"]}]},{\"@type\":\"ImageObject\",\"inLanguage\":\"fr-FR\",\"@id\":\"https:\/\/blondeau.be\/fr\/produit\/eclipse-linnox\/#primaryimage\",\"url\":\"https:\/\/blondeau.be\/wp-content\/uploads\/2025\/02\/Linnox-1.jpeg\",\"contentUrl\":\"https:\/\/blondeau.be\/wp-content\/uploads\/2025\/02\/Linnox-1.jpeg\",\"width\":317,\"height\":281},{\"@type\":\"BreadcrumbList\",\"@id\":\"https:\/\/blondeau.be\/fr\/produit\/eclipse-linnox\/#breadcrumb\",\"itemListElement\":[{\"@type\":\"ListItem\",\"position\":1,\"name\":\"Home\",\"item\":\"https:\/\/blondeau.be\/fr\/accueil\/\"},{\"@type\":\"ListItem\",\"position\":2,\"name\":\"Catalogue des produits\",\"item\":\"https:\/\/blondeau.be\/fr\/catalogue-des-produits\/\"},{\"@type\":\"ListItem\",\"position\":3,\"name\":\"Eclipse Linnox\"}]},{\"@type\":\"WebSite\",\"@id\":\"https:\/\/blondeau.be\/fr\/#website\",\"url\":\"https:\/\/blondeau.be\/fr\/\",\"name\":\"Blondeau\",\"description\":\"Industrial Heating\",\"publisher\":{\"@id\":\"https:\/\/blondeau.be\/fr\/#organization\"},\"potentialAction\":[{\"@type\":\"SearchAction\",\"target\":{\"@type\":\"EntryPoint\",\"urlTemplate\":\"https:\/\/blondeau.be\/fr\/?s={search_term_string}\"},\"query-input\":{\"@type\":\"PropertyValueSpecification\",\"valueRequired\":true,\"valueName\":\"search_term_string\"}}],\"inLanguage\":\"fr-FR\"},{\"@type\":\"Organization\",\"@id\":\"https:\/\/blondeau.be\/fr\/#organization\",\"name\":\"Blondeau\",\"url\":\"https:\/\/blondeau.be\/fr\/\",\"logo\":{\"@type\":\"ImageObject\",\"inLanguage\":\"fr-FR\",\"@id\":\"https:\/\/blondeau.be\/fr\/#\/schema\/logo\/image\/\",\"url\":\"https:\/\/blondeau.be\/wp-content\/uploads\/2025\/08\/Logo.jpg\",\"contentUrl\":\"https:\/\/blondeau.be\/wp-content\/uploads\/2025\/08\/Logo.jpg\",\"width\":600,\"height\":600,\"caption\":\"Blondeau\"},\"image\":{\"@id\":\"https:\/\/blondeau.be\/fr\/#\/schema\/logo\/image\/\"}}]}<\/script>\n<!-- \/ Yoast SEO plugin. -->","yoast_head_json":{"title":"Eclipse Linnox - Blondeau","robots":{"index":"index","follow":"follow","max-snippet":"max-snippet:-1","max-image-preview":"max-image-preview:large","max-video-preview":"max-video-preview:-1"},"canonical":"https:\/\/blondeau.be\/fr\/produit\/eclipse-linnox\/","og_locale":"fr_FR","og_type":"article","og_title":"Eclipse Linnox - Blondeau","og_description":"Les br\u00fbleurs Eclipse Linnox offrent une chaleur homog\u00e8ne tout en maintenant des \u00e9missions extr\u00eamement faibles. Con\u00e7us pour les applications de chauffage ou de s\u00e9chage de l\u2019air, \u00e0 combustion directe ou indirecte, ils r\u00e9pondent aux exigences les plus \u00e9lev\u00e9es en mati\u00e8re de technologie de combustion. Lorsque la distribution uniforme de la chaleur, la stabilit\u00e9 de la [&hellip;]","og_url":"https:\/\/blondeau.be\/fr\/produit\/eclipse-linnox\/","og_site_name":"Blondeau","article_modified_time":"2025-07-23T15:00:26+00:00","og_image":[{"width":317,"height":281,"url":"https:\/\/blondeau.be\/wp-content\/uploads\/2025\/02\/Linnox-1.jpeg","type":"image\/jpeg"}],"twitter_card":"summary_large_image","twitter_misc":{"Dur\u00e9e de lecture estim\u00e9e":"1 minute"},"schema":{"@context":"https:\/\/schema.org","@graph":[{"@type":"WebPage","@id":"https:\/\/blondeau.be\/fr\/produit\/eclipse-linnox\/","url":"https:\/\/blondeau.be\/fr\/produit\/eclipse-linnox\/","name":"Eclipse Linnox - Blondeau","isPartOf":{"@id":"https:\/\/blondeau.be\/fr\/#website"},"primaryImageOfPage":{"@id":"https:\/\/blondeau.be\/fr\/produit\/eclipse-linnox\/#primaryimage"},"image":{"@id":"https:\/\/blondeau.be\/fr\/produit\/eclipse-linnox\/#primaryimage"},"thumbnailUrl":"https:\/\/blondeau.be\/wp-content\/uploads\/2025\/02\/Linnox-1.jpeg","datePublished":"2025-02-13T11:00:49+00:00","dateModified":"2025-07-23T15:00:26+00:00","breadcrumb":{"@id":"https:\/\/blondeau.be\/fr\/produit\/eclipse-linnox\/#breadcrumb"},"inLanguage":"fr-FR","potentialAction":[{"@type":"ReadAction","target":["https:\/\/blondeau.be\/fr\/produit\/eclipse-linnox\/"]}]},{"@type":"ImageObject","inLanguage":"fr-FR","@id":"https:\/\/blondeau.be\/fr\/produit\/eclipse-linnox\/#primaryimage","url":"https:\/\/blondeau.be\/wp-content\/uploads\/2025\/02\/Linnox-1.jpeg","contentUrl":"https:\/\/blondeau.be\/wp-content\/uploads\/2025\/02\/Linnox-1.jpeg","width":317,"height":281},{"@type":"BreadcrumbList","@id":"https:\/\/blondeau.be\/fr\/produit\/eclipse-linnox\/#breadcrumb","itemListElement":[{"@type":"ListItem","position":1,"name":"Home","item":"https:\/\/blondeau.be\/fr\/accueil\/"},{"@type":"ListItem","position":2,"name":"Catalogue des produits","item":"https:\/\/blondeau.be\/fr\/catalogue-des-produits\/"},{"@type":"ListItem","position":3,"name":"Eclipse Linnox"}]},{"@type":"WebSite","@id":"https:\/\/blondeau.be\/fr\/#website","url":"https:\/\/blondeau.be\/fr\/","name":"Blondeau","description":"Industrial Heating","publisher":{"@id":"https:\/\/blondeau.be\/fr\/#organization"},"potentialAction":[{"@type":"SearchAction","target":{"@type":"EntryPoint","urlTemplate":"https:\/\/blondeau.be\/fr\/?s={search_term_string}"},"query-input":{"@type":"PropertyValueSpecification","valueRequired":true,"valueName":"search_term_string"}}],"inLanguage":"fr-FR"},{"@type":"Organization","@id":"https:\/\/blondeau.be\/fr\/#organization","name":"Blondeau","url":"https:\/\/blondeau.be\/fr\/","logo":{"@type":"ImageObject","inLanguage":"fr-FR","@id":"https:\/\/blondeau.be\/fr\/#\/schema\/logo\/image\/","url":"https:\/\/blondeau.be\/wp-content\/uploads\/2025\/08\/Logo.jpg","contentUrl":"https:\/\/blondeau.be\/wp-content\/uploads\/2025\/08\/Logo.jpg","width":600,"height":600,"caption":"Blondeau"},"image":{"@id":"https:\/\/blondeau.be\/fr\/#\/schema\/logo\/image\/"}}]}},"_links":{"self":[{"href":"https:\/\/blondeau.be\/fr\/wp-json\/wp\/v2\/product\/28357","targetHints":{"allow":["GET"]}}],"collection":[{"href":"https:\/\/blondeau.be\/fr\/wp-json\/wp\/v2\/product"}],"about":[{"href":"https:\/\/blondeau.be\/fr\/wp-json\/wp\/v2\/types\/product"}],"wp:featuredmedia":[{"embeddable":true,"href":"https:\/\/blondeau.be\/fr\/wp-json\/wp\/v2\/media\/28359"}],"wp:attachment":[{"href":"https:\/\/blondeau.be\/fr\/wp-json\/wp\/v2\/media?parent=28357"}],"wp:term":[{"taxonomy":"product_brand","embeddable":true,"href":"https:\/\/blondeau.be\/fr\/wp-json\/wp\/v2\/product_brand?post=28357"},{"taxonomy":"product_cat","embeddable":true,"href":"https:\/\/blondeau.be\/fr\/wp-json\/wp\/v2\/product_cat?post=28357"},{"taxonomy":"product_tag","embeddable":true,"href":"https:\/\/blondeau.be\/fr\/wp-json\/wp\/v2\/product_tag?post=28357"}],"curies":[{"name":"wp","href":"https:\/\/api.w.org\/{rel}","templated":true}]}}