{"id":28347,"date":"2025-01-28T14:40:38","date_gmt":"2025-01-28T12:40:38","guid":{"rendered":"https:\/\/blondeau.be\/product\/regulateurs-de-pression-jeavons\/"},"modified":"2025-06-25T12:10:20","modified_gmt":"2025-06-25T10:10:20","slug":"regulateurs-de-pression-jeavons","status":"publish","type":"product","link":"https:\/\/blondeau.be\/fr\/produit\/regulateurs-de-pression-jeavons\/","title":{"rendered":"R\u00e9gulateurs de pression Jeavons"},"content":{"rendered":"<p>La <strong>s\u00e9rie de<\/strong> r\u00e9gulateurs de pression <strong>J125<\/strong> de Jeavons est con\u00e7ue pour les applications de service o\u00f9 un contr\u00f4le pr\u00e9cis de la pression est n\u00e9cessaire. Id\u00e9al pour la r\u00e9duction de la pression industrielle, les stations de comptage et les r\u00e9seaux de distribution. Pour une s\u00e9curit\u00e9 accrue, le J125 peut \u00eatre \u00e9quip\u00e9 d&rsquo;une s\u00e9curit\u00e9 de purge et d&rsquo;arr\u00eat totale ou limit\u00e9e, assurant une protection contre les surpressions et les d\u00e9pressions. Le r\u00e9gulateur de pression Jeavons est un r\u00e9gulateur de pression de gaz tr\u00e8s fiable et pr\u00e9cis.   <\/p>\n<p><strong>Caract\u00e9ristiques et avantages :<\/strong><\/p>\n<ul>\n<li>Tailles disponibles : \u00be\u00a0\u00bb &#8211; 1&Prime; &#8211; 1\u00bd\u00a0\u00bb &#8211; 2&Prime; &#8211; dn50 &#8211; 1&Prime; &#8211; 1\u00bd\u00a0\u00bb &#8211; 2&Prime; &#8211; DN50<\/li>\n<li>Pression d&rsquo;entr\u00e9e maximale jusqu&rsquo;\u00e0 8,6 bar (en fonction du d\u00e9bit)<\/li>\n<li>Plage de sortie : 5 &#8211; 140 mbar (\u00be \u00ab &#8211; 1 \u00bb) ou 8,8 &#8211; 350 mbar (1\u00bd \u00ab &#8211; 2 \u00bb)<\/li>\n<li>Disponible avec OPSS et UPSS<\/li>\n<li>Plage de temp\u00e9rature : -20 \u00e0 +70 \u00b0C<\/li>\n<li>Ligne d&rsquo;impulsion interne<\/li>\n<li>Approuv\u00e9 par l&rsquo;UE<\/li>\n<\/ul>\n<p><strong>Documentation :<\/strong><\/p>\n<ul>\n<li><a href=\"https:\/\/docuthek.kromschroeder.com\/download.php?lang=de&amp;doc=67977\" target=\"_blank\" rel=\"noopener\">Fiche technique Jeavons \u00be \u00ab &#8211; 1 \u00bb<\/a><\/li>\n<li><a href=\"https:\/\/docuthek.kromschroeder.com\/download.php?lang=de&amp;doc=67980\" target=\"_blank\" rel=\"noopener\">Manuel Jeavons \u00be \u00ab &#8211; 1 \u00bb<\/a><\/li>\n<li><a href=\"https:\/\/docuthek.kromschroeder.com\/download.php?lang=de&amp;doc=67978\" target=\"_blank\" rel=\"noopener\">Fiche technique Jeavons 1\u00bd \u00ab &#8211; 2 \u00bb<\/a><\/li>\n<li><a href=\"https:\/\/docuthek.kromschroeder.com\/download.php?lang=de&amp;doc=67981\" target=\"_blank\" rel=\"noopener\">Manuel Jeavons 1\u00bd \u00ab &#8211; 2 \u00bb<\/a><\/li>\n<\/ul>\n","protected":false},"excerpt":{"rendered":"<p>La s\u00e9rie de r\u00e9gulateurs de pression J125 de Jeavons est con\u00e7ue pour les applications de service o\u00f9 un contr\u00f4le pr\u00e9cis de la pression est n\u00e9cessaire. Id\u00e9al pour la r\u00e9duction de la pression industrielle, les stations de comptage et les r\u00e9seaux de distribution. Pour une s\u00e9curit\u00e9 accrue, le J125 peut \u00eatre \u00e9quip\u00e9 d&rsquo;une s\u00e9curit\u00e9 de purge [&hellip;]<\/p>\n","protected":false},"featured_media":26985,"template":"","meta":{"_acf_changed":false},"product_brand":[],"product_cat":[412],"product_tag":[394],"class_list":{"0":"post-28347","1":"product","2":"type-product","3":"status-publish","4":"has-post-thumbnail","6":"product_cat-regulateurs-de-pression-fr-2","7":"product_tag-regulateur-de-pression","9":"first","10":"instock","11":"taxable","12":"shipping-taxable","13":"product-type-simple"},"acf":[],"yoast_head":"<!-- This site is optimized with the Yoast SEO plugin v26.8 - https:\/\/yoast.com\/product\/yoast-seo-wordpress\/ -->\n<title>R\u00e9gulateurs de pression Jeavons - Blondeau<\/title>\n<meta name=\"robots\" content=\"index, follow, max-snippet:-1, max-image-preview:large, max-video-preview:-1\" \/>\n<link rel=\"canonical\" href=\"https:\/\/blondeau.be\/fr\/produit\/regulateurs-de-pression-jeavons\/\" \/>\n<meta property=\"og:locale\" content=\"fr_FR\" \/>\n<meta property=\"og:type\" content=\"article\" \/>\n<meta property=\"og:title\" content=\"R\u00e9gulateurs de pression Jeavons - Blondeau\" \/>\n<meta property=\"og:description\" content=\"La s\u00e9rie de r\u00e9gulateurs de pression J125 de Jeavons est con\u00e7ue pour les applications de service o\u00f9 un contr\u00f4le pr\u00e9cis de la pression est n\u00e9cessaire. Id\u00e9al pour la r\u00e9duction de la pression industrielle, les stations de comptage et les r\u00e9seaux de distribution. Pour une s\u00e9curit\u00e9 accrue, le J125 peut \u00eatre \u00e9quip\u00e9 d&rsquo;une s\u00e9curit\u00e9 de purge [&hellip;]\" \/>\n<meta property=\"og:url\" content=\"https:\/\/blondeau.be\/fr\/produit\/regulateurs-de-pression-jeavons\/\" \/>\n<meta property=\"og:site_name\" content=\"Blondeau\" \/>\n<meta property=\"article:modified_time\" content=\"2025-06-25T10:10:20+00:00\" \/>\n<meta property=\"og:image\" content=\"https:\/\/blondeau.be\/wp-content\/uploads\/2025\/01\/Jeavons.jpg\" \/>\n\t<meta property=\"og:image:width\" content=\"412\" \/>\n\t<meta property=\"og:image:height\" content=\"446\" \/>\n\t<meta property=\"og:image:type\" content=\"image\/jpeg\" \/>\n<meta name=\"twitter:card\" content=\"summary_large_image\" \/>\n<meta name=\"twitter:label1\" content=\"Dur\u00e9e de lecture estim\u00e9e\" \/>\n\t<meta name=\"twitter:data1\" content=\"1 minute\" \/>\n<script type=\"application\/ld+json\" class=\"yoast-schema-graph\">{\"@context\":\"https:\/\/schema.org\",\"@graph\":[{\"@type\":\"WebPage\",\"@id\":\"https:\/\/blondeau.be\/fr\/produit\/regulateurs-de-pression-jeavons\/\",\"url\":\"https:\/\/blondeau.be\/fr\/produit\/regulateurs-de-pression-jeavons\/\",\"name\":\"R\u00e9gulateurs de pression Jeavons - Blondeau\",\"isPartOf\":{\"@id\":\"https:\/\/blondeau.be\/fr\/#website\"},\"primaryImageOfPage\":{\"@id\":\"https:\/\/blondeau.be\/fr\/produit\/regulateurs-de-pression-jeavons\/#primaryimage\"},\"image\":{\"@id\":\"https:\/\/blondeau.be\/fr\/produit\/regulateurs-de-pression-jeavons\/#primaryimage\"},\"thumbnailUrl\":\"https:\/\/blondeau.be\/wp-content\/uploads\/2025\/01\/Jeavons.jpg\",\"datePublished\":\"2025-01-28T12:40:38+00:00\",\"dateModified\":\"2025-06-25T10:10:20+00:00\",\"breadcrumb\":{\"@id\":\"https:\/\/blondeau.be\/fr\/produit\/regulateurs-de-pression-jeavons\/#breadcrumb\"},\"inLanguage\":\"fr-FR\",\"potentialAction\":[{\"@type\":\"ReadAction\",\"target\":[\"https:\/\/blondeau.be\/fr\/produit\/regulateurs-de-pression-jeavons\/\"]}]},{\"@type\":\"ImageObject\",\"inLanguage\":\"fr-FR\",\"@id\":\"https:\/\/blondeau.be\/fr\/produit\/regulateurs-de-pression-jeavons\/#primaryimage\",\"url\":\"https:\/\/blondeau.be\/wp-content\/uploads\/2025\/01\/Jeavons.jpg\",\"contentUrl\":\"https:\/\/blondeau.be\/wp-content\/uploads\/2025\/01\/Jeavons.jpg\",\"width\":412,\"height\":446},{\"@type\":\"BreadcrumbList\",\"@id\":\"https:\/\/blondeau.be\/fr\/produit\/regulateurs-de-pression-jeavons\/#breadcrumb\",\"itemListElement\":[{\"@type\":\"ListItem\",\"position\":1,\"name\":\"Home\",\"item\":\"https:\/\/blondeau.be\/fr\/accueil\/\"},{\"@type\":\"ListItem\",\"position\":2,\"name\":\"Catalogue des produits\",\"item\":\"https:\/\/blondeau.be\/fr\/catalogue-des-produits\/\"},{\"@type\":\"ListItem\",\"position\":3,\"name\":\"R\u00e9gulateurs de pression Jeavons\"}]},{\"@type\":\"WebSite\",\"@id\":\"https:\/\/blondeau.be\/fr\/#website\",\"url\":\"https:\/\/blondeau.be\/fr\/\",\"name\":\"Blondeau\",\"description\":\"Industrial Heating\",\"publisher\":{\"@id\":\"https:\/\/blondeau.be\/fr\/#organization\"},\"potentialAction\":[{\"@type\":\"SearchAction\",\"target\":{\"@type\":\"EntryPoint\",\"urlTemplate\":\"https:\/\/blondeau.be\/fr\/?s={search_term_string}\"},\"query-input\":{\"@type\":\"PropertyValueSpecification\",\"valueRequired\":true,\"valueName\":\"search_term_string\"}}],\"inLanguage\":\"fr-FR\"},{\"@type\":\"Organization\",\"@id\":\"https:\/\/blondeau.be\/fr\/#organization\",\"name\":\"Blondeau\",\"url\":\"https:\/\/blondeau.be\/fr\/\",\"logo\":{\"@type\":\"ImageObject\",\"inLanguage\":\"fr-FR\",\"@id\":\"https:\/\/blondeau.be\/fr\/#\/schema\/logo\/image\/\",\"url\":\"https:\/\/blondeau.be\/wp-content\/uploads\/2025\/08\/Logo.jpg\",\"contentUrl\":\"https:\/\/blondeau.be\/wp-content\/uploads\/2025\/08\/Logo.jpg\",\"width\":600,\"height\":600,\"caption\":\"Blondeau\"},\"image\":{\"@id\":\"https:\/\/blondeau.be\/fr\/#\/schema\/logo\/image\/\"}}]}<\/script>\n<!-- \/ Yoast SEO plugin. -->","yoast_head_json":{"title":"R\u00e9gulateurs de pression Jeavons - Blondeau","robots":{"index":"index","follow":"follow","max-snippet":"max-snippet:-1","max-image-preview":"max-image-preview:large","max-video-preview":"max-video-preview:-1"},"canonical":"https:\/\/blondeau.be\/fr\/produit\/regulateurs-de-pression-jeavons\/","og_locale":"fr_FR","og_type":"article","og_title":"R\u00e9gulateurs de pression Jeavons - Blondeau","og_description":"La s\u00e9rie de r\u00e9gulateurs de pression J125 de Jeavons est con\u00e7ue pour les applications de service o\u00f9 un contr\u00f4le pr\u00e9cis de la pression est n\u00e9cessaire. Id\u00e9al pour la r\u00e9duction de la pression industrielle, les stations de comptage et les r\u00e9seaux de distribution. Pour une s\u00e9curit\u00e9 accrue, le J125 peut \u00eatre \u00e9quip\u00e9 d&rsquo;une s\u00e9curit\u00e9 de purge [&hellip;]","og_url":"https:\/\/blondeau.be\/fr\/produit\/regulateurs-de-pression-jeavons\/","og_site_name":"Blondeau","article_modified_time":"2025-06-25T10:10:20+00:00","og_image":[{"width":412,"height":446,"url":"https:\/\/blondeau.be\/wp-content\/uploads\/2025\/01\/Jeavons.jpg","type":"image\/jpeg"}],"twitter_card":"summary_large_image","twitter_misc":{"Dur\u00e9e de lecture estim\u00e9e":"1 minute"},"schema":{"@context":"https:\/\/schema.org","@graph":[{"@type":"WebPage","@id":"https:\/\/blondeau.be\/fr\/produit\/regulateurs-de-pression-jeavons\/","url":"https:\/\/blondeau.be\/fr\/produit\/regulateurs-de-pression-jeavons\/","name":"R\u00e9gulateurs de pression Jeavons - Blondeau","isPartOf":{"@id":"https:\/\/blondeau.be\/fr\/#website"},"primaryImageOfPage":{"@id":"https:\/\/blondeau.be\/fr\/produit\/regulateurs-de-pression-jeavons\/#primaryimage"},"image":{"@id":"https:\/\/blondeau.be\/fr\/produit\/regulateurs-de-pression-jeavons\/#primaryimage"},"thumbnailUrl":"https:\/\/blondeau.be\/wp-content\/uploads\/2025\/01\/Jeavons.jpg","datePublished":"2025-01-28T12:40:38+00:00","dateModified":"2025-06-25T10:10:20+00:00","breadcrumb":{"@id":"https:\/\/blondeau.be\/fr\/produit\/regulateurs-de-pression-jeavons\/#breadcrumb"},"inLanguage":"fr-FR","potentialAction":[{"@type":"ReadAction","target":["https:\/\/blondeau.be\/fr\/produit\/regulateurs-de-pression-jeavons\/"]}]},{"@type":"ImageObject","inLanguage":"fr-FR","@id":"https:\/\/blondeau.be\/fr\/produit\/regulateurs-de-pression-jeavons\/#primaryimage","url":"https:\/\/blondeau.be\/wp-content\/uploads\/2025\/01\/Jeavons.jpg","contentUrl":"https:\/\/blondeau.be\/wp-content\/uploads\/2025\/01\/Jeavons.jpg","width":412,"height":446},{"@type":"BreadcrumbList","@id":"https:\/\/blondeau.be\/fr\/produit\/regulateurs-de-pression-jeavons\/#breadcrumb","itemListElement":[{"@type":"ListItem","position":1,"name":"Home","item":"https:\/\/blondeau.be\/fr\/accueil\/"},{"@type":"ListItem","position":2,"name":"Catalogue des produits","item":"https:\/\/blondeau.be\/fr\/catalogue-des-produits\/"},{"@type":"ListItem","position":3,"name":"R\u00e9gulateurs de pression Jeavons"}]},{"@type":"WebSite","@id":"https:\/\/blondeau.be\/fr\/#website","url":"https:\/\/blondeau.be\/fr\/","name":"Blondeau","description":"Industrial Heating","publisher":{"@id":"https:\/\/blondeau.be\/fr\/#organization"},"potentialAction":[{"@type":"SearchAction","target":{"@type":"EntryPoint","urlTemplate":"https:\/\/blondeau.be\/fr\/?s={search_term_string}"},"query-input":{"@type":"PropertyValueSpecification","valueRequired":true,"valueName":"search_term_string"}}],"inLanguage":"fr-FR"},{"@type":"Organization","@id":"https:\/\/blondeau.be\/fr\/#organization","name":"Blondeau","url":"https:\/\/blondeau.be\/fr\/","logo":{"@type":"ImageObject","inLanguage":"fr-FR","@id":"https:\/\/blondeau.be\/fr\/#\/schema\/logo\/image\/","url":"https:\/\/blondeau.be\/wp-content\/uploads\/2025\/08\/Logo.jpg","contentUrl":"https:\/\/blondeau.be\/wp-content\/uploads\/2025\/08\/Logo.jpg","width":600,"height":600,"caption":"Blondeau"},"image":{"@id":"https:\/\/blondeau.be\/fr\/#\/schema\/logo\/image\/"}}]}},"_links":{"self":[{"href":"https:\/\/blondeau.be\/fr\/wp-json\/wp\/v2\/product\/28347","targetHints":{"allow":["GET"]}}],"collection":[{"href":"https:\/\/blondeau.be\/fr\/wp-json\/wp\/v2\/product"}],"about":[{"href":"https:\/\/blondeau.be\/fr\/wp-json\/wp\/v2\/types\/product"}],"wp:featuredmedia":[{"embeddable":true,"href":"https:\/\/blondeau.be\/fr\/wp-json\/wp\/v2\/media\/26985"}],"wp:attachment":[{"href":"https:\/\/blondeau.be\/fr\/wp-json\/wp\/v2\/media?parent=28347"}],"wp:term":[{"taxonomy":"product_brand","embeddable":true,"href":"https:\/\/blondeau.be\/fr\/wp-json\/wp\/v2\/product_brand?post=28347"},{"taxonomy":"product_cat","embeddable":true,"href":"https:\/\/blondeau.be\/fr\/wp-json\/wp\/v2\/product_cat?post=28347"},{"taxonomy":"product_tag","embeddable":true,"href":"https:\/\/blondeau.be\/fr\/wp-json\/wp\/v2\/product_tag?post=28347"}],"curies":[{"name":"wp","href":"https:\/\/api.w.org\/{rel}","templated":true}]}}