{"id":28346,"date":"2025-02-04T12:30:02","date_gmt":"2025-02-04T10:30:02","guid":{"rendered":"https:\/\/blondeau.be\/product\/hauck-beta-bbg\/"},"modified":"2025-08-29T12:35:31","modified_gmt":"2025-08-29T10:35:31","slug":"hauck-beta-bbg","status":"publish","type":"product","link":"https:\/\/blondeau.be\/fr\/produit\/hauck-beta-bbg\/","title":{"rendered":"Hauck Beta BBG"},"content":{"rendered":"<p data-start=\"0\" data-end=\"96\">Le br\u00fbleur Beta de <strong>Hauck<\/strong> est disponible en deux versions : Gaz seul (BBG) ou Combinaison de combustibles (BBC).<br \/>\nLe BBG est un br\u00fbleur industriel polyvalent \u00e0 hautes performances, de conception robuste en acier de haute qualit\u00e9. Il est con\u00e7u pour fonctionner dans une large gamme de rapports air\/combustible et est optimis\u00e9 pour de faibles \u00e9missions. <\/p>\n<p data-start=\"367\" data-end=\"395\"><strong data-start=\"367\" data-end=\"393\">Caract\u00e9ristiques et avantages :<\/strong><\/p>\n<ul data-start=\"396\" data-end=\"888\">\n<li data-start=\"396\" data-end=\"470\">Plage de capacit\u00e9 : 760 \u00e0 28 920 kW<\/li>\n<li data-start=\"471\" data-end=\"493\">Combustible : gaz naturel<\/li>\n<li data-start=\"494\" data-end=\"537\">Choix de l&rsquo;alliage ou de la tuile r\u00e9fractaire<\/li>\n<li data-start=\"538\" data-end=\"612\">Le taux de r\u00e9duction d\u00e9pend du type de carburant et de l&rsquo;exc\u00e8s d&rsquo;air.<\/li>\n<li data-start=\"613\" data-end=\"654\">Faibles exigences en mati\u00e8re de pression d&rsquo;air et de carburant<\/li>\n<li data-start=\"655\" data-end=\"736\">Con\u00e7u pour fonctionner dans une large gamme de rapports air\/carburant<\/li>\n<li data-start=\"737\" data-end=\"769\">Contr\u00f4le de la flamme par UV ou ionisation<\/li>\n<li data-start=\"770\" data-end=\"836\">Versions isol\u00e9es pour l&rsquo;air pr\u00e9chauff\u00e9 jusqu&rsquo;\u00e0 480\u00b0C<\/li>\n<li data-start=\"837\" data-end=\"888\">Allumage direct avec \u00e9tincelle ou veilleuse<\/li>\n<\/ul>\n<p><strong>Documentation :<\/strong><\/p>\n<p>&nbsp;<\/p>\n","protected":false},"excerpt":{"rendered":"<p>Le br\u00fbleur Beta de Hauck est disponible en deux versions : Gaz seul (BBG) ou Combinaison de combustibles (BBC). Le BBG est un br\u00fbleur industriel polyvalent \u00e0 hautes performances, de conception robuste en acier de haute qualit\u00e9. Il est con\u00e7u pour fonctionner dans une large gamme de rapports air\/combustible et est optimis\u00e9 pour de faibles [&hellip;]<\/p>\n","protected":false},"featured_media":28350,"template":"","meta":{"_acf_changed":false},"product_brand":[],"product_cat":[380],"product_tag":[366],"class_list":{"0":"post-28346","1":"product","2":"type-product","3":"status-publish","4":"has-post-thumbnail","6":"product_cat-bruleurs-fr-2","7":"product_tag-bruleurs-melange","9":"first","10":"instock","11":"taxable","12":"shipping-taxable","13":"product-type-simple"},"acf":[],"yoast_head":"<!-- This site is optimized with the Yoast SEO plugin v26.8 - https:\/\/yoast.com\/product\/yoast-seo-wordpress\/ -->\n<title>Hauck Beta BBG - Blondeau<\/title>\n<meta name=\"robots\" content=\"index, follow, max-snippet:-1, max-image-preview:large, max-video-preview:-1\" \/>\n<link rel=\"canonical\" href=\"https:\/\/blondeau.be\/fr\/produit\/hauck-beta-bbg\/\" \/>\n<meta property=\"og:locale\" content=\"fr_FR\" \/>\n<meta property=\"og:type\" content=\"article\" \/>\n<meta property=\"og:title\" content=\"Hauck Beta BBG - Blondeau\" \/>\n<meta property=\"og:description\" content=\"Le br\u00fbleur Beta de Hauck est disponible en deux versions : Gaz seul (BBG) ou Combinaison de combustibles (BBC). Le BBG est un br\u00fbleur industriel polyvalent \u00e0 hautes performances, de conception robuste en acier de haute qualit\u00e9. Il est con\u00e7u pour fonctionner dans une large gamme de rapports air\/combustible et est optimis\u00e9 pour de faibles [&hellip;]\" \/>\n<meta property=\"og:url\" content=\"https:\/\/blondeau.be\/fr\/produit\/hauck-beta-bbg\/\" \/>\n<meta property=\"og:site_name\" content=\"Blondeau\" \/>\n<meta property=\"article:modified_time\" content=\"2025-08-29T10:35:31+00:00\" \/>\n<meta property=\"og:image\" content=\"https:\/\/blondeau.be\/wp-content\/uploads\/2025\/02\/Hauck-1.jpg\" \/>\n\t<meta property=\"og:image:width\" content=\"419\" \/>\n\t<meta property=\"og:image:height\" content=\"369\" \/>\n\t<meta property=\"og:image:type\" content=\"image\/jpeg\" \/>\n<meta name=\"twitter:card\" content=\"summary_large_image\" \/>\n<meta name=\"twitter:label1\" content=\"Dur\u00e9e de lecture estim\u00e9e\" \/>\n\t<meta name=\"twitter:data1\" content=\"1 minute\" \/>\n<script type=\"application\/ld+json\" class=\"yoast-schema-graph\">{\"@context\":\"https:\/\/schema.org\",\"@graph\":[{\"@type\":\"WebPage\",\"@id\":\"https:\/\/blondeau.be\/fr\/produit\/hauck-beta-bbg\/\",\"url\":\"https:\/\/blondeau.be\/fr\/produit\/hauck-beta-bbg\/\",\"name\":\"Hauck Beta BBG - Blondeau\",\"isPartOf\":{\"@id\":\"https:\/\/blondeau.be\/fr\/#website\"},\"primaryImageOfPage\":{\"@id\":\"https:\/\/blondeau.be\/fr\/produit\/hauck-beta-bbg\/#primaryimage\"},\"image\":{\"@id\":\"https:\/\/blondeau.be\/fr\/produit\/hauck-beta-bbg\/#primaryimage\"},\"thumbnailUrl\":\"https:\/\/blondeau.be\/wp-content\/uploads\/2025\/02\/Hauck-1.jpg\",\"datePublished\":\"2025-02-04T10:30:02+00:00\",\"dateModified\":\"2025-08-29T10:35:31+00:00\",\"breadcrumb\":{\"@id\":\"https:\/\/blondeau.be\/fr\/produit\/hauck-beta-bbg\/#breadcrumb\"},\"inLanguage\":\"fr-FR\",\"potentialAction\":[{\"@type\":\"ReadAction\",\"target\":[\"https:\/\/blondeau.be\/fr\/produit\/hauck-beta-bbg\/\"]}]},{\"@type\":\"ImageObject\",\"inLanguage\":\"fr-FR\",\"@id\":\"https:\/\/blondeau.be\/fr\/produit\/hauck-beta-bbg\/#primaryimage\",\"url\":\"https:\/\/blondeau.be\/wp-content\/uploads\/2025\/02\/Hauck-1.jpg\",\"contentUrl\":\"https:\/\/blondeau.be\/wp-content\/uploads\/2025\/02\/Hauck-1.jpg\",\"width\":419,\"height\":369},{\"@type\":\"BreadcrumbList\",\"@id\":\"https:\/\/blondeau.be\/fr\/produit\/hauck-beta-bbg\/#breadcrumb\",\"itemListElement\":[{\"@type\":\"ListItem\",\"position\":1,\"name\":\"Home\",\"item\":\"https:\/\/blondeau.be\/fr\/accueil\/\"},{\"@type\":\"ListItem\",\"position\":2,\"name\":\"Catalogue des produits\",\"item\":\"https:\/\/blondeau.be\/fr\/catalogue-des-produits\/\"},{\"@type\":\"ListItem\",\"position\":3,\"name\":\"Hauck Beta BBG\"}]},{\"@type\":\"WebSite\",\"@id\":\"https:\/\/blondeau.be\/fr\/#website\",\"url\":\"https:\/\/blondeau.be\/fr\/\",\"name\":\"Blondeau\",\"description\":\"Industrial Heating\",\"publisher\":{\"@id\":\"https:\/\/blondeau.be\/fr\/#organization\"},\"potentialAction\":[{\"@type\":\"SearchAction\",\"target\":{\"@type\":\"EntryPoint\",\"urlTemplate\":\"https:\/\/blondeau.be\/fr\/?s={search_term_string}\"},\"query-input\":{\"@type\":\"PropertyValueSpecification\",\"valueRequired\":true,\"valueName\":\"search_term_string\"}}],\"inLanguage\":\"fr-FR\"},{\"@type\":\"Organization\",\"@id\":\"https:\/\/blondeau.be\/fr\/#organization\",\"name\":\"Blondeau\",\"url\":\"https:\/\/blondeau.be\/fr\/\",\"logo\":{\"@type\":\"ImageObject\",\"inLanguage\":\"fr-FR\",\"@id\":\"https:\/\/blondeau.be\/fr\/#\/schema\/logo\/image\/\",\"url\":\"https:\/\/blondeau.be\/wp-content\/uploads\/2025\/08\/Logo.jpg\",\"contentUrl\":\"https:\/\/blondeau.be\/wp-content\/uploads\/2025\/08\/Logo.jpg\",\"width\":600,\"height\":600,\"caption\":\"Blondeau\"},\"image\":{\"@id\":\"https:\/\/blondeau.be\/fr\/#\/schema\/logo\/image\/\"}}]}<\/script>\n<!-- \/ Yoast SEO plugin. -->","yoast_head_json":{"title":"Hauck Beta BBG - Blondeau","robots":{"index":"index","follow":"follow","max-snippet":"max-snippet:-1","max-image-preview":"max-image-preview:large","max-video-preview":"max-video-preview:-1"},"canonical":"https:\/\/blondeau.be\/fr\/produit\/hauck-beta-bbg\/","og_locale":"fr_FR","og_type":"article","og_title":"Hauck Beta BBG - Blondeau","og_description":"Le br\u00fbleur Beta de Hauck est disponible en deux versions : Gaz seul (BBG) ou Combinaison de combustibles (BBC). Le BBG est un br\u00fbleur industriel polyvalent \u00e0 hautes performances, de conception robuste en acier de haute qualit\u00e9. Il est con\u00e7u pour fonctionner dans une large gamme de rapports air\/combustible et est optimis\u00e9 pour de faibles [&hellip;]","og_url":"https:\/\/blondeau.be\/fr\/produit\/hauck-beta-bbg\/","og_site_name":"Blondeau","article_modified_time":"2025-08-29T10:35:31+00:00","og_image":[{"width":419,"height":369,"url":"https:\/\/blondeau.be\/wp-content\/uploads\/2025\/02\/Hauck-1.jpg","type":"image\/jpeg"}],"twitter_card":"summary_large_image","twitter_misc":{"Dur\u00e9e de lecture estim\u00e9e":"1 minute"},"schema":{"@context":"https:\/\/schema.org","@graph":[{"@type":"WebPage","@id":"https:\/\/blondeau.be\/fr\/produit\/hauck-beta-bbg\/","url":"https:\/\/blondeau.be\/fr\/produit\/hauck-beta-bbg\/","name":"Hauck Beta BBG - Blondeau","isPartOf":{"@id":"https:\/\/blondeau.be\/fr\/#website"},"primaryImageOfPage":{"@id":"https:\/\/blondeau.be\/fr\/produit\/hauck-beta-bbg\/#primaryimage"},"image":{"@id":"https:\/\/blondeau.be\/fr\/produit\/hauck-beta-bbg\/#primaryimage"},"thumbnailUrl":"https:\/\/blondeau.be\/wp-content\/uploads\/2025\/02\/Hauck-1.jpg","datePublished":"2025-02-04T10:30:02+00:00","dateModified":"2025-08-29T10:35:31+00:00","breadcrumb":{"@id":"https:\/\/blondeau.be\/fr\/produit\/hauck-beta-bbg\/#breadcrumb"},"inLanguage":"fr-FR","potentialAction":[{"@type":"ReadAction","target":["https:\/\/blondeau.be\/fr\/produit\/hauck-beta-bbg\/"]}]},{"@type":"ImageObject","inLanguage":"fr-FR","@id":"https:\/\/blondeau.be\/fr\/produit\/hauck-beta-bbg\/#primaryimage","url":"https:\/\/blondeau.be\/wp-content\/uploads\/2025\/02\/Hauck-1.jpg","contentUrl":"https:\/\/blondeau.be\/wp-content\/uploads\/2025\/02\/Hauck-1.jpg","width":419,"height":369},{"@type":"BreadcrumbList","@id":"https:\/\/blondeau.be\/fr\/produit\/hauck-beta-bbg\/#breadcrumb","itemListElement":[{"@type":"ListItem","position":1,"name":"Home","item":"https:\/\/blondeau.be\/fr\/accueil\/"},{"@type":"ListItem","position":2,"name":"Catalogue des produits","item":"https:\/\/blondeau.be\/fr\/catalogue-des-produits\/"},{"@type":"ListItem","position":3,"name":"Hauck Beta BBG"}]},{"@type":"WebSite","@id":"https:\/\/blondeau.be\/fr\/#website","url":"https:\/\/blondeau.be\/fr\/","name":"Blondeau","description":"Industrial Heating","publisher":{"@id":"https:\/\/blondeau.be\/fr\/#organization"},"potentialAction":[{"@type":"SearchAction","target":{"@type":"EntryPoint","urlTemplate":"https:\/\/blondeau.be\/fr\/?s={search_term_string}"},"query-input":{"@type":"PropertyValueSpecification","valueRequired":true,"valueName":"search_term_string"}}],"inLanguage":"fr-FR"},{"@type":"Organization","@id":"https:\/\/blondeau.be\/fr\/#organization","name":"Blondeau","url":"https:\/\/blondeau.be\/fr\/","logo":{"@type":"ImageObject","inLanguage":"fr-FR","@id":"https:\/\/blondeau.be\/fr\/#\/schema\/logo\/image\/","url":"https:\/\/blondeau.be\/wp-content\/uploads\/2025\/08\/Logo.jpg","contentUrl":"https:\/\/blondeau.be\/wp-content\/uploads\/2025\/08\/Logo.jpg","width":600,"height":600,"caption":"Blondeau"},"image":{"@id":"https:\/\/blondeau.be\/fr\/#\/schema\/logo\/image\/"}}]}},"_links":{"self":[{"href":"https:\/\/blondeau.be\/fr\/wp-json\/wp\/v2\/product\/28346","targetHints":{"allow":["GET"]}}],"collection":[{"href":"https:\/\/blondeau.be\/fr\/wp-json\/wp\/v2\/product"}],"about":[{"href":"https:\/\/blondeau.be\/fr\/wp-json\/wp\/v2\/types\/product"}],"wp:featuredmedia":[{"embeddable":true,"href":"https:\/\/blondeau.be\/fr\/wp-json\/wp\/v2\/media\/28350"}],"wp:attachment":[{"href":"https:\/\/blondeau.be\/fr\/wp-json\/wp\/v2\/media?parent=28346"}],"wp:term":[{"taxonomy":"product_brand","embeddable":true,"href":"https:\/\/blondeau.be\/fr\/wp-json\/wp\/v2\/product_brand?post=28346"},{"taxonomy":"product_cat","embeddable":true,"href":"https:\/\/blondeau.be\/fr\/wp-json\/wp\/v2\/product_cat?post=28346"},{"taxonomy":"product_tag","embeddable":true,"href":"https:\/\/blondeau.be\/fr\/wp-json\/wp\/v2\/product_tag?post=28346"}],"curies":[{"name":"wp","href":"https:\/\/api.w.org\/{rel}","templated":true}]}}