{"id":28324,"date":"2025-01-28T14:28:34","date_gmt":"2025-01-28T12:28:34","guid":{"rendered":"https:\/\/blondeau.be\/product\/hon-regulateurs-de-pression\/"},"modified":"2025-08-29T15:42:00","modified_gmt":"2025-08-29T13:42:00","slug":"hon-regulateurs-de-pression","status":"publish","type":"product","link":"https:\/\/blondeau.be\/fr\/produit\/hon-regulateurs-de-pression\/","title":{"rendered":"HON R\u00e9gulateurs de pression"},"content":{"rendered":"<p>Les <strong>r\u00e9gulateurs de pression Honeywell<\/strong> doivent \u00eatre configur\u00e9s en fonction des besoins sp\u00e9cifiques du client et des caract\u00e9ristiques du processus de l&rsquo;installation. Veuillez nous contacter afin que nous puissions identifier le mod\u00e8le appropri\u00e9 et la configuration optimale pour vos besoins. <\/p>\n<ul>\n<li><a href=\"https:\/\/process.honeywell.com\/us\/en\/products\/gas\/regulators-and-safety-accessories\/high-pressure-regulators-up-to-pn40-ansi-300\">D\u00e9tendeurs haute pression jusqu&rsquo;\u00e0 PN40<\/a><\/li>\n<li><a href=\"https:\/\/process.honeywell.com\/us\/en\/products\/gas\/regulators-and-safety-accessories\/medium-pressure-regulators-up-to-pn16-ansi-150\">R\u00e9gulateurs de pression moyenne jusqu&rsquo;\u00e0 PN16<\/a><\/li>\n<li><a href=\"https:\/\/process.honeywell.com\/us\/en\/products\/gas\/regulators-and-safety-accessories\/series-200-small-pressure-regulators-pressure-reducer\">R\u00e9gulateurs basse pression<\/a><\/li>\n<li><a href=\"https:\/\/process.honeywell.com\/us\/en\/products\/gas\/regulators-and-safety-accessories\/safety-relief-valves\">Soupape de d\u00e9charge<\/a><\/li>\n<li><a href=\"https:\/\/process.honeywell.com\/us\/en\/products\/gas\/regulators-and-safety-accessories\/safety-shut-off-valves\">Vannes de s\u00e9curit\u00e9<\/a><\/li>\n<\/ul>\n<p><strong>Caract\u00e9ristiques et avantages :  <\/strong><\/p>\n<ul>\n \t<\/p>\n<li>Convient aux pressions moyennes (PN16) et \u00e9lev\u00e9es (PN40)<\/li>\n<li>Options de configuration \u00e9tendues<\/li>\n<li>En 2024 le HON 380 est lanc\u00e9 sur le march\u00e9, une conception r\u00e9volutionnaire et modulaire qui facilite l&rsquo;entretien et le remplacement des composants.<\/li>\n<\/ul>\n<p><strong>Documentation :<\/strong><\/p>\n","protected":false},"excerpt":{"rendered":"<p>Les r\u00e9gulateurs de pression Honeywell doivent \u00eatre configur\u00e9s en fonction des besoins sp\u00e9cifiques du client et des caract\u00e9ristiques du processus de l&rsquo;installation. Veuillez nous contacter afin que nous puissions identifier le mod\u00e8le appropri\u00e9 et la configuration optimale pour vos besoins. D\u00e9tendeurs haute pression jusqu&rsquo;\u00e0 PN40 R\u00e9gulateurs de pression moyenne jusqu&rsquo;\u00e0 PN16 R\u00e9gulateurs basse pression Soupape [&hellip;]<\/p>\n","protected":false},"featured_media":26799,"template":"","meta":{"_acf_changed":false},"product_brand":[],"product_cat":[409],"product_tag":[394],"class_list":{"0":"post-28324","1":"product","2":"type-product","3":"status-publish","4":"has-post-thumbnail","6":"product_cat-regulateurs-de-pression-fr","7":"product_tag-regulateur-de-pression","9":"first","10":"instock","11":"taxable","12":"shipping-taxable","13":"product-type-simple"},"acf":[],"yoast_head":"<!-- This site is optimized with the Yoast SEO plugin v26.8 - https:\/\/yoast.com\/product\/yoast-seo-wordpress\/ -->\n<title>HON R\u00e9gulateurs de pression - Blondeau<\/title>\n<meta name=\"robots\" content=\"index, follow, max-snippet:-1, max-image-preview:large, max-video-preview:-1\" \/>\n<link rel=\"canonical\" href=\"https:\/\/blondeau.be\/fr\/produit\/hon-regulateurs-de-pression\/\" \/>\n<meta property=\"og:locale\" content=\"fr_FR\" \/>\n<meta property=\"og:type\" content=\"article\" \/>\n<meta property=\"og:title\" content=\"HON R\u00e9gulateurs de pression - Blondeau\" \/>\n<meta property=\"og:description\" content=\"Les r\u00e9gulateurs de pression Honeywell doivent \u00eatre configur\u00e9s en fonction des besoins sp\u00e9cifiques du client et des caract\u00e9ristiques du processus de l&rsquo;installation. Veuillez nous contacter afin que nous puissions identifier le mod\u00e8le appropri\u00e9 et la configuration optimale pour vos besoins. D\u00e9tendeurs haute pression jusqu&rsquo;\u00e0 PN40 R\u00e9gulateurs de pression moyenne jusqu&rsquo;\u00e0 PN16 R\u00e9gulateurs basse pression Soupape [&hellip;]\" \/>\n<meta property=\"og:url\" content=\"https:\/\/blondeau.be\/fr\/produit\/hon-regulateurs-de-pression\/\" \/>\n<meta property=\"og:site_name\" content=\"Blondeau\" \/>\n<meta property=\"article:modified_time\" content=\"2025-08-29T13:42:00+00:00\" \/>\n<meta property=\"og:image\" content=\"https:\/\/blondeau.be\/wp-content\/uploads\/2025\/03\/Hon-Overview-2.jpg\" \/>\n\t<meta property=\"og:image:width\" content=\"720\" \/>\n\t<meta property=\"og:image:height\" content=\"746\" \/>\n\t<meta property=\"og:image:type\" content=\"image\/jpeg\" \/>\n<meta name=\"twitter:card\" content=\"summary_large_image\" \/>\n<meta name=\"twitter:label1\" content=\"Dur\u00e9e de lecture estim\u00e9e\" \/>\n\t<meta name=\"twitter:data1\" content=\"1 minute\" \/>\n<script type=\"application\/ld+json\" class=\"yoast-schema-graph\">{\"@context\":\"https:\/\/schema.org\",\"@graph\":[{\"@type\":\"WebPage\",\"@id\":\"https:\/\/blondeau.be\/fr\/produit\/hon-regulateurs-de-pression\/\",\"url\":\"https:\/\/blondeau.be\/fr\/produit\/hon-regulateurs-de-pression\/\",\"name\":\"HON R\u00e9gulateurs de pression - Blondeau\",\"isPartOf\":{\"@id\":\"https:\/\/blondeau.be\/fr\/#website\"},\"primaryImageOfPage\":{\"@id\":\"https:\/\/blondeau.be\/fr\/produit\/hon-regulateurs-de-pression\/#primaryimage\"},\"image\":{\"@id\":\"https:\/\/blondeau.be\/fr\/produit\/hon-regulateurs-de-pression\/#primaryimage\"},\"thumbnailUrl\":\"https:\/\/blondeau.be\/wp-content\/uploads\/2025\/03\/Hon-Overview-2.jpg\",\"datePublished\":\"2025-01-28T12:28:34+00:00\",\"dateModified\":\"2025-08-29T13:42:00+00:00\",\"breadcrumb\":{\"@id\":\"https:\/\/blondeau.be\/fr\/produit\/hon-regulateurs-de-pression\/#breadcrumb\"},\"inLanguage\":\"fr-FR\",\"potentialAction\":[{\"@type\":\"ReadAction\",\"target\":[\"https:\/\/blondeau.be\/fr\/produit\/hon-regulateurs-de-pression\/\"]}]},{\"@type\":\"ImageObject\",\"inLanguage\":\"fr-FR\",\"@id\":\"https:\/\/blondeau.be\/fr\/produit\/hon-regulateurs-de-pression\/#primaryimage\",\"url\":\"https:\/\/blondeau.be\/wp-content\/uploads\/2025\/03\/Hon-Overview-2.jpg\",\"contentUrl\":\"https:\/\/blondeau.be\/wp-content\/uploads\/2025\/03\/Hon-Overview-2.jpg\",\"width\":720,\"height\":746},{\"@type\":\"BreadcrumbList\",\"@id\":\"https:\/\/blondeau.be\/fr\/produit\/hon-regulateurs-de-pression\/#breadcrumb\",\"itemListElement\":[{\"@type\":\"ListItem\",\"position\":1,\"name\":\"Home\",\"item\":\"https:\/\/blondeau.be\/fr\/accueil\/\"},{\"@type\":\"ListItem\",\"position\":2,\"name\":\"Catalogue des produits\",\"item\":\"https:\/\/blondeau.be\/fr\/catalogue-des-produits\/\"},{\"@type\":\"ListItem\",\"position\":3,\"name\":\"HON R\u00e9gulateurs de pression\"}]},{\"@type\":\"WebSite\",\"@id\":\"https:\/\/blondeau.be\/fr\/#website\",\"url\":\"https:\/\/blondeau.be\/fr\/\",\"name\":\"Blondeau\",\"description\":\"Industrial Heating\",\"publisher\":{\"@id\":\"https:\/\/blondeau.be\/fr\/#organization\"},\"potentialAction\":[{\"@type\":\"SearchAction\",\"target\":{\"@type\":\"EntryPoint\",\"urlTemplate\":\"https:\/\/blondeau.be\/fr\/?s={search_term_string}\"},\"query-input\":{\"@type\":\"PropertyValueSpecification\",\"valueRequired\":true,\"valueName\":\"search_term_string\"}}],\"inLanguage\":\"fr-FR\"},{\"@type\":\"Organization\",\"@id\":\"https:\/\/blondeau.be\/fr\/#organization\",\"name\":\"Blondeau\",\"url\":\"https:\/\/blondeau.be\/fr\/\",\"logo\":{\"@type\":\"ImageObject\",\"inLanguage\":\"fr-FR\",\"@id\":\"https:\/\/blondeau.be\/fr\/#\/schema\/logo\/image\/\",\"url\":\"https:\/\/blondeau.be\/wp-content\/uploads\/2025\/08\/Logo.jpg\",\"contentUrl\":\"https:\/\/blondeau.be\/wp-content\/uploads\/2025\/08\/Logo.jpg\",\"width\":600,\"height\":600,\"caption\":\"Blondeau\"},\"image\":{\"@id\":\"https:\/\/blondeau.be\/fr\/#\/schema\/logo\/image\/\"}}]}<\/script>\n<!-- \/ Yoast SEO plugin. -->","yoast_head_json":{"title":"HON R\u00e9gulateurs de pression - Blondeau","robots":{"index":"index","follow":"follow","max-snippet":"max-snippet:-1","max-image-preview":"max-image-preview:large","max-video-preview":"max-video-preview:-1"},"canonical":"https:\/\/blondeau.be\/fr\/produit\/hon-regulateurs-de-pression\/","og_locale":"fr_FR","og_type":"article","og_title":"HON R\u00e9gulateurs de pression - Blondeau","og_description":"Les r\u00e9gulateurs de pression Honeywell doivent \u00eatre configur\u00e9s en fonction des besoins sp\u00e9cifiques du client et des caract\u00e9ristiques du processus de l&rsquo;installation. Veuillez nous contacter afin que nous puissions identifier le mod\u00e8le appropri\u00e9 et la configuration optimale pour vos besoins. D\u00e9tendeurs haute pression jusqu&rsquo;\u00e0 PN40 R\u00e9gulateurs de pression moyenne jusqu&rsquo;\u00e0 PN16 R\u00e9gulateurs basse pression Soupape [&hellip;]","og_url":"https:\/\/blondeau.be\/fr\/produit\/hon-regulateurs-de-pression\/","og_site_name":"Blondeau","article_modified_time":"2025-08-29T13:42:00+00:00","og_image":[{"width":720,"height":746,"url":"https:\/\/blondeau.be\/wp-content\/uploads\/2025\/03\/Hon-Overview-2.jpg","type":"image\/jpeg"}],"twitter_card":"summary_large_image","twitter_misc":{"Dur\u00e9e de lecture estim\u00e9e":"1 minute"},"schema":{"@context":"https:\/\/schema.org","@graph":[{"@type":"WebPage","@id":"https:\/\/blondeau.be\/fr\/produit\/hon-regulateurs-de-pression\/","url":"https:\/\/blondeau.be\/fr\/produit\/hon-regulateurs-de-pression\/","name":"HON R\u00e9gulateurs de pression - Blondeau","isPartOf":{"@id":"https:\/\/blondeau.be\/fr\/#website"},"primaryImageOfPage":{"@id":"https:\/\/blondeau.be\/fr\/produit\/hon-regulateurs-de-pression\/#primaryimage"},"image":{"@id":"https:\/\/blondeau.be\/fr\/produit\/hon-regulateurs-de-pression\/#primaryimage"},"thumbnailUrl":"https:\/\/blondeau.be\/wp-content\/uploads\/2025\/03\/Hon-Overview-2.jpg","datePublished":"2025-01-28T12:28:34+00:00","dateModified":"2025-08-29T13:42:00+00:00","breadcrumb":{"@id":"https:\/\/blondeau.be\/fr\/produit\/hon-regulateurs-de-pression\/#breadcrumb"},"inLanguage":"fr-FR","potentialAction":[{"@type":"ReadAction","target":["https:\/\/blondeau.be\/fr\/produit\/hon-regulateurs-de-pression\/"]}]},{"@type":"ImageObject","inLanguage":"fr-FR","@id":"https:\/\/blondeau.be\/fr\/produit\/hon-regulateurs-de-pression\/#primaryimage","url":"https:\/\/blondeau.be\/wp-content\/uploads\/2025\/03\/Hon-Overview-2.jpg","contentUrl":"https:\/\/blondeau.be\/wp-content\/uploads\/2025\/03\/Hon-Overview-2.jpg","width":720,"height":746},{"@type":"BreadcrumbList","@id":"https:\/\/blondeau.be\/fr\/produit\/hon-regulateurs-de-pression\/#breadcrumb","itemListElement":[{"@type":"ListItem","position":1,"name":"Home","item":"https:\/\/blondeau.be\/fr\/accueil\/"},{"@type":"ListItem","position":2,"name":"Catalogue des produits","item":"https:\/\/blondeau.be\/fr\/catalogue-des-produits\/"},{"@type":"ListItem","position":3,"name":"HON R\u00e9gulateurs de pression"}]},{"@type":"WebSite","@id":"https:\/\/blondeau.be\/fr\/#website","url":"https:\/\/blondeau.be\/fr\/","name":"Blondeau","description":"Industrial Heating","publisher":{"@id":"https:\/\/blondeau.be\/fr\/#organization"},"potentialAction":[{"@type":"SearchAction","target":{"@type":"EntryPoint","urlTemplate":"https:\/\/blondeau.be\/fr\/?s={search_term_string}"},"query-input":{"@type":"PropertyValueSpecification","valueRequired":true,"valueName":"search_term_string"}}],"inLanguage":"fr-FR"},{"@type":"Organization","@id":"https:\/\/blondeau.be\/fr\/#organization","name":"Blondeau","url":"https:\/\/blondeau.be\/fr\/","logo":{"@type":"ImageObject","inLanguage":"fr-FR","@id":"https:\/\/blondeau.be\/fr\/#\/schema\/logo\/image\/","url":"https:\/\/blondeau.be\/wp-content\/uploads\/2025\/08\/Logo.jpg","contentUrl":"https:\/\/blondeau.be\/wp-content\/uploads\/2025\/08\/Logo.jpg","width":600,"height":600,"caption":"Blondeau"},"image":{"@id":"https:\/\/blondeau.be\/fr\/#\/schema\/logo\/image\/"}}]}},"_links":{"self":[{"href":"https:\/\/blondeau.be\/fr\/wp-json\/wp\/v2\/product\/28324","targetHints":{"allow":["GET"]}}],"collection":[{"href":"https:\/\/blondeau.be\/fr\/wp-json\/wp\/v2\/product"}],"about":[{"href":"https:\/\/blondeau.be\/fr\/wp-json\/wp\/v2\/types\/product"}],"wp:featuredmedia":[{"embeddable":true,"href":"https:\/\/blondeau.be\/fr\/wp-json\/wp\/v2\/media\/26799"}],"wp:attachment":[{"href":"https:\/\/blondeau.be\/fr\/wp-json\/wp\/v2\/media?parent=28324"}],"wp:term":[{"taxonomy":"product_brand","embeddable":true,"href":"https:\/\/blondeau.be\/fr\/wp-json\/wp\/v2\/product_brand?post=28324"},{"taxonomy":"product_cat","embeddable":true,"href":"https:\/\/blondeau.be\/fr\/wp-json\/wp\/v2\/product_cat?post=28324"},{"taxonomy":"product_tag","embeddable":true,"href":"https:\/\/blondeau.be\/fr\/wp-json\/wp\/v2\/product_tag?post=28324"}],"curies":[{"name":"wp","href":"https:\/\/api.w.org\/{rel}","templated":true}]}}