{"id":28323,"date":"2025-01-28T14:37:19","date_gmt":"2025-01-28T12:37:19","guid":{"rendered":"https:\/\/blondeau.be\/product\/elster-qa\/"},"modified":"2025-08-29T12:22:41","modified_gmt":"2025-08-29T10:22:41","slug":"elster-qa","status":"publish","type":"product","link":"https:\/\/blondeau.be\/fr\/produit\/elster-qa\/","title":{"rendered":"Elster QA"},"content":{"rendered":"<p>Les compteurs <strong>QA <\/strong>d&rsquo;Elster sont des compteurs \u00e0 gaz \u00e0 turbine hautement fiables utilis\u00e9s dans diverses applications industrielles pour mesurer \u00e0 la fois le d\u00e9bit instantan\u00e9 et la consommation cumulative sur une p\u00e9riode d\u00e9finie. Le principe de fonctionnement est bas\u00e9 sur une roue \u00e0 turbine entra\u00een\u00e9e par le flux gazeux, o\u00f9 le nombre de r\u00e9volutions est directement proportionnel au volume de gaz qui a travers\u00e9.<br \/>Ils r\u00e9pondent aux exigences des mesures industrielles non fiscales. Pour les applications n\u00e9cessitant une robustesse accrue avec des performances de mesure comparables, un compteur \u00e0 gaz <a href=\"https:\/\/blondeau.be\/fr\/produit\/elster-q\/\">Q <\/a>constitue une alternative appropri\u00e9e. \u00c0 des fins fiscales, Honeywell propose une gamme \u00e9tendue d&rsquo;instruments de mesure l\u00e9galement approuv\u00e9s, tels que le turbinom\u00e8tre <a href=\"https:\/\/process.honeywell.com\/us\/en\/products\/gas\/distribution\/turbine-and-quantometers\/trz2\" target=\"_blank\" rel=\"noopener\">TRZ2 <\/a>ou <a href=\"https:\/\/process.honeywell.com\/us\/en\/products\/gas\/distribution\/turbine-and-quantometers\/sm-ri-x\" target=\"_blank\" rel=\"noopener\">SM-RI-X<\/a> et le compteur \u00e0 gaz rotatif <a href=\"https:\/\/blondeau.be\/fr\/produit\/elster-rabo\/\">RABO <\/a>ou <a href=\"https:\/\/blondeau.be\/fr\/produit\/elster-irm-3-duo\/\">IRM-3 DUO<\/a>.   <\/p>\n<p><strong>Caract\u00e9ristiques et avantages :<\/strong><\/p>\n<ul>\n<li>Taille des compteurs : QA 10 &#8211; QA 1000<\/li>\n<li>Plage de d\u00e9bit : 1,6 &#8211; 1600 m\u00b3\/h<\/li>\n<li>Plage de mesure jusqu&rsquo;\u00e0 1:20<\/li>\n<li>Taille des raccordements : DN25 \u00e0 DN150<\/li>\n<li>Mat\u00e9riau du corps du compteur : Aluminium<\/li>\n<li>Plage de temp\u00e9rature : -10\u00b0C \u00e0 +60\u00b0C<\/li>\n<li>Classe de protection : IP52<\/li>\n<li>Haute pr\u00e9cision de mesure<\/li>\n<li>Certifications : DVGW, ATEX, PED<\/li>\n<\/ul>\n<p><strong>Documentation :<\/strong><\/p>\n","protected":false},"excerpt":{"rendered":"<p>Les compteurs QA d&rsquo;Elster sont des compteurs \u00e0 gaz \u00e0 turbine hautement fiables utilis\u00e9s dans diverses applications industrielles pour mesurer \u00e0 la fois le d\u00e9bit instantan\u00e9 et la consommation cumulative sur une p\u00e9riode d\u00e9finie. Le principe de fonctionnement est bas\u00e9 sur une roue \u00e0 turbine entra\u00een\u00e9e par le flux gazeux, o\u00f9 le nombre de r\u00e9volutions [&hellip;]<\/p>\n","protected":false},"featured_media":26747,"template":"","meta":{"_acf_changed":false},"product_brand":[],"product_cat":[332],"product_tag":[333],"class_list":{"0":"post-28323","1":"product","2":"type-product","3":"status-publish","4":"has-post-thumbnail","6":"product_cat-compteurs-gaz","7":"product_tag-compteurs-gaz","9":"first","10":"instock","11":"taxable","12":"shipping-taxable","13":"product-type-simple"},"acf":[],"yoast_head":"<!-- This site is optimized with the Yoast SEO plugin v26.8 - https:\/\/yoast.com\/product\/yoast-seo-wordpress\/ -->\n<title>Elster QA - Blondeau<\/title>\n<meta name=\"robots\" content=\"index, follow, max-snippet:-1, max-image-preview:large, max-video-preview:-1\" \/>\n<link rel=\"canonical\" href=\"https:\/\/blondeau.be\/fr\/produit\/elster-qa\/\" \/>\n<meta property=\"og:locale\" content=\"fr_FR\" \/>\n<meta property=\"og:type\" content=\"article\" \/>\n<meta property=\"og:title\" content=\"Elster QA - Blondeau\" \/>\n<meta property=\"og:description\" content=\"Les compteurs QA d&rsquo;Elster sont des compteurs \u00e0 gaz \u00e0 turbine hautement fiables utilis\u00e9s dans diverses applications industrielles pour mesurer \u00e0 la fois le d\u00e9bit instantan\u00e9 et la consommation cumulative sur une p\u00e9riode d\u00e9finie. Le principe de fonctionnement est bas\u00e9 sur une roue \u00e0 turbine entra\u00een\u00e9e par le flux gazeux, o\u00f9 le nombre de r\u00e9volutions [&hellip;]\" \/>\n<meta property=\"og:url\" content=\"https:\/\/blondeau.be\/fr\/produit\/elster-qa\/\" \/>\n<meta property=\"og:site_name\" content=\"Blondeau\" \/>\n<meta property=\"article:modified_time\" content=\"2025-08-29T10:22:41+00:00\" \/>\n<meta property=\"og:image\" content=\"https:\/\/blondeau.be\/wp-content\/uploads\/2025\/01\/QA.jpg\" \/>\n\t<meta property=\"og:image:width\" content=\"449\" \/>\n\t<meta property=\"og:image:height\" content=\"361\" \/>\n\t<meta property=\"og:image:type\" content=\"image\/jpeg\" \/>\n<meta name=\"twitter:card\" content=\"summary_large_image\" \/>\n<meta name=\"twitter:label1\" content=\"Dur\u00e9e de lecture estim\u00e9e\" \/>\n\t<meta name=\"twitter:data1\" content=\"1 minute\" \/>\n<script type=\"application\/ld+json\" class=\"yoast-schema-graph\">{\"@context\":\"https:\/\/schema.org\",\"@graph\":[{\"@type\":\"WebPage\",\"@id\":\"https:\/\/blondeau.be\/fr\/produit\/elster-qa\/\",\"url\":\"https:\/\/blondeau.be\/fr\/produit\/elster-qa\/\",\"name\":\"Elster QA - Blondeau\",\"isPartOf\":{\"@id\":\"https:\/\/blondeau.be\/fr\/#website\"},\"primaryImageOfPage\":{\"@id\":\"https:\/\/blondeau.be\/fr\/produit\/elster-qa\/#primaryimage\"},\"image\":{\"@id\":\"https:\/\/blondeau.be\/fr\/produit\/elster-qa\/#primaryimage\"},\"thumbnailUrl\":\"https:\/\/blondeau.be\/wp-content\/uploads\/2025\/01\/QA.jpg\",\"datePublished\":\"2025-01-28T12:37:19+00:00\",\"dateModified\":\"2025-08-29T10:22:41+00:00\",\"breadcrumb\":{\"@id\":\"https:\/\/blondeau.be\/fr\/produit\/elster-qa\/#breadcrumb\"},\"inLanguage\":\"fr-FR\",\"potentialAction\":[{\"@type\":\"ReadAction\",\"target\":[\"https:\/\/blondeau.be\/fr\/produit\/elster-qa\/\"]}]},{\"@type\":\"ImageObject\",\"inLanguage\":\"fr-FR\",\"@id\":\"https:\/\/blondeau.be\/fr\/produit\/elster-qa\/#primaryimage\",\"url\":\"https:\/\/blondeau.be\/wp-content\/uploads\/2025\/01\/QA.jpg\",\"contentUrl\":\"https:\/\/blondeau.be\/wp-content\/uploads\/2025\/01\/QA.jpg\",\"width\":449,\"height\":361},{\"@type\":\"BreadcrumbList\",\"@id\":\"https:\/\/blondeau.be\/fr\/produit\/elster-qa\/#breadcrumb\",\"itemListElement\":[{\"@type\":\"ListItem\",\"position\":1,\"name\":\"Home\",\"item\":\"https:\/\/blondeau.be\/fr\/accueil\/\"},{\"@type\":\"ListItem\",\"position\":2,\"name\":\"Catalogue des produits\",\"item\":\"https:\/\/blondeau.be\/fr\/catalogue-des-produits\/\"},{\"@type\":\"ListItem\",\"position\":3,\"name\":\"Elster QA\"}]},{\"@type\":\"WebSite\",\"@id\":\"https:\/\/blondeau.be\/fr\/#website\",\"url\":\"https:\/\/blondeau.be\/fr\/\",\"name\":\"Blondeau\",\"description\":\"Industrial Heating\",\"publisher\":{\"@id\":\"https:\/\/blondeau.be\/fr\/#organization\"},\"potentialAction\":[{\"@type\":\"SearchAction\",\"target\":{\"@type\":\"EntryPoint\",\"urlTemplate\":\"https:\/\/blondeau.be\/fr\/?s={search_term_string}\"},\"query-input\":{\"@type\":\"PropertyValueSpecification\",\"valueRequired\":true,\"valueName\":\"search_term_string\"}}],\"inLanguage\":\"fr-FR\"},{\"@type\":\"Organization\",\"@id\":\"https:\/\/blondeau.be\/fr\/#organization\",\"name\":\"Blondeau\",\"url\":\"https:\/\/blondeau.be\/fr\/\",\"logo\":{\"@type\":\"ImageObject\",\"inLanguage\":\"fr-FR\",\"@id\":\"https:\/\/blondeau.be\/fr\/#\/schema\/logo\/image\/\",\"url\":\"https:\/\/blondeau.be\/wp-content\/uploads\/2025\/08\/Logo.jpg\",\"contentUrl\":\"https:\/\/blondeau.be\/wp-content\/uploads\/2025\/08\/Logo.jpg\",\"width\":600,\"height\":600,\"caption\":\"Blondeau\"},\"image\":{\"@id\":\"https:\/\/blondeau.be\/fr\/#\/schema\/logo\/image\/\"}}]}<\/script>\n<!-- \/ Yoast SEO plugin. -->","yoast_head_json":{"title":"Elster QA - Blondeau","robots":{"index":"index","follow":"follow","max-snippet":"max-snippet:-1","max-image-preview":"max-image-preview:large","max-video-preview":"max-video-preview:-1"},"canonical":"https:\/\/blondeau.be\/fr\/produit\/elster-qa\/","og_locale":"fr_FR","og_type":"article","og_title":"Elster QA - Blondeau","og_description":"Les compteurs QA d&rsquo;Elster sont des compteurs \u00e0 gaz \u00e0 turbine hautement fiables utilis\u00e9s dans diverses applications industrielles pour mesurer \u00e0 la fois le d\u00e9bit instantan\u00e9 et la consommation cumulative sur une p\u00e9riode d\u00e9finie. Le principe de fonctionnement est bas\u00e9 sur une roue \u00e0 turbine entra\u00een\u00e9e par le flux gazeux, o\u00f9 le nombre de r\u00e9volutions [&hellip;]","og_url":"https:\/\/blondeau.be\/fr\/produit\/elster-qa\/","og_site_name":"Blondeau","article_modified_time":"2025-08-29T10:22:41+00:00","og_image":[{"width":449,"height":361,"url":"https:\/\/blondeau.be\/wp-content\/uploads\/2025\/01\/QA.jpg","type":"image\/jpeg"}],"twitter_card":"summary_large_image","twitter_misc":{"Dur\u00e9e de lecture estim\u00e9e":"1 minute"},"schema":{"@context":"https:\/\/schema.org","@graph":[{"@type":"WebPage","@id":"https:\/\/blondeau.be\/fr\/produit\/elster-qa\/","url":"https:\/\/blondeau.be\/fr\/produit\/elster-qa\/","name":"Elster QA - Blondeau","isPartOf":{"@id":"https:\/\/blondeau.be\/fr\/#website"},"primaryImageOfPage":{"@id":"https:\/\/blondeau.be\/fr\/produit\/elster-qa\/#primaryimage"},"image":{"@id":"https:\/\/blondeau.be\/fr\/produit\/elster-qa\/#primaryimage"},"thumbnailUrl":"https:\/\/blondeau.be\/wp-content\/uploads\/2025\/01\/QA.jpg","datePublished":"2025-01-28T12:37:19+00:00","dateModified":"2025-08-29T10:22:41+00:00","breadcrumb":{"@id":"https:\/\/blondeau.be\/fr\/produit\/elster-qa\/#breadcrumb"},"inLanguage":"fr-FR","potentialAction":[{"@type":"ReadAction","target":["https:\/\/blondeau.be\/fr\/produit\/elster-qa\/"]}]},{"@type":"ImageObject","inLanguage":"fr-FR","@id":"https:\/\/blondeau.be\/fr\/produit\/elster-qa\/#primaryimage","url":"https:\/\/blondeau.be\/wp-content\/uploads\/2025\/01\/QA.jpg","contentUrl":"https:\/\/blondeau.be\/wp-content\/uploads\/2025\/01\/QA.jpg","width":449,"height":361},{"@type":"BreadcrumbList","@id":"https:\/\/blondeau.be\/fr\/produit\/elster-qa\/#breadcrumb","itemListElement":[{"@type":"ListItem","position":1,"name":"Home","item":"https:\/\/blondeau.be\/fr\/accueil\/"},{"@type":"ListItem","position":2,"name":"Catalogue des produits","item":"https:\/\/blondeau.be\/fr\/catalogue-des-produits\/"},{"@type":"ListItem","position":3,"name":"Elster QA"}]},{"@type":"WebSite","@id":"https:\/\/blondeau.be\/fr\/#website","url":"https:\/\/blondeau.be\/fr\/","name":"Blondeau","description":"Industrial Heating","publisher":{"@id":"https:\/\/blondeau.be\/fr\/#organization"},"potentialAction":[{"@type":"SearchAction","target":{"@type":"EntryPoint","urlTemplate":"https:\/\/blondeau.be\/fr\/?s={search_term_string}"},"query-input":{"@type":"PropertyValueSpecification","valueRequired":true,"valueName":"search_term_string"}}],"inLanguage":"fr-FR"},{"@type":"Organization","@id":"https:\/\/blondeau.be\/fr\/#organization","name":"Blondeau","url":"https:\/\/blondeau.be\/fr\/","logo":{"@type":"ImageObject","inLanguage":"fr-FR","@id":"https:\/\/blondeau.be\/fr\/#\/schema\/logo\/image\/","url":"https:\/\/blondeau.be\/wp-content\/uploads\/2025\/08\/Logo.jpg","contentUrl":"https:\/\/blondeau.be\/wp-content\/uploads\/2025\/08\/Logo.jpg","width":600,"height":600,"caption":"Blondeau"},"image":{"@id":"https:\/\/blondeau.be\/fr\/#\/schema\/logo\/image\/"}}]}},"_links":{"self":[{"href":"https:\/\/blondeau.be\/fr\/wp-json\/wp\/v2\/product\/28323","targetHints":{"allow":["GET"]}}],"collection":[{"href":"https:\/\/blondeau.be\/fr\/wp-json\/wp\/v2\/product"}],"about":[{"href":"https:\/\/blondeau.be\/fr\/wp-json\/wp\/v2\/types\/product"}],"wp:featuredmedia":[{"embeddable":true,"href":"https:\/\/blondeau.be\/fr\/wp-json\/wp\/v2\/media\/26747"}],"wp:attachment":[{"href":"https:\/\/blondeau.be\/fr\/wp-json\/wp\/v2\/media?parent=28323"}],"wp:term":[{"taxonomy":"product_brand","embeddable":true,"href":"https:\/\/blondeau.be\/fr\/wp-json\/wp\/v2\/product_brand?post=28323"},{"taxonomy":"product_cat","embeddable":true,"href":"https:\/\/blondeau.be\/fr\/wp-json\/wp\/v2\/product_cat?post=28323"},{"taxonomy":"product_tag","embeddable":true,"href":"https:\/\/blondeau.be\/fr\/wp-json\/wp\/v2\/product_tag?post=28323"}],"curies":[{"name":"wp","href":"https:\/\/api.w.org\/{rel}","templated":true}]}}