{"id":28306,"date":"2025-01-28T14:26:21","date_gmt":"2025-01-28T12:26:21","guid":{"rendered":"https:\/\/blondeau.be\/product\/honeywell-ve\/"},"modified":"2025-08-29T15:33:30","modified_gmt":"2025-08-29T13:33:30","slug":"honeywell-ve","status":"publish","type":"product","link":"https:\/\/blondeau.be\/fr\/produit\/honeywell-ve\/","title":{"rendered":"Honeywell V(E)"},"content":{"rendered":"<p>Les <strong>\u00e9lectrovannes Honeywell V(E)<\/strong> sont des soupapes de s\u00e9curit\u00e9 de classe A conformes \u00e0 la norme EN 161. Elles sont con\u00e7ues pour le contr\u00f4le et la r\u00e9gulation des gaz dans diverses applications telles que les br\u00fbleurs \u00e0 gaz, les chaudi\u00e8res atmosph\u00e9riques, les fours de fusion, les incin\u00e9rateurs et autres \u00e9quipements fonctionnant au gaz. En position de repos (hors tension), elles restent normalement ferm\u00e9es et sont adapt\u00e9es \u00e0 des pressions maximales allant jusqu\u2019\u00e0 200 ou 360 mbar (voir fiche technique). En option, elles peuvent \u00eatre \u00e9quip\u00e9es d\u2019un d\u00e9tecteur de position permettant d\u2019indiquer si la vanne est ouverte ou ferm\u00e9e.  <\/p>\n<p><strong>Caract\u00e9ristiques et avantages :<\/strong><\/p>\n<ul>\n \t<\/p>\n<li>Vanne magn\u00e9tique, normalement ferm\u00e9e<\/li>\n<li>Diam\u00e8tres nominaux (DN) : 10 \u00e0 100<\/li>\n<li>Raccords : filet\u00e9s ou \u00e0 bride<\/li>\n<li>Tensions secteur : 24 V DC, 120 V AC ou 230 V AC<\/li>\n<li>Temp\u00e9rature : -15 \u00b0C &#8230; 60 \u00b0C<\/li>\n<li>Indicateur de position en option<\/li>\n<\/ul>\n<p><strong>Documentation :<\/strong><\/p>\n","protected":false},"excerpt":{"rendered":"<p>Les \u00e9lectrovannes Honeywell V(E) sont des soupapes de s\u00e9curit\u00e9 de classe A conformes \u00e0 la norme EN 161. Elles sont con\u00e7ues pour le contr\u00f4le et la r\u00e9gulation des gaz dans diverses applications telles que les br\u00fbleurs \u00e0 gaz, les chaudi\u00e8res atmosph\u00e9riques, les fours de fusion, les incin\u00e9rateurs et autres \u00e9quipements fonctionnant au gaz. En position [&hellip;]<\/p>\n","protected":false},"featured_media":27016,"template":"","meta":{"_acf_changed":false},"product_brand":[],"product_cat":[407],"product_tag":[348],"class_list":{"0":"post-28306","1":"product","2":"type-product","3":"status-publish","4":"has-post-thumbnail","6":"product_cat-electrovannes-fr","7":"product_tag-electrovannes","9":"first","10":"instock","11":"taxable","12":"shipping-taxable","13":"product-type-simple"},"acf":[],"yoast_head":"<!-- This site is optimized with the Yoast SEO plugin v26.8 - https:\/\/yoast.com\/product\/yoast-seo-wordpress\/ -->\n<title>Honeywell V(E) - Blondeau<\/title>\n<meta name=\"robots\" content=\"index, follow, max-snippet:-1, max-image-preview:large, max-video-preview:-1\" \/>\n<link rel=\"canonical\" href=\"https:\/\/blondeau.be\/fr\/produit\/honeywell-ve\/\" \/>\n<meta property=\"og:locale\" content=\"fr_FR\" \/>\n<meta property=\"og:type\" content=\"article\" \/>\n<meta property=\"og:title\" content=\"Honeywell V(E) - Blondeau\" \/>\n<meta property=\"og:description\" content=\"Les \u00e9lectrovannes Honeywell V(E) sont des soupapes de s\u00e9curit\u00e9 de classe A conformes \u00e0 la norme EN 161. Elles sont con\u00e7ues pour le contr\u00f4le et la r\u00e9gulation des gaz dans diverses applications telles que les br\u00fbleurs \u00e0 gaz, les chaudi\u00e8res atmosph\u00e9riques, les fours de fusion, les incin\u00e9rateurs et autres \u00e9quipements fonctionnant au gaz. En position [&hellip;]\" \/>\n<meta property=\"og:url\" content=\"https:\/\/blondeau.be\/fr\/produit\/honeywell-ve\/\" \/>\n<meta property=\"og:site_name\" content=\"Blondeau\" \/>\n<meta property=\"article:modified_time\" content=\"2025-08-29T13:33:30+00:00\" \/>\n<meta property=\"og:image\" content=\"https:\/\/blondeau.be\/wp-content\/uploads\/2025\/01\/Hon-VE-valves-3.jpg\" \/>\n\t<meta property=\"og:image:width\" content=\"360\" \/>\n\t<meta property=\"og:image:height\" content=\"378\" \/>\n\t<meta property=\"og:image:type\" content=\"image\/jpeg\" \/>\n<meta name=\"twitter:card\" content=\"summary_large_image\" \/>\n<meta name=\"twitter:label1\" content=\"Dur\u00e9e de lecture estim\u00e9e\" \/>\n\t<meta name=\"twitter:data1\" content=\"1 minute\" \/>\n<script type=\"application\/ld+json\" class=\"yoast-schema-graph\">{\"@context\":\"https:\/\/schema.org\",\"@graph\":[{\"@type\":\"WebPage\",\"@id\":\"https:\/\/blondeau.be\/fr\/produit\/honeywell-ve\/\",\"url\":\"https:\/\/blondeau.be\/fr\/produit\/honeywell-ve\/\",\"name\":\"Honeywell V(E) - Blondeau\",\"isPartOf\":{\"@id\":\"https:\/\/blondeau.be\/fr\/#website\"},\"primaryImageOfPage\":{\"@id\":\"https:\/\/blondeau.be\/fr\/produit\/honeywell-ve\/#primaryimage\"},\"image\":{\"@id\":\"https:\/\/blondeau.be\/fr\/produit\/honeywell-ve\/#primaryimage\"},\"thumbnailUrl\":\"https:\/\/blondeau.be\/wp-content\/uploads\/2025\/01\/Hon-VE-valves-3.jpg\",\"datePublished\":\"2025-01-28T12:26:21+00:00\",\"dateModified\":\"2025-08-29T13:33:30+00:00\",\"breadcrumb\":{\"@id\":\"https:\/\/blondeau.be\/fr\/produit\/honeywell-ve\/#breadcrumb\"},\"inLanguage\":\"fr-FR\",\"potentialAction\":[{\"@type\":\"ReadAction\",\"target\":[\"https:\/\/blondeau.be\/fr\/produit\/honeywell-ve\/\"]}]},{\"@type\":\"ImageObject\",\"inLanguage\":\"fr-FR\",\"@id\":\"https:\/\/blondeau.be\/fr\/produit\/honeywell-ve\/#primaryimage\",\"url\":\"https:\/\/blondeau.be\/wp-content\/uploads\/2025\/01\/Hon-VE-valves-3.jpg\",\"contentUrl\":\"https:\/\/blondeau.be\/wp-content\/uploads\/2025\/01\/Hon-VE-valves-3.jpg\",\"width\":360,\"height\":378},{\"@type\":\"BreadcrumbList\",\"@id\":\"https:\/\/blondeau.be\/fr\/produit\/honeywell-ve\/#breadcrumb\",\"itemListElement\":[{\"@type\":\"ListItem\",\"position\":1,\"name\":\"Home\",\"item\":\"https:\/\/blondeau.be\/fr\/accueil\/\"},{\"@type\":\"ListItem\",\"position\":2,\"name\":\"Catalogue des produits\",\"item\":\"https:\/\/blondeau.be\/fr\/catalogue-des-produits\/\"},{\"@type\":\"ListItem\",\"position\":3,\"name\":\"Honeywell V(E)\"}]},{\"@type\":\"WebSite\",\"@id\":\"https:\/\/blondeau.be\/fr\/#website\",\"url\":\"https:\/\/blondeau.be\/fr\/\",\"name\":\"Blondeau\",\"description\":\"Industrial Heating\",\"publisher\":{\"@id\":\"https:\/\/blondeau.be\/fr\/#organization\"},\"potentialAction\":[{\"@type\":\"SearchAction\",\"target\":{\"@type\":\"EntryPoint\",\"urlTemplate\":\"https:\/\/blondeau.be\/fr\/?s={search_term_string}\"},\"query-input\":{\"@type\":\"PropertyValueSpecification\",\"valueRequired\":true,\"valueName\":\"search_term_string\"}}],\"inLanguage\":\"fr-FR\"},{\"@type\":\"Organization\",\"@id\":\"https:\/\/blondeau.be\/fr\/#organization\",\"name\":\"Blondeau\",\"url\":\"https:\/\/blondeau.be\/fr\/\",\"logo\":{\"@type\":\"ImageObject\",\"inLanguage\":\"fr-FR\",\"@id\":\"https:\/\/blondeau.be\/fr\/#\/schema\/logo\/image\/\",\"url\":\"https:\/\/blondeau.be\/wp-content\/uploads\/2025\/08\/Logo.jpg\",\"contentUrl\":\"https:\/\/blondeau.be\/wp-content\/uploads\/2025\/08\/Logo.jpg\",\"width\":600,\"height\":600,\"caption\":\"Blondeau\"},\"image\":{\"@id\":\"https:\/\/blondeau.be\/fr\/#\/schema\/logo\/image\/\"}}]}<\/script>\n<!-- \/ Yoast SEO plugin. -->","yoast_head_json":{"title":"Honeywell V(E) - Blondeau","robots":{"index":"index","follow":"follow","max-snippet":"max-snippet:-1","max-image-preview":"max-image-preview:large","max-video-preview":"max-video-preview:-1"},"canonical":"https:\/\/blondeau.be\/fr\/produit\/honeywell-ve\/","og_locale":"fr_FR","og_type":"article","og_title":"Honeywell V(E) - Blondeau","og_description":"Les \u00e9lectrovannes Honeywell V(E) sont des soupapes de s\u00e9curit\u00e9 de classe A conformes \u00e0 la norme EN 161. Elles sont con\u00e7ues pour le contr\u00f4le et la r\u00e9gulation des gaz dans diverses applications telles que les br\u00fbleurs \u00e0 gaz, les chaudi\u00e8res atmosph\u00e9riques, les fours de fusion, les incin\u00e9rateurs et autres \u00e9quipements fonctionnant au gaz. En position [&hellip;]","og_url":"https:\/\/blondeau.be\/fr\/produit\/honeywell-ve\/","og_site_name":"Blondeau","article_modified_time":"2025-08-29T13:33:30+00:00","og_image":[{"width":360,"height":378,"url":"https:\/\/blondeau.be\/wp-content\/uploads\/2025\/01\/Hon-VE-valves-3.jpg","type":"image\/jpeg"}],"twitter_card":"summary_large_image","twitter_misc":{"Dur\u00e9e de lecture estim\u00e9e":"1 minute"},"schema":{"@context":"https:\/\/schema.org","@graph":[{"@type":"WebPage","@id":"https:\/\/blondeau.be\/fr\/produit\/honeywell-ve\/","url":"https:\/\/blondeau.be\/fr\/produit\/honeywell-ve\/","name":"Honeywell V(E) - Blondeau","isPartOf":{"@id":"https:\/\/blondeau.be\/fr\/#website"},"primaryImageOfPage":{"@id":"https:\/\/blondeau.be\/fr\/produit\/honeywell-ve\/#primaryimage"},"image":{"@id":"https:\/\/blondeau.be\/fr\/produit\/honeywell-ve\/#primaryimage"},"thumbnailUrl":"https:\/\/blondeau.be\/wp-content\/uploads\/2025\/01\/Hon-VE-valves-3.jpg","datePublished":"2025-01-28T12:26:21+00:00","dateModified":"2025-08-29T13:33:30+00:00","breadcrumb":{"@id":"https:\/\/blondeau.be\/fr\/produit\/honeywell-ve\/#breadcrumb"},"inLanguage":"fr-FR","potentialAction":[{"@type":"ReadAction","target":["https:\/\/blondeau.be\/fr\/produit\/honeywell-ve\/"]}]},{"@type":"ImageObject","inLanguage":"fr-FR","@id":"https:\/\/blondeau.be\/fr\/produit\/honeywell-ve\/#primaryimage","url":"https:\/\/blondeau.be\/wp-content\/uploads\/2025\/01\/Hon-VE-valves-3.jpg","contentUrl":"https:\/\/blondeau.be\/wp-content\/uploads\/2025\/01\/Hon-VE-valves-3.jpg","width":360,"height":378},{"@type":"BreadcrumbList","@id":"https:\/\/blondeau.be\/fr\/produit\/honeywell-ve\/#breadcrumb","itemListElement":[{"@type":"ListItem","position":1,"name":"Home","item":"https:\/\/blondeau.be\/fr\/accueil\/"},{"@type":"ListItem","position":2,"name":"Catalogue des produits","item":"https:\/\/blondeau.be\/fr\/catalogue-des-produits\/"},{"@type":"ListItem","position":3,"name":"Honeywell V(E)"}]},{"@type":"WebSite","@id":"https:\/\/blondeau.be\/fr\/#website","url":"https:\/\/blondeau.be\/fr\/","name":"Blondeau","description":"Industrial Heating","publisher":{"@id":"https:\/\/blondeau.be\/fr\/#organization"},"potentialAction":[{"@type":"SearchAction","target":{"@type":"EntryPoint","urlTemplate":"https:\/\/blondeau.be\/fr\/?s={search_term_string}"},"query-input":{"@type":"PropertyValueSpecification","valueRequired":true,"valueName":"search_term_string"}}],"inLanguage":"fr-FR"},{"@type":"Organization","@id":"https:\/\/blondeau.be\/fr\/#organization","name":"Blondeau","url":"https:\/\/blondeau.be\/fr\/","logo":{"@type":"ImageObject","inLanguage":"fr-FR","@id":"https:\/\/blondeau.be\/fr\/#\/schema\/logo\/image\/","url":"https:\/\/blondeau.be\/wp-content\/uploads\/2025\/08\/Logo.jpg","contentUrl":"https:\/\/blondeau.be\/wp-content\/uploads\/2025\/08\/Logo.jpg","width":600,"height":600,"caption":"Blondeau"},"image":{"@id":"https:\/\/blondeau.be\/fr\/#\/schema\/logo\/image\/"}}]}},"_links":{"self":[{"href":"https:\/\/blondeau.be\/fr\/wp-json\/wp\/v2\/product\/28306","targetHints":{"allow":["GET"]}}],"collection":[{"href":"https:\/\/blondeau.be\/fr\/wp-json\/wp\/v2\/product"}],"about":[{"href":"https:\/\/blondeau.be\/fr\/wp-json\/wp\/v2\/types\/product"}],"wp:featuredmedia":[{"embeddable":true,"href":"https:\/\/blondeau.be\/fr\/wp-json\/wp\/v2\/media\/27016"}],"wp:attachment":[{"href":"https:\/\/blondeau.be\/fr\/wp-json\/wp\/v2\/media?parent=28306"}],"wp:term":[{"taxonomy":"product_brand","embeddable":true,"href":"https:\/\/blondeau.be\/fr\/wp-json\/wp\/v2\/product_brand?post=28306"},{"taxonomy":"product_cat","embeddable":true,"href":"https:\/\/blondeau.be\/fr\/wp-json\/wp\/v2\/product_cat?post=28306"},{"taxonomy":"product_tag","embeddable":true,"href":"https:\/\/blondeau.be\/fr\/wp-json\/wp\/v2\/product_tag?post=28306"}],"curies":[{"name":"wp","href":"https:\/\/api.w.org\/{rel}","templated":true}]}}