{"id":28301,"date":"2025-01-28T14:30:32","date_gmt":"2025-01-28T12:30:32","guid":{"rendered":"https:\/\/blondeau.be\/product\/honeywell-serie-7800-vue-densemble\/"},"modified":"2025-08-29T15:59:26","modified_gmt":"2025-08-29T13:59:26","slug":"honeywell-serie-7800-vue-densemble","status":"publish","type":"product","link":"https:\/\/blondeau.be\/fr\/produit\/honeywell-serie-7800-vue-densemble\/","title":{"rendered":"Honeywell SERIE 7800 &#8211; vue d&rsquo;ensemble"},"content":{"rendered":"<p>Les <strong>automates de br\u00fbleurs et les relais de d\u00e9tection de flamme de la s\u00e9rie 7800 d&rsquo;Honeywell<\/strong> sont des commandes de br\u00fbleurs industriels \u00e0 microprocesseur pour les applications de br\u00fbleurs automatiques (au gaz ou au fioul). La s\u00e9rie 7800 convient \u00e0 tous les types de br\u00fbleurs \u00e0 capacit\u00e9 illimit\u00e9e et peut \u00eatre \u00e9tendue \u00e0 la surveillance \u00e0 distance gr\u00e2ce \u00e0 la technologie Honeywell Thermal IQ. <\/p>\n<p><strong>Caract\u00e9ristiques et avantages :<\/strong><br \/>\n<\/p>\n<ul>\n<li>La <a href=\"https:\/\/docuthek.kromschroeder.com\/download.php?lang=en&amp;doc=62714\">base de c\u00e2blage \u00e0 montage rapide pour tous les modules \u00e0 relais de la s\u00e9rie 7800<\/a> permet de c\u00e2bler le syst\u00e8me de contr\u00f4le avant d&rsquo;installer le module \u00e0 relais.<\/li>\n<li>Conception modulaire avec modules enfichables (d\u00e9tection de flamme selon le type d&rsquo;<a href=\"https:\/\/docuthek.kromschroeder.com\/download.php?lang=en&amp;doc=63308\">amplificateur de flamme)<\/a><\/li>\n<li>Temps de purge r\u00e9glable gr\u00e2ce \u00e0 une <a href=\"https:\/\/docuthek.kromschroeder.com\/download.php?lang=en&amp;doc=68690\">carte de purge enfichable<\/a> (ST7800A1xxx\/U)<\/li>\n<li>Temps de r\u00e9ponse en cas de d\u00e9faillance :\n<ul>\n<li>Contr\u00f4leurs europ\u00e9ens (UE) : 1,0 ou 2,0 s (selon le type d&rsquo;amplificateur de flamme)<\/li>\n<li>Contr\u00f4leurs am\u00e9ricains (US) : 0,8 ou 3,0 s (selon le type d&rsquo;amplificateur de flamme)<\/li>\n<\/ul>\n<\/li>\n<li>Le <a href=\"https:\/\/docuthek.kromschroeder.com\/download.php?lang=en&amp;doc=65857\">display optionnel<\/a> peut \u00eatre mont\u00e9 sur le module ou sur une porte d&rsquo;armoire.<\/li>\n<\/ul>\n<ul>\n<li>Les mod\u00e8les de l&rsquo;UE sont homologu\u00e9s CE conform\u00e9ment \u00e0 la norme EN 298 pour un fonctionnement continu (lorsqu&rsquo;ils sont utilis\u00e9s avec l&rsquo;amplificateur de flamme et le d\u00e9tecteur de flamme appropri\u00e9s !)<\/li>\n<li>Certifi\u00e9 SIL-3 (tous les mod\u00e8les sauf les relais de flamme EC\/RM7823)<\/li>\n<li>Classe de protection :\n<ul>\n<li>Europe : IP00 (montage en armoire uniquement)<\/li>\n<li>\u00c9tats-Unis : NEMA 1 (montage en armoire ou au mur)<\/li>\n<\/ul>\n<\/li>\n<li>Temp\u00e9rature ambiante : -40\u00b0C \u00e0 60\u00b0C<\/li>\n<li>Accepte tous les <a href=\"https:\/\/staging30.expect-more.be\/catalogus\/honeywell\/vlamdetectie-componenten-honeywell\/\">d\u00e9tecteurs de flamme optiques (UV)<\/a> et \u00e9lectrodes d&rsquo;ionisation existants de Honeywell<\/li>\n<\/ul>\n<p><strong>Documentation :<\/strong><br \/><\/p>\n","protected":false},"excerpt":{"rendered":"<p>Les automates de br\u00fbleurs et les relais de d\u00e9tection de flamme de la s\u00e9rie 7800 d&rsquo;Honeywell sont des commandes de br\u00fbleurs industriels \u00e0 microprocesseur pour les applications de br\u00fbleurs automatiques (au gaz ou au fioul). La s\u00e9rie 7800 convient \u00e0 tous les types de br\u00fbleurs \u00e0 capacit\u00e9 illimit\u00e9e et peut \u00eatre \u00e9tendue \u00e0 la surveillance [&hellip;]<\/p>\n","protected":false},"featured_media":28303,"template":"","meta":{"_acf_changed":false},"product_brand":[],"product_cat":[330],"product_tag":[331],"class_list":{"0":"post-28301","1":"product","2":"type-product","3":"status-publish","4":"has-post-thumbnail","6":"product_cat-commande-de-bruleurs","7":"product_tag-coffrets-de-commande","9":"first","10":"instock","11":"taxable","12":"shipping-taxable","13":"product-type-simple"},"acf":[],"yoast_head":"<!-- This site is optimized with the Yoast SEO plugin v26.8 - https:\/\/yoast.com\/product\/yoast-seo-wordpress\/ -->\n<title>Honeywell SERIE 7800 - vue d&#039;ensemble - Blondeau<\/title>\n<meta name=\"robots\" content=\"index, follow, max-snippet:-1, max-image-preview:large, max-video-preview:-1\" \/>\n<link rel=\"canonical\" href=\"https:\/\/blondeau.be\/fr\/produit\/honeywell-serie-7800-vue-densemble\/\" \/>\n<meta property=\"og:locale\" content=\"fr_FR\" \/>\n<meta property=\"og:type\" content=\"article\" \/>\n<meta property=\"og:title\" content=\"Honeywell SERIE 7800 - vue d&#039;ensemble - Blondeau\" \/>\n<meta property=\"og:description\" content=\"Les automates de br\u00fbleurs et les relais de d\u00e9tection de flamme de la s\u00e9rie 7800 d&rsquo;Honeywell sont des commandes de br\u00fbleurs industriels \u00e0 microprocesseur pour les applications de br\u00fbleurs automatiques (au gaz ou au fioul). La s\u00e9rie 7800 convient \u00e0 tous les types de br\u00fbleurs \u00e0 capacit\u00e9 illimit\u00e9e et peut \u00eatre \u00e9tendue \u00e0 la surveillance [&hellip;]\" \/>\n<meta property=\"og:url\" content=\"https:\/\/blondeau.be\/fr\/produit\/honeywell-serie-7800-vue-densemble\/\" \/>\n<meta property=\"og:site_name\" content=\"Blondeau\" \/>\n<meta property=\"article:modified_time\" content=\"2025-08-29T13:59:26+00:00\" \/>\n<meta property=\"og:image\" content=\"https:\/\/blondeau.be\/wp-content\/uploads\/2025\/01\/Re_7800-series.webp\" \/>\n\t<meta property=\"og:image:width\" content=\"649\" \/>\n\t<meta property=\"og:image:height\" content=\"576\" \/>\n\t<meta property=\"og:image:type\" content=\"image\/webp\" \/>\n<meta name=\"twitter:card\" content=\"summary_large_image\" \/>\n<meta name=\"twitter:label1\" content=\"Dur\u00e9e de lecture estim\u00e9e\" \/>\n\t<meta name=\"twitter:data1\" content=\"1 minute\" \/>\n<script type=\"application\/ld+json\" class=\"yoast-schema-graph\">{\"@context\":\"https:\/\/schema.org\",\"@graph\":[{\"@type\":\"WebPage\",\"@id\":\"https:\/\/blondeau.be\/fr\/produit\/honeywell-serie-7800-vue-densemble\/\",\"url\":\"https:\/\/blondeau.be\/fr\/produit\/honeywell-serie-7800-vue-densemble\/\",\"name\":\"Honeywell SERIE 7800 - vue d'ensemble - Blondeau\",\"isPartOf\":{\"@id\":\"https:\/\/blondeau.be\/fr\/#website\"},\"primaryImageOfPage\":{\"@id\":\"https:\/\/blondeau.be\/fr\/produit\/honeywell-serie-7800-vue-densemble\/#primaryimage\"},\"image\":{\"@id\":\"https:\/\/blondeau.be\/fr\/produit\/honeywell-serie-7800-vue-densemble\/#primaryimage\"},\"thumbnailUrl\":\"https:\/\/blondeau.be\/wp-content\/uploads\/2025\/01\/Re_7800-series.webp\",\"datePublished\":\"2025-01-28T12:30:32+00:00\",\"dateModified\":\"2025-08-29T13:59:26+00:00\",\"breadcrumb\":{\"@id\":\"https:\/\/blondeau.be\/fr\/produit\/honeywell-serie-7800-vue-densemble\/#breadcrumb\"},\"inLanguage\":\"fr-FR\",\"potentialAction\":[{\"@type\":\"ReadAction\",\"target\":[\"https:\/\/blondeau.be\/fr\/produit\/honeywell-serie-7800-vue-densemble\/\"]}]},{\"@type\":\"ImageObject\",\"inLanguage\":\"fr-FR\",\"@id\":\"https:\/\/blondeau.be\/fr\/produit\/honeywell-serie-7800-vue-densemble\/#primaryimage\",\"url\":\"https:\/\/blondeau.be\/wp-content\/uploads\/2025\/01\/Re_7800-series.webp\",\"contentUrl\":\"https:\/\/blondeau.be\/wp-content\/uploads\/2025\/01\/Re_7800-series.webp\",\"width\":649,\"height\":576},{\"@type\":\"BreadcrumbList\",\"@id\":\"https:\/\/blondeau.be\/fr\/produit\/honeywell-serie-7800-vue-densemble\/#breadcrumb\",\"itemListElement\":[{\"@type\":\"ListItem\",\"position\":1,\"name\":\"Home\",\"item\":\"https:\/\/blondeau.be\/fr\/accueil\/\"},{\"@type\":\"ListItem\",\"position\":2,\"name\":\"Catalogue des produits\",\"item\":\"https:\/\/blondeau.be\/fr\/catalogue-des-produits\/\"},{\"@type\":\"ListItem\",\"position\":3,\"name\":\"Honeywell SERIE 7800 &#8211; vue d&rsquo;ensemble\"}]},{\"@type\":\"WebSite\",\"@id\":\"https:\/\/blondeau.be\/fr\/#website\",\"url\":\"https:\/\/blondeau.be\/fr\/\",\"name\":\"Blondeau\",\"description\":\"Industrial Heating\",\"publisher\":{\"@id\":\"https:\/\/blondeau.be\/fr\/#organization\"},\"potentialAction\":[{\"@type\":\"SearchAction\",\"target\":{\"@type\":\"EntryPoint\",\"urlTemplate\":\"https:\/\/blondeau.be\/fr\/?s={search_term_string}\"},\"query-input\":{\"@type\":\"PropertyValueSpecification\",\"valueRequired\":true,\"valueName\":\"search_term_string\"}}],\"inLanguage\":\"fr-FR\"},{\"@type\":\"Organization\",\"@id\":\"https:\/\/blondeau.be\/fr\/#organization\",\"name\":\"Blondeau\",\"url\":\"https:\/\/blondeau.be\/fr\/\",\"logo\":{\"@type\":\"ImageObject\",\"inLanguage\":\"fr-FR\",\"@id\":\"https:\/\/blondeau.be\/fr\/#\/schema\/logo\/image\/\",\"url\":\"https:\/\/blondeau.be\/wp-content\/uploads\/2025\/08\/Logo.jpg\",\"contentUrl\":\"https:\/\/blondeau.be\/wp-content\/uploads\/2025\/08\/Logo.jpg\",\"width\":600,\"height\":600,\"caption\":\"Blondeau\"},\"image\":{\"@id\":\"https:\/\/blondeau.be\/fr\/#\/schema\/logo\/image\/\"}}]}<\/script>\n<!-- \/ Yoast SEO plugin. -->","yoast_head_json":{"title":"Honeywell SERIE 7800 - vue d'ensemble - Blondeau","robots":{"index":"index","follow":"follow","max-snippet":"max-snippet:-1","max-image-preview":"max-image-preview:large","max-video-preview":"max-video-preview:-1"},"canonical":"https:\/\/blondeau.be\/fr\/produit\/honeywell-serie-7800-vue-densemble\/","og_locale":"fr_FR","og_type":"article","og_title":"Honeywell SERIE 7800 - vue d'ensemble - Blondeau","og_description":"Les automates de br\u00fbleurs et les relais de d\u00e9tection de flamme de la s\u00e9rie 7800 d&rsquo;Honeywell sont des commandes de br\u00fbleurs industriels \u00e0 microprocesseur pour les applications de br\u00fbleurs automatiques (au gaz ou au fioul). La s\u00e9rie 7800 convient \u00e0 tous les types de br\u00fbleurs \u00e0 capacit\u00e9 illimit\u00e9e et peut \u00eatre \u00e9tendue \u00e0 la surveillance [&hellip;]","og_url":"https:\/\/blondeau.be\/fr\/produit\/honeywell-serie-7800-vue-densemble\/","og_site_name":"Blondeau","article_modified_time":"2025-08-29T13:59:26+00:00","og_image":[{"width":649,"height":576,"url":"https:\/\/blondeau.be\/wp-content\/uploads\/2025\/01\/Re_7800-series.webp","type":"image\/webp"}],"twitter_card":"summary_large_image","twitter_misc":{"Dur\u00e9e de lecture estim\u00e9e":"1 minute"},"schema":{"@context":"https:\/\/schema.org","@graph":[{"@type":"WebPage","@id":"https:\/\/blondeau.be\/fr\/produit\/honeywell-serie-7800-vue-densemble\/","url":"https:\/\/blondeau.be\/fr\/produit\/honeywell-serie-7800-vue-densemble\/","name":"Honeywell SERIE 7800 - vue d'ensemble - Blondeau","isPartOf":{"@id":"https:\/\/blondeau.be\/fr\/#website"},"primaryImageOfPage":{"@id":"https:\/\/blondeau.be\/fr\/produit\/honeywell-serie-7800-vue-densemble\/#primaryimage"},"image":{"@id":"https:\/\/blondeau.be\/fr\/produit\/honeywell-serie-7800-vue-densemble\/#primaryimage"},"thumbnailUrl":"https:\/\/blondeau.be\/wp-content\/uploads\/2025\/01\/Re_7800-series.webp","datePublished":"2025-01-28T12:30:32+00:00","dateModified":"2025-08-29T13:59:26+00:00","breadcrumb":{"@id":"https:\/\/blondeau.be\/fr\/produit\/honeywell-serie-7800-vue-densemble\/#breadcrumb"},"inLanguage":"fr-FR","potentialAction":[{"@type":"ReadAction","target":["https:\/\/blondeau.be\/fr\/produit\/honeywell-serie-7800-vue-densemble\/"]}]},{"@type":"ImageObject","inLanguage":"fr-FR","@id":"https:\/\/blondeau.be\/fr\/produit\/honeywell-serie-7800-vue-densemble\/#primaryimage","url":"https:\/\/blondeau.be\/wp-content\/uploads\/2025\/01\/Re_7800-series.webp","contentUrl":"https:\/\/blondeau.be\/wp-content\/uploads\/2025\/01\/Re_7800-series.webp","width":649,"height":576},{"@type":"BreadcrumbList","@id":"https:\/\/blondeau.be\/fr\/produit\/honeywell-serie-7800-vue-densemble\/#breadcrumb","itemListElement":[{"@type":"ListItem","position":1,"name":"Home","item":"https:\/\/blondeau.be\/fr\/accueil\/"},{"@type":"ListItem","position":2,"name":"Catalogue des produits","item":"https:\/\/blondeau.be\/fr\/catalogue-des-produits\/"},{"@type":"ListItem","position":3,"name":"Honeywell SERIE 7800 &#8211; vue d&rsquo;ensemble"}]},{"@type":"WebSite","@id":"https:\/\/blondeau.be\/fr\/#website","url":"https:\/\/blondeau.be\/fr\/","name":"Blondeau","description":"Industrial Heating","publisher":{"@id":"https:\/\/blondeau.be\/fr\/#organization"},"potentialAction":[{"@type":"SearchAction","target":{"@type":"EntryPoint","urlTemplate":"https:\/\/blondeau.be\/fr\/?s={search_term_string}"},"query-input":{"@type":"PropertyValueSpecification","valueRequired":true,"valueName":"search_term_string"}}],"inLanguage":"fr-FR"},{"@type":"Organization","@id":"https:\/\/blondeau.be\/fr\/#organization","name":"Blondeau","url":"https:\/\/blondeau.be\/fr\/","logo":{"@type":"ImageObject","inLanguage":"fr-FR","@id":"https:\/\/blondeau.be\/fr\/#\/schema\/logo\/image\/","url":"https:\/\/blondeau.be\/wp-content\/uploads\/2025\/08\/Logo.jpg","contentUrl":"https:\/\/blondeau.be\/wp-content\/uploads\/2025\/08\/Logo.jpg","width":600,"height":600,"caption":"Blondeau"},"image":{"@id":"https:\/\/blondeau.be\/fr\/#\/schema\/logo\/image\/"}}]}},"_links":{"self":[{"href":"https:\/\/blondeau.be\/fr\/wp-json\/wp\/v2\/product\/28301","targetHints":{"allow":["GET"]}}],"collection":[{"href":"https:\/\/blondeau.be\/fr\/wp-json\/wp\/v2\/product"}],"about":[{"href":"https:\/\/blondeau.be\/fr\/wp-json\/wp\/v2\/types\/product"}],"wp:featuredmedia":[{"embeddable":true,"href":"https:\/\/blondeau.be\/fr\/wp-json\/wp\/v2\/media\/28303"}],"wp:attachment":[{"href":"https:\/\/blondeau.be\/fr\/wp-json\/wp\/v2\/media?parent=28301"}],"wp:term":[{"taxonomy":"product_brand","embeddable":true,"href":"https:\/\/blondeau.be\/fr\/wp-json\/wp\/v2\/product_brand?post=28301"},{"taxonomy":"product_cat","embeddable":true,"href":"https:\/\/blondeau.be\/fr\/wp-json\/wp\/v2\/product_cat?post=28301"},{"taxonomy":"product_tag","embeddable":true,"href":"https:\/\/blondeau.be\/fr\/wp-json\/wp\/v2\/product_tag?post=28301"}],"curies":[{"name":"wp","href":"https:\/\/api.w.org\/{rel}","templated":true}]}}