{"id":28286,"date":"2025-01-28T14:13:59","date_gmt":"2025-01-28T12:13:59","guid":{"rendered":"https:\/\/blondeau.be\/product\/kromschroder-bcu-570\/"},"modified":"2025-09-04T11:37:38","modified_gmt":"2025-09-04T09:37:38","slug":"kromschroder-bcu-570","status":"publish","type":"product","link":"https:\/\/blondeau.be\/fr\/produit\/kromschroder-bcu-570\/","title":{"rendered":"Kromschr\u00f6der BCU 570"},"content":{"rendered":"<p class=\"\" data-start=\"0\" data-end=\"164\">Le <strong>BCU 570<\/strong> de Kromschr\u00f6der est un syst\u00e8me de commande de br\u00fbleur qui pilote, r\u00e9gule et surveille les br\u00fbleurs industriels individuels ainsi que les br\u00fbleurs \u00e0 air souffl\u00e9 de capacit\u00e9 illimit\u00e9e. Cette unit\u00e9 de contr\u00f4le ex\u00e9cute des fonctions de s\u00e9curit\u00e9 critiques, notamment la surveillance de pression, la supervision des vannes et les s\u00e9quences de pr\u00e9-balayage, et peut commander des actionneurs pour garantir un allumage s\u00e9curis\u00e9 du br\u00fbleur. Le BCU 570 int\u00e8gre une carte m\u00e9moire de param\u00e8tres pour le stockage des donn\u00e9es de configuration syst\u00e8me, permettant un transfert transparent vers les unit\u00e9s de remplacement lorsque requis.  <\/p>\n<p data-start=\"0\" data-end=\"164\"><strong>Caract\u00e9ristiques et avantages :<\/strong><\/p>\n<ul>\n<li data-start=\"0\" data-end=\"164\"><span class=\"relative -mx-px my-[-0.2rem] rounded px-px py-[0.2rem]\">Convient au fonctionnement intermittent et continu des br\u00fbleurs \u00e0 allumage direct et des syst\u00e8mes \u00e9quip\u00e9s de veilleuses.<\/span><\/li>\n<li data-start=\"0\" data-end=\"164\"><span class=\"relative -mx-px my-[-0.2rem] rounded px-px py-[0.2rem]\" style=\"font-size: 1rem;\">Contr\u00f4le de la flamme par capteur UV ou ionisation<\/span><\/li>\n<li data-start=\"0\" data-end=\"164\">Tension secteur : 230 V-50\/60 Hz ou 120 V-50\/60 Hz<\/li>\n<li data-start=\"0\" data-end=\"164\"><span class=\"relative -mx-px my-[-0.2rem] rounded px-px py-[0.2rem]\">Montage sur rail DIN dans l&rsquo;armoire de commande<\/span><\/li>\n<li data-start=\"0\" data-end=\"164\"><span class=\"relative -mx-px my-[-0.2rem] rounded px-px py-[0.2rem]\">Fonctions de s\u00e9curit\u00e9 conformes aux normes EN 746-2 et EN 676, et r\u00e9pondant aux normes SIL 3 (DIN EN 62061), correspondant \u00e0 PL e (ISO EN 13849)<\/span><\/li>\n<li data-start=\"0\" data-end=\"164\">Unit\u00e9 de contr\u00f4le externe (OCU) disponible en option pour un fonctionnement \u00e0 distance, ainsi qu&rsquo;un syst\u00e8me de test d&rsquo;\u00e9tanch\u00e9it\u00e9 et un module de communication par bus (BCM).<\/li>\n<\/ul>\n<p><strong>Documentation :<\/strong><\/p>\n","protected":false},"excerpt":{"rendered":"<p>Le BCU 570 de Kromschr\u00f6der est un syst\u00e8me de commande de br\u00fbleur qui pilote, r\u00e9gule et surveille les br\u00fbleurs industriels individuels ainsi que les br\u00fbleurs \u00e0 air souffl\u00e9 de capacit\u00e9 illimit\u00e9e. Cette unit\u00e9 de contr\u00f4le ex\u00e9cute des fonctions de s\u00e9curit\u00e9 critiques, notamment la surveillance de pression, la supervision des vannes et les s\u00e9quences de pr\u00e9-balayage, [&hellip;]<\/p>\n","protected":false},"featured_media":28290,"template":"","meta":{"_acf_changed":false},"product_brand":[],"product_cat":[340],"product_tag":[331],"class_list":{"0":"post-28286","1":"product","2":"type-product","3":"status-publish","4":"has-post-thumbnail","6":"product_cat-coffrets-de-commande-fr","7":"product_tag-coffrets-de-commande","9":"first","10":"instock","11":"taxable","12":"shipping-taxable","13":"product-type-simple"},"acf":[],"yoast_head":"<!-- This site is optimized with the Yoast SEO plugin v26.8 - https:\/\/yoast.com\/product\/yoast-seo-wordpress\/ -->\n<title>Kromschr\u00f6der BCU 570 - Blondeau<\/title>\n<meta name=\"robots\" content=\"index, follow, max-snippet:-1, max-image-preview:large, max-video-preview:-1\" \/>\n<link rel=\"canonical\" href=\"https:\/\/blondeau.be\/fr\/produit\/kromschroder-bcu-570\/\" \/>\n<meta property=\"og:locale\" content=\"fr_FR\" \/>\n<meta property=\"og:type\" content=\"article\" \/>\n<meta property=\"og:title\" content=\"Kromschr\u00f6der BCU 570 - Blondeau\" \/>\n<meta property=\"og:description\" content=\"Le BCU 570 de Kromschr\u00f6der est un syst\u00e8me de commande de br\u00fbleur qui pilote, r\u00e9gule et surveille les br\u00fbleurs industriels individuels ainsi que les br\u00fbleurs \u00e0 air souffl\u00e9 de capacit\u00e9 illimit\u00e9e. Cette unit\u00e9 de contr\u00f4le ex\u00e9cute des fonctions de s\u00e9curit\u00e9 critiques, notamment la surveillance de pression, la supervision des vannes et les s\u00e9quences de pr\u00e9-balayage, [&hellip;]\" \/>\n<meta property=\"og:url\" content=\"https:\/\/blondeau.be\/fr\/produit\/kromschroder-bcu-570\/\" \/>\n<meta property=\"og:site_name\" content=\"Blondeau\" \/>\n<meta property=\"article:modified_time\" content=\"2025-09-04T09:37:38+00:00\" \/>\n<meta property=\"og:image\" content=\"https:\/\/blondeau.be\/wp-content\/uploads\/2025\/01\/pmt-hps-re-fcu-500.webp\" \/>\n\t<meta property=\"og:image:width\" content=\"586\" \/>\n\t<meta property=\"og:image:height\" content=\"576\" \/>\n\t<meta property=\"og:image:type\" content=\"image\/webp\" \/>\n<meta name=\"twitter:card\" content=\"summary_large_image\" \/>\n<meta name=\"twitter:label1\" content=\"Dur\u00e9e de lecture estim\u00e9e\" \/>\n\t<meta name=\"twitter:data1\" content=\"2 minutes\" \/>\n<script type=\"application\/ld+json\" class=\"yoast-schema-graph\">{\"@context\":\"https:\/\/schema.org\",\"@graph\":[{\"@type\":\"WebPage\",\"@id\":\"https:\/\/blondeau.be\/fr\/produit\/kromschroder-bcu-570\/\",\"url\":\"https:\/\/blondeau.be\/fr\/produit\/kromschroder-bcu-570\/\",\"name\":\"Kromschr\u00f6der BCU 570 - Blondeau\",\"isPartOf\":{\"@id\":\"https:\/\/blondeau.be\/fr\/#website\"},\"primaryImageOfPage\":{\"@id\":\"https:\/\/blondeau.be\/fr\/produit\/kromschroder-bcu-570\/#primaryimage\"},\"image\":{\"@id\":\"https:\/\/blondeau.be\/fr\/produit\/kromschroder-bcu-570\/#primaryimage\"},\"thumbnailUrl\":\"https:\/\/blondeau.be\/wp-content\/uploads\/2025\/01\/pmt-hps-re-fcu-500.webp\",\"datePublished\":\"2025-01-28T12:13:59+00:00\",\"dateModified\":\"2025-09-04T09:37:38+00:00\",\"breadcrumb\":{\"@id\":\"https:\/\/blondeau.be\/fr\/produit\/kromschroder-bcu-570\/#breadcrumb\"},\"inLanguage\":\"fr-FR\",\"potentialAction\":[{\"@type\":\"ReadAction\",\"target\":[\"https:\/\/blondeau.be\/fr\/produit\/kromschroder-bcu-570\/\"]}]},{\"@type\":\"ImageObject\",\"inLanguage\":\"fr-FR\",\"@id\":\"https:\/\/blondeau.be\/fr\/produit\/kromschroder-bcu-570\/#primaryimage\",\"url\":\"https:\/\/blondeau.be\/wp-content\/uploads\/2025\/01\/pmt-hps-re-fcu-500.webp\",\"contentUrl\":\"https:\/\/blondeau.be\/wp-content\/uploads\/2025\/01\/pmt-hps-re-fcu-500.webp\",\"width\":586,\"height\":576},{\"@type\":\"BreadcrumbList\",\"@id\":\"https:\/\/blondeau.be\/fr\/produit\/kromschroder-bcu-570\/#breadcrumb\",\"itemListElement\":[{\"@type\":\"ListItem\",\"position\":1,\"name\":\"Home\",\"item\":\"https:\/\/blondeau.be\/fr\/accueil\/\"},{\"@type\":\"ListItem\",\"position\":2,\"name\":\"Catalogue des produits\",\"item\":\"https:\/\/blondeau.be\/fr\/catalogue-des-produits\/\"},{\"@type\":\"ListItem\",\"position\":3,\"name\":\"Kromschr\u00f6der BCU 570\"}]},{\"@type\":\"WebSite\",\"@id\":\"https:\/\/blondeau.be\/fr\/#website\",\"url\":\"https:\/\/blondeau.be\/fr\/\",\"name\":\"Blondeau\",\"description\":\"Industrial Heating\",\"publisher\":{\"@id\":\"https:\/\/blondeau.be\/fr\/#organization\"},\"potentialAction\":[{\"@type\":\"SearchAction\",\"target\":{\"@type\":\"EntryPoint\",\"urlTemplate\":\"https:\/\/blondeau.be\/fr\/?s={search_term_string}\"},\"query-input\":{\"@type\":\"PropertyValueSpecification\",\"valueRequired\":true,\"valueName\":\"search_term_string\"}}],\"inLanguage\":\"fr-FR\"},{\"@type\":\"Organization\",\"@id\":\"https:\/\/blondeau.be\/fr\/#organization\",\"name\":\"Blondeau\",\"url\":\"https:\/\/blondeau.be\/fr\/\",\"logo\":{\"@type\":\"ImageObject\",\"inLanguage\":\"fr-FR\",\"@id\":\"https:\/\/blondeau.be\/fr\/#\/schema\/logo\/image\/\",\"url\":\"https:\/\/blondeau.be\/wp-content\/uploads\/2025\/08\/Logo.jpg\",\"contentUrl\":\"https:\/\/blondeau.be\/wp-content\/uploads\/2025\/08\/Logo.jpg\",\"width\":600,\"height\":600,\"caption\":\"Blondeau\"},\"image\":{\"@id\":\"https:\/\/blondeau.be\/fr\/#\/schema\/logo\/image\/\"}}]}<\/script>\n<!-- \/ Yoast SEO plugin. -->","yoast_head_json":{"title":"Kromschr\u00f6der BCU 570 - Blondeau","robots":{"index":"index","follow":"follow","max-snippet":"max-snippet:-1","max-image-preview":"max-image-preview:large","max-video-preview":"max-video-preview:-1"},"canonical":"https:\/\/blondeau.be\/fr\/produit\/kromschroder-bcu-570\/","og_locale":"fr_FR","og_type":"article","og_title":"Kromschr\u00f6der BCU 570 - Blondeau","og_description":"Le BCU 570 de Kromschr\u00f6der est un syst\u00e8me de commande de br\u00fbleur qui pilote, r\u00e9gule et surveille les br\u00fbleurs industriels individuels ainsi que les br\u00fbleurs \u00e0 air souffl\u00e9 de capacit\u00e9 illimit\u00e9e. Cette unit\u00e9 de contr\u00f4le ex\u00e9cute des fonctions de s\u00e9curit\u00e9 critiques, notamment la surveillance de pression, la supervision des vannes et les s\u00e9quences de pr\u00e9-balayage, [&hellip;]","og_url":"https:\/\/blondeau.be\/fr\/produit\/kromschroder-bcu-570\/","og_site_name":"Blondeau","article_modified_time":"2025-09-04T09:37:38+00:00","og_image":[{"width":586,"height":576,"url":"https:\/\/blondeau.be\/wp-content\/uploads\/2025\/01\/pmt-hps-re-fcu-500.webp","type":"image\/webp"}],"twitter_card":"summary_large_image","twitter_misc":{"Dur\u00e9e de lecture estim\u00e9e":"2 minutes"},"schema":{"@context":"https:\/\/schema.org","@graph":[{"@type":"WebPage","@id":"https:\/\/blondeau.be\/fr\/produit\/kromschroder-bcu-570\/","url":"https:\/\/blondeau.be\/fr\/produit\/kromschroder-bcu-570\/","name":"Kromschr\u00f6der BCU 570 - Blondeau","isPartOf":{"@id":"https:\/\/blondeau.be\/fr\/#website"},"primaryImageOfPage":{"@id":"https:\/\/blondeau.be\/fr\/produit\/kromschroder-bcu-570\/#primaryimage"},"image":{"@id":"https:\/\/blondeau.be\/fr\/produit\/kromschroder-bcu-570\/#primaryimage"},"thumbnailUrl":"https:\/\/blondeau.be\/wp-content\/uploads\/2025\/01\/pmt-hps-re-fcu-500.webp","datePublished":"2025-01-28T12:13:59+00:00","dateModified":"2025-09-04T09:37:38+00:00","breadcrumb":{"@id":"https:\/\/blondeau.be\/fr\/produit\/kromschroder-bcu-570\/#breadcrumb"},"inLanguage":"fr-FR","potentialAction":[{"@type":"ReadAction","target":["https:\/\/blondeau.be\/fr\/produit\/kromschroder-bcu-570\/"]}]},{"@type":"ImageObject","inLanguage":"fr-FR","@id":"https:\/\/blondeau.be\/fr\/produit\/kromschroder-bcu-570\/#primaryimage","url":"https:\/\/blondeau.be\/wp-content\/uploads\/2025\/01\/pmt-hps-re-fcu-500.webp","contentUrl":"https:\/\/blondeau.be\/wp-content\/uploads\/2025\/01\/pmt-hps-re-fcu-500.webp","width":586,"height":576},{"@type":"BreadcrumbList","@id":"https:\/\/blondeau.be\/fr\/produit\/kromschroder-bcu-570\/#breadcrumb","itemListElement":[{"@type":"ListItem","position":1,"name":"Home","item":"https:\/\/blondeau.be\/fr\/accueil\/"},{"@type":"ListItem","position":2,"name":"Catalogue des produits","item":"https:\/\/blondeau.be\/fr\/catalogue-des-produits\/"},{"@type":"ListItem","position":3,"name":"Kromschr\u00f6der BCU 570"}]},{"@type":"WebSite","@id":"https:\/\/blondeau.be\/fr\/#website","url":"https:\/\/blondeau.be\/fr\/","name":"Blondeau","description":"Industrial Heating","publisher":{"@id":"https:\/\/blondeau.be\/fr\/#organization"},"potentialAction":[{"@type":"SearchAction","target":{"@type":"EntryPoint","urlTemplate":"https:\/\/blondeau.be\/fr\/?s={search_term_string}"},"query-input":{"@type":"PropertyValueSpecification","valueRequired":true,"valueName":"search_term_string"}}],"inLanguage":"fr-FR"},{"@type":"Organization","@id":"https:\/\/blondeau.be\/fr\/#organization","name":"Blondeau","url":"https:\/\/blondeau.be\/fr\/","logo":{"@type":"ImageObject","inLanguage":"fr-FR","@id":"https:\/\/blondeau.be\/fr\/#\/schema\/logo\/image\/","url":"https:\/\/blondeau.be\/wp-content\/uploads\/2025\/08\/Logo.jpg","contentUrl":"https:\/\/blondeau.be\/wp-content\/uploads\/2025\/08\/Logo.jpg","width":600,"height":600,"caption":"Blondeau"},"image":{"@id":"https:\/\/blondeau.be\/fr\/#\/schema\/logo\/image\/"}}]}},"_links":{"self":[{"href":"https:\/\/blondeau.be\/fr\/wp-json\/wp\/v2\/product\/28286","targetHints":{"allow":["GET"]}}],"collection":[{"href":"https:\/\/blondeau.be\/fr\/wp-json\/wp\/v2\/product"}],"about":[{"href":"https:\/\/blondeau.be\/fr\/wp-json\/wp\/v2\/types\/product"}],"wp:featuredmedia":[{"embeddable":true,"href":"https:\/\/blondeau.be\/fr\/wp-json\/wp\/v2\/media\/28290"}],"wp:attachment":[{"href":"https:\/\/blondeau.be\/fr\/wp-json\/wp\/v2\/media?parent=28286"}],"wp:term":[{"taxonomy":"product_brand","embeddable":true,"href":"https:\/\/blondeau.be\/fr\/wp-json\/wp\/v2\/product_brand?post=28286"},{"taxonomy":"product_cat","embeddable":true,"href":"https:\/\/blondeau.be\/fr\/wp-json\/wp\/v2\/product_cat?post=28286"},{"taxonomy":"product_tag","embeddable":true,"href":"https:\/\/blondeau.be\/fr\/wp-json\/wp\/v2\/product_tag?post=28286"}],"curies":[{"name":"wp","href":"https:\/\/api.w.org\/{rel}","templated":true}]}}