{"id":28270,"date":"2025-01-28T14:17:19","date_gmt":"2025-01-28T12:17:19","guid":{"rendered":"https:\/\/blondeau.be\/product\/kromschroder-dm-de\/"},"modified":"2025-09-01T18:16:54","modified_gmt":"2025-09-01T16:16:54","slug":"kromschroder-dm-de","status":"publish","type":"product","link":"https:\/\/blondeau.be\/fr\/produit\/kromschroder-dm-de\/","title":{"rendered":"Kromschr\u00f6der DM, DE"},"content":{"rendered":"<p><span class=\"relative -mx-px my-[-0.2rem] rounded px-px py-[0.2rem]\">Les Kromschr\u00f6der <strong>DM<\/strong> et <strong>DE<\/strong> sont des d\u00e9bitm\u00e8tres con\u00e7us pour mesurer le d\u00e9bit de gaz tels que le gaz naturel, le gaz de ville, l&rsquo;air ou les gaz inertes.<\/span><\/p>\n<p><strong>Caract\u00e9ristiques et avantages :<\/strong><\/p>\n<ul>\n<li>DM : indice m\u00e9canique<\/li>\n<li>DE : index \u00e9lectronique<\/li>\n<li>Plage de mesure : 1,6 &#8211; 1 600 m\u00b3\/h<\/li>\n<li>Pression d&rsquo;entr\u00e9e maximale : 4 ou 16 bar<\/li>\n<li>Dimensions : DN 25 &#8211; DN 150<\/li>\n<li>Interface M-bus possible avec DE<\/li>\n<li>Certifi\u00e9 par l&rsquo;UE<\/li>\n<\/ul>\n<p><strong>Documentation :<\/strong><\/p>\n","protected":false},"excerpt":{"rendered":"<p>Les Kromschr\u00f6der DM et DE sont des d\u00e9bitm\u00e8tres con\u00e7us pour mesurer le d\u00e9bit de gaz tels que le gaz naturel, le gaz de ville, l&rsquo;air ou les gaz inertes. Caract\u00e9ristiques et avantages : DM : indice m\u00e9canique DE : index \u00e9lectronique Plage de mesure : 1,6 &#8211; 1 600 m\u00b3\/h Pression d&rsquo;entr\u00e9e maximale : 4 [&hellip;]<\/p>\n","protected":false},"featured_media":28278,"template":"","meta":{"_acf_changed":false},"product_brand":[],"product_cat":[405],"product_tag":[333],"class_list":{"0":"post-28270","1":"product","2":"type-product","3":"status-publish","4":"has-post-thumbnail","6":"product_cat-compteurs-gaz-fr","7":"product_tag-compteurs-gaz","9":"first","10":"instock","11":"taxable","12":"shipping-taxable","13":"product-type-simple"},"acf":[],"yoast_head":"<!-- This site is optimized with the Yoast SEO plugin v26.8 - https:\/\/yoast.com\/product\/yoast-seo-wordpress\/ -->\n<title>Kromschr\u00f6der DM, DE - Blondeau<\/title>\n<meta name=\"robots\" content=\"index, follow, max-snippet:-1, max-image-preview:large, max-video-preview:-1\" \/>\n<link rel=\"canonical\" href=\"https:\/\/blondeau.be\/fr\/produit\/kromschroder-dm-de\/\" \/>\n<meta property=\"og:locale\" content=\"fr_FR\" \/>\n<meta property=\"og:type\" content=\"article\" \/>\n<meta property=\"og:title\" content=\"Kromschr\u00f6der DM, DE - Blondeau\" \/>\n<meta property=\"og:description\" content=\"Les Kromschr\u00f6der DM et DE sont des d\u00e9bitm\u00e8tres con\u00e7us pour mesurer le d\u00e9bit de gaz tels que le gaz naturel, le gaz de ville, l&rsquo;air ou les gaz inertes. Caract\u00e9ristiques et avantages : DM : indice m\u00e9canique DE : index \u00e9lectronique Plage de mesure : 1,6 &#8211; 1 600 m\u00b3\/h Pression d&rsquo;entr\u00e9e maximale : 4 [&hellip;]\" \/>\n<meta property=\"og:url\" content=\"https:\/\/blondeau.be\/fr\/produit\/kromschroder-dm-de\/\" \/>\n<meta property=\"og:site_name\" content=\"Blondeau\" \/>\n<meta property=\"article:modified_time\" content=\"2025-09-01T16:16:54+00:00\" \/>\n<meta property=\"og:image\" content=\"https:\/\/blondeau.be\/wp-content\/uploads\/2025\/01\/DM-1.jpg\" \/>\n\t<meta property=\"og:image:width\" content=\"464\" \/>\n\t<meta property=\"og:image:height\" content=\"407\" \/>\n\t<meta property=\"og:image:type\" content=\"image\/jpeg\" \/>\n<meta name=\"twitter:card\" content=\"summary_large_image\" \/>\n<meta name=\"twitter:label1\" content=\"Dur\u00e9e de lecture estim\u00e9e\" \/>\n\t<meta name=\"twitter:data1\" content=\"1 minute\" \/>\n<script type=\"application\/ld+json\" class=\"yoast-schema-graph\">{\"@context\":\"https:\/\/schema.org\",\"@graph\":[{\"@type\":\"WebPage\",\"@id\":\"https:\/\/blondeau.be\/fr\/produit\/kromschroder-dm-de\/\",\"url\":\"https:\/\/blondeau.be\/fr\/produit\/kromschroder-dm-de\/\",\"name\":\"Kromschr\u00f6der DM, DE - Blondeau\",\"isPartOf\":{\"@id\":\"https:\/\/blondeau.be\/fr\/#website\"},\"primaryImageOfPage\":{\"@id\":\"https:\/\/blondeau.be\/fr\/produit\/kromschroder-dm-de\/#primaryimage\"},\"image\":{\"@id\":\"https:\/\/blondeau.be\/fr\/produit\/kromschroder-dm-de\/#primaryimage\"},\"thumbnailUrl\":\"https:\/\/blondeau.be\/wp-content\/uploads\/2025\/01\/DM-1.jpg\",\"datePublished\":\"2025-01-28T12:17:19+00:00\",\"dateModified\":\"2025-09-01T16:16:54+00:00\",\"breadcrumb\":{\"@id\":\"https:\/\/blondeau.be\/fr\/produit\/kromschroder-dm-de\/#breadcrumb\"},\"inLanguage\":\"fr-FR\",\"potentialAction\":[{\"@type\":\"ReadAction\",\"target\":[\"https:\/\/blondeau.be\/fr\/produit\/kromschroder-dm-de\/\"]}]},{\"@type\":\"ImageObject\",\"inLanguage\":\"fr-FR\",\"@id\":\"https:\/\/blondeau.be\/fr\/produit\/kromschroder-dm-de\/#primaryimage\",\"url\":\"https:\/\/blondeau.be\/wp-content\/uploads\/2025\/01\/DM-1.jpg\",\"contentUrl\":\"https:\/\/blondeau.be\/wp-content\/uploads\/2025\/01\/DM-1.jpg\",\"width\":464,\"height\":407},{\"@type\":\"BreadcrumbList\",\"@id\":\"https:\/\/blondeau.be\/fr\/produit\/kromschroder-dm-de\/#breadcrumb\",\"itemListElement\":[{\"@type\":\"ListItem\",\"position\":1,\"name\":\"Home\",\"item\":\"https:\/\/blondeau.be\/fr\/accueil\/\"},{\"@type\":\"ListItem\",\"position\":2,\"name\":\"Catalogue des produits\",\"item\":\"https:\/\/blondeau.be\/fr\/catalogue-des-produits\/\"},{\"@type\":\"ListItem\",\"position\":3,\"name\":\"Kromschr\u00f6der DM, DE\"}]},{\"@type\":\"WebSite\",\"@id\":\"https:\/\/blondeau.be\/fr\/#website\",\"url\":\"https:\/\/blondeau.be\/fr\/\",\"name\":\"Blondeau\",\"description\":\"Industrial Heating\",\"publisher\":{\"@id\":\"https:\/\/blondeau.be\/fr\/#organization\"},\"potentialAction\":[{\"@type\":\"SearchAction\",\"target\":{\"@type\":\"EntryPoint\",\"urlTemplate\":\"https:\/\/blondeau.be\/fr\/?s={search_term_string}\"},\"query-input\":{\"@type\":\"PropertyValueSpecification\",\"valueRequired\":true,\"valueName\":\"search_term_string\"}}],\"inLanguage\":\"fr-FR\"},{\"@type\":\"Organization\",\"@id\":\"https:\/\/blondeau.be\/fr\/#organization\",\"name\":\"Blondeau\",\"url\":\"https:\/\/blondeau.be\/fr\/\",\"logo\":{\"@type\":\"ImageObject\",\"inLanguage\":\"fr-FR\",\"@id\":\"https:\/\/blondeau.be\/fr\/#\/schema\/logo\/image\/\",\"url\":\"https:\/\/blondeau.be\/wp-content\/uploads\/2025\/08\/Logo.jpg\",\"contentUrl\":\"https:\/\/blondeau.be\/wp-content\/uploads\/2025\/08\/Logo.jpg\",\"width\":600,\"height\":600,\"caption\":\"Blondeau\"},\"image\":{\"@id\":\"https:\/\/blondeau.be\/fr\/#\/schema\/logo\/image\/\"}}]}<\/script>\n<!-- \/ Yoast SEO plugin. -->","yoast_head_json":{"title":"Kromschr\u00f6der DM, DE - Blondeau","robots":{"index":"index","follow":"follow","max-snippet":"max-snippet:-1","max-image-preview":"max-image-preview:large","max-video-preview":"max-video-preview:-1"},"canonical":"https:\/\/blondeau.be\/fr\/produit\/kromschroder-dm-de\/","og_locale":"fr_FR","og_type":"article","og_title":"Kromschr\u00f6der DM, DE - Blondeau","og_description":"Les Kromschr\u00f6der DM et DE sont des d\u00e9bitm\u00e8tres con\u00e7us pour mesurer le d\u00e9bit de gaz tels que le gaz naturel, le gaz de ville, l&rsquo;air ou les gaz inertes. Caract\u00e9ristiques et avantages : DM : indice m\u00e9canique DE : index \u00e9lectronique Plage de mesure : 1,6 &#8211; 1 600 m\u00b3\/h Pression d&rsquo;entr\u00e9e maximale : 4 [&hellip;]","og_url":"https:\/\/blondeau.be\/fr\/produit\/kromschroder-dm-de\/","og_site_name":"Blondeau","article_modified_time":"2025-09-01T16:16:54+00:00","og_image":[{"width":464,"height":407,"url":"https:\/\/blondeau.be\/wp-content\/uploads\/2025\/01\/DM-1.jpg","type":"image\/jpeg"}],"twitter_card":"summary_large_image","twitter_misc":{"Dur\u00e9e de lecture estim\u00e9e":"1 minute"},"schema":{"@context":"https:\/\/schema.org","@graph":[{"@type":"WebPage","@id":"https:\/\/blondeau.be\/fr\/produit\/kromschroder-dm-de\/","url":"https:\/\/blondeau.be\/fr\/produit\/kromschroder-dm-de\/","name":"Kromschr\u00f6der DM, DE - Blondeau","isPartOf":{"@id":"https:\/\/blondeau.be\/fr\/#website"},"primaryImageOfPage":{"@id":"https:\/\/blondeau.be\/fr\/produit\/kromschroder-dm-de\/#primaryimage"},"image":{"@id":"https:\/\/blondeau.be\/fr\/produit\/kromschroder-dm-de\/#primaryimage"},"thumbnailUrl":"https:\/\/blondeau.be\/wp-content\/uploads\/2025\/01\/DM-1.jpg","datePublished":"2025-01-28T12:17:19+00:00","dateModified":"2025-09-01T16:16:54+00:00","breadcrumb":{"@id":"https:\/\/blondeau.be\/fr\/produit\/kromschroder-dm-de\/#breadcrumb"},"inLanguage":"fr-FR","potentialAction":[{"@type":"ReadAction","target":["https:\/\/blondeau.be\/fr\/produit\/kromschroder-dm-de\/"]}]},{"@type":"ImageObject","inLanguage":"fr-FR","@id":"https:\/\/blondeau.be\/fr\/produit\/kromschroder-dm-de\/#primaryimage","url":"https:\/\/blondeau.be\/wp-content\/uploads\/2025\/01\/DM-1.jpg","contentUrl":"https:\/\/blondeau.be\/wp-content\/uploads\/2025\/01\/DM-1.jpg","width":464,"height":407},{"@type":"BreadcrumbList","@id":"https:\/\/blondeau.be\/fr\/produit\/kromschroder-dm-de\/#breadcrumb","itemListElement":[{"@type":"ListItem","position":1,"name":"Home","item":"https:\/\/blondeau.be\/fr\/accueil\/"},{"@type":"ListItem","position":2,"name":"Catalogue des produits","item":"https:\/\/blondeau.be\/fr\/catalogue-des-produits\/"},{"@type":"ListItem","position":3,"name":"Kromschr\u00f6der DM, DE"}]},{"@type":"WebSite","@id":"https:\/\/blondeau.be\/fr\/#website","url":"https:\/\/blondeau.be\/fr\/","name":"Blondeau","description":"Industrial Heating","publisher":{"@id":"https:\/\/blondeau.be\/fr\/#organization"},"potentialAction":[{"@type":"SearchAction","target":{"@type":"EntryPoint","urlTemplate":"https:\/\/blondeau.be\/fr\/?s={search_term_string}"},"query-input":{"@type":"PropertyValueSpecification","valueRequired":true,"valueName":"search_term_string"}}],"inLanguage":"fr-FR"},{"@type":"Organization","@id":"https:\/\/blondeau.be\/fr\/#organization","name":"Blondeau","url":"https:\/\/blondeau.be\/fr\/","logo":{"@type":"ImageObject","inLanguage":"fr-FR","@id":"https:\/\/blondeau.be\/fr\/#\/schema\/logo\/image\/","url":"https:\/\/blondeau.be\/wp-content\/uploads\/2025\/08\/Logo.jpg","contentUrl":"https:\/\/blondeau.be\/wp-content\/uploads\/2025\/08\/Logo.jpg","width":600,"height":600,"caption":"Blondeau"},"image":{"@id":"https:\/\/blondeau.be\/fr\/#\/schema\/logo\/image\/"}}]}},"_links":{"self":[{"href":"https:\/\/blondeau.be\/fr\/wp-json\/wp\/v2\/product\/28270","targetHints":{"allow":["GET"]}}],"collection":[{"href":"https:\/\/blondeau.be\/fr\/wp-json\/wp\/v2\/product"}],"about":[{"href":"https:\/\/blondeau.be\/fr\/wp-json\/wp\/v2\/types\/product"}],"wp:featuredmedia":[{"embeddable":true,"href":"https:\/\/blondeau.be\/fr\/wp-json\/wp\/v2\/media\/28278"}],"wp:attachment":[{"href":"https:\/\/blondeau.be\/fr\/wp-json\/wp\/v2\/media?parent=28270"}],"wp:term":[{"taxonomy":"product_brand","embeddable":true,"href":"https:\/\/blondeau.be\/fr\/wp-json\/wp\/v2\/product_brand?post=28270"},{"taxonomy":"product_cat","embeddable":true,"href":"https:\/\/blondeau.be\/fr\/wp-json\/wp\/v2\/product_cat?post=28270"},{"taxonomy":"product_tag","embeddable":true,"href":"https:\/\/blondeau.be\/fr\/wp-json\/wp\/v2\/product_tag?post=28270"}],"curies":[{"name":"wp","href":"https:\/\/api.w.org\/{rel}","templated":true}]}}