{"id":28268,"date":"2025-01-28T14:12:24","date_gmt":"2025-01-28T12:12:24","guid":{"rendered":"https:\/\/blondeau.be\/product\/kromschroder-dg\/"},"modified":"2025-09-02T12:17:31","modified_gmt":"2025-09-02T10:17:31","slug":"kromschroder-dg","status":"publish","type":"product","link":"https:\/\/blondeau.be\/fr\/produit\/kromschroder-dg\/","title":{"rendered":"Kromschr\u00f6der DG"},"content":{"rendered":"<p>Le <strong>DG<\/strong> de Kromschr\u00f6der est un pressostat utilis\u00e9 pour contr\u00f4ler les flux de gaz et d&rsquo;air dans les syst\u00e8mes de combustion industriels. Il se d\u00e9clenche \u00e0 une valeur de pression pr\u00e9d\u00e9finie et assure un fonctionnement s\u00fbr des br\u00fbleurs \u00e0 gaz et des ventilateurs. La s\u00e9rie DG est adapt\u00e9e \u00e0 diff\u00e9rentes plages de pression et peut mesurer la surpression, la d\u00e9pression et la pression diff\u00e9rentielle.  <\/p>\n<p><strong>Caract\u00e9ristiques et avantages :<\/strong><\/p>\n<ul>\n<li>Plage de contr\u00f4le : 0,4 &#8211; 500 mbar (selon le type)<\/li>\n<li>IP54 ou IP65<\/li>\n<li>Pression d&rsquo;entr\u00e9e maximale : 100, 500 ou 600 mbar<\/li>\n<li>Raccordement : fiche ou presse-\u00e9toupe<\/li>\n<li>Certifi\u00e9 par l&rsquo;UE<\/li>\n<li>Utilisation en zone 1 ou 2 si un amplificateur d&rsquo;isolement est pr\u00e9vu.<\/li>\n<\/ul>\n<p><strong>Documentation :<\/strong><\/p>\n","protected":false},"excerpt":{"rendered":"<p>Le DG de Kromschr\u00f6der est un pressostat utilis\u00e9 pour contr\u00f4ler les flux de gaz et d&rsquo;air dans les syst\u00e8mes de combustion industriels. Il se d\u00e9clenche \u00e0 une valeur de pression pr\u00e9d\u00e9finie et assure un fonctionnement s\u00fbr des br\u00fbleurs \u00e0 gaz et des ventilateurs. La s\u00e9rie DG est adapt\u00e9e \u00e0 diff\u00e9rentes plages de pression et peut [&hellip;]<\/p>\n","protected":false},"featured_media":28271,"template":"","meta":{"_acf_changed":false},"product_brand":[],"product_cat":[351],"product_tag":[352],"class_list":{"0":"post-28268","1":"product","2":"type-product","3":"status-publish","4":"has-post-thumbnail","6":"product_cat-pressostats","7":"product_tag-pressostats","9":"first","10":"instock","11":"taxable","12":"shipping-taxable","13":"product-type-simple"},"acf":[],"yoast_head":"<!-- This site is optimized with the Yoast SEO plugin v26.8 - https:\/\/yoast.com\/product\/yoast-seo-wordpress\/ -->\n<title>Kromschr\u00f6der DG - Blondeau<\/title>\n<meta name=\"robots\" content=\"index, follow, max-snippet:-1, max-image-preview:large, max-video-preview:-1\" \/>\n<link rel=\"canonical\" href=\"https:\/\/blondeau.be\/fr\/produit\/kromschroder-dg\/\" \/>\n<meta property=\"og:locale\" content=\"fr_FR\" \/>\n<meta property=\"og:type\" content=\"article\" \/>\n<meta property=\"og:title\" content=\"Kromschr\u00f6der DG - Blondeau\" \/>\n<meta property=\"og:description\" content=\"Le DG de Kromschr\u00f6der est un pressostat utilis\u00e9 pour contr\u00f4ler les flux de gaz et d&rsquo;air dans les syst\u00e8mes de combustion industriels. Il se d\u00e9clenche \u00e0 une valeur de pression pr\u00e9d\u00e9finie et assure un fonctionnement s\u00fbr des br\u00fbleurs \u00e0 gaz et des ventilateurs. La s\u00e9rie DG est adapt\u00e9e \u00e0 diff\u00e9rentes plages de pression et peut [&hellip;]\" \/>\n<meta property=\"og:url\" content=\"https:\/\/blondeau.be\/fr\/produit\/kromschroder-dg\/\" \/>\n<meta property=\"og:site_name\" content=\"Blondeau\" \/>\n<meta property=\"article:modified_time\" content=\"2025-09-02T10:17:31+00:00\" \/>\n<meta property=\"og:image\" content=\"https:\/\/blondeau.be\/wp-content\/uploads\/2025\/01\/Re_DG_50U_3-1.webp\" \/>\n\t<meta property=\"og:image:width\" content=\"486\" \/>\n\t<meta property=\"og:image:height\" content=\"576\" \/>\n\t<meta property=\"og:image:type\" content=\"image\/webp\" \/>\n<meta name=\"twitter:card\" content=\"summary_large_image\" \/>\n<meta name=\"twitter:label1\" content=\"Dur\u00e9e de lecture estim\u00e9e\" \/>\n\t<meta name=\"twitter:data1\" content=\"1 minute\" \/>\n<script type=\"application\/ld+json\" class=\"yoast-schema-graph\">{\"@context\":\"https:\/\/schema.org\",\"@graph\":[{\"@type\":\"WebPage\",\"@id\":\"https:\/\/blondeau.be\/fr\/produit\/kromschroder-dg\/\",\"url\":\"https:\/\/blondeau.be\/fr\/produit\/kromschroder-dg\/\",\"name\":\"Kromschr\u00f6der DG - Blondeau\",\"isPartOf\":{\"@id\":\"https:\/\/blondeau.be\/fr\/#website\"},\"primaryImageOfPage\":{\"@id\":\"https:\/\/blondeau.be\/fr\/produit\/kromschroder-dg\/#primaryimage\"},\"image\":{\"@id\":\"https:\/\/blondeau.be\/fr\/produit\/kromschroder-dg\/#primaryimage\"},\"thumbnailUrl\":\"https:\/\/blondeau.be\/wp-content\/uploads\/2025\/01\/Re_DG_50U_3-1.webp\",\"datePublished\":\"2025-01-28T12:12:24+00:00\",\"dateModified\":\"2025-09-02T10:17:31+00:00\",\"breadcrumb\":{\"@id\":\"https:\/\/blondeau.be\/fr\/produit\/kromschroder-dg\/#breadcrumb\"},\"inLanguage\":\"fr-FR\",\"potentialAction\":[{\"@type\":\"ReadAction\",\"target\":[\"https:\/\/blondeau.be\/fr\/produit\/kromschroder-dg\/\"]}]},{\"@type\":\"ImageObject\",\"inLanguage\":\"fr-FR\",\"@id\":\"https:\/\/blondeau.be\/fr\/produit\/kromschroder-dg\/#primaryimage\",\"url\":\"https:\/\/blondeau.be\/wp-content\/uploads\/2025\/01\/Re_DG_50U_3-1.webp\",\"contentUrl\":\"https:\/\/blondeau.be\/wp-content\/uploads\/2025\/01\/Re_DG_50U_3-1.webp\",\"width\":486,\"height\":576},{\"@type\":\"BreadcrumbList\",\"@id\":\"https:\/\/blondeau.be\/fr\/produit\/kromschroder-dg\/#breadcrumb\",\"itemListElement\":[{\"@type\":\"ListItem\",\"position\":1,\"name\":\"Home\",\"item\":\"https:\/\/blondeau.be\/fr\/accueil\/\"},{\"@type\":\"ListItem\",\"position\":2,\"name\":\"Catalogue des produits\",\"item\":\"https:\/\/blondeau.be\/fr\/catalogue-des-produits\/\"},{\"@type\":\"ListItem\",\"position\":3,\"name\":\"Kromschr\u00f6der DG\"}]},{\"@type\":\"WebSite\",\"@id\":\"https:\/\/blondeau.be\/fr\/#website\",\"url\":\"https:\/\/blondeau.be\/fr\/\",\"name\":\"Blondeau\",\"description\":\"Industrial Heating\",\"publisher\":{\"@id\":\"https:\/\/blondeau.be\/fr\/#organization\"},\"potentialAction\":[{\"@type\":\"SearchAction\",\"target\":{\"@type\":\"EntryPoint\",\"urlTemplate\":\"https:\/\/blondeau.be\/fr\/?s={search_term_string}\"},\"query-input\":{\"@type\":\"PropertyValueSpecification\",\"valueRequired\":true,\"valueName\":\"search_term_string\"}}],\"inLanguage\":\"fr-FR\"},{\"@type\":\"Organization\",\"@id\":\"https:\/\/blondeau.be\/fr\/#organization\",\"name\":\"Blondeau\",\"url\":\"https:\/\/blondeau.be\/fr\/\",\"logo\":{\"@type\":\"ImageObject\",\"inLanguage\":\"fr-FR\",\"@id\":\"https:\/\/blondeau.be\/fr\/#\/schema\/logo\/image\/\",\"url\":\"https:\/\/blondeau.be\/wp-content\/uploads\/2025\/08\/Logo.jpg\",\"contentUrl\":\"https:\/\/blondeau.be\/wp-content\/uploads\/2025\/08\/Logo.jpg\",\"width\":600,\"height\":600,\"caption\":\"Blondeau\"},\"image\":{\"@id\":\"https:\/\/blondeau.be\/fr\/#\/schema\/logo\/image\/\"}}]}<\/script>\n<!-- \/ Yoast SEO plugin. -->","yoast_head_json":{"title":"Kromschr\u00f6der DG - Blondeau","robots":{"index":"index","follow":"follow","max-snippet":"max-snippet:-1","max-image-preview":"max-image-preview:large","max-video-preview":"max-video-preview:-1"},"canonical":"https:\/\/blondeau.be\/fr\/produit\/kromschroder-dg\/","og_locale":"fr_FR","og_type":"article","og_title":"Kromschr\u00f6der DG - Blondeau","og_description":"Le DG de Kromschr\u00f6der est un pressostat utilis\u00e9 pour contr\u00f4ler les flux de gaz et d&rsquo;air dans les syst\u00e8mes de combustion industriels. Il se d\u00e9clenche \u00e0 une valeur de pression pr\u00e9d\u00e9finie et assure un fonctionnement s\u00fbr des br\u00fbleurs \u00e0 gaz et des ventilateurs. La s\u00e9rie DG est adapt\u00e9e \u00e0 diff\u00e9rentes plages de pression et peut [&hellip;]","og_url":"https:\/\/blondeau.be\/fr\/produit\/kromschroder-dg\/","og_site_name":"Blondeau","article_modified_time":"2025-09-02T10:17:31+00:00","og_image":[{"width":486,"height":576,"url":"https:\/\/blondeau.be\/wp-content\/uploads\/2025\/01\/Re_DG_50U_3-1.webp","type":"image\/webp"}],"twitter_card":"summary_large_image","twitter_misc":{"Dur\u00e9e de lecture estim\u00e9e":"1 minute"},"schema":{"@context":"https:\/\/schema.org","@graph":[{"@type":"WebPage","@id":"https:\/\/blondeau.be\/fr\/produit\/kromschroder-dg\/","url":"https:\/\/blondeau.be\/fr\/produit\/kromschroder-dg\/","name":"Kromschr\u00f6der DG - Blondeau","isPartOf":{"@id":"https:\/\/blondeau.be\/fr\/#website"},"primaryImageOfPage":{"@id":"https:\/\/blondeau.be\/fr\/produit\/kromschroder-dg\/#primaryimage"},"image":{"@id":"https:\/\/blondeau.be\/fr\/produit\/kromschroder-dg\/#primaryimage"},"thumbnailUrl":"https:\/\/blondeau.be\/wp-content\/uploads\/2025\/01\/Re_DG_50U_3-1.webp","datePublished":"2025-01-28T12:12:24+00:00","dateModified":"2025-09-02T10:17:31+00:00","breadcrumb":{"@id":"https:\/\/blondeau.be\/fr\/produit\/kromschroder-dg\/#breadcrumb"},"inLanguage":"fr-FR","potentialAction":[{"@type":"ReadAction","target":["https:\/\/blondeau.be\/fr\/produit\/kromschroder-dg\/"]}]},{"@type":"ImageObject","inLanguage":"fr-FR","@id":"https:\/\/blondeau.be\/fr\/produit\/kromschroder-dg\/#primaryimage","url":"https:\/\/blondeau.be\/wp-content\/uploads\/2025\/01\/Re_DG_50U_3-1.webp","contentUrl":"https:\/\/blondeau.be\/wp-content\/uploads\/2025\/01\/Re_DG_50U_3-1.webp","width":486,"height":576},{"@type":"BreadcrumbList","@id":"https:\/\/blondeau.be\/fr\/produit\/kromschroder-dg\/#breadcrumb","itemListElement":[{"@type":"ListItem","position":1,"name":"Home","item":"https:\/\/blondeau.be\/fr\/accueil\/"},{"@type":"ListItem","position":2,"name":"Catalogue des produits","item":"https:\/\/blondeau.be\/fr\/catalogue-des-produits\/"},{"@type":"ListItem","position":3,"name":"Kromschr\u00f6der DG"}]},{"@type":"WebSite","@id":"https:\/\/blondeau.be\/fr\/#website","url":"https:\/\/blondeau.be\/fr\/","name":"Blondeau","description":"Industrial Heating","publisher":{"@id":"https:\/\/blondeau.be\/fr\/#organization"},"potentialAction":[{"@type":"SearchAction","target":{"@type":"EntryPoint","urlTemplate":"https:\/\/blondeau.be\/fr\/?s={search_term_string}"},"query-input":{"@type":"PropertyValueSpecification","valueRequired":true,"valueName":"search_term_string"}}],"inLanguage":"fr-FR"},{"@type":"Organization","@id":"https:\/\/blondeau.be\/fr\/#organization","name":"Blondeau","url":"https:\/\/blondeau.be\/fr\/","logo":{"@type":"ImageObject","inLanguage":"fr-FR","@id":"https:\/\/blondeau.be\/fr\/#\/schema\/logo\/image\/","url":"https:\/\/blondeau.be\/wp-content\/uploads\/2025\/08\/Logo.jpg","contentUrl":"https:\/\/blondeau.be\/wp-content\/uploads\/2025\/08\/Logo.jpg","width":600,"height":600,"caption":"Blondeau"},"image":{"@id":"https:\/\/blondeau.be\/fr\/#\/schema\/logo\/image\/"}}]}},"_links":{"self":[{"href":"https:\/\/blondeau.be\/fr\/wp-json\/wp\/v2\/product\/28268","targetHints":{"allow":["GET"]}}],"collection":[{"href":"https:\/\/blondeau.be\/fr\/wp-json\/wp\/v2\/product"}],"about":[{"href":"https:\/\/blondeau.be\/fr\/wp-json\/wp\/v2\/types\/product"}],"wp:featuredmedia":[{"embeddable":true,"href":"https:\/\/blondeau.be\/fr\/wp-json\/wp\/v2\/media\/28271"}],"wp:attachment":[{"href":"https:\/\/blondeau.be\/fr\/wp-json\/wp\/v2\/media?parent=28268"}],"wp:term":[{"taxonomy":"product_brand","embeddable":true,"href":"https:\/\/blondeau.be\/fr\/wp-json\/wp\/v2\/product_brand?post=28268"},{"taxonomy":"product_cat","embeddable":true,"href":"https:\/\/blondeau.be\/fr\/wp-json\/wp\/v2\/product_cat?post=28268"},{"taxonomy":"product_tag","embeddable":true,"href":"https:\/\/blondeau.be\/fr\/wp-json\/wp\/v2\/product_tag?post=28268"}],"curies":[{"name":"wp","href":"https:\/\/api.w.org\/{rel}","templated":true}]}}