{"id":28260,"date":"2025-01-28T14:15:29","date_gmt":"2025-01-28T12:15:29","guid":{"rendered":"https:\/\/blondeau.be\/product\/kromschroder-fdu\/"},"modified":"2025-09-04T14:04:20","modified_gmt":"2025-09-04T12:04:20","slug":"kromschroder-fdu","status":"publish","type":"product","link":"https:\/\/blondeau.be\/fr\/produit\/kromschroder-fdu\/","title":{"rendered":"Kromschr\u00f6der FDU"},"content":{"rendered":"<p>Le <strong>FDU <\/strong>de Kromschr\u00f6der est un dispositif de surveillance de flamme avanc\u00e9, con\u00e7u pour les br\u00fbleurs \u00e0 gaz dans un large \u00e9ventail d&rsquo;applications, allant des g\u00e9n\u00e9rateurs d&rsquo;air chaud et chaudi\u00e8res \u00e0 gaz aux fours industriels et syst\u00e8mes de torchage. Il fonctionne avec des capteurs UV ou IR afin d&rsquo;assurer que la flamme reste stable, un crit\u00e8re essentiel pour un fonctionnement s\u00e9curis\u00e9.<br \/>Les nouveaux mod\u00e8les FDU remplacent les anciens relais de flamme Kromschr\u00f6der IFW 15\/50, R4343 et BC1000. Ils permettent une surveillance multi-flammes ou multi-points, notamment en combinaison avec des unit\u00e9s de commande de br\u00fbleur (comme le BCU\u202f560 de Kromschr\u00f6der) ou un automate de s\u00e9curit\u00e9 (PLC) \u00e9quip\u00e9 d\u2019un syst\u00e8me de d\u00e9tection de flamme conforme aux normes en vigueur.  <\/p>\n<p><strong>Caract\u00e9ristiques et avantages :<\/strong><\/p>\n<ul>\n<li data-start=\"644\" data-end=\"688\">Pour les br\u00fbleurs en fonctionnement intermittent (FDU 510) ou continu (FDU 520)<\/li>\n<li data-start=\"644\" data-end=\"688\"><span style=\"font-size: 1rem;\">Surveillance de la flamme par UV ou ionisation<\/span><\/li>\n<li data-start=\"644\" data-end=\"688\">120 V CA ou 230 V CA<\/li>\n<li data-start=\"644\" data-end=\"688\">Int\u00e9gration ais\u00e9e du syst\u00e8me gr\u00e2ce au<span style=\"font-size: 1rem;\"> logiciel de programmation et de diagnostic BCSoft pour PC<\/span><\/li>\n<li data-start=\"644\" data-end=\"688\">Connexion au bus de terrain<span style=\"font-size: 1rem;\"> (<\/span>PROFINET<span style=\"font-size: 1rem;\"> et <\/span>Modbus TCP<span style=\"font-size: 1rem;\">) via un module de bus optionnel<\/span><\/li>\n<li data-start=\"644\" data-end=\"688\">Certification UE<\/li>\n<\/ul>\n<p><strong>Documentation :<\/strong><\/p>\n","protected":false},"excerpt":{"rendered":"<p>Le FDU de Kromschr\u00f6der est un dispositif de surveillance de flamme avanc\u00e9, con\u00e7u pour les br\u00fbleurs \u00e0 gaz dans un large \u00e9ventail d&rsquo;applications, allant des g\u00e9n\u00e9rateurs d&rsquo;air chaud et chaudi\u00e8res \u00e0 gaz aux fours industriels et syst\u00e8mes de torchage. Il fonctionne avec des capteurs UV ou IR afin d&rsquo;assurer que la flamme reste stable, un [&hellip;]<\/p>\n","protected":false},"featured_media":28262,"template":"","meta":{"_acf_changed":false},"product_brand":[],"product_cat":[358],"product_tag":[321],"class_list":{"0":"post-28260","1":"product","2":"type-product","3":"status-publish","4":"has-post-thumbnail","6":"product_cat-detection-de-flamme-fr","7":"product_tag-detection-de-flamme","9":"first","10":"instock","11":"taxable","12":"shipping-taxable","13":"product-type-simple"},"acf":[],"yoast_head":"<!-- This site is optimized with the Yoast SEO plugin v26.8 - https:\/\/yoast.com\/product\/yoast-seo-wordpress\/ -->\n<title>Kromschr\u00f6der FDU - Blondeau<\/title>\n<meta name=\"robots\" content=\"index, follow, max-snippet:-1, max-image-preview:large, max-video-preview:-1\" \/>\n<link rel=\"canonical\" href=\"https:\/\/blondeau.be\/fr\/produit\/kromschroder-fdu\/\" \/>\n<meta property=\"og:locale\" content=\"fr_FR\" \/>\n<meta property=\"og:type\" content=\"article\" \/>\n<meta property=\"og:title\" content=\"Kromschr\u00f6der FDU - Blondeau\" \/>\n<meta property=\"og:description\" content=\"Le FDU de Kromschr\u00f6der est un dispositif de surveillance de flamme avanc\u00e9, con\u00e7u pour les br\u00fbleurs \u00e0 gaz dans un large \u00e9ventail d&rsquo;applications, allant des g\u00e9n\u00e9rateurs d&rsquo;air chaud et chaudi\u00e8res \u00e0 gaz aux fours industriels et syst\u00e8mes de torchage. Il fonctionne avec des capteurs UV ou IR afin d&rsquo;assurer que la flamme reste stable, un [&hellip;]\" \/>\n<meta property=\"og:url\" content=\"https:\/\/blondeau.be\/fr\/produit\/kromschroder-fdu\/\" \/>\n<meta property=\"og:site_name\" content=\"Blondeau\" \/>\n<meta property=\"article:modified_time\" content=\"2025-09-04T12:04:20+00:00\" \/>\n<meta property=\"og:image\" content=\"https:\/\/blondeau.be\/wp-content\/uploads\/2025\/01\/Re_FDU_5xx.webp\" \/>\n\t<meta property=\"og:image:width\" content=\"716\" \/>\n\t<meta property=\"og:image:height\" content=\"576\" \/>\n\t<meta property=\"og:image:type\" content=\"image\/webp\" \/>\n<meta name=\"twitter:card\" content=\"summary_large_image\" \/>\n<meta name=\"twitter:label1\" content=\"Dur\u00e9e de lecture estim\u00e9e\" \/>\n\t<meta name=\"twitter:data1\" content=\"1 minute\" \/>\n<script type=\"application\/ld+json\" class=\"yoast-schema-graph\">{\"@context\":\"https:\/\/schema.org\",\"@graph\":[{\"@type\":\"WebPage\",\"@id\":\"https:\/\/blondeau.be\/fr\/produit\/kromschroder-fdu\/\",\"url\":\"https:\/\/blondeau.be\/fr\/produit\/kromschroder-fdu\/\",\"name\":\"Kromschr\u00f6der FDU - Blondeau\",\"isPartOf\":{\"@id\":\"https:\/\/blondeau.be\/fr\/#website\"},\"primaryImageOfPage\":{\"@id\":\"https:\/\/blondeau.be\/fr\/produit\/kromschroder-fdu\/#primaryimage\"},\"image\":{\"@id\":\"https:\/\/blondeau.be\/fr\/produit\/kromschroder-fdu\/#primaryimage\"},\"thumbnailUrl\":\"https:\/\/blondeau.be\/wp-content\/uploads\/2025\/01\/Re_FDU_5xx.webp\",\"datePublished\":\"2025-01-28T12:15:29+00:00\",\"dateModified\":\"2025-09-04T12:04:20+00:00\",\"breadcrumb\":{\"@id\":\"https:\/\/blondeau.be\/fr\/produit\/kromschroder-fdu\/#breadcrumb\"},\"inLanguage\":\"fr-FR\",\"potentialAction\":[{\"@type\":\"ReadAction\",\"target\":[\"https:\/\/blondeau.be\/fr\/produit\/kromschroder-fdu\/\"]}]},{\"@type\":\"ImageObject\",\"inLanguage\":\"fr-FR\",\"@id\":\"https:\/\/blondeau.be\/fr\/produit\/kromschroder-fdu\/#primaryimage\",\"url\":\"https:\/\/blondeau.be\/wp-content\/uploads\/2025\/01\/Re_FDU_5xx.webp\",\"contentUrl\":\"https:\/\/blondeau.be\/wp-content\/uploads\/2025\/01\/Re_FDU_5xx.webp\",\"width\":716,\"height\":576},{\"@type\":\"BreadcrumbList\",\"@id\":\"https:\/\/blondeau.be\/fr\/produit\/kromschroder-fdu\/#breadcrumb\",\"itemListElement\":[{\"@type\":\"ListItem\",\"position\":1,\"name\":\"Home\",\"item\":\"https:\/\/blondeau.be\/fr\/accueil\/\"},{\"@type\":\"ListItem\",\"position\":2,\"name\":\"Catalogue des produits\",\"item\":\"https:\/\/blondeau.be\/fr\/catalogue-des-produits\/\"},{\"@type\":\"ListItem\",\"position\":3,\"name\":\"Kromschr\u00f6der FDU\"}]},{\"@type\":\"WebSite\",\"@id\":\"https:\/\/blondeau.be\/fr\/#website\",\"url\":\"https:\/\/blondeau.be\/fr\/\",\"name\":\"Blondeau\",\"description\":\"Industrial Heating\",\"publisher\":{\"@id\":\"https:\/\/blondeau.be\/fr\/#organization\"},\"potentialAction\":[{\"@type\":\"SearchAction\",\"target\":{\"@type\":\"EntryPoint\",\"urlTemplate\":\"https:\/\/blondeau.be\/fr\/?s={search_term_string}\"},\"query-input\":{\"@type\":\"PropertyValueSpecification\",\"valueRequired\":true,\"valueName\":\"search_term_string\"}}],\"inLanguage\":\"fr-FR\"},{\"@type\":\"Organization\",\"@id\":\"https:\/\/blondeau.be\/fr\/#organization\",\"name\":\"Blondeau\",\"url\":\"https:\/\/blondeau.be\/fr\/\",\"logo\":{\"@type\":\"ImageObject\",\"inLanguage\":\"fr-FR\",\"@id\":\"https:\/\/blondeau.be\/fr\/#\/schema\/logo\/image\/\",\"url\":\"https:\/\/blondeau.be\/wp-content\/uploads\/2025\/08\/Logo.jpg\",\"contentUrl\":\"https:\/\/blondeau.be\/wp-content\/uploads\/2025\/08\/Logo.jpg\",\"width\":600,\"height\":600,\"caption\":\"Blondeau\"},\"image\":{\"@id\":\"https:\/\/blondeau.be\/fr\/#\/schema\/logo\/image\/\"}}]}<\/script>\n<!-- \/ Yoast SEO plugin. -->","yoast_head_json":{"title":"Kromschr\u00f6der FDU - Blondeau","robots":{"index":"index","follow":"follow","max-snippet":"max-snippet:-1","max-image-preview":"max-image-preview:large","max-video-preview":"max-video-preview:-1"},"canonical":"https:\/\/blondeau.be\/fr\/produit\/kromschroder-fdu\/","og_locale":"fr_FR","og_type":"article","og_title":"Kromschr\u00f6der FDU - Blondeau","og_description":"Le FDU de Kromschr\u00f6der est un dispositif de surveillance de flamme avanc\u00e9, con\u00e7u pour les br\u00fbleurs \u00e0 gaz dans un large \u00e9ventail d&rsquo;applications, allant des g\u00e9n\u00e9rateurs d&rsquo;air chaud et chaudi\u00e8res \u00e0 gaz aux fours industriels et syst\u00e8mes de torchage. Il fonctionne avec des capteurs UV ou IR afin d&rsquo;assurer que la flamme reste stable, un [&hellip;]","og_url":"https:\/\/blondeau.be\/fr\/produit\/kromschroder-fdu\/","og_site_name":"Blondeau","article_modified_time":"2025-09-04T12:04:20+00:00","og_image":[{"width":716,"height":576,"url":"https:\/\/blondeau.be\/wp-content\/uploads\/2025\/01\/Re_FDU_5xx.webp","type":"image\/webp"}],"twitter_card":"summary_large_image","twitter_misc":{"Dur\u00e9e de lecture estim\u00e9e":"1 minute"},"schema":{"@context":"https:\/\/schema.org","@graph":[{"@type":"WebPage","@id":"https:\/\/blondeau.be\/fr\/produit\/kromschroder-fdu\/","url":"https:\/\/blondeau.be\/fr\/produit\/kromschroder-fdu\/","name":"Kromschr\u00f6der FDU - Blondeau","isPartOf":{"@id":"https:\/\/blondeau.be\/fr\/#website"},"primaryImageOfPage":{"@id":"https:\/\/blondeau.be\/fr\/produit\/kromschroder-fdu\/#primaryimage"},"image":{"@id":"https:\/\/blondeau.be\/fr\/produit\/kromschroder-fdu\/#primaryimage"},"thumbnailUrl":"https:\/\/blondeau.be\/wp-content\/uploads\/2025\/01\/Re_FDU_5xx.webp","datePublished":"2025-01-28T12:15:29+00:00","dateModified":"2025-09-04T12:04:20+00:00","breadcrumb":{"@id":"https:\/\/blondeau.be\/fr\/produit\/kromschroder-fdu\/#breadcrumb"},"inLanguage":"fr-FR","potentialAction":[{"@type":"ReadAction","target":["https:\/\/blondeau.be\/fr\/produit\/kromschroder-fdu\/"]}]},{"@type":"ImageObject","inLanguage":"fr-FR","@id":"https:\/\/blondeau.be\/fr\/produit\/kromschroder-fdu\/#primaryimage","url":"https:\/\/blondeau.be\/wp-content\/uploads\/2025\/01\/Re_FDU_5xx.webp","contentUrl":"https:\/\/blondeau.be\/wp-content\/uploads\/2025\/01\/Re_FDU_5xx.webp","width":716,"height":576},{"@type":"BreadcrumbList","@id":"https:\/\/blondeau.be\/fr\/produit\/kromschroder-fdu\/#breadcrumb","itemListElement":[{"@type":"ListItem","position":1,"name":"Home","item":"https:\/\/blondeau.be\/fr\/accueil\/"},{"@type":"ListItem","position":2,"name":"Catalogue des produits","item":"https:\/\/blondeau.be\/fr\/catalogue-des-produits\/"},{"@type":"ListItem","position":3,"name":"Kromschr\u00f6der FDU"}]},{"@type":"WebSite","@id":"https:\/\/blondeau.be\/fr\/#website","url":"https:\/\/blondeau.be\/fr\/","name":"Blondeau","description":"Industrial Heating","publisher":{"@id":"https:\/\/blondeau.be\/fr\/#organization"},"potentialAction":[{"@type":"SearchAction","target":{"@type":"EntryPoint","urlTemplate":"https:\/\/blondeau.be\/fr\/?s={search_term_string}"},"query-input":{"@type":"PropertyValueSpecification","valueRequired":true,"valueName":"search_term_string"}}],"inLanguage":"fr-FR"},{"@type":"Organization","@id":"https:\/\/blondeau.be\/fr\/#organization","name":"Blondeau","url":"https:\/\/blondeau.be\/fr\/","logo":{"@type":"ImageObject","inLanguage":"fr-FR","@id":"https:\/\/blondeau.be\/fr\/#\/schema\/logo\/image\/","url":"https:\/\/blondeau.be\/wp-content\/uploads\/2025\/08\/Logo.jpg","contentUrl":"https:\/\/blondeau.be\/wp-content\/uploads\/2025\/08\/Logo.jpg","width":600,"height":600,"caption":"Blondeau"},"image":{"@id":"https:\/\/blondeau.be\/fr\/#\/schema\/logo\/image\/"}}]}},"_links":{"self":[{"href":"https:\/\/blondeau.be\/fr\/wp-json\/wp\/v2\/product\/28260","targetHints":{"allow":["GET"]}}],"collection":[{"href":"https:\/\/blondeau.be\/fr\/wp-json\/wp\/v2\/product"}],"about":[{"href":"https:\/\/blondeau.be\/fr\/wp-json\/wp\/v2\/types\/product"}],"wp:featuredmedia":[{"embeddable":true,"href":"https:\/\/blondeau.be\/fr\/wp-json\/wp\/v2\/media\/28262"}],"wp:attachment":[{"href":"https:\/\/blondeau.be\/fr\/wp-json\/wp\/v2\/media?parent=28260"}],"wp:term":[{"taxonomy":"product_brand","embeddable":true,"href":"https:\/\/blondeau.be\/fr\/wp-json\/wp\/v2\/product_brand?post=28260"},{"taxonomy":"product_cat","embeddable":true,"href":"https:\/\/blondeau.be\/fr\/wp-json\/wp\/v2\/product_cat?post=28260"},{"taxonomy":"product_tag","embeddable":true,"href":"https:\/\/blondeau.be\/fr\/wp-json\/wp\/v2\/product_tag?post=28260"}],"curies":[{"name":"wp","href":"https:\/\/api.w.org\/{rel}","templated":true}]}}