{"id":28257,"date":"2025-02-14T20:35:27","date_gmt":"2025-02-14T18:35:27","guid":{"rendered":"https:\/\/blondeau.be\/product\/maxon-megafire\/"},"modified":"2025-09-05T11:41:38","modified_gmt":"2025-09-05T09:41:38","slug":"maxon-megafire","status":"publish","type":"product","link":"https:\/\/blondeau.be\/fr\/produit\/maxon-megafire\/","title":{"rendered":"Maxon Megafire"},"content":{"rendered":"<p data-start=\"0\" data-end=\"445\">Le <strong>MEGAFIRE\u00ae<\/strong> est un br\u00fbleur bicombustible \u00e0 m\u00e9lange au nez, con\u00e7u pour br\u00fbler du gaz naturel, du propane, du butane, du biogaz et du fioul l\u00e9ger. La conception optimis\u00e9e de ses gicleurs gaz et fioul permet la combustion de ces combustibles aussi bien s\u00e9par\u00e9ment que simultan\u00e9ment. Gr\u00e2ce \u00e0 sa capacit\u00e9 bicombustible, ce br\u00fbleur basse temp\u00e9rature constitue une solution fiable pour la production de chaleur dans les fours, les s\u00e9choirs et de nombreuses autres applications thermiques industrielles.  <\/p>\n<p data-start=\"0\" data-end=\"445\"><strong>Caract\u00e9ristiques et avantages :<\/strong><\/p>\n<ul data-start=\"471\" data-end=\"1427\">\n<li data-start=\"471\" data-end=\"538\">Combustion propre du gaz naturel, du propane, du butane, du GPL, des huiles l\u00e9g\u00e8res et du biogaz<\/li>\n<li data-start=\"539\" data-end=\"592\">Installation facile gr\u00e2ce \u00e0 la conception compacte<\/li>\n<li data-start=\"593\" data-end=\"651\">Fonctionnement silencieux et consommation d&rsquo;\u00e9nergie exceptionnellement faible<\/li>\n<li>R\u00e9duction de la consommation de carburant gr\u00e2ce \u00e0 l&rsquo;utilisation d&rsquo;air de combustion pr\u00e9chauff\u00e9 jusqu&rsquo;\u00e0 200 \u00b0C<\/li>\n<li>Configuration optionnelle de blocs r\u00e9fractaires pour des temp\u00e9ratures de sortie \u00e9lev\u00e9es jusqu&rsquo;\u00e0 850 \u00b0C<\/li>\n<li data-start=\"780\" data-end=\"983\">Puissance calorifique \u00e9lev\u00e9e jusqu&rsquo;\u00e0 13.200 kW<\/li>\n<li data-start=\"780\" data-end=\"983\">Large plage de modulation : 10:1 pour l&rsquo;huile l\u00e9g\u00e8re, 15:1 pour le gaz naturel<\/li>\n<\/ul>\n<p data-start=\"627\" data-end=\"913\" data-is-last-node=\"\"><strong>Documentation :<\/strong><\/p>\n","protected":false},"excerpt":{"rendered":"<p>Le MEGAFIRE\u00ae est un br\u00fbleur bicombustible \u00e0 m\u00e9lange au nez, con\u00e7u pour br\u00fbler du gaz naturel, du propane, du butane, du biogaz et du fioul l\u00e9ger. La conception optimis\u00e9e de ses gicleurs gaz et fioul permet la combustion de ces combustibles aussi bien s\u00e9par\u00e9ment que simultan\u00e9ment. Gr\u00e2ce \u00e0 sa capacit\u00e9 bicombustible, ce br\u00fbleur basse temp\u00e9rature [&hellip;]<\/p>\n","protected":false},"featured_media":28258,"template":"","meta":{"_acf_changed":false},"product_brand":[],"product_cat":[374],"product_tag":[366],"class_list":{"0":"post-28257","1":"product","2":"type-product","3":"status-publish","4":"has-post-thumbnail","6":"product_cat-bruleurs-fr","7":"product_tag-bruleurs-melange","9":"first","10":"instock","11":"taxable","12":"shipping-taxable","13":"product-type-simple"},"acf":[],"yoast_head":"<!-- This site is optimized with the Yoast SEO plugin v26.8 - https:\/\/yoast.com\/product\/yoast-seo-wordpress\/ -->\n<title>Maxon Megafire - Blondeau<\/title>\n<meta name=\"robots\" content=\"index, follow, max-snippet:-1, max-image-preview:large, max-video-preview:-1\" \/>\n<link rel=\"canonical\" href=\"https:\/\/blondeau.be\/fr\/produit\/maxon-megafire\/\" \/>\n<meta property=\"og:locale\" content=\"fr_FR\" \/>\n<meta property=\"og:type\" content=\"article\" \/>\n<meta property=\"og:title\" content=\"Maxon Megafire - Blondeau\" \/>\n<meta property=\"og:description\" content=\"Le MEGAFIRE\u00ae est un br\u00fbleur bicombustible \u00e0 m\u00e9lange au nez, con\u00e7u pour br\u00fbler du gaz naturel, du propane, du butane, du biogaz et du fioul l\u00e9ger. La conception optimis\u00e9e de ses gicleurs gaz et fioul permet la combustion de ces combustibles aussi bien s\u00e9par\u00e9ment que simultan\u00e9ment. Gr\u00e2ce \u00e0 sa capacit\u00e9 bicombustible, ce br\u00fbleur basse temp\u00e9rature [&hellip;]\" \/>\n<meta property=\"og:url\" content=\"https:\/\/blondeau.be\/fr\/produit\/maxon-megafire\/\" \/>\n<meta property=\"og:site_name\" content=\"Blondeau\" \/>\n<meta property=\"article:modified_time\" content=\"2025-09-05T09:41:38+00:00\" \/>\n<meta property=\"og:image\" content=\"https:\/\/blondeau.be\/wp-content\/uploads\/2025\/02\/Megafire-1.jpg\" \/>\n\t<meta property=\"og:image:width\" content=\"723\" \/>\n\t<meta property=\"og:image:height\" content=\"471\" \/>\n\t<meta property=\"og:image:type\" content=\"image\/jpeg\" \/>\n<meta name=\"twitter:card\" content=\"summary_large_image\" \/>\n<meta name=\"twitter:label1\" content=\"Dur\u00e9e de lecture estim\u00e9e\" \/>\n\t<meta name=\"twitter:data1\" content=\"1 minute\" \/>\n<script type=\"application\/ld+json\" class=\"yoast-schema-graph\">{\"@context\":\"https:\/\/schema.org\",\"@graph\":[{\"@type\":\"WebPage\",\"@id\":\"https:\/\/blondeau.be\/fr\/produit\/maxon-megafire\/\",\"url\":\"https:\/\/blondeau.be\/fr\/produit\/maxon-megafire\/\",\"name\":\"Maxon Megafire - Blondeau\",\"isPartOf\":{\"@id\":\"https:\/\/blondeau.be\/fr\/#website\"},\"primaryImageOfPage\":{\"@id\":\"https:\/\/blondeau.be\/fr\/produit\/maxon-megafire\/#primaryimage\"},\"image\":{\"@id\":\"https:\/\/blondeau.be\/fr\/produit\/maxon-megafire\/#primaryimage\"},\"thumbnailUrl\":\"https:\/\/blondeau.be\/wp-content\/uploads\/2025\/02\/Megafire-1.jpg\",\"datePublished\":\"2025-02-14T18:35:27+00:00\",\"dateModified\":\"2025-09-05T09:41:38+00:00\",\"breadcrumb\":{\"@id\":\"https:\/\/blondeau.be\/fr\/produit\/maxon-megafire\/#breadcrumb\"},\"inLanguage\":\"fr-FR\",\"potentialAction\":[{\"@type\":\"ReadAction\",\"target\":[\"https:\/\/blondeau.be\/fr\/produit\/maxon-megafire\/\"]}]},{\"@type\":\"ImageObject\",\"inLanguage\":\"fr-FR\",\"@id\":\"https:\/\/blondeau.be\/fr\/produit\/maxon-megafire\/#primaryimage\",\"url\":\"https:\/\/blondeau.be\/wp-content\/uploads\/2025\/02\/Megafire-1.jpg\",\"contentUrl\":\"https:\/\/blondeau.be\/wp-content\/uploads\/2025\/02\/Megafire-1.jpg\",\"width\":723,\"height\":471},{\"@type\":\"BreadcrumbList\",\"@id\":\"https:\/\/blondeau.be\/fr\/produit\/maxon-megafire\/#breadcrumb\",\"itemListElement\":[{\"@type\":\"ListItem\",\"position\":1,\"name\":\"Home\",\"item\":\"https:\/\/blondeau.be\/fr\/accueil\/\"},{\"@type\":\"ListItem\",\"position\":2,\"name\":\"Catalogue des produits\",\"item\":\"https:\/\/blondeau.be\/fr\/catalogue-des-produits\/\"},{\"@type\":\"ListItem\",\"position\":3,\"name\":\"Maxon Megafire\"}]},{\"@type\":\"WebSite\",\"@id\":\"https:\/\/blondeau.be\/fr\/#website\",\"url\":\"https:\/\/blondeau.be\/fr\/\",\"name\":\"Blondeau\",\"description\":\"Industrial Heating\",\"publisher\":{\"@id\":\"https:\/\/blondeau.be\/fr\/#organization\"},\"potentialAction\":[{\"@type\":\"SearchAction\",\"target\":{\"@type\":\"EntryPoint\",\"urlTemplate\":\"https:\/\/blondeau.be\/fr\/?s={search_term_string}\"},\"query-input\":{\"@type\":\"PropertyValueSpecification\",\"valueRequired\":true,\"valueName\":\"search_term_string\"}}],\"inLanguage\":\"fr-FR\"},{\"@type\":\"Organization\",\"@id\":\"https:\/\/blondeau.be\/fr\/#organization\",\"name\":\"Blondeau\",\"url\":\"https:\/\/blondeau.be\/fr\/\",\"logo\":{\"@type\":\"ImageObject\",\"inLanguage\":\"fr-FR\",\"@id\":\"https:\/\/blondeau.be\/fr\/#\/schema\/logo\/image\/\",\"url\":\"https:\/\/blondeau.be\/wp-content\/uploads\/2025\/08\/Logo.jpg\",\"contentUrl\":\"https:\/\/blondeau.be\/wp-content\/uploads\/2025\/08\/Logo.jpg\",\"width\":600,\"height\":600,\"caption\":\"Blondeau\"},\"image\":{\"@id\":\"https:\/\/blondeau.be\/fr\/#\/schema\/logo\/image\/\"}}]}<\/script>\n<!-- \/ Yoast SEO plugin. -->","yoast_head_json":{"title":"Maxon Megafire - Blondeau","robots":{"index":"index","follow":"follow","max-snippet":"max-snippet:-1","max-image-preview":"max-image-preview:large","max-video-preview":"max-video-preview:-1"},"canonical":"https:\/\/blondeau.be\/fr\/produit\/maxon-megafire\/","og_locale":"fr_FR","og_type":"article","og_title":"Maxon Megafire - Blondeau","og_description":"Le MEGAFIRE\u00ae est un br\u00fbleur bicombustible \u00e0 m\u00e9lange au nez, con\u00e7u pour br\u00fbler du gaz naturel, du propane, du butane, du biogaz et du fioul l\u00e9ger. La conception optimis\u00e9e de ses gicleurs gaz et fioul permet la combustion de ces combustibles aussi bien s\u00e9par\u00e9ment que simultan\u00e9ment. Gr\u00e2ce \u00e0 sa capacit\u00e9 bicombustible, ce br\u00fbleur basse temp\u00e9rature [&hellip;]","og_url":"https:\/\/blondeau.be\/fr\/produit\/maxon-megafire\/","og_site_name":"Blondeau","article_modified_time":"2025-09-05T09:41:38+00:00","og_image":[{"width":723,"height":471,"url":"https:\/\/blondeau.be\/wp-content\/uploads\/2025\/02\/Megafire-1.jpg","type":"image\/jpeg"}],"twitter_card":"summary_large_image","twitter_misc":{"Dur\u00e9e de lecture estim\u00e9e":"1 minute"},"schema":{"@context":"https:\/\/schema.org","@graph":[{"@type":"WebPage","@id":"https:\/\/blondeau.be\/fr\/produit\/maxon-megafire\/","url":"https:\/\/blondeau.be\/fr\/produit\/maxon-megafire\/","name":"Maxon Megafire - Blondeau","isPartOf":{"@id":"https:\/\/blondeau.be\/fr\/#website"},"primaryImageOfPage":{"@id":"https:\/\/blondeau.be\/fr\/produit\/maxon-megafire\/#primaryimage"},"image":{"@id":"https:\/\/blondeau.be\/fr\/produit\/maxon-megafire\/#primaryimage"},"thumbnailUrl":"https:\/\/blondeau.be\/wp-content\/uploads\/2025\/02\/Megafire-1.jpg","datePublished":"2025-02-14T18:35:27+00:00","dateModified":"2025-09-05T09:41:38+00:00","breadcrumb":{"@id":"https:\/\/blondeau.be\/fr\/produit\/maxon-megafire\/#breadcrumb"},"inLanguage":"fr-FR","potentialAction":[{"@type":"ReadAction","target":["https:\/\/blondeau.be\/fr\/produit\/maxon-megafire\/"]}]},{"@type":"ImageObject","inLanguage":"fr-FR","@id":"https:\/\/blondeau.be\/fr\/produit\/maxon-megafire\/#primaryimage","url":"https:\/\/blondeau.be\/wp-content\/uploads\/2025\/02\/Megafire-1.jpg","contentUrl":"https:\/\/blondeau.be\/wp-content\/uploads\/2025\/02\/Megafire-1.jpg","width":723,"height":471},{"@type":"BreadcrumbList","@id":"https:\/\/blondeau.be\/fr\/produit\/maxon-megafire\/#breadcrumb","itemListElement":[{"@type":"ListItem","position":1,"name":"Home","item":"https:\/\/blondeau.be\/fr\/accueil\/"},{"@type":"ListItem","position":2,"name":"Catalogue des produits","item":"https:\/\/blondeau.be\/fr\/catalogue-des-produits\/"},{"@type":"ListItem","position":3,"name":"Maxon Megafire"}]},{"@type":"WebSite","@id":"https:\/\/blondeau.be\/fr\/#website","url":"https:\/\/blondeau.be\/fr\/","name":"Blondeau","description":"Industrial Heating","publisher":{"@id":"https:\/\/blondeau.be\/fr\/#organization"},"potentialAction":[{"@type":"SearchAction","target":{"@type":"EntryPoint","urlTemplate":"https:\/\/blondeau.be\/fr\/?s={search_term_string}"},"query-input":{"@type":"PropertyValueSpecification","valueRequired":true,"valueName":"search_term_string"}}],"inLanguage":"fr-FR"},{"@type":"Organization","@id":"https:\/\/blondeau.be\/fr\/#organization","name":"Blondeau","url":"https:\/\/blondeau.be\/fr\/","logo":{"@type":"ImageObject","inLanguage":"fr-FR","@id":"https:\/\/blondeau.be\/fr\/#\/schema\/logo\/image\/","url":"https:\/\/blondeau.be\/wp-content\/uploads\/2025\/08\/Logo.jpg","contentUrl":"https:\/\/blondeau.be\/wp-content\/uploads\/2025\/08\/Logo.jpg","width":600,"height":600,"caption":"Blondeau"},"image":{"@id":"https:\/\/blondeau.be\/fr\/#\/schema\/logo\/image\/"}}]}},"_links":{"self":[{"href":"https:\/\/blondeau.be\/fr\/wp-json\/wp\/v2\/product\/28257","targetHints":{"allow":["GET"]}}],"collection":[{"href":"https:\/\/blondeau.be\/fr\/wp-json\/wp\/v2\/product"}],"about":[{"href":"https:\/\/blondeau.be\/fr\/wp-json\/wp\/v2\/types\/product"}],"wp:featuredmedia":[{"embeddable":true,"href":"https:\/\/blondeau.be\/fr\/wp-json\/wp\/v2\/media\/28258"}],"wp:attachment":[{"href":"https:\/\/blondeau.be\/fr\/wp-json\/wp\/v2\/media?parent=28257"}],"wp:term":[{"taxonomy":"product_brand","embeddable":true,"href":"https:\/\/blondeau.be\/fr\/wp-json\/wp\/v2\/product_brand?post=28257"},{"taxonomy":"product_cat","embeddable":true,"href":"https:\/\/blondeau.be\/fr\/wp-json\/wp\/v2\/product_cat?post=28257"},{"taxonomy":"product_tag","embeddable":true,"href":"https:\/\/blondeau.be\/fr\/wp-json\/wp\/v2\/product_tag?post=28257"}],"curies":[{"name":"wp","href":"https:\/\/api.w.org\/{rel}","templated":true}]}}