{"id":28236,"date":"2025-02-14T21:22:59","date_gmt":"2025-02-14T19:22:59","guid":{"rendered":"https:\/\/blondeau.be\/product\/maxon-radmax\/"},"modified":"2025-06-27T10:39:49","modified_gmt":"2025-06-27T08:39:49","slug":"maxon-radmax","status":"publish","type":"product","link":"https:\/\/blondeau.be\/fr\/produit\/maxon-radmax\/","title":{"rendered":"Maxon RadMax"},"content":{"rendered":"<p data-start=\"0\" data-end=\"479\">Les br\u00fbleurs <strong>RadMax\u00ae<\/strong> Radiant Low NOx sont con\u00e7us pour fournir une chaleur rayonnante uniforme et \u00e0 haute intensit\u00e9, id\u00e9ale pour des applications telles que l\u2019\u00e9limination de l\u2019humidit\u00e9 dans les fours textiles et \u00e0 papier, les s\u00e9choirs \u00e0 peinture, les installations de rev\u00eatement en poudre, ainsi que divers autres proc\u00e9d\u00e9s thermiques industriels. Gr\u00e2ce \u00e0 des tuiles innovantes en c\u00e9ramique ou en mousse m\u00e9tallique, le br\u00fbleur RadMax\u00ae g\u00e9n\u00e8re des \u00e9missions de NOx et de CO faibles \u00e0 ultra-faibles, ce qui le rend parfaitement adapt\u00e9 \u00e0 un large \u00e9ventail d&rsquo;applications industrielles. <\/p>\n<p data-start=\"0\" data-end=\"479\"><strong>Caract\u00e9ristiques et avantages :<\/strong><\/p>\n<ul data-start=\"505\" data-end=\"1823\">\n<li data-start=\"505\" data-end=\"583\">Bo\u00eetier en fonte industrielle durable avec supports de tuiles en acier inoxydable<\/li>\n<li data-start=\"584\" data-end=\"672\">Allumage direct et d\u00e9tection de flamme int\u00e9gr\u00e9s<\/li>\n<li data-start=\"673\" data-end=\"779\">Les tuiles sont faciles et rapides \u00e0 remplacer<\/li>\n<li data-start=\"780\" data-end=\"892\">Temp\u00e9ratures de rayonnement du br\u00fbleur de 565\u00b0C \u00e0 890\u00b0C<\/li>\n<li data-start=\"893\" data-end=\"995\">Temps de chauffe et de refroidissement r\u00e9duits \u00e9liminent la n\u00e9cessit\u00e9 de d\u00e9placer les t\u00eates de br\u00fbleur \u00e0 l\u2019\u00e9cart du produit.<\/li>\n<li data-start=\"996\" data-end=\"1112\">Conception \u00e0 profil bas convenant aux applications horizontales et verticales avec un espace d&rsquo;installation limit\u00e9<\/li>\n<li data-start=\"1290\" data-end=\"1405\">Mod\u00e8le modulaire pour une modulation flexible<\/li>\n<li data-start=\"1502\" data-end=\"1823\">Adapt\u00e9 aux environnements ferm\u00e9s jusqu\u2019\u00e0 260\u202f\u00b0C, avec des b\u00e9n\u00e9fices tels qu\u2019un rendement accru, une qualit\u00e9 de production am\u00e9lior\u00e9e et une maintenance optimis\u00e9e<\/li>\n<\/ul>\n<p data-start=\"627\" data-end=\"913\" data-is-last-node=\"\"><strong>Documentation :<\/strong><\/p>\n","protected":false},"excerpt":{"rendered":"<p>Les br\u00fbleurs RadMax\u00ae Radiant Low NOx sont con\u00e7us pour fournir une chaleur rayonnante uniforme et \u00e0 haute intensit\u00e9, id\u00e9ale pour des applications telles que l\u2019\u00e9limination de l\u2019humidit\u00e9 dans les fours textiles et \u00e0 papier, les s\u00e9choirs \u00e0 peinture, les installations de rev\u00eatement en poudre, ainsi que divers autres proc\u00e9d\u00e9s thermiques industriels. Gr\u00e2ce \u00e0 des tuiles [&hellip;]<\/p>\n","protected":false},"featured_media":28238,"template":"","meta":{"_acf_changed":false},"product_brand":[],"product_cat":[374],"product_tag":[376],"class_list":{"0":"post-28236","1":"product","2":"type-product","3":"status-publish","4":"has-post-thumbnail","6":"product_cat-bruleurs-fr","7":"product_tag-bruleurs-de-canal","9":"first","10":"instock","11":"taxable","12":"shipping-taxable","13":"product-type-simple"},"acf":[],"yoast_head":"<!-- This site is optimized with the Yoast SEO plugin v26.8 - https:\/\/yoast.com\/product\/yoast-seo-wordpress\/ -->\n<title>Maxon RadMax - Blondeau<\/title>\n<meta name=\"robots\" content=\"index, follow, max-snippet:-1, max-image-preview:large, max-video-preview:-1\" \/>\n<link rel=\"canonical\" href=\"https:\/\/blondeau.be\/fr\/produit\/maxon-radmax\/\" \/>\n<meta property=\"og:locale\" content=\"fr_FR\" \/>\n<meta property=\"og:type\" content=\"article\" \/>\n<meta property=\"og:title\" content=\"Maxon RadMax - Blondeau\" \/>\n<meta property=\"og:description\" content=\"Les br\u00fbleurs RadMax\u00ae Radiant Low NOx sont con\u00e7us pour fournir une chaleur rayonnante uniforme et \u00e0 haute intensit\u00e9, id\u00e9ale pour des applications telles que l\u2019\u00e9limination de l\u2019humidit\u00e9 dans les fours textiles et \u00e0 papier, les s\u00e9choirs \u00e0 peinture, les installations de rev\u00eatement en poudre, ainsi que divers autres proc\u00e9d\u00e9s thermiques industriels. Gr\u00e2ce \u00e0 des tuiles [&hellip;]\" \/>\n<meta property=\"og:url\" content=\"https:\/\/blondeau.be\/fr\/produit\/maxon-radmax\/\" \/>\n<meta property=\"og:site_name\" content=\"Blondeau\" \/>\n<meta property=\"article:modified_time\" content=\"2025-06-27T08:39:49+00:00\" \/>\n<meta property=\"og:image\" content=\"https:\/\/blondeau.be\/wp-content\/uploads\/2025\/02\/Radmax-3.jpg\" \/>\n\t<meta property=\"og:image:width\" content=\"621\" \/>\n\t<meta property=\"og:image:height\" content=\"398\" \/>\n\t<meta property=\"og:image:type\" content=\"image\/jpeg\" \/>\n<meta name=\"twitter:card\" content=\"summary_large_image\" \/>\n<meta name=\"twitter:label1\" content=\"Dur\u00e9e de lecture estim\u00e9e\" \/>\n\t<meta name=\"twitter:data1\" content=\"1 minute\" \/>\n<script type=\"application\/ld+json\" class=\"yoast-schema-graph\">{\"@context\":\"https:\/\/schema.org\",\"@graph\":[{\"@type\":\"WebPage\",\"@id\":\"https:\/\/blondeau.be\/fr\/produit\/maxon-radmax\/\",\"url\":\"https:\/\/blondeau.be\/fr\/produit\/maxon-radmax\/\",\"name\":\"Maxon RadMax - Blondeau\",\"isPartOf\":{\"@id\":\"https:\/\/blondeau.be\/fr\/#website\"},\"primaryImageOfPage\":{\"@id\":\"https:\/\/blondeau.be\/fr\/produit\/maxon-radmax\/#primaryimage\"},\"image\":{\"@id\":\"https:\/\/blondeau.be\/fr\/produit\/maxon-radmax\/#primaryimage\"},\"thumbnailUrl\":\"https:\/\/blondeau.be\/wp-content\/uploads\/2025\/02\/Radmax-3.jpg\",\"datePublished\":\"2025-02-14T19:22:59+00:00\",\"dateModified\":\"2025-06-27T08:39:49+00:00\",\"breadcrumb\":{\"@id\":\"https:\/\/blondeau.be\/fr\/produit\/maxon-radmax\/#breadcrumb\"},\"inLanguage\":\"fr-FR\",\"potentialAction\":[{\"@type\":\"ReadAction\",\"target\":[\"https:\/\/blondeau.be\/fr\/produit\/maxon-radmax\/\"]}]},{\"@type\":\"ImageObject\",\"inLanguage\":\"fr-FR\",\"@id\":\"https:\/\/blondeau.be\/fr\/produit\/maxon-radmax\/#primaryimage\",\"url\":\"https:\/\/blondeau.be\/wp-content\/uploads\/2025\/02\/Radmax-3.jpg\",\"contentUrl\":\"https:\/\/blondeau.be\/wp-content\/uploads\/2025\/02\/Radmax-3.jpg\",\"width\":621,\"height\":398},{\"@type\":\"BreadcrumbList\",\"@id\":\"https:\/\/blondeau.be\/fr\/produit\/maxon-radmax\/#breadcrumb\",\"itemListElement\":[{\"@type\":\"ListItem\",\"position\":1,\"name\":\"Home\",\"item\":\"https:\/\/blondeau.be\/fr\/accueil\/\"},{\"@type\":\"ListItem\",\"position\":2,\"name\":\"Catalogue des produits\",\"item\":\"https:\/\/blondeau.be\/fr\/catalogue-des-produits\/\"},{\"@type\":\"ListItem\",\"position\":3,\"name\":\"Maxon RadMax\"}]},{\"@type\":\"WebSite\",\"@id\":\"https:\/\/blondeau.be\/fr\/#website\",\"url\":\"https:\/\/blondeau.be\/fr\/\",\"name\":\"Blondeau\",\"description\":\"Industrial Heating\",\"publisher\":{\"@id\":\"https:\/\/blondeau.be\/fr\/#organization\"},\"potentialAction\":[{\"@type\":\"SearchAction\",\"target\":{\"@type\":\"EntryPoint\",\"urlTemplate\":\"https:\/\/blondeau.be\/fr\/?s={search_term_string}\"},\"query-input\":{\"@type\":\"PropertyValueSpecification\",\"valueRequired\":true,\"valueName\":\"search_term_string\"}}],\"inLanguage\":\"fr-FR\"},{\"@type\":\"Organization\",\"@id\":\"https:\/\/blondeau.be\/fr\/#organization\",\"name\":\"Blondeau\",\"url\":\"https:\/\/blondeau.be\/fr\/\",\"logo\":{\"@type\":\"ImageObject\",\"inLanguage\":\"fr-FR\",\"@id\":\"https:\/\/blondeau.be\/fr\/#\/schema\/logo\/image\/\",\"url\":\"https:\/\/blondeau.be\/wp-content\/uploads\/2025\/08\/Logo.jpg\",\"contentUrl\":\"https:\/\/blondeau.be\/wp-content\/uploads\/2025\/08\/Logo.jpg\",\"width\":600,\"height\":600,\"caption\":\"Blondeau\"},\"image\":{\"@id\":\"https:\/\/blondeau.be\/fr\/#\/schema\/logo\/image\/\"}}]}<\/script>\n<!-- \/ Yoast SEO plugin. -->","yoast_head_json":{"title":"Maxon RadMax - Blondeau","robots":{"index":"index","follow":"follow","max-snippet":"max-snippet:-1","max-image-preview":"max-image-preview:large","max-video-preview":"max-video-preview:-1"},"canonical":"https:\/\/blondeau.be\/fr\/produit\/maxon-radmax\/","og_locale":"fr_FR","og_type":"article","og_title":"Maxon RadMax - Blondeau","og_description":"Les br\u00fbleurs RadMax\u00ae Radiant Low NOx sont con\u00e7us pour fournir une chaleur rayonnante uniforme et \u00e0 haute intensit\u00e9, id\u00e9ale pour des applications telles que l\u2019\u00e9limination de l\u2019humidit\u00e9 dans les fours textiles et \u00e0 papier, les s\u00e9choirs \u00e0 peinture, les installations de rev\u00eatement en poudre, ainsi que divers autres proc\u00e9d\u00e9s thermiques industriels. Gr\u00e2ce \u00e0 des tuiles [&hellip;]","og_url":"https:\/\/blondeau.be\/fr\/produit\/maxon-radmax\/","og_site_name":"Blondeau","article_modified_time":"2025-06-27T08:39:49+00:00","og_image":[{"width":621,"height":398,"url":"https:\/\/blondeau.be\/wp-content\/uploads\/2025\/02\/Radmax-3.jpg","type":"image\/jpeg"}],"twitter_card":"summary_large_image","twitter_misc":{"Dur\u00e9e de lecture estim\u00e9e":"1 minute"},"schema":{"@context":"https:\/\/schema.org","@graph":[{"@type":"WebPage","@id":"https:\/\/blondeau.be\/fr\/produit\/maxon-radmax\/","url":"https:\/\/blondeau.be\/fr\/produit\/maxon-radmax\/","name":"Maxon RadMax - Blondeau","isPartOf":{"@id":"https:\/\/blondeau.be\/fr\/#website"},"primaryImageOfPage":{"@id":"https:\/\/blondeau.be\/fr\/produit\/maxon-radmax\/#primaryimage"},"image":{"@id":"https:\/\/blondeau.be\/fr\/produit\/maxon-radmax\/#primaryimage"},"thumbnailUrl":"https:\/\/blondeau.be\/wp-content\/uploads\/2025\/02\/Radmax-3.jpg","datePublished":"2025-02-14T19:22:59+00:00","dateModified":"2025-06-27T08:39:49+00:00","breadcrumb":{"@id":"https:\/\/blondeau.be\/fr\/produit\/maxon-radmax\/#breadcrumb"},"inLanguage":"fr-FR","potentialAction":[{"@type":"ReadAction","target":["https:\/\/blondeau.be\/fr\/produit\/maxon-radmax\/"]}]},{"@type":"ImageObject","inLanguage":"fr-FR","@id":"https:\/\/blondeau.be\/fr\/produit\/maxon-radmax\/#primaryimage","url":"https:\/\/blondeau.be\/wp-content\/uploads\/2025\/02\/Radmax-3.jpg","contentUrl":"https:\/\/blondeau.be\/wp-content\/uploads\/2025\/02\/Radmax-3.jpg","width":621,"height":398},{"@type":"BreadcrumbList","@id":"https:\/\/blondeau.be\/fr\/produit\/maxon-radmax\/#breadcrumb","itemListElement":[{"@type":"ListItem","position":1,"name":"Home","item":"https:\/\/blondeau.be\/fr\/accueil\/"},{"@type":"ListItem","position":2,"name":"Catalogue des produits","item":"https:\/\/blondeau.be\/fr\/catalogue-des-produits\/"},{"@type":"ListItem","position":3,"name":"Maxon RadMax"}]},{"@type":"WebSite","@id":"https:\/\/blondeau.be\/fr\/#website","url":"https:\/\/blondeau.be\/fr\/","name":"Blondeau","description":"Industrial Heating","publisher":{"@id":"https:\/\/blondeau.be\/fr\/#organization"},"potentialAction":[{"@type":"SearchAction","target":{"@type":"EntryPoint","urlTemplate":"https:\/\/blondeau.be\/fr\/?s={search_term_string}"},"query-input":{"@type":"PropertyValueSpecification","valueRequired":true,"valueName":"search_term_string"}}],"inLanguage":"fr-FR"},{"@type":"Organization","@id":"https:\/\/blondeau.be\/fr\/#organization","name":"Blondeau","url":"https:\/\/blondeau.be\/fr\/","logo":{"@type":"ImageObject","inLanguage":"fr-FR","@id":"https:\/\/blondeau.be\/fr\/#\/schema\/logo\/image\/","url":"https:\/\/blondeau.be\/wp-content\/uploads\/2025\/08\/Logo.jpg","contentUrl":"https:\/\/blondeau.be\/wp-content\/uploads\/2025\/08\/Logo.jpg","width":600,"height":600,"caption":"Blondeau"},"image":{"@id":"https:\/\/blondeau.be\/fr\/#\/schema\/logo\/image\/"}}]}},"_links":{"self":[{"href":"https:\/\/blondeau.be\/fr\/wp-json\/wp\/v2\/product\/28236","targetHints":{"allow":["GET"]}}],"collection":[{"href":"https:\/\/blondeau.be\/fr\/wp-json\/wp\/v2\/product"}],"about":[{"href":"https:\/\/blondeau.be\/fr\/wp-json\/wp\/v2\/types\/product"}],"wp:featuredmedia":[{"embeddable":true,"href":"https:\/\/blondeau.be\/fr\/wp-json\/wp\/v2\/media\/28238"}],"wp:attachment":[{"href":"https:\/\/blondeau.be\/fr\/wp-json\/wp\/v2\/media?parent=28236"}],"wp:term":[{"taxonomy":"product_brand","embeddable":true,"href":"https:\/\/blondeau.be\/fr\/wp-json\/wp\/v2\/product_brand?post=28236"},{"taxonomy":"product_cat","embeddable":true,"href":"https:\/\/blondeau.be\/fr\/wp-json\/wp\/v2\/product_cat?post=28236"},{"taxonomy":"product_tag","embeddable":true,"href":"https:\/\/blondeau.be\/fr\/wp-json\/wp\/v2\/product_tag?post=28236"}],"curies":[{"name":"wp","href":"https:\/\/api.w.org\/{rel}","templated":true}]}}