{"id":28212,"date":"2025-03-11T18:42:46","date_gmt":"2025-03-11T16:42:46","guid":{"rendered":"https:\/\/blondeau.be\/product\/honeywell-modutrol-serie-71-72-76\/"},"modified":"2025-09-04T14:27:47","modified_gmt":"2025-09-04T12:27:47","slug":"honeywell-modutrol-serie-71-72-76","status":"publish","type":"product","link":"https:\/\/blondeau.be\/fr\/produit\/honeywell-modutrol-serie-71-72-76\/","title":{"rendered":"Honeywell Modutrol S\u00e9rie 71 &#8211; 72 &#8211; 76"},"content":{"rendered":"<p>Les <strong>moteurs Modutrol des s\u00e9ries 71, 72 et 76<\/strong> de Honeywell sont des moteurs de commande \u00e0 retour par ressort ou sans retour par ressort utilis\u00e9s pour commander des clapets et des vannes. Les moteurs acceptent un signal de courant ou de tension provenant d&rsquo;un contr\u00f4leur \u00e9lectronique pour positionner un clapet ou une vanne. <\/p>\n<p><b>Caract\u00e9ristiques et avantages :<\/b><br \/>\n&nbsp;<\/p>\n<ul>\n<li>Course r\u00e9glable (90\u00b0 \u00e0 160\u00b0)<\/li>\n<li>Interrupteurs auxiliaires int\u00e9gr\u00e9s (mont\u00e9s en usine ou ajout\u00e9s en suppl\u00e9ment)<\/li>\n<li>La bo\u00eete de jonction int\u00e9gr\u00e9e offre une protection contre les intemp\u00e9ries NEMA 3<\/li>\n<li>Un ressort de rappel int\u00e9gr\u00e9 assure le retour du moteur en position normale en cas de coupure de courant.<\/li>\n<li>Standard avec bornes de serrage rapide (bornes \u00e0 vis disponibles en option)<\/li>\n<li>Le moteur et le circuit fonctionnent sur 24V AC\n<ul>\n<li>Mod\u00e8les disponibles avec transformateur install\u00e9 en usine ou transformateur interne ajout\u00e9 sur site<\/li>\n<\/ul>\n<\/li>\n<li>Un support d&rsquo;adaptation est disponible en option pour compenser la hauteur de l&rsquo;axe des moteurs plus anciens.<\/li>\n<\/ul>\n<p><strong>Documentation :<\/strong><\/p>\n","protected":false},"excerpt":{"rendered":"<p>Les moteurs Modutrol des s\u00e9ries 71, 72 et 76 de Honeywell sont des moteurs de commande \u00e0 retour par ressort ou sans retour par ressort utilis\u00e9s pour commander des clapets et des vannes. Les moteurs acceptent un signal de courant ou de tension provenant d&rsquo;un contr\u00f4leur \u00e9lectronique pour positionner un clapet ou une vanne. Caract\u00e9ristiques [&hellip;]<\/p>\n","protected":false},"featured_media":28215,"template":"","meta":{"_acf_changed":false},"product_brand":[],"product_cat":[403],"product_tag":[404],"class_list":{"0":"post-28212","1":"product","2":"type-product","3":"status-publish","4":"has-post-thumbnail","6":"product_cat-servomoteurs","7":"product_tag-servomoteurs","9":"first","10":"instock","11":"taxable","12":"shipping-taxable","13":"product-type-simple"},"acf":[],"yoast_head":"<!-- This site is optimized with the Yoast SEO plugin v26.8 - https:\/\/yoast.com\/product\/yoast-seo-wordpress\/ -->\n<title>Honeywell Modutrol S\u00e9rie 71 - 72 - 76 - Blondeau<\/title>\n<meta name=\"robots\" content=\"index, follow, max-snippet:-1, max-image-preview:large, max-video-preview:-1\" \/>\n<link rel=\"canonical\" href=\"https:\/\/blondeau.be\/fr\/produit\/honeywell-modutrol-serie-71-72-76\/\" \/>\n<meta property=\"og:locale\" content=\"fr_FR\" \/>\n<meta property=\"og:type\" content=\"article\" \/>\n<meta property=\"og:title\" content=\"Honeywell Modutrol S\u00e9rie 71 - 72 - 76 - Blondeau\" \/>\n<meta property=\"og:description\" content=\"Les moteurs Modutrol des s\u00e9ries 71, 72 et 76 de Honeywell sont des moteurs de commande \u00e0 retour par ressort ou sans retour par ressort utilis\u00e9s pour commander des clapets et des vannes. Les moteurs acceptent un signal de courant ou de tension provenant d&rsquo;un contr\u00f4leur \u00e9lectronique pour positionner un clapet ou une vanne. Caract\u00e9ristiques [&hellip;]\" \/>\n<meta property=\"og:url\" content=\"https:\/\/blondeau.be\/fr\/produit\/honeywell-modutrol-serie-71-72-76\/\" \/>\n<meta property=\"og:site_name\" content=\"Blondeau\" \/>\n<meta property=\"article:modified_time\" content=\"2025-09-04T12:27:47+00:00\" \/>\n<meta property=\"og:image\" content=\"https:\/\/blondeau.be\/wp-content\/uploads\/2025\/03\/Modutrol-Serie-71-72-1.jpg\" \/>\n\t<meta property=\"og:image:width\" content=\"562\" \/>\n\t<meta property=\"og:image:height\" content=\"548\" \/>\n\t<meta property=\"og:image:type\" content=\"image\/jpeg\" \/>\n<meta name=\"twitter:card\" content=\"summary_large_image\" \/>\n<meta name=\"twitter:label1\" content=\"Dur\u00e9e de lecture estim\u00e9e\" \/>\n\t<meta name=\"twitter:data1\" content=\"1 minute\" \/>\n<script type=\"application\/ld+json\" class=\"yoast-schema-graph\">{\"@context\":\"https:\/\/schema.org\",\"@graph\":[{\"@type\":\"WebPage\",\"@id\":\"https:\/\/blondeau.be\/fr\/produit\/honeywell-modutrol-serie-71-72-76\/\",\"url\":\"https:\/\/blondeau.be\/fr\/produit\/honeywell-modutrol-serie-71-72-76\/\",\"name\":\"Honeywell Modutrol S\u00e9rie 71 - 72 - 76 - Blondeau\",\"isPartOf\":{\"@id\":\"https:\/\/blondeau.be\/fr\/#website\"},\"primaryImageOfPage\":{\"@id\":\"https:\/\/blondeau.be\/fr\/produit\/honeywell-modutrol-serie-71-72-76\/#primaryimage\"},\"image\":{\"@id\":\"https:\/\/blondeau.be\/fr\/produit\/honeywell-modutrol-serie-71-72-76\/#primaryimage\"},\"thumbnailUrl\":\"https:\/\/blondeau.be\/wp-content\/uploads\/2025\/03\/Modutrol-Serie-71-72-1.jpg\",\"datePublished\":\"2025-03-11T16:42:46+00:00\",\"dateModified\":\"2025-09-04T12:27:47+00:00\",\"breadcrumb\":{\"@id\":\"https:\/\/blondeau.be\/fr\/produit\/honeywell-modutrol-serie-71-72-76\/#breadcrumb\"},\"inLanguage\":\"fr-FR\",\"potentialAction\":[{\"@type\":\"ReadAction\",\"target\":[\"https:\/\/blondeau.be\/fr\/produit\/honeywell-modutrol-serie-71-72-76\/\"]}]},{\"@type\":\"ImageObject\",\"inLanguage\":\"fr-FR\",\"@id\":\"https:\/\/blondeau.be\/fr\/produit\/honeywell-modutrol-serie-71-72-76\/#primaryimage\",\"url\":\"https:\/\/blondeau.be\/wp-content\/uploads\/2025\/03\/Modutrol-Serie-71-72-1.jpg\",\"contentUrl\":\"https:\/\/blondeau.be\/wp-content\/uploads\/2025\/03\/Modutrol-Serie-71-72-1.jpg\",\"width\":562,\"height\":548},{\"@type\":\"BreadcrumbList\",\"@id\":\"https:\/\/blondeau.be\/fr\/produit\/honeywell-modutrol-serie-71-72-76\/#breadcrumb\",\"itemListElement\":[{\"@type\":\"ListItem\",\"position\":1,\"name\":\"Home\",\"item\":\"https:\/\/blondeau.be\/fr\/accueil\/\"},{\"@type\":\"ListItem\",\"position\":2,\"name\":\"Catalogue des produits\",\"item\":\"https:\/\/blondeau.be\/fr\/catalogue-des-produits\/\"},{\"@type\":\"ListItem\",\"position\":3,\"name\":\"Honeywell Modutrol S\u00e9rie 71 &#8211; 72 &#8211; 76\"}]},{\"@type\":\"WebSite\",\"@id\":\"https:\/\/blondeau.be\/fr\/#website\",\"url\":\"https:\/\/blondeau.be\/fr\/\",\"name\":\"Blondeau\",\"description\":\"Industrial Heating\",\"publisher\":{\"@id\":\"https:\/\/blondeau.be\/fr\/#organization\"},\"potentialAction\":[{\"@type\":\"SearchAction\",\"target\":{\"@type\":\"EntryPoint\",\"urlTemplate\":\"https:\/\/blondeau.be\/fr\/?s={search_term_string}\"},\"query-input\":{\"@type\":\"PropertyValueSpecification\",\"valueRequired\":true,\"valueName\":\"search_term_string\"}}],\"inLanguage\":\"fr-FR\"},{\"@type\":\"Organization\",\"@id\":\"https:\/\/blondeau.be\/fr\/#organization\",\"name\":\"Blondeau\",\"url\":\"https:\/\/blondeau.be\/fr\/\",\"logo\":{\"@type\":\"ImageObject\",\"inLanguage\":\"fr-FR\",\"@id\":\"https:\/\/blondeau.be\/fr\/#\/schema\/logo\/image\/\",\"url\":\"https:\/\/blondeau.be\/wp-content\/uploads\/2025\/08\/Logo.jpg\",\"contentUrl\":\"https:\/\/blondeau.be\/wp-content\/uploads\/2025\/08\/Logo.jpg\",\"width\":600,\"height\":600,\"caption\":\"Blondeau\"},\"image\":{\"@id\":\"https:\/\/blondeau.be\/fr\/#\/schema\/logo\/image\/\"}}]}<\/script>\n<!-- \/ Yoast SEO plugin. -->","yoast_head_json":{"title":"Honeywell Modutrol S\u00e9rie 71 - 72 - 76 - Blondeau","robots":{"index":"index","follow":"follow","max-snippet":"max-snippet:-1","max-image-preview":"max-image-preview:large","max-video-preview":"max-video-preview:-1"},"canonical":"https:\/\/blondeau.be\/fr\/produit\/honeywell-modutrol-serie-71-72-76\/","og_locale":"fr_FR","og_type":"article","og_title":"Honeywell Modutrol S\u00e9rie 71 - 72 - 76 - Blondeau","og_description":"Les moteurs Modutrol des s\u00e9ries 71, 72 et 76 de Honeywell sont des moteurs de commande \u00e0 retour par ressort ou sans retour par ressort utilis\u00e9s pour commander des clapets et des vannes. Les moteurs acceptent un signal de courant ou de tension provenant d&rsquo;un contr\u00f4leur \u00e9lectronique pour positionner un clapet ou une vanne. Caract\u00e9ristiques [&hellip;]","og_url":"https:\/\/blondeau.be\/fr\/produit\/honeywell-modutrol-serie-71-72-76\/","og_site_name":"Blondeau","article_modified_time":"2025-09-04T12:27:47+00:00","og_image":[{"width":562,"height":548,"url":"https:\/\/blondeau.be\/wp-content\/uploads\/2025\/03\/Modutrol-Serie-71-72-1.jpg","type":"image\/jpeg"}],"twitter_card":"summary_large_image","twitter_misc":{"Dur\u00e9e de lecture estim\u00e9e":"1 minute"},"schema":{"@context":"https:\/\/schema.org","@graph":[{"@type":"WebPage","@id":"https:\/\/blondeau.be\/fr\/produit\/honeywell-modutrol-serie-71-72-76\/","url":"https:\/\/blondeau.be\/fr\/produit\/honeywell-modutrol-serie-71-72-76\/","name":"Honeywell Modutrol S\u00e9rie 71 - 72 - 76 - Blondeau","isPartOf":{"@id":"https:\/\/blondeau.be\/fr\/#website"},"primaryImageOfPage":{"@id":"https:\/\/blondeau.be\/fr\/produit\/honeywell-modutrol-serie-71-72-76\/#primaryimage"},"image":{"@id":"https:\/\/blondeau.be\/fr\/produit\/honeywell-modutrol-serie-71-72-76\/#primaryimage"},"thumbnailUrl":"https:\/\/blondeau.be\/wp-content\/uploads\/2025\/03\/Modutrol-Serie-71-72-1.jpg","datePublished":"2025-03-11T16:42:46+00:00","dateModified":"2025-09-04T12:27:47+00:00","breadcrumb":{"@id":"https:\/\/blondeau.be\/fr\/produit\/honeywell-modutrol-serie-71-72-76\/#breadcrumb"},"inLanguage":"fr-FR","potentialAction":[{"@type":"ReadAction","target":["https:\/\/blondeau.be\/fr\/produit\/honeywell-modutrol-serie-71-72-76\/"]}]},{"@type":"ImageObject","inLanguage":"fr-FR","@id":"https:\/\/blondeau.be\/fr\/produit\/honeywell-modutrol-serie-71-72-76\/#primaryimage","url":"https:\/\/blondeau.be\/wp-content\/uploads\/2025\/03\/Modutrol-Serie-71-72-1.jpg","contentUrl":"https:\/\/blondeau.be\/wp-content\/uploads\/2025\/03\/Modutrol-Serie-71-72-1.jpg","width":562,"height":548},{"@type":"BreadcrumbList","@id":"https:\/\/blondeau.be\/fr\/produit\/honeywell-modutrol-serie-71-72-76\/#breadcrumb","itemListElement":[{"@type":"ListItem","position":1,"name":"Home","item":"https:\/\/blondeau.be\/fr\/accueil\/"},{"@type":"ListItem","position":2,"name":"Catalogue des produits","item":"https:\/\/blondeau.be\/fr\/catalogue-des-produits\/"},{"@type":"ListItem","position":3,"name":"Honeywell Modutrol S\u00e9rie 71 &#8211; 72 &#8211; 76"}]},{"@type":"WebSite","@id":"https:\/\/blondeau.be\/fr\/#website","url":"https:\/\/blondeau.be\/fr\/","name":"Blondeau","description":"Industrial Heating","publisher":{"@id":"https:\/\/blondeau.be\/fr\/#organization"},"potentialAction":[{"@type":"SearchAction","target":{"@type":"EntryPoint","urlTemplate":"https:\/\/blondeau.be\/fr\/?s={search_term_string}"},"query-input":{"@type":"PropertyValueSpecification","valueRequired":true,"valueName":"search_term_string"}}],"inLanguage":"fr-FR"},{"@type":"Organization","@id":"https:\/\/blondeau.be\/fr\/#organization","name":"Blondeau","url":"https:\/\/blondeau.be\/fr\/","logo":{"@type":"ImageObject","inLanguage":"fr-FR","@id":"https:\/\/blondeau.be\/fr\/#\/schema\/logo\/image\/","url":"https:\/\/blondeau.be\/wp-content\/uploads\/2025\/08\/Logo.jpg","contentUrl":"https:\/\/blondeau.be\/wp-content\/uploads\/2025\/08\/Logo.jpg","width":600,"height":600,"caption":"Blondeau"},"image":{"@id":"https:\/\/blondeau.be\/fr\/#\/schema\/logo\/image\/"}}]}},"_links":{"self":[{"href":"https:\/\/blondeau.be\/fr\/wp-json\/wp\/v2\/product\/28212","targetHints":{"allow":["GET"]}}],"collection":[{"href":"https:\/\/blondeau.be\/fr\/wp-json\/wp\/v2\/product"}],"about":[{"href":"https:\/\/blondeau.be\/fr\/wp-json\/wp\/v2\/types\/product"}],"wp:featuredmedia":[{"embeddable":true,"href":"https:\/\/blondeau.be\/fr\/wp-json\/wp\/v2\/media\/28215"}],"wp:attachment":[{"href":"https:\/\/blondeau.be\/fr\/wp-json\/wp\/v2\/media?parent=28212"}],"wp:term":[{"taxonomy":"product_brand","embeddable":true,"href":"https:\/\/blondeau.be\/fr\/wp-json\/wp\/v2\/product_brand?post=28212"},{"taxonomy":"product_cat","embeddable":true,"href":"https:\/\/blondeau.be\/fr\/wp-json\/wp\/v2\/product_cat?post=28212"},{"taxonomy":"product_tag","embeddable":true,"href":"https:\/\/blondeau.be\/fr\/wp-json\/wp\/v2\/product_tag?post=28212"}],"curies":[{"name":"wp","href":"https:\/\/api.w.org\/{rel}","templated":true}]}}