{"id":28211,"date":"2025-03-17T18:17:01","date_gmt":"2025-03-17T16:17:01","guid":{"rendered":"https:\/\/blondeau.be\/product\/fema-ddcm\/"},"modified":"2025-08-29T15:00:33","modified_gmt":"2025-08-29T13:00:33","slug":"fema-ddcm","status":"publish","type":"product","link":"https:\/\/blondeau.be\/fr\/produit\/fema-ddcm\/","title":{"rendered":"FEMA DDCM"},"content":{"rendered":"<p>Les pressostats diff\u00e9rentiels <strong>FEMA DDCM<\/strong> sont con\u00e7us pour la surveillance et le contr\u00f4le des pressions diff\u00e9rentielles, le suivi des d\u00e9bits ainsi que le contr\u00f4le continu des syst\u00e8mes de filtration. Le syst\u00e8me \u00e0 double chambre permet de mesurer avec pr\u00e9cision l\u2019\u00e9cart entre deux pressions appliqu\u00e9es. La pression de commutation est r\u00e9glable en continu dans les plages sp\u00e9cifi\u00e9es (voir fiche technique). Ces pressostats peuvent \u00e9galement \u00eatre utilis\u00e9s dans le domaine du vide (vacuum). \u00c0 noter que le diff\u00e9rentiel de commutation est fixe et ne peut pas \u00eatre modifi\u00e9. Chaque appareil est dot\u00e9 d\u2019un bo\u00eetier robuste en aluminium moul\u00e9 sous pression, r\u00e9sistant \u00e0 l\u2019eau de mer. La s\u00e9rie DDCM est calibr\u00e9e pour les pressions descendantes : la valeur de pression r\u00e9gl\u00e9e sur l\u2019\u00e9chelle correspond ainsi au point de commutation lors de la baisse de pression.       <\/p>\n<p><strong>Caract\u00e9ristiques et avantages :<\/strong><\/p>\n<ul>\n \t<\/p>\n<li>Pressostat diff\u00e9rentiel calibr\u00e9 pour la pression descendante<\/li>\n<li>Large gamme de contr\u00f4le<\/li>\n<li>Filetage int\u00e9rieur G1\/4&Prime;<\/li>\n<li>SIL2 test\u00e9 selon IEC 61508-2<\/li>\n<\/ul>\n<p><strong>Documentation :<\/strong><\/p>\n<p>&nbsp;<\/p>\n","protected":false},"excerpt":{"rendered":"<p>Les pressostats diff\u00e9rentiels FEMA DDCM sont con\u00e7us pour la surveillance et le contr\u00f4le des pressions diff\u00e9rentielles, le suivi des d\u00e9bits ainsi que le contr\u00f4le continu des syst\u00e8mes de filtration. Le syst\u00e8me \u00e0 double chambre permet de mesurer avec pr\u00e9cision l\u2019\u00e9cart entre deux pressions appliqu\u00e9es. La pression de commutation est r\u00e9glable en continu dans les plages [&hellip;]<\/p>\n","protected":false},"featured_media":28213,"template":"","meta":{"_acf_changed":false},"product_brand":[],"product_cat":[381],"product_tag":[352],"class_list":{"0":"post-28211","1":"product","2":"type-product","3":"status-publish","4":"has-post-thumbnail","6":"product_cat-pressostats-fr","7":"product_tag-pressostats","9":"first","10":"instock","11":"taxable","12":"shipping-taxable","13":"product-type-simple"},"acf":[],"yoast_head":"<!-- This site is optimized with the Yoast SEO plugin v26.8 - https:\/\/yoast.com\/product\/yoast-seo-wordpress\/ -->\n<title>FEMA DDCM - Blondeau<\/title>\n<meta name=\"robots\" content=\"index, follow, max-snippet:-1, max-image-preview:large, max-video-preview:-1\" \/>\n<link rel=\"canonical\" href=\"https:\/\/blondeau.be\/fr\/produit\/fema-ddcm\/\" \/>\n<meta property=\"og:locale\" content=\"fr_FR\" \/>\n<meta property=\"og:type\" content=\"article\" \/>\n<meta property=\"og:title\" content=\"FEMA DDCM - Blondeau\" \/>\n<meta property=\"og:description\" content=\"Les pressostats diff\u00e9rentiels FEMA DDCM sont con\u00e7us pour la surveillance et le contr\u00f4le des pressions diff\u00e9rentielles, le suivi des d\u00e9bits ainsi que le contr\u00f4le continu des syst\u00e8mes de filtration. Le syst\u00e8me \u00e0 double chambre permet de mesurer avec pr\u00e9cision l\u2019\u00e9cart entre deux pressions appliqu\u00e9es. La pression de commutation est r\u00e9glable en continu dans les plages [&hellip;]\" \/>\n<meta property=\"og:url\" content=\"https:\/\/blondeau.be\/fr\/produit\/fema-ddcm\/\" \/>\n<meta property=\"og:site_name\" content=\"Blondeau\" \/>\n<meta property=\"article:modified_time\" content=\"2025-08-29T13:00:33+00:00\" \/>\n<meta property=\"og:image\" content=\"https:\/\/blondeau.be\/wp-content\/uploads\/2025\/03\/Fema-DDCM.jpg\" \/>\n\t<meta property=\"og:image:width\" content=\"388\" \/>\n\t<meta property=\"og:image:height\" content=\"356\" \/>\n\t<meta property=\"og:image:type\" content=\"image\/jpeg\" \/>\n<meta name=\"twitter:card\" content=\"summary_large_image\" \/>\n<meta name=\"twitter:label1\" content=\"Dur\u00e9e de lecture estim\u00e9e\" \/>\n\t<meta name=\"twitter:data1\" content=\"1 minute\" \/>\n<script type=\"application\/ld+json\" class=\"yoast-schema-graph\">{\"@context\":\"https:\/\/schema.org\",\"@graph\":[{\"@type\":\"WebPage\",\"@id\":\"https:\/\/blondeau.be\/fr\/produit\/fema-ddcm\/\",\"url\":\"https:\/\/blondeau.be\/fr\/produit\/fema-ddcm\/\",\"name\":\"FEMA DDCM - Blondeau\",\"isPartOf\":{\"@id\":\"https:\/\/blondeau.be\/fr\/#website\"},\"primaryImageOfPage\":{\"@id\":\"https:\/\/blondeau.be\/fr\/produit\/fema-ddcm\/#primaryimage\"},\"image\":{\"@id\":\"https:\/\/blondeau.be\/fr\/produit\/fema-ddcm\/#primaryimage\"},\"thumbnailUrl\":\"https:\/\/blondeau.be\/wp-content\/uploads\/2025\/03\/Fema-DDCM.jpg\",\"datePublished\":\"2025-03-17T16:17:01+00:00\",\"dateModified\":\"2025-08-29T13:00:33+00:00\",\"breadcrumb\":{\"@id\":\"https:\/\/blondeau.be\/fr\/produit\/fema-ddcm\/#breadcrumb\"},\"inLanguage\":\"fr-FR\",\"potentialAction\":[{\"@type\":\"ReadAction\",\"target\":[\"https:\/\/blondeau.be\/fr\/produit\/fema-ddcm\/\"]}]},{\"@type\":\"ImageObject\",\"inLanguage\":\"fr-FR\",\"@id\":\"https:\/\/blondeau.be\/fr\/produit\/fema-ddcm\/#primaryimage\",\"url\":\"https:\/\/blondeau.be\/wp-content\/uploads\/2025\/03\/Fema-DDCM.jpg\",\"contentUrl\":\"https:\/\/blondeau.be\/wp-content\/uploads\/2025\/03\/Fema-DDCM.jpg\",\"width\":388,\"height\":356},{\"@type\":\"BreadcrumbList\",\"@id\":\"https:\/\/blondeau.be\/fr\/produit\/fema-ddcm\/#breadcrumb\",\"itemListElement\":[{\"@type\":\"ListItem\",\"position\":1,\"name\":\"Home\",\"item\":\"https:\/\/blondeau.be\/fr\/accueil\/\"},{\"@type\":\"ListItem\",\"position\":2,\"name\":\"Catalogue des produits\",\"item\":\"https:\/\/blondeau.be\/fr\/catalogue-des-produits\/\"},{\"@type\":\"ListItem\",\"position\":3,\"name\":\"FEMA DDCM\"}]},{\"@type\":\"WebSite\",\"@id\":\"https:\/\/blondeau.be\/fr\/#website\",\"url\":\"https:\/\/blondeau.be\/fr\/\",\"name\":\"Blondeau\",\"description\":\"Industrial Heating\",\"publisher\":{\"@id\":\"https:\/\/blondeau.be\/fr\/#organization\"},\"potentialAction\":[{\"@type\":\"SearchAction\",\"target\":{\"@type\":\"EntryPoint\",\"urlTemplate\":\"https:\/\/blondeau.be\/fr\/?s={search_term_string}\"},\"query-input\":{\"@type\":\"PropertyValueSpecification\",\"valueRequired\":true,\"valueName\":\"search_term_string\"}}],\"inLanguage\":\"fr-FR\"},{\"@type\":\"Organization\",\"@id\":\"https:\/\/blondeau.be\/fr\/#organization\",\"name\":\"Blondeau\",\"url\":\"https:\/\/blondeau.be\/fr\/\",\"logo\":{\"@type\":\"ImageObject\",\"inLanguage\":\"fr-FR\",\"@id\":\"https:\/\/blondeau.be\/fr\/#\/schema\/logo\/image\/\",\"url\":\"https:\/\/blondeau.be\/wp-content\/uploads\/2025\/08\/Logo.jpg\",\"contentUrl\":\"https:\/\/blondeau.be\/wp-content\/uploads\/2025\/08\/Logo.jpg\",\"width\":600,\"height\":600,\"caption\":\"Blondeau\"},\"image\":{\"@id\":\"https:\/\/blondeau.be\/fr\/#\/schema\/logo\/image\/\"}}]}<\/script>\n<!-- \/ Yoast SEO plugin. -->","yoast_head_json":{"title":"FEMA DDCM - Blondeau","robots":{"index":"index","follow":"follow","max-snippet":"max-snippet:-1","max-image-preview":"max-image-preview:large","max-video-preview":"max-video-preview:-1"},"canonical":"https:\/\/blondeau.be\/fr\/produit\/fema-ddcm\/","og_locale":"fr_FR","og_type":"article","og_title":"FEMA DDCM - Blondeau","og_description":"Les pressostats diff\u00e9rentiels FEMA DDCM sont con\u00e7us pour la surveillance et le contr\u00f4le des pressions diff\u00e9rentielles, le suivi des d\u00e9bits ainsi que le contr\u00f4le continu des syst\u00e8mes de filtration. Le syst\u00e8me \u00e0 double chambre permet de mesurer avec pr\u00e9cision l\u2019\u00e9cart entre deux pressions appliqu\u00e9es. La pression de commutation est r\u00e9glable en continu dans les plages [&hellip;]","og_url":"https:\/\/blondeau.be\/fr\/produit\/fema-ddcm\/","og_site_name":"Blondeau","article_modified_time":"2025-08-29T13:00:33+00:00","og_image":[{"width":388,"height":356,"url":"https:\/\/blondeau.be\/wp-content\/uploads\/2025\/03\/Fema-DDCM.jpg","type":"image\/jpeg"}],"twitter_card":"summary_large_image","twitter_misc":{"Dur\u00e9e de lecture estim\u00e9e":"1 minute"},"schema":{"@context":"https:\/\/schema.org","@graph":[{"@type":"WebPage","@id":"https:\/\/blondeau.be\/fr\/produit\/fema-ddcm\/","url":"https:\/\/blondeau.be\/fr\/produit\/fema-ddcm\/","name":"FEMA DDCM - Blondeau","isPartOf":{"@id":"https:\/\/blondeau.be\/fr\/#website"},"primaryImageOfPage":{"@id":"https:\/\/blondeau.be\/fr\/produit\/fema-ddcm\/#primaryimage"},"image":{"@id":"https:\/\/blondeau.be\/fr\/produit\/fema-ddcm\/#primaryimage"},"thumbnailUrl":"https:\/\/blondeau.be\/wp-content\/uploads\/2025\/03\/Fema-DDCM.jpg","datePublished":"2025-03-17T16:17:01+00:00","dateModified":"2025-08-29T13:00:33+00:00","breadcrumb":{"@id":"https:\/\/blondeau.be\/fr\/produit\/fema-ddcm\/#breadcrumb"},"inLanguage":"fr-FR","potentialAction":[{"@type":"ReadAction","target":["https:\/\/blondeau.be\/fr\/produit\/fema-ddcm\/"]}]},{"@type":"ImageObject","inLanguage":"fr-FR","@id":"https:\/\/blondeau.be\/fr\/produit\/fema-ddcm\/#primaryimage","url":"https:\/\/blondeau.be\/wp-content\/uploads\/2025\/03\/Fema-DDCM.jpg","contentUrl":"https:\/\/blondeau.be\/wp-content\/uploads\/2025\/03\/Fema-DDCM.jpg","width":388,"height":356},{"@type":"BreadcrumbList","@id":"https:\/\/blondeau.be\/fr\/produit\/fema-ddcm\/#breadcrumb","itemListElement":[{"@type":"ListItem","position":1,"name":"Home","item":"https:\/\/blondeau.be\/fr\/accueil\/"},{"@type":"ListItem","position":2,"name":"Catalogue des produits","item":"https:\/\/blondeau.be\/fr\/catalogue-des-produits\/"},{"@type":"ListItem","position":3,"name":"FEMA DDCM"}]},{"@type":"WebSite","@id":"https:\/\/blondeau.be\/fr\/#website","url":"https:\/\/blondeau.be\/fr\/","name":"Blondeau","description":"Industrial Heating","publisher":{"@id":"https:\/\/blondeau.be\/fr\/#organization"},"potentialAction":[{"@type":"SearchAction","target":{"@type":"EntryPoint","urlTemplate":"https:\/\/blondeau.be\/fr\/?s={search_term_string}"},"query-input":{"@type":"PropertyValueSpecification","valueRequired":true,"valueName":"search_term_string"}}],"inLanguage":"fr-FR"},{"@type":"Organization","@id":"https:\/\/blondeau.be\/fr\/#organization","name":"Blondeau","url":"https:\/\/blondeau.be\/fr\/","logo":{"@type":"ImageObject","inLanguage":"fr-FR","@id":"https:\/\/blondeau.be\/fr\/#\/schema\/logo\/image\/","url":"https:\/\/blondeau.be\/wp-content\/uploads\/2025\/08\/Logo.jpg","contentUrl":"https:\/\/blondeau.be\/wp-content\/uploads\/2025\/08\/Logo.jpg","width":600,"height":600,"caption":"Blondeau"},"image":{"@id":"https:\/\/blondeau.be\/fr\/#\/schema\/logo\/image\/"}}]}},"_links":{"self":[{"href":"https:\/\/blondeau.be\/fr\/wp-json\/wp\/v2\/product\/28211","targetHints":{"allow":["GET"]}}],"collection":[{"href":"https:\/\/blondeau.be\/fr\/wp-json\/wp\/v2\/product"}],"about":[{"href":"https:\/\/blondeau.be\/fr\/wp-json\/wp\/v2\/types\/product"}],"wp:featuredmedia":[{"embeddable":true,"href":"https:\/\/blondeau.be\/fr\/wp-json\/wp\/v2\/media\/28213"}],"wp:attachment":[{"href":"https:\/\/blondeau.be\/fr\/wp-json\/wp\/v2\/media?parent=28211"}],"wp:term":[{"taxonomy":"product_brand","embeddable":true,"href":"https:\/\/blondeau.be\/fr\/wp-json\/wp\/v2\/product_brand?post=28211"},{"taxonomy":"product_cat","embeddable":true,"href":"https:\/\/blondeau.be\/fr\/wp-json\/wp\/v2\/product_cat?post=28211"},{"taxonomy":"product_tag","embeddable":true,"href":"https:\/\/blondeau.be\/fr\/wp-json\/wp\/v2\/product_tag?post=28211"}],"curies":[{"name":"wp","href":"https:\/\/api.w.org\/{rel}","templated":true}]}}